{"id":50631,"date":"2025-10-09T13:57:19","date_gmt":"2025-10-09T11:57:19","guid":{"rendered":"https:\/\/muchogusto.nl\/product\/mucho-gusto-sjaal-aosta-raso-blossom\/"},"modified":"2026-03-02T12:02:38","modified_gmt":"2026-03-02T11:02:38","slug":"mucho-gusto-schal-aosta-raso-blossom","status":"publish","type":"product","link":"https:\/\/muchogusto.nl\/de\/produkt\/mucho-gusto-schal-aosta-raso-blossom\/","title":{"rendered":"MUCHO GUSTO\u00ae Schal Aosta Raso Blossom"},"content":{"rendered":"<h3 data-start=\"253\" data-end=\"278\">DETAILS ZUM PRODUKT<\/h3>\n<p data-start=\"280\" data-end=\"321\"><strong data-start=\"280\" data-end=\"321\">MUCHO GUSTO\u00ae Schal Aosta Raso Blossom<\/strong><\/p>\n<p data-start=\"323\" data-end=\"514\">Erleben Sie zeitlose Eleganz mit dem MUCHO GUSTO\u00ae Schal Aosta Raso Blossom \u2013 ein luxuri\u00f6ses Accessoire, das k\u00fcnstlerische Details mit lebendigen Farben und femininer Ausstrahlung verbindet.<\/p>\n<p data-start=\"516\" data-end=\"833\">Dieser wundersch\u00f6ne, dreieckige Schal zeigt eine besondere Mischung aus floralen und orientalisch inspirierten Mustern in kr\u00e4ftigen T\u00f6nen von Rot, Rosa, Gold und Schwarz. Au\u00dferdem besteht er aus 100% reiner Seide. Dadurch f\u00fchlt sich der Stoff weich an, f\u00e4llt flie\u00dfend und verleiht jedem Outfit einen eleganten Look.<\/p>\n<p data-start=\"835\" data-end=\"1061\">Dank seiner gro\u00dfz\u00fcgigen Gr\u00f6\u00dfe l\u00e4sst sich der Aosta Raso Blossom Schal auf viele Arten tragen. So k\u00f6nnen Sie ihn locker \u00fcber die Schultern legen, stilvoll um den Hals binden oder als modisches Accessoire an der Tasche tragen.<\/p>\n<p data-start=\"1063\" data-end=\"1252\">Der Aosta Raso Blossom Schal ist leicht, farbenfroh und elegant. Damit verk\u00f6rpert er perfekt den modernen und selbstbewussten Stil von MUCHO GUSTO\u00ae \u2013 feminin, stilvoll und m\u00fchelos schick.<\/p>\n<p data-start=\"1254\" data-end=\"1443\"><strong data-start=\"1254\" data-end=\"1270\">Dutch Design<\/strong><br data-start=\"1270\" data-end=\"1273\" \/><strong data-start=\"1273\" data-end=\"1286\">Material:<\/strong> 100% Seide<br data-start=\"1297\" data-end=\"1300\" \/><strong data-start=\"1300\" data-end=\"1309\">Ma\u00dfe:<\/strong> 220 x 140 x 140 cm<br data-start=\"1328\" data-end=\"1331\" \/><strong data-start=\"1331\" data-end=\"1340\">Form:<\/strong> Dreieckig<br data-start=\"1350\" data-end=\"1353\" \/><strong data-start=\"1353\" data-end=\"1364\">Design:<\/strong> Florales und orientalisch inspiriertes Muster in Rot, Rosa, Gold und Schwarz<\/p>\n<h3 data-start=\"1445\" data-end=\"1467\">PASSENDE ARTIKEL<\/h3>\n<p data-start=\"1469\" data-end=\"1761\">Kombinieren Sie Ihr Outfit mit einem unserer passenden <a class=\"decorated-link\" href=\"https:\/\/muchogusto.nl\/clothing\/\" target=\"_new\" rel=\"noopener\" data-start=\"1524\" data-end=\"1569\">Bekleidung<\/a>.<br data-start=\"1570\" data-end=\"1573\" \/>M\u00f6chten Sie weitere <a class=\"decorated-link\" href=\"https:\/\/muchogusto.nl\/de\/schals\/\" target=\"_new\" rel=\"noopener\" data-start=\"1593\" data-end=\"1631\">Schals<\/a> entdecken?<br data-start=\"1642\" data-end=\"1645\" \/>Oder suchen Sie nach mehr Inspiration? Besuchen Sie uns auf <a class=\"decorated-link\" href=\"https:\/\/www.instagram.com\/muchogusto.nl\/\" target=\"_new\" rel=\"noopener\" data-start=\"1705\" data-end=\"1758\">Instagram<\/a>.<\/p>\n<h3 data-start=\"1763\" data-end=\"1788\">BRAUCHEN SIE HILFE?<\/h3>\n<p data-start=\"1790\" data-end=\"1950\">Wenn Sie Fragen zu diesem Artikel oder zur Gr\u00f6\u00dfe haben, wenden Sie sich bitte an unser Customer Care Team unter <a class=\"decorated-link cursor-pointer\" rel=\"noopener\" data-start=\"1902\" data-end=\"1947\">web@muchogusto.nl<\/a>.<\/p>\n","protected":false},"excerpt":{"rendered":"<p>DETAILS ZUM PRODUKT MUCHO GUSTO\u00ae Schal Aosta Raso Blossom Erleben Sie zeitlose Eleganz mit dem MUCHO GUSTO\u00ae Schal Aosta Raso Blossom \u2013 ein luxuri\u00f6ses Accessoire, das k\u00fcnstlerische Details mit lebendigen Farben und femininer Ausstrahlung verbindet. Dieser wundersch\u00f6ne, dreieckige Schal zeigt eine besondere Mischung aus floralen und orientalisch inspirierten Mustern in kr\u00e4ftigen T\u00f6nen von Rot, Rosa, [&hellip;]<\/p>\n","protected":false},"featured_media":50616,"comment_status":"open","ping_status":"closed","template":"","meta":{"_acf_changed":false,"inline_featured_image":false,"navigation_state":false,"_genesis_hide_title":false,"_genesis_hide_breadcrumbs":false,"_genesis_hide_singular_image":false,"_genesis_hide_footer_widgets":false,"_genesis_custom_body_class":"","_genesis_custom_post_class":"","_genesis_layout":""},"product_brand":[],"product_cat":[87],"product_tag":[],"class_list":{"0":"post-50631","1":"product","2":"type-product","3":"status-publish","4":"has-post-thumbnail","6":"product_cat-schals","7":"entry","9":"first","10":"instock","11":"sale","12":"taxable","13":"shipping-taxable","14":"purchasable","15":"product-type-simple"},"acf":[],"yoast_head":"<!-- This site is optimized with the Yoast SEO Premium plugin v27.2 (Yoast SEO v27.2) - https:\/\/yoast.com\/product\/yoast-seo-premium-wordpress\/ -->\n<title>MUCHO GUSTO\u00ae Schal Aosta Raso Blossom - Mucho Gusto<\/title>\n<meta name=\"description\" content=\"Entdecken Sie den MUCHO GUSTO\u00ae Schal Aosta Raso Blossom \u2013 ein luxuri\u00f6ser, dreieckiger Seidenschal mit floralem und orientalischem Muster. Dutch Design.\" \/>\n<meta name=\"robots\" content=\"index, follow, max-snippet:-1, max-image-preview:large, max-video-preview:-1\" \/>\n<link rel=\"canonical\" href=\"https:\/\/muchogusto.nl\/de\/produkt\/mucho-gusto-schal-aosta-raso-blossom\/\" \/>\n<meta property=\"og:locale\" content=\"de_DE\" \/>\n<meta property=\"og:type\" content=\"article\" \/>\n<meta property=\"og:title\" content=\"MUCHO GUSTO\u00ae Schal Aosta Raso Blossom\" \/>\n<meta property=\"og:description\" content=\"Entdecken Sie den MUCHO GUSTO\u00ae Schal Aosta Raso Blossom \u2013 ein luxuri\u00f6ser, dreieckiger Seidenschal mit floralem und orientalischem Muster. Dutch Design.\" \/>\n<meta property=\"og:url\" content=\"https:\/\/muchogusto.nl\/de\/produkt\/mucho-gusto-schal-aosta-raso-blossom\/\" \/>\n<meta property=\"og:site_name\" content=\"Mucho Gusto\" \/>\n<meta property=\"article:publisher\" content=\"https:\/\/www.facebook.com\/muchogusto.nl\/\" \/>\n<meta property=\"article:modified_time\" content=\"2026-03-02T11:02:38+00:00\" \/>\n<meta property=\"og:image\" content=\"http:\/\/muchogusto.nl\/wp-content\/uploads\/2025\/10\/MUCHO-GUSTO\u00ae-Scarf-Aosta-Raso-Blossom-scaled.jpg\" \/>\n\t<meta property=\"og:image:width\" content=\"1920\" \/>\n\t<meta property=\"og:image:height\" content=\"2560\" \/>\n\t<meta property=\"og:image:type\" content=\"image\/jpeg\" \/>\n<meta name=\"twitter:card\" content=\"summary_large_image\" \/>\n<meta name=\"twitter:label1\" content=\"Est. reading time\" \/>\n\t<meta name=\"twitter:data1\" content=\"2 minutes\" \/>\n<script type=\"application\/ld+json\" class=\"yoast-schema-graph\">{\"@context\":\"https:\/\/schema.org\",\"@graph\":[{\"@type\":\"WebPage\",\"@id\":\"https:\/\/muchogusto.nl\/de\/produkt\/mucho-gusto-schal-aosta-raso-blossom\/\",\"url\":\"https:\/\/muchogusto.nl\/de\/produkt\/mucho-gusto-schal-aosta-raso-blossom\/\",\"name\":\"MUCHO GUSTO\u00ae Schal Aosta Raso Blossom - Mucho Gusto\",\"isPartOf\":{\"@id\":\"https:\/\/muchogusto.nl\/#website\"},\"primaryImageOfPage\":{\"@id\":\"https:\/\/muchogusto.nl\/de\/produkt\/mucho-gusto-schal-aosta-raso-blossom\/#primaryimage\"},\"image\":{\"@id\":\"https:\/\/muchogusto.nl\/de\/produkt\/mucho-gusto-schal-aosta-raso-blossom\/#primaryimage\"},\"thumbnailUrl\":\"https:\/\/muchogusto.nl\/wp-content\/uploads\/2025\/10\/MUCHO-GUSTO\u00ae-Scarf-Aosta-Raso-Blossom-scaled.jpg\",\"datePublished\":\"2025-10-09T11:57:19+00:00\",\"dateModified\":\"2026-03-02T11:02:38+00:00\",\"description\":\"Entdecken Sie den MUCHO GUSTO\u00ae Schal Aosta Raso Blossom \u2013 ein luxuri\u00f6ser, dreieckiger Seidenschal mit floralem und orientalischem Muster. Dutch Design.\",\"breadcrumb\":{\"@id\":\"https:\/\/muchogusto.nl\/de\/produkt\/mucho-gusto-schal-aosta-raso-blossom\/#breadcrumb\"},\"inLanguage\":\"de-DE\",\"potentialAction\":[{\"@type\":\"ReadAction\",\"target\":[\"https:\/\/muchogusto.nl\/de\/produkt\/mucho-gusto-schal-aosta-raso-blossom\/\"]}]},{\"@type\":\"ImageObject\",\"inLanguage\":\"de-DE\",\"@id\":\"https:\/\/muchogusto.nl\/de\/produkt\/mucho-gusto-schal-aosta-raso-blossom\/#primaryimage\",\"url\":\"https:\/\/muchogusto.nl\/wp-content\/uploads\/2025\/10\/MUCHO-GUSTO\u00ae-Scarf-Aosta-Raso-Blossom-scaled.jpg\",\"contentUrl\":\"https:\/\/muchogusto.nl\/wp-content\/uploads\/2025\/10\/MUCHO-GUSTO\u00ae-Scarf-Aosta-Raso-Blossom-scaled.jpg\",\"width\":1920,\"height\":2560,\"caption\":\"MUCHO GUSTO\u00ae Scarf Aosta Raso Blossom\"},{\"@type\":\"BreadcrumbList\",\"@id\":\"https:\/\/muchogusto.nl\/de\/produkt\/mucho-gusto-schal-aosta-raso-blossom\/#breadcrumb\",\"itemListElement\":[{\"@type\":\"ListItem\",\"position\":1,\"name\":\"Home\",\"item\":\"https:\/\/muchogusto.nl\/de\/\"},{\"@type\":\"ListItem\",\"position\":2,\"name\":\"Shop\",\"item\":\"https:\/\/muchogusto.nl\/de\/shop-2\/\"},{\"@type\":\"ListItem\",\"position\":3,\"name\":\"MUCHO GUSTO\u00ae Schal Aosta Raso Blossom\"}]},{\"@type\":\"WebSite\",\"@id\":\"https:\/\/muchogusto.nl\/#website\",\"url\":\"https:\/\/muchogusto.nl\/\",\"name\":\"muchogusto.nl\",\"description\":\"\",\"publisher\":{\"@id\":\"https:\/\/muchogusto.nl\/#organization\"},\"potentialAction\":[{\"@type\":\"SearchAction\",\"target\":{\"@type\":\"EntryPoint\",\"urlTemplate\":\"https:\/\/muchogusto.nl\/?s={search_term_string}\"},\"query-input\":{\"@type\":\"PropertyValueSpecification\",\"valueRequired\":true,\"valueName\":\"search_term_string\"}}],\"inLanguage\":\"de-DE\"},{\"@type\":\"Organization\",\"@id\":\"https:\/\/muchogusto.nl\/#organization\",\"name\":\"Mucho Gusto\",\"url\":\"https:\/\/muchogusto.nl\/\",\"logo\":{\"@type\":\"ImageObject\",\"inLanguage\":\"de-DE\",\"@id\":\"https:\/\/muchogusto.nl\/#\/schema\/logo\/image\/\",\"url\":\"https:\/\/muchogusto.nl\/wp-content\/uploads\/2022\/08\/logo_header.svg\",\"contentUrl\":\"https:\/\/muchogusto.nl\/wp-content\/uploads\/2022\/08\/logo_header.svg\",\"caption\":\"Mucho Gusto\"},\"image\":{\"@id\":\"https:\/\/muchogusto.nl\/#\/schema\/logo\/image\/\"},\"sameAs\":[\"https:\/\/www.facebook.com\/muchogusto.nl\/\",\"https:\/\/www.instagram.com\/muchogusto.nl\/\"]}]}<\/script>\n<!-- \/ Yoast SEO Premium plugin. -->","yoast_head_json":{"title":"MUCHO GUSTO\u00ae Schal Aosta Raso Blossom - Mucho Gusto","description":"Entdecken Sie den MUCHO GUSTO\u00ae Schal Aosta Raso Blossom \u2013 ein luxuri\u00f6ser, dreieckiger Seidenschal mit floralem und orientalischem Muster. Dutch Design.","robots":{"index":"index","follow":"follow","max-snippet":"max-snippet:-1","max-image-preview":"max-image-preview:large","max-video-preview":"max-video-preview:-1"},"canonical":"https:\/\/muchogusto.nl\/de\/produkt\/mucho-gusto-schal-aosta-raso-blossom\/","og_locale":"de_DE","og_type":"article","og_title":"MUCHO GUSTO\u00ae Schal Aosta Raso Blossom","og_description":"Entdecken Sie den MUCHO GUSTO\u00ae Schal Aosta Raso Blossom \u2013 ein luxuri\u00f6ser, dreieckiger Seidenschal mit floralem und orientalischem Muster. Dutch Design.","og_url":"https:\/\/muchogusto.nl\/de\/produkt\/mucho-gusto-schal-aosta-raso-blossom\/","og_site_name":"Mucho Gusto","article_publisher":"https:\/\/www.facebook.com\/muchogusto.nl\/","article_modified_time":"2026-03-02T11:02:38+00:00","og_image":[{"width":1920,"height":2560,"url":"http:\/\/muchogusto.nl\/wp-content\/uploads\/2025\/10\/MUCHO-GUSTO\u00ae-Scarf-Aosta-Raso-Blossom-scaled.jpg","type":"image\/jpeg"}],"twitter_card":"summary_large_image","twitter_misc":{"Est. reading time":"2 minutes"},"schema":{"@context":"https:\/\/schema.org","@graph":[{"@type":"WebPage","@id":"https:\/\/muchogusto.nl\/de\/produkt\/mucho-gusto-schal-aosta-raso-blossom\/","url":"https:\/\/muchogusto.nl\/de\/produkt\/mucho-gusto-schal-aosta-raso-blossom\/","name":"MUCHO GUSTO\u00ae Schal Aosta Raso Blossom - Mucho Gusto","isPartOf":{"@id":"https:\/\/muchogusto.nl\/#website"},"primaryImageOfPage":{"@id":"https:\/\/muchogusto.nl\/de\/produkt\/mucho-gusto-schal-aosta-raso-blossom\/#primaryimage"},"image":{"@id":"https:\/\/muchogusto.nl\/de\/produkt\/mucho-gusto-schal-aosta-raso-blossom\/#primaryimage"},"thumbnailUrl":"https:\/\/muchogusto.nl\/wp-content\/uploads\/2025\/10\/MUCHO-GUSTO\u00ae-Scarf-Aosta-Raso-Blossom-scaled.jpg","datePublished":"2025-10-09T11:57:19+00:00","dateModified":"2026-03-02T11:02:38+00:00","description":"Entdecken Sie den MUCHO GUSTO\u00ae Schal Aosta Raso Blossom \u2013 ein luxuri\u00f6ser, dreieckiger Seidenschal mit floralem und orientalischem Muster. Dutch Design.","breadcrumb":{"@id":"https:\/\/muchogusto.nl\/de\/produkt\/mucho-gusto-schal-aosta-raso-blossom\/#breadcrumb"},"inLanguage":"de-DE","potentialAction":[{"@type":"ReadAction","target":["https:\/\/muchogusto.nl\/de\/produkt\/mucho-gusto-schal-aosta-raso-blossom\/"]}]},{"@type":"ImageObject","inLanguage":"de-DE","@id":"https:\/\/muchogusto.nl\/de\/produkt\/mucho-gusto-schal-aosta-raso-blossom\/#primaryimage","url":"https:\/\/muchogusto.nl\/wp-content\/uploads\/2025\/10\/MUCHO-GUSTO\u00ae-Scarf-Aosta-Raso-Blossom-scaled.jpg","contentUrl":"https:\/\/muchogusto.nl\/wp-content\/uploads\/2025\/10\/MUCHO-GUSTO\u00ae-Scarf-Aosta-Raso-Blossom-scaled.jpg","width":1920,"height":2560,"caption":"MUCHO GUSTO\u00ae Scarf Aosta Raso Blossom"},{"@type":"BreadcrumbList","@id":"https:\/\/muchogusto.nl\/de\/produkt\/mucho-gusto-schal-aosta-raso-blossom\/#breadcrumb","itemListElement":[{"@type":"ListItem","position":1,"name":"Home","item":"https:\/\/muchogusto.nl\/de\/"},{"@type":"ListItem","position":2,"name":"Shop","item":"https:\/\/muchogusto.nl\/de\/shop-2\/"},{"@type":"ListItem","position":3,"name":"MUCHO GUSTO\u00ae Schal Aosta Raso Blossom"}]},{"@type":"WebSite","@id":"https:\/\/muchogusto.nl\/#website","url":"https:\/\/muchogusto.nl\/","name":"muchogusto.nl","description":"","publisher":{"@id":"https:\/\/muchogusto.nl\/#organization"},"potentialAction":[{"@type":"SearchAction","target":{"@type":"EntryPoint","urlTemplate":"https:\/\/muchogusto.nl\/?s={search_term_string}"},"query-input":{"@type":"PropertyValueSpecification","valueRequired":true,"valueName":"search_term_string"}}],"inLanguage":"de-DE"},{"@type":"Organization","@id":"https:\/\/muchogusto.nl\/#organization","name":"Mucho Gusto","url":"https:\/\/muchogusto.nl\/","logo":{"@type":"ImageObject","inLanguage":"de-DE","@id":"https:\/\/muchogusto.nl\/#\/schema\/logo\/image\/","url":"https:\/\/muchogusto.nl\/wp-content\/uploads\/2022\/08\/logo_header.svg","contentUrl":"https:\/\/muchogusto.nl\/wp-content\/uploads\/2022\/08\/logo_header.svg","caption":"Mucho Gusto"},"image":{"@id":"https:\/\/muchogusto.nl\/#\/schema\/logo\/image\/"},"sameAs":["https:\/\/www.facebook.com\/muchogusto.nl\/","https:\/\/www.instagram.com\/muchogusto.nl\/"]}]}},"_links":{"self":[{"href":"https:\/\/muchogusto.nl\/de\/wp-json\/wp\/v2\/product\/50631","targetHints":{"allow":["GET"]}}],"collection":[{"href":"https:\/\/muchogusto.nl\/de\/wp-json\/wp\/v2\/product"}],"about":[{"href":"https:\/\/muchogusto.nl\/de\/wp-json\/wp\/v2\/types\/product"}],"replies":[{"embeddable":true,"href":"https:\/\/muchogusto.nl\/de\/wp-json\/wp\/v2\/comments?post=50631"}],"wp:featuredmedia":[{"embeddable":true,"href":"https:\/\/muchogusto.nl\/de\/wp-json\/wp\/v2\/media\/50616"}],"wp:attachment":[{"href":"https:\/\/muchogusto.nl\/de\/wp-json\/wp\/v2\/media?parent=50631"}],"wp:term":[{"taxonomy":"product_brand","embeddable":true,"href":"https:\/\/muchogusto.nl\/de\/wp-json\/wp\/v2\/product_brand?post=50631"},{"taxonomy":"product_cat","embeddable":true,"href":"https:\/\/muchogusto.nl\/de\/wp-json\/wp\/v2\/product_cat?post=50631"},{"taxonomy":"product_tag","embeddable":true,"href":"https:\/\/muchogusto.nl\/de\/wp-json\/wp\/v2\/product_tag?post=50631"}],"curies":[{"name":"wp","href":"https:\/\/api.w.org\/{rel}","templated":true}]}}