{"id":50609,"date":"2025-10-09T12:28:58","date_gmt":"2025-10-09T10:28:58","guid":{"rendered":"https:\/\/muchogusto.nl\/product\/mucho-gusto-sjaal-st-tropez-ethno-stripe\/"},"modified":"2026-03-02T12:02:38","modified_gmt":"2026-03-02T11:02:38","slug":"mucho-gusto-schal-st-tropez-ethno-stripe","status":"publish","type":"product","link":"https:\/\/muchogusto.nl\/de\/produkt\/mucho-gusto-schal-st-tropez-ethno-stripe\/","title":{"rendered":"MUCHO GUSTO\u00ae Schal St. Tropez Ethno Stripe"},"content":{"rendered":"<h3 data-start=\"246\" data-end=\"271\">DETAILS ZUM PRODUKT<\/h3>\n<p data-start=\"273\" data-end=\"319\"><strong data-start=\"273\" data-end=\"319\">MUCHO GUSTO\u00ae Schal St. Tropez Ethno Stripe<\/strong><\/p>\n<p data-start=\"321\" data-end=\"501\">Erleben Sie m\u00fchelose Eleganz mit dem MUCHO GUSTO\u00ae Schal St. Tropez Ethno Stripe \u2013 ein luxuri\u00f6ses Accessoire, das lebendige Farben, k\u00fcnstlerische Details und Dutch Design vereint.<\/p>\n<p data-start=\"503\" data-end=\"783\">Der sch\u00f6ne, dreieckige Schal zeigt ein besonderes Muster mit ethnischen Motiven und klaren Streifen in Blau, Rot, Beige und Schwarz. Au\u00dferdem besteht er aus 100% reiner Seide. Dadurch f\u00fchlt sich der Stoff weich an, f\u00e4llt leicht und verleiht jedem Outfit einen Hauch von Eleganz.<\/p>\n<p data-start=\"785\" data-end=\"985\">Dank seiner gro\u00dfz\u00fcgigen Gr\u00f6\u00dfe l\u00e4sst sich der Schal vielseitig tragen. Sie k\u00f6nnen ihn locker \u00fcber die Schultern legen, klassisch um den Hals binden oder als modisches Accessoire an der Tasche tragen.<\/p>\n<p data-start=\"987\" data-end=\"1166\">Der St. Tropez Ethno Stripe Schal ist leicht, farbenfroh und voller Charakter. So verk\u00f6rpert er den freien, femininen Stil von MUCHO GUSTO\u00ae \u2013 modern, elegant und m\u00fchelos schick.<\/p>\n<p data-start=\"1168\" data-end=\"1338\"><strong data-start=\"1168\" data-end=\"1184\">Dutch Design<\/strong><br data-start=\"1184\" data-end=\"1187\" \/><strong data-start=\"1187\" data-end=\"1200\">Material:<\/strong> 100% Seide<br data-start=\"1211\" data-end=\"1214\" \/><strong data-start=\"1214\" data-end=\"1223\">Ma\u00dfe:<\/strong> 220 x 140 x 140 cm<br data-start=\"1242\" data-end=\"1245\" \/><strong data-start=\"1245\" data-end=\"1254\">Form:<\/strong> Dreieckig<br data-start=\"1264\" data-end=\"1267\" \/><strong data-start=\"1267\" data-end=\"1278\">Design:<\/strong> Ethnisches Streifenmuster in Blau, Rot, Beige und Schwarz<\/p>\n<h3 data-start=\"1340\" data-end=\"1362\">PASSENDE ARTIKEL<\/h3>\n<p data-start=\"1364\" data-end=\"1656\">Kombinieren Sie Ihr Outfit mit einem unserer passenden <a class=\"decorated-link\" href=\"https:\/\/muchogusto.nl\/clothing\/\" target=\"_new\" rel=\"noopener\" data-start=\"1419\" data-end=\"1464\">Bekleidung<\/a>.<br data-start=\"1465\" data-end=\"1468\" \/>M\u00f6chten Sie weitere <a class=\"decorated-link\" href=\"https:\/\/muchogusto.nl\/de\/schals\/\" target=\"_new\" rel=\"noopener\" data-start=\"1488\" data-end=\"1526\">Schals<\/a> entdecken?<br data-start=\"1537\" data-end=\"1540\" \/>Oder suchen Sie nach mehr Inspiration? Besuchen Sie uns auf <a class=\"decorated-link\" href=\"https:\/\/www.instagram.com\/muchogusto.nl\/\" target=\"_new\" rel=\"noopener\" data-start=\"1600\" data-end=\"1653\">Instagram<\/a>.<\/p>\n<h3 data-start=\"1658\" data-end=\"1683\">BRAUCHEN SIE HILFE?<\/h3>\n<p data-start=\"1685\" data-end=\"1845\">Wenn Sie Fragen zu diesem Artikel oder zur Gr\u00f6\u00dfe haben, wenden Sie sich bitte an unser Customer Care Team unter <a class=\"decorated-link cursor-pointer\" rel=\"noopener\" data-start=\"1797\" data-end=\"1842\">web@muchogusto.nl<\/a>.<\/p>\n","protected":false},"excerpt":{"rendered":"<p>DETAILS ZUM PRODUKT MUCHO GUSTO\u00ae Schal St. Tropez Ethno Stripe Erleben Sie m\u00fchelose Eleganz mit dem MUCHO GUSTO\u00ae Schal St. Tropez Ethno Stripe \u2013 ein luxuri\u00f6ses Accessoire, das lebendige Farben, k\u00fcnstlerische Details und Dutch Design vereint. Der sch\u00f6ne, dreieckige Schal zeigt ein besonderes Muster mit ethnischen Motiven und klaren Streifen in Blau, Rot, Beige und [&hellip;]<\/p>\n","protected":false},"featured_media":50591,"comment_status":"open","ping_status":"closed","template":"","meta":{"_acf_changed":false,"inline_featured_image":false,"navigation_state":false,"_genesis_hide_title":false,"_genesis_hide_breadcrumbs":false,"_genesis_hide_singular_image":false,"_genesis_hide_footer_widgets":false,"_genesis_custom_body_class":"","_genesis_custom_post_class":"","_genesis_layout":""},"product_brand":[],"product_cat":[87],"product_tag":[],"class_list":{"0":"post-50609","1":"product","2":"type-product","3":"status-publish","4":"has-post-thumbnail","6":"product_cat-schals","7":"entry","9":"first","10":"instock","11":"sale","12":"taxable","13":"shipping-taxable","14":"purchasable","15":"product-type-simple"},"acf":[],"yoast_head":"<!-- This site is optimized with the Yoast SEO Premium plugin v27.2 (Yoast SEO v27.2) - https:\/\/yoast.com\/product\/yoast-seo-premium-wordpress\/ -->\n<title>MUCHO GUSTO\u00ae Schal St. Tropez Ethno Stripe - Mucho Gusto<\/title>\n<meta name=\"description\" content=\"Meta Description (Yoast):Entdecken Sie den MUCHO GUSTO\u00ae Schal St. Tropez Ethno Stripe \u2013 ein luxuri\u00f6ser, dreieckiger Seidenschal mit ethnischem Streifenmuster.\" \/>\n<meta name=\"robots\" content=\"index, follow, max-snippet:-1, max-image-preview:large, max-video-preview:-1\" \/>\n<link rel=\"canonical\" href=\"https:\/\/muchogusto.nl\/de\/produkt\/mucho-gusto-schal-st-tropez-ethno-stripe\/\" \/>\n<meta property=\"og:locale\" content=\"de_DE\" \/>\n<meta property=\"og:type\" content=\"article\" \/>\n<meta property=\"og:title\" content=\"MUCHO GUSTO\u00ae Schal St. Tropez Ethno Stripe\" \/>\n<meta property=\"og:description\" content=\"Meta Description (Yoast):Entdecken Sie den MUCHO GUSTO\u00ae Schal St. Tropez Ethno Stripe \u2013 ein luxuri\u00f6ser, dreieckiger Seidenschal mit ethnischem Streifenmuster.\" \/>\n<meta property=\"og:url\" content=\"https:\/\/muchogusto.nl\/de\/produkt\/mucho-gusto-schal-st-tropez-ethno-stripe\/\" \/>\n<meta property=\"og:site_name\" content=\"Mucho Gusto\" \/>\n<meta property=\"article:publisher\" content=\"https:\/\/www.facebook.com\/muchogusto.nl\/\" \/>\n<meta property=\"article:modified_time\" content=\"2026-03-02T11:02:38+00:00\" \/>\n<meta property=\"og:image\" content=\"https:\/\/muchogusto.nl\/wp-content\/uploads\/2025\/10\/S52STZ122-scaled.jpeg\" \/>\n\t<meta property=\"og:image:width\" content=\"1920\" \/>\n\t<meta property=\"og:image:height\" content=\"2560\" \/>\n\t<meta property=\"og:image:type\" content=\"image\/jpeg\" \/>\n<meta name=\"twitter:card\" content=\"summary_large_image\" \/>\n<meta name=\"twitter:label1\" content=\"Est. reading time\" \/>\n\t<meta name=\"twitter:data1\" content=\"2 minutes\" \/>\n<script type=\"application\/ld+json\" class=\"yoast-schema-graph\">{\"@context\":\"https:\/\/schema.org\",\"@graph\":[{\"@type\":\"WebPage\",\"@id\":\"https:\/\/muchogusto.nl\/de\/produkt\/mucho-gusto-schal-st-tropez-ethno-stripe\/\",\"url\":\"https:\/\/muchogusto.nl\/de\/produkt\/mucho-gusto-schal-st-tropez-ethno-stripe\/\",\"name\":\"MUCHO GUSTO\u00ae Schal St. Tropez Ethno Stripe - Mucho Gusto\",\"isPartOf\":{\"@id\":\"https:\/\/muchogusto.nl\/#website\"},\"primaryImageOfPage\":{\"@id\":\"https:\/\/muchogusto.nl\/de\/produkt\/mucho-gusto-schal-st-tropez-ethno-stripe\/#primaryimage\"},\"image\":{\"@id\":\"https:\/\/muchogusto.nl\/de\/produkt\/mucho-gusto-schal-st-tropez-ethno-stripe\/#primaryimage\"},\"thumbnailUrl\":\"https:\/\/muchogusto.nl\/wp-content\/uploads\/2025\/10\/S52STZ122-scaled.jpeg\",\"datePublished\":\"2025-10-09T10:28:58+00:00\",\"dateModified\":\"2026-03-02T11:02:38+00:00\",\"description\":\"Meta Description (Yoast):Entdecken Sie den MUCHO GUSTO\u00ae Schal St. Tropez Ethno Stripe \u2013 ein luxuri\u00f6ser, dreieckiger Seidenschal mit ethnischem Streifenmuster.\",\"breadcrumb\":{\"@id\":\"https:\/\/muchogusto.nl\/de\/produkt\/mucho-gusto-schal-st-tropez-ethno-stripe\/#breadcrumb\"},\"inLanguage\":\"de-DE\",\"potentialAction\":[{\"@type\":\"ReadAction\",\"target\":[\"https:\/\/muchogusto.nl\/de\/produkt\/mucho-gusto-schal-st-tropez-ethno-stripe\/\"]}]},{\"@type\":\"ImageObject\",\"inLanguage\":\"de-DE\",\"@id\":\"https:\/\/muchogusto.nl\/de\/produkt\/mucho-gusto-schal-st-tropez-ethno-stripe\/#primaryimage\",\"url\":\"https:\/\/muchogusto.nl\/wp-content\/uploads\/2025\/10\/S52STZ122-scaled.jpeg\",\"contentUrl\":\"https:\/\/muchogusto.nl\/wp-content\/uploads\/2025\/10\/S52STZ122-scaled.jpeg\",\"width\":1920,\"height\":2560,\"caption\":\"MUCHO GUSTO\u00ae Scarf St. Tropez Ethno Stripe\"},{\"@type\":\"BreadcrumbList\",\"@id\":\"https:\/\/muchogusto.nl\/de\/produkt\/mucho-gusto-schal-st-tropez-ethno-stripe\/#breadcrumb\",\"itemListElement\":[{\"@type\":\"ListItem\",\"position\":1,\"name\":\"Home\",\"item\":\"https:\/\/muchogusto.nl\/de\/\"},{\"@type\":\"ListItem\",\"position\":2,\"name\":\"Shop\",\"item\":\"https:\/\/muchogusto.nl\/de\/shop-2\/\"},{\"@type\":\"ListItem\",\"position\":3,\"name\":\"MUCHO GUSTO\u00ae Schal St. Tropez Ethno Stripe\"}]},{\"@type\":\"WebSite\",\"@id\":\"https:\/\/muchogusto.nl\/#website\",\"url\":\"https:\/\/muchogusto.nl\/\",\"name\":\"muchogusto.nl\",\"description\":\"\",\"publisher\":{\"@id\":\"https:\/\/muchogusto.nl\/#organization\"},\"potentialAction\":[{\"@type\":\"SearchAction\",\"target\":{\"@type\":\"EntryPoint\",\"urlTemplate\":\"https:\/\/muchogusto.nl\/?s={search_term_string}\"},\"query-input\":{\"@type\":\"PropertyValueSpecification\",\"valueRequired\":true,\"valueName\":\"search_term_string\"}}],\"inLanguage\":\"de-DE\"},{\"@type\":\"Organization\",\"@id\":\"https:\/\/muchogusto.nl\/#organization\",\"name\":\"Mucho Gusto\",\"url\":\"https:\/\/muchogusto.nl\/\",\"logo\":{\"@type\":\"ImageObject\",\"inLanguage\":\"de-DE\",\"@id\":\"https:\/\/muchogusto.nl\/#\/schema\/logo\/image\/\",\"url\":\"https:\/\/muchogusto.nl\/wp-content\/uploads\/2022\/08\/logo_header.svg\",\"contentUrl\":\"https:\/\/muchogusto.nl\/wp-content\/uploads\/2022\/08\/logo_header.svg\",\"caption\":\"Mucho Gusto\"},\"image\":{\"@id\":\"https:\/\/muchogusto.nl\/#\/schema\/logo\/image\/\"},\"sameAs\":[\"https:\/\/www.facebook.com\/muchogusto.nl\/\",\"https:\/\/www.instagram.com\/muchogusto.nl\/\"]}]}<\/script>\n<!-- \/ Yoast SEO Premium plugin. -->","yoast_head_json":{"title":"MUCHO GUSTO\u00ae Schal St. Tropez Ethno Stripe - Mucho Gusto","description":"Meta Description (Yoast):Entdecken Sie den MUCHO GUSTO\u00ae Schal St. Tropez Ethno Stripe \u2013 ein luxuri\u00f6ser, dreieckiger Seidenschal mit ethnischem Streifenmuster.","robots":{"index":"index","follow":"follow","max-snippet":"max-snippet:-1","max-image-preview":"max-image-preview:large","max-video-preview":"max-video-preview:-1"},"canonical":"https:\/\/muchogusto.nl\/de\/produkt\/mucho-gusto-schal-st-tropez-ethno-stripe\/","og_locale":"de_DE","og_type":"article","og_title":"MUCHO GUSTO\u00ae Schal St. Tropez Ethno Stripe","og_description":"Meta Description (Yoast):Entdecken Sie den MUCHO GUSTO\u00ae Schal St. Tropez Ethno Stripe \u2013 ein luxuri\u00f6ser, dreieckiger Seidenschal mit ethnischem Streifenmuster.","og_url":"https:\/\/muchogusto.nl\/de\/produkt\/mucho-gusto-schal-st-tropez-ethno-stripe\/","og_site_name":"Mucho Gusto","article_publisher":"https:\/\/www.facebook.com\/muchogusto.nl\/","article_modified_time":"2026-03-02T11:02:38+00:00","og_image":[{"width":1920,"height":2560,"url":"https:\/\/muchogusto.nl\/wp-content\/uploads\/2025\/10\/S52STZ122-scaled.jpeg","type":"image\/jpeg"}],"twitter_card":"summary_large_image","twitter_misc":{"Est. reading time":"2 minutes"},"schema":{"@context":"https:\/\/schema.org","@graph":[{"@type":"WebPage","@id":"https:\/\/muchogusto.nl\/de\/produkt\/mucho-gusto-schal-st-tropez-ethno-stripe\/","url":"https:\/\/muchogusto.nl\/de\/produkt\/mucho-gusto-schal-st-tropez-ethno-stripe\/","name":"MUCHO GUSTO\u00ae Schal St. Tropez Ethno Stripe - Mucho Gusto","isPartOf":{"@id":"https:\/\/muchogusto.nl\/#website"},"primaryImageOfPage":{"@id":"https:\/\/muchogusto.nl\/de\/produkt\/mucho-gusto-schal-st-tropez-ethno-stripe\/#primaryimage"},"image":{"@id":"https:\/\/muchogusto.nl\/de\/produkt\/mucho-gusto-schal-st-tropez-ethno-stripe\/#primaryimage"},"thumbnailUrl":"https:\/\/muchogusto.nl\/wp-content\/uploads\/2025\/10\/S52STZ122-scaled.jpeg","datePublished":"2025-10-09T10:28:58+00:00","dateModified":"2026-03-02T11:02:38+00:00","description":"Meta Description (Yoast):Entdecken Sie den MUCHO GUSTO\u00ae Schal St. Tropez Ethno Stripe \u2013 ein luxuri\u00f6ser, dreieckiger Seidenschal mit ethnischem Streifenmuster.","breadcrumb":{"@id":"https:\/\/muchogusto.nl\/de\/produkt\/mucho-gusto-schal-st-tropez-ethno-stripe\/#breadcrumb"},"inLanguage":"de-DE","potentialAction":[{"@type":"ReadAction","target":["https:\/\/muchogusto.nl\/de\/produkt\/mucho-gusto-schal-st-tropez-ethno-stripe\/"]}]},{"@type":"ImageObject","inLanguage":"de-DE","@id":"https:\/\/muchogusto.nl\/de\/produkt\/mucho-gusto-schal-st-tropez-ethno-stripe\/#primaryimage","url":"https:\/\/muchogusto.nl\/wp-content\/uploads\/2025\/10\/S52STZ122-scaled.jpeg","contentUrl":"https:\/\/muchogusto.nl\/wp-content\/uploads\/2025\/10\/S52STZ122-scaled.jpeg","width":1920,"height":2560,"caption":"MUCHO GUSTO\u00ae Scarf St. Tropez Ethno Stripe"},{"@type":"BreadcrumbList","@id":"https:\/\/muchogusto.nl\/de\/produkt\/mucho-gusto-schal-st-tropez-ethno-stripe\/#breadcrumb","itemListElement":[{"@type":"ListItem","position":1,"name":"Home","item":"https:\/\/muchogusto.nl\/de\/"},{"@type":"ListItem","position":2,"name":"Shop","item":"https:\/\/muchogusto.nl\/de\/shop-2\/"},{"@type":"ListItem","position":3,"name":"MUCHO GUSTO\u00ae Schal St. Tropez Ethno Stripe"}]},{"@type":"WebSite","@id":"https:\/\/muchogusto.nl\/#website","url":"https:\/\/muchogusto.nl\/","name":"muchogusto.nl","description":"","publisher":{"@id":"https:\/\/muchogusto.nl\/#organization"},"potentialAction":[{"@type":"SearchAction","target":{"@type":"EntryPoint","urlTemplate":"https:\/\/muchogusto.nl\/?s={search_term_string}"},"query-input":{"@type":"PropertyValueSpecification","valueRequired":true,"valueName":"search_term_string"}}],"inLanguage":"de-DE"},{"@type":"Organization","@id":"https:\/\/muchogusto.nl\/#organization","name":"Mucho Gusto","url":"https:\/\/muchogusto.nl\/","logo":{"@type":"ImageObject","inLanguage":"de-DE","@id":"https:\/\/muchogusto.nl\/#\/schema\/logo\/image\/","url":"https:\/\/muchogusto.nl\/wp-content\/uploads\/2022\/08\/logo_header.svg","contentUrl":"https:\/\/muchogusto.nl\/wp-content\/uploads\/2022\/08\/logo_header.svg","caption":"Mucho Gusto"},"image":{"@id":"https:\/\/muchogusto.nl\/#\/schema\/logo\/image\/"},"sameAs":["https:\/\/www.facebook.com\/muchogusto.nl\/","https:\/\/www.instagram.com\/muchogusto.nl\/"]}]}},"_links":{"self":[{"href":"https:\/\/muchogusto.nl\/de\/wp-json\/wp\/v2\/product\/50609","targetHints":{"allow":["GET"]}}],"collection":[{"href":"https:\/\/muchogusto.nl\/de\/wp-json\/wp\/v2\/product"}],"about":[{"href":"https:\/\/muchogusto.nl\/de\/wp-json\/wp\/v2\/types\/product"}],"replies":[{"embeddable":true,"href":"https:\/\/muchogusto.nl\/de\/wp-json\/wp\/v2\/comments?post=50609"}],"wp:featuredmedia":[{"embeddable":true,"href":"https:\/\/muchogusto.nl\/de\/wp-json\/wp\/v2\/media\/50591"}],"wp:attachment":[{"href":"https:\/\/muchogusto.nl\/de\/wp-json\/wp\/v2\/media?parent=50609"}],"wp:term":[{"taxonomy":"product_brand","embeddable":true,"href":"https:\/\/muchogusto.nl\/de\/wp-json\/wp\/v2\/product_brand?post=50609"},{"taxonomy":"product_cat","embeddable":true,"href":"https:\/\/muchogusto.nl\/de\/wp-json\/wp\/v2\/product_cat?post=50609"},{"taxonomy":"product_tag","embeddable":true,"href":"https:\/\/muchogusto.nl\/de\/wp-json\/wp\/v2\/product_tag?post=50609"}],"curies":[{"name":"wp","href":"https:\/\/api.w.org\/{rel}","templated":true}]}}