{"id":50576,"date":"2025-10-09T12:20:54","date_gmt":"2025-10-09T10:20:54","guid":{"rendered":"https:\/\/muchogusto.nl\/?post_type=product&#038;p=50576"},"modified":"2026-03-02T12:02:38","modified_gmt":"2026-03-02T11:02:38","slug":"mucho-gusto-scarf-cannes-multicolor-leopard-druck","status":"publish","type":"product","link":"https:\/\/muchogusto.nl\/de\/produkt\/mucho-gusto-scarf-cannes-multicolor-leopard-druck\/","title":{"rendered":"MUCHO GUSTO\u00ae Scarf Cannes Multicolor Leopard Druck"},"content":{"rendered":"<h3 data-start=\"0\" data-end=\"23\">DETAILS ZUM PRODUKT<\/h3>\n<p data-start=\"25\" data-end=\"78\"><strong>MUCHO GUSTO\u00ae Scarf Cannes Multicolor Leopard Druck<\/strong><\/p>\n<p data-start=\"80\" data-end=\"453\">Bringen Sie Farbe und Ausdruck in Ihren Look mit dem MUCHO GUSTO\u00ae Scarf Cannes Multicolor Leopard Druck \u2013 ein luxuri\u00f6ser Seidenschal, der den klassischen Leopardendruck auf moderne, verspielte Weise neu interpretiert. Das auff\u00e4llige Muster mit lebhaften Akzenten in Lila, Blau, Gr\u00fcn und Orange auf beigem Hintergrund verleiht jedem Outfit eine elegante, selbstbewusste Note.<\/p>\n<p data-start=\"455\" data-end=\"806\">Gefertigt aus 100% Seide, f\u00e4llt dieser gro\u00dfz\u00fcgige, dreieckige Schal weich und gl\u00e4nzend. Mit seinen Ma\u00dfen von 220 x 140 x 140 cm bietet er unz\u00e4hlige Stylingm\u00f6glichkeiten \u2013 locker \u00fcber die Schultern gelegt, elegant um den Hals gebunden oder als stilvolles Accessoire an der Tasche. Ein zeitloses Statement f\u00fcr m\u00fchelose Eleganz und modernes Dutch Design.<\/p>\n<p data-start=\"808\" data-end=\"962\"><strong data-start=\"808\" data-end=\"824\">Dutch Design<\/strong><br data-start=\"824\" data-end=\"827\" \/><strong data-start=\"827\" data-end=\"840\">Material:<\/strong> 100% Seide<br data-start=\"851\" data-end=\"854\" \/><strong data-start=\"854\" data-end=\"863\">Ma\u00dfe:<\/strong> 220 x 140 x 140 cm<br data-start=\"882\" data-end=\"885\" \/><strong data-start=\"885\" data-end=\"894\">Form:<\/strong> Dreieckig<br data-start=\"904\" data-end=\"907\" \/><strong data-start=\"907\" data-end=\"918\">Design:<\/strong> Multicolor-Leopardendruck auf beigem Fond<\/p>\n<h3 data-start=\"964\" data-end=\"984\">PASSENDE ARTIKEL<\/h3>\n<p data-start=\"985\" data-end=\"1275\">Kombinieren Sie Ihr Outfit mit einem unserer passenden <a class=\"decorated-link\" href=\"https:\/\/muchogusto.nl\/clothing\/\" target=\"_new\" rel=\"noopener\" data-start=\"1040\" data-end=\"1085\">Bekleidung<\/a>.<br data-start=\"1086\" data-end=\"1089\" \/>M\u00f6chten Sie weitere <a class=\"decorated-link\" href=\"https:\/\/muchogusto.nl\/de\/schals\/\" target=\"_new\" rel=\"noopener\" data-start=\"1109\" data-end=\"1147\">T\u00fccher<\/a> entdecken?<br data-start=\"1158\" data-end=\"1161\" \/>Oder suchen Sie nach mehr Inspiration? Besuchen Sie uns auf <a class=\"decorated-link\" href=\"https:\/\/www.instagram.com\/muchogusto.nl\/\" target=\"_new\" rel=\"noopener\" data-start=\"1221\" data-end=\"1274\">Instagram<\/a>.<\/p>\n<h3 data-start=\"1277\" data-end=\"1300\">BRAUCHEN SIE HILFE?<\/h3>\n<p data-start=\"1301\" data-end=\"1431\">Wenn Sie Fragen zu diesem Artikel oder zur Gr\u00f6\u00dfe haben, wenden Sie sich bitte an unser Customer Care Team unter <a class=\"decorated-link cursor-pointer\" rel=\"noopener\" data-start=\"1413\" data-end=\"1430\">web@muchogusto.nl<\/a>.<\/p>\n","protected":false},"excerpt":{"rendered":"<p>DETAILS ZUM PRODUKT MUCHO GUSTO\u00ae Scarf Cannes Multicolor Leopard Druck Bringen Sie Farbe und Ausdruck in Ihren Look mit dem MUCHO GUSTO\u00ae Scarf Cannes Multicolor Leopard Druck \u2013 ein luxuri\u00f6ser Seidenschal, der den klassischen Leopardendruck auf moderne, verspielte Weise neu interpretiert. Das auff\u00e4llige Muster mit lebhaften Akzenten in Lila, Blau, Gr\u00fcn und Orange auf beigem [&hellip;]<\/p>\n","protected":false},"featured_media":50568,"comment_status":"open","ping_status":"closed","template":"","meta":{"_acf_changed":false,"inline_featured_image":false,"navigation_state":false,"_genesis_hide_title":false,"_genesis_hide_breadcrumbs":false,"_genesis_hide_singular_image":false,"_genesis_hide_footer_widgets":false,"_genesis_custom_body_class":"","_genesis_custom_post_class":"","_genesis_layout":""},"product_brand":[],"product_cat":[87],"product_tag":[],"class_list":{"0":"post-50576","1":"product","2":"type-product","3":"status-publish","4":"has-post-thumbnail","6":"product_cat-schals","7":"entry","9":"first","10":"instock","11":"sale","12":"taxable","13":"shipping-taxable","14":"purchasable","15":"product-type-simple"},"acf":[],"yoast_head":"<!-- This site is optimized with the Yoast SEO Premium plugin v27.2 (Yoast SEO v27.2) - https:\/\/yoast.com\/product\/yoast-seo-premium-wordpress\/ -->\n<title>MUCHO GUSTO\u00ae Scarf Cannes Multicolor Leopard Druck<\/title>\n<meta name=\"description\" content=\"Entdecken Sie den MUCHO GUSTO\u00ae Scarf Cannes Multicolor Leopard Druck \u2013 ein dreieckiger Seidenschal mit farbenfrohem Leopardenmuster. Dutch Design.\" \/>\n<meta name=\"robots\" content=\"index, follow, max-snippet:-1, max-image-preview:large, max-video-preview:-1\" \/>\n<link rel=\"canonical\" href=\"https:\/\/muchogusto.nl\/de\/produkt\/mucho-gusto-scarf-cannes-multicolor-leopard-druck\/\" \/>\n<meta property=\"og:locale\" content=\"de_DE\" \/>\n<meta property=\"og:type\" content=\"article\" \/>\n<meta property=\"og:title\" content=\"MUCHO GUSTO\u00ae Scarf Cannes Multicolor Leopard Druck\" \/>\n<meta property=\"og:description\" content=\"Entdecken Sie den MUCHO GUSTO\u00ae Scarf Cannes Multicolor Leopard Druck \u2013 ein dreieckiger Seidenschal mit farbenfrohem Leopardenmuster. Dutch Design.\" \/>\n<meta property=\"og:url\" content=\"https:\/\/muchogusto.nl\/de\/produkt\/mucho-gusto-scarf-cannes-multicolor-leopard-druck\/\" \/>\n<meta property=\"og:site_name\" content=\"Mucho Gusto\" \/>\n<meta property=\"article:publisher\" content=\"https:\/\/www.facebook.com\/muchogusto.nl\/\" \/>\n<meta property=\"article:modified_time\" content=\"2026-03-02T11:02:38+00:00\" \/>\n<meta property=\"og:image\" content=\"https:\/\/muchogusto.nl\/wp-content\/uploads\/2025\/10\/S52CAN118-scaled.jpg\" \/>\n\t<meta property=\"og:image:width\" content=\"1920\" \/>\n\t<meta property=\"og:image:height\" content=\"2560\" \/>\n\t<meta property=\"og:image:type\" content=\"image\/jpeg\" \/>\n<meta name=\"twitter:card\" content=\"summary_large_image\" \/>\n<meta name=\"twitter:label1\" content=\"Est. reading time\" \/>\n\t<meta name=\"twitter:data1\" content=\"2 minutes\" \/>\n<script type=\"application\/ld+json\" class=\"yoast-schema-graph\">{\"@context\":\"https:\/\/schema.org\",\"@graph\":[{\"@type\":\"WebPage\",\"@id\":\"https:\/\/muchogusto.nl\/de\/produkt\/mucho-gusto-scarf-cannes-multicolor-leopard-druck\/\",\"url\":\"https:\/\/muchogusto.nl\/de\/produkt\/mucho-gusto-scarf-cannes-multicolor-leopard-druck\/\",\"name\":\"MUCHO GUSTO\u00ae Scarf Cannes Multicolor Leopard Druck\",\"isPartOf\":{\"@id\":\"https:\/\/muchogusto.nl\/#website\"},\"primaryImageOfPage\":{\"@id\":\"https:\/\/muchogusto.nl\/de\/produkt\/mucho-gusto-scarf-cannes-multicolor-leopard-druck\/#primaryimage\"},\"image\":{\"@id\":\"https:\/\/muchogusto.nl\/de\/produkt\/mucho-gusto-scarf-cannes-multicolor-leopard-druck\/#primaryimage\"},\"thumbnailUrl\":\"https:\/\/muchogusto.nl\/wp-content\/uploads\/2025\/10\/S52CAN118-scaled.jpg\",\"datePublished\":\"2025-10-09T10:20:54+00:00\",\"dateModified\":\"2026-03-02T11:02:38+00:00\",\"description\":\"Entdecken Sie den MUCHO GUSTO\u00ae Scarf Cannes Multicolor Leopard Druck \u2013 ein dreieckiger Seidenschal mit farbenfrohem Leopardenmuster. Dutch Design.\",\"breadcrumb\":{\"@id\":\"https:\/\/muchogusto.nl\/de\/produkt\/mucho-gusto-scarf-cannes-multicolor-leopard-druck\/#breadcrumb\"},\"inLanguage\":\"de-DE\",\"potentialAction\":[{\"@type\":\"ReadAction\",\"target\":[\"https:\/\/muchogusto.nl\/de\/produkt\/mucho-gusto-scarf-cannes-multicolor-leopard-druck\/\"]}]},{\"@type\":\"ImageObject\",\"inLanguage\":\"de-DE\",\"@id\":\"https:\/\/muchogusto.nl\/de\/produkt\/mucho-gusto-scarf-cannes-multicolor-leopard-druck\/#primaryimage\",\"url\":\"https:\/\/muchogusto.nl\/wp-content\/uploads\/2025\/10\/S52CAN118-scaled.jpg\",\"contentUrl\":\"https:\/\/muchogusto.nl\/wp-content\/uploads\/2025\/10\/S52CAN118-scaled.jpg\",\"width\":1920,\"height\":2560,\"caption\":\"MUCHO GUSTO\u00ae Scarf Cannes Multicolor Leopard Druck\"},{\"@type\":\"BreadcrumbList\",\"@id\":\"https:\/\/muchogusto.nl\/de\/produkt\/mucho-gusto-scarf-cannes-multicolor-leopard-druck\/#breadcrumb\",\"itemListElement\":[{\"@type\":\"ListItem\",\"position\":1,\"name\":\"Home\",\"item\":\"https:\/\/muchogusto.nl\/de\/\"},{\"@type\":\"ListItem\",\"position\":2,\"name\":\"Shop\",\"item\":\"https:\/\/muchogusto.nl\/de\/shop-2\/\"},{\"@type\":\"ListItem\",\"position\":3,\"name\":\"MUCHO GUSTO\u00ae Scarf Cannes Multicolor Leopard Druck\"}]},{\"@type\":\"WebSite\",\"@id\":\"https:\/\/muchogusto.nl\/#website\",\"url\":\"https:\/\/muchogusto.nl\/\",\"name\":\"muchogusto.nl\",\"description\":\"\",\"publisher\":{\"@id\":\"https:\/\/muchogusto.nl\/#organization\"},\"potentialAction\":[{\"@type\":\"SearchAction\",\"target\":{\"@type\":\"EntryPoint\",\"urlTemplate\":\"https:\/\/muchogusto.nl\/?s={search_term_string}\"},\"query-input\":{\"@type\":\"PropertyValueSpecification\",\"valueRequired\":true,\"valueName\":\"search_term_string\"}}],\"inLanguage\":\"de-DE\"},{\"@type\":\"Organization\",\"@id\":\"https:\/\/muchogusto.nl\/#organization\",\"name\":\"Mucho Gusto\",\"url\":\"https:\/\/muchogusto.nl\/\",\"logo\":{\"@type\":\"ImageObject\",\"inLanguage\":\"de-DE\",\"@id\":\"https:\/\/muchogusto.nl\/#\/schema\/logo\/image\/\",\"url\":\"https:\/\/muchogusto.nl\/wp-content\/uploads\/2022\/08\/logo_header.svg\",\"contentUrl\":\"https:\/\/muchogusto.nl\/wp-content\/uploads\/2022\/08\/logo_header.svg\",\"caption\":\"Mucho Gusto\"},\"image\":{\"@id\":\"https:\/\/muchogusto.nl\/#\/schema\/logo\/image\/\"},\"sameAs\":[\"https:\/\/www.facebook.com\/muchogusto.nl\/\",\"https:\/\/www.instagram.com\/muchogusto.nl\/\"]}]}<\/script>\n<!-- \/ Yoast SEO Premium plugin. -->","yoast_head_json":{"title":"MUCHO GUSTO\u00ae Scarf Cannes Multicolor Leopard Druck","description":"Entdecken Sie den MUCHO GUSTO\u00ae Scarf Cannes Multicolor Leopard Druck \u2013 ein dreieckiger Seidenschal mit farbenfrohem Leopardenmuster. Dutch Design.","robots":{"index":"index","follow":"follow","max-snippet":"max-snippet:-1","max-image-preview":"max-image-preview:large","max-video-preview":"max-video-preview:-1"},"canonical":"https:\/\/muchogusto.nl\/de\/produkt\/mucho-gusto-scarf-cannes-multicolor-leopard-druck\/","og_locale":"de_DE","og_type":"article","og_title":"MUCHO GUSTO\u00ae Scarf Cannes Multicolor Leopard Druck","og_description":"Entdecken Sie den MUCHO GUSTO\u00ae Scarf Cannes Multicolor Leopard Druck \u2013 ein dreieckiger Seidenschal mit farbenfrohem Leopardenmuster. Dutch Design.","og_url":"https:\/\/muchogusto.nl\/de\/produkt\/mucho-gusto-scarf-cannes-multicolor-leopard-druck\/","og_site_name":"Mucho Gusto","article_publisher":"https:\/\/www.facebook.com\/muchogusto.nl\/","article_modified_time":"2026-03-02T11:02:38+00:00","og_image":[{"width":1920,"height":2560,"url":"https:\/\/muchogusto.nl\/wp-content\/uploads\/2025\/10\/S52CAN118-scaled.jpg","type":"image\/jpeg"}],"twitter_card":"summary_large_image","twitter_misc":{"Est. reading time":"2 minutes"},"schema":{"@context":"https:\/\/schema.org","@graph":[{"@type":"WebPage","@id":"https:\/\/muchogusto.nl\/de\/produkt\/mucho-gusto-scarf-cannes-multicolor-leopard-druck\/","url":"https:\/\/muchogusto.nl\/de\/produkt\/mucho-gusto-scarf-cannes-multicolor-leopard-druck\/","name":"MUCHO GUSTO\u00ae Scarf Cannes Multicolor Leopard Druck","isPartOf":{"@id":"https:\/\/muchogusto.nl\/#website"},"primaryImageOfPage":{"@id":"https:\/\/muchogusto.nl\/de\/produkt\/mucho-gusto-scarf-cannes-multicolor-leopard-druck\/#primaryimage"},"image":{"@id":"https:\/\/muchogusto.nl\/de\/produkt\/mucho-gusto-scarf-cannes-multicolor-leopard-druck\/#primaryimage"},"thumbnailUrl":"https:\/\/muchogusto.nl\/wp-content\/uploads\/2025\/10\/S52CAN118-scaled.jpg","datePublished":"2025-10-09T10:20:54+00:00","dateModified":"2026-03-02T11:02:38+00:00","description":"Entdecken Sie den MUCHO GUSTO\u00ae Scarf Cannes Multicolor Leopard Druck \u2013 ein dreieckiger Seidenschal mit farbenfrohem Leopardenmuster. Dutch Design.","breadcrumb":{"@id":"https:\/\/muchogusto.nl\/de\/produkt\/mucho-gusto-scarf-cannes-multicolor-leopard-druck\/#breadcrumb"},"inLanguage":"de-DE","potentialAction":[{"@type":"ReadAction","target":["https:\/\/muchogusto.nl\/de\/produkt\/mucho-gusto-scarf-cannes-multicolor-leopard-druck\/"]}]},{"@type":"ImageObject","inLanguage":"de-DE","@id":"https:\/\/muchogusto.nl\/de\/produkt\/mucho-gusto-scarf-cannes-multicolor-leopard-druck\/#primaryimage","url":"https:\/\/muchogusto.nl\/wp-content\/uploads\/2025\/10\/S52CAN118-scaled.jpg","contentUrl":"https:\/\/muchogusto.nl\/wp-content\/uploads\/2025\/10\/S52CAN118-scaled.jpg","width":1920,"height":2560,"caption":"MUCHO GUSTO\u00ae Scarf Cannes Multicolor Leopard Druck"},{"@type":"BreadcrumbList","@id":"https:\/\/muchogusto.nl\/de\/produkt\/mucho-gusto-scarf-cannes-multicolor-leopard-druck\/#breadcrumb","itemListElement":[{"@type":"ListItem","position":1,"name":"Home","item":"https:\/\/muchogusto.nl\/de\/"},{"@type":"ListItem","position":2,"name":"Shop","item":"https:\/\/muchogusto.nl\/de\/shop-2\/"},{"@type":"ListItem","position":3,"name":"MUCHO GUSTO\u00ae Scarf Cannes Multicolor Leopard Druck"}]},{"@type":"WebSite","@id":"https:\/\/muchogusto.nl\/#website","url":"https:\/\/muchogusto.nl\/","name":"muchogusto.nl","description":"","publisher":{"@id":"https:\/\/muchogusto.nl\/#organization"},"potentialAction":[{"@type":"SearchAction","target":{"@type":"EntryPoint","urlTemplate":"https:\/\/muchogusto.nl\/?s={search_term_string}"},"query-input":{"@type":"PropertyValueSpecification","valueRequired":true,"valueName":"search_term_string"}}],"inLanguage":"de-DE"},{"@type":"Organization","@id":"https:\/\/muchogusto.nl\/#organization","name":"Mucho Gusto","url":"https:\/\/muchogusto.nl\/","logo":{"@type":"ImageObject","inLanguage":"de-DE","@id":"https:\/\/muchogusto.nl\/#\/schema\/logo\/image\/","url":"https:\/\/muchogusto.nl\/wp-content\/uploads\/2022\/08\/logo_header.svg","contentUrl":"https:\/\/muchogusto.nl\/wp-content\/uploads\/2022\/08\/logo_header.svg","caption":"Mucho Gusto"},"image":{"@id":"https:\/\/muchogusto.nl\/#\/schema\/logo\/image\/"},"sameAs":["https:\/\/www.facebook.com\/muchogusto.nl\/","https:\/\/www.instagram.com\/muchogusto.nl\/"]}]}},"_links":{"self":[{"href":"https:\/\/muchogusto.nl\/de\/wp-json\/wp\/v2\/product\/50576","targetHints":{"allow":["GET"]}}],"collection":[{"href":"https:\/\/muchogusto.nl\/de\/wp-json\/wp\/v2\/product"}],"about":[{"href":"https:\/\/muchogusto.nl\/de\/wp-json\/wp\/v2\/types\/product"}],"replies":[{"embeddable":true,"href":"https:\/\/muchogusto.nl\/de\/wp-json\/wp\/v2\/comments?post=50576"}],"wp:featuredmedia":[{"embeddable":true,"href":"https:\/\/muchogusto.nl\/de\/wp-json\/wp\/v2\/media\/50568"}],"wp:attachment":[{"href":"https:\/\/muchogusto.nl\/de\/wp-json\/wp\/v2\/media?parent=50576"}],"wp:term":[{"taxonomy":"product_brand","embeddable":true,"href":"https:\/\/muchogusto.nl\/de\/wp-json\/wp\/v2\/product_brand?post=50576"},{"taxonomy":"product_cat","embeddable":true,"href":"https:\/\/muchogusto.nl\/de\/wp-json\/wp\/v2\/product_cat?post=50576"},{"taxonomy":"product_tag","embeddable":true,"href":"https:\/\/muchogusto.nl\/de\/wp-json\/wp\/v2\/product_tag?post=50576"}],"curies":[{"name":"wp","href":"https:\/\/api.w.org\/{rel}","templated":true}]}}