{"id":50403,"date":"2025-10-07T15:41:50","date_gmt":"2025-10-07T13:41:50","guid":{"rendered":"https:\/\/muchogusto.nl\/product\/mucho-gusto-scarf-woolflower-midnight-bloom\/"},"modified":"2026-03-02T12:02:38","modified_gmt":"2026-03-02T11:02:38","slug":"mucho-gusto-schal-woolflower-midnight-bloom","status":"publish","type":"product","link":"https:\/\/muchogusto.nl\/de\/produkt\/mucho-gusto-schal-woolflower-midnight-bloom\/","title":{"rendered":"MUCHO GUSTO\u00ae Schal Woolflower Midnight Bloom"},"content":{"rendered":"<h3>DETAILS ZUM PRODUKT<\/h3>\n<div class=\"markdown prose w-full break-words dark:prose-invert light\">\n<p data-start=\"180\" data-end=\"230\"><strong data-start=\"180\" data-end=\"228\">MUCHO GUSTO\u00ae Schal Woolflower Midnight Bloom<\/strong><\/p>\n<p data-start=\"232\" data-end=\"408\">Der <strong>MUCHO GUSTO\u00ae Schal Woolflower Midnight Bloom<\/strong> vereint moderne Weiblichkeit mit zeitloser niederl\u00e4ndischer Eleganz \u2013 ein luxuri\u00f6ses Accessoire, das jede Garderobe aufwertet<\/p>\n<p data-start=\"410\" data-end=\"668\">Dieses elegante, dreieckige Tuch zeigt ein zartes Blumenmuster auf tiefem Mitternachtsblau, akzentuiert durch weiche Fransen. Die harmonische Farbkomposition und die raffinierte Gestaltung machen diesen Schal zu einem echten Hingucker \u2013 zu jeder Jahreszeit<\/p>\n<p data-start=\"670\" data-end=\"939\">Hergestellt aus 100 % hochwertigem Polyester bietet der Schal eine seidig-glatte Haptik und einen leichten, flie\u00dfenden Fall. Mit seinem gro\u00dfz\u00fcgigen Format von ca. 130 x 80 x 80 cm l\u00e4sst er sich vielseitig stylen \u2013 von entspannt-l\u00e4ssig bis hin zu elegant geschichtet<\/p>\n<p data-start=\"941\" data-end=\"1074\">F\u00fcr Frauen, die Komfort, Stil und markantes Design sch\u00e4tzen, bringt der Woolflower Midnight Bloom m\u00fchelose Raffinesse in jeden Look<\/p>\n<p data-start=\"1076\" data-end=\"1282\"><strong data-start=\"1076\" data-end=\"1092\">Dutch Design<\/strong><br data-start=\"1092\" data-end=\"1095\" \/><strong data-start=\"1095\" data-end=\"1108\">Material:<\/strong> 100 % Seide<br data-start=\"1124\" data-end=\"1127\" \/><strong data-start=\"1127\" data-end=\"1136\">Ma\u00dfe:<\/strong> 130 x 80 x 80 cm<br data-start=\"1159\" data-end=\"1162\" \/><strong data-start=\"1162\" data-end=\"1171\">Form:<\/strong> Dreieckig<br data-start=\"1181\" data-end=\"1184\" \/><strong data-start=\"1184\" data-end=\"1195\">Design:<\/strong> Florales Muster mit Fransen<br data-start=\"1223\" data-end=\"1226\" \/><strong data-start=\"1226\" data-end=\"1237\">Farben:<\/strong> Mitternachtsblau, Elfenbein, Rot, Zartgrau<\/p>\n<h3>MATCHING GARMENTS<\/h3>\n<p>Complete your look with one of our matching\u00a0<a href=\"https:\/\/muchogusto.nl\/de\/blusen\/\">blouses<\/a>.<br \/>\nDo you want to see more scarfs? Check out our\u00a0<a href=\"https:\/\/muchogusto.nl\/de\/schals\/\">scarfs<\/a>\u00a0page.<br \/>\nDo you want more inspiration? Check out our\u00a0<a href=\"http:\/\/instagram.com\/muchogusto.nl\">Instagram<\/a>\u00a0page.<\/p>\n<h3>NEED HELP?<\/h3>\n<p>If you have any questions about this item or the size, please mail our customer care team at\u00a0<a href=\"mailto:web@muchogusto.nl\">web@muchogusto.nl<\/a>.<\/p>\n<\/div>\n","protected":false},"excerpt":{"rendered":"<p>DETAILS ZUM PRODUKT MUCHO GUSTO\u00ae Schal Woolflower Midnight Bloom Der MUCHO GUSTO\u00ae Schal Woolflower Midnight Bloom vereint moderne Weiblichkeit mit zeitloser niederl\u00e4ndischer Eleganz \u2013 ein luxuri\u00f6ses Accessoire, das jede Garderobe aufwertet Dieses elegante, dreieckige Tuch zeigt ein zartes Blumenmuster auf tiefem Mitternachtsblau, akzentuiert durch weiche Fransen. Die harmonische Farbkomposition und die raffinierte Gestaltung machen diesen [&hellip;]<\/p>\n","protected":false},"featured_media":50326,"comment_status":"open","ping_status":"closed","template":"","meta":{"_acf_changed":false,"inline_featured_image":false,"navigation_state":false,"_genesis_hide_title":false,"_genesis_hide_breadcrumbs":false,"_genesis_hide_singular_image":false,"_genesis_hide_footer_widgets":false,"_genesis_custom_body_class":"","_genesis_custom_post_class":"","_genesis_layout":""},"product_brand":[],"product_cat":[87],"product_tag":[],"class_list":{"0":"post-50403","1":"product","2":"type-product","3":"status-publish","4":"has-post-thumbnail","6":"product_cat-schals","7":"entry","9":"first","10":"instock","11":"sale","12":"taxable","13":"shipping-taxable","14":"purchasable","15":"product-type-simple"},"acf":[],"yoast_head":"<!-- This site is optimized with the Yoast SEO Premium plugin v27.2 (Yoast SEO v27.2) - https:\/\/yoast.com\/product\/yoast-seo-premium-wordpress\/ -->\n<title>MUCHO GUSTO\u00ae Schal Woolflower Midnight Bloom - Mucho Gusto<\/title>\n<meta name=\"description\" content=\"MUCHO GUSTO\u00ae Schal mit floralem Print, Mitternachtsblau und Fransen \u2013 stilvolles Dutch Design f\u00fcr elegante, vielseitige Looks\" \/>\n<meta name=\"robots\" content=\"index, follow, max-snippet:-1, max-image-preview:large, max-video-preview:-1\" \/>\n<link rel=\"canonical\" href=\"https:\/\/muchogusto.nl\/de\/produkt\/mucho-gusto-schal-woolflower-midnight-bloom\/\" \/>\n<meta property=\"og:locale\" content=\"de_DE\" \/>\n<meta property=\"og:type\" content=\"article\" \/>\n<meta property=\"og:title\" content=\"MUCHO GUSTO\u00ae Schal Woolflower Midnight Bloom\" \/>\n<meta property=\"og:description\" content=\"MUCHO GUSTO\u00ae Schal mit floralem Print, Mitternachtsblau und Fransen \u2013 stilvolles Dutch Design f\u00fcr elegante, vielseitige Looks\" \/>\n<meta property=\"og:url\" content=\"https:\/\/muchogusto.nl\/de\/produkt\/mucho-gusto-schal-woolflower-midnight-bloom\/\" \/>\n<meta property=\"og:site_name\" content=\"Mucho Gusto\" \/>\n<meta property=\"article:publisher\" content=\"https:\/\/www.facebook.com\/muchogusto.nl\/\" \/>\n<meta property=\"article:modified_time\" content=\"2026-03-02T11:02:38+00:00\" \/>\n<meta property=\"og:image\" content=\"https:\/\/muchogusto.nl\/wp-content\/uploads\/2025\/10\/S52WOO003-scaled.jpg\" \/>\n\t<meta property=\"og:image:width\" content=\"1920\" \/>\n\t<meta property=\"og:image:height\" content=\"2560\" \/>\n\t<meta property=\"og:image:type\" content=\"image\/jpeg\" \/>\n<meta name=\"twitter:card\" content=\"summary_large_image\" \/>\n<meta name=\"twitter:label1\" content=\"Est. reading time\" \/>\n\t<meta name=\"twitter:data1\" content=\"2 minutes\" \/>\n<script type=\"application\/ld+json\" class=\"yoast-schema-graph\">{\"@context\":\"https:\/\/schema.org\",\"@graph\":[{\"@type\":\"WebPage\",\"@id\":\"https:\/\/muchogusto.nl\/de\/produkt\/mucho-gusto-schal-woolflower-midnight-bloom\/\",\"url\":\"https:\/\/muchogusto.nl\/de\/produkt\/mucho-gusto-schal-woolflower-midnight-bloom\/\",\"name\":\"MUCHO GUSTO\u00ae Schal Woolflower Midnight Bloom - Mucho Gusto\",\"isPartOf\":{\"@id\":\"https:\/\/muchogusto.nl\/#website\"},\"primaryImageOfPage\":{\"@id\":\"https:\/\/muchogusto.nl\/de\/produkt\/mucho-gusto-schal-woolflower-midnight-bloom\/#primaryimage\"},\"image\":{\"@id\":\"https:\/\/muchogusto.nl\/de\/produkt\/mucho-gusto-schal-woolflower-midnight-bloom\/#primaryimage\"},\"thumbnailUrl\":\"https:\/\/muchogusto.nl\/wp-content\/uploads\/2025\/10\/S52WOO003-scaled.jpg\",\"datePublished\":\"2025-10-07T13:41:50+00:00\",\"dateModified\":\"2026-03-02T11:02:38+00:00\",\"description\":\"MUCHO GUSTO\u00ae Schal mit floralem Print, Mitternachtsblau und Fransen \u2013 stilvolles Dutch Design f\u00fcr elegante, vielseitige Looks\",\"breadcrumb\":{\"@id\":\"https:\/\/muchogusto.nl\/de\/produkt\/mucho-gusto-schal-woolflower-midnight-bloom\/#breadcrumb\"},\"inLanguage\":\"de-DE\",\"potentialAction\":[{\"@type\":\"ReadAction\",\"target\":[\"https:\/\/muchogusto.nl\/de\/produkt\/mucho-gusto-schal-woolflower-midnight-bloom\/\"]}]},{\"@type\":\"ImageObject\",\"inLanguage\":\"de-DE\",\"@id\":\"https:\/\/muchogusto.nl\/de\/produkt\/mucho-gusto-schal-woolflower-midnight-bloom\/#primaryimage\",\"url\":\"https:\/\/muchogusto.nl\/wp-content\/uploads\/2025\/10\/S52WOO003-scaled.jpg\",\"contentUrl\":\"https:\/\/muchogusto.nl\/wp-content\/uploads\/2025\/10\/S52WOO003-scaled.jpg\",\"width\":1920,\"height\":2560,\"caption\":\"MUCHO GUSTO\u00ae Schal Woolflower Midnight Bloom\"},{\"@type\":\"BreadcrumbList\",\"@id\":\"https:\/\/muchogusto.nl\/de\/produkt\/mucho-gusto-schal-woolflower-midnight-bloom\/#breadcrumb\",\"itemListElement\":[{\"@type\":\"ListItem\",\"position\":1,\"name\":\"Home\",\"item\":\"https:\/\/muchogusto.nl\/de\/\"},{\"@type\":\"ListItem\",\"position\":2,\"name\":\"Shop\",\"item\":\"https:\/\/muchogusto.nl\/de\/shop-2\/\"},{\"@type\":\"ListItem\",\"position\":3,\"name\":\"MUCHO GUSTO\u00ae Schal Woolflower Midnight Bloom\"}]},{\"@type\":\"WebSite\",\"@id\":\"https:\/\/muchogusto.nl\/#website\",\"url\":\"https:\/\/muchogusto.nl\/\",\"name\":\"muchogusto.nl\",\"description\":\"\",\"publisher\":{\"@id\":\"https:\/\/muchogusto.nl\/#organization\"},\"potentialAction\":[{\"@type\":\"SearchAction\",\"target\":{\"@type\":\"EntryPoint\",\"urlTemplate\":\"https:\/\/muchogusto.nl\/?s={search_term_string}\"},\"query-input\":{\"@type\":\"PropertyValueSpecification\",\"valueRequired\":true,\"valueName\":\"search_term_string\"}}],\"inLanguage\":\"de-DE\"},{\"@type\":\"Organization\",\"@id\":\"https:\/\/muchogusto.nl\/#organization\",\"name\":\"Mucho Gusto\",\"url\":\"https:\/\/muchogusto.nl\/\",\"logo\":{\"@type\":\"ImageObject\",\"inLanguage\":\"de-DE\",\"@id\":\"https:\/\/muchogusto.nl\/#\/schema\/logo\/image\/\",\"url\":\"https:\/\/muchogusto.nl\/wp-content\/uploads\/2022\/08\/logo_header.svg\",\"contentUrl\":\"https:\/\/muchogusto.nl\/wp-content\/uploads\/2022\/08\/logo_header.svg\",\"caption\":\"Mucho Gusto\"},\"image\":{\"@id\":\"https:\/\/muchogusto.nl\/#\/schema\/logo\/image\/\"},\"sameAs\":[\"https:\/\/www.facebook.com\/muchogusto.nl\/\",\"https:\/\/www.instagram.com\/muchogusto.nl\/\"]}]}<\/script>\n<!-- \/ Yoast SEO Premium plugin. -->","yoast_head_json":{"title":"MUCHO GUSTO\u00ae Schal Woolflower Midnight Bloom - Mucho Gusto","description":"MUCHO GUSTO\u00ae Schal mit floralem Print, Mitternachtsblau und Fransen \u2013 stilvolles Dutch Design f\u00fcr elegante, vielseitige Looks","robots":{"index":"index","follow":"follow","max-snippet":"max-snippet:-1","max-image-preview":"max-image-preview:large","max-video-preview":"max-video-preview:-1"},"canonical":"https:\/\/muchogusto.nl\/de\/produkt\/mucho-gusto-schal-woolflower-midnight-bloom\/","og_locale":"de_DE","og_type":"article","og_title":"MUCHO GUSTO\u00ae Schal Woolflower Midnight Bloom","og_description":"MUCHO GUSTO\u00ae Schal mit floralem Print, Mitternachtsblau und Fransen \u2013 stilvolles Dutch Design f\u00fcr elegante, vielseitige Looks","og_url":"https:\/\/muchogusto.nl\/de\/produkt\/mucho-gusto-schal-woolflower-midnight-bloom\/","og_site_name":"Mucho Gusto","article_publisher":"https:\/\/www.facebook.com\/muchogusto.nl\/","article_modified_time":"2026-03-02T11:02:38+00:00","og_image":[{"width":1920,"height":2560,"url":"https:\/\/muchogusto.nl\/wp-content\/uploads\/2025\/10\/S52WOO003-scaled.jpg","type":"image\/jpeg"}],"twitter_card":"summary_large_image","twitter_misc":{"Est. reading time":"2 minutes"},"schema":{"@context":"https:\/\/schema.org","@graph":[{"@type":"WebPage","@id":"https:\/\/muchogusto.nl\/de\/produkt\/mucho-gusto-schal-woolflower-midnight-bloom\/","url":"https:\/\/muchogusto.nl\/de\/produkt\/mucho-gusto-schal-woolflower-midnight-bloom\/","name":"MUCHO GUSTO\u00ae Schal Woolflower Midnight Bloom - Mucho Gusto","isPartOf":{"@id":"https:\/\/muchogusto.nl\/#website"},"primaryImageOfPage":{"@id":"https:\/\/muchogusto.nl\/de\/produkt\/mucho-gusto-schal-woolflower-midnight-bloom\/#primaryimage"},"image":{"@id":"https:\/\/muchogusto.nl\/de\/produkt\/mucho-gusto-schal-woolflower-midnight-bloom\/#primaryimage"},"thumbnailUrl":"https:\/\/muchogusto.nl\/wp-content\/uploads\/2025\/10\/S52WOO003-scaled.jpg","datePublished":"2025-10-07T13:41:50+00:00","dateModified":"2026-03-02T11:02:38+00:00","description":"MUCHO GUSTO\u00ae Schal mit floralem Print, Mitternachtsblau und Fransen \u2013 stilvolles Dutch Design f\u00fcr elegante, vielseitige Looks","breadcrumb":{"@id":"https:\/\/muchogusto.nl\/de\/produkt\/mucho-gusto-schal-woolflower-midnight-bloom\/#breadcrumb"},"inLanguage":"de-DE","potentialAction":[{"@type":"ReadAction","target":["https:\/\/muchogusto.nl\/de\/produkt\/mucho-gusto-schal-woolflower-midnight-bloom\/"]}]},{"@type":"ImageObject","inLanguage":"de-DE","@id":"https:\/\/muchogusto.nl\/de\/produkt\/mucho-gusto-schal-woolflower-midnight-bloom\/#primaryimage","url":"https:\/\/muchogusto.nl\/wp-content\/uploads\/2025\/10\/S52WOO003-scaled.jpg","contentUrl":"https:\/\/muchogusto.nl\/wp-content\/uploads\/2025\/10\/S52WOO003-scaled.jpg","width":1920,"height":2560,"caption":"MUCHO GUSTO\u00ae Schal Woolflower Midnight Bloom"},{"@type":"BreadcrumbList","@id":"https:\/\/muchogusto.nl\/de\/produkt\/mucho-gusto-schal-woolflower-midnight-bloom\/#breadcrumb","itemListElement":[{"@type":"ListItem","position":1,"name":"Home","item":"https:\/\/muchogusto.nl\/de\/"},{"@type":"ListItem","position":2,"name":"Shop","item":"https:\/\/muchogusto.nl\/de\/shop-2\/"},{"@type":"ListItem","position":3,"name":"MUCHO GUSTO\u00ae Schal Woolflower Midnight Bloom"}]},{"@type":"WebSite","@id":"https:\/\/muchogusto.nl\/#website","url":"https:\/\/muchogusto.nl\/","name":"muchogusto.nl","description":"","publisher":{"@id":"https:\/\/muchogusto.nl\/#organization"},"potentialAction":[{"@type":"SearchAction","target":{"@type":"EntryPoint","urlTemplate":"https:\/\/muchogusto.nl\/?s={search_term_string}"},"query-input":{"@type":"PropertyValueSpecification","valueRequired":true,"valueName":"search_term_string"}}],"inLanguage":"de-DE"},{"@type":"Organization","@id":"https:\/\/muchogusto.nl\/#organization","name":"Mucho Gusto","url":"https:\/\/muchogusto.nl\/","logo":{"@type":"ImageObject","inLanguage":"de-DE","@id":"https:\/\/muchogusto.nl\/#\/schema\/logo\/image\/","url":"https:\/\/muchogusto.nl\/wp-content\/uploads\/2022\/08\/logo_header.svg","contentUrl":"https:\/\/muchogusto.nl\/wp-content\/uploads\/2022\/08\/logo_header.svg","caption":"Mucho Gusto"},"image":{"@id":"https:\/\/muchogusto.nl\/#\/schema\/logo\/image\/"},"sameAs":["https:\/\/www.facebook.com\/muchogusto.nl\/","https:\/\/www.instagram.com\/muchogusto.nl\/"]}]}},"_links":{"self":[{"href":"https:\/\/muchogusto.nl\/de\/wp-json\/wp\/v2\/product\/50403","targetHints":{"allow":["GET"]}}],"collection":[{"href":"https:\/\/muchogusto.nl\/de\/wp-json\/wp\/v2\/product"}],"about":[{"href":"https:\/\/muchogusto.nl\/de\/wp-json\/wp\/v2\/types\/product"}],"replies":[{"embeddable":true,"href":"https:\/\/muchogusto.nl\/de\/wp-json\/wp\/v2\/comments?post=50403"}],"wp:featuredmedia":[{"embeddable":true,"href":"https:\/\/muchogusto.nl\/de\/wp-json\/wp\/v2\/media\/50326"}],"wp:attachment":[{"href":"https:\/\/muchogusto.nl\/de\/wp-json\/wp\/v2\/media?parent=50403"}],"wp:term":[{"taxonomy":"product_brand","embeddable":true,"href":"https:\/\/muchogusto.nl\/de\/wp-json\/wp\/v2\/product_brand?post=50403"},{"taxonomy":"product_cat","embeddable":true,"href":"https:\/\/muchogusto.nl\/de\/wp-json\/wp\/v2\/product_cat?post=50403"},{"taxonomy":"product_tag","embeddable":true,"href":"https:\/\/muchogusto.nl\/de\/wp-json\/wp\/v2\/product_tag?post=50403"}],"curies":[{"name":"wp","href":"https:\/\/api.w.org\/{rel}","templated":true}]}}