{"id":50373,"date":"2025-10-07T10:24:44","date_gmt":"2025-10-07T08:24:44","guid":{"rendered":"https:\/\/muchogusto.nl\/product\/mucho-gusto-scarf-fringes-sahara-muse\/"},"modified":"2026-03-02T12:02:38","modified_gmt":"2026-03-02T11:02:38","slug":"mucho-gusto-schal-fringes-sahara-muse","status":"publish","type":"product","link":"https:\/\/muchogusto.nl\/de\/produkt\/mucho-gusto-schal-fringes-sahara-muse\/","title":{"rendered":"MUCHO GUSTO\u00ae Schal Fringes Sahara Muse"},"content":{"rendered":"<h3>DETAILS ZUM PRODUKT<\/h3>\n<div class=\"text-base my-auto mx-auto pb-10 [--thread-content-margin:--spacing(4)] thread-sm:[--thread-content-margin:--spacing(6)] thread-lg:[--thread-content-margin:--spacing(16)] px-(--thread-content-margin)\">\n<div class=\"[--thread-content-max-width:40rem] thread-lg:[--thread-content-max-width:48rem] mx-auto max-w-(--thread-content-max-width) flex-1 group\/turn-messages focus-visible:outline-hidden relative flex w-full min-w-0 flex-col agent-turn\" tabindex=\"-1\">\n<div class=\"flex max-w-full flex-col grow\">\n<div class=\"min-h-8 text-message relative flex w-full flex-col items-end gap-2 text-start break-words whitespace-normal [.text-message+&amp;]:mt-5\" dir=\"auto\" data-message-author-role=\"assistant\" data-message-id=\"7d660181-e84d-4c16-ae06-f30c695b42e0\" data-message-model-slug=\"gpt-5\">\n<div class=\"flex w-full flex-col gap-1 empty:hidden first:pt-[1px]\">\n<div class=\"markdown prose dark:prose-invert w-full break-words dark markdown-new-styling\">\n<p data-start=\"201\" data-end=\"245\"><strong data-start=\"201\" data-end=\"243\">MUCHO GUSTO\u00ae Schal Fringes Sahara Muse<\/strong><\/p>\n<p data-start=\"247\" data-end=\"583\">Lass dich vom Zauber der W\u00fcste inspirieren mit dem <strong>MUCHO GUSTO\u00ae Schal Fringes Sahara Muse<\/strong> \u2013 ein stilvolles Accessoire, das die faszinierende Sch\u00f6nheit von W\u00fcstenlandschaften mit moderner Raffinesse vereint. F\u00fcr selbstbewusste Frauen mit einem Blick f\u00fcr feine Details vereint dieser Schal Poesie, Power und Design in perfekter Harmonie<\/p>\n<p data-start=\"585\" data-end=\"899\">Das Design kombiniert sanfte Erdt\u00f6ne mit markanten geometrischen Mustern und Schlangenhaut-inspirierten Akzenten. Beige, Olivgr\u00fcn und Ros\u00e9 verschmelzen nahtlos mit kr\u00e4ftigen Highlights in Rot und Schwarz. Die charakteristischen Fransen in Kamelbraun verleihen dem Schal Struktur, W\u00e4rme und eine moderne Boho-Note<\/p>\n<p data-start=\"901\" data-end=\"1106\">Mit seiner gro\u00dfz\u00fcgigen, dreieckigen Form (220 x 140 x 140 cm) f\u00e4llt der Sahara Muse elegant und l\u00e4sst sich vielseitig stylen \u2013 ob locker drapiert, um den Hals gewickelt oder als auff\u00e4llige Stola getragen<\/p>\n<p data-start=\"1108\" data-end=\"1356\">Hergestellt aus hochwertigem Polyester, ist der Schal leicht, seidig im Griff und dennoch robust \u2013 ideal f\u00fcr den stilvollen Auftritt tags\u00fcber wie abends. Der Sahara Muse ist ein zeitloses Statement f\u00fcr m\u00fchelose Eleganz mit k\u00fcnstlerischem Ausdruck<\/p>\n<p data-start=\"1358\" data-end=\"1614\"><strong data-start=\"1358\" data-end=\"1374\">Dutch Design<\/strong><br data-start=\"1374\" data-end=\"1377\" \/><strong data-start=\"1377\" data-end=\"1390\">Material:<\/strong> 100 % Polyester<br data-start=\"1406\" data-end=\"1409\" \/><strong data-start=\"1409\" data-end=\"1418\">Ma\u00dfe:<\/strong> 220 x 140 x 140 cm<br data-start=\"1437\" data-end=\"1440\" \/><strong data-start=\"1440\" data-end=\"1449\">Form:<\/strong> Dreieckig<br data-start=\"1459\" data-end=\"1462\" \/><strong data-start=\"1462\" data-end=\"1473\">Design:<\/strong> Schlangenhaut-inspirierte und geometrische Muster mit roten Highlights<br data-start=\"1544\" data-end=\"1547\" \/><strong data-start=\"1547\" data-end=\"1558\">Farben:<\/strong> Beige, Oliv, Ros\u00e9, Rot, Schwarz, Kamelbraun (Fransen)<\/p>\n<\/div>\n<\/div>\n<\/div>\n<\/div>\n<\/div>\n<\/div>\n<div class=\"markdown prose w-full break-words dark:prose-invert light\">\n<h3>PASSENDE ARTIKEL<\/h3>\n<div class=\"summary\">\n<div class=\"tccContent\">\n<div class=\"summary\">\n<div class=\"flex w-full flex-col gap-1 empty:hidden first:pt-[3px]\">\n<div class=\"markdown prose dark:prose-invert w-full break-words light\">\n<p class=\"p2\"><span class=\"s1\">Vervollst\u00e4ndigen Sie Ihren Look mit einem passenden\u00a0<a href=\"https:\/\/muchogusto.nl\/de\/schals\/\"><span class=\"s2\">Schal<\/span><\/a>.<br \/>\n<\/span><span class=\"s1\">M\u00f6chten Sie mehr Blusen sehen? Dann schauen Sie sich unsere\u00a0<a href=\"https:\/\/muchogusto.nl\/de\/blusen\/\"><span class=\"s2\">Bekleidungsseite<\/span><\/a>\u00a0an.<br \/>\n<\/span><span class=\"s1\">M\u00f6chten Sie mehr Inspiration? Besuchen Sie unsere\u00a0<a href=\"https:\/\/www.instagram.com\/muchogusto.nl\/\"><span class=\"s2\">Instagram<\/span><\/a>-Seite.\u00a0<\/span><\/p>\n<h3>BRAUCHEN SIE HILFE?<\/h3>\n<p>Wenn Sie Fragen zu diesem Artikel oder der Gr\u00f6\u00dfe haben, senden Sie eine E-Mail an unseren Kundenservice unter<a href=\"http:\/\/muchogusto.nl\/de\/\"><span class=\"s2\">web@muchogusto.nl.<\/span><\/a><\/p>\n<h3>GR\u00d6SSENTABELLEN<\/h3>\n<p>Unsere Gr\u00f6\u00dfen sind in europ\u00e4ischen Gr\u00f6\u00dfen angegeben. Sie k\u00f6nnen diese Gr\u00f6\u00dfen anhand der Tabellen\u00a0<a href=\"https:\/\/muchogusto.nl\/de\/grossentabellen\/\">auf dieser Seite<\/a>\u00a0leicht umrechnen. Die Passform kann je nach Stil oder pers\u00f6nlicher Vorliebe variieren.<\/p>\n<\/div>\n<\/div>\n<\/div>\n<\/div>\n<\/div>\n<\/div>\n","protected":false},"excerpt":{"rendered":"<p>DETAILS ZUM PRODUKT MUCHO GUSTO\u00ae Schal Fringes Sahara Muse Lass dich vom Zauber der W\u00fcste inspirieren mit dem MUCHO GUSTO\u00ae Schal Fringes Sahara Muse \u2013 ein stilvolles Accessoire, das die faszinierende Sch\u00f6nheit von W\u00fcstenlandschaften mit moderner Raffinesse vereint. F\u00fcr selbstbewusste Frauen mit einem Blick f\u00fcr feine Details vereint dieser Schal Poesie, Power und Design in [&hellip;]<\/p>\n","protected":false},"featured_media":50231,"comment_status":"open","ping_status":"closed","template":"","meta":{"_acf_changed":false,"inline_featured_image":false,"navigation_state":false,"_genesis_hide_title":false,"_genesis_hide_breadcrumbs":false,"_genesis_hide_singular_image":false,"_genesis_hide_footer_widgets":false,"_genesis_custom_body_class":"","_genesis_custom_post_class":"","_genesis_layout":""},"product_brand":[],"product_cat":[87],"product_tag":[],"class_list":{"0":"post-50373","1":"product","2":"type-product","3":"status-publish","4":"has-post-thumbnail","6":"product_cat-schals","7":"entry","9":"first","10":"instock","11":"sale","12":"taxable","13":"shipping-taxable","14":"purchasable","15":"product-type-simple"},"acf":[],"yoast_head":"<!-- This site is optimized with the Yoast SEO Premium plugin v27.2 (Yoast SEO v27.2) - https:\/\/yoast.com\/product\/yoast-seo-premium-wordpress\/ -->\n<title>MUCHO GUSTO\u00ae Schal Fringes Sahara Muse - Mucho Gusto<\/title>\n<meta name=\"description\" content=\"MUCHO GUSTO\u00ae Schal mit Schlangenmuster, roten Akzenten und Fransen \u2013 stilvolles Dutch Design inspiriert von der W\u00fcste, leicht &amp; elegant\" \/>\n<meta name=\"robots\" content=\"index, follow, max-snippet:-1, max-image-preview:large, max-video-preview:-1\" \/>\n<link rel=\"canonical\" href=\"https:\/\/muchogusto.nl\/de\/produkt\/mucho-gusto-schal-fringes-sahara-muse\/\" \/>\n<meta property=\"og:locale\" content=\"de_DE\" \/>\n<meta property=\"og:type\" content=\"article\" \/>\n<meta property=\"og:title\" content=\"MUCHO GUSTO\u00ae Schal Fringes Sahara Muse\" \/>\n<meta property=\"og:description\" content=\"MUCHO GUSTO\u00ae Schal mit Schlangenmuster, roten Akzenten und Fransen \u2013 stilvolles Dutch Design inspiriert von der W\u00fcste, leicht &amp; elegant\" \/>\n<meta property=\"og:url\" content=\"https:\/\/muchogusto.nl\/de\/produkt\/mucho-gusto-schal-fringes-sahara-muse\/\" \/>\n<meta property=\"og:site_name\" content=\"Mucho Gusto\" \/>\n<meta property=\"article:publisher\" content=\"https:\/\/www.facebook.com\/muchogusto.nl\/\" \/>\n<meta property=\"article:modified_time\" content=\"2026-03-02T11:02:38+00:00\" \/>\n<meta property=\"og:image\" content=\"https:\/\/muchogusto.nl\/wp-content\/uploads\/2025\/10\/S52FRI003-canva-scaled.jpg\" \/>\n\t<meta property=\"og:image:width\" content=\"1920\" \/>\n\t<meta property=\"og:image:height\" content=\"2560\" \/>\n\t<meta property=\"og:image:type\" content=\"image\/jpeg\" \/>\n<meta name=\"twitter:card\" content=\"summary_large_image\" \/>\n<meta name=\"twitter:label1\" content=\"Est. reading time\" \/>\n\t<meta name=\"twitter:data1\" content=\"2 minutes\" \/>\n<script type=\"application\/ld+json\" class=\"yoast-schema-graph\">{\"@context\":\"https:\/\/schema.org\",\"@graph\":[{\"@type\":\"WebPage\",\"@id\":\"https:\/\/muchogusto.nl\/de\/produkt\/mucho-gusto-schal-fringes-sahara-muse\/\",\"url\":\"https:\/\/muchogusto.nl\/de\/produkt\/mucho-gusto-schal-fringes-sahara-muse\/\",\"name\":\"MUCHO GUSTO\u00ae Schal Fringes Sahara Muse - Mucho Gusto\",\"isPartOf\":{\"@id\":\"https:\/\/muchogusto.nl\/#website\"},\"primaryImageOfPage\":{\"@id\":\"https:\/\/muchogusto.nl\/de\/produkt\/mucho-gusto-schal-fringes-sahara-muse\/#primaryimage\"},\"image\":{\"@id\":\"https:\/\/muchogusto.nl\/de\/produkt\/mucho-gusto-schal-fringes-sahara-muse\/#primaryimage\"},\"thumbnailUrl\":\"https:\/\/muchogusto.nl\/wp-content\/uploads\/2025\/10\/S52FRI003-canva-scaled.jpg\",\"datePublished\":\"2025-10-07T08:24:44+00:00\",\"dateModified\":\"2026-03-02T11:02:38+00:00\",\"description\":\"MUCHO GUSTO\u00ae Schal mit Schlangenmuster, roten Akzenten und Fransen \u2013 stilvolles Dutch Design inspiriert von der W\u00fcste, leicht & elegant\",\"breadcrumb\":{\"@id\":\"https:\/\/muchogusto.nl\/de\/produkt\/mucho-gusto-schal-fringes-sahara-muse\/#breadcrumb\"},\"inLanguage\":\"de-DE\",\"potentialAction\":[{\"@type\":\"ReadAction\",\"target\":[\"https:\/\/muchogusto.nl\/de\/produkt\/mucho-gusto-schal-fringes-sahara-muse\/\"]}]},{\"@type\":\"ImageObject\",\"inLanguage\":\"de-DE\",\"@id\":\"https:\/\/muchogusto.nl\/de\/produkt\/mucho-gusto-schal-fringes-sahara-muse\/#primaryimage\",\"url\":\"https:\/\/muchogusto.nl\/wp-content\/uploads\/2025\/10\/S52FRI003-canva-scaled.jpg\",\"contentUrl\":\"https:\/\/muchogusto.nl\/wp-content\/uploads\/2025\/10\/S52FRI003-canva-scaled.jpg\",\"width\":1920,\"height\":2560,\"caption\":\"MUCHO GUSTO\u00ae Schal Fringes Sahara Muse\"},{\"@type\":\"BreadcrumbList\",\"@id\":\"https:\/\/muchogusto.nl\/de\/produkt\/mucho-gusto-schal-fringes-sahara-muse\/#breadcrumb\",\"itemListElement\":[{\"@type\":\"ListItem\",\"position\":1,\"name\":\"Home\",\"item\":\"https:\/\/muchogusto.nl\/de\/\"},{\"@type\":\"ListItem\",\"position\":2,\"name\":\"Shop\",\"item\":\"https:\/\/muchogusto.nl\/de\/shop-2\/\"},{\"@type\":\"ListItem\",\"position\":3,\"name\":\"MUCHO GUSTO\u00ae Schal Fringes Sahara Muse\"}]},{\"@type\":\"WebSite\",\"@id\":\"https:\/\/muchogusto.nl\/#website\",\"url\":\"https:\/\/muchogusto.nl\/\",\"name\":\"muchogusto.nl\",\"description\":\"\",\"publisher\":{\"@id\":\"https:\/\/muchogusto.nl\/#organization\"},\"potentialAction\":[{\"@type\":\"SearchAction\",\"target\":{\"@type\":\"EntryPoint\",\"urlTemplate\":\"https:\/\/muchogusto.nl\/?s={search_term_string}\"},\"query-input\":{\"@type\":\"PropertyValueSpecification\",\"valueRequired\":true,\"valueName\":\"search_term_string\"}}],\"inLanguage\":\"de-DE\"},{\"@type\":\"Organization\",\"@id\":\"https:\/\/muchogusto.nl\/#organization\",\"name\":\"Mucho Gusto\",\"url\":\"https:\/\/muchogusto.nl\/\",\"logo\":{\"@type\":\"ImageObject\",\"inLanguage\":\"de-DE\",\"@id\":\"https:\/\/muchogusto.nl\/#\/schema\/logo\/image\/\",\"url\":\"https:\/\/muchogusto.nl\/wp-content\/uploads\/2022\/08\/logo_header.svg\",\"contentUrl\":\"https:\/\/muchogusto.nl\/wp-content\/uploads\/2022\/08\/logo_header.svg\",\"caption\":\"Mucho Gusto\"},\"image\":{\"@id\":\"https:\/\/muchogusto.nl\/#\/schema\/logo\/image\/\"},\"sameAs\":[\"https:\/\/www.facebook.com\/muchogusto.nl\/\",\"https:\/\/www.instagram.com\/muchogusto.nl\/\"]}]}<\/script>\n<!-- \/ Yoast SEO Premium plugin. -->","yoast_head_json":{"title":"MUCHO GUSTO\u00ae Schal Fringes Sahara Muse - Mucho Gusto","description":"MUCHO GUSTO\u00ae Schal mit Schlangenmuster, roten Akzenten und Fransen \u2013 stilvolles Dutch Design inspiriert von der W\u00fcste, leicht & elegant","robots":{"index":"index","follow":"follow","max-snippet":"max-snippet:-1","max-image-preview":"max-image-preview:large","max-video-preview":"max-video-preview:-1"},"canonical":"https:\/\/muchogusto.nl\/de\/produkt\/mucho-gusto-schal-fringes-sahara-muse\/","og_locale":"de_DE","og_type":"article","og_title":"MUCHO GUSTO\u00ae Schal Fringes Sahara Muse","og_description":"MUCHO GUSTO\u00ae Schal mit Schlangenmuster, roten Akzenten und Fransen \u2013 stilvolles Dutch Design inspiriert von der W\u00fcste, leicht & elegant","og_url":"https:\/\/muchogusto.nl\/de\/produkt\/mucho-gusto-schal-fringes-sahara-muse\/","og_site_name":"Mucho Gusto","article_publisher":"https:\/\/www.facebook.com\/muchogusto.nl\/","article_modified_time":"2026-03-02T11:02:38+00:00","og_image":[{"width":1920,"height":2560,"url":"https:\/\/muchogusto.nl\/wp-content\/uploads\/2025\/10\/S52FRI003-canva-scaled.jpg","type":"image\/jpeg"}],"twitter_card":"summary_large_image","twitter_misc":{"Est. reading time":"2 minutes"},"schema":{"@context":"https:\/\/schema.org","@graph":[{"@type":"WebPage","@id":"https:\/\/muchogusto.nl\/de\/produkt\/mucho-gusto-schal-fringes-sahara-muse\/","url":"https:\/\/muchogusto.nl\/de\/produkt\/mucho-gusto-schal-fringes-sahara-muse\/","name":"MUCHO GUSTO\u00ae Schal Fringes Sahara Muse - Mucho Gusto","isPartOf":{"@id":"https:\/\/muchogusto.nl\/#website"},"primaryImageOfPage":{"@id":"https:\/\/muchogusto.nl\/de\/produkt\/mucho-gusto-schal-fringes-sahara-muse\/#primaryimage"},"image":{"@id":"https:\/\/muchogusto.nl\/de\/produkt\/mucho-gusto-schal-fringes-sahara-muse\/#primaryimage"},"thumbnailUrl":"https:\/\/muchogusto.nl\/wp-content\/uploads\/2025\/10\/S52FRI003-canva-scaled.jpg","datePublished":"2025-10-07T08:24:44+00:00","dateModified":"2026-03-02T11:02:38+00:00","description":"MUCHO GUSTO\u00ae Schal mit Schlangenmuster, roten Akzenten und Fransen \u2013 stilvolles Dutch Design inspiriert von der W\u00fcste, leicht & elegant","breadcrumb":{"@id":"https:\/\/muchogusto.nl\/de\/produkt\/mucho-gusto-schal-fringes-sahara-muse\/#breadcrumb"},"inLanguage":"de-DE","potentialAction":[{"@type":"ReadAction","target":["https:\/\/muchogusto.nl\/de\/produkt\/mucho-gusto-schal-fringes-sahara-muse\/"]}]},{"@type":"ImageObject","inLanguage":"de-DE","@id":"https:\/\/muchogusto.nl\/de\/produkt\/mucho-gusto-schal-fringes-sahara-muse\/#primaryimage","url":"https:\/\/muchogusto.nl\/wp-content\/uploads\/2025\/10\/S52FRI003-canva-scaled.jpg","contentUrl":"https:\/\/muchogusto.nl\/wp-content\/uploads\/2025\/10\/S52FRI003-canva-scaled.jpg","width":1920,"height":2560,"caption":"MUCHO GUSTO\u00ae Schal Fringes Sahara Muse"},{"@type":"BreadcrumbList","@id":"https:\/\/muchogusto.nl\/de\/produkt\/mucho-gusto-schal-fringes-sahara-muse\/#breadcrumb","itemListElement":[{"@type":"ListItem","position":1,"name":"Home","item":"https:\/\/muchogusto.nl\/de\/"},{"@type":"ListItem","position":2,"name":"Shop","item":"https:\/\/muchogusto.nl\/de\/shop-2\/"},{"@type":"ListItem","position":3,"name":"MUCHO GUSTO\u00ae Schal Fringes Sahara Muse"}]},{"@type":"WebSite","@id":"https:\/\/muchogusto.nl\/#website","url":"https:\/\/muchogusto.nl\/","name":"muchogusto.nl","description":"","publisher":{"@id":"https:\/\/muchogusto.nl\/#organization"},"potentialAction":[{"@type":"SearchAction","target":{"@type":"EntryPoint","urlTemplate":"https:\/\/muchogusto.nl\/?s={search_term_string}"},"query-input":{"@type":"PropertyValueSpecification","valueRequired":true,"valueName":"search_term_string"}}],"inLanguage":"de-DE"},{"@type":"Organization","@id":"https:\/\/muchogusto.nl\/#organization","name":"Mucho Gusto","url":"https:\/\/muchogusto.nl\/","logo":{"@type":"ImageObject","inLanguage":"de-DE","@id":"https:\/\/muchogusto.nl\/#\/schema\/logo\/image\/","url":"https:\/\/muchogusto.nl\/wp-content\/uploads\/2022\/08\/logo_header.svg","contentUrl":"https:\/\/muchogusto.nl\/wp-content\/uploads\/2022\/08\/logo_header.svg","caption":"Mucho Gusto"},"image":{"@id":"https:\/\/muchogusto.nl\/#\/schema\/logo\/image\/"},"sameAs":["https:\/\/www.facebook.com\/muchogusto.nl\/","https:\/\/www.instagram.com\/muchogusto.nl\/"]}]}},"_links":{"self":[{"href":"https:\/\/muchogusto.nl\/de\/wp-json\/wp\/v2\/product\/50373","targetHints":{"allow":["GET"]}}],"collection":[{"href":"https:\/\/muchogusto.nl\/de\/wp-json\/wp\/v2\/product"}],"about":[{"href":"https:\/\/muchogusto.nl\/de\/wp-json\/wp\/v2\/types\/product"}],"replies":[{"embeddable":true,"href":"https:\/\/muchogusto.nl\/de\/wp-json\/wp\/v2\/comments?post=50373"}],"wp:featuredmedia":[{"embeddable":true,"href":"https:\/\/muchogusto.nl\/de\/wp-json\/wp\/v2\/media\/50231"}],"wp:attachment":[{"href":"https:\/\/muchogusto.nl\/de\/wp-json\/wp\/v2\/media?parent=50373"}],"wp:term":[{"taxonomy":"product_brand","embeddable":true,"href":"https:\/\/muchogusto.nl\/de\/wp-json\/wp\/v2\/product_brand?post=50373"},{"taxonomy":"product_cat","embeddable":true,"href":"https:\/\/muchogusto.nl\/de\/wp-json\/wp\/v2\/product_cat?post=50373"},{"taxonomy":"product_tag","embeddable":true,"href":"https:\/\/muchogusto.nl\/de\/wp-json\/wp\/v2\/product_tag?post=50373"}],"curies":[{"name":"wp","href":"https:\/\/api.w.org\/{rel}","templated":true}]}}