{"id":50341,"date":"2025-10-06T14:20:26","date_gmt":"2025-10-06T12:20:26","guid":{"rendered":"https:\/\/muchogusto.nl\/product\/mucho-gusto-scarf-chain-wild-harmony\/"},"modified":"2026-03-02T12:02:38","modified_gmt":"2026-03-02T11:02:38","slug":"mucho-gusto-schal-chain-wild-harmony","status":"publish","type":"product","link":"https:\/\/muchogusto.nl\/de\/produkt\/mucho-gusto-schal-chain-wild-harmony\/","title":{"rendered":"MUCHO GUSTO\u00ae Schal Chain Wild Harmony"},"content":{"rendered":"<h3>DETAILS ZUM PRODUKT<\/h3>\n<p data-start=\"82\" data-end=\"224\"><strong data-start=\"82\" data-end=\"123\">MUCHO GUSTO\u00ae Schal Chain Wild Harmony<\/strong> \u2013 ein auff\u00e4lliges Accessoire, das exotische Muster, luxuri\u00f6se Details und zeitloses Design vereint<\/p>\n<p data-start=\"226\" data-end=\"359\">F\u00fcr Frauen, die Selbstbewusstsein und Individualit\u00e4t lieben, verleiht dieser Schal jedem Outfit sofort eine besondere Ausstrahlung.<\/p>\n<p data-start=\"361\" data-end=\"662\">Das Design kombiniert Leopardenakzente, geometrische Ketten und lebendige Farbt\u00f6ne in Korallenrot und Tiefblau. Die Mischung aus wilden Tiermotiven und klarer Struktur schafft eine perfekte Balance zwischen Eleganz und gewagtem Stil. Fransen an den R\u00e4ndern sorgen f\u00fcr ein weiches, dynamisches Finish<\/p>\n<p data-start=\"664\" data-end=\"951\">Aus 100 % Seide gefertigt, f\u00e4llt der Schal wundersch\u00f6n und f\u00fchlt sich besonders glatt auf der Haut an. Die gro\u00dfz\u00fcgige, dreieckige Form (220 x 140 x 140 cm) bietet unz\u00e4hlige Styling-M\u00f6glichkeiten \u2013 um den Hals gewickelt, als Schal drapiert oder locker gebunden f\u00fcr ein stilvolles Finish<\/p>\n<p data-start=\"953\" data-end=\"1098\">Der Chain Wild Harmony Schal verk\u00f6rpert das Wesen des niederl\u00e4ndischen Designs \u2013 eine Hommage an Kreativit\u00e4t, Qualit\u00e4t und moderne Weiblichkeit<\/p>\n<p data-start=\"1100\" data-end=\"1316\"><strong>Dutch Design<\/strong><br data-start=\"1112\" data-end=\"1115\" \/><strong>Material<\/strong>: 100 % Seide<br data-start=\"1136\" data-end=\"1139\" \/><strong>Ma\u00dfe<\/strong>: 220 x 140 x 140 cm<br data-start=\"1163\" data-end=\"1166\" \/><strong>Form<\/strong>: Dreieckig<br data-start=\"1181\" data-end=\"1184\" \/><strong>Design<\/strong>: Leoparden- und Kettenmuster mit lebendigen Korallen- und Blaut\u00f6nen<br data-start=\"1258\" data-end=\"1261\" \/><strong>Farben<\/strong>: Dunkelbraun, Schwarz, Korallenrot, Blau, Gold<\/p>\n<h3>PASSENDE ARTIKEL<\/h3>\n<div class=\"summary\">\n<div class=\"tccContent\">\n<div class=\"summary\">\n<div class=\"flex w-full flex-col gap-1 empty:hidden first:pt-[3px]\">\n<div class=\"markdown prose dark:prose-invert w-full break-words light\">\n<p class=\"p2\"><span class=\"s1\">Vervollst\u00e4ndigen Sie Ihren Look mit einem passenden\u00a0<a href=\"https:\/\/muchogusto.nl\/de\/schals\/\"><span class=\"s2\">Schal<\/span><\/a>.<br \/>\n<\/span><span class=\"s1\">M\u00f6chten Sie mehr Blusen sehen? Dann schauen Sie sich unsere\u00a0<a href=\"https:\/\/muchogusto.nl\/de\/blusen\/\"><span class=\"s2\">Bekleidungsseite<\/span><\/a>\u00a0an.<br \/>\n<\/span><span class=\"s1\">M\u00f6chten Sie mehr Inspiration? Besuchen Sie unsere\u00a0<a href=\"https:\/\/www.instagram.com\/muchogusto.nl\/\"><span class=\"s2\">Instagram<\/span><\/a>-Seite.\u00a0<\/span><\/p>\n<h3>BRAUCHEN SIE HILFE?<\/h3>\n<p>Wenn Sie Fragen zu diesem Artikel oder der Gr\u00f6\u00dfe haben, senden Sie eine E-Mail an unseren Kundenservice unter<a href=\"http:\/\/muchogusto.nl\/de\/\"><span class=\"s2\">web@muchogusto.nl.<\/span><\/a><\/p>\n<h3>GR\u00d6SSENTABELLEN<\/h3>\n<p>Unsere Gr\u00f6\u00dfen sind in europ\u00e4ischen Gr\u00f6\u00dfen angegeben. Sie k\u00f6nnen diese Gr\u00f6\u00dfen anhand der Tabellen\u00a0<a href=\"https:\/\/muchogusto.nl\/de\/grossentabellen\/\">auf dieser Seite<\/a>\u00a0leicht umrechnen. Die Passform kann je nach Stil oder pers\u00f6nlicher Vorliebe variieren.<\/p>\n<\/div>\n<\/div>\n<\/div>\n<\/div>\n<\/div>\n","protected":false},"excerpt":{"rendered":"<p>DETAILS ZUM PRODUKT MUCHO GUSTO\u00ae Schal Chain Wild Harmony \u2013 ein auff\u00e4lliges Accessoire, das exotische Muster, luxuri\u00f6se Details und zeitloses Design vereint F\u00fcr Frauen, die Selbstbewusstsein und Individualit\u00e4t lieben, verleiht dieser Schal jedem Outfit sofort eine besondere Ausstrahlung. Das Design kombiniert Leopardenakzente, geometrische Ketten und lebendige Farbt\u00f6ne in Korallenrot und Tiefblau. Die Mischung aus wilden [&hellip;]<\/p>\n","protected":false},"featured_media":50197,"comment_status":"open","ping_status":"closed","template":"","meta":{"_acf_changed":false,"inline_featured_image":false,"navigation_state":false,"_genesis_hide_title":false,"_genesis_hide_breadcrumbs":false,"_genesis_hide_singular_image":false,"_genesis_hide_footer_widgets":false,"_genesis_custom_body_class":"","_genesis_custom_post_class":"","_genesis_layout":""},"product_brand":[],"product_cat":[87],"product_tag":[],"class_list":{"0":"post-50341","1":"product","2":"type-product","3":"status-publish","4":"has-post-thumbnail","6":"product_cat-schals","7":"entry","9":"first","10":"instock","11":"sale","12":"taxable","13":"shipping-taxable","14":"purchasable","15":"product-type-simple"},"acf":[],"yoast_head":"<!-- This site is optimized with the Yoast SEO Premium plugin v27.2 (Yoast SEO v27.2) - https:\/\/yoast.com\/product\/yoast-seo-premium-wordpress\/ -->\n<title>MUCHO GUSTO\u00ae Schal Chain Wild Harmony - Mucho Gusto<\/title>\n<meta name=\"description\" content=\"MUCHO GUSTO\u00ae Schal aus 100 % Seide mit Leoparden- und Kettenmuster. Dutch Design trifft auf moderne Weiblichkeit. Jetzt entdecken!\" \/>\n<meta name=\"robots\" content=\"index, follow, max-snippet:-1, max-image-preview:large, max-video-preview:-1\" \/>\n<link rel=\"canonical\" href=\"https:\/\/muchogusto.nl\/de\/produkt\/mucho-gusto-schal-chain-wild-harmony\/\" \/>\n<meta property=\"og:locale\" content=\"de_DE\" \/>\n<meta property=\"og:type\" content=\"article\" \/>\n<meta property=\"og:title\" content=\"MUCHO GUSTO\u00ae Schal Chain Wild Harmony\" \/>\n<meta property=\"og:description\" content=\"MUCHO GUSTO\u00ae Schal aus 100 % Seide mit Leoparden- und Kettenmuster. Dutch Design trifft auf moderne Weiblichkeit. Jetzt entdecken!\" \/>\n<meta property=\"og:url\" content=\"https:\/\/muchogusto.nl\/de\/produkt\/mucho-gusto-schal-chain-wild-harmony\/\" \/>\n<meta property=\"og:site_name\" content=\"Mucho Gusto\" \/>\n<meta property=\"article:publisher\" content=\"https:\/\/www.facebook.com\/muchogusto.nl\/\" \/>\n<meta property=\"article:modified_time\" content=\"2026-03-02T11:02:38+00:00\" \/>\n<meta property=\"og:image\" content=\"https:\/\/muchogusto.nl\/wp-content\/uploads\/2025\/10\/S52CHA005.jpg-k-scaled.jpeg\" \/>\n\t<meta property=\"og:image:width\" content=\"1920\" \/>\n\t<meta property=\"og:image:height\" content=\"2560\" \/>\n\t<meta property=\"og:image:type\" content=\"image\/jpeg\" \/>\n<meta name=\"twitter:card\" content=\"summary_large_image\" \/>\n<meta name=\"twitter:label1\" content=\"Est. reading time\" \/>\n\t<meta name=\"twitter:data1\" content=\"2 minutes\" \/>\n<script type=\"application\/ld+json\" class=\"yoast-schema-graph\">{\"@context\":\"https:\/\/schema.org\",\"@graph\":[{\"@type\":\"WebPage\",\"@id\":\"https:\/\/muchogusto.nl\/de\/produkt\/mucho-gusto-schal-chain-wild-harmony\/\",\"url\":\"https:\/\/muchogusto.nl\/de\/produkt\/mucho-gusto-schal-chain-wild-harmony\/\",\"name\":\"MUCHO GUSTO\u00ae Schal Chain Wild Harmony - Mucho Gusto\",\"isPartOf\":{\"@id\":\"https:\/\/muchogusto.nl\/#website\"},\"primaryImageOfPage\":{\"@id\":\"https:\/\/muchogusto.nl\/de\/produkt\/mucho-gusto-schal-chain-wild-harmony\/#primaryimage\"},\"image\":{\"@id\":\"https:\/\/muchogusto.nl\/de\/produkt\/mucho-gusto-schal-chain-wild-harmony\/#primaryimage\"},\"thumbnailUrl\":\"https:\/\/muchogusto.nl\/wp-content\/uploads\/2025\/10\/S52CHA005.jpg-k-scaled.jpeg\",\"datePublished\":\"2025-10-06T12:20:26+00:00\",\"dateModified\":\"2026-03-02T11:02:38+00:00\",\"description\":\"MUCHO GUSTO\u00ae Schal aus 100 % Seide mit Leoparden- und Kettenmuster. Dutch Design trifft auf moderne Weiblichkeit. Jetzt entdecken!\",\"breadcrumb\":{\"@id\":\"https:\/\/muchogusto.nl\/de\/produkt\/mucho-gusto-schal-chain-wild-harmony\/#breadcrumb\"},\"inLanguage\":\"de-DE\",\"potentialAction\":[{\"@type\":\"ReadAction\",\"target\":[\"https:\/\/muchogusto.nl\/de\/produkt\/mucho-gusto-schal-chain-wild-harmony\/\"]}]},{\"@type\":\"ImageObject\",\"inLanguage\":\"de-DE\",\"@id\":\"https:\/\/muchogusto.nl\/de\/produkt\/mucho-gusto-schal-chain-wild-harmony\/#primaryimage\",\"url\":\"https:\/\/muchogusto.nl\/wp-content\/uploads\/2025\/10\/S52CHA005.jpg-k-scaled.jpeg\",\"contentUrl\":\"https:\/\/muchogusto.nl\/wp-content\/uploads\/2025\/10\/S52CHA005.jpg-k-scaled.jpeg\",\"width\":1920,\"height\":2560,\"caption\":\"MUCHO GUSTO\u00ae Schal Chain Wild Harmony\"},{\"@type\":\"BreadcrumbList\",\"@id\":\"https:\/\/muchogusto.nl\/de\/produkt\/mucho-gusto-schal-chain-wild-harmony\/#breadcrumb\",\"itemListElement\":[{\"@type\":\"ListItem\",\"position\":1,\"name\":\"Home\",\"item\":\"https:\/\/muchogusto.nl\/de\/\"},{\"@type\":\"ListItem\",\"position\":2,\"name\":\"Shop\",\"item\":\"https:\/\/muchogusto.nl\/de\/shop-2\/\"},{\"@type\":\"ListItem\",\"position\":3,\"name\":\"MUCHO GUSTO\u00ae Schal Chain Wild Harmony\"}]},{\"@type\":\"WebSite\",\"@id\":\"https:\/\/muchogusto.nl\/#website\",\"url\":\"https:\/\/muchogusto.nl\/\",\"name\":\"muchogusto.nl\",\"description\":\"\",\"publisher\":{\"@id\":\"https:\/\/muchogusto.nl\/#organization\"},\"potentialAction\":[{\"@type\":\"SearchAction\",\"target\":{\"@type\":\"EntryPoint\",\"urlTemplate\":\"https:\/\/muchogusto.nl\/?s={search_term_string}\"},\"query-input\":{\"@type\":\"PropertyValueSpecification\",\"valueRequired\":true,\"valueName\":\"search_term_string\"}}],\"inLanguage\":\"de-DE\"},{\"@type\":\"Organization\",\"@id\":\"https:\/\/muchogusto.nl\/#organization\",\"name\":\"Mucho Gusto\",\"url\":\"https:\/\/muchogusto.nl\/\",\"logo\":{\"@type\":\"ImageObject\",\"inLanguage\":\"de-DE\",\"@id\":\"https:\/\/muchogusto.nl\/#\/schema\/logo\/image\/\",\"url\":\"https:\/\/muchogusto.nl\/wp-content\/uploads\/2022\/08\/logo_header.svg\",\"contentUrl\":\"https:\/\/muchogusto.nl\/wp-content\/uploads\/2022\/08\/logo_header.svg\",\"caption\":\"Mucho Gusto\"},\"image\":{\"@id\":\"https:\/\/muchogusto.nl\/#\/schema\/logo\/image\/\"},\"sameAs\":[\"https:\/\/www.facebook.com\/muchogusto.nl\/\",\"https:\/\/www.instagram.com\/muchogusto.nl\/\"]}]}<\/script>\n<!-- \/ Yoast SEO Premium plugin. -->","yoast_head_json":{"title":"MUCHO GUSTO\u00ae Schal Chain Wild Harmony - Mucho Gusto","description":"MUCHO GUSTO\u00ae Schal aus 100 % Seide mit Leoparden- und Kettenmuster. Dutch Design trifft auf moderne Weiblichkeit. Jetzt entdecken!","robots":{"index":"index","follow":"follow","max-snippet":"max-snippet:-1","max-image-preview":"max-image-preview:large","max-video-preview":"max-video-preview:-1"},"canonical":"https:\/\/muchogusto.nl\/de\/produkt\/mucho-gusto-schal-chain-wild-harmony\/","og_locale":"de_DE","og_type":"article","og_title":"MUCHO GUSTO\u00ae Schal Chain Wild Harmony","og_description":"MUCHO GUSTO\u00ae Schal aus 100 % Seide mit Leoparden- und Kettenmuster. Dutch Design trifft auf moderne Weiblichkeit. Jetzt entdecken!","og_url":"https:\/\/muchogusto.nl\/de\/produkt\/mucho-gusto-schal-chain-wild-harmony\/","og_site_name":"Mucho Gusto","article_publisher":"https:\/\/www.facebook.com\/muchogusto.nl\/","article_modified_time":"2026-03-02T11:02:38+00:00","og_image":[{"width":1920,"height":2560,"url":"https:\/\/muchogusto.nl\/wp-content\/uploads\/2025\/10\/S52CHA005.jpg-k-scaled.jpeg","type":"image\/jpeg"}],"twitter_card":"summary_large_image","twitter_misc":{"Est. reading time":"2 minutes"},"schema":{"@context":"https:\/\/schema.org","@graph":[{"@type":"WebPage","@id":"https:\/\/muchogusto.nl\/de\/produkt\/mucho-gusto-schal-chain-wild-harmony\/","url":"https:\/\/muchogusto.nl\/de\/produkt\/mucho-gusto-schal-chain-wild-harmony\/","name":"MUCHO GUSTO\u00ae Schal Chain Wild Harmony - Mucho Gusto","isPartOf":{"@id":"https:\/\/muchogusto.nl\/#website"},"primaryImageOfPage":{"@id":"https:\/\/muchogusto.nl\/de\/produkt\/mucho-gusto-schal-chain-wild-harmony\/#primaryimage"},"image":{"@id":"https:\/\/muchogusto.nl\/de\/produkt\/mucho-gusto-schal-chain-wild-harmony\/#primaryimage"},"thumbnailUrl":"https:\/\/muchogusto.nl\/wp-content\/uploads\/2025\/10\/S52CHA005.jpg-k-scaled.jpeg","datePublished":"2025-10-06T12:20:26+00:00","dateModified":"2026-03-02T11:02:38+00:00","description":"MUCHO GUSTO\u00ae Schal aus 100 % Seide mit Leoparden- und Kettenmuster. Dutch Design trifft auf moderne Weiblichkeit. Jetzt entdecken!","breadcrumb":{"@id":"https:\/\/muchogusto.nl\/de\/produkt\/mucho-gusto-schal-chain-wild-harmony\/#breadcrumb"},"inLanguage":"de-DE","potentialAction":[{"@type":"ReadAction","target":["https:\/\/muchogusto.nl\/de\/produkt\/mucho-gusto-schal-chain-wild-harmony\/"]}]},{"@type":"ImageObject","inLanguage":"de-DE","@id":"https:\/\/muchogusto.nl\/de\/produkt\/mucho-gusto-schal-chain-wild-harmony\/#primaryimage","url":"https:\/\/muchogusto.nl\/wp-content\/uploads\/2025\/10\/S52CHA005.jpg-k-scaled.jpeg","contentUrl":"https:\/\/muchogusto.nl\/wp-content\/uploads\/2025\/10\/S52CHA005.jpg-k-scaled.jpeg","width":1920,"height":2560,"caption":"MUCHO GUSTO\u00ae Schal Chain Wild Harmony"},{"@type":"BreadcrumbList","@id":"https:\/\/muchogusto.nl\/de\/produkt\/mucho-gusto-schal-chain-wild-harmony\/#breadcrumb","itemListElement":[{"@type":"ListItem","position":1,"name":"Home","item":"https:\/\/muchogusto.nl\/de\/"},{"@type":"ListItem","position":2,"name":"Shop","item":"https:\/\/muchogusto.nl\/de\/shop-2\/"},{"@type":"ListItem","position":3,"name":"MUCHO GUSTO\u00ae Schal Chain Wild Harmony"}]},{"@type":"WebSite","@id":"https:\/\/muchogusto.nl\/#website","url":"https:\/\/muchogusto.nl\/","name":"muchogusto.nl","description":"","publisher":{"@id":"https:\/\/muchogusto.nl\/#organization"},"potentialAction":[{"@type":"SearchAction","target":{"@type":"EntryPoint","urlTemplate":"https:\/\/muchogusto.nl\/?s={search_term_string}"},"query-input":{"@type":"PropertyValueSpecification","valueRequired":true,"valueName":"search_term_string"}}],"inLanguage":"de-DE"},{"@type":"Organization","@id":"https:\/\/muchogusto.nl\/#organization","name":"Mucho Gusto","url":"https:\/\/muchogusto.nl\/","logo":{"@type":"ImageObject","inLanguage":"de-DE","@id":"https:\/\/muchogusto.nl\/#\/schema\/logo\/image\/","url":"https:\/\/muchogusto.nl\/wp-content\/uploads\/2022\/08\/logo_header.svg","contentUrl":"https:\/\/muchogusto.nl\/wp-content\/uploads\/2022\/08\/logo_header.svg","caption":"Mucho Gusto"},"image":{"@id":"https:\/\/muchogusto.nl\/#\/schema\/logo\/image\/"},"sameAs":["https:\/\/www.facebook.com\/muchogusto.nl\/","https:\/\/www.instagram.com\/muchogusto.nl\/"]}]}},"_links":{"self":[{"href":"https:\/\/muchogusto.nl\/de\/wp-json\/wp\/v2\/product\/50341","targetHints":{"allow":["GET"]}}],"collection":[{"href":"https:\/\/muchogusto.nl\/de\/wp-json\/wp\/v2\/product"}],"about":[{"href":"https:\/\/muchogusto.nl\/de\/wp-json\/wp\/v2\/types\/product"}],"replies":[{"embeddable":true,"href":"https:\/\/muchogusto.nl\/de\/wp-json\/wp\/v2\/comments?post=50341"}],"wp:featuredmedia":[{"embeddable":true,"href":"https:\/\/muchogusto.nl\/de\/wp-json\/wp\/v2\/media\/50197"}],"wp:attachment":[{"href":"https:\/\/muchogusto.nl\/de\/wp-json\/wp\/v2\/media?parent=50341"}],"wp:term":[{"taxonomy":"product_brand","embeddable":true,"href":"https:\/\/muchogusto.nl\/de\/wp-json\/wp\/v2\/product_brand?post=50341"},{"taxonomy":"product_cat","embeddable":true,"href":"https:\/\/muchogusto.nl\/de\/wp-json\/wp\/v2\/product_cat?post=50341"},{"taxonomy":"product_tag","embeddable":true,"href":"https:\/\/muchogusto.nl\/de\/wp-json\/wp\/v2\/product_tag?post=50341"}],"curies":[{"name":"wp","href":"https:\/\/api.w.org\/{rel}","templated":true}]}}