{"id":50323,"date":"2025-10-06T14:07:16","date_gmt":"2025-10-06T12:07:16","guid":{"rendered":"https:\/\/muchogusto.nl\/product\/mucho-gusto-scarf-pastel-floral-chain\/"},"modified":"2026-03-02T12:02:38","modified_gmt":"2026-03-02T11:02:38","slug":"mucho-gusto-schal-pastel-floral-chain","status":"publish","type":"product","link":"https:\/\/muchogusto.nl\/de\/produkt\/mucho-gusto-schal-pastel-floral-chain\/","title":{"rendered":"MUCHO GUSTO\u00ae Schal Pastel Floral Chain"},"content":{"rendered":"<h3 data-start=\"414\" data-end=\"439\"><strong data-start=\"418\" data-end=\"437\">PRODUCT DETAILS<\/strong><\/h3>\n<p data-start=\"299\" data-end=\"345\"><strong data-start=\"303\" data-end=\"345\">MUCHO GUSTO\u00ae Schal Pastel Floral Chain<\/strong><\/p>\n<p data-start=\"347\" data-end=\"622\">Erlebe zeitlose Eleganz mit dem <strong data-start=\"379\" data-end=\"421\">MUCHO GUSTO\u00ae Schal Pastel Floral Chain<\/strong> \u2013 ein raffiniertes Accessoire, das zarte Blumenmotive mit feinen Kettendetails verbindet. Dieser Schal ist f\u00fcr die moderne Frau entworfen, die dezente Raffinesse und stilvolle Zur\u00fcckhaltung sch\u00e4tzt.<\/p>\n<p data-start=\"624\" data-end=\"867\">Die sanften Pastellt\u00f6ne in Grau, Flieder und Blush schaffen einen femininen und harmonischen Look. Das filigrane Kettenmuster verleiht dem Design eine moderne Note. Leichte Fransen an den R\u00e4ndern sorgen f\u00fcr Bewegung und eine weiche Struktur.<\/p>\n<p data-start=\"869\" data-end=\"1222\">Gefertigt aus einer luxuri\u00f6sen Seidenmischung f\u00fchlt sich der Schal geschmeidig und angenehm auf der Haut an. Das Material bietet Komfort und Vielseitigkeit. Durch seine gro\u00dfz\u00fcgige, dreieckige Form (220 x 140 x 140 cm) l\u00e4sst er sich auf viele Arten tragen \u2013 elegant um den Hals, locker \u00fcber die Schultern oder als stilvolles Accessoire zu jedem Outfit.<\/p>\n<p data-start=\"1224\" data-end=\"1354\">Der Pastel Floral Chain Schal steht f\u00fcr niederl\u00e4ndisches Design und feine Handwerkskunst \u2013 zeitlos, elegant und unverwechselbar.<\/p>\n<p data-start=\"1356\" data-end=\"1593\"><strong data-start=\"1356\" data-end=\"1383\">Niederl\u00e4ndisches Design<\/strong><br data-start=\"1383\" data-end=\"1386\" \/><strong data-start=\"1386\" data-end=\"1399\">Material:<\/strong> 100 % Seide<br data-start=\"1411\" data-end=\"1414\" \/><strong data-start=\"1414\" data-end=\"1423\">Ma\u00dfe:<\/strong> 220 x 140 x 140 cm<br data-start=\"1442\" data-end=\"1445\" \/><strong data-start=\"1445\" data-end=\"1454\">Form:<\/strong> Dreieckig<br data-start=\"1464\" data-end=\"1467\" \/><strong data-start=\"1467\" data-end=\"1478\">Design:<\/strong> Pastellfarbenes Blumen- und Kettenmuster mit leichten Fransen<br data-start=\"1540\" data-end=\"1543\" \/><strong data-start=\"1543\" data-end=\"1559\">Farbpalette:<\/strong> Grau, Flieder, Blush, Elfenbein<\/p>\n<h3>MATCHING GARMENTS<\/h3>\n<p>Complete your look with our colorful\u00a0<a href=\"https:\/\/muchogusto.nl\/de\/kleidung\/\">clothing<\/a>.<br \/>\nDo you want to see more scarfs? Check out our\u00a0<a href=\"https:\/\/muchogusto.nl\/de\/schals\/\">scarfs<\/a>\u00a0page.<br \/>\nDo you want more inspiration? Check out our\u00a0<a href=\"http:\/\/instagram.com\/muchogusto.nl\">Instagram<\/a>\u00a0page.<\/p>\n<h3>NEED HELP?<\/h3>\n<p>If you have any questions about this item or the size, please mail our customer care team at\u00a0<a href=\"mailto:web@muchogusto.nl\">web@muchogusto.nl<\/a>.<\/p>\n","protected":false},"excerpt":{"rendered":"<p>PRODUCT DETAILS MUCHO GUSTO\u00ae Schal Pastel Floral Chain Erlebe zeitlose Eleganz mit dem MUCHO GUSTO\u00ae Schal Pastel Floral Chain \u2013 ein raffiniertes Accessoire, das zarte Blumenmotive mit feinen Kettendetails verbindet. Dieser Schal ist f\u00fcr die moderne Frau entworfen, die dezente Raffinesse und stilvolle Zur\u00fcckhaltung sch\u00e4tzt. Die sanften Pastellt\u00f6ne in Grau, Flieder und Blush schaffen einen [&hellip;]<\/p>\n","protected":false},"featured_media":50190,"comment_status":"open","ping_status":"closed","template":"","meta":{"_acf_changed":false,"inline_featured_image":false,"navigation_state":false,"_genesis_hide_title":false,"_genesis_hide_breadcrumbs":false,"_genesis_hide_singular_image":false,"_genesis_hide_footer_widgets":false,"_genesis_custom_body_class":"","_genesis_custom_post_class":"","_genesis_layout":""},"product_brand":[],"product_cat":[87],"product_tag":[],"class_list":{"0":"post-50323","1":"product","2":"type-product","3":"status-publish","4":"has-post-thumbnail","6":"product_cat-schals","7":"entry","9":"first","10":"instock","11":"sale","12":"taxable","13":"shipping-taxable","14":"purchasable","15":"product-type-simple"},"acf":[],"yoast_head":"<!-- This site is optimized with the Yoast SEO Premium plugin v27.2 (Yoast SEO v27.2) - https:\/\/yoast.com\/product\/yoast-seo-premium-wordpress\/ -->\n<title>MUCHO GUSTO\u00ae Schal Pastel Floral Chain - Mucho Gusto<\/title>\n<meta name=\"description\" content=\"Entdecke den MUCHO GUSTO\u00ae Schal Pastel Floral Chain.Ein luxuri\u00f6ser Seidenschal mit zarten Blumen, feinen Ketten und leichten Fransen \u2013 elegant, vielseitig und echtes Dutch Design.\" \/>\n<meta name=\"robots\" content=\"index, follow, max-snippet:-1, max-image-preview:large, max-video-preview:-1\" \/>\n<link rel=\"canonical\" href=\"https:\/\/muchogusto.nl\/de\/produkt\/mucho-gusto-schal-pastel-floral-chain\/\" \/>\n<meta property=\"og:locale\" content=\"de_DE\" \/>\n<meta property=\"og:type\" content=\"article\" \/>\n<meta property=\"og:title\" content=\"MUCHO GUSTO\u00ae Schal Pastel Floral Chain\" \/>\n<meta property=\"og:description\" content=\"Entdecke den MUCHO GUSTO\u00ae Schal Pastel Floral Chain.Ein luxuri\u00f6ser Seidenschal mit zarten Blumen, feinen Ketten und leichten Fransen \u2013 elegant, vielseitig und echtes Dutch Design.\" \/>\n<meta property=\"og:url\" content=\"https:\/\/muchogusto.nl\/de\/produkt\/mucho-gusto-schal-pastel-floral-chain\/\" \/>\n<meta property=\"og:site_name\" content=\"Mucho Gusto\" \/>\n<meta property=\"article:publisher\" content=\"https:\/\/www.facebook.com\/muchogusto.nl\/\" \/>\n<meta property=\"article:modified_time\" content=\"2026-03-02T11:02:38+00:00\" \/>\n<meta property=\"og:image\" content=\"https:\/\/muchogusto.nl\/wp-content\/uploads\/2025\/10\/S52CHA004-scaled.jpeg\" \/>\n\t<meta property=\"og:image:width\" content=\"1920\" \/>\n\t<meta property=\"og:image:height\" content=\"2560\" \/>\n\t<meta property=\"og:image:type\" content=\"image\/jpeg\" \/>\n<meta name=\"twitter:card\" content=\"summary_large_image\" \/>\n<meta name=\"twitter:label1\" content=\"Est. reading time\" \/>\n\t<meta name=\"twitter:data1\" content=\"2 minutes\" \/>\n<script type=\"application\/ld+json\" class=\"yoast-schema-graph\">{\"@context\":\"https:\/\/schema.org\",\"@graph\":[{\"@type\":\"WebPage\",\"@id\":\"https:\/\/muchogusto.nl\/de\/produkt\/mucho-gusto-schal-pastel-floral-chain\/\",\"url\":\"https:\/\/muchogusto.nl\/de\/produkt\/mucho-gusto-schal-pastel-floral-chain\/\",\"name\":\"MUCHO GUSTO\u00ae Schal Pastel Floral Chain - Mucho Gusto\",\"isPartOf\":{\"@id\":\"https:\/\/muchogusto.nl\/#website\"},\"primaryImageOfPage\":{\"@id\":\"https:\/\/muchogusto.nl\/de\/produkt\/mucho-gusto-schal-pastel-floral-chain\/#primaryimage\"},\"image\":{\"@id\":\"https:\/\/muchogusto.nl\/de\/produkt\/mucho-gusto-schal-pastel-floral-chain\/#primaryimage\"},\"thumbnailUrl\":\"https:\/\/muchogusto.nl\/wp-content\/uploads\/2025\/10\/S52CHA004-scaled.jpeg\",\"datePublished\":\"2025-10-06T12:07:16+00:00\",\"dateModified\":\"2026-03-02T11:02:38+00:00\",\"description\":\"Entdecke den MUCHO GUSTO\u00ae Schal Pastel Floral Chain.Ein luxuri\u00f6ser Seidenschal mit zarten Blumen, feinen Ketten und leichten Fransen \u2013 elegant, vielseitig und echtes Dutch Design.\",\"breadcrumb\":{\"@id\":\"https:\/\/muchogusto.nl\/de\/produkt\/mucho-gusto-schal-pastel-floral-chain\/#breadcrumb\"},\"inLanguage\":\"de-DE\",\"potentialAction\":[{\"@type\":\"ReadAction\",\"target\":[\"https:\/\/muchogusto.nl\/de\/produkt\/mucho-gusto-schal-pastel-floral-chain\/\"]}]},{\"@type\":\"ImageObject\",\"inLanguage\":\"de-DE\",\"@id\":\"https:\/\/muchogusto.nl\/de\/produkt\/mucho-gusto-schal-pastel-floral-chain\/#primaryimage\",\"url\":\"https:\/\/muchogusto.nl\/wp-content\/uploads\/2025\/10\/S52CHA004-scaled.jpeg\",\"contentUrl\":\"https:\/\/muchogusto.nl\/wp-content\/uploads\/2025\/10\/S52CHA004-scaled.jpeg\",\"width\":1920,\"height\":2560,\"caption\":\"MUCHO GUSTO\u00ae Schal Pastel Floral Chain\"},{\"@type\":\"BreadcrumbList\",\"@id\":\"https:\/\/muchogusto.nl\/de\/produkt\/mucho-gusto-schal-pastel-floral-chain\/#breadcrumb\",\"itemListElement\":[{\"@type\":\"ListItem\",\"position\":1,\"name\":\"Home\",\"item\":\"https:\/\/muchogusto.nl\/de\/\"},{\"@type\":\"ListItem\",\"position\":2,\"name\":\"Shop\",\"item\":\"https:\/\/muchogusto.nl\/de\/shop-2\/\"},{\"@type\":\"ListItem\",\"position\":3,\"name\":\"MUCHO GUSTO\u00ae Schal Pastel Floral Chain\"}]},{\"@type\":\"WebSite\",\"@id\":\"https:\/\/muchogusto.nl\/#website\",\"url\":\"https:\/\/muchogusto.nl\/\",\"name\":\"muchogusto.nl\",\"description\":\"\",\"publisher\":{\"@id\":\"https:\/\/muchogusto.nl\/#organization\"},\"potentialAction\":[{\"@type\":\"SearchAction\",\"target\":{\"@type\":\"EntryPoint\",\"urlTemplate\":\"https:\/\/muchogusto.nl\/?s={search_term_string}\"},\"query-input\":{\"@type\":\"PropertyValueSpecification\",\"valueRequired\":true,\"valueName\":\"search_term_string\"}}],\"inLanguage\":\"de-DE\"},{\"@type\":\"Organization\",\"@id\":\"https:\/\/muchogusto.nl\/#organization\",\"name\":\"Mucho Gusto\",\"url\":\"https:\/\/muchogusto.nl\/\",\"logo\":{\"@type\":\"ImageObject\",\"inLanguage\":\"de-DE\",\"@id\":\"https:\/\/muchogusto.nl\/#\/schema\/logo\/image\/\",\"url\":\"https:\/\/muchogusto.nl\/wp-content\/uploads\/2022\/08\/logo_header.svg\",\"contentUrl\":\"https:\/\/muchogusto.nl\/wp-content\/uploads\/2022\/08\/logo_header.svg\",\"caption\":\"Mucho Gusto\"},\"image\":{\"@id\":\"https:\/\/muchogusto.nl\/#\/schema\/logo\/image\/\"},\"sameAs\":[\"https:\/\/www.facebook.com\/muchogusto.nl\/\",\"https:\/\/www.instagram.com\/muchogusto.nl\/\"]}]}<\/script>\n<!-- \/ Yoast SEO Premium plugin. -->","yoast_head_json":{"title":"MUCHO GUSTO\u00ae Schal Pastel Floral Chain - Mucho Gusto","description":"Entdecke den MUCHO GUSTO\u00ae Schal Pastel Floral Chain.Ein luxuri\u00f6ser Seidenschal mit zarten Blumen, feinen Ketten und leichten Fransen \u2013 elegant, vielseitig und echtes Dutch Design.","robots":{"index":"index","follow":"follow","max-snippet":"max-snippet:-1","max-image-preview":"max-image-preview:large","max-video-preview":"max-video-preview:-1"},"canonical":"https:\/\/muchogusto.nl\/de\/produkt\/mucho-gusto-schal-pastel-floral-chain\/","og_locale":"de_DE","og_type":"article","og_title":"MUCHO GUSTO\u00ae Schal Pastel Floral Chain","og_description":"Entdecke den MUCHO GUSTO\u00ae Schal Pastel Floral Chain.Ein luxuri\u00f6ser Seidenschal mit zarten Blumen, feinen Ketten und leichten Fransen \u2013 elegant, vielseitig und echtes Dutch Design.","og_url":"https:\/\/muchogusto.nl\/de\/produkt\/mucho-gusto-schal-pastel-floral-chain\/","og_site_name":"Mucho Gusto","article_publisher":"https:\/\/www.facebook.com\/muchogusto.nl\/","article_modified_time":"2026-03-02T11:02:38+00:00","og_image":[{"width":1920,"height":2560,"url":"https:\/\/muchogusto.nl\/wp-content\/uploads\/2025\/10\/S52CHA004-scaled.jpeg","type":"image\/jpeg"}],"twitter_card":"summary_large_image","twitter_misc":{"Est. reading time":"2 minutes"},"schema":{"@context":"https:\/\/schema.org","@graph":[{"@type":"WebPage","@id":"https:\/\/muchogusto.nl\/de\/produkt\/mucho-gusto-schal-pastel-floral-chain\/","url":"https:\/\/muchogusto.nl\/de\/produkt\/mucho-gusto-schal-pastel-floral-chain\/","name":"MUCHO GUSTO\u00ae Schal Pastel Floral Chain - Mucho Gusto","isPartOf":{"@id":"https:\/\/muchogusto.nl\/#website"},"primaryImageOfPage":{"@id":"https:\/\/muchogusto.nl\/de\/produkt\/mucho-gusto-schal-pastel-floral-chain\/#primaryimage"},"image":{"@id":"https:\/\/muchogusto.nl\/de\/produkt\/mucho-gusto-schal-pastel-floral-chain\/#primaryimage"},"thumbnailUrl":"https:\/\/muchogusto.nl\/wp-content\/uploads\/2025\/10\/S52CHA004-scaled.jpeg","datePublished":"2025-10-06T12:07:16+00:00","dateModified":"2026-03-02T11:02:38+00:00","description":"Entdecke den MUCHO GUSTO\u00ae Schal Pastel Floral Chain.Ein luxuri\u00f6ser Seidenschal mit zarten Blumen, feinen Ketten und leichten Fransen \u2013 elegant, vielseitig und echtes Dutch Design.","breadcrumb":{"@id":"https:\/\/muchogusto.nl\/de\/produkt\/mucho-gusto-schal-pastel-floral-chain\/#breadcrumb"},"inLanguage":"de-DE","potentialAction":[{"@type":"ReadAction","target":["https:\/\/muchogusto.nl\/de\/produkt\/mucho-gusto-schal-pastel-floral-chain\/"]}]},{"@type":"ImageObject","inLanguage":"de-DE","@id":"https:\/\/muchogusto.nl\/de\/produkt\/mucho-gusto-schal-pastel-floral-chain\/#primaryimage","url":"https:\/\/muchogusto.nl\/wp-content\/uploads\/2025\/10\/S52CHA004-scaled.jpeg","contentUrl":"https:\/\/muchogusto.nl\/wp-content\/uploads\/2025\/10\/S52CHA004-scaled.jpeg","width":1920,"height":2560,"caption":"MUCHO GUSTO\u00ae Schal Pastel Floral Chain"},{"@type":"BreadcrumbList","@id":"https:\/\/muchogusto.nl\/de\/produkt\/mucho-gusto-schal-pastel-floral-chain\/#breadcrumb","itemListElement":[{"@type":"ListItem","position":1,"name":"Home","item":"https:\/\/muchogusto.nl\/de\/"},{"@type":"ListItem","position":2,"name":"Shop","item":"https:\/\/muchogusto.nl\/de\/shop-2\/"},{"@type":"ListItem","position":3,"name":"MUCHO GUSTO\u00ae Schal Pastel Floral Chain"}]},{"@type":"WebSite","@id":"https:\/\/muchogusto.nl\/#website","url":"https:\/\/muchogusto.nl\/","name":"muchogusto.nl","description":"","publisher":{"@id":"https:\/\/muchogusto.nl\/#organization"},"potentialAction":[{"@type":"SearchAction","target":{"@type":"EntryPoint","urlTemplate":"https:\/\/muchogusto.nl\/?s={search_term_string}"},"query-input":{"@type":"PropertyValueSpecification","valueRequired":true,"valueName":"search_term_string"}}],"inLanguage":"de-DE"},{"@type":"Organization","@id":"https:\/\/muchogusto.nl\/#organization","name":"Mucho Gusto","url":"https:\/\/muchogusto.nl\/","logo":{"@type":"ImageObject","inLanguage":"de-DE","@id":"https:\/\/muchogusto.nl\/#\/schema\/logo\/image\/","url":"https:\/\/muchogusto.nl\/wp-content\/uploads\/2022\/08\/logo_header.svg","contentUrl":"https:\/\/muchogusto.nl\/wp-content\/uploads\/2022\/08\/logo_header.svg","caption":"Mucho Gusto"},"image":{"@id":"https:\/\/muchogusto.nl\/#\/schema\/logo\/image\/"},"sameAs":["https:\/\/www.facebook.com\/muchogusto.nl\/","https:\/\/www.instagram.com\/muchogusto.nl\/"]}]}},"_links":{"self":[{"href":"https:\/\/muchogusto.nl\/de\/wp-json\/wp\/v2\/product\/50323","targetHints":{"allow":["GET"]}}],"collection":[{"href":"https:\/\/muchogusto.nl\/de\/wp-json\/wp\/v2\/product"}],"about":[{"href":"https:\/\/muchogusto.nl\/de\/wp-json\/wp\/v2\/types\/product"}],"replies":[{"embeddable":true,"href":"https:\/\/muchogusto.nl\/de\/wp-json\/wp\/v2\/comments?post=50323"}],"wp:featuredmedia":[{"embeddable":true,"href":"https:\/\/muchogusto.nl\/de\/wp-json\/wp\/v2\/media\/50190"}],"wp:attachment":[{"href":"https:\/\/muchogusto.nl\/de\/wp-json\/wp\/v2\/media?parent=50323"}],"wp:term":[{"taxonomy":"product_brand","embeddable":true,"href":"https:\/\/muchogusto.nl\/de\/wp-json\/wp\/v2\/product_brand?post=50323"},{"taxonomy":"product_cat","embeddable":true,"href":"https:\/\/muchogusto.nl\/de\/wp-json\/wp\/v2\/product_cat?post=50323"},{"taxonomy":"product_tag","embeddable":true,"href":"https:\/\/muchogusto.nl\/de\/wp-json\/wp\/v2\/product_tag?post=50323"}],"curies":[{"name":"wp","href":"https:\/\/api.w.org\/{rel}","templated":true}]}}