{"id":50276,"date":"2025-10-06T10:47:25","date_gmt":"2025-10-06T08:47:25","guid":{"rendered":"https:\/\/muchogusto.nl\/product\/mucho-gusto-scarf-kiev-floral-grace\/"},"modified":"2026-03-08T09:23:29","modified_gmt":"2026-03-08T08:23:29","slug":"mucho-gusto-schal-kiev-floral-grace","status":"publish","type":"product","link":"https:\/\/muchogusto.nl\/de\/produkt\/mucho-gusto-schal-kiev-floral-grace\/","title":{"rendered":"MUCHO GUSTO\u00ae Schal Kiev Floral Grace"},"content":{"rendered":"<h3>DETAILS ZUM PRODUKT<\/h3>\n<p data-start=\"289\" data-end=\"333\"><strong data-start=\"370\" data-end=\"410\">MUCHO GUSTO\u00ae Schal Kiev Floral Grace<\/strong><\/p>\n<p data-start=\"335\" data-end=\"618\">Tauche ein in pure Eleganz mit dem <strong data-start=\"370\" data-end=\"410\">MUCHO GUSTO\u00ae Schal Kiev Floral Grace<\/strong>, einem zeitlosen Design aus der exklusiven MUCHO GUSTO\u00ae GOLD LABEL Kollektion. Hergestellt aus 100 % reiner Seide, verk\u00f6rpert dieser luxuri\u00f6se Schal die sanfte Harmonie von Romantik und Raffinesse.<\/p>\n<p data-start=\"620\" data-end=\"951\">Das Design zeigt eine traumhafte Kombination aus sanftem Dusty Blue, zartem Blush und warmem Taupe. Feine Blumenmotive verleihen dem Look nat\u00fcrliche Sch\u00f6nheit und feminine Leichtigkeit. Der subtile Glanz der Seide betont die Tiefe und Struktur des Drucks und schafft so ein Accessoire, das sowohl klassisch als auch modern wirkt.<\/p>\n<p data-start=\"953\" data-end=\"1239\">Der Schal ist meisterhaft in einer dreieckigen Form (130 x 80 x 80 cm) gefertigt und f\u00e4llt elegant um Hals oder Schultern. Durch seine vielseitige Form l\u00e4sst er sich auf viele Arten tragen \u2013 als stilvolles Halstuch, l\u00e4ssig \u00fcber den Schultern oder elegant \u00fcber einem Blazer oder Kleid.<\/p>\n<p data-start=\"1241\" data-end=\"1403\">Mit handrollierten Kanten vollendet, spiegelt der Schal Kiev Floral Grace die Essenz des Dutch Design wider \u2013 dezent, k\u00fcnstlerisch und m\u00fchelos luxuri\u00f6s.<\/p>\n<p data-start=\"1405\" data-end=\"1555\">Verpackt in einer eleganten goldenen Box ist dieser Schal mehr als nur ein Accessoire. Er ist eine Hommage an Handwerkskunst und zeitlose Sch\u00f6nheit.<\/p>\n<p data-start=\"1557\" data-end=\"1782\"><strong data-start=\"1557\" data-end=\"1584\">Niederl\u00e4ndisches Design<\/strong><br data-start=\"1584\" data-end=\"1587\" \/><strong data-start=\"1587\" data-end=\"1600\">Material:<\/strong> 100 % Seide<br data-start=\"1612\" data-end=\"1615\" \/><strong data-start=\"1615\" data-end=\"1624\">Ma\u00dfe:<\/strong> 130 x 80 x 80 cm<br data-start=\"1641\" data-end=\"1644\" \/><strong data-start=\"1644\" data-end=\"1653\">Form:<\/strong> Dreieckig<br data-start=\"1663\" data-end=\"1666\" \/><strong data-start=\"1666\" data-end=\"1677\">Design:<\/strong> Dusty-Blue-Basis mit Blush- und Taupe-Blumenmotiven<br data-start=\"1729\" data-end=\"1732\" \/><strong data-start=\"1732\" data-end=\"1744\">Details:<\/strong> Mit handrollierten Kanten vollendet<\/p>\n<p><span style=\"font-size: 24px; font-weight: bold;\">PASSENDE ARTIKEL<\/span><\/p>\n<div class=\"summary\">\n<div class=\"tccContent\">\n<div class=\"markdown prose w-full break-words dark:prose-invert light\">\n<div class=\"summary\">\n<div class=\"tccContent\">\n<div class=\"summary\">\n<div class=\"flex w-full flex-col gap-1 empty:hidden first:pt-[3px]\">\n<div class=\"markdown prose dark:prose-invert w-full break-words light\">\n<p class=\"p2\"><span class=\"s1\">Vervollst\u00e4ndigen Sie Ihren Look mit einem passenden\u00a0<a href=\"https:\/\/muchogusto.nl\/de\/schals\/\"><span class=\"s2\">Schal<\/span><\/a>.<br \/>\n<\/span><span class=\"s1\">M\u00f6chten Sie mehr Blusen sehen? Dann schauen Sie sich unsere\u00a0<a href=\"https:\/\/muchogusto.nl\/de\/blusen\/\"><span class=\"s2\">Bekleidungsseite<\/span><\/a>\u00a0an.<br \/>\n<\/span><span class=\"s1\">M\u00f6chten Sie mehr Inspiration? Besuchen Sie unsere\u00a0<a href=\"https:\/\/www.instagram.com\/muchogusto.nl\/\"><span class=\"s2\">Instagram<\/span><\/a>-Seite.\u00a0<\/span><\/p>\n<h3>BRAUCHEN SIE HILFE?<\/h3>\n<p>Wenn Sie Fragen zu diesem Artikel oder der Gr\u00f6\u00dfe haben, senden Sie eine E-Mail an unseren Kundenservice unter<a href=\"http:\/\/muchogusto.nl\/de\/\"><span class=\"s2\">web@muchogusto.nl.<\/span><\/a><\/p>\n<h3>GR\u00d6SSENTABELLEN<\/h3>\n<p>Unsere Gr\u00f6\u00dfen sind in europ\u00e4ischen Gr\u00f6\u00dfen angegeben. Sie k\u00f6nnen diese Gr\u00f6\u00dfen anhand der Tabellen\u00a0<a href=\"https:\/\/muchogusto.nl\/de\/grossentabellen\/\">auf dieser Seite<\/a>\u00a0leicht umrechnen. Die Passform kann je nach Stil oder pers\u00f6nlicher Vorliebe variieren.<\/p>\n<\/div>\n<\/div>\n<\/div>\n<\/div>\n<\/div>\n<\/div>\n<\/div>\n<div class=\"product_meta\">\n<div class=\"the_champ_sharing_container the_champ_horizontal_sharing\" data-heateor-ss-offset=\"0\" data-super-socializer-href=\"https:\/\/muchogusto.nl\/?post_type=product&amp;p=50052\">\n<div class=\"the_champ_sharing_ul\"><\/div>\n<\/div>\n<\/div>\n<\/div>\n","protected":false},"excerpt":{"rendered":"<p>DETAILS ZUM PRODUKT MUCHO GUSTO\u00ae Schal Kiev Floral Grace Tauche ein in pure Eleganz mit dem MUCHO GUSTO\u00ae Schal Kiev Floral Grace, einem zeitlosen Design aus der exklusiven MUCHO GUSTO\u00ae GOLD LABEL Kollektion. Hergestellt aus 100 % reiner Seide, verk\u00f6rpert dieser luxuri\u00f6se Schal die sanfte Harmonie von Romantik und Raffinesse. Das Design zeigt eine traumhafte [&hellip;]<\/p>\n","protected":false},"featured_media":50119,"comment_status":"open","ping_status":"closed","template":"","meta":{"_acf_changed":false,"inline_featured_image":false,"navigation_state":false,"_genesis_hide_title":false,"_genesis_hide_breadcrumbs":false,"_genesis_hide_singular_image":false,"_genesis_hide_footer_widgets":false,"_genesis_custom_body_class":"","_genesis_custom_post_class":"","_genesis_layout":""},"product_brand":[],"product_cat":[87],"product_tag":[],"class_list":{"0":"post-50276","1":"product","2":"type-product","3":"status-publish","4":"has-post-thumbnail","6":"product_cat-schals","7":"entry","9":"first","10":"outofstock","11":"sale","12":"taxable","13":"shipping-taxable","14":"purchasable","15":"product-type-simple"},"acf":[],"yoast_head":"<!-- This site is optimized with the Yoast SEO Premium plugin v27.2 (Yoast SEO v27.2) - https:\/\/yoast.com\/product\/yoast-seo-premium-wordpress\/ -->\n<title>MUCHO GUSTO\u00ae Schal Kiev Floral Grace - Mucho Gusto<\/title>\n<meta name=\"description\" content=\"Entdecke den MUCHO GUSTO\u00ae Schal Kiev Floral Grace.Hergestellt aus 100 % reiner Seide mit zarten Blumenmotiven in Dusty Blue, Blush und Taupe \u2013 ein Symbol f\u00fcr Romantik, Luxus und Dutch Design.\" \/>\n<meta name=\"robots\" content=\"index, follow, max-snippet:-1, max-image-preview:large, max-video-preview:-1\" \/>\n<link rel=\"canonical\" href=\"https:\/\/muchogusto.nl\/de\/produkt\/mucho-gusto-schal-kiev-floral-grace\/\" \/>\n<meta property=\"og:locale\" content=\"de_DE\" \/>\n<meta property=\"og:type\" content=\"article\" \/>\n<meta property=\"og:title\" content=\"MUCHO GUSTO\u00ae Schal Kiev Floral Grace\" \/>\n<meta property=\"og:description\" content=\"Entdecke den MUCHO GUSTO\u00ae Schal Kiev Floral Grace.Hergestellt aus 100 % reiner Seide mit zarten Blumenmotiven in Dusty Blue, Blush und Taupe \u2013 ein Symbol f\u00fcr Romantik, Luxus und Dutch Design.\" \/>\n<meta property=\"og:url\" content=\"https:\/\/muchogusto.nl\/de\/produkt\/mucho-gusto-schal-kiev-floral-grace\/\" \/>\n<meta property=\"og:site_name\" content=\"Mucho Gusto\" \/>\n<meta property=\"article:publisher\" content=\"https:\/\/www.facebook.com\/muchogusto.nl\/\" \/>\n<meta property=\"article:modified_time\" content=\"2026-03-08T08:23:29+00:00\" \/>\n<meta property=\"og:image\" content=\"https:\/\/muchogusto.nl\/wp-content\/uploads\/2025\/10\/S52KIE003-scaled.jpg\" \/>\n\t<meta property=\"og:image:width\" content=\"1920\" \/>\n\t<meta property=\"og:image:height\" content=\"2560\" \/>\n\t<meta property=\"og:image:type\" content=\"image\/jpeg\" \/>\n<meta name=\"twitter:card\" content=\"summary_large_image\" \/>\n<meta name=\"twitter:label1\" content=\"Est. reading time\" \/>\n\t<meta name=\"twitter:data1\" content=\"2 minutes\" \/>\n<script type=\"application\/ld+json\" class=\"yoast-schema-graph\">{\"@context\":\"https:\/\/schema.org\",\"@graph\":[{\"@type\":\"WebPage\",\"@id\":\"https:\/\/muchogusto.nl\/de\/produkt\/mucho-gusto-schal-kiev-floral-grace\/\",\"url\":\"https:\/\/muchogusto.nl\/de\/produkt\/mucho-gusto-schal-kiev-floral-grace\/\",\"name\":\"MUCHO GUSTO\u00ae Schal Kiev Floral Grace - Mucho Gusto\",\"isPartOf\":{\"@id\":\"https:\/\/muchogusto.nl\/#website\"},\"primaryImageOfPage\":{\"@id\":\"https:\/\/muchogusto.nl\/de\/produkt\/mucho-gusto-schal-kiev-floral-grace\/#primaryimage\"},\"image\":{\"@id\":\"https:\/\/muchogusto.nl\/de\/produkt\/mucho-gusto-schal-kiev-floral-grace\/#primaryimage\"},\"thumbnailUrl\":\"https:\/\/muchogusto.nl\/wp-content\/uploads\/2025\/10\/S52KIE003-scaled.jpg\",\"datePublished\":\"2025-10-06T08:47:25+00:00\",\"dateModified\":\"2026-03-08T08:23:29+00:00\",\"description\":\"Entdecke den MUCHO GUSTO\u00ae Schal Kiev Floral Grace.Hergestellt aus 100 % reiner Seide mit zarten Blumenmotiven in Dusty Blue, Blush und Taupe \u2013 ein Symbol f\u00fcr Romantik, Luxus und Dutch Design.\",\"breadcrumb\":{\"@id\":\"https:\/\/muchogusto.nl\/de\/produkt\/mucho-gusto-schal-kiev-floral-grace\/#breadcrumb\"},\"inLanguage\":\"de-DE\",\"potentialAction\":[{\"@type\":\"ReadAction\",\"target\":[\"https:\/\/muchogusto.nl\/de\/produkt\/mucho-gusto-schal-kiev-floral-grace\/\"]}]},{\"@type\":\"ImageObject\",\"inLanguage\":\"de-DE\",\"@id\":\"https:\/\/muchogusto.nl\/de\/produkt\/mucho-gusto-schal-kiev-floral-grace\/#primaryimage\",\"url\":\"https:\/\/muchogusto.nl\/wp-content\/uploads\/2025\/10\/S52KIE003-scaled.jpg\",\"contentUrl\":\"https:\/\/muchogusto.nl\/wp-content\/uploads\/2025\/10\/S52KIE003-scaled.jpg\",\"width\":1920,\"height\":2560,\"caption\":\"MUCHO GUSTO\u00ae Schal Kiev Floral Grace\"},{\"@type\":\"BreadcrumbList\",\"@id\":\"https:\/\/muchogusto.nl\/de\/produkt\/mucho-gusto-schal-kiev-floral-grace\/#breadcrumb\",\"itemListElement\":[{\"@type\":\"ListItem\",\"position\":1,\"name\":\"Home\",\"item\":\"https:\/\/muchogusto.nl\/de\/\"},{\"@type\":\"ListItem\",\"position\":2,\"name\":\"Shop\",\"item\":\"https:\/\/muchogusto.nl\/de\/shop-2\/\"},{\"@type\":\"ListItem\",\"position\":3,\"name\":\"MUCHO GUSTO\u00ae Schal Kiev Floral Grace\"}]},{\"@type\":\"WebSite\",\"@id\":\"https:\/\/muchogusto.nl\/#website\",\"url\":\"https:\/\/muchogusto.nl\/\",\"name\":\"muchogusto.nl\",\"description\":\"\",\"publisher\":{\"@id\":\"https:\/\/muchogusto.nl\/#organization\"},\"potentialAction\":[{\"@type\":\"SearchAction\",\"target\":{\"@type\":\"EntryPoint\",\"urlTemplate\":\"https:\/\/muchogusto.nl\/?s={search_term_string}\"},\"query-input\":{\"@type\":\"PropertyValueSpecification\",\"valueRequired\":true,\"valueName\":\"search_term_string\"}}],\"inLanguage\":\"de-DE\"},{\"@type\":\"Organization\",\"@id\":\"https:\/\/muchogusto.nl\/#organization\",\"name\":\"Mucho Gusto\",\"url\":\"https:\/\/muchogusto.nl\/\",\"logo\":{\"@type\":\"ImageObject\",\"inLanguage\":\"de-DE\",\"@id\":\"https:\/\/muchogusto.nl\/#\/schema\/logo\/image\/\",\"url\":\"https:\/\/muchogusto.nl\/wp-content\/uploads\/2022\/08\/logo_header.svg\",\"contentUrl\":\"https:\/\/muchogusto.nl\/wp-content\/uploads\/2022\/08\/logo_header.svg\",\"caption\":\"Mucho Gusto\"},\"image\":{\"@id\":\"https:\/\/muchogusto.nl\/#\/schema\/logo\/image\/\"},\"sameAs\":[\"https:\/\/www.facebook.com\/muchogusto.nl\/\",\"https:\/\/www.instagram.com\/muchogusto.nl\/\"]}]}<\/script>\n<!-- \/ Yoast SEO Premium plugin. -->","yoast_head_json":{"title":"MUCHO GUSTO\u00ae Schal Kiev Floral Grace - Mucho Gusto","description":"Entdecke den MUCHO GUSTO\u00ae Schal Kiev Floral Grace.Hergestellt aus 100 % reiner Seide mit zarten Blumenmotiven in Dusty Blue, Blush und Taupe \u2013 ein Symbol f\u00fcr Romantik, Luxus und Dutch Design.","robots":{"index":"index","follow":"follow","max-snippet":"max-snippet:-1","max-image-preview":"max-image-preview:large","max-video-preview":"max-video-preview:-1"},"canonical":"https:\/\/muchogusto.nl\/de\/produkt\/mucho-gusto-schal-kiev-floral-grace\/","og_locale":"de_DE","og_type":"article","og_title":"MUCHO GUSTO\u00ae Schal Kiev Floral Grace","og_description":"Entdecke den MUCHO GUSTO\u00ae Schal Kiev Floral Grace.Hergestellt aus 100 % reiner Seide mit zarten Blumenmotiven in Dusty Blue, Blush und Taupe \u2013 ein Symbol f\u00fcr Romantik, Luxus und Dutch Design.","og_url":"https:\/\/muchogusto.nl\/de\/produkt\/mucho-gusto-schal-kiev-floral-grace\/","og_site_name":"Mucho Gusto","article_publisher":"https:\/\/www.facebook.com\/muchogusto.nl\/","article_modified_time":"2026-03-08T08:23:29+00:00","og_image":[{"width":1920,"height":2560,"url":"https:\/\/muchogusto.nl\/wp-content\/uploads\/2025\/10\/S52KIE003-scaled.jpg","type":"image\/jpeg"}],"twitter_card":"summary_large_image","twitter_misc":{"Est. reading time":"2 minutes"},"schema":{"@context":"https:\/\/schema.org","@graph":[{"@type":"WebPage","@id":"https:\/\/muchogusto.nl\/de\/produkt\/mucho-gusto-schal-kiev-floral-grace\/","url":"https:\/\/muchogusto.nl\/de\/produkt\/mucho-gusto-schal-kiev-floral-grace\/","name":"MUCHO GUSTO\u00ae Schal Kiev Floral Grace - Mucho Gusto","isPartOf":{"@id":"https:\/\/muchogusto.nl\/#website"},"primaryImageOfPage":{"@id":"https:\/\/muchogusto.nl\/de\/produkt\/mucho-gusto-schal-kiev-floral-grace\/#primaryimage"},"image":{"@id":"https:\/\/muchogusto.nl\/de\/produkt\/mucho-gusto-schal-kiev-floral-grace\/#primaryimage"},"thumbnailUrl":"https:\/\/muchogusto.nl\/wp-content\/uploads\/2025\/10\/S52KIE003-scaled.jpg","datePublished":"2025-10-06T08:47:25+00:00","dateModified":"2026-03-08T08:23:29+00:00","description":"Entdecke den MUCHO GUSTO\u00ae Schal Kiev Floral Grace.Hergestellt aus 100 % reiner Seide mit zarten Blumenmotiven in Dusty Blue, Blush und Taupe \u2013 ein Symbol f\u00fcr Romantik, Luxus und Dutch Design.","breadcrumb":{"@id":"https:\/\/muchogusto.nl\/de\/produkt\/mucho-gusto-schal-kiev-floral-grace\/#breadcrumb"},"inLanguage":"de-DE","potentialAction":[{"@type":"ReadAction","target":["https:\/\/muchogusto.nl\/de\/produkt\/mucho-gusto-schal-kiev-floral-grace\/"]}]},{"@type":"ImageObject","inLanguage":"de-DE","@id":"https:\/\/muchogusto.nl\/de\/produkt\/mucho-gusto-schal-kiev-floral-grace\/#primaryimage","url":"https:\/\/muchogusto.nl\/wp-content\/uploads\/2025\/10\/S52KIE003-scaled.jpg","contentUrl":"https:\/\/muchogusto.nl\/wp-content\/uploads\/2025\/10\/S52KIE003-scaled.jpg","width":1920,"height":2560,"caption":"MUCHO GUSTO\u00ae Schal Kiev Floral Grace"},{"@type":"BreadcrumbList","@id":"https:\/\/muchogusto.nl\/de\/produkt\/mucho-gusto-schal-kiev-floral-grace\/#breadcrumb","itemListElement":[{"@type":"ListItem","position":1,"name":"Home","item":"https:\/\/muchogusto.nl\/de\/"},{"@type":"ListItem","position":2,"name":"Shop","item":"https:\/\/muchogusto.nl\/de\/shop-2\/"},{"@type":"ListItem","position":3,"name":"MUCHO GUSTO\u00ae Schal Kiev Floral Grace"}]},{"@type":"WebSite","@id":"https:\/\/muchogusto.nl\/#website","url":"https:\/\/muchogusto.nl\/","name":"muchogusto.nl","description":"","publisher":{"@id":"https:\/\/muchogusto.nl\/#organization"},"potentialAction":[{"@type":"SearchAction","target":{"@type":"EntryPoint","urlTemplate":"https:\/\/muchogusto.nl\/?s={search_term_string}"},"query-input":{"@type":"PropertyValueSpecification","valueRequired":true,"valueName":"search_term_string"}}],"inLanguage":"de-DE"},{"@type":"Organization","@id":"https:\/\/muchogusto.nl\/#organization","name":"Mucho Gusto","url":"https:\/\/muchogusto.nl\/","logo":{"@type":"ImageObject","inLanguage":"de-DE","@id":"https:\/\/muchogusto.nl\/#\/schema\/logo\/image\/","url":"https:\/\/muchogusto.nl\/wp-content\/uploads\/2022\/08\/logo_header.svg","contentUrl":"https:\/\/muchogusto.nl\/wp-content\/uploads\/2022\/08\/logo_header.svg","caption":"Mucho Gusto"},"image":{"@id":"https:\/\/muchogusto.nl\/#\/schema\/logo\/image\/"},"sameAs":["https:\/\/www.facebook.com\/muchogusto.nl\/","https:\/\/www.instagram.com\/muchogusto.nl\/"]}]}},"_links":{"self":[{"href":"https:\/\/muchogusto.nl\/de\/wp-json\/wp\/v2\/product\/50276","targetHints":{"allow":["GET"]}}],"collection":[{"href":"https:\/\/muchogusto.nl\/de\/wp-json\/wp\/v2\/product"}],"about":[{"href":"https:\/\/muchogusto.nl\/de\/wp-json\/wp\/v2\/types\/product"}],"replies":[{"embeddable":true,"href":"https:\/\/muchogusto.nl\/de\/wp-json\/wp\/v2\/comments?post=50276"}],"wp:featuredmedia":[{"embeddable":true,"href":"https:\/\/muchogusto.nl\/de\/wp-json\/wp\/v2\/media\/50119"}],"wp:attachment":[{"href":"https:\/\/muchogusto.nl\/de\/wp-json\/wp\/v2\/media?parent=50276"}],"wp:term":[{"taxonomy":"product_brand","embeddable":true,"href":"https:\/\/muchogusto.nl\/de\/wp-json\/wp\/v2\/product_brand?post=50276"},{"taxonomy":"product_cat","embeddable":true,"href":"https:\/\/muchogusto.nl\/de\/wp-json\/wp\/v2\/product_cat?post=50276"},{"taxonomy":"product_tag","embeddable":true,"href":"https:\/\/muchogusto.nl\/de\/wp-json\/wp\/v2\/product_tag?post=50276"}],"curies":[{"name":"wp","href":"https:\/\/api.w.org\/{rel}","templated":true}]}}