{"id":50040,"date":"2025-09-30T12:11:34","date_gmt":"2025-09-30T10:11:34","guid":{"rendered":"https:\/\/muchogusto.nl\/product\/mucho-gusto-scarf-chain-venetian-charm\/"},"modified":"2026-03-02T12:02:38","modified_gmt":"2026-03-02T11:02:38","slug":"mucho-gusto-schal-chain-venetian-charm","status":"publish","type":"product","link":"https:\/\/muchogusto.nl\/de\/produkt\/mucho-gusto-schal-chain-venetian-charm\/","title":{"rendered":"MUCHO GUSTO\u00ae Schal Chain Venetian Charm"},"content":{"rendered":"<h3>DETAILS ZUM PRODUKT<\/h3>\n<p data-start=\"52\" data-end=\"95\"><strong data-start=\"52\" data-end=\"95\">MUCHO GUSTO\u00ae Schal Chain Venetian Charm<\/strong><\/p>\n<p data-start=\"97\" data-end=\"584\">Der MUCHO GUSTO\u00ae Schal Chain Venetian Charm ist ein luxuri\u00f6ses Seidenaccessoire, das die Opulenz und Eleganz venezianischer Kunst widerspiegelt. Mit raffinierten, ketteninspirierten Motiven, zarten floralen Elementen und kunstvollen geometrischen Mustern vereint dieser Schal zeitlose Raffinesse mit einem Hauch exotischer Anziehungskraft. Die warmen, erdigen Farbt\u00f6ne mit dezenten mehrfarbigen Akzenten schaffen eine vielseitige Farbpalette, die jedem Outfit das gewisse Etwas verleiht.<\/p>\n<p data-start=\"586\" data-end=\"918\">Gefertigt aus 100 % Seide bietet der Schal eine besonders glatte Textur, ein federleichtes Tragegef\u00fchl und einen nat\u00fcrlichen Glanz. Die dreieckige Form (130 x 80 x 80 cm) erm\u00f6glicht unz\u00e4hlige Styling-Optionen \u2013 tragen Sie ihn klassisch um den Hals, elegant \u00fcber die Schultern gelegt oder als modisches Highlight an Ihrer Handtasche.<\/p>\n<p data-start=\"920\" data-end=\"1118\">Entworfen f\u00fcr die moderne, stilbewusste Frau, verk\u00f6rpert der Chain Venetian Charm-Schal den niederl\u00e4ndischen Designgeist von MUCHO GUSTO\u00ae \u2013 eine Verbindung aus Luxus, Kreativit\u00e4t und Individualit\u00e4t.<\/p>\n<p data-start=\"1120\" data-end=\"1303\"><strong data-start=\"1120\" data-end=\"1147\">Niederl\u00e4ndisches Design<\/strong><br data-start=\"1147\" data-end=\"1150\" \/><strong data-start=\"1150\" data-end=\"1163\">Material:<\/strong> 100 % Seide<br data-start=\"1175\" data-end=\"1178\" \/><strong data-start=\"1178\" data-end=\"1187\">Form:<\/strong> Dreieckig<br data-start=\"1197\" data-end=\"1200\" \/><strong data-start=\"1200\" data-end=\"1209\">Ma\u00dfe:<\/strong> 130 x 80 x 80 cm<br data-start=\"1226\" data-end=\"1229\" \/><strong data-start=\"1229\" data-end=\"1240\">Farben:<\/strong> Zartes Beige, Sand &amp; Taupe mit kr\u00e4ftigen mehrfarbigen Akzenten<\/p>\n<div class=\"summary\">\n<div class=\"tccContent\">\n<div class=\"markdown prose w-full break-words dark:prose-invert light\">\n<h3>PASSENDE ARTIKEL<\/h3>\n<div class=\"summary\">\n<div class=\"flex w-full flex-col gap-1 empty:hidden first:pt-[3px]\">\n<div class=\"markdown prose w-full break-words dark:prose-invert light\">\n<p class=\"p1\"><span class=\"s1\">Vervollst\u00e4ndigen Sie Ihren Look mit einer passenden\u00a0<a href=\"https:\/\/muchogusto.nl\/de\/blusen\/\"><span class=\"s2\">Bluse.<\/span><\/a><br \/>\n<\/span><span class=\"s1\">M\u00f6chten Sie mehr Schals sehen? Dann schauen Sie sich unsere\u00a0<\/span><a href=\"https:\/\/muchogusto.nl\/de\/schals\/\">Schals und Seidentucher<\/a>\u00a0<span class=\"s1\">an.<br \/>\n<\/span><span class=\"s1\">M\u00f6chten Sie mehr Inspiration? Dann besuchen Sie unsere\u00a0<a href=\"http:\/\/instagram.com\/muchogusto.nl\"><span class=\"s2\">Instagram-Seite<\/span><\/a>.\u00a0<\/span><\/p>\n<h3>BRAUCHEN SIE HILFE?<\/h3>\n<p>Wenn Sie Fragen zu diesem Artikel oder der Gr\u00f6\u00dfe haben, senden Sie eine E-Mail an unseren Kundenservice unter\u00a0<a href=\"mailto:web@muchogusto.nl\"><span class=\"s2\">web@muchogusto.nl<\/span><\/a><\/p>\n<\/div>\n<\/div>\n<\/div>\n<\/div>\n<\/div>\n<\/div>\n","protected":false},"excerpt":{"rendered":"<p>DETAILS ZUM PRODUKT MUCHO GUSTO\u00ae Schal Chain Venetian Charm Der MUCHO GUSTO\u00ae Schal Chain Venetian Charm ist ein luxuri\u00f6ses Seidenaccessoire, das die Opulenz und Eleganz venezianischer Kunst widerspiegelt. Mit raffinierten, ketteninspirierten Motiven, zarten floralen Elementen und kunstvollen geometrischen Mustern vereint dieser Schal zeitlose Raffinesse mit einem Hauch exotischer Anziehungskraft. Die warmen, erdigen Farbt\u00f6ne mit dezenten [&hellip;]<\/p>\n","protected":false},"featured_media":49927,"comment_status":"open","ping_status":"closed","template":"","meta":{"_acf_changed":false,"inline_featured_image":false,"navigation_state":false,"_genesis_hide_title":false,"_genesis_hide_breadcrumbs":false,"_genesis_hide_singular_image":false,"_genesis_hide_footer_widgets":false,"_genesis_custom_body_class":"","_genesis_custom_post_class":"","_genesis_layout":""},"product_brand":[],"product_cat":[87],"product_tag":[],"class_list":{"0":"post-50040","1":"product","2":"type-product","3":"status-publish","4":"has-post-thumbnail","6":"product_cat-schals","7":"entry","9":"first","10":"instock","11":"sale","12":"taxable","13":"shipping-taxable","14":"purchasable","15":"product-type-simple"},"acf":[],"yoast_head":"<!-- This site is optimized with the Yoast SEO Premium plugin v27.2 (Yoast SEO v27.2) - https:\/\/yoast.com\/product\/yoast-seo-premium-wordpress\/ -->\n<title>MUCHO GUSTO\u00ae Schal Chain Venetian Charm - Mucho Gusto<\/title>\n<meta name=\"description\" content=\"Entdecken Sie den MUCHO GUSTO\u00ae Schal Chain Venetian Charm \u2013 ein dreieckiger Schal aus 100\u202f% Seide mit Kettenmotiven, venezianischer Eleganz und zeitlosem Stil.\" \/>\n<meta name=\"robots\" content=\"index, follow, max-snippet:-1, max-image-preview:large, max-video-preview:-1\" \/>\n<link rel=\"canonical\" href=\"https:\/\/muchogusto.nl\/de\/produkt\/mucho-gusto-schal-chain-venetian-charm\/\" \/>\n<meta property=\"og:locale\" content=\"de_DE\" \/>\n<meta property=\"og:type\" content=\"article\" \/>\n<meta property=\"og:title\" content=\"MUCHO GUSTO\u00ae Schal Chain Venetian Charm\" \/>\n<meta property=\"og:description\" content=\"Entdecken Sie den MUCHO GUSTO\u00ae Schal Chain Venetian Charm \u2013 ein dreieckiger Schal aus 100\u202f% Seide mit Kettenmotiven, venezianischer Eleganz und zeitlosem Stil.\" \/>\n<meta property=\"og:url\" content=\"https:\/\/muchogusto.nl\/de\/produkt\/mucho-gusto-schal-chain-venetian-charm\/\" \/>\n<meta property=\"og:site_name\" content=\"Mucho Gusto\" \/>\n<meta property=\"article:publisher\" content=\"https:\/\/www.facebook.com\/muchogusto.nl\/\" \/>\n<meta property=\"article:modified_time\" content=\"2026-03-02T11:02:38+00:00\" \/>\n<meta property=\"og:image\" content=\"https:\/\/muchogusto.nl\/wp-content\/uploads\/2025\/09\/Zonder-titel-2500-x-3333-px-768x1024.png\" \/>\n\t<meta property=\"og:image:width\" content=\"768\" \/>\n\t<meta property=\"og:image:height\" content=\"1024\" \/>\n\t<meta property=\"og:image:type\" content=\"image\/png\" \/>\n<meta name=\"twitter:card\" content=\"summary_large_image\" \/>\n<meta name=\"twitter:label1\" content=\"Est. reading time\" \/>\n\t<meta name=\"twitter:data1\" content=\"2 minutes\" \/>\n<script type=\"application\/ld+json\" class=\"yoast-schema-graph\">{\"@context\":\"https:\/\/schema.org\",\"@graph\":[{\"@type\":\"WebPage\",\"@id\":\"https:\/\/muchogusto.nl\/de\/produkt\/mucho-gusto-schal-chain-venetian-charm\/\",\"url\":\"https:\/\/muchogusto.nl\/de\/produkt\/mucho-gusto-schal-chain-venetian-charm\/\",\"name\":\"MUCHO GUSTO\u00ae Schal Chain Venetian Charm - Mucho Gusto\",\"isPartOf\":{\"@id\":\"https:\/\/muchogusto.nl\/#website\"},\"primaryImageOfPage\":{\"@id\":\"https:\/\/muchogusto.nl\/de\/produkt\/mucho-gusto-schal-chain-venetian-charm\/#primaryimage\"},\"image\":{\"@id\":\"https:\/\/muchogusto.nl\/de\/produkt\/mucho-gusto-schal-chain-venetian-charm\/#primaryimage\"},\"thumbnailUrl\":\"https:\/\/muchogusto.nl\/wp-content\/uploads\/2025\/09\/Zonder-titel-2500-x-3333-px-scaled.png\",\"datePublished\":\"2025-09-30T10:11:34+00:00\",\"dateModified\":\"2026-03-02T11:02:38+00:00\",\"description\":\"Entdecken Sie den MUCHO GUSTO\u00ae Schal Chain Venetian Charm \u2013 ein dreieckiger Schal aus 100\u202f% Seide mit Kettenmotiven, venezianischer Eleganz und zeitlosem Stil.\",\"breadcrumb\":{\"@id\":\"https:\/\/muchogusto.nl\/de\/produkt\/mucho-gusto-schal-chain-venetian-charm\/#breadcrumb\"},\"inLanguage\":\"de-DE\",\"potentialAction\":[{\"@type\":\"ReadAction\",\"target\":[\"https:\/\/muchogusto.nl\/de\/produkt\/mucho-gusto-schal-chain-venetian-charm\/\"]}]},{\"@type\":\"ImageObject\",\"inLanguage\":\"de-DE\",\"@id\":\"https:\/\/muchogusto.nl\/de\/produkt\/mucho-gusto-schal-chain-venetian-charm\/#primaryimage\",\"url\":\"https:\/\/muchogusto.nl\/wp-content\/uploads\/2025\/09\/Zonder-titel-2500-x-3333-px-scaled.png\",\"contentUrl\":\"https:\/\/muchogusto.nl\/wp-content\/uploads\/2025\/09\/Zonder-titel-2500-x-3333-px-scaled.png\",\"width\":1920,\"height\":2560,\"caption\":\"MUCHO GUSTO\u00ae Schal Chain Venetian Charm\"},{\"@type\":\"BreadcrumbList\",\"@id\":\"https:\/\/muchogusto.nl\/de\/produkt\/mucho-gusto-schal-chain-venetian-charm\/#breadcrumb\",\"itemListElement\":[{\"@type\":\"ListItem\",\"position\":1,\"name\":\"Home\",\"item\":\"https:\/\/muchogusto.nl\/de\/\"},{\"@type\":\"ListItem\",\"position\":2,\"name\":\"Shop\",\"item\":\"https:\/\/muchogusto.nl\/de\/shop-2\/\"},{\"@type\":\"ListItem\",\"position\":3,\"name\":\"MUCHO GUSTO\u00ae Schal Chain Venetian Charm\"}]},{\"@type\":\"WebSite\",\"@id\":\"https:\/\/muchogusto.nl\/#website\",\"url\":\"https:\/\/muchogusto.nl\/\",\"name\":\"muchogusto.nl\",\"description\":\"\",\"publisher\":{\"@id\":\"https:\/\/muchogusto.nl\/#organization\"},\"potentialAction\":[{\"@type\":\"SearchAction\",\"target\":{\"@type\":\"EntryPoint\",\"urlTemplate\":\"https:\/\/muchogusto.nl\/?s={search_term_string}\"},\"query-input\":{\"@type\":\"PropertyValueSpecification\",\"valueRequired\":true,\"valueName\":\"search_term_string\"}}],\"inLanguage\":\"de-DE\"},{\"@type\":\"Organization\",\"@id\":\"https:\/\/muchogusto.nl\/#organization\",\"name\":\"Mucho Gusto\",\"url\":\"https:\/\/muchogusto.nl\/\",\"logo\":{\"@type\":\"ImageObject\",\"inLanguage\":\"de-DE\",\"@id\":\"https:\/\/muchogusto.nl\/#\/schema\/logo\/image\/\",\"url\":\"https:\/\/muchogusto.nl\/wp-content\/uploads\/2022\/08\/logo_header.svg\",\"contentUrl\":\"https:\/\/muchogusto.nl\/wp-content\/uploads\/2022\/08\/logo_header.svg\",\"caption\":\"Mucho Gusto\"},\"image\":{\"@id\":\"https:\/\/muchogusto.nl\/#\/schema\/logo\/image\/\"},\"sameAs\":[\"https:\/\/www.facebook.com\/muchogusto.nl\/\",\"https:\/\/www.instagram.com\/muchogusto.nl\/\"]}]}<\/script>\n<!-- \/ Yoast SEO Premium plugin. -->","yoast_head_json":{"title":"MUCHO GUSTO\u00ae Schal Chain Venetian Charm - Mucho Gusto","description":"Entdecken Sie den MUCHO GUSTO\u00ae Schal Chain Venetian Charm \u2013 ein dreieckiger Schal aus 100\u202f% Seide mit Kettenmotiven, venezianischer Eleganz und zeitlosem Stil.","robots":{"index":"index","follow":"follow","max-snippet":"max-snippet:-1","max-image-preview":"max-image-preview:large","max-video-preview":"max-video-preview:-1"},"canonical":"https:\/\/muchogusto.nl\/de\/produkt\/mucho-gusto-schal-chain-venetian-charm\/","og_locale":"de_DE","og_type":"article","og_title":"MUCHO GUSTO\u00ae Schal Chain Venetian Charm","og_description":"Entdecken Sie den MUCHO GUSTO\u00ae Schal Chain Venetian Charm \u2013 ein dreieckiger Schal aus 100\u202f% Seide mit Kettenmotiven, venezianischer Eleganz und zeitlosem Stil.","og_url":"https:\/\/muchogusto.nl\/de\/produkt\/mucho-gusto-schal-chain-venetian-charm\/","og_site_name":"Mucho Gusto","article_publisher":"https:\/\/www.facebook.com\/muchogusto.nl\/","article_modified_time":"2026-03-02T11:02:38+00:00","og_image":[{"width":768,"height":1024,"url":"https:\/\/muchogusto.nl\/wp-content\/uploads\/2025\/09\/Zonder-titel-2500-x-3333-px-768x1024.png","type":"image\/png"}],"twitter_card":"summary_large_image","twitter_misc":{"Est. reading time":"2 minutes"},"schema":{"@context":"https:\/\/schema.org","@graph":[{"@type":"WebPage","@id":"https:\/\/muchogusto.nl\/de\/produkt\/mucho-gusto-schal-chain-venetian-charm\/","url":"https:\/\/muchogusto.nl\/de\/produkt\/mucho-gusto-schal-chain-venetian-charm\/","name":"MUCHO GUSTO\u00ae Schal Chain Venetian Charm - Mucho Gusto","isPartOf":{"@id":"https:\/\/muchogusto.nl\/#website"},"primaryImageOfPage":{"@id":"https:\/\/muchogusto.nl\/de\/produkt\/mucho-gusto-schal-chain-venetian-charm\/#primaryimage"},"image":{"@id":"https:\/\/muchogusto.nl\/de\/produkt\/mucho-gusto-schal-chain-venetian-charm\/#primaryimage"},"thumbnailUrl":"https:\/\/muchogusto.nl\/wp-content\/uploads\/2025\/09\/Zonder-titel-2500-x-3333-px-scaled.png","datePublished":"2025-09-30T10:11:34+00:00","dateModified":"2026-03-02T11:02:38+00:00","description":"Entdecken Sie den MUCHO GUSTO\u00ae Schal Chain Venetian Charm \u2013 ein dreieckiger Schal aus 100\u202f% Seide mit Kettenmotiven, venezianischer Eleganz und zeitlosem Stil.","breadcrumb":{"@id":"https:\/\/muchogusto.nl\/de\/produkt\/mucho-gusto-schal-chain-venetian-charm\/#breadcrumb"},"inLanguage":"de-DE","potentialAction":[{"@type":"ReadAction","target":["https:\/\/muchogusto.nl\/de\/produkt\/mucho-gusto-schal-chain-venetian-charm\/"]}]},{"@type":"ImageObject","inLanguage":"de-DE","@id":"https:\/\/muchogusto.nl\/de\/produkt\/mucho-gusto-schal-chain-venetian-charm\/#primaryimage","url":"https:\/\/muchogusto.nl\/wp-content\/uploads\/2025\/09\/Zonder-titel-2500-x-3333-px-scaled.png","contentUrl":"https:\/\/muchogusto.nl\/wp-content\/uploads\/2025\/09\/Zonder-titel-2500-x-3333-px-scaled.png","width":1920,"height":2560,"caption":"MUCHO GUSTO\u00ae Schal Chain Venetian Charm"},{"@type":"BreadcrumbList","@id":"https:\/\/muchogusto.nl\/de\/produkt\/mucho-gusto-schal-chain-venetian-charm\/#breadcrumb","itemListElement":[{"@type":"ListItem","position":1,"name":"Home","item":"https:\/\/muchogusto.nl\/de\/"},{"@type":"ListItem","position":2,"name":"Shop","item":"https:\/\/muchogusto.nl\/de\/shop-2\/"},{"@type":"ListItem","position":3,"name":"MUCHO GUSTO\u00ae Schal Chain Venetian Charm"}]},{"@type":"WebSite","@id":"https:\/\/muchogusto.nl\/#website","url":"https:\/\/muchogusto.nl\/","name":"muchogusto.nl","description":"","publisher":{"@id":"https:\/\/muchogusto.nl\/#organization"},"potentialAction":[{"@type":"SearchAction","target":{"@type":"EntryPoint","urlTemplate":"https:\/\/muchogusto.nl\/?s={search_term_string}"},"query-input":{"@type":"PropertyValueSpecification","valueRequired":true,"valueName":"search_term_string"}}],"inLanguage":"de-DE"},{"@type":"Organization","@id":"https:\/\/muchogusto.nl\/#organization","name":"Mucho Gusto","url":"https:\/\/muchogusto.nl\/","logo":{"@type":"ImageObject","inLanguage":"de-DE","@id":"https:\/\/muchogusto.nl\/#\/schema\/logo\/image\/","url":"https:\/\/muchogusto.nl\/wp-content\/uploads\/2022\/08\/logo_header.svg","contentUrl":"https:\/\/muchogusto.nl\/wp-content\/uploads\/2022\/08\/logo_header.svg","caption":"Mucho Gusto"},"image":{"@id":"https:\/\/muchogusto.nl\/#\/schema\/logo\/image\/"},"sameAs":["https:\/\/www.facebook.com\/muchogusto.nl\/","https:\/\/www.instagram.com\/muchogusto.nl\/"]}]}},"_links":{"self":[{"href":"https:\/\/muchogusto.nl\/de\/wp-json\/wp\/v2\/product\/50040","targetHints":{"allow":["GET"]}}],"collection":[{"href":"https:\/\/muchogusto.nl\/de\/wp-json\/wp\/v2\/product"}],"about":[{"href":"https:\/\/muchogusto.nl\/de\/wp-json\/wp\/v2\/types\/product"}],"replies":[{"embeddable":true,"href":"https:\/\/muchogusto.nl\/de\/wp-json\/wp\/v2\/comments?post=50040"}],"wp:featuredmedia":[{"embeddable":true,"href":"https:\/\/muchogusto.nl\/de\/wp-json\/wp\/v2\/media\/49927"}],"wp:attachment":[{"href":"https:\/\/muchogusto.nl\/de\/wp-json\/wp\/v2\/media?parent=50040"}],"wp:term":[{"taxonomy":"product_brand","embeddable":true,"href":"https:\/\/muchogusto.nl\/de\/wp-json\/wp\/v2\/product_brand?post=50040"},{"taxonomy":"product_cat","embeddable":true,"href":"https:\/\/muchogusto.nl\/de\/wp-json\/wp\/v2\/product_cat?post=50040"},{"taxonomy":"product_tag","embeddable":true,"href":"https:\/\/muchogusto.nl\/de\/wp-json\/wp\/v2\/product_tag?post=50040"}],"curies":[{"name":"wp","href":"https:\/\/api.w.org\/{rel}","templated":true}]}}