{"id":49964,"date":"2025-09-30T10:17:03","date_gmt":"2025-09-30T08:17:03","guid":{"rendered":"http:\/\/muchogusto.nl\/product\/mucho-gusto-scarf-burano-small-floral-bordeaux\/"},"modified":"2026-03-02T12:02:38","modified_gmt":"2026-03-02T11:02:38","slug":"mucho-gusto-schal-burano-small-floral-bordeaux","status":"publish","type":"product","link":"https:\/\/muchogusto.nl\/de\/produkt\/mucho-gusto-schal-burano-small-floral-bordeaux\/","title":{"rendered":"MUCHO GUSTO\u00ae Schal Burano Small Floral Bordeaux"},"content":{"rendered":"<h3>DETAILS ZUM PRODUKT<\/h3>\n<p data-start=\"41\" data-end=\"92\"><strong data-start=\"41\" data-end=\"92\">MUCHO GUSTO\u00ae Schal Burano Small Floral Bordeaux<\/strong><\/p>\n<p data-start=\"94\" data-end=\"526\">Der <strong data-start=\"98\" data-end=\"149\">MUCHO GUSTO\u00ae Schal Burano Small Floral Bordeaux<\/strong> ist ein edles Accessoire, das zeitlose Eleganz mit einem k\u00fchnen, ausdrucksstarken Design vereint. Vor einem satten bordeauxroten Hintergrund pr\u00e4sentiert sich dieser auff\u00e4llige Schal mit einem lebendigen Blumenbouquet in Orange-, Blau-, Gelb- und Wei\u00dft\u00f6nen. Die filigranen Details verleihen dem Design eine lebhafte, dennoch stilvolle Ausstrahlung \u2013 ein echtes Statement-Piece.<\/p>\n<p data-start=\"528\" data-end=\"823\">Gefertigt aus 100 % luxuri\u00f6ser Seide f\u00fchlt sich der Schal federleicht und geschmeidig an, mit einem nat\u00fcrlichen Glanz. Das vielseitige Format von ca. 50 x 50 cm erm\u00f6glicht zahlreiche Styling-Optionen \u2013 klassisch um den Hals, elegant an einer Handtasche oder als schickes Haaraccessoire getragen.<\/p>\n<p data-start=\"825\" data-end=\"1038\">F\u00fcr die moderne Frau, die Wert auf Qualit\u00e4t und Kreativit\u00e4t legt, verk\u00f6rpert der Burano Small Floral Bordeaux Schal den niederl\u00e4ndischen Designgeist und die charakteristischen, expressiven Muster von MUCHO GUSTO\u00ae.<\/p>\n<p data-start=\"1040\" data-end=\"1170\"><strong data-start=\"1040\" data-end=\"1067\">Niederl\u00e4ndisches Design<\/strong><br data-start=\"1067\" data-end=\"1070\" \/><strong data-start=\"1070\" data-end=\"1083\">Material:<\/strong> 100 % Seide<br data-start=\"1095\" data-end=\"1098\" \/><strong data-start=\"1098\" data-end=\"1107\">Ma\u00dfe:<\/strong> 50 x 50 cm<br data-start=\"1118\" data-end=\"1121\" \/><strong data-start=\"1121\" data-end=\"1131\">Farbe:<\/strong> Mehrfarbiges Blumenmuster auf Bordeaux<\/p>\n<h3>PASSENDE ARTIKEL<\/h3>\n<div class=\"summary\">\n<div class=\"flex w-full flex-col gap-1 empty:hidden first:pt-[3px]\">\n<div class=\"markdown prose w-full break-words dark:prose-invert light\">\n<p class=\"p1\"><span class=\"s1\">Vervollst\u00e4ndigen Sie Ihren Look mit einer passenden\u00a0<a href=\"https:\/\/muchogusto.nl\/de\/blusen\/\"><span class=\"s2\">Bluse.<\/span><\/a><br \/>\n<\/span><span class=\"s1\">M\u00f6chten Sie mehr Schals sehen? Dann schauen Sie sich unsere\u00a0<\/span><a href=\"https:\/\/muchogusto.nl\/de\/schals\/\">Schals und Seidentucher<\/a>\u00a0<span class=\"s1\">an.<br \/>\n<\/span><span class=\"s1\">M\u00f6chten Sie mehr Inspiration? Dann besuchen Sie unsere\u00a0<a href=\"http:\/\/instagram.com\/muchogusto.nl\"><span class=\"s2\">Instagram-Seite<\/span><\/a>.\u00a0<\/span><\/p>\n<h3>BRAUCHEN SIE HILFE?<\/h3>\n<p>Wenn Sie Fragen zu diesem Artikel oder der Gr\u00f6\u00dfe haben, senden Sie eine E-Mail an unseren Kundenservice unter\u00a0<a href=\"mailto:web@muchogusto.nl\"><span class=\"s2\">web@muchogusto.nl<\/span><\/a><\/p>\n<\/div>\n<\/div>\n<\/div>\n","protected":false},"excerpt":{"rendered":"<p>DETAILS ZUM PRODUKT MUCHO GUSTO\u00ae Schal Burano Small Floral Bordeaux Der MUCHO GUSTO\u00ae Schal Burano Small Floral Bordeaux ist ein edles Accessoire, das zeitlose Eleganz mit einem k\u00fchnen, ausdrucksstarken Design vereint. Vor einem satten bordeauxroten Hintergrund pr\u00e4sentiert sich dieser auff\u00e4llige Schal mit einem lebendigen Blumenbouquet in Orange-, Blau-, Gelb- und Wei\u00dft\u00f6nen. Die filigranen Details verleihen [&hellip;]<\/p>\n","protected":false},"featured_media":49880,"comment_status":"open","ping_status":"closed","template":"","meta":{"_acf_changed":false,"inline_featured_image":false,"navigation_state":false,"_genesis_hide_title":false,"_genesis_hide_breadcrumbs":false,"_genesis_hide_singular_image":false,"_genesis_hide_footer_widgets":false,"_genesis_custom_body_class":"","_genesis_custom_post_class":"","_genesis_layout":""},"product_brand":[],"product_cat":[87],"product_tag":[],"class_list":{"0":"post-49964","1":"product","2":"type-product","3":"status-publish","4":"has-post-thumbnail","6":"product_cat-schals","7":"entry","9":"first","10":"instock","11":"sale","12":"taxable","13":"shipping-taxable","14":"purchasable","15":"product-type-simple"},"acf":[],"yoast_head":"<!-- This site is optimized with the Yoast SEO Premium plugin v27.2 (Yoast SEO v27.2) - https:\/\/yoast.com\/product\/yoast-seo-premium-wordpress\/ -->\n<title>MUCHO GUSTO\u00ae Schal Burano Small Floral Bordeaux - Mucho Gusto<\/title>\n<meta name=\"description\" content=\"Entdecken Sie den MUCHO GUSTO\u00ae Schal Burano Small Floral Bordeaux \u2013 ein Seidenschal aus 100 % Seide mit lebendigen Blumenmotiven und zeitloser Eleganz im niederl\u00e4ndischen Design.\" \/>\n<meta name=\"robots\" content=\"index, follow, max-snippet:-1, max-image-preview:large, max-video-preview:-1\" \/>\n<link rel=\"canonical\" href=\"https:\/\/muchogusto.nl\/de\/produkt\/mucho-gusto-schal-burano-small-floral-bordeaux\/\" \/>\n<meta property=\"og:locale\" content=\"de_DE\" \/>\n<meta property=\"og:type\" content=\"article\" \/>\n<meta property=\"og:title\" content=\"MUCHO GUSTO\u00ae Schal Burano Small Floral Bordeaux\" \/>\n<meta property=\"og:description\" content=\"Entdecken Sie den MUCHO GUSTO\u00ae Schal Burano Small Floral Bordeaux \u2013 ein Seidenschal aus 100 % Seide mit lebendigen Blumenmotiven und zeitloser Eleganz im niederl\u00e4ndischen Design.\" \/>\n<meta property=\"og:url\" content=\"https:\/\/muchogusto.nl\/de\/produkt\/mucho-gusto-schal-burano-small-floral-bordeaux\/\" \/>\n<meta property=\"og:site_name\" content=\"Mucho Gusto\" \/>\n<meta property=\"article:publisher\" content=\"https:\/\/www.facebook.com\/muchogusto.nl\/\" \/>\n<meta property=\"article:modified_time\" content=\"2026-03-02T11:02:38+00:00\" \/>\n<meta property=\"og:image\" content=\"https:\/\/muchogusto.nl\/wp-content\/uploads\/2025\/09\/S52BUS0012500-x-3333-px-scaled.jpg\" \/>\n\t<meta property=\"og:image:width\" content=\"1920\" \/>\n\t<meta property=\"og:image:height\" content=\"2560\" \/>\n\t<meta property=\"og:image:type\" content=\"image\/jpeg\" \/>\n<meta name=\"twitter:card\" content=\"summary_large_image\" \/>\n<meta name=\"twitter:label1\" content=\"Est. reading time\" \/>\n\t<meta name=\"twitter:data1\" content=\"2 minutes\" \/>\n<script type=\"application\/ld+json\" class=\"yoast-schema-graph\">{\"@context\":\"https:\/\/schema.org\",\"@graph\":[{\"@type\":\"WebPage\",\"@id\":\"https:\/\/muchogusto.nl\/de\/produkt\/mucho-gusto-schal-burano-small-floral-bordeaux\/\",\"url\":\"https:\/\/muchogusto.nl\/de\/produkt\/mucho-gusto-schal-burano-small-floral-bordeaux\/\",\"name\":\"MUCHO GUSTO\u00ae Schal Burano Small Floral Bordeaux - Mucho Gusto\",\"isPartOf\":{\"@id\":\"https:\/\/muchogusto.nl\/#website\"},\"primaryImageOfPage\":{\"@id\":\"https:\/\/muchogusto.nl\/de\/produkt\/mucho-gusto-schal-burano-small-floral-bordeaux\/#primaryimage\"},\"image\":{\"@id\":\"https:\/\/muchogusto.nl\/de\/produkt\/mucho-gusto-schal-burano-small-floral-bordeaux\/#primaryimage\"},\"thumbnailUrl\":\"https:\/\/muchogusto.nl\/wp-content\/uploads\/2025\/09\/S52BUS0012500-x-3333-px-scaled.jpg\",\"datePublished\":\"2025-09-30T08:17:03+00:00\",\"dateModified\":\"2026-03-02T11:02:38+00:00\",\"description\":\"Entdecken Sie den MUCHO GUSTO\u00ae Schal Burano Small Floral Bordeaux \u2013 ein Seidenschal aus 100 % Seide mit lebendigen Blumenmotiven und zeitloser Eleganz im niederl\u00e4ndischen Design.\",\"breadcrumb\":{\"@id\":\"https:\/\/muchogusto.nl\/de\/produkt\/mucho-gusto-schal-burano-small-floral-bordeaux\/#breadcrumb\"},\"inLanguage\":\"de-DE\",\"potentialAction\":[{\"@type\":\"ReadAction\",\"target\":[\"https:\/\/muchogusto.nl\/de\/produkt\/mucho-gusto-schal-burano-small-floral-bordeaux\/\"]}]},{\"@type\":\"ImageObject\",\"inLanguage\":\"de-DE\",\"@id\":\"https:\/\/muchogusto.nl\/de\/produkt\/mucho-gusto-schal-burano-small-floral-bordeaux\/#primaryimage\",\"url\":\"https:\/\/muchogusto.nl\/wp-content\/uploads\/2025\/09\/S52BUS0012500-x-3333-px-scaled.jpg\",\"contentUrl\":\"https:\/\/muchogusto.nl\/wp-content\/uploads\/2025\/09\/S52BUS0012500-x-3333-px-scaled.jpg\",\"width\":1920,\"height\":2560,\"caption\":\"MUCHO GUSTO\u00ae Scarf Burano Small Floral Bordeaux\"},{\"@type\":\"BreadcrumbList\",\"@id\":\"https:\/\/muchogusto.nl\/de\/produkt\/mucho-gusto-schal-burano-small-floral-bordeaux\/#breadcrumb\",\"itemListElement\":[{\"@type\":\"ListItem\",\"position\":1,\"name\":\"Home\",\"item\":\"https:\/\/muchogusto.nl\/de\/\"},{\"@type\":\"ListItem\",\"position\":2,\"name\":\"Shop\",\"item\":\"https:\/\/muchogusto.nl\/de\/shop-2\/\"},{\"@type\":\"ListItem\",\"position\":3,\"name\":\"MUCHO GUSTO\u00ae Schal Burano Small Floral Bordeaux\"}]},{\"@type\":\"WebSite\",\"@id\":\"https:\/\/muchogusto.nl\/#website\",\"url\":\"https:\/\/muchogusto.nl\/\",\"name\":\"muchogusto.nl\",\"description\":\"\",\"publisher\":{\"@id\":\"https:\/\/muchogusto.nl\/#organization\"},\"potentialAction\":[{\"@type\":\"SearchAction\",\"target\":{\"@type\":\"EntryPoint\",\"urlTemplate\":\"https:\/\/muchogusto.nl\/?s={search_term_string}\"},\"query-input\":{\"@type\":\"PropertyValueSpecification\",\"valueRequired\":true,\"valueName\":\"search_term_string\"}}],\"inLanguage\":\"de-DE\"},{\"@type\":\"Organization\",\"@id\":\"https:\/\/muchogusto.nl\/#organization\",\"name\":\"Mucho Gusto\",\"url\":\"https:\/\/muchogusto.nl\/\",\"logo\":{\"@type\":\"ImageObject\",\"inLanguage\":\"de-DE\",\"@id\":\"https:\/\/muchogusto.nl\/#\/schema\/logo\/image\/\",\"url\":\"https:\/\/muchogusto.nl\/wp-content\/uploads\/2022\/08\/logo_header.svg\",\"contentUrl\":\"https:\/\/muchogusto.nl\/wp-content\/uploads\/2022\/08\/logo_header.svg\",\"caption\":\"Mucho Gusto\"},\"image\":{\"@id\":\"https:\/\/muchogusto.nl\/#\/schema\/logo\/image\/\"},\"sameAs\":[\"https:\/\/www.facebook.com\/muchogusto.nl\/\",\"https:\/\/www.instagram.com\/muchogusto.nl\/\"]}]}<\/script>\n<!-- \/ Yoast SEO Premium plugin. -->","yoast_head_json":{"title":"MUCHO GUSTO\u00ae Schal Burano Small Floral Bordeaux - Mucho Gusto","description":"Entdecken Sie den MUCHO GUSTO\u00ae Schal Burano Small Floral Bordeaux \u2013 ein Seidenschal aus 100 % Seide mit lebendigen Blumenmotiven und zeitloser Eleganz im niederl\u00e4ndischen Design.","robots":{"index":"index","follow":"follow","max-snippet":"max-snippet:-1","max-image-preview":"max-image-preview:large","max-video-preview":"max-video-preview:-1"},"canonical":"https:\/\/muchogusto.nl\/de\/produkt\/mucho-gusto-schal-burano-small-floral-bordeaux\/","og_locale":"de_DE","og_type":"article","og_title":"MUCHO GUSTO\u00ae Schal Burano Small Floral Bordeaux","og_description":"Entdecken Sie den MUCHO GUSTO\u00ae Schal Burano Small Floral Bordeaux \u2013 ein Seidenschal aus 100 % Seide mit lebendigen Blumenmotiven und zeitloser Eleganz im niederl\u00e4ndischen Design.","og_url":"https:\/\/muchogusto.nl\/de\/produkt\/mucho-gusto-schal-burano-small-floral-bordeaux\/","og_site_name":"Mucho Gusto","article_publisher":"https:\/\/www.facebook.com\/muchogusto.nl\/","article_modified_time":"2026-03-02T11:02:38+00:00","og_image":[{"width":1920,"height":2560,"url":"https:\/\/muchogusto.nl\/wp-content\/uploads\/2025\/09\/S52BUS0012500-x-3333-px-scaled.jpg","type":"image\/jpeg"}],"twitter_card":"summary_large_image","twitter_misc":{"Est. reading time":"2 minutes"},"schema":{"@context":"https:\/\/schema.org","@graph":[{"@type":"WebPage","@id":"https:\/\/muchogusto.nl\/de\/produkt\/mucho-gusto-schal-burano-small-floral-bordeaux\/","url":"https:\/\/muchogusto.nl\/de\/produkt\/mucho-gusto-schal-burano-small-floral-bordeaux\/","name":"MUCHO GUSTO\u00ae Schal Burano Small Floral Bordeaux - Mucho Gusto","isPartOf":{"@id":"https:\/\/muchogusto.nl\/#website"},"primaryImageOfPage":{"@id":"https:\/\/muchogusto.nl\/de\/produkt\/mucho-gusto-schal-burano-small-floral-bordeaux\/#primaryimage"},"image":{"@id":"https:\/\/muchogusto.nl\/de\/produkt\/mucho-gusto-schal-burano-small-floral-bordeaux\/#primaryimage"},"thumbnailUrl":"https:\/\/muchogusto.nl\/wp-content\/uploads\/2025\/09\/S52BUS0012500-x-3333-px-scaled.jpg","datePublished":"2025-09-30T08:17:03+00:00","dateModified":"2026-03-02T11:02:38+00:00","description":"Entdecken Sie den MUCHO GUSTO\u00ae Schal Burano Small Floral Bordeaux \u2013 ein Seidenschal aus 100 % Seide mit lebendigen Blumenmotiven und zeitloser Eleganz im niederl\u00e4ndischen Design.","breadcrumb":{"@id":"https:\/\/muchogusto.nl\/de\/produkt\/mucho-gusto-schal-burano-small-floral-bordeaux\/#breadcrumb"},"inLanguage":"de-DE","potentialAction":[{"@type":"ReadAction","target":["https:\/\/muchogusto.nl\/de\/produkt\/mucho-gusto-schal-burano-small-floral-bordeaux\/"]}]},{"@type":"ImageObject","inLanguage":"de-DE","@id":"https:\/\/muchogusto.nl\/de\/produkt\/mucho-gusto-schal-burano-small-floral-bordeaux\/#primaryimage","url":"https:\/\/muchogusto.nl\/wp-content\/uploads\/2025\/09\/S52BUS0012500-x-3333-px-scaled.jpg","contentUrl":"https:\/\/muchogusto.nl\/wp-content\/uploads\/2025\/09\/S52BUS0012500-x-3333-px-scaled.jpg","width":1920,"height":2560,"caption":"MUCHO GUSTO\u00ae Scarf Burano Small Floral Bordeaux"},{"@type":"BreadcrumbList","@id":"https:\/\/muchogusto.nl\/de\/produkt\/mucho-gusto-schal-burano-small-floral-bordeaux\/#breadcrumb","itemListElement":[{"@type":"ListItem","position":1,"name":"Home","item":"https:\/\/muchogusto.nl\/de\/"},{"@type":"ListItem","position":2,"name":"Shop","item":"https:\/\/muchogusto.nl\/de\/shop-2\/"},{"@type":"ListItem","position":3,"name":"MUCHO GUSTO\u00ae Schal Burano Small Floral Bordeaux"}]},{"@type":"WebSite","@id":"https:\/\/muchogusto.nl\/#website","url":"https:\/\/muchogusto.nl\/","name":"muchogusto.nl","description":"","publisher":{"@id":"https:\/\/muchogusto.nl\/#organization"},"potentialAction":[{"@type":"SearchAction","target":{"@type":"EntryPoint","urlTemplate":"https:\/\/muchogusto.nl\/?s={search_term_string}"},"query-input":{"@type":"PropertyValueSpecification","valueRequired":true,"valueName":"search_term_string"}}],"inLanguage":"de-DE"},{"@type":"Organization","@id":"https:\/\/muchogusto.nl\/#organization","name":"Mucho Gusto","url":"https:\/\/muchogusto.nl\/","logo":{"@type":"ImageObject","inLanguage":"de-DE","@id":"https:\/\/muchogusto.nl\/#\/schema\/logo\/image\/","url":"https:\/\/muchogusto.nl\/wp-content\/uploads\/2022\/08\/logo_header.svg","contentUrl":"https:\/\/muchogusto.nl\/wp-content\/uploads\/2022\/08\/logo_header.svg","caption":"Mucho Gusto"},"image":{"@id":"https:\/\/muchogusto.nl\/#\/schema\/logo\/image\/"},"sameAs":["https:\/\/www.facebook.com\/muchogusto.nl\/","https:\/\/www.instagram.com\/muchogusto.nl\/"]}]}},"_links":{"self":[{"href":"https:\/\/muchogusto.nl\/de\/wp-json\/wp\/v2\/product\/49964","targetHints":{"allow":["GET"]}}],"collection":[{"href":"https:\/\/muchogusto.nl\/de\/wp-json\/wp\/v2\/product"}],"about":[{"href":"https:\/\/muchogusto.nl\/de\/wp-json\/wp\/v2\/types\/product"}],"replies":[{"embeddable":true,"href":"https:\/\/muchogusto.nl\/de\/wp-json\/wp\/v2\/comments?post=49964"}],"wp:featuredmedia":[{"embeddable":true,"href":"https:\/\/muchogusto.nl\/de\/wp-json\/wp\/v2\/media\/49880"}],"wp:attachment":[{"href":"https:\/\/muchogusto.nl\/de\/wp-json\/wp\/v2\/media?parent=49964"}],"wp:term":[{"taxonomy":"product_brand","embeddable":true,"href":"https:\/\/muchogusto.nl\/de\/wp-json\/wp\/v2\/product_brand?post=49964"},{"taxonomy":"product_cat","embeddable":true,"href":"https:\/\/muchogusto.nl\/de\/wp-json\/wp\/v2\/product_cat?post=49964"},{"taxonomy":"product_tag","embeddable":true,"href":"https:\/\/muchogusto.nl\/de\/wp-json\/wp\/v2\/product_tag?post=49964"}],"curies":[{"name":"wp","href":"https:\/\/api.w.org\/{rel}","templated":true}]}}