{"id":49828,"date":"2025-09-29T15:15:39","date_gmt":"2025-09-29T13:15:39","guid":{"rendered":"http:\/\/muchogusto.nl\/product\/mucho-gusto-scarf-abu-dhabi-elegance\/"},"modified":"2026-03-02T12:02:38","modified_gmt":"2026-03-02T11:02:38","slug":"mucho-gusto-schal-abu-dhabi-elegance","status":"publish","type":"product","link":"https:\/\/muchogusto.nl\/de\/produkt\/mucho-gusto-schal-abu-dhabi-elegance\/","title":{"rendered":"MUCHO GUSTO\u00ae Schal Abu Dhabi Elegance"},"content":{"rendered":"<h3>DETAILS ZUM PRODUKT<\/h3>\n<div class=\"summary\">\n<div class=\"tccContent\">\n<div class=\"markdown prose w-full break-words dark:prose-invert light\">\n<p data-start=\"0\" data-end=\"41\"><strong data-start=\"0\" data-end=\"41\">MUCHO GUSTO\u00ae Schal Abu Dhabi Elegance<\/strong><\/p>\n<p data-start=\"43\" data-end=\"403\">Setzen Sie ein starkes, doch stilvolles Statement mit dem MUCHO GUSTO\u00ae Schal Abu Dhabi Elegance \u2013 ein luxuri\u00f6ses Damenaccessoire, das modernes geometrisches Design mit der typischen niederl\u00e4ndischen Raffinesse verbindet. K\u00fcnstlerisch, elegant und m\u00fchelos modisch \u2013 dieser Schal ist ideal f\u00fcr Frauen, die zeitgen\u00f6ssisches Design mit kreativer Note sch\u00e4tzen.<\/p>\n<p data-start=\"405\" data-end=\"748\">Das Muster zeigt eine dynamische Anordnung tropfenf\u00f6rmiger Elemente in tiefem Teal, Beige und Schwarz, akzentuiert durch feine Punktdetails. Ein kontrastierender Teal-Rand rahmt das Design und verleiht ihm klare Struktur. Die minimalistische, aber wirkungsvolle Farbpalette l\u00e4sst sich leicht mit monochromen sowie farbigen Outfits kombinieren.<\/p>\n<p data-start=\"750\" data-end=\"1062\">Gefertigt aus 100 % leichter Seide, \u00fcberzeugt der Abu Dhabi Elegance Schal mit einem glatten, seidigen Fall, der Komfort und Vielseitigkeit bietet. Die quadratische Form (ca. 130 x 80 x 80 cm) erlaubt zahlreiche Styling-M\u00f6glichkeiten \u2013 ob klassisch um den Hals, als Kopftuch oder stilvoll an der Tasche gebunden.<\/p>\n<p data-start=\"1064\" data-end=\"1316\">Von l\u00e4ssiger Tageskleidung bis hin zu eleganten Abendlooks bringt dieser Schal moderne Eleganz in jedes Outfit. Wundersch\u00f6n verpackt und bereit zum Verschenken \u2013 das perfekte Geschenk f\u00fcr Liebhaberinnen grafischer Designs und kosmopolitischer \u00c4sthetik.<\/p>\n<p data-start=\"1318\" data-end=\"1457\"><strong data-start=\"1318\" data-end=\"1334\">Dutch Design<\/strong><br data-start=\"1334\" data-end=\"1337\" \/><strong data-start=\"1337\" data-end=\"1350\">Material:<\/strong> 100 % Seide<br data-start=\"1362\" data-end=\"1365\" \/><strong data-start=\"1365\" data-end=\"1374\">Ma\u00dfe:<\/strong> 130 x 80 x 80 cm<br data-start=\"1391\" data-end=\"1394\" \/><strong data-start=\"1394\" data-end=\"1403\">Form:<\/strong> Quadratisch<br data-start=\"1415\" data-end=\"1418\" \/><strong data-start=\"1418\" data-end=\"1434\">Farbpalette:<\/strong> Teal, Beige, Schwarz<\/p>\n<p data-start=\"0\" data-end=\"44\"><span style=\"font-size: 24px;font-weight: bold\">PASSENDE ARTIKEL<\/span><\/p>\n<div class=\"summary\">\n<div class=\"tccContent\">\n<div class=\"summary\">\n<div class=\"flex w-full flex-col gap-1 empty:hidden first:pt-[3px]\">\n<div class=\"markdown prose dark:prose-invert w-full break-words light\">\n<p class=\"p2\"><span class=\"s1\">Vervollst\u00e4ndigen Sie Ihren Look mit einem passenden\u00a0<a href=\"https:\/\/muchogusto.nl\/de\/schals\/\"><span class=\"s2\">Schal<\/span><\/a>.<br \/>\n<\/span><span class=\"s1\">M\u00f6chten Sie mehr Blusen sehen? Dann schauen Sie sich unsere\u00a0<a href=\"https:\/\/muchogusto.nl\/de\/blusen\/\"><span class=\"s2\">Bekleidungsseite<\/span><\/a>\u00a0an.<br \/>\n<\/span><span class=\"s1\">M\u00f6chten Sie mehr Inspiration? Besuchen Sie unsere\u00a0<a href=\"https:\/\/www.instagram.com\/muchogusto.nl\/\"><span class=\"s2\">Instagram<\/span><\/a>-Seite.\u00a0<\/span><\/p>\n<h3>BRAUCHEN SIE HILFE?<\/h3>\n<p>Wenn Sie Fragen zu diesem Artikel oder der Gr\u00f6\u00dfe haben, senden Sie eine E-Mail an unseren Kundenservice unter<a href=\"http:\/\/muchogusto.nl\/de\/\"><span class=\"s2\">web@muchogusto.nl.<\/span><\/a><\/p>\n<h3>GR\u00d6SSENTABELLEN<\/h3>\n<p>Unsere Gr\u00f6\u00dfen sind in europ\u00e4ischen Gr\u00f6\u00dfen angegeben. Sie k\u00f6nnen diese Gr\u00f6\u00dfen anhand der Tabellen\u00a0<a href=\"https:\/\/muchogusto.nl\/de\/grossentabellen\/\">auf dieser Seite<\/a>\u00a0leicht umrechnen. Die Passform kann je nach Stil oder pers\u00f6nlicher Vorliebe variieren.<\/p>\n<\/div>\n<\/div>\n<\/div>\n<\/div>\n<\/div>\n<\/div>\n<\/div>\n<div class=\"product_meta\">\n<div class=\"the_champ_sharing_container the_champ_horizontal_sharing\" data-heateor-ss-offset=\"0\" data-super-socializer-href=\"http:\/\/muchogusto.nl\/product\/mucho-gusto-scarf-assisi-leopard-kiss-print\/\">\n<div class=\"the_champ_sharing_ul\"><\/div>\n<\/div>\n<\/div>\n<\/div>\n","protected":false},"excerpt":{"rendered":"<p>DETAILS ZUM PRODUKT MUCHO GUSTO\u00ae Schal Abu Dhabi Elegance Setzen Sie ein starkes, doch stilvolles Statement mit dem MUCHO GUSTO\u00ae Schal Abu Dhabi Elegance \u2013 ein luxuri\u00f6ses Damenaccessoire, das modernes geometrisches Design mit der typischen niederl\u00e4ndischen Raffinesse verbindet. K\u00fcnstlerisch, elegant und m\u00fchelos modisch \u2013 dieser Schal ist ideal f\u00fcr Frauen, die zeitgen\u00f6ssisches Design mit kreativer [&hellip;]<\/p>\n","protected":false},"featured_media":49821,"comment_status":"open","ping_status":"closed","template":"","meta":{"_acf_changed":false,"inline_featured_image":false,"navigation_state":false,"_genesis_hide_title":false,"_genesis_hide_breadcrumbs":false,"_genesis_hide_singular_image":false,"_genesis_hide_footer_widgets":false,"_genesis_custom_body_class":"","_genesis_custom_post_class":"","_genesis_layout":""},"product_brand":[],"product_cat":[87],"product_tag":[],"class_list":{"0":"post-49828","1":"product","2":"type-product","3":"status-publish","4":"has-post-thumbnail","6":"product_cat-schals","7":"entry","9":"first","10":"instock","11":"sale","12":"taxable","13":"shipping-taxable","14":"purchasable","15":"product-type-simple"},"acf":[],"yoast_head":"<!-- This site is optimized with the Yoast SEO Premium plugin v27.2 (Yoast SEO v27.2) - https:\/\/yoast.com\/product\/yoast-seo-premium-wordpress\/ -->\n<title>MUCHO GUSTO\u00ae Schal Abu Dhabi Elegance - Mucho Gusto<\/title>\n<meta name=\"description\" content=\"Der MUCHO GUSTO\u00ae Schal Abu Dhabi Elegance \u2014 leicht, stilvoll und bereit zum Verschenken.Moderne Raffinesse trifft auf zeitlose Eleganz.\" \/>\n<meta name=\"robots\" content=\"index, follow, max-snippet:-1, max-image-preview:large, max-video-preview:-1\" \/>\n<link rel=\"canonical\" href=\"https:\/\/muchogusto.nl\/de\/produkt\/mucho-gusto-schal-abu-dhabi-elegance\/\" \/>\n<meta property=\"og:locale\" content=\"de_DE\" \/>\n<meta property=\"og:type\" content=\"article\" \/>\n<meta property=\"og:title\" content=\"MUCHO GUSTO\u00ae Schal Abu Dhabi Elegance\" \/>\n<meta property=\"og:description\" content=\"Der MUCHO GUSTO\u00ae Schal Abu Dhabi Elegance \u2014 leicht, stilvoll und bereit zum Verschenken.Moderne Raffinesse trifft auf zeitlose Eleganz.\" \/>\n<meta property=\"og:url\" content=\"https:\/\/muchogusto.nl\/de\/produkt\/mucho-gusto-schal-abu-dhabi-elegance\/\" \/>\n<meta property=\"og:site_name\" content=\"Mucho Gusto\" \/>\n<meta property=\"article:publisher\" content=\"https:\/\/www.facebook.com\/muchogusto.nl\/\" \/>\n<meta property=\"article:modified_time\" content=\"2026-03-02T11:02:38+00:00\" \/>\n<meta property=\"og:image\" content=\"https:\/\/muchogusto.nl\/wp-content\/uploads\/2025\/09\/Zonder-titel-2500-x-3333-px-1-scaled.jpg\" \/>\n\t<meta property=\"og:image:width\" content=\"1920\" \/>\n\t<meta property=\"og:image:height\" content=\"2560\" \/>\n\t<meta property=\"og:image:type\" content=\"image\/jpeg\" \/>\n<meta name=\"twitter:card\" content=\"summary_large_image\" \/>\n<meta name=\"twitter:label1\" content=\"Est. reading time\" \/>\n\t<meta name=\"twitter:data1\" content=\"2 minutes\" \/>\n<script type=\"application\/ld+json\" class=\"yoast-schema-graph\">{\"@context\":\"https:\/\/schema.org\",\"@graph\":[{\"@type\":\"WebPage\",\"@id\":\"https:\/\/muchogusto.nl\/de\/produkt\/mucho-gusto-schal-abu-dhabi-elegance\/\",\"url\":\"https:\/\/muchogusto.nl\/de\/produkt\/mucho-gusto-schal-abu-dhabi-elegance\/\",\"name\":\"MUCHO GUSTO\u00ae Schal Abu Dhabi Elegance - Mucho Gusto\",\"isPartOf\":{\"@id\":\"https:\/\/muchogusto.nl\/#website\"},\"primaryImageOfPage\":{\"@id\":\"https:\/\/muchogusto.nl\/de\/produkt\/mucho-gusto-schal-abu-dhabi-elegance\/#primaryimage\"},\"image\":{\"@id\":\"https:\/\/muchogusto.nl\/de\/produkt\/mucho-gusto-schal-abu-dhabi-elegance\/#primaryimage\"},\"thumbnailUrl\":\"https:\/\/muchogusto.nl\/wp-content\/uploads\/2025\/09\/Zonder-titel-2500-x-3333-px-1-scaled.jpg\",\"datePublished\":\"2025-09-29T13:15:39+00:00\",\"dateModified\":\"2026-03-02T11:02:38+00:00\",\"description\":\"Der MUCHO GUSTO\u00ae Schal Abu Dhabi Elegance \u2014 leicht, stilvoll und bereit zum Verschenken.Moderne Raffinesse trifft auf zeitlose Eleganz.\",\"breadcrumb\":{\"@id\":\"https:\/\/muchogusto.nl\/de\/produkt\/mucho-gusto-schal-abu-dhabi-elegance\/#breadcrumb\"},\"inLanguage\":\"de-DE\",\"potentialAction\":[{\"@type\":\"ReadAction\",\"target\":[\"https:\/\/muchogusto.nl\/de\/produkt\/mucho-gusto-schal-abu-dhabi-elegance\/\"]}]},{\"@type\":\"ImageObject\",\"inLanguage\":\"de-DE\",\"@id\":\"https:\/\/muchogusto.nl\/de\/produkt\/mucho-gusto-schal-abu-dhabi-elegance\/#primaryimage\",\"url\":\"https:\/\/muchogusto.nl\/wp-content\/uploads\/2025\/09\/Zonder-titel-2500-x-3333-px-1-scaled.jpg\",\"contentUrl\":\"https:\/\/muchogusto.nl\/wp-content\/uploads\/2025\/09\/Zonder-titel-2500-x-3333-px-1-scaled.jpg\",\"width\":1920,\"height\":2560,\"caption\":\"MUCHO GUSTO\u00ae Schal Abu Dhabi Elegance\"},{\"@type\":\"BreadcrumbList\",\"@id\":\"https:\/\/muchogusto.nl\/de\/produkt\/mucho-gusto-schal-abu-dhabi-elegance\/#breadcrumb\",\"itemListElement\":[{\"@type\":\"ListItem\",\"position\":1,\"name\":\"Home\",\"item\":\"https:\/\/muchogusto.nl\/de\/\"},{\"@type\":\"ListItem\",\"position\":2,\"name\":\"Shop\",\"item\":\"https:\/\/muchogusto.nl\/de\/shop-2\/\"},{\"@type\":\"ListItem\",\"position\":3,\"name\":\"MUCHO GUSTO\u00ae Schal Abu Dhabi Elegance\"}]},{\"@type\":\"WebSite\",\"@id\":\"https:\/\/muchogusto.nl\/#website\",\"url\":\"https:\/\/muchogusto.nl\/\",\"name\":\"muchogusto.nl\",\"description\":\"\",\"publisher\":{\"@id\":\"https:\/\/muchogusto.nl\/#organization\"},\"potentialAction\":[{\"@type\":\"SearchAction\",\"target\":{\"@type\":\"EntryPoint\",\"urlTemplate\":\"https:\/\/muchogusto.nl\/?s={search_term_string}\"},\"query-input\":{\"@type\":\"PropertyValueSpecification\",\"valueRequired\":true,\"valueName\":\"search_term_string\"}}],\"inLanguage\":\"de-DE\"},{\"@type\":\"Organization\",\"@id\":\"https:\/\/muchogusto.nl\/#organization\",\"name\":\"Mucho Gusto\",\"url\":\"https:\/\/muchogusto.nl\/\",\"logo\":{\"@type\":\"ImageObject\",\"inLanguage\":\"de-DE\",\"@id\":\"https:\/\/muchogusto.nl\/#\/schema\/logo\/image\/\",\"url\":\"https:\/\/muchogusto.nl\/wp-content\/uploads\/2022\/08\/logo_header.svg\",\"contentUrl\":\"https:\/\/muchogusto.nl\/wp-content\/uploads\/2022\/08\/logo_header.svg\",\"caption\":\"Mucho Gusto\"},\"image\":{\"@id\":\"https:\/\/muchogusto.nl\/#\/schema\/logo\/image\/\"},\"sameAs\":[\"https:\/\/www.facebook.com\/muchogusto.nl\/\",\"https:\/\/www.instagram.com\/muchogusto.nl\/\"]}]}<\/script>\n<!-- \/ Yoast SEO Premium plugin. -->","yoast_head_json":{"title":"MUCHO GUSTO\u00ae Schal Abu Dhabi Elegance - Mucho Gusto","description":"Der MUCHO GUSTO\u00ae Schal Abu Dhabi Elegance \u2014 leicht, stilvoll und bereit zum Verschenken.Moderne Raffinesse trifft auf zeitlose Eleganz.","robots":{"index":"index","follow":"follow","max-snippet":"max-snippet:-1","max-image-preview":"max-image-preview:large","max-video-preview":"max-video-preview:-1"},"canonical":"https:\/\/muchogusto.nl\/de\/produkt\/mucho-gusto-schal-abu-dhabi-elegance\/","og_locale":"de_DE","og_type":"article","og_title":"MUCHO GUSTO\u00ae Schal Abu Dhabi Elegance","og_description":"Der MUCHO GUSTO\u00ae Schal Abu Dhabi Elegance \u2014 leicht, stilvoll und bereit zum Verschenken.Moderne Raffinesse trifft auf zeitlose Eleganz.","og_url":"https:\/\/muchogusto.nl\/de\/produkt\/mucho-gusto-schal-abu-dhabi-elegance\/","og_site_name":"Mucho Gusto","article_publisher":"https:\/\/www.facebook.com\/muchogusto.nl\/","article_modified_time":"2026-03-02T11:02:38+00:00","og_image":[{"width":1920,"height":2560,"url":"https:\/\/muchogusto.nl\/wp-content\/uploads\/2025\/09\/Zonder-titel-2500-x-3333-px-1-scaled.jpg","type":"image\/jpeg"}],"twitter_card":"summary_large_image","twitter_misc":{"Est. reading time":"2 minutes"},"schema":{"@context":"https:\/\/schema.org","@graph":[{"@type":"WebPage","@id":"https:\/\/muchogusto.nl\/de\/produkt\/mucho-gusto-schal-abu-dhabi-elegance\/","url":"https:\/\/muchogusto.nl\/de\/produkt\/mucho-gusto-schal-abu-dhabi-elegance\/","name":"MUCHO GUSTO\u00ae Schal Abu Dhabi Elegance - Mucho Gusto","isPartOf":{"@id":"https:\/\/muchogusto.nl\/#website"},"primaryImageOfPage":{"@id":"https:\/\/muchogusto.nl\/de\/produkt\/mucho-gusto-schal-abu-dhabi-elegance\/#primaryimage"},"image":{"@id":"https:\/\/muchogusto.nl\/de\/produkt\/mucho-gusto-schal-abu-dhabi-elegance\/#primaryimage"},"thumbnailUrl":"https:\/\/muchogusto.nl\/wp-content\/uploads\/2025\/09\/Zonder-titel-2500-x-3333-px-1-scaled.jpg","datePublished":"2025-09-29T13:15:39+00:00","dateModified":"2026-03-02T11:02:38+00:00","description":"Der MUCHO GUSTO\u00ae Schal Abu Dhabi Elegance \u2014 leicht, stilvoll und bereit zum Verschenken.Moderne Raffinesse trifft auf zeitlose Eleganz.","breadcrumb":{"@id":"https:\/\/muchogusto.nl\/de\/produkt\/mucho-gusto-schal-abu-dhabi-elegance\/#breadcrumb"},"inLanguage":"de-DE","potentialAction":[{"@type":"ReadAction","target":["https:\/\/muchogusto.nl\/de\/produkt\/mucho-gusto-schal-abu-dhabi-elegance\/"]}]},{"@type":"ImageObject","inLanguage":"de-DE","@id":"https:\/\/muchogusto.nl\/de\/produkt\/mucho-gusto-schal-abu-dhabi-elegance\/#primaryimage","url":"https:\/\/muchogusto.nl\/wp-content\/uploads\/2025\/09\/Zonder-titel-2500-x-3333-px-1-scaled.jpg","contentUrl":"https:\/\/muchogusto.nl\/wp-content\/uploads\/2025\/09\/Zonder-titel-2500-x-3333-px-1-scaled.jpg","width":1920,"height":2560,"caption":"MUCHO GUSTO\u00ae Schal Abu Dhabi Elegance"},{"@type":"BreadcrumbList","@id":"https:\/\/muchogusto.nl\/de\/produkt\/mucho-gusto-schal-abu-dhabi-elegance\/#breadcrumb","itemListElement":[{"@type":"ListItem","position":1,"name":"Home","item":"https:\/\/muchogusto.nl\/de\/"},{"@type":"ListItem","position":2,"name":"Shop","item":"https:\/\/muchogusto.nl\/de\/shop-2\/"},{"@type":"ListItem","position":3,"name":"MUCHO GUSTO\u00ae Schal Abu Dhabi Elegance"}]},{"@type":"WebSite","@id":"https:\/\/muchogusto.nl\/#website","url":"https:\/\/muchogusto.nl\/","name":"muchogusto.nl","description":"","publisher":{"@id":"https:\/\/muchogusto.nl\/#organization"},"potentialAction":[{"@type":"SearchAction","target":{"@type":"EntryPoint","urlTemplate":"https:\/\/muchogusto.nl\/?s={search_term_string}"},"query-input":{"@type":"PropertyValueSpecification","valueRequired":true,"valueName":"search_term_string"}}],"inLanguage":"de-DE"},{"@type":"Organization","@id":"https:\/\/muchogusto.nl\/#organization","name":"Mucho Gusto","url":"https:\/\/muchogusto.nl\/","logo":{"@type":"ImageObject","inLanguage":"de-DE","@id":"https:\/\/muchogusto.nl\/#\/schema\/logo\/image\/","url":"https:\/\/muchogusto.nl\/wp-content\/uploads\/2022\/08\/logo_header.svg","contentUrl":"https:\/\/muchogusto.nl\/wp-content\/uploads\/2022\/08\/logo_header.svg","caption":"Mucho Gusto"},"image":{"@id":"https:\/\/muchogusto.nl\/#\/schema\/logo\/image\/"},"sameAs":["https:\/\/www.facebook.com\/muchogusto.nl\/","https:\/\/www.instagram.com\/muchogusto.nl\/"]}]}},"_links":{"self":[{"href":"https:\/\/muchogusto.nl\/de\/wp-json\/wp\/v2\/product\/49828","targetHints":{"allow":["GET"]}}],"collection":[{"href":"https:\/\/muchogusto.nl\/de\/wp-json\/wp\/v2\/product"}],"about":[{"href":"https:\/\/muchogusto.nl\/de\/wp-json\/wp\/v2\/types\/product"}],"replies":[{"embeddable":true,"href":"https:\/\/muchogusto.nl\/de\/wp-json\/wp\/v2\/comments?post=49828"}],"wp:featuredmedia":[{"embeddable":true,"href":"https:\/\/muchogusto.nl\/de\/wp-json\/wp\/v2\/media\/49821"}],"wp:attachment":[{"href":"https:\/\/muchogusto.nl\/de\/wp-json\/wp\/v2\/media?parent=49828"}],"wp:term":[{"taxonomy":"product_brand","embeddable":true,"href":"https:\/\/muchogusto.nl\/de\/wp-json\/wp\/v2\/product_brand?post=49828"},{"taxonomy":"product_cat","embeddable":true,"href":"https:\/\/muchogusto.nl\/de\/wp-json\/wp\/v2\/product_cat?post=49828"},{"taxonomy":"product_tag","embeddable":true,"href":"https:\/\/muchogusto.nl\/de\/wp-json\/wp\/v2\/product_tag?post=49828"}],"curies":[{"name":"wp","href":"https:\/\/api.w.org\/{rel}","templated":true}]}}