{"id":49306,"date":"2025-09-11T14:27:31","date_gmt":"2025-09-11T12:27:31","guid":{"rendered":"http:\/\/muchogusto.nl\/product\/mucho-gusto-bag-chain-red-gold-star\/"},"modified":"2026-03-02T12:02:38","modified_gmt":"2026-03-02T11:02:38","slug":"mucho-gusto-taschenkette-rot-gold-stern","status":"publish","type":"product","link":"https:\/\/muchogusto.nl\/de\/produkt\/mucho-gusto-taschenkette-rot-gold-stern\/","title":{"rendered":"MUCHO GUSTO\u00ae Taschenkette Rot Gold Stern"},"content":{"rendered":"<h3>DETAILS ZUM PRODUKT<\/h3>\n<p data-start=\"51\" data-end=\"95\"><strong data-start=\"51\" data-end=\"95\">MUCHO GUSTO\u00ae Taschenkette Rot Gold Stern<\/strong><\/p>\n<p data-start=\"97\" data-end=\"372\">Die <strong data-start=\"101\" data-end=\"145\">MUCHO GUSTO\u00ae Taschenkette Rot Gold Stern<\/strong> ist ein markantes und zugleich elegantes Accessoire, das jeder Handtasche einen Hauch von Luxus verleiht. Dieses exklusive St\u00fcck wurde entworfen, um deinen Alltagslook zu veredeln \u2013 mit modernem Flair und raffinierten Details.<\/p>\n<p data-start=\"374\" data-end=\"713\">Mit leuchtend roten Kunstleder-Akzenten und goldfarbener Hardware besticht die Kette durch einen auff\u00e4lligen roten Stern, verspielte Quasten in Rot und Wei\u00df, einen einzigartigen Anh\u00e4nger in Bambusholz-Optik sowie gl\u00e4nzende Goldmedaillons. Jedes Element wurde sorgf\u00e4ltig ausgew\u00e4hlt, um einen einzigartigen, handgefertigten Look zu kreieren.<\/p>\n<p data-start=\"715\" data-end=\"943\">Ideal, um einer klassischen Tote ein Statement zu verleihen oder eine schlichte Tasche in ein echtes Highlight zu verwandeln \u2013 dieses MUCHO GUSTO\u00ae Accessoire steht f\u00fcr m\u00fcheloses Dutch Design mit einem Hauch luxuri\u00f6sem Boho-Stil.<\/p>\n<p data-start=\"945\" data-end=\"1063\"><strong data-start=\"945\" data-end=\"961\">Dutch Design<\/strong><br data-start=\"961\" data-end=\"964\" \/><strong data-start=\"964\" data-end=\"977\">Material:<\/strong> PU-Leder, goldfarbene Legierung, Holz<br data-start=\"1015\" data-end=\"1018\" \/><strong data-start=\"1018\" data-end=\"1028\">Farbe:<\/strong> Rot, Gold, Wei\u00df<br data-start=\"1044\" data-end=\"1047\" \/><strong data-start=\"1047\" data-end=\"1057\">L\u00e4nge:<\/strong> 28 cm<\/p>\n<div class=\"summary\">\n<div class=\"tccContent\">\n<h3>PASSENDE ARTIKEL<\/h3>\n<div class=\"summary\">\n<div class=\"tccContent\">\n<div class=\"summary\">\n<div class=\"flex w-full flex-col gap-1 empty:hidden first:pt-[3px]\">\n<div class=\"markdown prose dark:prose-invert w-full break-words light\">\n<p class=\"p2\"><span class=\"s1\">Vervollst\u00e4ndigen Sie Ihren Look mit einem passenden\u00a0<a href=\"https:\/\/muchogusto.nl\/de\/schals\/\"><span class=\"s2\">Schal<\/span><\/a>.<br \/>\n<\/span><span class=\"s1\">M\u00f6chten Sie mehr Blusen sehen? Dann schauen Sie sich unsere\u00a0<a href=\"https:\/\/muchogusto.nl\/de\/blusen\/\"><span class=\"s2\">Bekleidungsseite<\/span><\/a>\u00a0an.<br \/>\n<\/span><span class=\"s1\">M\u00f6chten Sie mehr Inspiration? Besuchen Sie unsere\u00a0<a href=\"https:\/\/www.instagram.com\/muchogusto.nl\/\"><span class=\"s2\">Instagram<\/span><\/a>-Seite.\u00a0<\/span><\/p>\n<h3>BRAUCHEN SIE HILFE?<\/h3>\n<p>Wenn Sie Fragen zu diesem Artikel oder der Gr\u00f6\u00dfe haben, senden Sie eine E-Mail an unseren Kundenservice unter<a href=\"http:\/\/muchogusto.nl\/de\/\"><span class=\"s2\">web@muchogusto.nl.<\/span><\/a><\/p>\n<h3>GR\u00d6SSENTABELLEN<\/h3>\n<p>Unsere Gr\u00f6\u00dfen sind in europ\u00e4ischen Gr\u00f6\u00dfen angegeben. Sie k\u00f6nnen diese Gr\u00f6\u00dfen anhand der Tabellen\u00a0<a href=\"https:\/\/muchogusto.nl\/de\/grossentabellen\/\">auf dieser Seite<\/a>\u00a0leicht umrechnen. Die Passform kann je nach Stil oder pers\u00f6nlicher Vorliebe variieren.<\/p>\n<\/div>\n<\/div>\n<\/div>\n<\/div>\n<\/div>\n<\/div>\n<div class=\"product_meta\">\n<div class=\"the_champ_sharing_container the_champ_horizontal_sharing\" data-heateor-ss-offset=\"0\" data-super-socializer-href=\"http:\/\/muchogusto.nl\/product\/mucho-gusto-bag-with-tied-up-scarf-baroque-mucho-print\/\">\n<div class=\"the_champ_sharing_ul\"><\/div>\n<\/div>\n<\/div>\n<\/div>\n","protected":false},"excerpt":{"rendered":"<p>DETAILS ZUM PRODUKT MUCHO GUSTO\u00ae Taschenkette Rot Gold Stern Die MUCHO GUSTO\u00ae Taschenkette Rot Gold Stern ist ein markantes und zugleich elegantes Accessoire, das jeder Handtasche einen Hauch von Luxus verleiht. Dieses exklusive St\u00fcck wurde entworfen, um deinen Alltagslook zu veredeln \u2013 mit modernem Flair und raffinierten Details. Mit leuchtend roten Kunstleder-Akzenten und goldfarbener Hardware [&hellip;]<\/p>\n","protected":false},"featured_media":48640,"comment_status":"open","ping_status":"closed","template":"","meta":{"_acf_changed":false,"inline_featured_image":false,"navigation_state":false,"_genesis_hide_title":false,"_genesis_hide_breadcrumbs":false,"_genesis_hide_singular_image":false,"_genesis_hide_footer_widgets":false,"_genesis_custom_body_class":"","_genesis_custom_post_class":"","_genesis_layout":""},"product_brand":[],"product_cat":[5177],"product_tag":[],"class_list":{"0":"post-49306","1":"product","2":"type-product","3":"status-publish","4":"has-post-thumbnail","6":"product_cat-accessories-2-de","7":"entry","9":"first","10":"instock","11":"sale","12":"taxable","13":"shipping-taxable","14":"purchasable","15":"product-type-simple"},"acf":[],"yoast_head":"<!-- This site is optimized with the Yoast SEO Premium plugin v27.2 (Yoast SEO v27.2) - https:\/\/yoast.com\/product\/yoast-seo-premium-wordpress\/ -->\n<title>MUCHO GUSTO\u00ae Taschenkette Rot Gold Stern - Mucho Gusto<\/title>\n<meta name=\"description\" content=\"Translate GPT zei:Werte deine Tasche auf mit der MUCHO GUSTO\u00ae Taschenkette Rot Gold Stern \u2013 mit rotem Leder, goldenen Details, Stern-Anh\u00e4nger und Bambus-Charme f\u00fcr einen stilvollen\" \/>\n<meta name=\"robots\" content=\"index, follow, max-snippet:-1, max-image-preview:large, max-video-preview:-1\" \/>\n<link rel=\"canonical\" href=\"https:\/\/muchogusto.nl\/de\/produkt\/mucho-gusto-taschenkette-rot-gold-stern\/\" \/>\n<meta property=\"og:locale\" content=\"de_DE\" \/>\n<meta property=\"og:type\" content=\"article\" \/>\n<meta property=\"og:title\" content=\"MUCHO GUSTO\u00ae Taschenkette Rot Gold Stern\" \/>\n<meta property=\"og:description\" content=\"Translate GPT zei:Werte deine Tasche auf mit der MUCHO GUSTO\u00ae Taschenkette Rot Gold Stern \u2013 mit rotem Leder, goldenen Details, Stern-Anh\u00e4nger und Bambus-Charme f\u00fcr einen stilvollen\" \/>\n<meta property=\"og:url\" content=\"https:\/\/muchogusto.nl\/de\/produkt\/mucho-gusto-taschenkette-rot-gold-stern\/\" \/>\n<meta property=\"og:site_name\" content=\"Mucho Gusto\" \/>\n<meta property=\"article:publisher\" content=\"https:\/\/www.facebook.com\/muchogusto.nl\/\" \/>\n<meta property=\"article:modified_time\" content=\"2026-03-02T11:02:38+00:00\" \/>\n<meta property=\"og:image\" content=\"https:\/\/muchogusto.nl\/wp-content\/uploads\/2025\/09\/A52ACH005-scaled.jpg\" \/>\n\t<meta property=\"og:image:width\" content=\"1920\" \/>\n\t<meta property=\"og:image:height\" content=\"2560\" \/>\n\t<meta property=\"og:image:type\" content=\"image\/jpeg\" \/>\n<meta name=\"twitter:card\" content=\"summary_large_image\" \/>\n<meta name=\"twitter:label1\" content=\"Est. reading time\" \/>\n\t<meta name=\"twitter:data1\" content=\"2 minutes\" \/>\n<script type=\"application\/ld+json\" class=\"yoast-schema-graph\">{\"@context\":\"https:\/\/schema.org\",\"@graph\":[{\"@type\":\"WebPage\",\"@id\":\"https:\/\/muchogusto.nl\/de\/produkt\/mucho-gusto-taschenkette-rot-gold-stern\/\",\"url\":\"https:\/\/muchogusto.nl\/de\/produkt\/mucho-gusto-taschenkette-rot-gold-stern\/\",\"name\":\"MUCHO GUSTO\u00ae Taschenkette Rot Gold Stern - Mucho Gusto\",\"isPartOf\":{\"@id\":\"https:\/\/muchogusto.nl\/#website\"},\"primaryImageOfPage\":{\"@id\":\"https:\/\/muchogusto.nl\/de\/produkt\/mucho-gusto-taschenkette-rot-gold-stern\/#primaryimage\"},\"image\":{\"@id\":\"https:\/\/muchogusto.nl\/de\/produkt\/mucho-gusto-taschenkette-rot-gold-stern\/#primaryimage\"},\"thumbnailUrl\":\"https:\/\/muchogusto.nl\/wp-content\/uploads\/2025\/09\/A52ACH005-scaled.jpg\",\"datePublished\":\"2025-09-11T12:27:31+00:00\",\"dateModified\":\"2026-03-02T11:02:38+00:00\",\"description\":\"Translate GPT zei:Werte deine Tasche auf mit der MUCHO GUSTO\u00ae Taschenkette Rot Gold Stern \u2013 mit rotem Leder, goldenen Details, Stern-Anh\u00e4nger und Bambus-Charme f\u00fcr einen stilvollen\",\"breadcrumb\":{\"@id\":\"https:\/\/muchogusto.nl\/de\/produkt\/mucho-gusto-taschenkette-rot-gold-stern\/#breadcrumb\"},\"inLanguage\":\"de-DE\",\"potentialAction\":[{\"@type\":\"ReadAction\",\"target\":[\"https:\/\/muchogusto.nl\/de\/produkt\/mucho-gusto-taschenkette-rot-gold-stern\/\"]}]},{\"@type\":\"ImageObject\",\"inLanguage\":\"de-DE\",\"@id\":\"https:\/\/muchogusto.nl\/de\/produkt\/mucho-gusto-taschenkette-rot-gold-stern\/#primaryimage\",\"url\":\"https:\/\/muchogusto.nl\/wp-content\/uploads\/2025\/09\/A52ACH005-scaled.jpg\",\"contentUrl\":\"https:\/\/muchogusto.nl\/wp-content\/uploads\/2025\/09\/A52ACH005-scaled.jpg\",\"width\":1920,\"height\":2560,\"caption\":\"MUCHO GUSTO\u00ae Taschenkette Rot Gold Stern\"},{\"@type\":\"BreadcrumbList\",\"@id\":\"https:\/\/muchogusto.nl\/de\/produkt\/mucho-gusto-taschenkette-rot-gold-stern\/#breadcrumb\",\"itemListElement\":[{\"@type\":\"ListItem\",\"position\":1,\"name\":\"Home\",\"item\":\"https:\/\/muchogusto.nl\/de\/\"},{\"@type\":\"ListItem\",\"position\":2,\"name\":\"Shop\",\"item\":\"https:\/\/muchogusto.nl\/de\/shop-2\/\"},{\"@type\":\"ListItem\",\"position\":3,\"name\":\"MUCHO GUSTO\u00ae Taschenkette Rot Gold Stern\"}]},{\"@type\":\"WebSite\",\"@id\":\"https:\/\/muchogusto.nl\/#website\",\"url\":\"https:\/\/muchogusto.nl\/\",\"name\":\"muchogusto.nl\",\"description\":\"\",\"publisher\":{\"@id\":\"https:\/\/muchogusto.nl\/#organization\"},\"potentialAction\":[{\"@type\":\"SearchAction\",\"target\":{\"@type\":\"EntryPoint\",\"urlTemplate\":\"https:\/\/muchogusto.nl\/?s={search_term_string}\"},\"query-input\":{\"@type\":\"PropertyValueSpecification\",\"valueRequired\":true,\"valueName\":\"search_term_string\"}}],\"inLanguage\":\"de-DE\"},{\"@type\":\"Organization\",\"@id\":\"https:\/\/muchogusto.nl\/#organization\",\"name\":\"Mucho Gusto\",\"url\":\"https:\/\/muchogusto.nl\/\",\"logo\":{\"@type\":\"ImageObject\",\"inLanguage\":\"de-DE\",\"@id\":\"https:\/\/muchogusto.nl\/#\/schema\/logo\/image\/\",\"url\":\"https:\/\/muchogusto.nl\/wp-content\/uploads\/2022\/08\/logo_header.svg\",\"contentUrl\":\"https:\/\/muchogusto.nl\/wp-content\/uploads\/2022\/08\/logo_header.svg\",\"caption\":\"Mucho Gusto\"},\"image\":{\"@id\":\"https:\/\/muchogusto.nl\/#\/schema\/logo\/image\/\"},\"sameAs\":[\"https:\/\/www.facebook.com\/muchogusto.nl\/\",\"https:\/\/www.instagram.com\/muchogusto.nl\/\"]}]}<\/script>\n<!-- \/ Yoast SEO Premium plugin. -->","yoast_head_json":{"title":"MUCHO GUSTO\u00ae Taschenkette Rot Gold Stern - Mucho Gusto","description":"Translate GPT zei:Werte deine Tasche auf mit der MUCHO GUSTO\u00ae Taschenkette Rot Gold Stern \u2013 mit rotem Leder, goldenen Details, Stern-Anh\u00e4nger und Bambus-Charme f\u00fcr einen stilvollen","robots":{"index":"index","follow":"follow","max-snippet":"max-snippet:-1","max-image-preview":"max-image-preview:large","max-video-preview":"max-video-preview:-1"},"canonical":"https:\/\/muchogusto.nl\/de\/produkt\/mucho-gusto-taschenkette-rot-gold-stern\/","og_locale":"de_DE","og_type":"article","og_title":"MUCHO GUSTO\u00ae Taschenkette Rot Gold Stern","og_description":"Translate GPT zei:Werte deine Tasche auf mit der MUCHO GUSTO\u00ae Taschenkette Rot Gold Stern \u2013 mit rotem Leder, goldenen Details, Stern-Anh\u00e4nger und Bambus-Charme f\u00fcr einen stilvollen","og_url":"https:\/\/muchogusto.nl\/de\/produkt\/mucho-gusto-taschenkette-rot-gold-stern\/","og_site_name":"Mucho Gusto","article_publisher":"https:\/\/www.facebook.com\/muchogusto.nl\/","article_modified_time":"2026-03-02T11:02:38+00:00","og_image":[{"width":1920,"height":2560,"url":"https:\/\/muchogusto.nl\/wp-content\/uploads\/2025\/09\/A52ACH005-scaled.jpg","type":"image\/jpeg"}],"twitter_card":"summary_large_image","twitter_misc":{"Est. reading time":"2 minutes"},"schema":{"@context":"https:\/\/schema.org","@graph":[{"@type":"WebPage","@id":"https:\/\/muchogusto.nl\/de\/produkt\/mucho-gusto-taschenkette-rot-gold-stern\/","url":"https:\/\/muchogusto.nl\/de\/produkt\/mucho-gusto-taschenkette-rot-gold-stern\/","name":"MUCHO GUSTO\u00ae Taschenkette Rot Gold Stern - Mucho Gusto","isPartOf":{"@id":"https:\/\/muchogusto.nl\/#website"},"primaryImageOfPage":{"@id":"https:\/\/muchogusto.nl\/de\/produkt\/mucho-gusto-taschenkette-rot-gold-stern\/#primaryimage"},"image":{"@id":"https:\/\/muchogusto.nl\/de\/produkt\/mucho-gusto-taschenkette-rot-gold-stern\/#primaryimage"},"thumbnailUrl":"https:\/\/muchogusto.nl\/wp-content\/uploads\/2025\/09\/A52ACH005-scaled.jpg","datePublished":"2025-09-11T12:27:31+00:00","dateModified":"2026-03-02T11:02:38+00:00","description":"Translate GPT zei:Werte deine Tasche auf mit der MUCHO GUSTO\u00ae Taschenkette Rot Gold Stern \u2013 mit rotem Leder, goldenen Details, Stern-Anh\u00e4nger und Bambus-Charme f\u00fcr einen stilvollen","breadcrumb":{"@id":"https:\/\/muchogusto.nl\/de\/produkt\/mucho-gusto-taschenkette-rot-gold-stern\/#breadcrumb"},"inLanguage":"de-DE","potentialAction":[{"@type":"ReadAction","target":["https:\/\/muchogusto.nl\/de\/produkt\/mucho-gusto-taschenkette-rot-gold-stern\/"]}]},{"@type":"ImageObject","inLanguage":"de-DE","@id":"https:\/\/muchogusto.nl\/de\/produkt\/mucho-gusto-taschenkette-rot-gold-stern\/#primaryimage","url":"https:\/\/muchogusto.nl\/wp-content\/uploads\/2025\/09\/A52ACH005-scaled.jpg","contentUrl":"https:\/\/muchogusto.nl\/wp-content\/uploads\/2025\/09\/A52ACH005-scaled.jpg","width":1920,"height":2560,"caption":"MUCHO GUSTO\u00ae Taschenkette Rot Gold Stern"},{"@type":"BreadcrumbList","@id":"https:\/\/muchogusto.nl\/de\/produkt\/mucho-gusto-taschenkette-rot-gold-stern\/#breadcrumb","itemListElement":[{"@type":"ListItem","position":1,"name":"Home","item":"https:\/\/muchogusto.nl\/de\/"},{"@type":"ListItem","position":2,"name":"Shop","item":"https:\/\/muchogusto.nl\/de\/shop-2\/"},{"@type":"ListItem","position":3,"name":"MUCHO GUSTO\u00ae Taschenkette Rot Gold Stern"}]},{"@type":"WebSite","@id":"https:\/\/muchogusto.nl\/#website","url":"https:\/\/muchogusto.nl\/","name":"muchogusto.nl","description":"","publisher":{"@id":"https:\/\/muchogusto.nl\/#organization"},"potentialAction":[{"@type":"SearchAction","target":{"@type":"EntryPoint","urlTemplate":"https:\/\/muchogusto.nl\/?s={search_term_string}"},"query-input":{"@type":"PropertyValueSpecification","valueRequired":true,"valueName":"search_term_string"}}],"inLanguage":"de-DE"},{"@type":"Organization","@id":"https:\/\/muchogusto.nl\/#organization","name":"Mucho Gusto","url":"https:\/\/muchogusto.nl\/","logo":{"@type":"ImageObject","inLanguage":"de-DE","@id":"https:\/\/muchogusto.nl\/#\/schema\/logo\/image\/","url":"https:\/\/muchogusto.nl\/wp-content\/uploads\/2022\/08\/logo_header.svg","contentUrl":"https:\/\/muchogusto.nl\/wp-content\/uploads\/2022\/08\/logo_header.svg","caption":"Mucho Gusto"},"image":{"@id":"https:\/\/muchogusto.nl\/#\/schema\/logo\/image\/"},"sameAs":["https:\/\/www.facebook.com\/muchogusto.nl\/","https:\/\/www.instagram.com\/muchogusto.nl\/"]}]}},"_links":{"self":[{"href":"https:\/\/muchogusto.nl\/de\/wp-json\/wp\/v2\/product\/49306","targetHints":{"allow":["GET"]}}],"collection":[{"href":"https:\/\/muchogusto.nl\/de\/wp-json\/wp\/v2\/product"}],"about":[{"href":"https:\/\/muchogusto.nl\/de\/wp-json\/wp\/v2\/types\/product"}],"replies":[{"embeddable":true,"href":"https:\/\/muchogusto.nl\/de\/wp-json\/wp\/v2\/comments?post=49306"}],"wp:featuredmedia":[{"embeddable":true,"href":"https:\/\/muchogusto.nl\/de\/wp-json\/wp\/v2\/media\/48640"}],"wp:attachment":[{"href":"https:\/\/muchogusto.nl\/de\/wp-json\/wp\/v2\/media?parent=49306"}],"wp:term":[{"taxonomy":"product_brand","embeddable":true,"href":"https:\/\/muchogusto.nl\/de\/wp-json\/wp\/v2\/product_brand?post=49306"},{"taxonomy":"product_cat","embeddable":true,"href":"https:\/\/muchogusto.nl\/de\/wp-json\/wp\/v2\/product_cat?post=49306"},{"taxonomy":"product_tag","embeddable":true,"href":"https:\/\/muchogusto.nl\/de\/wp-json\/wp\/v2\/product_tag?post=49306"}],"curies":[{"name":"wp","href":"https:\/\/api.w.org\/{rel}","templated":true}]}}