{"id":49296,"date":"2025-09-11T14:56:58","date_gmt":"2025-09-11T12:56:58","guid":{"rendered":"http:\/\/muchogusto.nl\/product\/mucho-gusto-bag-chain-pink-grey-rose-gold\/"},"modified":"2026-03-02T12:02:38","modified_gmt":"2026-03-02T11:02:38","slug":"mucho-gusto-taschenkette-rosa-grau-rosegold","status":"publish","type":"product","link":"https:\/\/muchogusto.nl\/de\/produkt\/mucho-gusto-taschenkette-rosa-grau-rosegold\/","title":{"rendered":"MUCHO GUSTO\u00ae Taschenkette Rosa Grau Ros\u00e9gold"},"content":{"rendered":"<h3>DETAILS ZUM PRODUKT<\/h3>\n<p data-start=\"51\" data-end=\"99\"><strong data-start=\"51\" data-end=\"99\">MUCHO GUSTO\u00ae Taschenkette Rosa Grau Ros\u00e9gold<\/strong><\/p>\n<p data-start=\"101\" data-end=\"379\">Die <strong data-start=\"105\" data-end=\"153\">MUCHO GUSTO\u00ae Taschenkette Rosa Grau Ros\u00e9gold<\/strong> ist ein elegantes, feminines Accessoire, das jeder Handtasche m\u00fchelos Charme und Stil verleiht. Entworfen, um deiner Lieblingstasche eine pers\u00f6nliche Note zu geben, verbindet dieses St\u00fcck sanfte Farben mit luxuri\u00f6sen Details.<\/p>\n<p data-start=\"381\" data-end=\"748\">Mit Akzenten aus rosafarbenem und grauem Kunstleder, ros\u00e9goldener Hardware und einer sorgf\u00e4ltig ausgew\u00e4hlten Mischung symbolischer Anh\u00e4nger \u2013 darunter ein Hufeisen, M\u00fcnzanh\u00e4nger, herzf\u00f6rmige Pl\u00e4ttchen und eine verspielte Quaste \u2013 strahlt diese Taschenkette Harmonie, Gl\u00fcck und Stil aus. Jedes Detail ist mit Blick auf einen schicken, boho-inspirierten Look gestaltet.<\/p>\n<p data-start=\"750\" data-end=\"902\">Ob zur Aufwertung deiner Alltagstasche oder als stylischer Akzent f\u00fcr eine schlichte Bag \u2013 dieses MUCHO GUSTO\u00ae Accessoire ist dein neues Lieblingsst\u00fcck.<\/p>\n<p data-start=\"904\" data-end=\"1046\"><strong data-start=\"904\" data-end=\"920\">Dutch Design<\/strong><br data-start=\"920\" data-end=\"923\" \/><strong data-start=\"923\" data-end=\"936\">Material:<\/strong> PU-Leder, ros\u00e9goldfarbene Legierung, Kunst-Wildleder<br data-start=\"989\" data-end=\"992\" \/><strong data-start=\"992\" data-end=\"1002\">Farbe:<\/strong> Zartrosa, Grau, Ros\u00e9gold<br data-start=\"1027\" data-end=\"1030\" \/><strong data-start=\"1030\" data-end=\"1040\">L\u00e4nge:<\/strong> 28 cm<\/p>\n<div class=\"summary\">\n<div class=\"product_meta\">\n<div class=\"the_champ_sharing_container the_champ_horizontal_sharing\" data-heateor-ss-offset=\"0\" data-super-socializer-href=\"http:\/\/muchogusto.nl\/product\/mucho-gusto-bag-with-tied-up-scarf-baroque-mucho-print\/\">\n<div class=\"the_champ_sharing_ul\">\n<h3>PASSENDE ARTIKEL<\/h3>\n<div class=\"summary\">\n<div class=\"tccContent\">\n<div class=\"summary\">\n<div class=\"flex w-full flex-col gap-1 empty:hidden first:pt-[3px]\">\n<div class=\"markdown prose dark:prose-invert w-full break-words light\">\n<p class=\"p2\"><span class=\"s1\">Vervollst\u00e4ndigen Sie Ihren Look mit einem passenden\u00a0<a href=\"https:\/\/muchogusto.nl\/de\/schals\/\"><span class=\"s2\">Schal<\/span><\/a>.<br \/>\n<\/span><span class=\"s1\">M\u00f6chten Sie mehr Blusen sehen? Dann schauen Sie sich unsere\u00a0<a href=\"https:\/\/muchogusto.nl\/de\/blusen\/\"><span class=\"s2\">Bekleidungsseite<\/span><\/a>\u00a0an.<br \/>\n<\/span><span class=\"s1\">M\u00f6chten Sie mehr Inspiration? Besuchen Sie unsere\u00a0<a href=\"https:\/\/www.instagram.com\/muchogusto.nl\/\"><span class=\"s2\">Instagram<\/span><\/a>-Seite.\u00a0<\/span><\/p>\n<h3>BRAUCHEN SIE HILFE?<\/h3>\n<p>Wenn Sie Fragen zu diesem Artikel oder der Gr\u00f6\u00dfe haben, senden Sie eine E-Mail an unseren Kundenservice unter<a href=\"http:\/\/muchogusto.nl\/de\/\"><span class=\"s2\">web@muchogusto.nl.<\/span><\/a><\/p>\n<h3>GR\u00d6SSENTABELLEN<\/h3>\n<p>Unsere Gr\u00f6\u00dfen sind in europ\u00e4ischen Gr\u00f6\u00dfen angegeben. Sie k\u00f6nnen diese Gr\u00f6\u00dfen anhand der Tabellen\u00a0<a href=\"https:\/\/muchogusto.nl\/de\/grossentabellen\/\">auf dieser Seite<\/a>\u00a0leicht umrechnen. Die Passform kann je nach Stil oder pers\u00f6nlicher Vorliebe variieren.<\/p>\n<\/div>\n<\/div>\n<\/div>\n<\/div>\n<\/div>\n<\/div>\n<\/div>\n<\/div>\n<\/div>\n","protected":false},"excerpt":{"rendered":"<p>DETAILS ZUM PRODUKT MUCHO GUSTO\u00ae Taschenkette Rosa Grau Ros\u00e9gold Die MUCHO GUSTO\u00ae Taschenkette Rosa Grau Ros\u00e9gold ist ein elegantes, feminines Accessoire, das jeder Handtasche m\u00fchelos Charme und Stil verleiht. Entworfen, um deiner Lieblingstasche eine pers\u00f6nliche Note zu geben, verbindet dieses St\u00fcck sanfte Farben mit luxuri\u00f6sen Details. Mit Akzenten aus rosafarbenem und grauem Kunstleder, ros\u00e9goldener Hardware [&hellip;]<\/p>\n","protected":false},"featured_media":48732,"comment_status":"open","ping_status":"closed","template":"","meta":{"_acf_changed":false,"inline_featured_image":false,"navigation_state":false,"_genesis_hide_title":false,"_genesis_hide_breadcrumbs":false,"_genesis_hide_singular_image":false,"_genesis_hide_footer_widgets":false,"_genesis_custom_body_class":"","_genesis_custom_post_class":"","_genesis_layout":""},"product_brand":[],"product_cat":[5177],"product_tag":[],"class_list":{"0":"post-49296","1":"product","2":"type-product","3":"status-publish","4":"has-post-thumbnail","6":"product_cat-accessories-2-de","7":"entry","9":"first","10":"instock","11":"sale","12":"taxable","13":"shipping-taxable","14":"purchasable","15":"product-type-simple"},"acf":[],"yoast_head":"<!-- This site is optimized with the Yoast SEO Premium plugin v27.2 (Yoast SEO v27.2) - https:\/\/yoast.com\/product\/yoast-seo-premium-wordpress\/ -->\n<title>MUCHO GUSTO\u00ae Taschenkette Rosa Grau Ros\u00e9gold - Mucho Gusto<\/title>\n<meta name=\"description\" content=\"Setze elegante Akzente mit der MUCHO GUSTO\u00ae Taschenkette Rosa Grau Ros\u00e9gold zarte T\u00f6ne, ros\u00e9goldene Details und symbolische Gl\u00fccksanh\u00e4nger machen sie zum perfekten Statement-Accessoire.\" \/>\n<meta name=\"robots\" content=\"index, follow, max-snippet:-1, max-image-preview:large, max-video-preview:-1\" \/>\n<link rel=\"canonical\" href=\"https:\/\/muchogusto.nl\/de\/produkt\/mucho-gusto-taschenkette-rosa-grau-rosegold\/\" \/>\n<meta property=\"og:locale\" content=\"de_DE\" \/>\n<meta property=\"og:type\" content=\"article\" \/>\n<meta property=\"og:title\" content=\"MUCHO GUSTO\u00ae Taschenkette Rosa Grau Ros\u00e9gold\" \/>\n<meta property=\"og:description\" content=\"Setze elegante Akzente mit der MUCHO GUSTO\u00ae Taschenkette Rosa Grau Ros\u00e9gold zarte T\u00f6ne, ros\u00e9goldene Details und symbolische Gl\u00fccksanh\u00e4nger machen sie zum perfekten Statement-Accessoire.\" \/>\n<meta property=\"og:url\" content=\"https:\/\/muchogusto.nl\/de\/produkt\/mucho-gusto-taschenkette-rosa-grau-rosegold\/\" \/>\n<meta property=\"og:site_name\" content=\"Mucho Gusto\" \/>\n<meta property=\"article:publisher\" content=\"https:\/\/www.facebook.com\/muchogusto.nl\/\" \/>\n<meta property=\"article:modified_time\" content=\"2026-03-02T11:02:38+00:00\" \/>\n<meta property=\"og:image\" content=\"https:\/\/muchogusto.nl\/wp-content\/uploads\/2025\/09\/A52ACH004-1-scaled.jpg\" \/>\n\t<meta property=\"og:image:width\" content=\"1920\" \/>\n\t<meta property=\"og:image:height\" content=\"2560\" \/>\n\t<meta property=\"og:image:type\" content=\"image\/jpeg\" \/>\n<meta name=\"twitter:card\" content=\"summary_large_image\" \/>\n<meta name=\"twitter:label1\" content=\"Est. reading time\" \/>\n\t<meta name=\"twitter:data1\" content=\"2 minutes\" \/>\n<script type=\"application\/ld+json\" class=\"yoast-schema-graph\">{\"@context\":\"https:\/\/schema.org\",\"@graph\":[{\"@type\":\"WebPage\",\"@id\":\"https:\/\/muchogusto.nl\/de\/produkt\/mucho-gusto-taschenkette-rosa-grau-rosegold\/\",\"url\":\"https:\/\/muchogusto.nl\/de\/produkt\/mucho-gusto-taschenkette-rosa-grau-rosegold\/\",\"name\":\"MUCHO GUSTO\u00ae Taschenkette Rosa Grau Ros\u00e9gold - Mucho Gusto\",\"isPartOf\":{\"@id\":\"https:\/\/muchogusto.nl\/#website\"},\"primaryImageOfPage\":{\"@id\":\"https:\/\/muchogusto.nl\/de\/produkt\/mucho-gusto-taschenkette-rosa-grau-rosegold\/#primaryimage\"},\"image\":{\"@id\":\"https:\/\/muchogusto.nl\/de\/produkt\/mucho-gusto-taschenkette-rosa-grau-rosegold\/#primaryimage\"},\"thumbnailUrl\":\"https:\/\/muchogusto.nl\/wp-content\/uploads\/2025\/09\/A52ACH004-1-scaled.jpg\",\"datePublished\":\"2025-09-11T12:56:58+00:00\",\"dateModified\":\"2026-03-02T11:02:38+00:00\",\"description\":\"Setze elegante Akzente mit der MUCHO GUSTO\u00ae Taschenkette Rosa Grau Ros\u00e9gold zarte T\u00f6ne, ros\u00e9goldene Details und symbolische Gl\u00fccksanh\u00e4nger machen sie zum perfekten Statement-Accessoire.\",\"breadcrumb\":{\"@id\":\"https:\/\/muchogusto.nl\/de\/produkt\/mucho-gusto-taschenkette-rosa-grau-rosegold\/#breadcrumb\"},\"inLanguage\":\"de-DE\",\"potentialAction\":[{\"@type\":\"ReadAction\",\"target\":[\"https:\/\/muchogusto.nl\/de\/produkt\/mucho-gusto-taschenkette-rosa-grau-rosegold\/\"]}]},{\"@type\":\"ImageObject\",\"inLanguage\":\"de-DE\",\"@id\":\"https:\/\/muchogusto.nl\/de\/produkt\/mucho-gusto-taschenkette-rosa-grau-rosegold\/#primaryimage\",\"url\":\"https:\/\/muchogusto.nl\/wp-content\/uploads\/2025\/09\/A52ACH004-1-scaled.jpg\",\"contentUrl\":\"https:\/\/muchogusto.nl\/wp-content\/uploads\/2025\/09\/A52ACH004-1-scaled.jpg\",\"width\":1920,\"height\":2560,\"caption\":\"MUCHO GUSTO\u00ae Taschenkette Rosa Grau Ros\u00e9gold\"},{\"@type\":\"BreadcrumbList\",\"@id\":\"https:\/\/muchogusto.nl\/de\/produkt\/mucho-gusto-taschenkette-rosa-grau-rosegold\/#breadcrumb\",\"itemListElement\":[{\"@type\":\"ListItem\",\"position\":1,\"name\":\"Home\",\"item\":\"https:\/\/muchogusto.nl\/de\/\"},{\"@type\":\"ListItem\",\"position\":2,\"name\":\"Shop\",\"item\":\"https:\/\/muchogusto.nl\/de\/shop-2\/\"},{\"@type\":\"ListItem\",\"position\":3,\"name\":\"MUCHO GUSTO\u00ae Taschenkette Rosa Grau Ros\u00e9gold\"}]},{\"@type\":\"WebSite\",\"@id\":\"https:\/\/muchogusto.nl\/#website\",\"url\":\"https:\/\/muchogusto.nl\/\",\"name\":\"muchogusto.nl\",\"description\":\"\",\"publisher\":{\"@id\":\"https:\/\/muchogusto.nl\/#organization\"},\"potentialAction\":[{\"@type\":\"SearchAction\",\"target\":{\"@type\":\"EntryPoint\",\"urlTemplate\":\"https:\/\/muchogusto.nl\/?s={search_term_string}\"},\"query-input\":{\"@type\":\"PropertyValueSpecification\",\"valueRequired\":true,\"valueName\":\"search_term_string\"}}],\"inLanguage\":\"de-DE\"},{\"@type\":\"Organization\",\"@id\":\"https:\/\/muchogusto.nl\/#organization\",\"name\":\"Mucho Gusto\",\"url\":\"https:\/\/muchogusto.nl\/\",\"logo\":{\"@type\":\"ImageObject\",\"inLanguage\":\"de-DE\",\"@id\":\"https:\/\/muchogusto.nl\/#\/schema\/logo\/image\/\",\"url\":\"https:\/\/muchogusto.nl\/wp-content\/uploads\/2022\/08\/logo_header.svg\",\"contentUrl\":\"https:\/\/muchogusto.nl\/wp-content\/uploads\/2022\/08\/logo_header.svg\",\"caption\":\"Mucho Gusto\"},\"image\":{\"@id\":\"https:\/\/muchogusto.nl\/#\/schema\/logo\/image\/\"},\"sameAs\":[\"https:\/\/www.facebook.com\/muchogusto.nl\/\",\"https:\/\/www.instagram.com\/muchogusto.nl\/\"]}]}<\/script>\n<!-- \/ Yoast SEO Premium plugin. -->","yoast_head_json":{"title":"MUCHO GUSTO\u00ae Taschenkette Rosa Grau Ros\u00e9gold - Mucho Gusto","description":"Setze elegante Akzente mit der MUCHO GUSTO\u00ae Taschenkette Rosa Grau Ros\u00e9gold zarte T\u00f6ne, ros\u00e9goldene Details und symbolische Gl\u00fccksanh\u00e4nger machen sie zum perfekten Statement-Accessoire.","robots":{"index":"index","follow":"follow","max-snippet":"max-snippet:-1","max-image-preview":"max-image-preview:large","max-video-preview":"max-video-preview:-1"},"canonical":"https:\/\/muchogusto.nl\/de\/produkt\/mucho-gusto-taschenkette-rosa-grau-rosegold\/","og_locale":"de_DE","og_type":"article","og_title":"MUCHO GUSTO\u00ae Taschenkette Rosa Grau Ros\u00e9gold","og_description":"Setze elegante Akzente mit der MUCHO GUSTO\u00ae Taschenkette Rosa Grau Ros\u00e9gold zarte T\u00f6ne, ros\u00e9goldene Details und symbolische Gl\u00fccksanh\u00e4nger machen sie zum perfekten Statement-Accessoire.","og_url":"https:\/\/muchogusto.nl\/de\/produkt\/mucho-gusto-taschenkette-rosa-grau-rosegold\/","og_site_name":"Mucho Gusto","article_publisher":"https:\/\/www.facebook.com\/muchogusto.nl\/","article_modified_time":"2026-03-02T11:02:38+00:00","og_image":[{"width":1920,"height":2560,"url":"https:\/\/muchogusto.nl\/wp-content\/uploads\/2025\/09\/A52ACH004-1-scaled.jpg","type":"image\/jpeg"}],"twitter_card":"summary_large_image","twitter_misc":{"Est. reading time":"2 minutes"},"schema":{"@context":"https:\/\/schema.org","@graph":[{"@type":"WebPage","@id":"https:\/\/muchogusto.nl\/de\/produkt\/mucho-gusto-taschenkette-rosa-grau-rosegold\/","url":"https:\/\/muchogusto.nl\/de\/produkt\/mucho-gusto-taschenkette-rosa-grau-rosegold\/","name":"MUCHO GUSTO\u00ae Taschenkette Rosa Grau Ros\u00e9gold - Mucho Gusto","isPartOf":{"@id":"https:\/\/muchogusto.nl\/#website"},"primaryImageOfPage":{"@id":"https:\/\/muchogusto.nl\/de\/produkt\/mucho-gusto-taschenkette-rosa-grau-rosegold\/#primaryimage"},"image":{"@id":"https:\/\/muchogusto.nl\/de\/produkt\/mucho-gusto-taschenkette-rosa-grau-rosegold\/#primaryimage"},"thumbnailUrl":"https:\/\/muchogusto.nl\/wp-content\/uploads\/2025\/09\/A52ACH004-1-scaled.jpg","datePublished":"2025-09-11T12:56:58+00:00","dateModified":"2026-03-02T11:02:38+00:00","description":"Setze elegante Akzente mit der MUCHO GUSTO\u00ae Taschenkette Rosa Grau Ros\u00e9gold zarte T\u00f6ne, ros\u00e9goldene Details und symbolische Gl\u00fccksanh\u00e4nger machen sie zum perfekten Statement-Accessoire.","breadcrumb":{"@id":"https:\/\/muchogusto.nl\/de\/produkt\/mucho-gusto-taschenkette-rosa-grau-rosegold\/#breadcrumb"},"inLanguage":"de-DE","potentialAction":[{"@type":"ReadAction","target":["https:\/\/muchogusto.nl\/de\/produkt\/mucho-gusto-taschenkette-rosa-grau-rosegold\/"]}]},{"@type":"ImageObject","inLanguage":"de-DE","@id":"https:\/\/muchogusto.nl\/de\/produkt\/mucho-gusto-taschenkette-rosa-grau-rosegold\/#primaryimage","url":"https:\/\/muchogusto.nl\/wp-content\/uploads\/2025\/09\/A52ACH004-1-scaled.jpg","contentUrl":"https:\/\/muchogusto.nl\/wp-content\/uploads\/2025\/09\/A52ACH004-1-scaled.jpg","width":1920,"height":2560,"caption":"MUCHO GUSTO\u00ae Taschenkette Rosa Grau Ros\u00e9gold"},{"@type":"BreadcrumbList","@id":"https:\/\/muchogusto.nl\/de\/produkt\/mucho-gusto-taschenkette-rosa-grau-rosegold\/#breadcrumb","itemListElement":[{"@type":"ListItem","position":1,"name":"Home","item":"https:\/\/muchogusto.nl\/de\/"},{"@type":"ListItem","position":2,"name":"Shop","item":"https:\/\/muchogusto.nl\/de\/shop-2\/"},{"@type":"ListItem","position":3,"name":"MUCHO GUSTO\u00ae Taschenkette Rosa Grau Ros\u00e9gold"}]},{"@type":"WebSite","@id":"https:\/\/muchogusto.nl\/#website","url":"https:\/\/muchogusto.nl\/","name":"muchogusto.nl","description":"","publisher":{"@id":"https:\/\/muchogusto.nl\/#organization"},"potentialAction":[{"@type":"SearchAction","target":{"@type":"EntryPoint","urlTemplate":"https:\/\/muchogusto.nl\/?s={search_term_string}"},"query-input":{"@type":"PropertyValueSpecification","valueRequired":true,"valueName":"search_term_string"}}],"inLanguage":"de-DE"},{"@type":"Organization","@id":"https:\/\/muchogusto.nl\/#organization","name":"Mucho Gusto","url":"https:\/\/muchogusto.nl\/","logo":{"@type":"ImageObject","inLanguage":"de-DE","@id":"https:\/\/muchogusto.nl\/#\/schema\/logo\/image\/","url":"https:\/\/muchogusto.nl\/wp-content\/uploads\/2022\/08\/logo_header.svg","contentUrl":"https:\/\/muchogusto.nl\/wp-content\/uploads\/2022\/08\/logo_header.svg","caption":"Mucho Gusto"},"image":{"@id":"https:\/\/muchogusto.nl\/#\/schema\/logo\/image\/"},"sameAs":["https:\/\/www.facebook.com\/muchogusto.nl\/","https:\/\/www.instagram.com\/muchogusto.nl\/"]}]}},"_links":{"self":[{"href":"https:\/\/muchogusto.nl\/de\/wp-json\/wp\/v2\/product\/49296","targetHints":{"allow":["GET"]}}],"collection":[{"href":"https:\/\/muchogusto.nl\/de\/wp-json\/wp\/v2\/product"}],"about":[{"href":"https:\/\/muchogusto.nl\/de\/wp-json\/wp\/v2\/types\/product"}],"replies":[{"embeddable":true,"href":"https:\/\/muchogusto.nl\/de\/wp-json\/wp\/v2\/comments?post=49296"}],"wp:featuredmedia":[{"embeddable":true,"href":"https:\/\/muchogusto.nl\/de\/wp-json\/wp\/v2\/media\/48732"}],"wp:attachment":[{"href":"https:\/\/muchogusto.nl\/de\/wp-json\/wp\/v2\/media?parent=49296"}],"wp:term":[{"taxonomy":"product_brand","embeddable":true,"href":"https:\/\/muchogusto.nl\/de\/wp-json\/wp\/v2\/product_brand?post=49296"},{"taxonomy":"product_cat","embeddable":true,"href":"https:\/\/muchogusto.nl\/de\/wp-json\/wp\/v2\/product_cat?post=49296"},{"taxonomy":"product_tag","embeddable":true,"href":"https:\/\/muchogusto.nl\/de\/wp-json\/wp\/v2\/product_tag?post=49296"}],"curies":[{"name":"wp","href":"https:\/\/api.w.org\/{rel}","templated":true}]}}