{"id":49292,"date":"2025-09-11T15:21:56","date_gmt":"2025-09-11T13:21:56","guid":{"rendered":"http:\/\/muchogusto.nl\/product\/mucho-gusto-bag-chain-denim-silver-beige-star\/"},"modified":"2026-03-02T12:02:38","modified_gmt":"2026-03-02T11:02:38","slug":"mucho-gusto-taschenkette-denim-silber-beige-stern","status":"publish","type":"product","link":"https:\/\/muchogusto.nl\/de\/produkt\/mucho-gusto-taschenkette-denim-silber-beige-stern\/","title":{"rendered":"MUCHO GUSTO\u00ae Taschenkette Denim Silber Beige Stern"},"content":{"rendered":"<h3>DETAILS ZUM PRODUKT<\/h3>\n<p data-start=\"51\" data-end=\"105\"><strong data-start=\"51\" data-end=\"105\">MUCHO GUSTO\u00ae Taschenkette Denim Silber Beige Stern<\/strong><\/p>\n<p data-start=\"107\" data-end=\"409\">Die <strong data-start=\"111\" data-end=\"165\">MUCHO GUSTO\u00ae Taschenkette Denim Stern Silber Charm<\/strong> ist ein auff\u00e4lliges und verspieltes Accessoire, das jeder Tasche eine l\u00e4ssige Eleganz verleiht. Mit einer einzigartigen Mischung aus Texturen und liebevollen Details ist sie ideal f\u00fcr alle, die einen entspannten, aber stilvollen Look sch\u00e4tzen.<\/p>\n<p data-start=\"411\" data-end=\"813\">Gefertigt aus weichem cremefarbenem Kunstleder, abgenutzten Denim-Anh\u00e4ngern in Herz- und Schlossform sowie auff\u00e4lligen silberfarbenen Akzenten, vereint diese Kette einen gestickten Lederstern, eine silberne Quaste im Kaskadenstil und vintage-inspirierte M\u00fcnzanh\u00e4nger. Symbolische Details wie ein Gl\u00fcckshorn und ein antiker Schl\u00fcssel machen jedes Element zu einem Ausdruck von Individualit\u00e4t und Charme.<\/p>\n<p data-start=\"815\" data-end=\"928\">Ob an der Tote Bag, Crossbody oder am Schl\u00fcsselbund \u2013 dieses Accessoire setzt ein cooles und elegantes Statement.<\/p>\n<p data-start=\"930\" data-end=\"1063\"><strong data-start=\"930\" data-end=\"946\">Dutch Design<\/strong><br data-start=\"946\" data-end=\"949\" \/><strong data-start=\"949\" data-end=\"962\">Material:<\/strong> PU-Leder, Denim, silberfarbene Legierung<br data-start=\"1003\" data-end=\"1006\" \/><strong data-start=\"1006\" data-end=\"1016\">Farbe:<\/strong> Creme, Blau (Denim), Silber<br data-start=\"1044\" data-end=\"1047\" \/><strong data-start=\"1047\" data-end=\"1057\">L\u00e4nge:<\/strong> 28 cm<\/p>\n<div class=\"summary\">\n<div class=\"tccContent\"><\/div>\n<div class=\"product_meta\">\n<div class=\"the_champ_sharing_container the_champ_horizontal_sharing\" data-heateor-ss-offset=\"0\" data-super-socializer-href=\"http:\/\/muchogusto.nl\/product\/mucho-gusto-bag-with-tied-up-scarf-baroque-mucho-print\/\">\n<div class=\"the_champ_sharing_ul\">\n<h3>PASSENDE ARTIKEL<\/h3>\n<div class=\"summary\">\n<div class=\"tccContent\">\n<div class=\"summary\">\n<div class=\"flex w-full flex-col gap-1 empty:hidden first:pt-[3px]\">\n<div class=\"markdown prose dark:prose-invert w-full break-words light\">\n<p class=\"p2\"><span class=\"s1\">Vervollst\u00e4ndigen Sie Ihren Look mit einem passenden\u00a0<a href=\"https:\/\/muchogusto.nl\/de\/schals\/\"><span class=\"s2\">Schal<\/span><\/a>.<br \/>\n<\/span><span class=\"s1\">M\u00f6chten Sie mehr Blusen sehen? Dann schauen Sie sich unsere\u00a0<a href=\"https:\/\/muchogusto.nl\/de\/blusen\/\"><span class=\"s2\">Bekleidungsseite<\/span><\/a>\u00a0an.<br \/>\n<\/span><span class=\"s1\">M\u00f6chten Sie mehr Inspiration? Besuchen Sie unsere\u00a0<a href=\"https:\/\/www.instagram.com\/muchogusto.nl\/\"><span class=\"s2\">Instagram<\/span><\/a>-Seite.\u00a0<\/span><\/p>\n<h3>BRAUCHEN SIE HILFE?<\/h3>\n<p>Wenn Sie Fragen zu diesem Artikel oder der Gr\u00f6\u00dfe haben, senden Sie eine E-Mail an unseren Kundenservice unter<a href=\"http:\/\/muchogusto.nl\/de\/\"><span class=\"s2\">web@muchogusto.nl.<\/span><\/a><\/p>\n<h3>GR\u00d6SSENTABELLEN<\/h3>\n<p>Unsere Gr\u00f6\u00dfen sind in europ\u00e4ischen Gr\u00f6\u00dfen angegeben. Sie k\u00f6nnen diese Gr\u00f6\u00dfen anhand der Tabellen\u00a0<a href=\"https:\/\/muchogusto.nl\/de\/grossentabellen\/\">auf dieser Seite<\/a>\u00a0leicht umrechnen. Die Passform kann je nach Stil oder pers\u00f6nlicher Vorliebe variieren.<\/p>\n<\/div>\n<\/div>\n<\/div>\n<\/div>\n<\/div>\n<\/div>\n<\/div>\n<\/div>\n<\/div>\n","protected":false},"excerpt":{"rendered":"<p>DETAILS ZUM PRODUKT MUCHO GUSTO\u00ae Taschenkette Denim Silber Beige Stern Die MUCHO GUSTO\u00ae Taschenkette Denim Stern Silber Charm ist ein auff\u00e4lliges und verspieltes Accessoire, das jeder Tasche eine l\u00e4ssige Eleganz verleiht. Mit einer einzigartigen Mischung aus Texturen und liebevollen Details ist sie ideal f\u00fcr alle, die einen entspannten, aber stilvollen Look sch\u00e4tzen. Gefertigt aus weichem [&hellip;]<\/p>\n","protected":false},"featured_media":48719,"comment_status":"open","ping_status":"closed","template":"","meta":{"_acf_changed":false,"inline_featured_image":false,"navigation_state":false,"_genesis_hide_title":false,"_genesis_hide_breadcrumbs":false,"_genesis_hide_singular_image":false,"_genesis_hide_footer_widgets":false,"_genesis_custom_body_class":"","_genesis_custom_post_class":"","_genesis_layout":""},"product_brand":[],"product_cat":[5177],"product_tag":[],"class_list":{"0":"post-49292","1":"product","2":"type-product","3":"status-publish","4":"has-post-thumbnail","6":"product_cat-accessories-2-de","7":"entry","9":"first","10":"instock","11":"sale","12":"taxable","13":"shipping-taxable","14":"purchasable","15":"product-type-simple"},"acf":[],"yoast_head":"<!-- This site is optimized with the Yoast SEO Premium plugin v27.2 (Yoast SEO v27.2) - https:\/\/yoast.com\/product\/yoast-seo-premium-wordpress\/ -->\n<title>MUCHO GUSTO\u00ae Taschenkette Denim Silber Beige Stern - Mucho Gusto<\/title>\n<meta name=\"description\" content=\"Verleihe deiner Tasche einen l\u00e4ssigen Twist mit der MUCHO GUSTO\u00ae Taschenkette \u2013 Denim, Silber und verspielte Charms inklusive.\" \/>\n<meta name=\"robots\" content=\"index, follow, max-snippet:-1, max-image-preview:large, max-video-preview:-1\" \/>\n<link rel=\"canonical\" href=\"https:\/\/muchogusto.nl\/de\/produkt\/mucho-gusto-taschenkette-denim-silber-beige-stern\/\" \/>\n<meta property=\"og:locale\" content=\"de_DE\" \/>\n<meta property=\"og:type\" content=\"article\" \/>\n<meta property=\"og:title\" content=\"MUCHO GUSTO\u00ae Taschenkette Denim Silber Beige Stern\" \/>\n<meta property=\"og:description\" content=\"Verleihe deiner Tasche einen l\u00e4ssigen Twist mit der MUCHO GUSTO\u00ae Taschenkette \u2013 Denim, Silber und verspielte Charms inklusive.\" \/>\n<meta property=\"og:url\" content=\"https:\/\/muchogusto.nl\/de\/produkt\/mucho-gusto-taschenkette-denim-silber-beige-stern\/\" \/>\n<meta property=\"og:site_name\" content=\"Mucho Gusto\" \/>\n<meta property=\"article:publisher\" content=\"https:\/\/www.facebook.com\/muchogusto.nl\/\" \/>\n<meta property=\"article:modified_time\" content=\"2026-03-02T11:02:38+00:00\" \/>\n<meta property=\"og:image\" content=\"https:\/\/muchogusto.nl\/wp-content\/uploads\/2025\/09\/A52ACH001-scaled.jpeg\" \/>\n\t<meta property=\"og:image:width\" content=\"1920\" \/>\n\t<meta property=\"og:image:height\" content=\"2560\" \/>\n\t<meta property=\"og:image:type\" content=\"image\/jpeg\" \/>\n<meta name=\"twitter:card\" content=\"summary_large_image\" \/>\n<meta name=\"twitter:label1\" content=\"Est. reading time\" \/>\n\t<meta name=\"twitter:data1\" content=\"2 minutes\" \/>\n<script type=\"application\/ld+json\" class=\"yoast-schema-graph\">{\"@context\":\"https:\/\/schema.org\",\"@graph\":[{\"@type\":\"WebPage\",\"@id\":\"https:\/\/muchogusto.nl\/de\/produkt\/mucho-gusto-taschenkette-denim-silber-beige-stern\/\",\"url\":\"https:\/\/muchogusto.nl\/de\/produkt\/mucho-gusto-taschenkette-denim-silber-beige-stern\/\",\"name\":\"MUCHO GUSTO\u00ae Taschenkette Denim Silber Beige Stern - Mucho Gusto\",\"isPartOf\":{\"@id\":\"https:\/\/muchogusto.nl\/#website\"},\"primaryImageOfPage\":{\"@id\":\"https:\/\/muchogusto.nl\/de\/produkt\/mucho-gusto-taschenkette-denim-silber-beige-stern\/#primaryimage\"},\"image\":{\"@id\":\"https:\/\/muchogusto.nl\/de\/produkt\/mucho-gusto-taschenkette-denim-silber-beige-stern\/#primaryimage\"},\"thumbnailUrl\":\"https:\/\/muchogusto.nl\/wp-content\/uploads\/2025\/09\/A52ACH001-scaled.jpeg\",\"datePublished\":\"2025-09-11T13:21:56+00:00\",\"dateModified\":\"2026-03-02T11:02:38+00:00\",\"description\":\"Verleihe deiner Tasche einen l\u00e4ssigen Twist mit der MUCHO GUSTO\u00ae Taschenkette \u2013 Denim, Silber und verspielte Charms inklusive.\",\"breadcrumb\":{\"@id\":\"https:\/\/muchogusto.nl\/de\/produkt\/mucho-gusto-taschenkette-denim-silber-beige-stern\/#breadcrumb\"},\"inLanguage\":\"de-DE\",\"potentialAction\":[{\"@type\":\"ReadAction\",\"target\":[\"https:\/\/muchogusto.nl\/de\/produkt\/mucho-gusto-taschenkette-denim-silber-beige-stern\/\"]}]},{\"@type\":\"ImageObject\",\"inLanguage\":\"de-DE\",\"@id\":\"https:\/\/muchogusto.nl\/de\/produkt\/mucho-gusto-taschenkette-denim-silber-beige-stern\/#primaryimage\",\"url\":\"https:\/\/muchogusto.nl\/wp-content\/uploads\/2025\/09\/A52ACH001-scaled.jpeg\",\"contentUrl\":\"https:\/\/muchogusto.nl\/wp-content\/uploads\/2025\/09\/A52ACH001-scaled.jpeg\",\"width\":1920,\"height\":2560,\"caption\":\"MUCHO GUSTO\u00ae Taschenkette Denim Silber Beige Stern\"},{\"@type\":\"BreadcrumbList\",\"@id\":\"https:\/\/muchogusto.nl\/de\/produkt\/mucho-gusto-taschenkette-denim-silber-beige-stern\/#breadcrumb\",\"itemListElement\":[{\"@type\":\"ListItem\",\"position\":1,\"name\":\"Home\",\"item\":\"https:\/\/muchogusto.nl\/de\/\"},{\"@type\":\"ListItem\",\"position\":2,\"name\":\"Shop\",\"item\":\"https:\/\/muchogusto.nl\/de\/shop-2\/\"},{\"@type\":\"ListItem\",\"position\":3,\"name\":\"MUCHO GUSTO\u00ae Taschenkette Denim Silber Beige Stern\"}]},{\"@type\":\"WebSite\",\"@id\":\"https:\/\/muchogusto.nl\/#website\",\"url\":\"https:\/\/muchogusto.nl\/\",\"name\":\"muchogusto.nl\",\"description\":\"\",\"publisher\":{\"@id\":\"https:\/\/muchogusto.nl\/#organization\"},\"potentialAction\":[{\"@type\":\"SearchAction\",\"target\":{\"@type\":\"EntryPoint\",\"urlTemplate\":\"https:\/\/muchogusto.nl\/?s={search_term_string}\"},\"query-input\":{\"@type\":\"PropertyValueSpecification\",\"valueRequired\":true,\"valueName\":\"search_term_string\"}}],\"inLanguage\":\"de-DE\"},{\"@type\":\"Organization\",\"@id\":\"https:\/\/muchogusto.nl\/#organization\",\"name\":\"Mucho Gusto\",\"url\":\"https:\/\/muchogusto.nl\/\",\"logo\":{\"@type\":\"ImageObject\",\"inLanguage\":\"de-DE\",\"@id\":\"https:\/\/muchogusto.nl\/#\/schema\/logo\/image\/\",\"url\":\"https:\/\/muchogusto.nl\/wp-content\/uploads\/2022\/08\/logo_header.svg\",\"contentUrl\":\"https:\/\/muchogusto.nl\/wp-content\/uploads\/2022\/08\/logo_header.svg\",\"caption\":\"Mucho Gusto\"},\"image\":{\"@id\":\"https:\/\/muchogusto.nl\/#\/schema\/logo\/image\/\"},\"sameAs\":[\"https:\/\/www.facebook.com\/muchogusto.nl\/\",\"https:\/\/www.instagram.com\/muchogusto.nl\/\"]}]}<\/script>\n<!-- \/ Yoast SEO Premium plugin. -->","yoast_head_json":{"title":"MUCHO GUSTO\u00ae Taschenkette Denim Silber Beige Stern - Mucho Gusto","description":"Verleihe deiner Tasche einen l\u00e4ssigen Twist mit der MUCHO GUSTO\u00ae Taschenkette \u2013 Denim, Silber und verspielte Charms inklusive.","robots":{"index":"index","follow":"follow","max-snippet":"max-snippet:-1","max-image-preview":"max-image-preview:large","max-video-preview":"max-video-preview:-1"},"canonical":"https:\/\/muchogusto.nl\/de\/produkt\/mucho-gusto-taschenkette-denim-silber-beige-stern\/","og_locale":"de_DE","og_type":"article","og_title":"MUCHO GUSTO\u00ae Taschenkette Denim Silber Beige Stern","og_description":"Verleihe deiner Tasche einen l\u00e4ssigen Twist mit der MUCHO GUSTO\u00ae Taschenkette \u2013 Denim, Silber und verspielte Charms inklusive.","og_url":"https:\/\/muchogusto.nl\/de\/produkt\/mucho-gusto-taschenkette-denim-silber-beige-stern\/","og_site_name":"Mucho Gusto","article_publisher":"https:\/\/www.facebook.com\/muchogusto.nl\/","article_modified_time":"2026-03-02T11:02:38+00:00","og_image":[{"width":1920,"height":2560,"url":"https:\/\/muchogusto.nl\/wp-content\/uploads\/2025\/09\/A52ACH001-scaled.jpeg","type":"image\/jpeg"}],"twitter_card":"summary_large_image","twitter_misc":{"Est. reading time":"2 minutes"},"schema":{"@context":"https:\/\/schema.org","@graph":[{"@type":"WebPage","@id":"https:\/\/muchogusto.nl\/de\/produkt\/mucho-gusto-taschenkette-denim-silber-beige-stern\/","url":"https:\/\/muchogusto.nl\/de\/produkt\/mucho-gusto-taschenkette-denim-silber-beige-stern\/","name":"MUCHO GUSTO\u00ae Taschenkette Denim Silber Beige Stern - Mucho Gusto","isPartOf":{"@id":"https:\/\/muchogusto.nl\/#website"},"primaryImageOfPage":{"@id":"https:\/\/muchogusto.nl\/de\/produkt\/mucho-gusto-taschenkette-denim-silber-beige-stern\/#primaryimage"},"image":{"@id":"https:\/\/muchogusto.nl\/de\/produkt\/mucho-gusto-taschenkette-denim-silber-beige-stern\/#primaryimage"},"thumbnailUrl":"https:\/\/muchogusto.nl\/wp-content\/uploads\/2025\/09\/A52ACH001-scaled.jpeg","datePublished":"2025-09-11T13:21:56+00:00","dateModified":"2026-03-02T11:02:38+00:00","description":"Verleihe deiner Tasche einen l\u00e4ssigen Twist mit der MUCHO GUSTO\u00ae Taschenkette \u2013 Denim, Silber und verspielte Charms inklusive.","breadcrumb":{"@id":"https:\/\/muchogusto.nl\/de\/produkt\/mucho-gusto-taschenkette-denim-silber-beige-stern\/#breadcrumb"},"inLanguage":"de-DE","potentialAction":[{"@type":"ReadAction","target":["https:\/\/muchogusto.nl\/de\/produkt\/mucho-gusto-taschenkette-denim-silber-beige-stern\/"]}]},{"@type":"ImageObject","inLanguage":"de-DE","@id":"https:\/\/muchogusto.nl\/de\/produkt\/mucho-gusto-taschenkette-denim-silber-beige-stern\/#primaryimage","url":"https:\/\/muchogusto.nl\/wp-content\/uploads\/2025\/09\/A52ACH001-scaled.jpeg","contentUrl":"https:\/\/muchogusto.nl\/wp-content\/uploads\/2025\/09\/A52ACH001-scaled.jpeg","width":1920,"height":2560,"caption":"MUCHO GUSTO\u00ae Taschenkette Denim Silber Beige Stern"},{"@type":"BreadcrumbList","@id":"https:\/\/muchogusto.nl\/de\/produkt\/mucho-gusto-taschenkette-denim-silber-beige-stern\/#breadcrumb","itemListElement":[{"@type":"ListItem","position":1,"name":"Home","item":"https:\/\/muchogusto.nl\/de\/"},{"@type":"ListItem","position":2,"name":"Shop","item":"https:\/\/muchogusto.nl\/de\/shop-2\/"},{"@type":"ListItem","position":3,"name":"MUCHO GUSTO\u00ae Taschenkette Denim Silber Beige Stern"}]},{"@type":"WebSite","@id":"https:\/\/muchogusto.nl\/#website","url":"https:\/\/muchogusto.nl\/","name":"muchogusto.nl","description":"","publisher":{"@id":"https:\/\/muchogusto.nl\/#organization"},"potentialAction":[{"@type":"SearchAction","target":{"@type":"EntryPoint","urlTemplate":"https:\/\/muchogusto.nl\/?s={search_term_string}"},"query-input":{"@type":"PropertyValueSpecification","valueRequired":true,"valueName":"search_term_string"}}],"inLanguage":"de-DE"},{"@type":"Organization","@id":"https:\/\/muchogusto.nl\/#organization","name":"Mucho Gusto","url":"https:\/\/muchogusto.nl\/","logo":{"@type":"ImageObject","inLanguage":"de-DE","@id":"https:\/\/muchogusto.nl\/#\/schema\/logo\/image\/","url":"https:\/\/muchogusto.nl\/wp-content\/uploads\/2022\/08\/logo_header.svg","contentUrl":"https:\/\/muchogusto.nl\/wp-content\/uploads\/2022\/08\/logo_header.svg","caption":"Mucho Gusto"},"image":{"@id":"https:\/\/muchogusto.nl\/#\/schema\/logo\/image\/"},"sameAs":["https:\/\/www.facebook.com\/muchogusto.nl\/","https:\/\/www.instagram.com\/muchogusto.nl\/"]}]}},"_links":{"self":[{"href":"https:\/\/muchogusto.nl\/de\/wp-json\/wp\/v2\/product\/49292","targetHints":{"allow":["GET"]}}],"collection":[{"href":"https:\/\/muchogusto.nl\/de\/wp-json\/wp\/v2\/product"}],"about":[{"href":"https:\/\/muchogusto.nl\/de\/wp-json\/wp\/v2\/types\/product"}],"replies":[{"embeddable":true,"href":"https:\/\/muchogusto.nl\/de\/wp-json\/wp\/v2\/comments?post=49292"}],"wp:featuredmedia":[{"embeddable":true,"href":"https:\/\/muchogusto.nl\/de\/wp-json\/wp\/v2\/media\/48719"}],"wp:attachment":[{"href":"https:\/\/muchogusto.nl\/de\/wp-json\/wp\/v2\/media?parent=49292"}],"wp:term":[{"taxonomy":"product_brand","embeddable":true,"href":"https:\/\/muchogusto.nl\/de\/wp-json\/wp\/v2\/product_brand?post=49292"},{"taxonomy":"product_cat","embeddable":true,"href":"https:\/\/muchogusto.nl\/de\/wp-json\/wp\/v2\/product_cat?post=49292"},{"taxonomy":"product_tag","embeddable":true,"href":"https:\/\/muchogusto.nl\/de\/wp-json\/wp\/v2\/product_tag?post=49292"}],"curies":[{"name":"wp","href":"https:\/\/api.w.org\/{rel}","templated":true}]}}