{"id":49235,"date":"2025-09-16T11:46:26","date_gmt":"2025-09-16T09:46:26","guid":{"rendered":"http:\/\/muchogusto.nl\/product\/mucho-gusto-scarf-baroque-nomad-ivory\/"},"modified":"2026-03-02T12:02:38","modified_gmt":"2026-03-02T11:02:38","slug":"mucho-gusto-scarf-baroque-nomad-ivory","status":"publish","type":"product","link":"https:\/\/muchogusto.nl\/de\/produkt\/mucho-gusto-scarf-baroque-nomad-ivory\/","title":{"rendered":"MUCHO GUSTO\u00ae Scarf Baroque Nomad Ivory"},"content":{"rendered":"<h3>DETAILS ZUM PRODUKT<\/h3>\n<p>Der <strong>MUCHO GUSTO\u00ae Schal Baroque Nomad Ivory<\/strong> ist eine Ode an zeitlose Eleganz gepaart mit mond\u00e4nem Charme. Gekonnt in der charakteristischen dreieckigen Silhouette von <strong>MUCHO GUSTO\u00ae<\/strong> geschnitten, offenbart dieser Schal eine harmonische Mischung aus ornamentalen Paisley-Motiven, zarten Tribal-Bord\u00fcren und sanften nomadischen Einfl\u00fcssen, vereint auf einem ruhigen elfenbeinwei\u00dfen Canvas.<\/p>\n<p>Aufwendige Barock-Details in erdigen T\u00f6nen von Mokkabraun, zartem Bernstein, ged\u00e4mpftem Gold und einem Hauch von Koralle und Indigo verleihen dem St\u00fcck eine edle Eleganz. Der dezente Einsatz geometrischer Verzierungen und Miniatur-Quastendrucke schafft einen markanten Kontrast und macht das Design zu einem modernen Statement mit klassischem Flair.<\/p>\n<p>Gewebt aus 100 % Viskose, f\u00fchlt sich dieses luxuri\u00f6se Accessoire federleicht auf der Haut an und f\u00e4llt nat\u00fcrlich flie\u00dfend. Mit seinen gro\u00dfz\u00fcgigen Abmessungen von 220 x 140 x 140 cm bietet es endlose Styling-M\u00f6glichkeiten \u2013 von l\u00e4ssigen Wickel- und Lagenlooks bis hin zu markanten, skulpturalen Looks.<\/p>\n<p><strong>Niederl\u00e4ndisches Design<\/strong><br \/>\n<strong>Material:<\/strong> 100 % Viskose<br \/>\n<strong>Ma\u00dfe:<\/strong> 220 x 140 x 140 cm<br \/>\n<strong>Form:<\/strong> Dreieckig<br \/>\n<strong>Farbpalette:<\/strong> Elfenbein, Mokkabraun, Bernstein, Koralle, Indigo<br \/>\n<strong>Designstil:<\/strong> Barock, nomadisch, geometrisch, ornamental<\/p>\n<h3>PASSENDE ARTIKEL<\/h3>\n<div class=\"markdown prose w-full break-words dark:prose-invert light\">\n<p class=\"p1\"><span class=\"s1\">Vervollst\u00e4ndigen Sie Ihren Look mit einer passenden\u00a0<a href=\"https:\/\/muchogusto.nl\/de\/blusen\/\"><span class=\"s2\">Bluse.<\/span><\/a><br \/>\n<\/span><span class=\"s1\">M\u00f6chten Sie mehr Schals sehen? Dann schauen Sie sich unsere\u00a0<\/span><a href=\"https:\/\/muchogusto.nl\/de\/schals\/\">Schals und Seidentucher<\/a>\u00a0<span class=\"s1\">an.<br \/>\n<\/span><span class=\"s1\">M\u00f6chten Sie mehr Inspiration? Dann besuchen Sie unsere\u00a0<a href=\"http:\/\/instagram.com\/muchogusto.nl\"><span class=\"s2\">Instagram-Seite<\/span><\/a>.\u00a0<\/span><\/p>\n<h3>BRAUCHEN SIE HILFE?<\/h3>\n<p>Wenn Sie Fragen zu diesem Artikel oder der Gr\u00f6\u00dfe haben, senden Sie eine E-Mail an unseren Kundenservice unter\u00a0<a href=\"mailto:web@muchogusto.nl\"><span class=\"s2\">web@muchogusto.nl<\/span><\/a><\/p>\n<\/div>\n","protected":false},"excerpt":{"rendered":"<p>DETAILS ZUM PRODUKT Der MUCHO GUSTO\u00ae Schal Baroque Nomad Ivory ist eine Ode an zeitlose Eleganz gepaart mit mond\u00e4nem Charme. Gekonnt in der charakteristischen dreieckigen Silhouette von MUCHO GUSTO\u00ae geschnitten, offenbart dieser Schal eine harmonische Mischung aus ornamentalen Paisley-Motiven, zarten Tribal-Bord\u00fcren und sanften nomadischen Einfl\u00fcssen, vereint auf einem ruhigen elfenbeinwei\u00dfen Canvas. Aufwendige Barock-Details in erdigen [&hellip;]<\/p>\n","protected":false},"featured_media":49304,"comment_status":"open","ping_status":"closed","template":"","meta":{"_acf_changed":false,"inline_featured_image":false,"navigation_state":false,"_genesis_hide_title":false,"_genesis_hide_breadcrumbs":false,"_genesis_hide_singular_image":false,"_genesis_hide_footer_widgets":false,"_genesis_custom_body_class":"","_genesis_custom_post_class":"","_genesis_layout":""},"product_brand":[],"product_cat":[87],"product_tag":[],"class_list":{"0":"post-49235","1":"product","2":"type-product","3":"status-publish","4":"has-post-thumbnail","6":"product_cat-schals","7":"entry","9":"first","10":"instock","11":"sale","12":"taxable","13":"shipping-taxable","14":"purchasable","15":"product-type-simple"},"acf":[],"yoast_head":"<!-- This site is optimized with the Yoast SEO Premium plugin v27.2 (Yoast SEO v27.2) - https:\/\/yoast.com\/product\/yoast-seo-premium-wordpress\/ -->\n<title>MUCHO GUSTO\u00ae Scarf Baroque Nomad Ivory - Mucho Gusto<\/title>\n<meta name=\"description\" content=\"H\u00fcllen Sie sich in Kunst \u2013 Entdecken Sie den Baroque Nomad Schal von MUCHO GUSTO\u00ae. Markante Eleganz trifft auf zeitloses Design. Der Baroque Nomad Ivory Schal von MUCHO GUSTO\u00ae ist mehr als ein Accessoire \u2013 er ist ein tragbares Kunstwerk. Mit \u00fcppigen barocken Details, nomadischem Charme und 100 % Viskose l\u00e4sst er sich ganz nach Ihren W\u00fcnschen stylen.\" \/>\n<meta name=\"robots\" content=\"index, follow, max-snippet:-1, max-image-preview:large, max-video-preview:-1\" \/>\n<link rel=\"canonical\" href=\"https:\/\/muchogusto.nl\/de\/produkt\/mucho-gusto-scarf-baroque-nomad-ivory\/\" \/>\n<meta property=\"og:locale\" content=\"de_DE\" \/>\n<meta property=\"og:type\" content=\"article\" \/>\n<meta property=\"og:title\" content=\"MUCHO GUSTO\u00ae Scarf Baroque Nomad Ivory\" \/>\n<meta property=\"og:description\" content=\"H\u00fcllen Sie sich in Kunst \u2013 Entdecken Sie den Baroque Nomad Schal von MUCHO GUSTO\u00ae. Markante Eleganz trifft auf zeitloses Design. Der Baroque Nomad Ivory Schal von MUCHO GUSTO\u00ae ist mehr als ein Accessoire \u2013 er ist ein tragbares Kunstwerk. Mit \u00fcppigen barocken Details, nomadischem Charme und 100 % Viskose l\u00e4sst er sich ganz nach Ihren W\u00fcnschen stylen.\" \/>\n<meta property=\"og:url\" content=\"https:\/\/muchogusto.nl\/de\/produkt\/mucho-gusto-scarf-baroque-nomad-ivory\/\" \/>\n<meta property=\"og:site_name\" content=\"Mucho Gusto\" \/>\n<meta property=\"article:publisher\" content=\"https:\/\/www.facebook.com\/muchogusto.nl\/\" \/>\n<meta property=\"article:modified_time\" content=\"2026-03-02T11:02:38+00:00\" \/>\n<meta property=\"og:image\" content=\"https:\/\/muchogusto.nl\/wp-content\/uploads\/2025\/09\/S12MAL132-1-scaled.jpg\" \/>\n\t<meta property=\"og:image:width\" content=\"1920\" \/>\n\t<meta property=\"og:image:height\" content=\"2560\" \/>\n\t<meta property=\"og:image:type\" content=\"image\/jpeg\" \/>\n<meta name=\"twitter:card\" content=\"summary_large_image\" \/>\n<meta name=\"twitter:label1\" content=\"Est. reading time\" \/>\n\t<meta name=\"twitter:data1\" content=\"1 minute\" \/>\n<script type=\"application\/ld+json\" class=\"yoast-schema-graph\">{\"@context\":\"https:\/\/schema.org\",\"@graph\":[{\"@type\":\"WebPage\",\"@id\":\"https:\/\/muchogusto.nl\/de\/produkt\/mucho-gusto-scarf-baroque-nomad-ivory\/\",\"url\":\"https:\/\/muchogusto.nl\/de\/produkt\/mucho-gusto-scarf-baroque-nomad-ivory\/\",\"name\":\"MUCHO GUSTO\u00ae Scarf Baroque Nomad Ivory - Mucho Gusto\",\"isPartOf\":{\"@id\":\"https:\/\/muchogusto.nl\/#website\"},\"primaryImageOfPage\":{\"@id\":\"https:\/\/muchogusto.nl\/de\/produkt\/mucho-gusto-scarf-baroque-nomad-ivory\/#primaryimage\"},\"image\":{\"@id\":\"https:\/\/muchogusto.nl\/de\/produkt\/mucho-gusto-scarf-baroque-nomad-ivory\/#primaryimage\"},\"thumbnailUrl\":\"https:\/\/muchogusto.nl\/wp-content\/uploads\/2025\/09\/S12MAL132-1-scaled.jpg\",\"datePublished\":\"2025-09-16T09:46:26+00:00\",\"dateModified\":\"2026-03-02T11:02:38+00:00\",\"description\":\"H\u00fcllen Sie sich in Kunst \u2013 Entdecken Sie den Baroque Nomad Schal von MUCHO GUSTO\u00ae. Markante Eleganz trifft auf zeitloses Design. Der Baroque Nomad Ivory Schal von MUCHO GUSTO\u00ae ist mehr als ein Accessoire \u2013 er ist ein tragbares Kunstwerk. Mit \u00fcppigen barocken Details, nomadischem Charme und 100 % Viskose l\u00e4sst er sich ganz nach Ihren W\u00fcnschen stylen.\",\"breadcrumb\":{\"@id\":\"https:\/\/muchogusto.nl\/de\/produkt\/mucho-gusto-scarf-baroque-nomad-ivory\/#breadcrumb\"},\"inLanguage\":\"de-DE\",\"potentialAction\":[{\"@type\":\"ReadAction\",\"target\":[\"https:\/\/muchogusto.nl\/de\/produkt\/mucho-gusto-scarf-baroque-nomad-ivory\/\"]}]},{\"@type\":\"ImageObject\",\"inLanguage\":\"de-DE\",\"@id\":\"https:\/\/muchogusto.nl\/de\/produkt\/mucho-gusto-scarf-baroque-nomad-ivory\/#primaryimage\",\"url\":\"https:\/\/muchogusto.nl\/wp-content\/uploads\/2025\/09\/S12MAL132-1-scaled.jpg\",\"contentUrl\":\"https:\/\/muchogusto.nl\/wp-content\/uploads\/2025\/09\/S12MAL132-1-scaled.jpg\",\"width\":1920,\"height\":2560,\"caption\":\"MUCHO GUSTO\u00ae Scarf Baroque Nomad Ivory\"},{\"@type\":\"BreadcrumbList\",\"@id\":\"https:\/\/muchogusto.nl\/de\/produkt\/mucho-gusto-scarf-baroque-nomad-ivory\/#breadcrumb\",\"itemListElement\":[{\"@type\":\"ListItem\",\"position\":1,\"name\":\"Home\",\"item\":\"https:\/\/muchogusto.nl\/de\/\"},{\"@type\":\"ListItem\",\"position\":2,\"name\":\"Shop\",\"item\":\"https:\/\/muchogusto.nl\/de\/shop-2\/\"},{\"@type\":\"ListItem\",\"position\":3,\"name\":\"MUCHO GUSTO\u00ae Scarf Baroque Nomad Ivory\"}]},{\"@type\":\"WebSite\",\"@id\":\"https:\/\/muchogusto.nl\/#website\",\"url\":\"https:\/\/muchogusto.nl\/\",\"name\":\"muchogusto.nl\",\"description\":\"\",\"publisher\":{\"@id\":\"https:\/\/muchogusto.nl\/#organization\"},\"potentialAction\":[{\"@type\":\"SearchAction\",\"target\":{\"@type\":\"EntryPoint\",\"urlTemplate\":\"https:\/\/muchogusto.nl\/?s={search_term_string}\"},\"query-input\":{\"@type\":\"PropertyValueSpecification\",\"valueRequired\":true,\"valueName\":\"search_term_string\"}}],\"inLanguage\":\"de-DE\"},{\"@type\":\"Organization\",\"@id\":\"https:\/\/muchogusto.nl\/#organization\",\"name\":\"Mucho Gusto\",\"url\":\"https:\/\/muchogusto.nl\/\",\"logo\":{\"@type\":\"ImageObject\",\"inLanguage\":\"de-DE\",\"@id\":\"https:\/\/muchogusto.nl\/#\/schema\/logo\/image\/\",\"url\":\"https:\/\/muchogusto.nl\/wp-content\/uploads\/2022\/08\/logo_header.svg\",\"contentUrl\":\"https:\/\/muchogusto.nl\/wp-content\/uploads\/2022\/08\/logo_header.svg\",\"caption\":\"Mucho Gusto\"},\"image\":{\"@id\":\"https:\/\/muchogusto.nl\/#\/schema\/logo\/image\/\"},\"sameAs\":[\"https:\/\/www.facebook.com\/muchogusto.nl\/\",\"https:\/\/www.instagram.com\/muchogusto.nl\/\"]}]}<\/script>\n<!-- \/ Yoast SEO Premium plugin. -->","yoast_head_json":{"title":"MUCHO GUSTO\u00ae Scarf Baroque Nomad Ivory - Mucho Gusto","description":"H\u00fcllen Sie sich in Kunst \u2013 Entdecken Sie den Baroque Nomad Schal von MUCHO GUSTO\u00ae. Markante Eleganz trifft auf zeitloses Design. Der Baroque Nomad Ivory Schal von MUCHO GUSTO\u00ae ist mehr als ein Accessoire \u2013 er ist ein tragbares Kunstwerk. Mit \u00fcppigen barocken Details, nomadischem Charme und 100 % Viskose l\u00e4sst er sich ganz nach Ihren W\u00fcnschen stylen.","robots":{"index":"index","follow":"follow","max-snippet":"max-snippet:-1","max-image-preview":"max-image-preview:large","max-video-preview":"max-video-preview:-1"},"canonical":"https:\/\/muchogusto.nl\/de\/produkt\/mucho-gusto-scarf-baroque-nomad-ivory\/","og_locale":"de_DE","og_type":"article","og_title":"MUCHO GUSTO\u00ae Scarf Baroque Nomad Ivory","og_description":"H\u00fcllen Sie sich in Kunst \u2013 Entdecken Sie den Baroque Nomad Schal von MUCHO GUSTO\u00ae. Markante Eleganz trifft auf zeitloses Design. Der Baroque Nomad Ivory Schal von MUCHO GUSTO\u00ae ist mehr als ein Accessoire \u2013 er ist ein tragbares Kunstwerk. Mit \u00fcppigen barocken Details, nomadischem Charme und 100 % Viskose l\u00e4sst er sich ganz nach Ihren W\u00fcnschen stylen.","og_url":"https:\/\/muchogusto.nl\/de\/produkt\/mucho-gusto-scarf-baroque-nomad-ivory\/","og_site_name":"Mucho Gusto","article_publisher":"https:\/\/www.facebook.com\/muchogusto.nl\/","article_modified_time":"2026-03-02T11:02:38+00:00","og_image":[{"width":1920,"height":2560,"url":"https:\/\/muchogusto.nl\/wp-content\/uploads\/2025\/09\/S12MAL132-1-scaled.jpg","type":"image\/jpeg"}],"twitter_card":"summary_large_image","twitter_misc":{"Est. reading time":"1 minute"},"schema":{"@context":"https:\/\/schema.org","@graph":[{"@type":"WebPage","@id":"https:\/\/muchogusto.nl\/de\/produkt\/mucho-gusto-scarf-baroque-nomad-ivory\/","url":"https:\/\/muchogusto.nl\/de\/produkt\/mucho-gusto-scarf-baroque-nomad-ivory\/","name":"MUCHO GUSTO\u00ae Scarf Baroque Nomad Ivory - Mucho Gusto","isPartOf":{"@id":"https:\/\/muchogusto.nl\/#website"},"primaryImageOfPage":{"@id":"https:\/\/muchogusto.nl\/de\/produkt\/mucho-gusto-scarf-baroque-nomad-ivory\/#primaryimage"},"image":{"@id":"https:\/\/muchogusto.nl\/de\/produkt\/mucho-gusto-scarf-baroque-nomad-ivory\/#primaryimage"},"thumbnailUrl":"https:\/\/muchogusto.nl\/wp-content\/uploads\/2025\/09\/S12MAL132-1-scaled.jpg","datePublished":"2025-09-16T09:46:26+00:00","dateModified":"2026-03-02T11:02:38+00:00","description":"H\u00fcllen Sie sich in Kunst \u2013 Entdecken Sie den Baroque Nomad Schal von MUCHO GUSTO\u00ae. Markante Eleganz trifft auf zeitloses Design. Der Baroque Nomad Ivory Schal von MUCHO GUSTO\u00ae ist mehr als ein Accessoire \u2013 er ist ein tragbares Kunstwerk. Mit \u00fcppigen barocken Details, nomadischem Charme und 100 % Viskose l\u00e4sst er sich ganz nach Ihren W\u00fcnschen stylen.","breadcrumb":{"@id":"https:\/\/muchogusto.nl\/de\/produkt\/mucho-gusto-scarf-baroque-nomad-ivory\/#breadcrumb"},"inLanguage":"de-DE","potentialAction":[{"@type":"ReadAction","target":["https:\/\/muchogusto.nl\/de\/produkt\/mucho-gusto-scarf-baroque-nomad-ivory\/"]}]},{"@type":"ImageObject","inLanguage":"de-DE","@id":"https:\/\/muchogusto.nl\/de\/produkt\/mucho-gusto-scarf-baroque-nomad-ivory\/#primaryimage","url":"https:\/\/muchogusto.nl\/wp-content\/uploads\/2025\/09\/S12MAL132-1-scaled.jpg","contentUrl":"https:\/\/muchogusto.nl\/wp-content\/uploads\/2025\/09\/S12MAL132-1-scaled.jpg","width":1920,"height":2560,"caption":"MUCHO GUSTO\u00ae Scarf Baroque Nomad Ivory"},{"@type":"BreadcrumbList","@id":"https:\/\/muchogusto.nl\/de\/produkt\/mucho-gusto-scarf-baroque-nomad-ivory\/#breadcrumb","itemListElement":[{"@type":"ListItem","position":1,"name":"Home","item":"https:\/\/muchogusto.nl\/de\/"},{"@type":"ListItem","position":2,"name":"Shop","item":"https:\/\/muchogusto.nl\/de\/shop-2\/"},{"@type":"ListItem","position":3,"name":"MUCHO GUSTO\u00ae Scarf Baroque Nomad Ivory"}]},{"@type":"WebSite","@id":"https:\/\/muchogusto.nl\/#website","url":"https:\/\/muchogusto.nl\/","name":"muchogusto.nl","description":"","publisher":{"@id":"https:\/\/muchogusto.nl\/#organization"},"potentialAction":[{"@type":"SearchAction","target":{"@type":"EntryPoint","urlTemplate":"https:\/\/muchogusto.nl\/?s={search_term_string}"},"query-input":{"@type":"PropertyValueSpecification","valueRequired":true,"valueName":"search_term_string"}}],"inLanguage":"de-DE"},{"@type":"Organization","@id":"https:\/\/muchogusto.nl\/#organization","name":"Mucho Gusto","url":"https:\/\/muchogusto.nl\/","logo":{"@type":"ImageObject","inLanguage":"de-DE","@id":"https:\/\/muchogusto.nl\/#\/schema\/logo\/image\/","url":"https:\/\/muchogusto.nl\/wp-content\/uploads\/2022\/08\/logo_header.svg","contentUrl":"https:\/\/muchogusto.nl\/wp-content\/uploads\/2022\/08\/logo_header.svg","caption":"Mucho Gusto"},"image":{"@id":"https:\/\/muchogusto.nl\/#\/schema\/logo\/image\/"},"sameAs":["https:\/\/www.facebook.com\/muchogusto.nl\/","https:\/\/www.instagram.com\/muchogusto.nl\/"]}]}},"_links":{"self":[{"href":"https:\/\/muchogusto.nl\/de\/wp-json\/wp\/v2\/product\/49235","targetHints":{"allow":["GET"]}}],"collection":[{"href":"https:\/\/muchogusto.nl\/de\/wp-json\/wp\/v2\/product"}],"about":[{"href":"https:\/\/muchogusto.nl\/de\/wp-json\/wp\/v2\/types\/product"}],"replies":[{"embeddable":true,"href":"https:\/\/muchogusto.nl\/de\/wp-json\/wp\/v2\/comments?post=49235"}],"wp:featuredmedia":[{"embeddable":true,"href":"https:\/\/muchogusto.nl\/de\/wp-json\/wp\/v2\/media\/49304"}],"wp:attachment":[{"href":"https:\/\/muchogusto.nl\/de\/wp-json\/wp\/v2\/media?parent=49235"}],"wp:term":[{"taxonomy":"product_brand","embeddable":true,"href":"https:\/\/muchogusto.nl\/de\/wp-json\/wp\/v2\/product_brand?post=49235"},{"taxonomy":"product_cat","embeddable":true,"href":"https:\/\/muchogusto.nl\/de\/wp-json\/wp\/v2\/product_cat?post=49235"},{"taxonomy":"product_tag","embeddable":true,"href":"https:\/\/muchogusto.nl\/de\/wp-json\/wp\/v2\/product_tag?post=49235"}],"curies":[{"name":"wp","href":"https:\/\/api.w.org\/{rel}","templated":true}]}}