{"id":48455,"date":"2025-09-09T14:11:02","date_gmt":"2025-09-09T12:11:02","guid":{"rendered":"http:\/\/muchogusto.nl\/product\/mucho-gusto-scarf-cannes-catwalk-beige\/"},"modified":"2026-03-02T12:02:38","modified_gmt":"2026-03-02T11:02:38","slug":"mucho-gusto-scarf-cannes-catwalk-beige","status":"publish","type":"product","link":"https:\/\/muchogusto.nl\/de\/produkt\/mucho-gusto-scarf-cannes-catwalk-beige\/","title":{"rendered":"MUCHO GUSTO\u00ae Scarf Cannes Catwalk Beige"},"content":{"rendered":"<h3>DETAILS ZUM PRODUKT<\/h3>\n<p><strong>MUCHO GUSTO\u00ae Schal Cannes Catwalk Beige<\/strong><\/p>\n<p>Verleihen Sie Ihrer Garderobe einen verspielten und dennoch raffinierten Touch mit dem <strong>MUCHO GUSTO\u00ae Schal Cannes Catwalk Beige<\/strong> \u2013 einem einzigartigen Accessoire, das moderne Kunstfertigkeit mit zeitloser Eleganz verbindet. Dieser Schal wurde f\u00fcr Frauen entworfen, die gerne ein Statement setzen, und zelebriert Individualit\u00e4t und Stil im typischen <strong>MUCHO GUSTO\u00ae-Stil<\/strong>.<\/p>\n<p>Das Design zeigt schicke, illustrierte Modefiguren in leuchtenden Rosa-, Gr\u00fcn- und Schwarzt\u00f6nen, die \u00fcber einen warmen beigen Hintergrund verstreut sind. Ein auff\u00e4lliger schwarz-wei\u00df gestreifter Rand, akzentuiert mit fuchsiafarbenen Details, umrahmt den Schal und schafft einen auff\u00e4lligen, zeitgem\u00e4\u00dfen Kontrast. Diese Mischung aus Verspieltheit und Raffinesse macht den Schal zu einem vielseitigen Highlight.<\/p>\n<p>Der aus 100 % Seide fachm\u00e4nnisch gefertigte Schal hat eine luxuri\u00f6se Weichheit und einen flie\u00dfenden Fall, perfekt f\u00fcr vielseitige Stylings. Seine gro\u00dfz\u00fcgige dreieckige Form (220 x 140 x 140 cm) bietet unendliche M\u00f6glichkeiten \u2013 tragen Sie ihn um den Hals gebunden, \u00fcber die Schultern drapiert oder als auff\u00e4lliges Kopftuch.<\/p>\n<p>Ob zu l\u00e4ssiger Jeans, einem eleganten Blazer oder einem schlichten Kleid \u2013 der Schal \u201eBeige Fashion Figures\u201d verwandelt Ihr Outfit in ein modisches Statement.<\/p>\n<p>Dieser Schal ist elegant verpackt und eignet sich ideal als Geschenk. Er spiegelt die Kreativit\u00e4t, Handwerkskunst und den zeitgen\u00f6ssischen niederl\u00e4ndischen Designgeist von MUCHO GUSTO\u00ae wider.<\/p>\n<p><strong>Niederl\u00e4ndisches Design<\/strong><\/p>\n<p><strong>Material:<\/strong> 100 % Seide<br \/>\n<strong>Ma\u00dfe:<\/strong> 220 x 140 x 140 cm<br \/>\n<strong>Form:<\/strong> Dreieckig<br \/>\n<strong>Farbpalette:<\/strong> Beige, Schwarz, Wei\u00df, Rosa, Gr\u00fcn<\/p>\n<h3>PASSENDE ARTIKEL<\/h3>\n<div class=\"markdown prose w-full break-words dark:prose-invert light\">\n<p class=\"p1\"><span class=\"s1\">Vervollst\u00e4ndigen Sie Ihren Look mit einer passenden\u00a0<a href=\"https:\/\/muchogusto.nl\/de\/blusen\/\"><span class=\"s2\">Bluse.<\/span><\/a><br \/>\n<\/span><span class=\"s1\">M\u00f6chten Sie mehr Schals sehen? Dann schauen Sie sich unsere\u00a0<\/span><a href=\"https:\/\/muchogusto.nl\/de\/schals\/\">Schals und Seidentucher<\/a>\u00a0<span class=\"s1\">an.<br \/>\n<\/span><span class=\"s1\">M\u00f6chten Sie mehr Inspiration? Dann besuchen Sie unsere\u00a0<a href=\"http:\/\/instagram.com\/muchogusto.nl\"><span class=\"s2\">Instagram-Seite<\/span><\/a>.\u00a0<\/span><\/p>\n<h3>BRAUCHEN SIE HILFE?<\/h3>\n<p>Wenn Sie Fragen zu diesem Artikel oder der Gr\u00f6\u00dfe haben, senden Sie eine E-Mail an unseren Kundenservice unter\u00a0<a href=\"mailto:web@muchogusto.nl\"><span class=\"s2\">web@muchogusto.nl<\/span><\/a><\/p>\n<\/div>\n","protected":false},"excerpt":{"rendered":"<p>DETAILS ZUM PRODUKT MUCHO GUSTO\u00ae Schal Cannes Catwalk Beige Verleihen Sie Ihrer Garderobe einen verspielten und dennoch raffinierten Touch mit dem MUCHO GUSTO\u00ae Schal Cannes Catwalk Beige \u2013 einem einzigartigen Accessoire, das moderne Kunstfertigkeit mit zeitloser Eleganz verbindet. Dieser Schal wurde f\u00fcr Frauen entworfen, die gerne ein Statement setzen, und zelebriert Individualit\u00e4t und Stil im [&hellip;]<\/p>\n","protected":false},"featured_media":48579,"comment_status":"open","ping_status":"closed","template":"","meta":{"_acf_changed":false,"inline_featured_image":false,"navigation_state":false,"_genesis_hide_title":false,"_genesis_hide_breadcrumbs":false,"_genesis_hide_singular_image":false,"_genesis_hide_footer_widgets":false,"_genesis_custom_body_class":"","_genesis_custom_post_class":"","_genesis_layout":""},"product_brand":[],"product_cat":[87],"product_tag":[],"class_list":{"0":"post-48455","1":"product","2":"type-product","3":"status-publish","4":"has-post-thumbnail","6":"product_cat-schals","7":"entry","9":"first","10":"instock","11":"sale","12":"taxable","13":"shipping-taxable","14":"purchasable","15":"product-type-simple"},"acf":[],"yoast_head":"<!-- This site is optimized with the Yoast SEO Premium plugin v27.2 (Yoast SEO v27.2) - https:\/\/yoast.com\/product\/yoast-seo-premium-wordpress\/ -->\n<title>MUCHO GUSTO\u00ae Scarf Cannes Catwalk Beige - Mucho Gusto<\/title>\n<meta name=\"description\" content=\"Veredeln Sie Ihren Look mit dem MUCHO GUSTO\u00ae Schal Cannes Catwalk Beige \u2013 einem luxuri\u00f6sen Seidenschal mit goldenen Reitsport-Details und Denim-Farbt\u00f6nen.\" \/>\n<meta name=\"robots\" content=\"index, follow, max-snippet:-1, max-image-preview:large, max-video-preview:-1\" \/>\n<link rel=\"canonical\" href=\"https:\/\/muchogusto.nl\/de\/produkt\/mucho-gusto-scarf-cannes-catwalk-beige\/\" \/>\n<meta property=\"og:locale\" content=\"de_DE\" \/>\n<meta property=\"og:type\" content=\"article\" \/>\n<meta property=\"og:title\" content=\"MUCHO GUSTO\u00ae Scarf Cannes Catwalk Beige\" \/>\n<meta property=\"og:description\" content=\"Veredeln Sie Ihren Look mit dem MUCHO GUSTO\u00ae Schal Cannes Catwalk Beige \u2013 einem luxuri\u00f6sen Seidenschal mit goldenen Reitsport-Details und Denim-Farbt\u00f6nen.\" \/>\n<meta property=\"og:url\" content=\"https:\/\/muchogusto.nl\/de\/produkt\/mucho-gusto-scarf-cannes-catwalk-beige\/\" \/>\n<meta property=\"og:site_name\" content=\"Mucho Gusto\" \/>\n<meta property=\"article:publisher\" content=\"https:\/\/www.facebook.com\/muchogusto.nl\/\" \/>\n<meta property=\"article:modified_time\" content=\"2026-03-02T11:02:38+00:00\" \/>\n<meta property=\"og:image\" content=\"https:\/\/muchogusto.nl\/wp-content\/uploads\/2025\/09\/S52CAN111-2-scaled.jpg\" \/>\n\t<meta property=\"og:image:width\" content=\"1920\" \/>\n\t<meta property=\"og:image:height\" content=\"2560\" \/>\n\t<meta property=\"og:image:type\" content=\"image\/jpeg\" \/>\n<meta name=\"twitter:card\" content=\"summary_large_image\" \/>\n<meta name=\"twitter:label1\" content=\"Est. reading time\" \/>\n\t<meta name=\"twitter:data1\" content=\"2 minutes\" \/>\n<script type=\"application\/ld+json\" class=\"yoast-schema-graph\">{\"@context\":\"https:\/\/schema.org\",\"@graph\":[{\"@type\":\"WebPage\",\"@id\":\"https:\/\/muchogusto.nl\/de\/produkt\/mucho-gusto-scarf-cannes-catwalk-beige\/\",\"url\":\"https:\/\/muchogusto.nl\/de\/produkt\/mucho-gusto-scarf-cannes-catwalk-beige\/\",\"name\":\"MUCHO GUSTO\u00ae Scarf Cannes Catwalk Beige - Mucho Gusto\",\"isPartOf\":{\"@id\":\"https:\/\/muchogusto.nl\/#website\"},\"primaryImageOfPage\":{\"@id\":\"https:\/\/muchogusto.nl\/de\/produkt\/mucho-gusto-scarf-cannes-catwalk-beige\/#primaryimage\"},\"image\":{\"@id\":\"https:\/\/muchogusto.nl\/de\/produkt\/mucho-gusto-scarf-cannes-catwalk-beige\/#primaryimage\"},\"thumbnailUrl\":\"https:\/\/muchogusto.nl\/wp-content\/uploads\/2025\/09\/S52CAN111-2-scaled.jpg\",\"datePublished\":\"2025-09-09T12:11:02+00:00\",\"dateModified\":\"2026-03-02T11:02:38+00:00\",\"description\":\"Veredeln Sie Ihren Look mit dem MUCHO GUSTO\u00ae Schal Cannes Catwalk Beige \u2013 einem luxuri\u00f6sen Seidenschal mit goldenen Reitsport-Details und Denim-Farbt\u00f6nen.\",\"breadcrumb\":{\"@id\":\"https:\/\/muchogusto.nl\/de\/produkt\/mucho-gusto-scarf-cannes-catwalk-beige\/#breadcrumb\"},\"inLanguage\":\"de-DE\",\"potentialAction\":[{\"@type\":\"ReadAction\",\"target\":[\"https:\/\/muchogusto.nl\/de\/produkt\/mucho-gusto-scarf-cannes-catwalk-beige\/\"]}]},{\"@type\":\"ImageObject\",\"inLanguage\":\"de-DE\",\"@id\":\"https:\/\/muchogusto.nl\/de\/produkt\/mucho-gusto-scarf-cannes-catwalk-beige\/#primaryimage\",\"url\":\"https:\/\/muchogusto.nl\/wp-content\/uploads\/2025\/09\/S52CAN111-2-scaled.jpg\",\"contentUrl\":\"https:\/\/muchogusto.nl\/wp-content\/uploads\/2025\/09\/S52CAN111-2-scaled.jpg\",\"width\":1920,\"height\":2560,\"caption\":\"MUCHO GUSTO\u00ae Scarf Cannes Catwalk Beige\"},{\"@type\":\"BreadcrumbList\",\"@id\":\"https:\/\/muchogusto.nl\/de\/produkt\/mucho-gusto-scarf-cannes-catwalk-beige\/#breadcrumb\",\"itemListElement\":[{\"@type\":\"ListItem\",\"position\":1,\"name\":\"Home\",\"item\":\"https:\/\/muchogusto.nl\/de\/\"},{\"@type\":\"ListItem\",\"position\":2,\"name\":\"Shop\",\"item\":\"https:\/\/muchogusto.nl\/de\/shop-2\/\"},{\"@type\":\"ListItem\",\"position\":3,\"name\":\"MUCHO GUSTO\u00ae Scarf Cannes Catwalk Beige\"}]},{\"@type\":\"WebSite\",\"@id\":\"https:\/\/muchogusto.nl\/#website\",\"url\":\"https:\/\/muchogusto.nl\/\",\"name\":\"muchogusto.nl\",\"description\":\"\",\"publisher\":{\"@id\":\"https:\/\/muchogusto.nl\/#organization\"},\"potentialAction\":[{\"@type\":\"SearchAction\",\"target\":{\"@type\":\"EntryPoint\",\"urlTemplate\":\"https:\/\/muchogusto.nl\/?s={search_term_string}\"},\"query-input\":{\"@type\":\"PropertyValueSpecification\",\"valueRequired\":true,\"valueName\":\"search_term_string\"}}],\"inLanguage\":\"de-DE\"},{\"@type\":\"Organization\",\"@id\":\"https:\/\/muchogusto.nl\/#organization\",\"name\":\"Mucho Gusto\",\"url\":\"https:\/\/muchogusto.nl\/\",\"logo\":{\"@type\":\"ImageObject\",\"inLanguage\":\"de-DE\",\"@id\":\"https:\/\/muchogusto.nl\/#\/schema\/logo\/image\/\",\"url\":\"https:\/\/muchogusto.nl\/wp-content\/uploads\/2022\/08\/logo_header.svg\",\"contentUrl\":\"https:\/\/muchogusto.nl\/wp-content\/uploads\/2022\/08\/logo_header.svg\",\"caption\":\"Mucho Gusto\"},\"image\":{\"@id\":\"https:\/\/muchogusto.nl\/#\/schema\/logo\/image\/\"},\"sameAs\":[\"https:\/\/www.facebook.com\/muchogusto.nl\/\",\"https:\/\/www.instagram.com\/muchogusto.nl\/\"]}]}<\/script>\n<!-- \/ Yoast SEO Premium plugin. -->","yoast_head_json":{"title":"MUCHO GUSTO\u00ae Scarf Cannes Catwalk Beige - Mucho Gusto","description":"Veredeln Sie Ihren Look mit dem MUCHO GUSTO\u00ae Schal Cannes Catwalk Beige \u2013 einem luxuri\u00f6sen Seidenschal mit goldenen Reitsport-Details und Denim-Farbt\u00f6nen.","robots":{"index":"index","follow":"follow","max-snippet":"max-snippet:-1","max-image-preview":"max-image-preview:large","max-video-preview":"max-video-preview:-1"},"canonical":"https:\/\/muchogusto.nl\/de\/produkt\/mucho-gusto-scarf-cannes-catwalk-beige\/","og_locale":"de_DE","og_type":"article","og_title":"MUCHO GUSTO\u00ae Scarf Cannes Catwalk Beige","og_description":"Veredeln Sie Ihren Look mit dem MUCHO GUSTO\u00ae Schal Cannes Catwalk Beige \u2013 einem luxuri\u00f6sen Seidenschal mit goldenen Reitsport-Details und Denim-Farbt\u00f6nen.","og_url":"https:\/\/muchogusto.nl\/de\/produkt\/mucho-gusto-scarf-cannes-catwalk-beige\/","og_site_name":"Mucho Gusto","article_publisher":"https:\/\/www.facebook.com\/muchogusto.nl\/","article_modified_time":"2026-03-02T11:02:38+00:00","og_image":[{"width":1920,"height":2560,"url":"https:\/\/muchogusto.nl\/wp-content\/uploads\/2025\/09\/S52CAN111-2-scaled.jpg","type":"image\/jpeg"}],"twitter_card":"summary_large_image","twitter_misc":{"Est. reading time":"2 minutes"},"schema":{"@context":"https:\/\/schema.org","@graph":[{"@type":"WebPage","@id":"https:\/\/muchogusto.nl\/de\/produkt\/mucho-gusto-scarf-cannes-catwalk-beige\/","url":"https:\/\/muchogusto.nl\/de\/produkt\/mucho-gusto-scarf-cannes-catwalk-beige\/","name":"MUCHO GUSTO\u00ae Scarf Cannes Catwalk Beige - Mucho Gusto","isPartOf":{"@id":"https:\/\/muchogusto.nl\/#website"},"primaryImageOfPage":{"@id":"https:\/\/muchogusto.nl\/de\/produkt\/mucho-gusto-scarf-cannes-catwalk-beige\/#primaryimage"},"image":{"@id":"https:\/\/muchogusto.nl\/de\/produkt\/mucho-gusto-scarf-cannes-catwalk-beige\/#primaryimage"},"thumbnailUrl":"https:\/\/muchogusto.nl\/wp-content\/uploads\/2025\/09\/S52CAN111-2-scaled.jpg","datePublished":"2025-09-09T12:11:02+00:00","dateModified":"2026-03-02T11:02:38+00:00","description":"Veredeln Sie Ihren Look mit dem MUCHO GUSTO\u00ae Schal Cannes Catwalk Beige \u2013 einem luxuri\u00f6sen Seidenschal mit goldenen Reitsport-Details und Denim-Farbt\u00f6nen.","breadcrumb":{"@id":"https:\/\/muchogusto.nl\/de\/produkt\/mucho-gusto-scarf-cannes-catwalk-beige\/#breadcrumb"},"inLanguage":"de-DE","potentialAction":[{"@type":"ReadAction","target":["https:\/\/muchogusto.nl\/de\/produkt\/mucho-gusto-scarf-cannes-catwalk-beige\/"]}]},{"@type":"ImageObject","inLanguage":"de-DE","@id":"https:\/\/muchogusto.nl\/de\/produkt\/mucho-gusto-scarf-cannes-catwalk-beige\/#primaryimage","url":"https:\/\/muchogusto.nl\/wp-content\/uploads\/2025\/09\/S52CAN111-2-scaled.jpg","contentUrl":"https:\/\/muchogusto.nl\/wp-content\/uploads\/2025\/09\/S52CAN111-2-scaled.jpg","width":1920,"height":2560,"caption":"MUCHO GUSTO\u00ae Scarf Cannes Catwalk Beige"},{"@type":"BreadcrumbList","@id":"https:\/\/muchogusto.nl\/de\/produkt\/mucho-gusto-scarf-cannes-catwalk-beige\/#breadcrumb","itemListElement":[{"@type":"ListItem","position":1,"name":"Home","item":"https:\/\/muchogusto.nl\/de\/"},{"@type":"ListItem","position":2,"name":"Shop","item":"https:\/\/muchogusto.nl\/de\/shop-2\/"},{"@type":"ListItem","position":3,"name":"MUCHO GUSTO\u00ae Scarf Cannes Catwalk Beige"}]},{"@type":"WebSite","@id":"https:\/\/muchogusto.nl\/#website","url":"https:\/\/muchogusto.nl\/","name":"muchogusto.nl","description":"","publisher":{"@id":"https:\/\/muchogusto.nl\/#organization"},"potentialAction":[{"@type":"SearchAction","target":{"@type":"EntryPoint","urlTemplate":"https:\/\/muchogusto.nl\/?s={search_term_string}"},"query-input":{"@type":"PropertyValueSpecification","valueRequired":true,"valueName":"search_term_string"}}],"inLanguage":"de-DE"},{"@type":"Organization","@id":"https:\/\/muchogusto.nl\/#organization","name":"Mucho Gusto","url":"https:\/\/muchogusto.nl\/","logo":{"@type":"ImageObject","inLanguage":"de-DE","@id":"https:\/\/muchogusto.nl\/#\/schema\/logo\/image\/","url":"https:\/\/muchogusto.nl\/wp-content\/uploads\/2022\/08\/logo_header.svg","contentUrl":"https:\/\/muchogusto.nl\/wp-content\/uploads\/2022\/08\/logo_header.svg","caption":"Mucho Gusto"},"image":{"@id":"https:\/\/muchogusto.nl\/#\/schema\/logo\/image\/"},"sameAs":["https:\/\/www.facebook.com\/muchogusto.nl\/","https:\/\/www.instagram.com\/muchogusto.nl\/"]}]}},"_links":{"self":[{"href":"https:\/\/muchogusto.nl\/de\/wp-json\/wp\/v2\/product\/48455","targetHints":{"allow":["GET"]}}],"collection":[{"href":"https:\/\/muchogusto.nl\/de\/wp-json\/wp\/v2\/product"}],"about":[{"href":"https:\/\/muchogusto.nl\/de\/wp-json\/wp\/v2\/types\/product"}],"replies":[{"embeddable":true,"href":"https:\/\/muchogusto.nl\/de\/wp-json\/wp\/v2\/comments?post=48455"}],"wp:featuredmedia":[{"embeddable":true,"href":"https:\/\/muchogusto.nl\/de\/wp-json\/wp\/v2\/media\/48579"}],"wp:attachment":[{"href":"https:\/\/muchogusto.nl\/de\/wp-json\/wp\/v2\/media?parent=48455"}],"wp:term":[{"taxonomy":"product_brand","embeddable":true,"href":"https:\/\/muchogusto.nl\/de\/wp-json\/wp\/v2\/product_brand?post=48455"},{"taxonomy":"product_cat","embeddable":true,"href":"https:\/\/muchogusto.nl\/de\/wp-json\/wp\/v2\/product_cat?post=48455"},{"taxonomy":"product_tag","embeddable":true,"href":"https:\/\/muchogusto.nl\/de\/wp-json\/wp\/v2\/product_tag?post=48455"}],"curies":[{"name":"wp","href":"https:\/\/api.w.org\/{rel}","templated":true}]}}