{"id":48404,"date":"2025-09-09T11:21:22","date_gmt":"2025-09-09T09:21:22","guid":{"rendered":"http:\/\/muchogusto.nl\/product\/mucho-gusto-blazer-lesbos-leopard-elegance\/"},"modified":"2026-03-02T12:02:38","modified_gmt":"2026-03-02T11:02:38","slug":"mucho-gusto-blazer-lesbos-leopard-elegance","status":"publish","type":"product","link":"https:\/\/muchogusto.nl\/de\/produkt\/mucho-gusto-blazer-lesbos-leopard-elegance\/","title":{"rendered":"MUCHO GUSTO\u00ae Blazer Lesbos Leopard Elegance"},"content":{"rendered":"<h3>DETAILS ZUM PRODUKT<\/h3>\n<p><strong>MUCHO GUSTO\u00ae Blazer Lesbos Leopard Elegance<\/strong><\/p>\n<p>Der <strong>MUCHO GUSTO\u00ae Blazer Lesbos Leopard Elegance<\/strong> ist ein auff\u00e4lliges und dennoch raffiniertes Statement-St\u00fcck, das die Leidenschaft der Marke f\u00fcr gewagte Drucke und raffinierte Schnitte unterstreicht. Dieser auff\u00e4llige Blazer zeichnet sich durch ein eklektisches Patchwork aus Tiermustern aus, darunter Leoparden-, Geparden- und Fellstrukturen in einer harmonischen Mischung aus erdigen Braunt\u00f6nen, zarten Rosat\u00f6nen und dezenten Eisblau-Nuancen, die ein Gef\u00fchl von wilder Sch\u00f6nheit und ungez\u00e4hmter Eleganz vermitteln.<\/p>\n<p>Dieser Blazer wurde fachm\u00e4nnisch aus einer hochwertigen Mischung aus Polyester und Elasthan gefertigt und bietet eine strukturierte und dennoch flexible Passform, die sich wundersch\u00f6n an den K\u00f6rper anschmiegt und den ganzen Tag \u00fcber Komfort und Selbstvertrauen garantiert. Die aufwendigen Knopfdetails auf der R\u00fcckseite sorgen f\u00fcr eine einzigartige Note und verk\u00f6rpern das unerwartete Flair, f\u00fcr das <strong>MUCHO GUSTO\u00ae<\/strong> bekannt ist.<\/p>\n<p>Ob zu eleganten Hosen f\u00fcr einen gehobenen Look oder zu Jeans f\u00fcr einen modernen, ausgefallenen Stil \u2013 der MUCHO GUSTO\u00ae Blazer Lesbos Leopard Elegance ist f\u00fcr die modebewusste Frau gedacht, die es wagt, sich von der Masse abzuheben.<\/p>\n<p><strong>Niederl\u00e4ndisches Design<\/strong><br \/>\n<strong>Material:<\/strong> 86 % Polyester, 14 % Elasthan<br \/>\n<strong>Verf\u00fcgbare Gr\u00f6\u00dfen:<\/strong> XS, S, M, L, XL, XXL, 3XL<br \/>\n<strong>Farbe:<\/strong> Mehrfarbig (Braun, Rosa, Eisblau, Schwarz) mit gemischtem Animal-Print<\/p>\n<h3>PASSENDE ARTIKEL<\/h3>\n<div class=\"summary\">\n<div class=\"tccContent\">\n<div class=\"summary\">\n<div class=\"flex w-full flex-col gap-1 empty:hidden first:pt-[3px]\">\n<div class=\"markdown prose dark:prose-invert w-full break-words light\">\n<p class=\"p2\"><span class=\"s1\">Vervollst\u00e4ndigen Sie Ihren Look mit einem passenden\u00a0<a href=\"https:\/\/muchogusto.nl\/de\/schals\/\"><span class=\"s2\">Schal<\/span><\/a>.<br \/>\n<\/span><span class=\"s1\">M\u00f6chten Sie mehr Blusen sehen? Dann schauen Sie sich unsere\u00a0<a href=\"https:\/\/muchogusto.nl\/de\/blusen\/\"><span class=\"s2\">Bekleidungsseite<\/span><\/a>\u00a0an.<br \/>\n<\/span><span class=\"s1\">M\u00f6chten Sie mehr Inspiration? Besuchen Sie unsere\u00a0<a href=\"https:\/\/www.instagram.com\/muchogusto.nl\/\"><span class=\"s2\">Instagram<\/span><\/a>-Seite.\u00a0<\/span><\/p>\n<h3>BRAUCHEN SIE HILFE?<\/h3>\n<p>Wenn Sie Fragen zu diesem Artikel oder der Gr\u00f6\u00dfe haben, senden Sie eine E-Mail an unseren Kundenservice unter<a href=\"http:\/\/muchogusto.nl\/de\/\"><span class=\"s2\">web@muchogusto.nl.<\/span><\/a><\/p>\n<h3>GR\u00d6SSENTABELLEN<\/h3>\n<p>Unsere Gr\u00f6\u00dfen sind in europ\u00e4ischen Gr\u00f6\u00dfen angegeben. Sie k\u00f6nnen diese Gr\u00f6\u00dfen anhand der Tabellen\u00a0<a href=\"https:\/\/muchogusto.nl\/de\/grossentabellen\/\">auf dieser Seite<\/a> leicht umrechnen. Die Passform kann je nach Stil oder pers\u00f6nlicher Vorliebe variieren.<\/p>\n<\/div>\n","protected":false},"excerpt":{"rendered":"<p>DETAILS ZUM PRODUKT MUCHO GUSTO\u00ae Blazer Lesbos Leopard Elegance Der MUCHO GUSTO\u00ae Blazer Lesbos Leopard Elegance ist ein auff\u00e4lliges und dennoch raffiniertes Statement-St\u00fcck, das die Leidenschaft der Marke f\u00fcr gewagte Drucke und raffinierte Schnitte unterstreicht. Dieser auff\u00e4llige Blazer zeichnet sich durch ein eklektisches Patchwork aus Tiermustern aus, darunter Leoparden-, Geparden- und Fellstrukturen in einer harmonischen [&hellip;]<\/p>\n","protected":false},"featured_media":48128,"comment_status":"open","ping_status":"closed","template":"","meta":{"_acf_changed":false,"inline_featured_image":false,"navigation_state":false,"_genesis_hide_title":false,"_genesis_hide_breadcrumbs":false,"_genesis_hide_singular_image":false,"_genesis_hide_footer_widgets":false,"_genesis_custom_body_class":"","_genesis_custom_post_class":"","_genesis_layout":""},"product_brand":[],"product_cat":[3350,69],"product_tag":[],"class_list":{"0":"post-48404","1":"product","2":"type-product","3":"status-publish","4":"has-post-thumbnail","6":"product_cat-blazers-de","7":"product_cat-kleidung","8":"entry","10":"first","11":"instock","12":"sale","13":"taxable","14":"shipping-taxable","15":"purchasable","16":"product-type-variable"},"acf":[],"yoast_head":"<!-- This site is optimized with the Yoast SEO Premium plugin v27.2 (Yoast SEO v27.2) - https:\/\/yoast.com\/product\/yoast-seo-premium-wordpress\/ -->\n<title>MUCHO GUSTO\u00ae Blazer Lesbos Leopard Elegance - Mucho Gusto<\/title>\n<meta name=\"description\" content=\"Setzen Sie ein Statement mit dem MUCHO GUSTO\u00ae Lesbos Leopard Elegance Blazer \u2013 auff\u00e4llige Animal-Prints, barocke Details und ein ma\u00dfgeschneidertes niederl\u00e4ndisches Design.\" \/>\n<meta name=\"robots\" content=\"index, follow, max-snippet:-1, max-image-preview:large, max-video-preview:-1\" \/>\n<link rel=\"canonical\" href=\"https:\/\/muchogusto.nl\/de\/produkt\/mucho-gusto-blazer-lesbos-leopard-elegance\/\" \/>\n<meta property=\"og:locale\" content=\"de_DE\" \/>\n<meta property=\"og:type\" content=\"article\" \/>\n<meta property=\"og:title\" content=\"MUCHO GUSTO\u00ae Blazer Lesbos Leopard Elegance\" \/>\n<meta property=\"og:description\" content=\"Setzen Sie ein Statement mit dem MUCHO GUSTO\u00ae Lesbos Leopard Elegance Blazer \u2013 auff\u00e4llige Animal-Prints, barocke Details und ein ma\u00dfgeschneidertes niederl\u00e4ndisches Design.\" \/>\n<meta property=\"og:url\" content=\"https:\/\/muchogusto.nl\/de\/produkt\/mucho-gusto-blazer-lesbos-leopard-elegance\/\" \/>\n<meta property=\"og:site_name\" content=\"Mucho Gusto\" \/>\n<meta property=\"article:publisher\" content=\"https:\/\/www.facebook.com\/muchogusto.nl\/\" \/>\n<meta property=\"article:modified_time\" content=\"2026-03-02T11:02:38+00:00\" \/>\n<meta property=\"og:image\" content=\"https:\/\/muchogusto.nl\/wp-content\/uploads\/2025\/09\/C52LEB134-1-scaled.jpg\" \/>\n\t<meta property=\"og:image:width\" content=\"1920\" \/>\n\t<meta property=\"og:image:height\" content=\"2560\" \/>\n\t<meta property=\"og:image:type\" content=\"image\/jpeg\" \/>\n<meta name=\"twitter:card\" content=\"summary_large_image\" \/>\n<meta name=\"twitter:label1\" content=\"Est. reading time\" \/>\n\t<meta name=\"twitter:data1\" content=\"2 minutes\" \/>\n<script type=\"application\/ld+json\" class=\"yoast-schema-graph\">{\"@context\":\"https:\/\/schema.org\",\"@graph\":[{\"@type\":\"WebPage\",\"@id\":\"https:\/\/muchogusto.nl\/de\/produkt\/mucho-gusto-blazer-lesbos-leopard-elegance\/\",\"url\":\"https:\/\/muchogusto.nl\/de\/produkt\/mucho-gusto-blazer-lesbos-leopard-elegance\/\",\"name\":\"MUCHO GUSTO\u00ae Blazer Lesbos Leopard Elegance - Mucho Gusto\",\"isPartOf\":{\"@id\":\"https:\/\/muchogusto.nl\/#website\"},\"primaryImageOfPage\":{\"@id\":\"https:\/\/muchogusto.nl\/de\/produkt\/mucho-gusto-blazer-lesbos-leopard-elegance\/#primaryimage\"},\"image\":{\"@id\":\"https:\/\/muchogusto.nl\/de\/produkt\/mucho-gusto-blazer-lesbos-leopard-elegance\/#primaryimage\"},\"thumbnailUrl\":\"https:\/\/muchogusto.nl\/wp-content\/uploads\/2025\/09\/C52LEB134-1-scaled.jpg\",\"datePublished\":\"2025-09-09T09:21:22+00:00\",\"dateModified\":\"2026-03-02T11:02:38+00:00\",\"description\":\"Setzen Sie ein Statement mit dem MUCHO GUSTO\u00ae Lesbos Leopard Elegance Blazer \u2013 auff\u00e4llige Animal-Prints, barocke Details und ein ma\u00dfgeschneidertes niederl\u00e4ndisches Design.\",\"breadcrumb\":{\"@id\":\"https:\/\/muchogusto.nl\/de\/produkt\/mucho-gusto-blazer-lesbos-leopard-elegance\/#breadcrumb\"},\"inLanguage\":\"de-DE\",\"potentialAction\":[{\"@type\":\"ReadAction\",\"target\":[\"https:\/\/muchogusto.nl\/de\/produkt\/mucho-gusto-blazer-lesbos-leopard-elegance\/\"]}]},{\"@type\":\"ImageObject\",\"inLanguage\":\"de-DE\",\"@id\":\"https:\/\/muchogusto.nl\/de\/produkt\/mucho-gusto-blazer-lesbos-leopard-elegance\/#primaryimage\",\"url\":\"https:\/\/muchogusto.nl\/wp-content\/uploads\/2025\/09\/C52LEB134-1-scaled.jpg\",\"contentUrl\":\"https:\/\/muchogusto.nl\/wp-content\/uploads\/2025\/09\/C52LEB134-1-scaled.jpg\",\"width\":1920,\"height\":2560,\"caption\":\"MUCHO GUSTO\u00ae Blazer Lesbos Leopard Elegance\"},{\"@type\":\"BreadcrumbList\",\"@id\":\"https:\/\/muchogusto.nl\/de\/produkt\/mucho-gusto-blazer-lesbos-leopard-elegance\/#breadcrumb\",\"itemListElement\":[{\"@type\":\"ListItem\",\"position\":1,\"name\":\"Home\",\"item\":\"https:\/\/muchogusto.nl\/de\/\"},{\"@type\":\"ListItem\",\"position\":2,\"name\":\"Shop\",\"item\":\"https:\/\/muchogusto.nl\/de\/shop-2\/\"},{\"@type\":\"ListItem\",\"position\":3,\"name\":\"MUCHO GUSTO\u00ae Blazer Lesbos Leopard Elegance\"}]},{\"@type\":\"WebSite\",\"@id\":\"https:\/\/muchogusto.nl\/#website\",\"url\":\"https:\/\/muchogusto.nl\/\",\"name\":\"muchogusto.nl\",\"description\":\"\",\"publisher\":{\"@id\":\"https:\/\/muchogusto.nl\/#organization\"},\"potentialAction\":[{\"@type\":\"SearchAction\",\"target\":{\"@type\":\"EntryPoint\",\"urlTemplate\":\"https:\/\/muchogusto.nl\/?s={search_term_string}\"},\"query-input\":{\"@type\":\"PropertyValueSpecification\",\"valueRequired\":true,\"valueName\":\"search_term_string\"}}],\"inLanguage\":\"de-DE\"},{\"@type\":\"Organization\",\"@id\":\"https:\/\/muchogusto.nl\/#organization\",\"name\":\"Mucho Gusto\",\"url\":\"https:\/\/muchogusto.nl\/\",\"logo\":{\"@type\":\"ImageObject\",\"inLanguage\":\"de-DE\",\"@id\":\"https:\/\/muchogusto.nl\/#\/schema\/logo\/image\/\",\"url\":\"https:\/\/muchogusto.nl\/wp-content\/uploads\/2022\/08\/logo_header.svg\",\"contentUrl\":\"https:\/\/muchogusto.nl\/wp-content\/uploads\/2022\/08\/logo_header.svg\",\"caption\":\"Mucho Gusto\"},\"image\":{\"@id\":\"https:\/\/muchogusto.nl\/#\/schema\/logo\/image\/\"},\"sameAs\":[\"https:\/\/www.facebook.com\/muchogusto.nl\/\",\"https:\/\/www.instagram.com\/muchogusto.nl\/\"]}]}<\/script>\n<!-- \/ Yoast SEO Premium plugin. -->","yoast_head_json":{"title":"MUCHO GUSTO\u00ae Blazer Lesbos Leopard Elegance - Mucho Gusto","description":"Setzen Sie ein Statement mit dem MUCHO GUSTO\u00ae Lesbos Leopard Elegance Blazer \u2013 auff\u00e4llige Animal-Prints, barocke Details und ein ma\u00dfgeschneidertes niederl\u00e4ndisches Design.","robots":{"index":"index","follow":"follow","max-snippet":"max-snippet:-1","max-image-preview":"max-image-preview:large","max-video-preview":"max-video-preview:-1"},"canonical":"https:\/\/muchogusto.nl\/de\/produkt\/mucho-gusto-blazer-lesbos-leopard-elegance\/","og_locale":"de_DE","og_type":"article","og_title":"MUCHO GUSTO\u00ae Blazer Lesbos Leopard Elegance","og_description":"Setzen Sie ein Statement mit dem MUCHO GUSTO\u00ae Lesbos Leopard Elegance Blazer \u2013 auff\u00e4llige Animal-Prints, barocke Details und ein ma\u00dfgeschneidertes niederl\u00e4ndisches Design.","og_url":"https:\/\/muchogusto.nl\/de\/produkt\/mucho-gusto-blazer-lesbos-leopard-elegance\/","og_site_name":"Mucho Gusto","article_publisher":"https:\/\/www.facebook.com\/muchogusto.nl\/","article_modified_time":"2026-03-02T11:02:38+00:00","og_image":[{"width":1920,"height":2560,"url":"https:\/\/muchogusto.nl\/wp-content\/uploads\/2025\/09\/C52LEB134-1-scaled.jpg","type":"image\/jpeg"}],"twitter_card":"summary_large_image","twitter_misc":{"Est. reading time":"2 minutes"},"schema":{"@context":"https:\/\/schema.org","@graph":[{"@type":"WebPage","@id":"https:\/\/muchogusto.nl\/de\/produkt\/mucho-gusto-blazer-lesbos-leopard-elegance\/","url":"https:\/\/muchogusto.nl\/de\/produkt\/mucho-gusto-blazer-lesbos-leopard-elegance\/","name":"MUCHO GUSTO\u00ae Blazer Lesbos Leopard Elegance - Mucho Gusto","isPartOf":{"@id":"https:\/\/muchogusto.nl\/#website"},"primaryImageOfPage":{"@id":"https:\/\/muchogusto.nl\/de\/produkt\/mucho-gusto-blazer-lesbos-leopard-elegance\/#primaryimage"},"image":{"@id":"https:\/\/muchogusto.nl\/de\/produkt\/mucho-gusto-blazer-lesbos-leopard-elegance\/#primaryimage"},"thumbnailUrl":"https:\/\/muchogusto.nl\/wp-content\/uploads\/2025\/09\/C52LEB134-1-scaled.jpg","datePublished":"2025-09-09T09:21:22+00:00","dateModified":"2026-03-02T11:02:38+00:00","description":"Setzen Sie ein Statement mit dem MUCHO GUSTO\u00ae Lesbos Leopard Elegance Blazer \u2013 auff\u00e4llige Animal-Prints, barocke Details und ein ma\u00dfgeschneidertes niederl\u00e4ndisches Design.","breadcrumb":{"@id":"https:\/\/muchogusto.nl\/de\/produkt\/mucho-gusto-blazer-lesbos-leopard-elegance\/#breadcrumb"},"inLanguage":"de-DE","potentialAction":[{"@type":"ReadAction","target":["https:\/\/muchogusto.nl\/de\/produkt\/mucho-gusto-blazer-lesbos-leopard-elegance\/"]}]},{"@type":"ImageObject","inLanguage":"de-DE","@id":"https:\/\/muchogusto.nl\/de\/produkt\/mucho-gusto-blazer-lesbos-leopard-elegance\/#primaryimage","url":"https:\/\/muchogusto.nl\/wp-content\/uploads\/2025\/09\/C52LEB134-1-scaled.jpg","contentUrl":"https:\/\/muchogusto.nl\/wp-content\/uploads\/2025\/09\/C52LEB134-1-scaled.jpg","width":1920,"height":2560,"caption":"MUCHO GUSTO\u00ae Blazer Lesbos Leopard Elegance"},{"@type":"BreadcrumbList","@id":"https:\/\/muchogusto.nl\/de\/produkt\/mucho-gusto-blazer-lesbos-leopard-elegance\/#breadcrumb","itemListElement":[{"@type":"ListItem","position":1,"name":"Home","item":"https:\/\/muchogusto.nl\/de\/"},{"@type":"ListItem","position":2,"name":"Shop","item":"https:\/\/muchogusto.nl\/de\/shop-2\/"},{"@type":"ListItem","position":3,"name":"MUCHO GUSTO\u00ae Blazer Lesbos Leopard Elegance"}]},{"@type":"WebSite","@id":"https:\/\/muchogusto.nl\/#website","url":"https:\/\/muchogusto.nl\/","name":"muchogusto.nl","description":"","publisher":{"@id":"https:\/\/muchogusto.nl\/#organization"},"potentialAction":[{"@type":"SearchAction","target":{"@type":"EntryPoint","urlTemplate":"https:\/\/muchogusto.nl\/?s={search_term_string}"},"query-input":{"@type":"PropertyValueSpecification","valueRequired":true,"valueName":"search_term_string"}}],"inLanguage":"de-DE"},{"@type":"Organization","@id":"https:\/\/muchogusto.nl\/#organization","name":"Mucho Gusto","url":"https:\/\/muchogusto.nl\/","logo":{"@type":"ImageObject","inLanguage":"de-DE","@id":"https:\/\/muchogusto.nl\/#\/schema\/logo\/image\/","url":"https:\/\/muchogusto.nl\/wp-content\/uploads\/2022\/08\/logo_header.svg","contentUrl":"https:\/\/muchogusto.nl\/wp-content\/uploads\/2022\/08\/logo_header.svg","caption":"Mucho Gusto"},"image":{"@id":"https:\/\/muchogusto.nl\/#\/schema\/logo\/image\/"},"sameAs":["https:\/\/www.facebook.com\/muchogusto.nl\/","https:\/\/www.instagram.com\/muchogusto.nl\/"]}]}},"_links":{"self":[{"href":"https:\/\/muchogusto.nl\/de\/wp-json\/wp\/v2\/product\/48404","targetHints":{"allow":["GET"]}}],"collection":[{"href":"https:\/\/muchogusto.nl\/de\/wp-json\/wp\/v2\/product"}],"about":[{"href":"https:\/\/muchogusto.nl\/de\/wp-json\/wp\/v2\/types\/product"}],"replies":[{"embeddable":true,"href":"https:\/\/muchogusto.nl\/de\/wp-json\/wp\/v2\/comments?post=48404"}],"wp:featuredmedia":[{"embeddable":true,"href":"https:\/\/muchogusto.nl\/de\/wp-json\/wp\/v2\/media\/48128"}],"wp:attachment":[{"href":"https:\/\/muchogusto.nl\/de\/wp-json\/wp\/v2\/media?parent=48404"}],"wp:term":[{"taxonomy":"product_brand","embeddable":true,"href":"https:\/\/muchogusto.nl\/de\/wp-json\/wp\/v2\/product_brand?post=48404"},{"taxonomy":"product_cat","embeddable":true,"href":"https:\/\/muchogusto.nl\/de\/wp-json\/wp\/v2\/product_cat?post=48404"},{"taxonomy":"product_tag","embeddable":true,"href":"https:\/\/muchogusto.nl\/de\/wp-json\/wp\/v2\/product_tag?post=48404"}],"curies":[{"name":"wp","href":"https:\/\/api.w.org\/{rel}","templated":true}]}}