{"id":48016,"date":"2025-09-08T12:54:35","date_gmt":"2025-09-08T10:54:35","guid":{"rendered":"http:\/\/muchogusto.nl\/product\/mucho-gusto-scarf-floral-pastel\/"},"modified":"2026-03-02T12:02:38","modified_gmt":"2026-03-02T11:02:38","slug":"mucho-gusto-schal-st-tropez-blumen-pastell","status":"publish","type":"product","link":"https:\/\/muchogusto.nl\/de\/produkt\/mucho-gusto-schal-st-tropez-blumen-pastell\/","title":{"rendered":"MUCHO GUSTO\u00ae Schal St. Tropez Blumen Pastell"},"content":{"rendered":"<h3>DETAILS ZUM PRODUKT<\/h3>\n<p data-start=\"66\" data-end=\"134\"><strong>MUCHO GUSTO\u00ae Schal St. Tropez Blumen Pastell<\/strong><\/p>\n<p>Der <strong>MUCHO GUSTO\u00ae Schal St. Tropez Blumen Pastell<\/strong> strahlt verspielte Eleganz mit einem Hauch von Luxus aus. Dieser Schal hat eine raffinierte dreieckige Form und kombiniert zarte Blumenmotive mit Pastellt\u00f6nen in Rosa, Gr\u00fcn und Beige, was f\u00fcr einen frischen und ausdrucksstarken Look sorgt. Die lebendige Mischung der Motive macht ihn zum perfekten Accessoire, um sowohl l\u00e4ssige als auch schicke Outfits aufzupeppen.<\/p>\n<p>Der Schal besteht aus 100 % reiner Seide, f\u00fchlt sich weich und leicht an und f\u00e4llt elegant. Mit seinen gro\u00dfz\u00fcgigen Ma\u00dfen von 220 x 140 x 140 cm bietet dieser vielseitige Schal unendliche Styling-M\u00f6glichkeiten: Tragen Sie ihn um den Hals, \u00fcber den Schultern oder als auff\u00e4lliges Accessoire.<\/p>\n<p>Das Design hat ein lebhaftes Blumenmuster in der Mitte, umrahmt von farbenfrohen Feldern und einem auff\u00e4lligen rosa Rand, was zu einer harmonischen Balance zwischen Charme und Eleganz f\u00fchrt. Getreu der niederl\u00e4ndischen Designphilosophie von MUCHO GUSTO\u00ae ist dieser Schal ein zeitloses Statement-Accessoire.<\/p>\n<p><strong>Niederl\u00e4ndisches Design<\/strong><br \/>\n<strong>Material:<\/strong> 100 % Seide<br \/>\n<strong>Ma\u00dfe:<\/strong> 220 x 140 x 140 cm<br \/>\n<strong>Form:<\/strong> dreieckig<br \/>\n<strong>Farbpalette:<\/strong> Rosa, Gr\u00fcn, Beige, mehrfarbige Blumen<\/p>\n<h3>PASSENDE ARTIKEL<\/h3>\n<div class=\"summary\">\n<div class=\"flex w-full flex-col gap-1 empty:hidden first:pt-[3px]\">\n<div class=\"markdown prose w-full break-words dark:prose-invert light\">\n<p class=\"p1\"><span class=\"s1\">Vervollst\u00e4ndigen Sie Ihren Look mit einer passenden\u00a0<a href=\"https:\/\/muchogusto.nl\/de\/blusen\/\"><span class=\"s2\">Bluse.<\/span><\/a><br \/>\n<\/span><span class=\"s1\">M\u00f6chten Sie mehr Schals sehen? Dann schauen Sie sich unsere\u00a0<\/span><a href=\"https:\/\/muchogusto.nl\/de\/schals\/\">Schals und Seidentucher<\/a>\u00a0<span class=\"s1\">an.<br \/>\n<\/span><span class=\"s1\">M\u00f6chten Sie mehr Inspiration? Dann besuchen Sie unsere\u00a0<a href=\"http:\/\/instagram.com\/muchogusto.nl\"><span class=\"s2\">Instagram-Seite<\/span><\/a>.\u00a0<\/span><\/p>\n<h3>BRAUCHEN SIE HILFE?<\/h3>\n<p>Wenn Sie Fragen zu diesem Artikel oder der Gr\u00f6\u00dfe haben, senden Sie eine E-Mail an unseren Kundenservice unter\u00a0<a href=\"mailto:web@muchogusto.nl\"><span class=\"s2\">web@muchogusto.nl<\/span><\/a><\/p>\n<\/div>\n<\/div>\n<\/div>\n","protected":false},"excerpt":{"rendered":"<p>DETAILS ZUM PRODUKT MUCHO GUSTO\u00ae Schal St. Tropez Blumen Pastell Der MUCHO GUSTO\u00ae Schal St. Tropez Blumen Pastell strahlt verspielte Eleganz mit einem Hauch von Luxus aus. Dieser Schal hat eine raffinierte dreieckige Form und kombiniert zarte Blumenmotive mit Pastellt\u00f6nen in Rosa, Gr\u00fcn und Beige, was f\u00fcr einen frischen und ausdrucksstarken Look sorgt. Die lebendige [&hellip;]<\/p>\n","protected":false},"featured_media":47999,"comment_status":"open","ping_status":"closed","template":"","meta":{"_acf_changed":false,"inline_featured_image":false,"navigation_state":false,"_genesis_hide_title":false,"_genesis_hide_breadcrumbs":false,"_genesis_hide_singular_image":false,"_genesis_hide_footer_widgets":false,"_genesis_custom_body_class":"","_genesis_custom_post_class":"","_genesis_layout":""},"product_brand":[],"product_cat":[87],"product_tag":[],"class_list":{"0":"post-48016","1":"product","2":"type-product","3":"status-publish","4":"has-post-thumbnail","6":"product_cat-schals","7":"entry","9":"first","10":"instock","11":"taxable","12":"shipping-taxable","13":"purchasable","14":"product-type-simple"},"acf":[],"yoast_head":"<!-- This site is optimized with the Yoast SEO Premium plugin v27.2 (Yoast SEO v27.2) - https:\/\/yoast.com\/product\/yoast-seo-premium-wordpress\/ -->\n<title>MUCHO GUSTO\u00ae Schal St. Tropez Blumen Pastell - Mucho Gusto<\/title>\n<meta name=\"description\" content=\"MUCHO GUSTO\u00ae Schal St. Tropez Blumen Pastell \u2013 Ein luxuri\u00f6ser dreieckiger Schal aus 100 % Seide mit zarten pastellfarbenen Blumen und einem eleganten niederl\u00e4ndischen Design.\" \/>\n<meta name=\"robots\" content=\"index, follow, max-snippet:-1, max-image-preview:large, max-video-preview:-1\" \/>\n<link rel=\"canonical\" href=\"https:\/\/muchogusto.nl\/de\/produkt\/mucho-gusto-schal-st-tropez-blumen-pastell\/\" \/>\n<meta property=\"og:locale\" content=\"de_DE\" \/>\n<meta property=\"og:type\" content=\"article\" \/>\n<meta property=\"og:title\" content=\"MUCHO GUSTO\u00ae Schal St. Tropez Blumen Pastell\" \/>\n<meta property=\"og:description\" content=\"MUCHO GUSTO\u00ae Schal St. Tropez Blumen Pastell \u2013 Ein luxuri\u00f6ser dreieckiger Schal aus 100 % Seide mit zarten pastellfarbenen Blumen und einem eleganten niederl\u00e4ndischen Design.\" \/>\n<meta property=\"og:url\" content=\"https:\/\/muchogusto.nl\/de\/produkt\/mucho-gusto-schal-st-tropez-blumen-pastell\/\" \/>\n<meta property=\"og:site_name\" content=\"Mucho Gusto\" \/>\n<meta property=\"article:publisher\" content=\"https:\/\/www.facebook.com\/muchogusto.nl\/\" \/>\n<meta property=\"article:modified_time\" content=\"2026-03-02T11:02:38+00:00\" \/>\n<meta property=\"og:image\" content=\"https:\/\/muchogusto.nl\/wp-content\/uploads\/2025\/09\/newS52STZ063-scaled.jpg\" \/>\n\t<meta property=\"og:image:width\" content=\"1920\" \/>\n\t<meta property=\"og:image:height\" content=\"2560\" \/>\n\t<meta property=\"og:image:type\" content=\"image\/jpeg\" \/>\n<meta name=\"twitter:card\" content=\"summary_large_image\" \/>\n<meta name=\"twitter:label1\" content=\"Est. reading time\" \/>\n\t<meta name=\"twitter:data1\" content=\"2 minutes\" \/>\n<script type=\"application\/ld+json\" class=\"yoast-schema-graph\">{\"@context\":\"https:\/\/schema.org\",\"@graph\":[{\"@type\":\"WebPage\",\"@id\":\"https:\/\/muchogusto.nl\/de\/produkt\/mucho-gusto-schal-st-tropez-blumen-pastell\/\",\"url\":\"https:\/\/muchogusto.nl\/de\/produkt\/mucho-gusto-schal-st-tropez-blumen-pastell\/\",\"name\":\"MUCHO GUSTO\u00ae Schal St. Tropez Blumen Pastell - Mucho Gusto\",\"isPartOf\":{\"@id\":\"https:\/\/muchogusto.nl\/#website\"},\"primaryImageOfPage\":{\"@id\":\"https:\/\/muchogusto.nl\/de\/produkt\/mucho-gusto-schal-st-tropez-blumen-pastell\/#primaryimage\"},\"image\":{\"@id\":\"https:\/\/muchogusto.nl\/de\/produkt\/mucho-gusto-schal-st-tropez-blumen-pastell\/#primaryimage\"},\"thumbnailUrl\":\"https:\/\/muchogusto.nl\/wp-content\/uploads\/2025\/09\/newS52STZ063-scaled.jpg\",\"datePublished\":\"2025-09-08T10:54:35+00:00\",\"dateModified\":\"2026-03-02T11:02:38+00:00\",\"description\":\"MUCHO GUSTO\u00ae Schal St. Tropez Blumen Pastell \u2013 Ein luxuri\u00f6ser dreieckiger Schal aus 100 % Seide mit zarten pastellfarbenen Blumen und einem eleganten niederl\u00e4ndischen Design.\",\"breadcrumb\":{\"@id\":\"https:\/\/muchogusto.nl\/de\/produkt\/mucho-gusto-schal-st-tropez-blumen-pastell\/#breadcrumb\"},\"inLanguage\":\"de-DE\",\"potentialAction\":[{\"@type\":\"ReadAction\",\"target\":[\"https:\/\/muchogusto.nl\/de\/produkt\/mucho-gusto-schal-st-tropez-blumen-pastell\/\"]}]},{\"@type\":\"ImageObject\",\"inLanguage\":\"de-DE\",\"@id\":\"https:\/\/muchogusto.nl\/de\/produkt\/mucho-gusto-schal-st-tropez-blumen-pastell\/#primaryimage\",\"url\":\"https:\/\/muchogusto.nl\/wp-content\/uploads\/2025\/09\/newS52STZ063-scaled.jpg\",\"contentUrl\":\"https:\/\/muchogusto.nl\/wp-content\/uploads\/2025\/09\/newS52STZ063-scaled.jpg\",\"width\":1920,\"height\":2560,\"caption\":\"MUCHO GUSTO\u00ae Schal St. Tropez Blumen Pastell\"},{\"@type\":\"BreadcrumbList\",\"@id\":\"https:\/\/muchogusto.nl\/de\/produkt\/mucho-gusto-schal-st-tropez-blumen-pastell\/#breadcrumb\",\"itemListElement\":[{\"@type\":\"ListItem\",\"position\":1,\"name\":\"Home\",\"item\":\"https:\/\/muchogusto.nl\/de\/\"},{\"@type\":\"ListItem\",\"position\":2,\"name\":\"Shop\",\"item\":\"https:\/\/muchogusto.nl\/de\/shop-2\/\"},{\"@type\":\"ListItem\",\"position\":3,\"name\":\"MUCHO GUSTO\u00ae Schal St. Tropez Blumen Pastell\"}]},{\"@type\":\"WebSite\",\"@id\":\"https:\/\/muchogusto.nl\/#website\",\"url\":\"https:\/\/muchogusto.nl\/\",\"name\":\"muchogusto.nl\",\"description\":\"\",\"publisher\":{\"@id\":\"https:\/\/muchogusto.nl\/#organization\"},\"potentialAction\":[{\"@type\":\"SearchAction\",\"target\":{\"@type\":\"EntryPoint\",\"urlTemplate\":\"https:\/\/muchogusto.nl\/?s={search_term_string}\"},\"query-input\":{\"@type\":\"PropertyValueSpecification\",\"valueRequired\":true,\"valueName\":\"search_term_string\"}}],\"inLanguage\":\"de-DE\"},{\"@type\":\"Organization\",\"@id\":\"https:\/\/muchogusto.nl\/#organization\",\"name\":\"Mucho Gusto\",\"url\":\"https:\/\/muchogusto.nl\/\",\"logo\":{\"@type\":\"ImageObject\",\"inLanguage\":\"de-DE\",\"@id\":\"https:\/\/muchogusto.nl\/#\/schema\/logo\/image\/\",\"url\":\"https:\/\/muchogusto.nl\/wp-content\/uploads\/2022\/08\/logo_header.svg\",\"contentUrl\":\"https:\/\/muchogusto.nl\/wp-content\/uploads\/2022\/08\/logo_header.svg\",\"caption\":\"Mucho Gusto\"},\"image\":{\"@id\":\"https:\/\/muchogusto.nl\/#\/schema\/logo\/image\/\"},\"sameAs\":[\"https:\/\/www.facebook.com\/muchogusto.nl\/\",\"https:\/\/www.instagram.com\/muchogusto.nl\/\"]}]}<\/script>\n<!-- \/ Yoast SEO Premium plugin. -->","yoast_head_json":{"title":"MUCHO GUSTO\u00ae Schal St. Tropez Blumen Pastell - Mucho Gusto","description":"MUCHO GUSTO\u00ae Schal St. Tropez Blumen Pastell \u2013 Ein luxuri\u00f6ser dreieckiger Schal aus 100 % Seide mit zarten pastellfarbenen Blumen und einem eleganten niederl\u00e4ndischen Design.","robots":{"index":"index","follow":"follow","max-snippet":"max-snippet:-1","max-image-preview":"max-image-preview:large","max-video-preview":"max-video-preview:-1"},"canonical":"https:\/\/muchogusto.nl\/de\/produkt\/mucho-gusto-schal-st-tropez-blumen-pastell\/","og_locale":"de_DE","og_type":"article","og_title":"MUCHO GUSTO\u00ae Schal St. Tropez Blumen Pastell","og_description":"MUCHO GUSTO\u00ae Schal St. Tropez Blumen Pastell \u2013 Ein luxuri\u00f6ser dreieckiger Schal aus 100 % Seide mit zarten pastellfarbenen Blumen und einem eleganten niederl\u00e4ndischen Design.","og_url":"https:\/\/muchogusto.nl\/de\/produkt\/mucho-gusto-schal-st-tropez-blumen-pastell\/","og_site_name":"Mucho Gusto","article_publisher":"https:\/\/www.facebook.com\/muchogusto.nl\/","article_modified_time":"2026-03-02T11:02:38+00:00","og_image":[{"width":1920,"height":2560,"url":"https:\/\/muchogusto.nl\/wp-content\/uploads\/2025\/09\/newS52STZ063-scaled.jpg","type":"image\/jpeg"}],"twitter_card":"summary_large_image","twitter_misc":{"Est. reading time":"2 minutes"},"schema":{"@context":"https:\/\/schema.org","@graph":[{"@type":"WebPage","@id":"https:\/\/muchogusto.nl\/de\/produkt\/mucho-gusto-schal-st-tropez-blumen-pastell\/","url":"https:\/\/muchogusto.nl\/de\/produkt\/mucho-gusto-schal-st-tropez-blumen-pastell\/","name":"MUCHO GUSTO\u00ae Schal St. Tropez Blumen Pastell - Mucho Gusto","isPartOf":{"@id":"https:\/\/muchogusto.nl\/#website"},"primaryImageOfPage":{"@id":"https:\/\/muchogusto.nl\/de\/produkt\/mucho-gusto-schal-st-tropez-blumen-pastell\/#primaryimage"},"image":{"@id":"https:\/\/muchogusto.nl\/de\/produkt\/mucho-gusto-schal-st-tropez-blumen-pastell\/#primaryimage"},"thumbnailUrl":"https:\/\/muchogusto.nl\/wp-content\/uploads\/2025\/09\/newS52STZ063-scaled.jpg","datePublished":"2025-09-08T10:54:35+00:00","dateModified":"2026-03-02T11:02:38+00:00","description":"MUCHO GUSTO\u00ae Schal St. Tropez Blumen Pastell \u2013 Ein luxuri\u00f6ser dreieckiger Schal aus 100 % Seide mit zarten pastellfarbenen Blumen und einem eleganten niederl\u00e4ndischen Design.","breadcrumb":{"@id":"https:\/\/muchogusto.nl\/de\/produkt\/mucho-gusto-schal-st-tropez-blumen-pastell\/#breadcrumb"},"inLanguage":"de-DE","potentialAction":[{"@type":"ReadAction","target":["https:\/\/muchogusto.nl\/de\/produkt\/mucho-gusto-schal-st-tropez-blumen-pastell\/"]}]},{"@type":"ImageObject","inLanguage":"de-DE","@id":"https:\/\/muchogusto.nl\/de\/produkt\/mucho-gusto-schal-st-tropez-blumen-pastell\/#primaryimage","url":"https:\/\/muchogusto.nl\/wp-content\/uploads\/2025\/09\/newS52STZ063-scaled.jpg","contentUrl":"https:\/\/muchogusto.nl\/wp-content\/uploads\/2025\/09\/newS52STZ063-scaled.jpg","width":1920,"height":2560,"caption":"MUCHO GUSTO\u00ae Schal St. Tropez Blumen Pastell"},{"@type":"BreadcrumbList","@id":"https:\/\/muchogusto.nl\/de\/produkt\/mucho-gusto-schal-st-tropez-blumen-pastell\/#breadcrumb","itemListElement":[{"@type":"ListItem","position":1,"name":"Home","item":"https:\/\/muchogusto.nl\/de\/"},{"@type":"ListItem","position":2,"name":"Shop","item":"https:\/\/muchogusto.nl\/de\/shop-2\/"},{"@type":"ListItem","position":3,"name":"MUCHO GUSTO\u00ae Schal St. Tropez Blumen Pastell"}]},{"@type":"WebSite","@id":"https:\/\/muchogusto.nl\/#website","url":"https:\/\/muchogusto.nl\/","name":"muchogusto.nl","description":"","publisher":{"@id":"https:\/\/muchogusto.nl\/#organization"},"potentialAction":[{"@type":"SearchAction","target":{"@type":"EntryPoint","urlTemplate":"https:\/\/muchogusto.nl\/?s={search_term_string}"},"query-input":{"@type":"PropertyValueSpecification","valueRequired":true,"valueName":"search_term_string"}}],"inLanguage":"de-DE"},{"@type":"Organization","@id":"https:\/\/muchogusto.nl\/#organization","name":"Mucho Gusto","url":"https:\/\/muchogusto.nl\/","logo":{"@type":"ImageObject","inLanguage":"de-DE","@id":"https:\/\/muchogusto.nl\/#\/schema\/logo\/image\/","url":"https:\/\/muchogusto.nl\/wp-content\/uploads\/2022\/08\/logo_header.svg","contentUrl":"https:\/\/muchogusto.nl\/wp-content\/uploads\/2022\/08\/logo_header.svg","caption":"Mucho Gusto"},"image":{"@id":"https:\/\/muchogusto.nl\/#\/schema\/logo\/image\/"},"sameAs":["https:\/\/www.facebook.com\/muchogusto.nl\/","https:\/\/www.instagram.com\/muchogusto.nl\/"]}]}},"_links":{"self":[{"href":"https:\/\/muchogusto.nl\/de\/wp-json\/wp\/v2\/product\/48016","targetHints":{"allow":["GET"]}}],"collection":[{"href":"https:\/\/muchogusto.nl\/de\/wp-json\/wp\/v2\/product"}],"about":[{"href":"https:\/\/muchogusto.nl\/de\/wp-json\/wp\/v2\/types\/product"}],"replies":[{"embeddable":true,"href":"https:\/\/muchogusto.nl\/de\/wp-json\/wp\/v2\/comments?post=48016"}],"wp:featuredmedia":[{"embeddable":true,"href":"https:\/\/muchogusto.nl\/de\/wp-json\/wp\/v2\/media\/47999"}],"wp:attachment":[{"href":"https:\/\/muchogusto.nl\/de\/wp-json\/wp\/v2\/media?parent=48016"}],"wp:term":[{"taxonomy":"product_brand","embeddable":true,"href":"https:\/\/muchogusto.nl\/de\/wp-json\/wp\/v2\/product_brand?post=48016"},{"taxonomy":"product_cat","embeddable":true,"href":"https:\/\/muchogusto.nl\/de\/wp-json\/wp\/v2\/product_cat?post=48016"},{"taxonomy":"product_tag","embeddable":true,"href":"https:\/\/muchogusto.nl\/de\/wp-json\/wp\/v2\/product_tag?post=48016"}],"curies":[{"name":"wp","href":"https:\/\/api.w.org\/{rel}","templated":true}]}}