{"id":47053,"date":"2025-08-29T14:03:06","date_gmt":"2025-08-29T12:03:06","guid":{"rendered":"http:\/\/muchogusto.nl\/?post_type=product&#038;p=47053"},"modified":"2026-03-18T21:21:38","modified_gmt":"2026-03-18T20:21:38","slug":"mucho-gusto-bluse-tarente-mehrfarbig-paisley-patchwork","status":"publish","type":"product","link":"https:\/\/muchogusto.nl\/de\/produkt\/mucho-gusto-bluse-tarente-mehrfarbig-paisley-patchwork\/","title":{"rendered":"MUCHO GUSTO\u00ae Bluse Tarente Mehrfarbig Paisley Patchwork"},"content":{"rendered":"<h3>DETAILS ZUM PRODUKT<\/h3>\n<p data-start=\"155\" data-end=\"217\"><strong>MUCHO GUSTO\u00ae Bluse Tarente Mehrfarbig Paisley Patchwork<\/strong><\/p>\n<p>Die <strong>MUCHO GUSTO\u00ae Bluse Tarente Mehrfarbig Paisley Patchwork<\/strong> ist eine atemberaubende Verschmelzung von Eleganz und verspielter Kunstfertigkeit. Diese lang\u00e4rmelige Bluse besticht durch ein lebhaftes, rosafarbenes Design, das durch ein eklektisches Patchwork aus verschiedenen Mustern bereichert wird. Zarte Paisley-Muster werden mit kontrastierenden Motiven verwoben und schaffen so eine dynamische und farbenfrohe Komposition, die sowohl Raffinesse als auch Individualit\u00e4t ausstrahlt. Die Mischung aus sanften Farbt\u00f6nen und kr\u00e4ftigen Akzenten verleiht der Bluse einen faszinierenden, femininen Charme und unterstreicht gleichzeitig die charakteristische Kreativit\u00e4t der Marke.<\/p>\n<p>Die Bluse ist aus 100 % hochwertigem Modal gefertigt und bietet ein au\u00dfergew\u00f6hnlich weiches und leichtes Tragegef\u00fchl, das den ganzen Tag \u00fcber Komfort und einen anmutigen Fall garantiert. Dank ihrer vielseitigen Silhouette eignet sie sich sowohl f\u00fcr Freizeitkleidung als auch f\u00fcr elegantere Anl\u00e4sse und wertet jeden Look m\u00fchelos auf.<\/p>\n<p>Die MUCHO GUSTO\u00ae Bluse Tarente ist perfekt f\u00fcr Frauen, die zeitloses niederl\u00e4ndisches Design mit einem modernen Touch sch\u00e4tzen, und vereint die Essenz von Luxus und Kunstfertigkeit in einem auff\u00e4lligen Kleidungsst\u00fcck. Ob zu Jeans f\u00fcr einen l\u00e4ssigen Stil oder zu einer eleganten Hose f\u00fcr einen eleganten Look \u2013 diese Bluse ist ein vielseitiges und auff\u00e4lliges Must-have f\u00fcr Ihre Garderobe.<\/p>\n<p><strong>Niederl\u00e4ndisches Design<\/strong><br \/>\n<strong>Material:<\/strong> 100 % Modal<br \/>\n<strong>Verf\u00fcgbare Gr\u00f6\u00dfen:<\/strong> XS, S, M, L, XL, XXL, 3XL<br \/>\n<strong>Farbe<\/strong>: Rosa-farbenes Patchwork mit Paisley-Details<\/p>\n<h3>PASSENDE ARTIKEL<\/h3>\n<div class=\"summary\">\n<div class=\"summary\">\n<div class=\"tccContent\">\n<div class=\"summary\">\n<div class=\"flex w-full flex-col gap-1 empty:hidden first:pt-[3px]\">\n<div class=\"markdown prose dark:prose-invert w-full break-words light\">\n<p class=\"p2\"><span class=\"s1\">Vervollst\u00e4ndigen Sie Ihren Look mit einem passenden\u00a0<a href=\"https:\/\/muchogusto.nl\/de\/schals\/\"><span class=\"s2\">Schal<\/span><\/a>.<br \/>\n<\/span><span class=\"s1\">M\u00f6chten Sie mehr Blusen sehen? Dann schauen Sie sich unsere\u00a0<a href=\"https:\/\/muchogusto.nl\/de\/blusen\/\"><span class=\"s2\">Bekleidungsseite<\/span><\/a>\u00a0an.<br \/>\n<\/span><span class=\"s1\">M\u00f6chten Sie mehr Inspiration? Besuchen Sie unsere\u00a0<a href=\"https:\/\/www.instagram.com\/muchogusto.nl\/\"><span class=\"s2\">Instagram<\/span><\/a>-Seite.\u00a0<\/span><\/p>\n<h3>BRAUCHEN SIE HILFE?<\/h3>\n<p>Wenn Sie Fragen zu diesem Artikel oder der Gr\u00f6\u00dfe haben, senden Sie eine E-Mail an unseren Kundenservice unter<a href=\"http:\/\/muchogusto.nl\/de\/\"><span class=\"s2\">web@muchogusto.nl.<\/span><\/a><\/p>\n<h3>GR\u00d6SSENTABELLEN<\/h3>\n<p>Unsere Gr\u00f6\u00dfen sind in europ\u00e4ischen Gr\u00f6\u00dfen angegeben. Sie k\u00f6nnen diese Gr\u00f6\u00dfen anhand der Tabellen\u00a0<a href=\"https:\/\/muchogusto.nl\/de\/grossentabellen\/\">auf dieser Seite<\/a> leicht umrechnen. Die Passform kann je nach Stil oder pers\u00f6nlicher Vorliebe variieren.<\/p>\n<\/div>\n<\/div>\n<\/div>\n<\/div>\n<\/div>\n<section class=\"related products\"><\/section>\n<\/div>\n","protected":false},"excerpt":{"rendered":"<p>DETAILS ZUM PRODUKT MUCHO GUSTO\u00ae Bluse Tarente Mehrfarbig Paisley Patchwork Die MUCHO GUSTO\u00ae Bluse Tarente Mehrfarbig Paisley Patchwork ist eine atemberaubende Verschmelzung von Eleganz und verspielter Kunstfertigkeit. Diese lang\u00e4rmelige Bluse besticht durch ein lebhaftes, rosafarbenes Design, das durch ein eklektisches Patchwork aus verschiedenen Mustern bereichert wird. Zarte Paisley-Muster werden mit kontrastierenden Motiven verwoben und schaffen [&hellip;]<\/p>\n","protected":false},"featured_media":47238,"comment_status":"open","ping_status":"closed","template":"","meta":{"_acf_changed":false,"inline_featured_image":false,"navigation_state":false,"_genesis_hide_title":false,"_genesis_hide_breadcrumbs":false,"_genesis_hide_singular_image":false,"_genesis_hide_footer_widgets":false,"_genesis_custom_body_class":"","_genesis_custom_post_class":"","_genesis_layout":""},"product_brand":[],"product_cat":[71,69],"product_tag":[],"class_list":{"0":"post-47053","1":"product","2":"type-product","3":"status-publish","4":"has-post-thumbnail","6":"product_cat-blusen","7":"product_cat-kleidung","8":"entry","10":"first","11":"instock","12":"sale","13":"taxable","14":"shipping-taxable","15":"purchasable","16":"product-type-variable"},"acf":[],"yoast_head":"<!-- This site is optimized with the Yoast SEO Premium plugin v27.2 (Yoast SEO v27.2) - https:\/\/yoast.com\/product\/yoast-seo-premium-wordpress\/ -->\n<title>MUCHO GUSTO\u00ae Bluse Tarente Mehrfarbig Paisley Patchwork<\/title>\n<meta name=\"description\" content=\"MUCHO GUSTO\u00ae Bluse Tarente Mehrfarbig Paisley Patchwork. Diese elegante Bluse Tarente mit mehrfarbigem Paisley-Patchwork von MUCHO GUSTO\u00ae ist ein echter Blickfang.\" \/>\n<meta name=\"robots\" content=\"index, follow, max-snippet:-1, max-image-preview:large, max-video-preview:-1\" \/>\n<link rel=\"canonical\" href=\"https:\/\/muchogusto.nl\/de\/produkt\/mucho-gusto-bluse-tarente-mehrfarbig-paisley-patchwork\/\" \/>\n<meta property=\"og:locale\" content=\"de_DE\" \/>\n<meta property=\"og:type\" content=\"article\" \/>\n<meta property=\"og:title\" content=\"MUCHO GUSTO\u00ae Bluse Tarente Mehrfarbig Paisley Patchwork\" \/>\n<meta property=\"og:description\" content=\"MUCHO GUSTO\u00ae Bluse Tarente Mehrfarbig Paisley Patchwork. Diese elegante Bluse Tarente mit mehrfarbigem Paisley-Patchwork von MUCHO GUSTO\u00ae ist ein echter Blickfang.\" \/>\n<meta property=\"og:url\" content=\"https:\/\/muchogusto.nl\/de\/produkt\/mucho-gusto-bluse-tarente-mehrfarbig-paisley-patchwork\/\" \/>\n<meta property=\"og:site_name\" content=\"Mucho Gusto\" \/>\n<meta property=\"article:publisher\" content=\"https:\/\/www.facebook.com\/muchogusto.nl\/\" \/>\n<meta property=\"article:modified_time\" content=\"2026-03-18T20:21:38+00:00\" \/>\n<meta property=\"og:image\" content=\"https:\/\/muchogusto.nl\/wp-content\/uploads\/2025\/08\/C52TAR015-1-scaled.jpg\" \/>\n\t<meta property=\"og:image:width\" content=\"1920\" \/>\n\t<meta property=\"og:image:height\" content=\"2560\" \/>\n\t<meta property=\"og:image:type\" content=\"image\/jpeg\" \/>\n<meta name=\"twitter:card\" content=\"summary_large_image\" \/>\n<meta name=\"twitter:label1\" content=\"Est. reading time\" \/>\n\t<meta name=\"twitter:data1\" content=\"2 minutes\" \/>\n<script type=\"application\/ld+json\" class=\"yoast-schema-graph\">{\"@context\":\"https:\/\/schema.org\",\"@graph\":[{\"@type\":\"WebPage\",\"@id\":\"https:\/\/muchogusto.nl\/de\/produkt\/mucho-gusto-bluse-tarente-mehrfarbig-paisley-patchwork\/\",\"url\":\"https:\/\/muchogusto.nl\/de\/produkt\/mucho-gusto-bluse-tarente-mehrfarbig-paisley-patchwork\/\",\"name\":\"MUCHO GUSTO\u00ae Bluse Tarente Mehrfarbig Paisley Patchwork\",\"isPartOf\":{\"@id\":\"https:\/\/muchogusto.nl\/#website\"},\"primaryImageOfPage\":{\"@id\":\"https:\/\/muchogusto.nl\/de\/produkt\/mucho-gusto-bluse-tarente-mehrfarbig-paisley-patchwork\/#primaryimage\"},\"image\":{\"@id\":\"https:\/\/muchogusto.nl\/de\/produkt\/mucho-gusto-bluse-tarente-mehrfarbig-paisley-patchwork\/#primaryimage\"},\"thumbnailUrl\":\"https:\/\/muchogusto.nl\/wp-content\/uploads\/2025\/08\/C52TAR015-1-scaled.jpg\",\"datePublished\":\"2025-08-29T12:03:06+00:00\",\"dateModified\":\"2026-03-18T20:21:38+00:00\",\"description\":\"MUCHO GUSTO\u00ae Bluse Tarente Mehrfarbig Paisley Patchwork. Diese elegante Bluse Tarente mit mehrfarbigem Paisley-Patchwork von MUCHO GUSTO\u00ae ist ein echter Blickfang.\",\"breadcrumb\":{\"@id\":\"https:\/\/muchogusto.nl\/de\/produkt\/mucho-gusto-bluse-tarente-mehrfarbig-paisley-patchwork\/#breadcrumb\"},\"inLanguage\":\"de-DE\",\"potentialAction\":[{\"@type\":\"ReadAction\",\"target\":[\"https:\/\/muchogusto.nl\/de\/produkt\/mucho-gusto-bluse-tarente-mehrfarbig-paisley-patchwork\/\"]}]},{\"@type\":\"ImageObject\",\"inLanguage\":\"de-DE\",\"@id\":\"https:\/\/muchogusto.nl\/de\/produkt\/mucho-gusto-bluse-tarente-mehrfarbig-paisley-patchwork\/#primaryimage\",\"url\":\"https:\/\/muchogusto.nl\/wp-content\/uploads\/2025\/08\/C52TAR015-1-scaled.jpg\",\"contentUrl\":\"https:\/\/muchogusto.nl\/wp-content\/uploads\/2025\/08\/C52TAR015-1-scaled.jpg\",\"width\":1920,\"height\":2560,\"caption\":\"MUCHO GUSTO\u00ae Blouse Tarente Multicolor Paisley Patchwork\"},{\"@type\":\"BreadcrumbList\",\"@id\":\"https:\/\/muchogusto.nl\/de\/produkt\/mucho-gusto-bluse-tarente-mehrfarbig-paisley-patchwork\/#breadcrumb\",\"itemListElement\":[{\"@type\":\"ListItem\",\"position\":1,\"name\":\"Home\",\"item\":\"https:\/\/muchogusto.nl\/de\/\"},{\"@type\":\"ListItem\",\"position\":2,\"name\":\"Shop\",\"item\":\"https:\/\/muchogusto.nl\/de\/shop-2\/\"},{\"@type\":\"ListItem\",\"position\":3,\"name\":\"MUCHO GUSTO\u00ae Bluse Tarente Mehrfarbig Paisley Patchwork\"}]},{\"@type\":\"WebSite\",\"@id\":\"https:\/\/muchogusto.nl\/#website\",\"url\":\"https:\/\/muchogusto.nl\/\",\"name\":\"muchogusto.nl\",\"description\":\"\",\"publisher\":{\"@id\":\"https:\/\/muchogusto.nl\/#organization\"},\"potentialAction\":[{\"@type\":\"SearchAction\",\"target\":{\"@type\":\"EntryPoint\",\"urlTemplate\":\"https:\/\/muchogusto.nl\/?s={search_term_string}\"},\"query-input\":{\"@type\":\"PropertyValueSpecification\",\"valueRequired\":true,\"valueName\":\"search_term_string\"}}],\"inLanguage\":\"de-DE\"},{\"@type\":\"Organization\",\"@id\":\"https:\/\/muchogusto.nl\/#organization\",\"name\":\"Mucho Gusto\",\"url\":\"https:\/\/muchogusto.nl\/\",\"logo\":{\"@type\":\"ImageObject\",\"inLanguage\":\"de-DE\",\"@id\":\"https:\/\/muchogusto.nl\/#\/schema\/logo\/image\/\",\"url\":\"https:\/\/muchogusto.nl\/wp-content\/uploads\/2022\/08\/logo_header.svg\",\"contentUrl\":\"https:\/\/muchogusto.nl\/wp-content\/uploads\/2022\/08\/logo_header.svg\",\"caption\":\"Mucho Gusto\"},\"image\":{\"@id\":\"https:\/\/muchogusto.nl\/#\/schema\/logo\/image\/\"},\"sameAs\":[\"https:\/\/www.facebook.com\/muchogusto.nl\/\",\"https:\/\/www.instagram.com\/muchogusto.nl\/\"]}]}<\/script>\n<!-- \/ Yoast SEO Premium plugin. -->","yoast_head_json":{"title":"MUCHO GUSTO\u00ae Bluse Tarente Mehrfarbig Paisley Patchwork","description":"MUCHO GUSTO\u00ae Bluse Tarente Mehrfarbig Paisley Patchwork. Diese elegante Bluse Tarente mit mehrfarbigem Paisley-Patchwork von MUCHO GUSTO\u00ae ist ein echter Blickfang.","robots":{"index":"index","follow":"follow","max-snippet":"max-snippet:-1","max-image-preview":"max-image-preview:large","max-video-preview":"max-video-preview:-1"},"canonical":"https:\/\/muchogusto.nl\/de\/produkt\/mucho-gusto-bluse-tarente-mehrfarbig-paisley-patchwork\/","og_locale":"de_DE","og_type":"article","og_title":"MUCHO GUSTO\u00ae Bluse Tarente Mehrfarbig Paisley Patchwork","og_description":"MUCHO GUSTO\u00ae Bluse Tarente Mehrfarbig Paisley Patchwork. Diese elegante Bluse Tarente mit mehrfarbigem Paisley-Patchwork von MUCHO GUSTO\u00ae ist ein echter Blickfang.","og_url":"https:\/\/muchogusto.nl\/de\/produkt\/mucho-gusto-bluse-tarente-mehrfarbig-paisley-patchwork\/","og_site_name":"Mucho Gusto","article_publisher":"https:\/\/www.facebook.com\/muchogusto.nl\/","article_modified_time":"2026-03-18T20:21:38+00:00","og_image":[{"width":1920,"height":2560,"url":"https:\/\/muchogusto.nl\/wp-content\/uploads\/2025\/08\/C52TAR015-1-scaled.jpg","type":"image\/jpeg"}],"twitter_card":"summary_large_image","twitter_misc":{"Est. reading time":"2 minutes"},"schema":{"@context":"https:\/\/schema.org","@graph":[{"@type":"WebPage","@id":"https:\/\/muchogusto.nl\/de\/produkt\/mucho-gusto-bluse-tarente-mehrfarbig-paisley-patchwork\/","url":"https:\/\/muchogusto.nl\/de\/produkt\/mucho-gusto-bluse-tarente-mehrfarbig-paisley-patchwork\/","name":"MUCHO GUSTO\u00ae Bluse Tarente Mehrfarbig Paisley Patchwork","isPartOf":{"@id":"https:\/\/muchogusto.nl\/#website"},"primaryImageOfPage":{"@id":"https:\/\/muchogusto.nl\/de\/produkt\/mucho-gusto-bluse-tarente-mehrfarbig-paisley-patchwork\/#primaryimage"},"image":{"@id":"https:\/\/muchogusto.nl\/de\/produkt\/mucho-gusto-bluse-tarente-mehrfarbig-paisley-patchwork\/#primaryimage"},"thumbnailUrl":"https:\/\/muchogusto.nl\/wp-content\/uploads\/2025\/08\/C52TAR015-1-scaled.jpg","datePublished":"2025-08-29T12:03:06+00:00","dateModified":"2026-03-18T20:21:38+00:00","description":"MUCHO GUSTO\u00ae Bluse Tarente Mehrfarbig Paisley Patchwork. Diese elegante Bluse Tarente mit mehrfarbigem Paisley-Patchwork von MUCHO GUSTO\u00ae ist ein echter Blickfang.","breadcrumb":{"@id":"https:\/\/muchogusto.nl\/de\/produkt\/mucho-gusto-bluse-tarente-mehrfarbig-paisley-patchwork\/#breadcrumb"},"inLanguage":"de-DE","potentialAction":[{"@type":"ReadAction","target":["https:\/\/muchogusto.nl\/de\/produkt\/mucho-gusto-bluse-tarente-mehrfarbig-paisley-patchwork\/"]}]},{"@type":"ImageObject","inLanguage":"de-DE","@id":"https:\/\/muchogusto.nl\/de\/produkt\/mucho-gusto-bluse-tarente-mehrfarbig-paisley-patchwork\/#primaryimage","url":"https:\/\/muchogusto.nl\/wp-content\/uploads\/2025\/08\/C52TAR015-1-scaled.jpg","contentUrl":"https:\/\/muchogusto.nl\/wp-content\/uploads\/2025\/08\/C52TAR015-1-scaled.jpg","width":1920,"height":2560,"caption":"MUCHO GUSTO\u00ae Blouse Tarente Multicolor Paisley Patchwork"},{"@type":"BreadcrumbList","@id":"https:\/\/muchogusto.nl\/de\/produkt\/mucho-gusto-bluse-tarente-mehrfarbig-paisley-patchwork\/#breadcrumb","itemListElement":[{"@type":"ListItem","position":1,"name":"Home","item":"https:\/\/muchogusto.nl\/de\/"},{"@type":"ListItem","position":2,"name":"Shop","item":"https:\/\/muchogusto.nl\/de\/shop-2\/"},{"@type":"ListItem","position":3,"name":"MUCHO GUSTO\u00ae Bluse Tarente Mehrfarbig Paisley Patchwork"}]},{"@type":"WebSite","@id":"https:\/\/muchogusto.nl\/#website","url":"https:\/\/muchogusto.nl\/","name":"muchogusto.nl","description":"","publisher":{"@id":"https:\/\/muchogusto.nl\/#organization"},"potentialAction":[{"@type":"SearchAction","target":{"@type":"EntryPoint","urlTemplate":"https:\/\/muchogusto.nl\/?s={search_term_string}"},"query-input":{"@type":"PropertyValueSpecification","valueRequired":true,"valueName":"search_term_string"}}],"inLanguage":"de-DE"},{"@type":"Organization","@id":"https:\/\/muchogusto.nl\/#organization","name":"Mucho Gusto","url":"https:\/\/muchogusto.nl\/","logo":{"@type":"ImageObject","inLanguage":"de-DE","@id":"https:\/\/muchogusto.nl\/#\/schema\/logo\/image\/","url":"https:\/\/muchogusto.nl\/wp-content\/uploads\/2022\/08\/logo_header.svg","contentUrl":"https:\/\/muchogusto.nl\/wp-content\/uploads\/2022\/08\/logo_header.svg","caption":"Mucho Gusto"},"image":{"@id":"https:\/\/muchogusto.nl\/#\/schema\/logo\/image\/"},"sameAs":["https:\/\/www.facebook.com\/muchogusto.nl\/","https:\/\/www.instagram.com\/muchogusto.nl\/"]}]}},"_links":{"self":[{"href":"https:\/\/muchogusto.nl\/de\/wp-json\/wp\/v2\/product\/47053","targetHints":{"allow":["GET"]}}],"collection":[{"href":"https:\/\/muchogusto.nl\/de\/wp-json\/wp\/v2\/product"}],"about":[{"href":"https:\/\/muchogusto.nl\/de\/wp-json\/wp\/v2\/types\/product"}],"replies":[{"embeddable":true,"href":"https:\/\/muchogusto.nl\/de\/wp-json\/wp\/v2\/comments?post=47053"}],"wp:featuredmedia":[{"embeddable":true,"href":"https:\/\/muchogusto.nl\/de\/wp-json\/wp\/v2\/media\/47238"}],"wp:attachment":[{"href":"https:\/\/muchogusto.nl\/de\/wp-json\/wp\/v2\/media?parent=47053"}],"wp:term":[{"taxonomy":"product_brand","embeddable":true,"href":"https:\/\/muchogusto.nl\/de\/wp-json\/wp\/v2\/product_brand?post=47053"},{"taxonomy":"product_cat","embeddable":true,"href":"https:\/\/muchogusto.nl\/de\/wp-json\/wp\/v2\/product_cat?post=47053"},{"taxonomy":"product_tag","embeddable":true,"href":"https:\/\/muchogusto.nl\/de\/wp-json\/wp\/v2\/product_tag?post=47053"}],"curies":[{"name":"wp","href":"https:\/\/api.w.org\/{rel}","templated":true}]}}