{"id":46900,"date":"2025-08-29T14:03:16","date_gmt":"2025-08-29T12:03:16","guid":{"rendered":"http:\/\/muchogusto.nl\/?post_type=product&#038;p=46900"},"modified":"2026-03-02T12:02:38","modified_gmt":"2026-03-02T11:02:38","slug":"mucho-gusto-bluse-sirmione-gemischter-tierprint-mit-kuessen","status":"publish","type":"product","link":"https:\/\/muchogusto.nl\/de\/produkt\/mucho-gusto-bluse-sirmione-gemischter-tierprint-mit-kuessen\/","title":{"rendered":"MUCHO GUSTO\u00ae Bluse Sirmione Gemischter Tierprint mit K\u00fcssen"},"content":{"rendered":"<h3>DETAILS ZUM PRODUKT<\/h3>\n<p data-start=\"158\" data-end=\"216\"><strong>MUCHO GUSTO\u00ae Bluse Sirmione Gemischter Tierprint mit K\u00fcssen<\/strong><\/p>\n<p>Die <strong>MUCHO GUSTO\u00ae Bluse Sirmione Gemischter Tierprint mit K\u00fcssen<\/strong> ist eine auff\u00e4llige Mischung aus Eleganz und verspieltem Design. Diese Langarmbluse besticht durch eine faszinierende Kombination aus auff\u00e4lligen Tierprints in Creme-, Beige- und Dunkelbraunt\u00f6nen, wobei sich Muster, die von Leoparden und Geparden inspiriert sind, nahtlos ineinander \u00fcbergehen. F\u00fcr einen verspielten und romantischen Twist sorgen lebhafte rote Kussmotive, die \u00fcber die Bluse verteilt sind und einen lebendigen Kontrast bilden, der den einzigartigen k\u00fcnstlerischen Charakter des Designs unterstreicht.<\/p>\n<p>Die Bluse Sirmione besteht aus 100 % Premium-Modal und f\u00fchlt sich ultraweich und leicht an, sodass sie den ganzen Tag \u00fcber bequem zu tragen ist. Die entspannte, aber raffinierte Silhouette f\u00e4llt anmutig und macht sie zu einem vielseitigen Kleidungsst\u00fcck, das sich m\u00fchelos als l\u00e4ssige Tageskleidung oder als schicker Abendlook tragen l\u00e4sst.<\/p>\n<p>Die MUCHO GUSTO\u00ae Bluse Sirmione ist perfekt f\u00fcr Frauen, die zeitloses niederl\u00e4ndisches Design mit einem modernen Touch lieben, und verk\u00f6rpert Raffinesse mit einem verspielten Geist. Ob zu einer Hose, einer Jeans oder einem engen Rock \u2013 diese Bluse ist eine vielseitige und auff\u00e4llige Erg\u00e4nzung f\u00fcr jede Garderobe.<\/p>\n<p><strong>Niederl\u00e4ndisches<\/strong> <strong>Design<\/strong><br \/>\n<strong>Material:<\/strong> 100 % Modal<br \/>\n<strong>Verf\u00fcgbare Gr\u00f6\u00dfen:<\/strong> XS, S, M, L, XL, XXL, 3XL<br \/>\n<strong>Farbe:<\/strong> gemischter Tierprint in Creme-, Beige- und Braunt\u00f6nen, akzentuiert mit auff\u00e4lligen roten Kussdetails<\/p>\n<div class=\"summary\">\n<h3>PASSENDE ARTIKEL<\/h3>\n<p class=\"p2\"><span class=\"s1\">Vervollst\u00e4ndigen Sie Ihren Look mit einem passenden\u00a0<a href=\"https:\/\/muchogusto.nl\/de\/schals\/\"><span class=\"s2\">Schal<\/span><\/a>.<br \/>\n<\/span><span class=\"s1\">M\u00f6chten Sie mehr Blusen sehen? Dann schauen Sie sich unsere\u00a0<a href=\"https:\/\/muchogusto.nl\/de\/blusen\/\"><span class=\"s2\">Bekleidungsseite<\/span><\/a>\u00a0an.<br \/>\n<\/span><span class=\"s1\">M\u00f6chten Sie mehr Inspiration? Besuchen Sie unsere\u00a0<a href=\"https:\/\/www.instagram.com\/muchogusto.nl\/\"><span class=\"s2\">Instagram<\/span><\/a>-Seite.\u00a0<\/span><\/p>\n<h3>BRAUCHEN SIE HILFE?<\/h3>\n<p>Wenn Sie Fragen zu diesem Artikel oder der Gr\u00f6\u00dfe haben, senden Sie eine E-Mail an unseren Kundenservice unter<a href=\"http:\/\/muchogusto.nl\/de\/\"><span class=\"s2\">web@muchogusto.nl.<\/span><\/a><\/p>\n<h3>GR\u00d6SSENTABELLEN<\/h3>\n<p>Unsere Gr\u00f6\u00dfen sind in europ\u00e4ischen Gr\u00f6\u00dfen angegeben. Sie k\u00f6nnen diese Gr\u00f6\u00dfen anhand der Tabellen\u00a0<a href=\"https:\/\/muchogusto.nl\/de\/grossentabellen\/\">auf dieser Seite<\/a> leicht umrechnen. Die Passform kann je nach Stil oder pers\u00f6nlicher Vorliebe variieren.<\/p>\n<\/div>\n<section class=\"related products\"><\/section>\n","protected":false},"excerpt":{"rendered":"<p>DETAILS ZUM PRODUKT MUCHO GUSTO\u00ae Bluse Sirmione Gemischter Tierprint mit K\u00fcssen Die MUCHO GUSTO\u00ae Bluse Sirmione Gemischter Tierprint mit K\u00fcssen ist eine auff\u00e4llige Mischung aus Eleganz und verspieltem Design. Diese Langarmbluse besticht durch eine faszinierende Kombination aus auff\u00e4lligen Tierprints in Creme-, Beige- und Dunkelbraunt\u00f6nen, wobei sich Muster, die von Leoparden und Geparden inspiriert sind, nahtlos [&hellip;]<\/p>\n","protected":false},"featured_media":47199,"comment_status":"open","ping_status":"closed","template":"","meta":{"_acf_changed":false,"inline_featured_image":false,"navigation_state":false,"_genesis_hide_title":false,"_genesis_hide_breadcrumbs":false,"_genesis_hide_singular_image":false,"_genesis_hide_footer_widgets":false,"_genesis_custom_body_class":"","_genesis_custom_post_class":"","_genesis_layout":""},"product_brand":[],"product_cat":[71,69],"product_tag":[],"class_list":{"0":"post-46900","1":"product","2":"type-product","3":"status-publish","4":"has-post-thumbnail","6":"product_cat-blusen","7":"product_cat-kleidung","8":"entry","10":"first","11":"instock","12":"sale","13":"taxable","14":"shipping-taxable","15":"purchasable","16":"product-type-variable"},"acf":[],"yoast_head":"<!-- This site is optimized with the Yoast SEO Premium plugin v27.2 (Yoast SEO v27.2) - https:\/\/yoast.com\/product\/yoast-seo-premium-wordpress\/ -->\n<title>MUCHO GUSTO\u00ae Bluse Sirmione Gemischter Tierprint mit K\u00fcssen<\/title>\n<meta name=\"description\" content=\"MUCHO GUSTO\u00ae Bluse Sirmione Gemischter Tierprint mit K\u00fcssen. Diese elegante Bluse Sirmione mit gemischtem Tierprint von MUCHO GUSTO\u00ae ist ein echter Blickfang.\" \/>\n<meta name=\"robots\" content=\"index, follow, max-snippet:-1, max-image-preview:large, max-video-preview:-1\" \/>\n<link rel=\"canonical\" href=\"https:\/\/muchogusto.nl\/de\/produkt\/mucho-gusto-bluse-sirmione-gemischter-tierprint-mit-kuessen\/\" \/>\n<meta property=\"og:locale\" content=\"de_DE\" \/>\n<meta property=\"og:type\" content=\"article\" \/>\n<meta property=\"og:title\" content=\"MUCHO GUSTO\u00ae Bluse Sirmione Gemischter Tierprint mit K\u00fcssen\" \/>\n<meta property=\"og:description\" content=\"MUCHO GUSTO\u00ae Bluse Sirmione Gemischter Tierprint mit K\u00fcssen. Diese elegante Bluse Sirmione mit gemischtem Tierprint von MUCHO GUSTO\u00ae ist ein echter Blickfang.\" \/>\n<meta property=\"og:url\" content=\"https:\/\/muchogusto.nl\/de\/produkt\/mucho-gusto-bluse-sirmione-gemischter-tierprint-mit-kuessen\/\" \/>\n<meta property=\"og:site_name\" content=\"Mucho Gusto\" \/>\n<meta property=\"article:publisher\" content=\"https:\/\/www.facebook.com\/muchogusto.nl\/\" \/>\n<meta property=\"article:modified_time\" content=\"2026-03-02T11:02:38+00:00\" \/>\n<meta property=\"og:image\" content=\"https:\/\/muchogusto.nl\/wp-content\/uploads\/2025\/08\/C52SIR026-scaled.jpg\" \/>\n\t<meta property=\"og:image:width\" content=\"1920\" \/>\n\t<meta property=\"og:image:height\" content=\"2560\" \/>\n\t<meta property=\"og:image:type\" content=\"image\/jpeg\" \/>\n<meta name=\"twitter:card\" content=\"summary_large_image\" \/>\n<meta name=\"twitter:label1\" content=\"Est. reading time\" \/>\n\t<meta name=\"twitter:data1\" content=\"2 minutes\" \/>\n<script type=\"application\/ld+json\" class=\"yoast-schema-graph\">{\"@context\":\"https:\/\/schema.org\",\"@graph\":[{\"@type\":\"WebPage\",\"@id\":\"https:\/\/muchogusto.nl\/de\/produkt\/mucho-gusto-bluse-sirmione-gemischter-tierprint-mit-kuessen\/\",\"url\":\"https:\/\/muchogusto.nl\/de\/produkt\/mucho-gusto-bluse-sirmione-gemischter-tierprint-mit-kuessen\/\",\"name\":\"MUCHO GUSTO\u00ae Bluse Sirmione Gemischter Tierprint mit K\u00fcssen\",\"isPartOf\":{\"@id\":\"https:\/\/muchogusto.nl\/#website\"},\"primaryImageOfPage\":{\"@id\":\"https:\/\/muchogusto.nl\/de\/produkt\/mucho-gusto-bluse-sirmione-gemischter-tierprint-mit-kuessen\/#primaryimage\"},\"image\":{\"@id\":\"https:\/\/muchogusto.nl\/de\/produkt\/mucho-gusto-bluse-sirmione-gemischter-tierprint-mit-kuessen\/#primaryimage\"},\"thumbnailUrl\":\"https:\/\/muchogusto.nl\/wp-content\/uploads\/2025\/08\/C52SIR026-scaled.jpg\",\"datePublished\":\"2025-08-29T12:03:16+00:00\",\"dateModified\":\"2026-03-02T11:02:38+00:00\",\"description\":\"MUCHO GUSTO\u00ae Bluse Sirmione Gemischter Tierprint mit K\u00fcssen. Diese elegante Bluse Sirmione mit gemischtem Tierprint von MUCHO GUSTO\u00ae ist ein echter Blickfang.\",\"breadcrumb\":{\"@id\":\"https:\/\/muchogusto.nl\/de\/produkt\/mucho-gusto-bluse-sirmione-gemischter-tierprint-mit-kuessen\/#breadcrumb\"},\"inLanguage\":\"de-DE\",\"potentialAction\":[{\"@type\":\"ReadAction\",\"target\":[\"https:\/\/muchogusto.nl\/de\/produkt\/mucho-gusto-bluse-sirmione-gemischter-tierprint-mit-kuessen\/\"]}]},{\"@type\":\"ImageObject\",\"inLanguage\":\"de-DE\",\"@id\":\"https:\/\/muchogusto.nl\/de\/produkt\/mucho-gusto-bluse-sirmione-gemischter-tierprint-mit-kuessen\/#primaryimage\",\"url\":\"https:\/\/muchogusto.nl\/wp-content\/uploads\/2025\/08\/C52SIR026-scaled.jpg\",\"contentUrl\":\"https:\/\/muchogusto.nl\/wp-content\/uploads\/2025\/08\/C52SIR026-scaled.jpg\",\"width\":1920,\"height\":2560,\"caption\":\"MUCHO GUSTO\u00ae Blouse Sirmione Mixed Animal Kiss Print\"},{\"@type\":\"BreadcrumbList\",\"@id\":\"https:\/\/muchogusto.nl\/de\/produkt\/mucho-gusto-bluse-sirmione-gemischter-tierprint-mit-kuessen\/#breadcrumb\",\"itemListElement\":[{\"@type\":\"ListItem\",\"position\":1,\"name\":\"Home\",\"item\":\"https:\/\/muchogusto.nl\/de\/\"},{\"@type\":\"ListItem\",\"position\":2,\"name\":\"Shop\",\"item\":\"https:\/\/muchogusto.nl\/de\/shop-2\/\"},{\"@type\":\"ListItem\",\"position\":3,\"name\":\"MUCHO GUSTO\u00ae Bluse Sirmione Gemischter Tierprint mit K\u00fcssen\"}]},{\"@type\":\"WebSite\",\"@id\":\"https:\/\/muchogusto.nl\/#website\",\"url\":\"https:\/\/muchogusto.nl\/\",\"name\":\"muchogusto.nl\",\"description\":\"\",\"publisher\":{\"@id\":\"https:\/\/muchogusto.nl\/#organization\"},\"potentialAction\":[{\"@type\":\"SearchAction\",\"target\":{\"@type\":\"EntryPoint\",\"urlTemplate\":\"https:\/\/muchogusto.nl\/?s={search_term_string}\"},\"query-input\":{\"@type\":\"PropertyValueSpecification\",\"valueRequired\":true,\"valueName\":\"search_term_string\"}}],\"inLanguage\":\"de-DE\"},{\"@type\":\"Organization\",\"@id\":\"https:\/\/muchogusto.nl\/#organization\",\"name\":\"Mucho Gusto\",\"url\":\"https:\/\/muchogusto.nl\/\",\"logo\":{\"@type\":\"ImageObject\",\"inLanguage\":\"de-DE\",\"@id\":\"https:\/\/muchogusto.nl\/#\/schema\/logo\/image\/\",\"url\":\"https:\/\/muchogusto.nl\/wp-content\/uploads\/2022\/08\/logo_header.svg\",\"contentUrl\":\"https:\/\/muchogusto.nl\/wp-content\/uploads\/2022\/08\/logo_header.svg\",\"caption\":\"Mucho Gusto\"},\"image\":{\"@id\":\"https:\/\/muchogusto.nl\/#\/schema\/logo\/image\/\"},\"sameAs\":[\"https:\/\/www.facebook.com\/muchogusto.nl\/\",\"https:\/\/www.instagram.com\/muchogusto.nl\/\"]}]}<\/script>\n<!-- \/ Yoast SEO Premium plugin. -->","yoast_head_json":{"title":"MUCHO GUSTO\u00ae Bluse Sirmione Gemischter Tierprint mit K\u00fcssen","description":"MUCHO GUSTO\u00ae Bluse Sirmione Gemischter Tierprint mit K\u00fcssen. Diese elegante Bluse Sirmione mit gemischtem Tierprint von MUCHO GUSTO\u00ae ist ein echter Blickfang.","robots":{"index":"index","follow":"follow","max-snippet":"max-snippet:-1","max-image-preview":"max-image-preview:large","max-video-preview":"max-video-preview:-1"},"canonical":"https:\/\/muchogusto.nl\/de\/produkt\/mucho-gusto-bluse-sirmione-gemischter-tierprint-mit-kuessen\/","og_locale":"de_DE","og_type":"article","og_title":"MUCHO GUSTO\u00ae Bluse Sirmione Gemischter Tierprint mit K\u00fcssen","og_description":"MUCHO GUSTO\u00ae Bluse Sirmione Gemischter Tierprint mit K\u00fcssen. Diese elegante Bluse Sirmione mit gemischtem Tierprint von MUCHO GUSTO\u00ae ist ein echter Blickfang.","og_url":"https:\/\/muchogusto.nl\/de\/produkt\/mucho-gusto-bluse-sirmione-gemischter-tierprint-mit-kuessen\/","og_site_name":"Mucho Gusto","article_publisher":"https:\/\/www.facebook.com\/muchogusto.nl\/","article_modified_time":"2026-03-02T11:02:38+00:00","og_image":[{"width":1920,"height":2560,"url":"https:\/\/muchogusto.nl\/wp-content\/uploads\/2025\/08\/C52SIR026-scaled.jpg","type":"image\/jpeg"}],"twitter_card":"summary_large_image","twitter_misc":{"Est. reading time":"2 minutes"},"schema":{"@context":"https:\/\/schema.org","@graph":[{"@type":"WebPage","@id":"https:\/\/muchogusto.nl\/de\/produkt\/mucho-gusto-bluse-sirmione-gemischter-tierprint-mit-kuessen\/","url":"https:\/\/muchogusto.nl\/de\/produkt\/mucho-gusto-bluse-sirmione-gemischter-tierprint-mit-kuessen\/","name":"MUCHO GUSTO\u00ae Bluse Sirmione Gemischter Tierprint mit K\u00fcssen","isPartOf":{"@id":"https:\/\/muchogusto.nl\/#website"},"primaryImageOfPage":{"@id":"https:\/\/muchogusto.nl\/de\/produkt\/mucho-gusto-bluse-sirmione-gemischter-tierprint-mit-kuessen\/#primaryimage"},"image":{"@id":"https:\/\/muchogusto.nl\/de\/produkt\/mucho-gusto-bluse-sirmione-gemischter-tierprint-mit-kuessen\/#primaryimage"},"thumbnailUrl":"https:\/\/muchogusto.nl\/wp-content\/uploads\/2025\/08\/C52SIR026-scaled.jpg","datePublished":"2025-08-29T12:03:16+00:00","dateModified":"2026-03-02T11:02:38+00:00","description":"MUCHO GUSTO\u00ae Bluse Sirmione Gemischter Tierprint mit K\u00fcssen. Diese elegante Bluse Sirmione mit gemischtem Tierprint von MUCHO GUSTO\u00ae ist ein echter Blickfang.","breadcrumb":{"@id":"https:\/\/muchogusto.nl\/de\/produkt\/mucho-gusto-bluse-sirmione-gemischter-tierprint-mit-kuessen\/#breadcrumb"},"inLanguage":"de-DE","potentialAction":[{"@type":"ReadAction","target":["https:\/\/muchogusto.nl\/de\/produkt\/mucho-gusto-bluse-sirmione-gemischter-tierprint-mit-kuessen\/"]}]},{"@type":"ImageObject","inLanguage":"de-DE","@id":"https:\/\/muchogusto.nl\/de\/produkt\/mucho-gusto-bluse-sirmione-gemischter-tierprint-mit-kuessen\/#primaryimage","url":"https:\/\/muchogusto.nl\/wp-content\/uploads\/2025\/08\/C52SIR026-scaled.jpg","contentUrl":"https:\/\/muchogusto.nl\/wp-content\/uploads\/2025\/08\/C52SIR026-scaled.jpg","width":1920,"height":2560,"caption":"MUCHO GUSTO\u00ae Blouse Sirmione Mixed Animal Kiss Print"},{"@type":"BreadcrumbList","@id":"https:\/\/muchogusto.nl\/de\/produkt\/mucho-gusto-bluse-sirmione-gemischter-tierprint-mit-kuessen\/#breadcrumb","itemListElement":[{"@type":"ListItem","position":1,"name":"Home","item":"https:\/\/muchogusto.nl\/de\/"},{"@type":"ListItem","position":2,"name":"Shop","item":"https:\/\/muchogusto.nl\/de\/shop-2\/"},{"@type":"ListItem","position":3,"name":"MUCHO GUSTO\u00ae Bluse Sirmione Gemischter Tierprint mit K\u00fcssen"}]},{"@type":"WebSite","@id":"https:\/\/muchogusto.nl\/#website","url":"https:\/\/muchogusto.nl\/","name":"muchogusto.nl","description":"","publisher":{"@id":"https:\/\/muchogusto.nl\/#organization"},"potentialAction":[{"@type":"SearchAction","target":{"@type":"EntryPoint","urlTemplate":"https:\/\/muchogusto.nl\/?s={search_term_string}"},"query-input":{"@type":"PropertyValueSpecification","valueRequired":true,"valueName":"search_term_string"}}],"inLanguage":"de-DE"},{"@type":"Organization","@id":"https:\/\/muchogusto.nl\/#organization","name":"Mucho Gusto","url":"https:\/\/muchogusto.nl\/","logo":{"@type":"ImageObject","inLanguage":"de-DE","@id":"https:\/\/muchogusto.nl\/#\/schema\/logo\/image\/","url":"https:\/\/muchogusto.nl\/wp-content\/uploads\/2022\/08\/logo_header.svg","contentUrl":"https:\/\/muchogusto.nl\/wp-content\/uploads\/2022\/08\/logo_header.svg","caption":"Mucho Gusto"},"image":{"@id":"https:\/\/muchogusto.nl\/#\/schema\/logo\/image\/"},"sameAs":["https:\/\/www.facebook.com\/muchogusto.nl\/","https:\/\/www.instagram.com\/muchogusto.nl\/"]}]}},"_links":{"self":[{"href":"https:\/\/muchogusto.nl\/de\/wp-json\/wp\/v2\/product\/46900","targetHints":{"allow":["GET"]}}],"collection":[{"href":"https:\/\/muchogusto.nl\/de\/wp-json\/wp\/v2\/product"}],"about":[{"href":"https:\/\/muchogusto.nl\/de\/wp-json\/wp\/v2\/types\/product"}],"replies":[{"embeddable":true,"href":"https:\/\/muchogusto.nl\/de\/wp-json\/wp\/v2\/comments?post=46900"}],"wp:featuredmedia":[{"embeddable":true,"href":"https:\/\/muchogusto.nl\/de\/wp-json\/wp\/v2\/media\/47199"}],"wp:attachment":[{"href":"https:\/\/muchogusto.nl\/de\/wp-json\/wp\/v2\/media?parent=46900"}],"wp:term":[{"taxonomy":"product_brand","embeddable":true,"href":"https:\/\/muchogusto.nl\/de\/wp-json\/wp\/v2\/product_brand?post=46900"},{"taxonomy":"product_cat","embeddable":true,"href":"https:\/\/muchogusto.nl\/de\/wp-json\/wp\/v2\/product_cat?post=46900"},{"taxonomy":"product_tag","embeddable":true,"href":"https:\/\/muchogusto.nl\/de\/wp-json\/wp\/v2\/product_tag?post=46900"}],"curies":[{"name":"wp","href":"https:\/\/api.w.org\/{rel}","templated":true}]}}