{"id":45536,"date":"2025-06-11T15:59:02","date_gmt":"2025-06-11T13:59:02","guid":{"rendered":"http:\/\/muchogusto.nl\/?post_type=product&#038;p=45536"},"modified":"2026-03-02T12:02:38","modified_gmt":"2026-03-02T11:02:38","slug":"mucho-gusto-tasche-mit-gebundenem-schal-und-kette-rot-blaues-muster","status":"publish","type":"product","link":"https:\/\/muchogusto.nl\/de\/produkt\/mucho-gusto-tasche-mit-gebundenem-schal-und-kette-rot-blaues-muster\/","title":{"rendered":"MUCHO GUSTO\u00ae Tasche mit gebundenem Schal und Kette Rot Blaues Muster"},"content":{"rendered":"<h3>DETAILS ZUM PRODUKT<\/h3>\n<p><strong>MUCHO GUSTO\u00ae Tasche mit gebundenem Schal und Kette Rot Blaues Muster<\/strong><\/p>\n<p>Die <strong>MUCHO GUSTO\u00ae Tasche mit gebundenem Schal und Kette Rot Blaues Muster<\/strong> in Rot-Blau ist eine raffinierte Verschmelzung von handwerklicher Kunstfertigkeit und k\u00fchner Eleganz. Dieses exklusive St\u00fcck besteht aus einer wundersch\u00f6n gewebten Rattantasche, kombiniert mit einem luxuri\u00f6sen Seidenschal, und bietet eine raffinierte und dennoch auff\u00e4llige \u00c4sthetik.<\/p>\n<p>Dieser Seidenschal zeichnet sich durch ein auff\u00e4lliges, vom Reitsport inspiriertes Muster in satten, kontrastreichen Farbt\u00f6nen aus. Das Design verbindet grafische Kettenmotive, geometrische Glieder und dynamische Schichten, umrahmt von einem lebhaften Streifenrand. Mit einer Farbpalette aus Purpurrot, Marineblau, Rosa, Mintgr\u00fcn und metallischen Akzenten strahlt es Selbstbewusstsein und Extravaganz aus. Ein echter Blickfang mit luxuri\u00f6sem Touch und modernem grafischem Flair.<\/p>\n<p>Dieses vielseitige Accessoire ist f\u00fcr diejenigen gedacht, die zeitlosen Luxus mit einem modernen Touch sch\u00e4tzen. Ob f\u00fcr einen l\u00e4ssigen Tag oder einen Abendtermin \u2013 die MUCHO GUSTO\u00ae-Tasche wertet jedes Outfit mit ihrer eleganten und dennoch verspielten \u00c4sthetik auf.<\/p>\n<p><strong>Niederl\u00e4ndisches Design<\/strong><br \/>\n<strong>Material:<\/strong> Rattan (Tasche), Seide (Schal)<br \/>\n<strong>Farbe:<\/strong> Kettenrot-Blau-Print<br \/>\n<strong>L\u00e4nge:<\/strong> ca. 35 cm<\/p>\n<p><h3>PASSENDE ARTIKEL<\/h3>\n<p class=\"p1\"><span class=\"s1\">Vervollst\u00e4ndigen Sie Ihren Look mit einer passenden\u00a0<a href=\"https:\/\/muchogusto.nl\/de\/blusen\/\"><span class=\"s2\">Bluse.<\/span><\/a><br \/>\n<\/span><span class=\"s1\">M\u00f6chten Sie mehr Schals sehen? Dann schauen Sie sich unsere\u00a0<\/span><a href=\"https:\/\/muchogusto.nl\/de\/schals\/\">Schals und Seidentucher<\/a>\u00a0<span class=\"s1\">an.<br \/>\n<\/span><span class=\"s1\">M\u00f6chten Sie mehr Inspiration? Dann besuchen Sie unsere\u00a0<a href=\"http:\/\/instagram.com\/muchogusto.nl\"><span class=\"s2\">Instagram-Seite<\/span><\/a>.\u00a0<\/span><\/p>\n<h3>BRAUCHEN SIE HILFE?<\/h3>\n<p>Wenn Sie Fragen zu diesem Artikel oder der Gr\u00f6\u00dfe haben, senden Sie eine E-Mail an unseren Kundenservice unter\u00a0<a href=\"mailto:web@muchogusto.nl\"><span class=\"s2\">web@muchogusto.nl<\/span><\/a><\/p>\n<\/div>\n","protected":false},"excerpt":{"rendered":"<p>DETAILS ZUM PRODUKT MUCHO GUSTO\u00ae Tasche mit gebundenem Schal und Kette Rot Blaues Muster Die MUCHO GUSTO\u00ae Tasche mit gebundenem Schal und Kette Rot Blaues Muster in Rot-Blau ist eine raffinierte Verschmelzung von handwerklicher Kunstfertigkeit und k\u00fchner Eleganz. Dieses exklusive St\u00fcck besteht aus einer wundersch\u00f6n gewebten Rattantasche, kombiniert mit einem luxuri\u00f6sen Seidenschal, und bietet eine [&hellip;]<\/p>\n","protected":false},"featured_media":45032,"comment_status":"open","ping_status":"closed","template":"","meta":{"_acf_changed":false,"inline_featured_image":false,"navigation_state":false,"_genesis_hide_title":false,"_genesis_hide_breadcrumbs":false,"_genesis_hide_singular_image":false,"_genesis_hide_footer_widgets":false,"_genesis_custom_body_class":"","_genesis_custom_post_class":"","_genesis_layout":""},"product_brand":[],"product_cat":[5177],"product_tag":[],"class_list":{"0":"post-45536","1":"product","2":"type-product","3":"status-publish","4":"has-post-thumbnail","6":"product_cat-accessories-2-de","7":"entry","9":"first","10":"instock","11":"sale","12":"taxable","13":"shipping-taxable","14":"purchasable","15":"product-type-simple"},"acf":[],"yoast_head":"<!-- This site is optimized with the Yoast SEO Premium plugin v27.2 (Yoast SEO v27.2) - https:\/\/yoast.com\/product\/yoast-seo-premium-wordpress\/ -->\n<title>MUCHO GUSTO\u00ae Tasche mit gebundenem Schal und Kette Rot Blaues Muster<\/title>\n<meta name=\"description\" content=\"MUCHO GUSTO\u00ae Tasche mit gebundenem Schal und Kette Rot Blaues Muster. Ist ein echter Blickfang. Bei MUCHO GUSTO\u00ae verwenden wir nur die hochwertigsten Materialien.\" \/>\n<meta name=\"robots\" content=\"index, follow, max-snippet:-1, max-image-preview:large, max-video-preview:-1\" \/>\n<link rel=\"canonical\" href=\"https:\/\/muchogusto.nl\/de\/produkt\/mucho-gusto-tasche-mit-gebundenem-schal-und-kette-rot-blaues-muster\/\" \/>\n<meta property=\"og:locale\" content=\"de_DE\" \/>\n<meta property=\"og:type\" content=\"article\" \/>\n<meta property=\"og:title\" content=\"MUCHO GUSTO\u00ae Tasche mit gebundenem Schal und Kette Rot Blaues Muster\" \/>\n<meta property=\"og:description\" content=\"MUCHO GUSTO\u00ae Tasche mit gebundenem Schal und Kette Rot Blaues Muster. Ist ein echter Blickfang. Bei MUCHO GUSTO\u00ae verwenden wir nur die hochwertigsten Materialien.\" \/>\n<meta property=\"og:url\" content=\"https:\/\/muchogusto.nl\/de\/produkt\/mucho-gusto-tasche-mit-gebundenem-schal-und-kette-rot-blaues-muster\/\" \/>\n<meta property=\"og:site_name\" content=\"Mucho Gusto\" \/>\n<meta property=\"article:publisher\" content=\"https:\/\/www.facebook.com\/muchogusto.nl\/\" \/>\n<meta property=\"article:modified_time\" content=\"2026-03-02T11:02:38+00:00\" \/>\n<meta property=\"og:image\" content=\"https:\/\/muchogusto.nl\/wp-content\/uploads\/2025\/06\/A51BAG062.jpg\" \/>\n\t<meta property=\"og:image:width\" content=\"1920\" \/>\n\t<meta property=\"og:image:height\" content=\"2560\" \/>\n\t<meta property=\"og:image:type\" content=\"image\/jpeg\" \/>\n<meta name=\"twitter:card\" content=\"summary_large_image\" \/>\n<meta name=\"twitter:label1\" content=\"Est. reading time\" \/>\n\t<meta name=\"twitter:data1\" content=\"2 minutes\" \/>\n<script type=\"application\/ld+json\" class=\"yoast-schema-graph\">{\"@context\":\"https:\/\/schema.org\",\"@graph\":[{\"@type\":\"WebPage\",\"@id\":\"https:\/\/muchogusto.nl\/de\/produkt\/mucho-gusto-tasche-mit-gebundenem-schal-und-kette-rot-blaues-muster\/\",\"url\":\"https:\/\/muchogusto.nl\/de\/produkt\/mucho-gusto-tasche-mit-gebundenem-schal-und-kette-rot-blaues-muster\/\",\"name\":\"MUCHO GUSTO\u00ae Tasche mit gebundenem Schal und Kette Rot Blaues Muster\",\"isPartOf\":{\"@id\":\"https:\/\/muchogusto.nl\/#website\"},\"primaryImageOfPage\":{\"@id\":\"https:\/\/muchogusto.nl\/de\/produkt\/mucho-gusto-tasche-mit-gebundenem-schal-und-kette-rot-blaues-muster\/#primaryimage\"},\"image\":{\"@id\":\"https:\/\/muchogusto.nl\/de\/produkt\/mucho-gusto-tasche-mit-gebundenem-schal-und-kette-rot-blaues-muster\/#primaryimage\"},\"thumbnailUrl\":\"https:\/\/muchogusto.nl\/wp-content\/uploads\/2025\/06\/A51BAG062.jpg\",\"datePublished\":\"2025-06-11T13:59:02+00:00\",\"dateModified\":\"2026-03-02T11:02:38+00:00\",\"description\":\"MUCHO GUSTO\u00ae Tasche mit gebundenem Schal und Kette Rot Blaues Muster. Ist ein echter Blickfang. Bei MUCHO GUSTO\u00ae verwenden wir nur die hochwertigsten Materialien.\",\"breadcrumb\":{\"@id\":\"https:\/\/muchogusto.nl\/de\/produkt\/mucho-gusto-tasche-mit-gebundenem-schal-und-kette-rot-blaues-muster\/#breadcrumb\"},\"inLanguage\":\"de-DE\",\"potentialAction\":[{\"@type\":\"ReadAction\",\"target\":[\"https:\/\/muchogusto.nl\/de\/produkt\/mucho-gusto-tasche-mit-gebundenem-schal-und-kette-rot-blaues-muster\/\"]}]},{\"@type\":\"ImageObject\",\"inLanguage\":\"de-DE\",\"@id\":\"https:\/\/muchogusto.nl\/de\/produkt\/mucho-gusto-tasche-mit-gebundenem-schal-und-kette-rot-blaues-muster\/#primaryimage\",\"url\":\"https:\/\/muchogusto.nl\/wp-content\/uploads\/2025\/06\/A51BAG062.jpg\",\"contentUrl\":\"https:\/\/muchogusto.nl\/wp-content\/uploads\/2025\/06\/A51BAG062.jpg\",\"width\":1920,\"height\":2560,\"caption\":\"MUCHO GUSTO\u00ae Tasche mit gebundenem Schal und Kette Rot Blaues Muster\"},{\"@type\":\"BreadcrumbList\",\"@id\":\"https:\/\/muchogusto.nl\/de\/produkt\/mucho-gusto-tasche-mit-gebundenem-schal-und-kette-rot-blaues-muster\/#breadcrumb\",\"itemListElement\":[{\"@type\":\"ListItem\",\"position\":1,\"name\":\"Home\",\"item\":\"https:\/\/muchogusto.nl\/de\/\"},{\"@type\":\"ListItem\",\"position\":2,\"name\":\"Shop\",\"item\":\"https:\/\/muchogusto.nl\/de\/shop-2\/\"},{\"@type\":\"ListItem\",\"position\":3,\"name\":\"MUCHO GUSTO\u00ae Tasche mit gebundenem Schal und Kette Rot Blaues Muster\"}]},{\"@type\":\"WebSite\",\"@id\":\"https:\/\/muchogusto.nl\/#website\",\"url\":\"https:\/\/muchogusto.nl\/\",\"name\":\"muchogusto.nl\",\"description\":\"\",\"publisher\":{\"@id\":\"https:\/\/muchogusto.nl\/#organization\"},\"potentialAction\":[{\"@type\":\"SearchAction\",\"target\":{\"@type\":\"EntryPoint\",\"urlTemplate\":\"https:\/\/muchogusto.nl\/?s={search_term_string}\"},\"query-input\":{\"@type\":\"PropertyValueSpecification\",\"valueRequired\":true,\"valueName\":\"search_term_string\"}}],\"inLanguage\":\"de-DE\"},{\"@type\":\"Organization\",\"@id\":\"https:\/\/muchogusto.nl\/#organization\",\"name\":\"Mucho Gusto\",\"url\":\"https:\/\/muchogusto.nl\/\",\"logo\":{\"@type\":\"ImageObject\",\"inLanguage\":\"de-DE\",\"@id\":\"https:\/\/muchogusto.nl\/#\/schema\/logo\/image\/\",\"url\":\"https:\/\/muchogusto.nl\/wp-content\/uploads\/2022\/08\/logo_header.svg\",\"contentUrl\":\"https:\/\/muchogusto.nl\/wp-content\/uploads\/2022\/08\/logo_header.svg\",\"caption\":\"Mucho Gusto\"},\"image\":{\"@id\":\"https:\/\/muchogusto.nl\/#\/schema\/logo\/image\/\"},\"sameAs\":[\"https:\/\/www.facebook.com\/muchogusto.nl\/\",\"https:\/\/www.instagram.com\/muchogusto.nl\/\"]}]}<\/script>\n<!-- \/ Yoast SEO Premium plugin. -->","yoast_head_json":{"title":"MUCHO GUSTO\u00ae Tasche mit gebundenem Schal und Kette Rot Blaues Muster","description":"MUCHO GUSTO\u00ae Tasche mit gebundenem Schal und Kette Rot Blaues Muster. Ist ein echter Blickfang. Bei MUCHO GUSTO\u00ae verwenden wir nur die hochwertigsten Materialien.","robots":{"index":"index","follow":"follow","max-snippet":"max-snippet:-1","max-image-preview":"max-image-preview:large","max-video-preview":"max-video-preview:-1"},"canonical":"https:\/\/muchogusto.nl\/de\/produkt\/mucho-gusto-tasche-mit-gebundenem-schal-und-kette-rot-blaues-muster\/","og_locale":"de_DE","og_type":"article","og_title":"MUCHO GUSTO\u00ae Tasche mit gebundenem Schal und Kette Rot Blaues Muster","og_description":"MUCHO GUSTO\u00ae Tasche mit gebundenem Schal und Kette Rot Blaues Muster. Ist ein echter Blickfang. Bei MUCHO GUSTO\u00ae verwenden wir nur die hochwertigsten Materialien.","og_url":"https:\/\/muchogusto.nl\/de\/produkt\/mucho-gusto-tasche-mit-gebundenem-schal-und-kette-rot-blaues-muster\/","og_site_name":"Mucho Gusto","article_publisher":"https:\/\/www.facebook.com\/muchogusto.nl\/","article_modified_time":"2026-03-02T11:02:38+00:00","og_image":[{"width":1920,"height":2560,"url":"https:\/\/muchogusto.nl\/wp-content\/uploads\/2025\/06\/A51BAG062.jpg","type":"image\/jpeg"}],"twitter_card":"summary_large_image","twitter_misc":{"Est. reading time":"2 minutes"},"schema":{"@context":"https:\/\/schema.org","@graph":[{"@type":"WebPage","@id":"https:\/\/muchogusto.nl\/de\/produkt\/mucho-gusto-tasche-mit-gebundenem-schal-und-kette-rot-blaues-muster\/","url":"https:\/\/muchogusto.nl\/de\/produkt\/mucho-gusto-tasche-mit-gebundenem-schal-und-kette-rot-blaues-muster\/","name":"MUCHO GUSTO\u00ae Tasche mit gebundenem Schal und Kette Rot Blaues Muster","isPartOf":{"@id":"https:\/\/muchogusto.nl\/#website"},"primaryImageOfPage":{"@id":"https:\/\/muchogusto.nl\/de\/produkt\/mucho-gusto-tasche-mit-gebundenem-schal-und-kette-rot-blaues-muster\/#primaryimage"},"image":{"@id":"https:\/\/muchogusto.nl\/de\/produkt\/mucho-gusto-tasche-mit-gebundenem-schal-und-kette-rot-blaues-muster\/#primaryimage"},"thumbnailUrl":"https:\/\/muchogusto.nl\/wp-content\/uploads\/2025\/06\/A51BAG062.jpg","datePublished":"2025-06-11T13:59:02+00:00","dateModified":"2026-03-02T11:02:38+00:00","description":"MUCHO GUSTO\u00ae Tasche mit gebundenem Schal und Kette Rot Blaues Muster. Ist ein echter Blickfang. Bei MUCHO GUSTO\u00ae verwenden wir nur die hochwertigsten Materialien.","breadcrumb":{"@id":"https:\/\/muchogusto.nl\/de\/produkt\/mucho-gusto-tasche-mit-gebundenem-schal-und-kette-rot-blaues-muster\/#breadcrumb"},"inLanguage":"de-DE","potentialAction":[{"@type":"ReadAction","target":["https:\/\/muchogusto.nl\/de\/produkt\/mucho-gusto-tasche-mit-gebundenem-schal-und-kette-rot-blaues-muster\/"]}]},{"@type":"ImageObject","inLanguage":"de-DE","@id":"https:\/\/muchogusto.nl\/de\/produkt\/mucho-gusto-tasche-mit-gebundenem-schal-und-kette-rot-blaues-muster\/#primaryimage","url":"https:\/\/muchogusto.nl\/wp-content\/uploads\/2025\/06\/A51BAG062.jpg","contentUrl":"https:\/\/muchogusto.nl\/wp-content\/uploads\/2025\/06\/A51BAG062.jpg","width":1920,"height":2560,"caption":"MUCHO GUSTO\u00ae Tasche mit gebundenem Schal und Kette Rot Blaues Muster"},{"@type":"BreadcrumbList","@id":"https:\/\/muchogusto.nl\/de\/produkt\/mucho-gusto-tasche-mit-gebundenem-schal-und-kette-rot-blaues-muster\/#breadcrumb","itemListElement":[{"@type":"ListItem","position":1,"name":"Home","item":"https:\/\/muchogusto.nl\/de\/"},{"@type":"ListItem","position":2,"name":"Shop","item":"https:\/\/muchogusto.nl\/de\/shop-2\/"},{"@type":"ListItem","position":3,"name":"MUCHO GUSTO\u00ae Tasche mit gebundenem Schal und Kette Rot Blaues Muster"}]},{"@type":"WebSite","@id":"https:\/\/muchogusto.nl\/#website","url":"https:\/\/muchogusto.nl\/","name":"muchogusto.nl","description":"","publisher":{"@id":"https:\/\/muchogusto.nl\/#organization"},"potentialAction":[{"@type":"SearchAction","target":{"@type":"EntryPoint","urlTemplate":"https:\/\/muchogusto.nl\/?s={search_term_string}"},"query-input":{"@type":"PropertyValueSpecification","valueRequired":true,"valueName":"search_term_string"}}],"inLanguage":"de-DE"},{"@type":"Organization","@id":"https:\/\/muchogusto.nl\/#organization","name":"Mucho Gusto","url":"https:\/\/muchogusto.nl\/","logo":{"@type":"ImageObject","inLanguage":"de-DE","@id":"https:\/\/muchogusto.nl\/#\/schema\/logo\/image\/","url":"https:\/\/muchogusto.nl\/wp-content\/uploads\/2022\/08\/logo_header.svg","contentUrl":"https:\/\/muchogusto.nl\/wp-content\/uploads\/2022\/08\/logo_header.svg","caption":"Mucho Gusto"},"image":{"@id":"https:\/\/muchogusto.nl\/#\/schema\/logo\/image\/"},"sameAs":["https:\/\/www.facebook.com\/muchogusto.nl\/","https:\/\/www.instagram.com\/muchogusto.nl\/"]}]}},"_links":{"self":[{"href":"https:\/\/muchogusto.nl\/de\/wp-json\/wp\/v2\/product\/45536","targetHints":{"allow":["GET"]}}],"collection":[{"href":"https:\/\/muchogusto.nl\/de\/wp-json\/wp\/v2\/product"}],"about":[{"href":"https:\/\/muchogusto.nl\/de\/wp-json\/wp\/v2\/types\/product"}],"replies":[{"embeddable":true,"href":"https:\/\/muchogusto.nl\/de\/wp-json\/wp\/v2\/comments?post=45536"}],"wp:featuredmedia":[{"embeddable":true,"href":"https:\/\/muchogusto.nl\/de\/wp-json\/wp\/v2\/media\/45032"}],"wp:attachment":[{"href":"https:\/\/muchogusto.nl\/de\/wp-json\/wp\/v2\/media?parent=45536"}],"wp:term":[{"taxonomy":"product_brand","embeddable":true,"href":"https:\/\/muchogusto.nl\/de\/wp-json\/wp\/v2\/product_brand?post=45536"},{"taxonomy":"product_cat","embeddable":true,"href":"https:\/\/muchogusto.nl\/de\/wp-json\/wp\/v2\/product_cat?post=45536"},{"taxonomy":"product_tag","embeddable":true,"href":"https:\/\/muchogusto.nl\/de\/wp-json\/wp\/v2\/product_tag?post=45536"}],"curies":[{"name":"wp","href":"https:\/\/api.w.org\/{rel}","templated":true}]}}