{"id":44531,"date":"2025-05-21T13:11:36","date_gmt":"2025-05-21T11:11:36","guid":{"rendered":"http:\/\/muchogusto.nl\/product\/mucho-gusto-jurk-paros-ijs-met-luipaardprint\/"},"modified":"2026-03-02T12:02:38","modified_gmt":"2026-03-02T11:02:38","slug":"mucho-gusto-kleid-paros-eiscreme-mit-leopardenprint","status":"publish","type":"product","link":"https:\/\/muchogusto.nl\/de\/produkt\/mucho-gusto-kleid-paros-eiscreme-mit-leopardenprint\/","title":{"rendered":"MUCHO GUSTO\u00ae Kleid Paros Eiscreme mit Leopardenprint"},"content":{"rendered":"<h3>DETAILS ZUM PRODUKT<\/h3>\n<p class=\"\" data-start=\"176\" data-end=\"228\"><strong>MUCHO GUSTO\u00ae Kleid Paros Eiscreme mit Leopardenprint<\/strong><\/p>\n<p>Das <strong>MUCHO GUSTO\u00ae Kleid Paros Eiscreme mit Leopardprint<\/strong> ist ein verspieltes und zugleich raffiniertes Fest des skurrilen Charmes und der mutigen Weiblichkeit. Das auff\u00e4llige Kleid besticht durch einen lebendigen Patchwork-Print, der einen lebendigen Mix aus sommerlichen Motiven vereint: Pastellfarbene Sterne, tropische Fr\u00fcchte, Muscheln und Strandelemente kombiniert mit scharfen Leoparden- und Schachbrettmustern. Eingerahmt von geometrischen Bord\u00fcren in fr\u00f6hlichen Rosa-, Gr\u00fcn-, Gelb- und Himmelblaut\u00f6nen erinnert dieser Druck an die Freude an sonnenverw\u00f6hnten Abenteuern und unbeschwerter Eleganz.<\/p>\n<p>Im Mittelpunkt des Designs steht die nostalgische Botschaft \u201eEn Route\u201c, die den Geist endloser Sommertage und pulsierender Reiseziele einf\u00e4ngt. Die Farbpalette in Eiscremefarben &#8211; zartes Rosa, Mintgr\u00fcn, sanftes Beige und cremiges Lila &#8211; verleiht dem Kleidungsst\u00fcck eine vertr\u00e4umte, jugendliche Energie, w\u00e4hrend die kontrastierenden Texturen und Drucke einen modernen, auff\u00e4lligen Akzent setzen.<\/p>\n<p>Das Kleid aus einer atmungsaktiven Mischung aus 97 % Viskose und 3 % Elastan bietet ganzt\u00e4gigen Tragekomfort und eine schmeichelhafte, flie\u00dfende Silhouette. Der leichte Stretchanteil des Stoffes sorgt f\u00fcr Bewegungsfreiheit und macht es perfekt f\u00fcr Reisen, Tagesausfl\u00fcge oder festliche Anl\u00e4sse. Erh\u00e4ltlich in den Gr\u00f6\u00dfen XS, S, M, L, XL, XXL und 3XL, ist das Dress Paros so umfassend wie ausdrucksstark.<\/p>\n<p>F\u00fcr die moderne Frau mit einer verspielten Seele und einem ausgepr\u00e4gten Sinn f\u00fcr Stil ist dieses Kleid ein unverzichtbares Kleidungsst\u00fcck.<\/p>\n<p><strong>Holl\u00e4ndisches Design<\/strong><br \/>\n<strong>Material:<\/strong> 97% Viskose, 3% Elastan<br \/>\n<strong>Verf\u00fcgbare Gr\u00f6\u00dfen:<\/strong> XS, S, M, L, XL, XXL, 3XL<br \/>\n<strong>Farbe:<\/strong> Mehrfarbiges Patchwork mit Eiscreme-T\u00f6nen und Leoparden-Akzenten<\/p>\n<div class=\"tccContent\">\n<div class=\"flex max-w-full flex-col flex-grow\">\n<div class=\"summary\">\n<div class=\"tccContent\">\n<div class=\"summary\">\n<div class=\"tccContent\">\n<h3>PASSENDE ARTIKEL<\/h3>\n<p class=\"p2\"><span class=\"s1\">Vervollst\u00e4ndigen Sie Ihren Look mit einem passenden\u00a0<a href=\"https:\/\/muchogusto.nl\/de\/schals\/\"><span class=\"s2\">Schal<\/span><\/a>.<br \/>\n<\/span><span class=\"s1\">M\u00f6chten Sie mehr Blusen sehen? Dann schauen Sie sich unsere\u00a0<a href=\"https:\/\/muchogusto.nl\/de\/blusen\/\"><span class=\"s2\">Bekleidungsseite<\/span><\/a>\u00a0an.<br \/>\n<\/span><span class=\"s1\">M\u00f6chten Sie mehr Inspiration? Besuchen Sie unsere\u00a0<a href=\"https:\/\/www.instagram.com\/muchogusto.nl\/\"><span class=\"s2\">Instagram<\/span><\/a>-Seite.\u00a0<\/span><\/p>\n<h3>BRAUCHEN SIE HILFE?<\/h3>\n<p>Wenn Sie Fragen zu diesem Artikel oder der Gr\u00f6\u00dfe haben, senden Sie eine E-Mail an unseren Kundenservice unter<a href=\"http:\/\/muchogusto.nl\/de\/\"><span class=\"s2\">web@muchogusto.nl.<\/span><\/a><\/p>\n<h3>GR\u00d6SSENTABELLEN<\/h3>\n<p>Unsere Gr\u00f6\u00dfen sind in europ\u00e4ischen Gr\u00f6\u00dfen angegeben. Sie k\u00f6nnen diese Gr\u00f6\u00dfen anhand der Tabellen\u00a0<a href=\"https:\/\/muchogusto.nl\/de\/grossentabellen\/\">auf dieser Seite<\/a>\u00a0leicht umrechnen. Die Passform kann je nach Stil oder pers\u00f6nlicher Vorliebe variieren.<\/p>\n<\/div>\n<\/div>\n<\/div>\n<\/div>\n<\/div>\n<\/div>\n","protected":false},"excerpt":{"rendered":"<p>DETAILS ZUM PRODUKT MUCHO GUSTO\u00ae Kleid Paros Eiscreme mit Leopardenprint Das MUCHO GUSTO\u00ae Kleid Paros Eiscreme mit Leopardprint ist ein verspieltes und zugleich raffiniertes Fest des skurrilen Charmes und der mutigen Weiblichkeit. Das auff\u00e4llige Kleid besticht durch einen lebendigen Patchwork-Print, der einen lebendigen Mix aus sommerlichen Motiven vereint: Pastellfarbene Sterne, tropische Fr\u00fcchte, Muscheln und Strandelemente [&hellip;]<\/p>\n","protected":false},"featured_media":44505,"comment_status":"open","ping_status":"closed","template":"","meta":{"_acf_changed":false,"inline_featured_image":false,"navigation_state":false,"_genesis_hide_title":false,"_genesis_hide_breadcrumbs":false,"_genesis_hide_singular_image":false,"_genesis_hide_footer_widgets":false,"_genesis_custom_body_class":"","_genesis_custom_post_class":"","_genesis_layout":""},"product_brand":[],"product_cat":[73,69],"product_tag":[],"class_list":{"0":"post-44531","1":"product","2":"type-product","3":"status-publish","4":"has-post-thumbnail","6":"product_cat-kleider","7":"product_cat-kleidung","8":"entry","10":"first","11":"instock","12":"sale","13":"taxable","14":"shipping-taxable","15":"purchasable","16":"product-type-variable"},"acf":[],"yoast_head":"<!-- This site is optimized with the Yoast SEO Premium plugin v27.2 (Yoast SEO v27.2) - https:\/\/yoast.com\/product\/yoast-seo-premium-wordpress\/ -->\n<title>MUCHO GUSTO\u00ae Kleid Paros Eiscreme mit Leopardenprint<\/title>\n<meta name=\"description\" content=\"MUCHO GUSTO\u00ae Kleid Paros Eiscreme mit Leopardenprint. Dieses elegante Paros-Kleid mit Eisleopardenmuster von MUCHO GUSTO\u00ae ist ein echter Blickfang.\" \/>\n<meta name=\"robots\" content=\"index, follow, max-snippet:-1, max-image-preview:large, max-video-preview:-1\" \/>\n<link rel=\"canonical\" href=\"https:\/\/muchogusto.nl\/de\/produkt\/mucho-gusto-kleid-paros-eiscreme-mit-leopardenprint\/\" \/>\n<meta property=\"og:locale\" content=\"de_DE\" \/>\n<meta property=\"og:type\" content=\"article\" \/>\n<meta property=\"og:title\" content=\"MUCHO GUSTO\u00ae Kleid Paros Eiscreme mit Leopardenprint\" \/>\n<meta property=\"og:description\" content=\"MUCHO GUSTO\u00ae Kleid Paros Eiscreme mit Leopardenprint. Dieses elegante Paros-Kleid mit Eisleopardenmuster von MUCHO GUSTO\u00ae ist ein echter Blickfang.\" \/>\n<meta property=\"og:url\" content=\"https:\/\/muchogusto.nl\/de\/produkt\/mucho-gusto-kleid-paros-eiscreme-mit-leopardenprint\/\" \/>\n<meta property=\"og:site_name\" content=\"Mucho Gusto\" \/>\n<meta property=\"article:publisher\" content=\"https:\/\/www.facebook.com\/muchogusto.nl\/\" \/>\n<meta property=\"article:modified_time\" content=\"2026-03-02T11:02:38+00:00\" \/>\n<meta property=\"og:image\" content=\"https:\/\/muchogusto.nl\/wp-content\/uploads\/2025\/05\/C51PAD132.jpg\" \/>\n\t<meta property=\"og:image:width\" content=\"1920\" \/>\n\t<meta property=\"og:image:height\" content=\"2560\" \/>\n\t<meta property=\"og:image:type\" content=\"image\/jpeg\" \/>\n<meta name=\"twitter:card\" content=\"summary_large_image\" \/>\n<meta name=\"twitter:label1\" content=\"Est. reading time\" \/>\n\t<meta name=\"twitter:data1\" content=\"2 minutes\" \/>\n<script type=\"application\/ld+json\" class=\"yoast-schema-graph\">{\"@context\":\"https:\/\/schema.org\",\"@graph\":[{\"@type\":\"WebPage\",\"@id\":\"https:\/\/muchogusto.nl\/de\/produkt\/mucho-gusto-kleid-paros-eiscreme-mit-leopardenprint\/\",\"url\":\"https:\/\/muchogusto.nl\/de\/produkt\/mucho-gusto-kleid-paros-eiscreme-mit-leopardenprint\/\",\"name\":\"MUCHO GUSTO\u00ae Kleid Paros Eiscreme mit Leopardenprint\",\"isPartOf\":{\"@id\":\"https:\/\/muchogusto.nl\/#website\"},\"primaryImageOfPage\":{\"@id\":\"https:\/\/muchogusto.nl\/de\/produkt\/mucho-gusto-kleid-paros-eiscreme-mit-leopardenprint\/#primaryimage\"},\"image\":{\"@id\":\"https:\/\/muchogusto.nl\/de\/produkt\/mucho-gusto-kleid-paros-eiscreme-mit-leopardenprint\/#primaryimage\"},\"thumbnailUrl\":\"https:\/\/muchogusto.nl\/wp-content\/uploads\/2025\/05\/C51PAD132.jpg\",\"datePublished\":\"2025-05-21T11:11:36+00:00\",\"dateModified\":\"2026-03-02T11:02:38+00:00\",\"description\":\"MUCHO GUSTO\u00ae Kleid Paros Eiscreme mit Leopardenprint. Dieses elegante Paros-Kleid mit Eisleopardenmuster von MUCHO GUSTO\u00ae ist ein echter Blickfang.\",\"breadcrumb\":{\"@id\":\"https:\/\/muchogusto.nl\/de\/produkt\/mucho-gusto-kleid-paros-eiscreme-mit-leopardenprint\/#breadcrumb\"},\"inLanguage\":\"de-DE\",\"potentialAction\":[{\"@type\":\"ReadAction\",\"target\":[\"https:\/\/muchogusto.nl\/de\/produkt\/mucho-gusto-kleid-paros-eiscreme-mit-leopardenprint\/\"]}]},{\"@type\":\"ImageObject\",\"inLanguage\":\"de-DE\",\"@id\":\"https:\/\/muchogusto.nl\/de\/produkt\/mucho-gusto-kleid-paros-eiscreme-mit-leopardenprint\/#primaryimage\",\"url\":\"https:\/\/muchogusto.nl\/wp-content\/uploads\/2025\/05\/C51PAD132.jpg\",\"contentUrl\":\"https:\/\/muchogusto.nl\/wp-content\/uploads\/2025\/05\/C51PAD132.jpg\",\"width\":1920,\"height\":2560,\"caption\":\"MUCHO GUSTO\u00ae Kleid Paros Eiscreme mit Leopardenprint\"},{\"@type\":\"BreadcrumbList\",\"@id\":\"https:\/\/muchogusto.nl\/de\/produkt\/mucho-gusto-kleid-paros-eiscreme-mit-leopardenprint\/#breadcrumb\",\"itemListElement\":[{\"@type\":\"ListItem\",\"position\":1,\"name\":\"Home\",\"item\":\"https:\/\/muchogusto.nl\/de\/\"},{\"@type\":\"ListItem\",\"position\":2,\"name\":\"Shop\",\"item\":\"https:\/\/muchogusto.nl\/de\/shop-2\/\"},{\"@type\":\"ListItem\",\"position\":3,\"name\":\"MUCHO GUSTO\u00ae Kleid Paros Eiscreme mit Leopardenprint\"}]},{\"@type\":\"WebSite\",\"@id\":\"https:\/\/muchogusto.nl\/#website\",\"url\":\"https:\/\/muchogusto.nl\/\",\"name\":\"muchogusto.nl\",\"description\":\"\",\"publisher\":{\"@id\":\"https:\/\/muchogusto.nl\/#organization\"},\"potentialAction\":[{\"@type\":\"SearchAction\",\"target\":{\"@type\":\"EntryPoint\",\"urlTemplate\":\"https:\/\/muchogusto.nl\/?s={search_term_string}\"},\"query-input\":{\"@type\":\"PropertyValueSpecification\",\"valueRequired\":true,\"valueName\":\"search_term_string\"}}],\"inLanguage\":\"de-DE\"},{\"@type\":\"Organization\",\"@id\":\"https:\/\/muchogusto.nl\/#organization\",\"name\":\"Mucho Gusto\",\"url\":\"https:\/\/muchogusto.nl\/\",\"logo\":{\"@type\":\"ImageObject\",\"inLanguage\":\"de-DE\",\"@id\":\"https:\/\/muchogusto.nl\/#\/schema\/logo\/image\/\",\"url\":\"https:\/\/muchogusto.nl\/wp-content\/uploads\/2022\/08\/logo_header.svg\",\"contentUrl\":\"https:\/\/muchogusto.nl\/wp-content\/uploads\/2022\/08\/logo_header.svg\",\"caption\":\"Mucho Gusto\"},\"image\":{\"@id\":\"https:\/\/muchogusto.nl\/#\/schema\/logo\/image\/\"},\"sameAs\":[\"https:\/\/www.facebook.com\/muchogusto.nl\/\",\"https:\/\/www.instagram.com\/muchogusto.nl\/\"]}]}<\/script>\n<!-- \/ Yoast SEO Premium plugin. -->","yoast_head_json":{"title":"MUCHO GUSTO\u00ae Kleid Paros Eiscreme mit Leopardenprint","description":"MUCHO GUSTO\u00ae Kleid Paros Eiscreme mit Leopardenprint. Dieses elegante Paros-Kleid mit Eisleopardenmuster von MUCHO GUSTO\u00ae ist ein echter Blickfang.","robots":{"index":"index","follow":"follow","max-snippet":"max-snippet:-1","max-image-preview":"max-image-preview:large","max-video-preview":"max-video-preview:-1"},"canonical":"https:\/\/muchogusto.nl\/de\/produkt\/mucho-gusto-kleid-paros-eiscreme-mit-leopardenprint\/","og_locale":"de_DE","og_type":"article","og_title":"MUCHO GUSTO\u00ae Kleid Paros Eiscreme mit Leopardenprint","og_description":"MUCHO GUSTO\u00ae Kleid Paros Eiscreme mit Leopardenprint. Dieses elegante Paros-Kleid mit Eisleopardenmuster von MUCHO GUSTO\u00ae ist ein echter Blickfang.","og_url":"https:\/\/muchogusto.nl\/de\/produkt\/mucho-gusto-kleid-paros-eiscreme-mit-leopardenprint\/","og_site_name":"Mucho Gusto","article_publisher":"https:\/\/www.facebook.com\/muchogusto.nl\/","article_modified_time":"2026-03-02T11:02:38+00:00","og_image":[{"width":1920,"height":2560,"url":"https:\/\/muchogusto.nl\/wp-content\/uploads\/2025\/05\/C51PAD132.jpg","type":"image\/jpeg"}],"twitter_card":"summary_large_image","twitter_misc":{"Est. reading time":"2 minutes"},"schema":{"@context":"https:\/\/schema.org","@graph":[{"@type":"WebPage","@id":"https:\/\/muchogusto.nl\/de\/produkt\/mucho-gusto-kleid-paros-eiscreme-mit-leopardenprint\/","url":"https:\/\/muchogusto.nl\/de\/produkt\/mucho-gusto-kleid-paros-eiscreme-mit-leopardenprint\/","name":"MUCHO GUSTO\u00ae Kleid Paros Eiscreme mit Leopardenprint","isPartOf":{"@id":"https:\/\/muchogusto.nl\/#website"},"primaryImageOfPage":{"@id":"https:\/\/muchogusto.nl\/de\/produkt\/mucho-gusto-kleid-paros-eiscreme-mit-leopardenprint\/#primaryimage"},"image":{"@id":"https:\/\/muchogusto.nl\/de\/produkt\/mucho-gusto-kleid-paros-eiscreme-mit-leopardenprint\/#primaryimage"},"thumbnailUrl":"https:\/\/muchogusto.nl\/wp-content\/uploads\/2025\/05\/C51PAD132.jpg","datePublished":"2025-05-21T11:11:36+00:00","dateModified":"2026-03-02T11:02:38+00:00","description":"MUCHO GUSTO\u00ae Kleid Paros Eiscreme mit Leopardenprint. Dieses elegante Paros-Kleid mit Eisleopardenmuster von MUCHO GUSTO\u00ae ist ein echter Blickfang.","breadcrumb":{"@id":"https:\/\/muchogusto.nl\/de\/produkt\/mucho-gusto-kleid-paros-eiscreme-mit-leopardenprint\/#breadcrumb"},"inLanguage":"de-DE","potentialAction":[{"@type":"ReadAction","target":["https:\/\/muchogusto.nl\/de\/produkt\/mucho-gusto-kleid-paros-eiscreme-mit-leopardenprint\/"]}]},{"@type":"ImageObject","inLanguage":"de-DE","@id":"https:\/\/muchogusto.nl\/de\/produkt\/mucho-gusto-kleid-paros-eiscreme-mit-leopardenprint\/#primaryimage","url":"https:\/\/muchogusto.nl\/wp-content\/uploads\/2025\/05\/C51PAD132.jpg","contentUrl":"https:\/\/muchogusto.nl\/wp-content\/uploads\/2025\/05\/C51PAD132.jpg","width":1920,"height":2560,"caption":"MUCHO GUSTO\u00ae Kleid Paros Eiscreme mit Leopardenprint"},{"@type":"BreadcrumbList","@id":"https:\/\/muchogusto.nl\/de\/produkt\/mucho-gusto-kleid-paros-eiscreme-mit-leopardenprint\/#breadcrumb","itemListElement":[{"@type":"ListItem","position":1,"name":"Home","item":"https:\/\/muchogusto.nl\/de\/"},{"@type":"ListItem","position":2,"name":"Shop","item":"https:\/\/muchogusto.nl\/de\/shop-2\/"},{"@type":"ListItem","position":3,"name":"MUCHO GUSTO\u00ae Kleid Paros Eiscreme mit Leopardenprint"}]},{"@type":"WebSite","@id":"https:\/\/muchogusto.nl\/#website","url":"https:\/\/muchogusto.nl\/","name":"muchogusto.nl","description":"","publisher":{"@id":"https:\/\/muchogusto.nl\/#organization"},"potentialAction":[{"@type":"SearchAction","target":{"@type":"EntryPoint","urlTemplate":"https:\/\/muchogusto.nl\/?s={search_term_string}"},"query-input":{"@type":"PropertyValueSpecification","valueRequired":true,"valueName":"search_term_string"}}],"inLanguage":"de-DE"},{"@type":"Organization","@id":"https:\/\/muchogusto.nl\/#organization","name":"Mucho Gusto","url":"https:\/\/muchogusto.nl\/","logo":{"@type":"ImageObject","inLanguage":"de-DE","@id":"https:\/\/muchogusto.nl\/#\/schema\/logo\/image\/","url":"https:\/\/muchogusto.nl\/wp-content\/uploads\/2022\/08\/logo_header.svg","contentUrl":"https:\/\/muchogusto.nl\/wp-content\/uploads\/2022\/08\/logo_header.svg","caption":"Mucho Gusto"},"image":{"@id":"https:\/\/muchogusto.nl\/#\/schema\/logo\/image\/"},"sameAs":["https:\/\/www.facebook.com\/muchogusto.nl\/","https:\/\/www.instagram.com\/muchogusto.nl\/"]}]}},"_links":{"self":[{"href":"https:\/\/muchogusto.nl\/de\/wp-json\/wp\/v2\/product\/44531","targetHints":{"allow":["GET"]}}],"collection":[{"href":"https:\/\/muchogusto.nl\/de\/wp-json\/wp\/v2\/product"}],"about":[{"href":"https:\/\/muchogusto.nl\/de\/wp-json\/wp\/v2\/types\/product"}],"replies":[{"embeddable":true,"href":"https:\/\/muchogusto.nl\/de\/wp-json\/wp\/v2\/comments?post=44531"}],"wp:featuredmedia":[{"embeddable":true,"href":"https:\/\/muchogusto.nl\/de\/wp-json\/wp\/v2\/media\/44505"}],"wp:attachment":[{"href":"https:\/\/muchogusto.nl\/de\/wp-json\/wp\/v2\/media?parent=44531"}],"wp:term":[{"taxonomy":"product_brand","embeddable":true,"href":"https:\/\/muchogusto.nl\/de\/wp-json\/wp\/v2\/product_brand?post=44531"},{"taxonomy":"product_cat","embeddable":true,"href":"https:\/\/muchogusto.nl\/de\/wp-json\/wp\/v2\/product_cat?post=44531"},{"taxonomy":"product_tag","embeddable":true,"href":"https:\/\/muchogusto.nl\/de\/wp-json\/wp\/v2\/product_tag?post=44531"}],"curies":[{"name":"wp","href":"https:\/\/api.w.org\/{rel}","templated":true}]}}