{"id":43720,"date":"2025-04-28T13:43:31","date_gmt":"2025-04-28T11:43:31","guid":{"rendered":"http:\/\/muchogusto.nl\/product\/mucho-gusto-jurk-genova-tulpen-patroon\/"},"modified":"2026-03-02T12:02:38","modified_gmt":"2026-03-02T11:02:38","slug":"mucho-gusto-kleid-genova-mit-tulpenmuster","status":"publish","type":"product","link":"https:\/\/muchogusto.nl\/de\/produkt\/mucho-gusto-kleid-genova-mit-tulpenmuster\/","title":{"rendered":"MUCHO GUSTO\u00ae Kleid Genova mit Tulpenmuster"},"content":{"rendered":"<h3>DETAILS ZUM PRODUKT<\/h3>\n<p data-start=\"147\" data-end=\"191\"><strong>MUCHO GUSTO\u00ae Kleid Genova mit Tulpenmuster<\/strong><\/p>\n<p>Das <strong>MUCHO GUSTO\u00ae Kleid Genova mit Tulpenmuster<\/strong> ist ein auff\u00e4lliger Ausdruck von Farbspiel und raffinierter Handwerkskunst. Dieses auff\u00e4llige Kleid hat eine leuchtend gr\u00fcne Vorderseite, die mit einem lebendigen Tulpenmotiv verziert ist und an die Frische und Energie des bl\u00fchenden Fr\u00fchlings erinnert.<\/p>\n<p>Es wurde aus einer luxuri\u00f6sen Mischung aus 97 % Seide und 3 % Elastan gefertigt und bietet einen weichen, flie\u00dfenden Fall mit einem Hauch von Stretch f\u00fcr m\u00fchelose Bewegung und ganzt\u00e4gigen Komfort. Die ellbogenlangen \u00c4rmel sorgen f\u00fcr eine elegante Silhouette und sind mit dem charakteristischen MG-Monogramm-Muster verziert &#8211; eine stilvolle Anspielung auf die ikonische Identit\u00e4t der Marke.<\/p>\n<p>Die R\u00fcckseite des Kleides bietet einen k\u00fchnen Kontrast &#8211; ein k\u00fcnstlerisches Karomuster mit handgezeichneten floralen Illustrationen in fr\u00f6hlichen Gelb-, Orange-, Gr\u00fcn-, Blau- und Rosat\u00f6nen. Diese unerwartete Wendung verleiht dem Kleid Tiefe und Dimension und unterstreicht die kreativen holl\u00e4ndischen Designwurzeln des Kleides.<\/p>\n<p>Das Kleid Genova Tulips Pattern wurde f\u00fcr die moderne Frau entworfen, die sowohl Eleganz als auch Individualit\u00e4t sch\u00e4tzt. Es l\u00e4sst sich m\u00fchelos von der Tages- zur raffinierten Abendgarderobe umfunktionieren.<\/p>\n<p><strong>Niederl\u00e4ndisches Design<\/strong><br \/>\n<strong>Material:<\/strong> 97% Seide, 3% Elastan<br \/>\n<strong>Verf\u00fcgbare Gr\u00f6\u00dfen<\/strong>: XS, S, M, L, XL, XXL, 3XL<br \/>\n<strong>Farbe:<\/strong> Vorderseite gr\u00fcn mit Tulpenprint \/ R\u00fcckseite mehrfarbig kariert<\/p>\n<div class=\"min-h-8 text-message flex w-full flex-col items-end gap-2 whitespace-normal break-words text-start [.text-message+&amp;]:mt-5\" dir=\"auto\" data-message-author-role=\"assistant\" data-message-id=\"ebfa35c4-2a6e-44f6-a8b0-bf0ee057131a\" data-message-model-slug=\"gpt-4o\">\n<div class=\"markdown prose w-full break-words dark:prose-invert light\">\n<h3>PASSENDE ARTIKEL<\/h3>\n<\/div>\n<div class=\"summary\">\n<div class=\"tccContent\">\n<p class=\"p2\"><span class=\"s1\">Vervollst\u00e4ndigen Sie Ihren Look mit einem passenden\u00a0<a href=\"https:\/\/muchogusto.nl\/de\/schals\/\"><span class=\"s2\">Schal<\/span><\/a>.<br \/>\n<\/span><span class=\"s1\">M\u00f6chten Sie mehr Blusen sehen? Dann schauen Sie sich unsere\u00a0<a href=\"https:\/\/muchogusto.nl\/de\/blusen\/\"><span class=\"s2\">Bekleidungsseite<\/span><\/a>\u00a0an.<br \/>\n<\/span><span class=\"s1\">M\u00f6chten Sie mehr Inspiration? Besuchen Sie unsere\u00a0<a href=\"https:\/\/www.instagram.com\/muchogusto.nl\/\"><span class=\"s2\">Instagram<\/span><\/a>-Seite.\u00a0<\/span><\/p>\n<h3>BRAUCHEN SIE HILFE?<\/h3>\n<p>Wenn Sie Fragen zu diesem Artikel oder der Gr\u00f6\u00dfe haben, senden Sie eine E-Mail an unseren Kundenservice unter<a href=\"http:\/\/muchogusto.nl\/de\/\"><span class=\"s2\">web@muchogusto.nl.<\/span><\/a><\/p>\n<h3>GR\u00d6SSENTABELLEN<\/h3>\n<p>Unsere Gr\u00f6\u00dfen sind in europ\u00e4ischen Gr\u00f6\u00dfen angegeben. Sie k\u00f6nnen diese Gr\u00f6\u00dfen anhand der Tabellen\u00a0<a href=\"https:\/\/muchogusto.nl\/de\/grossentabellen\/\">auf dieser Seite<\/a> leicht umrechnen. Die Passform kann je nach Stil oder pers\u00f6nlicher Vorliebe variieren.<\/p>\n<\/div>\n<\/div>\n<\/div>\n","protected":false},"excerpt":{"rendered":"<p>DETAILS ZUM PRODUKT MUCHO GUSTO\u00ae Kleid Genova mit Tulpenmuster Das MUCHO GUSTO\u00ae Kleid Genova mit Tulpenmuster ist ein auff\u00e4lliger Ausdruck von Farbspiel und raffinierter Handwerkskunst. Dieses auff\u00e4llige Kleid hat eine leuchtend gr\u00fcne Vorderseite, die mit einem lebendigen Tulpenmotiv verziert ist und an die Frische und Energie des bl\u00fchenden Fr\u00fchlings erinnert. Es wurde aus einer luxuri\u00f6sen [&hellip;]<\/p>\n","protected":false},"featured_media":43693,"comment_status":"open","ping_status":"closed","template":"","meta":{"_acf_changed":false,"inline_featured_image":false,"navigation_state":false,"_genesis_hide_title":false,"_genesis_hide_breadcrumbs":false,"_genesis_hide_singular_image":false,"_genesis_hide_footer_widgets":false,"_genesis_custom_body_class":"","_genesis_custom_post_class":"","_genesis_layout":""},"product_brand":[],"product_cat":[73,69,76],"product_tag":[],"class_list":{"0":"post-43720","1":"product","2":"type-product","3":"status-publish","4":"has-post-thumbnail","6":"product_cat-kleider","7":"product_cat-kleidung","8":"product_cat-kurze-kleider","9":"entry","11":"first","12":"instock","13":"sale","14":"taxable","15":"shipping-taxable","16":"purchasable","17":"product-type-variable"},"acf":[],"yoast_head":"<!-- This site is optimized with the Yoast SEO Premium plugin v27.2 (Yoast SEO v27.2) - https:\/\/yoast.com\/product\/yoast-seo-premium-wordpress\/ -->\n<title>MUCHO GUSTO\u00ae Kleid Genova mit Tulpenmuster<\/title>\n<meta name=\"description\" content=\"MUCHO GUSTO\u00ae Kleid Genova Tulpen-Muster. Ist ein echter Hingucker. Bei MUCHO GUSTO\u00ae verwenden wir nur Seide von h\u00f6chster Qualit\u00e4t.\" \/>\n<meta name=\"robots\" content=\"index, follow, max-snippet:-1, max-image-preview:large, max-video-preview:-1\" \/>\n<link rel=\"canonical\" href=\"https:\/\/muchogusto.nl\/de\/produkt\/mucho-gusto-kleid-genova-mit-tulpenmuster\/\" \/>\n<meta property=\"og:locale\" content=\"de_DE\" \/>\n<meta property=\"og:type\" content=\"article\" \/>\n<meta property=\"og:title\" content=\"MUCHO GUSTO\u00ae Kleid Genova mit Tulpenmuster\" \/>\n<meta property=\"og:description\" content=\"MUCHO GUSTO\u00ae Kleid Genova Tulpen-Muster. Ist ein echter Hingucker. Bei MUCHO GUSTO\u00ae verwenden wir nur Seide von h\u00f6chster Qualit\u00e4t.\" \/>\n<meta property=\"og:url\" content=\"https:\/\/muchogusto.nl\/de\/produkt\/mucho-gusto-kleid-genova-mit-tulpenmuster\/\" \/>\n<meta property=\"og:site_name\" content=\"Mucho Gusto\" \/>\n<meta property=\"article:publisher\" content=\"https:\/\/www.facebook.com\/muchogusto.nl\/\" \/>\n<meta property=\"article:modified_time\" content=\"2026-03-02T11:02:38+00:00\" \/>\n<meta property=\"og:image\" content=\"http:\/\/muchogusto.nl\/wp-content\/uploads\/2025\/04\/C51GEN080-scaled.jpg\" \/>\n\t<meta property=\"og:image:width\" content=\"1920\" \/>\n\t<meta property=\"og:image:height\" content=\"2560\" \/>\n\t<meta property=\"og:image:type\" content=\"image\/jpeg\" \/>\n<meta name=\"twitter:card\" content=\"summary_large_image\" \/>\n<meta name=\"twitter:label1\" content=\"Est. reading time\" \/>\n\t<meta name=\"twitter:data1\" content=\"2 minutes\" \/>\n<script type=\"application\/ld+json\" class=\"yoast-schema-graph\">{\"@context\":\"https:\/\/schema.org\",\"@graph\":[{\"@type\":\"WebPage\",\"@id\":\"https:\/\/muchogusto.nl\/de\/produkt\/mucho-gusto-kleid-genova-mit-tulpenmuster\/\",\"url\":\"https:\/\/muchogusto.nl\/de\/produkt\/mucho-gusto-kleid-genova-mit-tulpenmuster\/\",\"name\":\"MUCHO GUSTO\u00ae Kleid Genova mit Tulpenmuster\",\"isPartOf\":{\"@id\":\"https:\/\/muchogusto.nl\/#website\"},\"primaryImageOfPage\":{\"@id\":\"https:\/\/muchogusto.nl\/de\/produkt\/mucho-gusto-kleid-genova-mit-tulpenmuster\/#primaryimage\"},\"image\":{\"@id\":\"https:\/\/muchogusto.nl\/de\/produkt\/mucho-gusto-kleid-genova-mit-tulpenmuster\/#primaryimage\"},\"thumbnailUrl\":\"https:\/\/muchogusto.nl\/wp-content\/uploads\/2025\/04\/C51GEN080-scaled.jpg\",\"datePublished\":\"2025-04-28T11:43:31+00:00\",\"dateModified\":\"2026-03-02T11:02:38+00:00\",\"description\":\"MUCHO GUSTO\u00ae Kleid Genova Tulpen-Muster. Ist ein echter Hingucker. Bei MUCHO GUSTO\u00ae verwenden wir nur Seide von h\u00f6chster Qualit\u00e4t.\",\"breadcrumb\":{\"@id\":\"https:\/\/muchogusto.nl\/de\/produkt\/mucho-gusto-kleid-genova-mit-tulpenmuster\/#breadcrumb\"},\"inLanguage\":\"de-DE\",\"potentialAction\":[{\"@type\":\"ReadAction\",\"target\":[\"https:\/\/muchogusto.nl\/de\/produkt\/mucho-gusto-kleid-genova-mit-tulpenmuster\/\"]}]},{\"@type\":\"ImageObject\",\"inLanguage\":\"de-DE\",\"@id\":\"https:\/\/muchogusto.nl\/de\/produkt\/mucho-gusto-kleid-genova-mit-tulpenmuster\/#primaryimage\",\"url\":\"https:\/\/muchogusto.nl\/wp-content\/uploads\/2025\/04\/C51GEN080-scaled.jpg\",\"contentUrl\":\"https:\/\/muchogusto.nl\/wp-content\/uploads\/2025\/04\/C51GEN080-scaled.jpg\",\"width\":1920,\"height\":2560,\"caption\":\"MUCHO GUSTO\u00ae Dress Genova Tulips Pattern\"},{\"@type\":\"BreadcrumbList\",\"@id\":\"https:\/\/muchogusto.nl\/de\/produkt\/mucho-gusto-kleid-genova-mit-tulpenmuster\/#breadcrumb\",\"itemListElement\":[{\"@type\":\"ListItem\",\"position\":1,\"name\":\"Home\",\"item\":\"https:\/\/muchogusto.nl\/de\/\"},{\"@type\":\"ListItem\",\"position\":2,\"name\":\"Shop\",\"item\":\"https:\/\/muchogusto.nl\/de\/shop-2\/\"},{\"@type\":\"ListItem\",\"position\":3,\"name\":\"MUCHO GUSTO\u00ae Kleid Genova mit Tulpenmuster\"}]},{\"@type\":\"WebSite\",\"@id\":\"https:\/\/muchogusto.nl\/#website\",\"url\":\"https:\/\/muchogusto.nl\/\",\"name\":\"muchogusto.nl\",\"description\":\"\",\"publisher\":{\"@id\":\"https:\/\/muchogusto.nl\/#organization\"},\"potentialAction\":[{\"@type\":\"SearchAction\",\"target\":{\"@type\":\"EntryPoint\",\"urlTemplate\":\"https:\/\/muchogusto.nl\/?s={search_term_string}\"},\"query-input\":{\"@type\":\"PropertyValueSpecification\",\"valueRequired\":true,\"valueName\":\"search_term_string\"}}],\"inLanguage\":\"de-DE\"},{\"@type\":\"Organization\",\"@id\":\"https:\/\/muchogusto.nl\/#organization\",\"name\":\"Mucho Gusto\",\"url\":\"https:\/\/muchogusto.nl\/\",\"logo\":{\"@type\":\"ImageObject\",\"inLanguage\":\"de-DE\",\"@id\":\"https:\/\/muchogusto.nl\/#\/schema\/logo\/image\/\",\"url\":\"https:\/\/muchogusto.nl\/wp-content\/uploads\/2022\/08\/logo_header.svg\",\"contentUrl\":\"https:\/\/muchogusto.nl\/wp-content\/uploads\/2022\/08\/logo_header.svg\",\"caption\":\"Mucho Gusto\"},\"image\":{\"@id\":\"https:\/\/muchogusto.nl\/#\/schema\/logo\/image\/\"},\"sameAs\":[\"https:\/\/www.facebook.com\/muchogusto.nl\/\",\"https:\/\/www.instagram.com\/muchogusto.nl\/\"]}]}<\/script>\n<!-- \/ Yoast SEO Premium plugin. -->","yoast_head_json":{"title":"MUCHO GUSTO\u00ae Kleid Genova mit Tulpenmuster","description":"MUCHO GUSTO\u00ae Kleid Genova Tulpen-Muster. Ist ein echter Hingucker. Bei MUCHO GUSTO\u00ae verwenden wir nur Seide von h\u00f6chster Qualit\u00e4t.","robots":{"index":"index","follow":"follow","max-snippet":"max-snippet:-1","max-image-preview":"max-image-preview:large","max-video-preview":"max-video-preview:-1"},"canonical":"https:\/\/muchogusto.nl\/de\/produkt\/mucho-gusto-kleid-genova-mit-tulpenmuster\/","og_locale":"de_DE","og_type":"article","og_title":"MUCHO GUSTO\u00ae Kleid Genova mit Tulpenmuster","og_description":"MUCHO GUSTO\u00ae Kleid Genova Tulpen-Muster. Ist ein echter Hingucker. Bei MUCHO GUSTO\u00ae verwenden wir nur Seide von h\u00f6chster Qualit\u00e4t.","og_url":"https:\/\/muchogusto.nl\/de\/produkt\/mucho-gusto-kleid-genova-mit-tulpenmuster\/","og_site_name":"Mucho Gusto","article_publisher":"https:\/\/www.facebook.com\/muchogusto.nl\/","article_modified_time":"2026-03-02T11:02:38+00:00","og_image":[{"width":1920,"height":2560,"url":"http:\/\/muchogusto.nl\/wp-content\/uploads\/2025\/04\/C51GEN080-scaled.jpg","type":"image\/jpeg"}],"twitter_card":"summary_large_image","twitter_misc":{"Est. reading time":"2 minutes"},"schema":{"@context":"https:\/\/schema.org","@graph":[{"@type":"WebPage","@id":"https:\/\/muchogusto.nl\/de\/produkt\/mucho-gusto-kleid-genova-mit-tulpenmuster\/","url":"https:\/\/muchogusto.nl\/de\/produkt\/mucho-gusto-kleid-genova-mit-tulpenmuster\/","name":"MUCHO GUSTO\u00ae Kleid Genova mit Tulpenmuster","isPartOf":{"@id":"https:\/\/muchogusto.nl\/#website"},"primaryImageOfPage":{"@id":"https:\/\/muchogusto.nl\/de\/produkt\/mucho-gusto-kleid-genova-mit-tulpenmuster\/#primaryimage"},"image":{"@id":"https:\/\/muchogusto.nl\/de\/produkt\/mucho-gusto-kleid-genova-mit-tulpenmuster\/#primaryimage"},"thumbnailUrl":"https:\/\/muchogusto.nl\/wp-content\/uploads\/2025\/04\/C51GEN080-scaled.jpg","datePublished":"2025-04-28T11:43:31+00:00","dateModified":"2026-03-02T11:02:38+00:00","description":"MUCHO GUSTO\u00ae Kleid Genova Tulpen-Muster. Ist ein echter Hingucker. Bei MUCHO GUSTO\u00ae verwenden wir nur Seide von h\u00f6chster Qualit\u00e4t.","breadcrumb":{"@id":"https:\/\/muchogusto.nl\/de\/produkt\/mucho-gusto-kleid-genova-mit-tulpenmuster\/#breadcrumb"},"inLanguage":"de-DE","potentialAction":[{"@type":"ReadAction","target":["https:\/\/muchogusto.nl\/de\/produkt\/mucho-gusto-kleid-genova-mit-tulpenmuster\/"]}]},{"@type":"ImageObject","inLanguage":"de-DE","@id":"https:\/\/muchogusto.nl\/de\/produkt\/mucho-gusto-kleid-genova-mit-tulpenmuster\/#primaryimage","url":"https:\/\/muchogusto.nl\/wp-content\/uploads\/2025\/04\/C51GEN080-scaled.jpg","contentUrl":"https:\/\/muchogusto.nl\/wp-content\/uploads\/2025\/04\/C51GEN080-scaled.jpg","width":1920,"height":2560,"caption":"MUCHO GUSTO\u00ae Dress Genova Tulips Pattern"},{"@type":"BreadcrumbList","@id":"https:\/\/muchogusto.nl\/de\/produkt\/mucho-gusto-kleid-genova-mit-tulpenmuster\/#breadcrumb","itemListElement":[{"@type":"ListItem","position":1,"name":"Home","item":"https:\/\/muchogusto.nl\/de\/"},{"@type":"ListItem","position":2,"name":"Shop","item":"https:\/\/muchogusto.nl\/de\/shop-2\/"},{"@type":"ListItem","position":3,"name":"MUCHO GUSTO\u00ae Kleid Genova mit Tulpenmuster"}]},{"@type":"WebSite","@id":"https:\/\/muchogusto.nl\/#website","url":"https:\/\/muchogusto.nl\/","name":"muchogusto.nl","description":"","publisher":{"@id":"https:\/\/muchogusto.nl\/#organization"},"potentialAction":[{"@type":"SearchAction","target":{"@type":"EntryPoint","urlTemplate":"https:\/\/muchogusto.nl\/?s={search_term_string}"},"query-input":{"@type":"PropertyValueSpecification","valueRequired":true,"valueName":"search_term_string"}}],"inLanguage":"de-DE"},{"@type":"Organization","@id":"https:\/\/muchogusto.nl\/#organization","name":"Mucho Gusto","url":"https:\/\/muchogusto.nl\/","logo":{"@type":"ImageObject","inLanguage":"de-DE","@id":"https:\/\/muchogusto.nl\/#\/schema\/logo\/image\/","url":"https:\/\/muchogusto.nl\/wp-content\/uploads\/2022\/08\/logo_header.svg","contentUrl":"https:\/\/muchogusto.nl\/wp-content\/uploads\/2022\/08\/logo_header.svg","caption":"Mucho Gusto"},"image":{"@id":"https:\/\/muchogusto.nl\/#\/schema\/logo\/image\/"},"sameAs":["https:\/\/www.facebook.com\/muchogusto.nl\/","https:\/\/www.instagram.com\/muchogusto.nl\/"]}]}},"_links":{"self":[{"href":"https:\/\/muchogusto.nl\/de\/wp-json\/wp\/v2\/product\/43720","targetHints":{"allow":["GET"]}}],"collection":[{"href":"https:\/\/muchogusto.nl\/de\/wp-json\/wp\/v2\/product"}],"about":[{"href":"https:\/\/muchogusto.nl\/de\/wp-json\/wp\/v2\/types\/product"}],"replies":[{"embeddable":true,"href":"https:\/\/muchogusto.nl\/de\/wp-json\/wp\/v2\/comments?post=43720"}],"wp:featuredmedia":[{"embeddable":true,"href":"https:\/\/muchogusto.nl\/de\/wp-json\/wp\/v2\/media\/43693"}],"wp:attachment":[{"href":"https:\/\/muchogusto.nl\/de\/wp-json\/wp\/v2\/media?parent=43720"}],"wp:term":[{"taxonomy":"product_brand","embeddable":true,"href":"https:\/\/muchogusto.nl\/de\/wp-json\/wp\/v2\/product_brand?post=43720"},{"taxonomy":"product_cat","embeddable":true,"href":"https:\/\/muchogusto.nl\/de\/wp-json\/wp\/v2\/product_cat?post=43720"},{"taxonomy":"product_tag","embeddable":true,"href":"https:\/\/muchogusto.nl\/de\/wp-json\/wp\/v2\/product_tag?post=43720"}],"curies":[{"name":"wp","href":"https:\/\/api.w.org\/{rel}","templated":true}]}}