{"id":41340,"date":"2025-03-10T16:27:33","date_gmt":"2025-03-10T15:27:33","guid":{"rendered":"http:\/\/muchogusto.nl\/?post_type=product&#038;p=41340"},"modified":"2026-03-02T12:02:38","modified_gmt":"2026-03-02T11:02:38","slug":"mucho-gusto-rock-toulouse-leopard-bunter-kreisdruck","status":"publish","type":"product","link":"https:\/\/muchogusto.nl\/de\/produkt\/mucho-gusto-rock-toulouse-leopard-bunter-kreisdruck\/","title":{"rendered":"MUCHO GUSTO\u00ae Rock Toulouse Leopard Bunter Kreisdruck"},"content":{"rendered":"<h3>DETAILS ZUM PRODUKT<\/h3>\n<div class=\"markdown prose w-full break-words dark:prose-invert light\">\n<p data-start=\"0\" data-end=\"63\"><strong>MUCHO GUSTO\u00ae Rock Toulouse Leopard Bunter Kreisdruck<\/strong><\/p>\n<p>Der <strong>MUCHO GUSTO\u00ae Rock Toulouse Leopard Bunter Kreisdruck<\/strong> ist eine k\u00fchne und k\u00fcnstlerische Verschmelzung von klassischem und modernem Design. Mit seinem zeitlosen Leopardenmuster, das mit leuchtenden, mehrfarbigen Kreisen in Rot, Gr\u00fcn, Pink, Orange und Blau \u00fcberlagert ist, verleiht dieser Rock jeder Garderobe einen verspielten und zugleich raffinierten Touch. Die auff\u00e4llige Musterkombination macht ihn zu einem einzigartigen und ausdrucksstarken Statement-St\u00fcck.<\/p>\n<p>Gefertigt aus einer luxuri\u00f6sen Mischung aus 97% Viskose und 3% Elastan, bietet dieser Rock ein weiches, geschmeidiges Gef\u00fchl auf der Haut, mit genau der richtigen Menge an Stretch f\u00fcr ganzt\u00e4gigen Komfort. Das leichte und atmungsaktive Material sorgt f\u00fcr m\u00fchelose Bewegung, w\u00e4hrend die taillierte Passform Ihre Silhouette elegant betont.<\/p>\n<p>Der MUCHO GUSTO\u00ae Rock Toulouse ist in den Gr\u00f6\u00dfen XS, S, M, L, XL, XXL und 3XL erh\u00e4ltlich und wurde f\u00fcr die moderne Frau entworfen, die Individualit\u00e4t und Stil zu sch\u00e4tzen wei\u00df. Ob mit einer eleganten Bluse f\u00fcr einen raffinierten Look oder einem l\u00e4ssigen Oberteil f\u00fcr ein schickes Alltagsoutfit, dieser Rock ist ein vielseitiges Must-have.<\/p>\n<p><strong>Holl\u00e4ndisches Design<\/strong><br \/>\n<strong>Material:<\/strong> 97% Viskose, 3% Elasthan<br \/>\n<strong>Druck:<\/strong> Leopardendruck mit leuchtenden Kreisen in Rot, Gr\u00fcn, Pink, Orange und Blau<br \/>\n<strong>Gr\u00f6\u00dfen:<\/strong> XS &#8211; 3XL<\/p>\n<div class=\"tccContent\">\n<h3>PASSENDE ARTIKEL<\/h3>\n<p class=\"p2\"><span class=\"s1\">Vervollst\u00e4ndigen Sie Ihren Look mit einem passenden\u00a0<a href=\"https:\/\/muchogusto.nl\/de\/schals\/\"><span class=\"s2\">Schal<\/span><\/a>.<br \/>\n<\/span><span class=\"s1\">M\u00f6chten Sie mehr Blusen sehen? Dann schauen Sie sich unsere\u00a0<a href=\"https:\/\/muchogusto.nl\/de\/blusen\/\"><span class=\"s2\">Bekleidungsseite<\/span><\/a>\u00a0an.<br \/>\n<\/span><span class=\"s1\">M\u00f6chten Sie mehr Inspiration? Besuchen Sie unsere\u00a0<a href=\"https:\/\/www.instagram.com\/muchogusto.nl\/\"><span class=\"s2\">Instagram<\/span><\/a>-Seite.\u00a0<\/span><\/p>\n<h3>BRAUCHEN SIE HILFE?<\/h3>\n<p>Wenn Sie Fragen zu diesem Artikel oder der Gr\u00f6\u00dfe haben, senden Sie eine E-Mail an unseren Kundenservice unter <a href=\"mailto:web@muchogusto.nl\"><span class=\"s2\">web@muchogusto.nl.<\/span><\/a><\/p>\n<h3>GR\u00d6SSENTABELLEN<\/h3>\n<p>Unsere Gr\u00f6\u00dfen sind in europ\u00e4ischen Gr\u00f6\u00dfen angegeben. Sie k\u00f6nnen diese Gr\u00f6\u00dfen anhand der Tabellen\u00a0<a href=\"https:\/\/muchogusto.nl\/de\/grossentabellen\/\">auf dieser Seite<\/a> leicht umrechnen. Die Passform kann je nach Stil oder pers\u00f6nlicher Vorliebe variieren.<\/p>\n<\/div>\n<\/article>\n<\/div>\n<\/div>\n<\/article>\n<\/div>\n<\/div>\n<\/article>\n<\/div>\n<\/div>\n<section class=\"related products\"><\/section>\n<\/div>\n","protected":false},"excerpt":{"rendered":"<p>This is a variable product.<\/p>\n","protected":false},"featured_media":41170,"comment_status":"open","ping_status":"closed","template":"","meta":{"_acf_changed":false,"inline_featured_image":false,"navigation_state":false,"_genesis_hide_title":false,"_genesis_hide_breadcrumbs":false,"_genesis_hide_singular_image":false,"_genesis_hide_footer_widgets":false,"_genesis_custom_body_class":"","_genesis_custom_post_class":"","_genesis_layout":""},"product_brand":[],"product_cat":[69,81],"product_tag":[],"class_list":{"0":"post-41340","1":"product","2":"type-product","3":"status-publish","4":"has-post-thumbnail","6":"product_cat-kleidung","7":"product_cat-rocke","8":"entry","10":"first","11":"instock","12":"sale","13":"featured","14":"taxable","15":"shipping-taxable","16":"purchasable","17":"product-type-variable"},"acf":[],"yoast_head":"<!-- This site is optimized with the Yoast SEO Premium plugin v27.2 (Yoast SEO v27.2) - https:\/\/yoast.com\/product\/yoast-seo-premium-wordpress\/ -->\n<title>MUCHO GUSTO\u00ae Rock Toulouse Leopard Bunter Kreisdruck<\/title>\n<meta name=\"description\" content=\"MUCHO GUSTO\u00ae Rock Toulouse Leopard Bunter Kreisdruck. Ist ein echter Hingucker. Bei MUCHO GUSTO\u00ae verwenden wir nur Viskose von h\u00f6chster Qualit\u00e4t.\" \/>\n<meta name=\"robots\" content=\"index, follow, max-snippet:-1, max-image-preview:large, max-video-preview:-1\" \/>\n<link rel=\"canonical\" href=\"https:\/\/muchogusto.nl\/de\/produkt\/mucho-gusto-rock-toulouse-leopard-bunter-kreisdruck\/\" \/>\n<meta property=\"og:locale\" content=\"de_DE\" \/>\n<meta property=\"og:type\" content=\"article\" \/>\n<meta property=\"og:title\" content=\"MUCHO GUSTO\u00ae Rock Toulouse Leopard Bunter Kreisdruck\" \/>\n<meta property=\"og:description\" content=\"MUCHO GUSTO\u00ae Rock Toulouse Leopard Bunter Kreisdruck. Ist ein echter Hingucker. Bei MUCHO GUSTO\u00ae verwenden wir nur Viskose von h\u00f6chster Qualit\u00e4t.\" \/>\n<meta property=\"og:url\" content=\"https:\/\/muchogusto.nl\/de\/produkt\/mucho-gusto-rock-toulouse-leopard-bunter-kreisdruck\/\" \/>\n<meta property=\"og:site_name\" content=\"Mucho Gusto\" \/>\n<meta property=\"article:publisher\" content=\"https:\/\/www.facebook.com\/muchogusto.nl\/\" \/>\n<meta property=\"article:modified_time\" content=\"2026-03-02T11:02:38+00:00\" \/>\n<meta property=\"og:image\" content=\"https:\/\/muchogusto.nl\/wp-content\/uploads\/2025\/03\/C51STO_14-scaled.jpg\" \/>\n\t<meta property=\"og:image:width\" content=\"1920\" \/>\n\t<meta property=\"og:image:height\" content=\"2560\" \/>\n\t<meta property=\"og:image:type\" content=\"image\/jpeg\" \/>\n<meta name=\"twitter:card\" content=\"summary_large_image\" \/>\n<meta name=\"twitter:label1\" content=\"Est. reading time\" \/>\n\t<meta name=\"twitter:data1\" content=\"2 minutes\" \/>\n<script type=\"application\/ld+json\" class=\"yoast-schema-graph\">{\"@context\":\"https:\/\/schema.org\",\"@graph\":[{\"@type\":\"WebPage\",\"@id\":\"https:\/\/muchogusto.nl\/de\/produkt\/mucho-gusto-rock-toulouse-leopard-bunter-kreisdruck\/\",\"url\":\"https:\/\/muchogusto.nl\/de\/produkt\/mucho-gusto-rock-toulouse-leopard-bunter-kreisdruck\/\",\"name\":\"MUCHO GUSTO\u00ae Rock Toulouse Leopard Bunter Kreisdruck\",\"isPartOf\":{\"@id\":\"https:\/\/muchogusto.nl\/#website\"},\"primaryImageOfPage\":{\"@id\":\"https:\/\/muchogusto.nl\/de\/produkt\/mucho-gusto-rock-toulouse-leopard-bunter-kreisdruck\/#primaryimage\"},\"image\":{\"@id\":\"https:\/\/muchogusto.nl\/de\/produkt\/mucho-gusto-rock-toulouse-leopard-bunter-kreisdruck\/#primaryimage\"},\"thumbnailUrl\":\"https:\/\/muchogusto.nl\/wp-content\/uploads\/2025\/03\/C51STO_14-scaled.jpg\",\"datePublished\":\"2025-03-10T15:27:33+00:00\",\"dateModified\":\"2026-03-02T11:02:38+00:00\",\"description\":\"MUCHO GUSTO\u00ae Rock Toulouse Leopard Bunter Kreisdruck. Ist ein echter Hingucker. Bei MUCHO GUSTO\u00ae verwenden wir nur Viskose von h\u00f6chster Qualit\u00e4t.\",\"breadcrumb\":{\"@id\":\"https:\/\/muchogusto.nl\/de\/produkt\/mucho-gusto-rock-toulouse-leopard-bunter-kreisdruck\/#breadcrumb\"},\"inLanguage\":\"de-DE\",\"potentialAction\":[{\"@type\":\"ReadAction\",\"target\":[\"https:\/\/muchogusto.nl\/de\/produkt\/mucho-gusto-rock-toulouse-leopard-bunter-kreisdruck\/\"]}]},{\"@type\":\"ImageObject\",\"inLanguage\":\"de-DE\",\"@id\":\"https:\/\/muchogusto.nl\/de\/produkt\/mucho-gusto-rock-toulouse-leopard-bunter-kreisdruck\/#primaryimage\",\"url\":\"https:\/\/muchogusto.nl\/wp-content\/uploads\/2025\/03\/C51STO_14-scaled.jpg\",\"contentUrl\":\"https:\/\/muchogusto.nl\/wp-content\/uploads\/2025\/03\/C51STO_14-scaled.jpg\",\"width\":1920,\"height\":2560,\"caption\":\"MUCHO GUSTO\u00ae Rock Toulouse Leopard Bunter Kreisdruck\"},{\"@type\":\"BreadcrumbList\",\"@id\":\"https:\/\/muchogusto.nl\/de\/produkt\/mucho-gusto-rock-toulouse-leopard-bunter-kreisdruck\/#breadcrumb\",\"itemListElement\":[{\"@type\":\"ListItem\",\"position\":1,\"name\":\"Home\",\"item\":\"https:\/\/muchogusto.nl\/de\/\"},{\"@type\":\"ListItem\",\"position\":2,\"name\":\"Shop\",\"item\":\"https:\/\/muchogusto.nl\/de\/shop-2\/\"},{\"@type\":\"ListItem\",\"position\":3,\"name\":\"MUCHO GUSTO\u00ae Rock Toulouse Leopard Bunter Kreisdruck\"}]},{\"@type\":\"WebSite\",\"@id\":\"https:\/\/muchogusto.nl\/#website\",\"url\":\"https:\/\/muchogusto.nl\/\",\"name\":\"muchogusto.nl\",\"description\":\"\",\"publisher\":{\"@id\":\"https:\/\/muchogusto.nl\/#organization\"},\"potentialAction\":[{\"@type\":\"SearchAction\",\"target\":{\"@type\":\"EntryPoint\",\"urlTemplate\":\"https:\/\/muchogusto.nl\/?s={search_term_string}\"},\"query-input\":{\"@type\":\"PropertyValueSpecification\",\"valueRequired\":true,\"valueName\":\"search_term_string\"}}],\"inLanguage\":\"de-DE\"},{\"@type\":\"Organization\",\"@id\":\"https:\/\/muchogusto.nl\/#organization\",\"name\":\"Mucho Gusto\",\"url\":\"https:\/\/muchogusto.nl\/\",\"logo\":{\"@type\":\"ImageObject\",\"inLanguage\":\"de-DE\",\"@id\":\"https:\/\/muchogusto.nl\/#\/schema\/logo\/image\/\",\"url\":\"https:\/\/muchogusto.nl\/wp-content\/uploads\/2022\/08\/logo_header.svg\",\"contentUrl\":\"https:\/\/muchogusto.nl\/wp-content\/uploads\/2022\/08\/logo_header.svg\",\"caption\":\"Mucho Gusto\"},\"image\":{\"@id\":\"https:\/\/muchogusto.nl\/#\/schema\/logo\/image\/\"},\"sameAs\":[\"https:\/\/www.facebook.com\/muchogusto.nl\/\",\"https:\/\/www.instagram.com\/muchogusto.nl\/\"]}]}<\/script>\n<!-- \/ Yoast SEO Premium plugin. -->","yoast_head_json":{"title":"MUCHO GUSTO\u00ae Rock Toulouse Leopard Bunter Kreisdruck","description":"MUCHO GUSTO\u00ae Rock Toulouse Leopard Bunter Kreisdruck. Ist ein echter Hingucker. Bei MUCHO GUSTO\u00ae verwenden wir nur Viskose von h\u00f6chster Qualit\u00e4t.","robots":{"index":"index","follow":"follow","max-snippet":"max-snippet:-1","max-image-preview":"max-image-preview:large","max-video-preview":"max-video-preview:-1"},"canonical":"https:\/\/muchogusto.nl\/de\/produkt\/mucho-gusto-rock-toulouse-leopard-bunter-kreisdruck\/","og_locale":"de_DE","og_type":"article","og_title":"MUCHO GUSTO\u00ae Rock Toulouse Leopard Bunter Kreisdruck","og_description":"MUCHO GUSTO\u00ae Rock Toulouse Leopard Bunter Kreisdruck. Ist ein echter Hingucker. Bei MUCHO GUSTO\u00ae verwenden wir nur Viskose von h\u00f6chster Qualit\u00e4t.","og_url":"https:\/\/muchogusto.nl\/de\/produkt\/mucho-gusto-rock-toulouse-leopard-bunter-kreisdruck\/","og_site_name":"Mucho Gusto","article_publisher":"https:\/\/www.facebook.com\/muchogusto.nl\/","article_modified_time":"2026-03-02T11:02:38+00:00","og_image":[{"width":1920,"height":2560,"url":"https:\/\/muchogusto.nl\/wp-content\/uploads\/2025\/03\/C51STO_14-scaled.jpg","type":"image\/jpeg"}],"twitter_card":"summary_large_image","twitter_misc":{"Est. reading time":"2 minutes"},"schema":{"@context":"https:\/\/schema.org","@graph":[{"@type":"WebPage","@id":"https:\/\/muchogusto.nl\/de\/produkt\/mucho-gusto-rock-toulouse-leopard-bunter-kreisdruck\/","url":"https:\/\/muchogusto.nl\/de\/produkt\/mucho-gusto-rock-toulouse-leopard-bunter-kreisdruck\/","name":"MUCHO GUSTO\u00ae Rock Toulouse Leopard Bunter Kreisdruck","isPartOf":{"@id":"https:\/\/muchogusto.nl\/#website"},"primaryImageOfPage":{"@id":"https:\/\/muchogusto.nl\/de\/produkt\/mucho-gusto-rock-toulouse-leopard-bunter-kreisdruck\/#primaryimage"},"image":{"@id":"https:\/\/muchogusto.nl\/de\/produkt\/mucho-gusto-rock-toulouse-leopard-bunter-kreisdruck\/#primaryimage"},"thumbnailUrl":"https:\/\/muchogusto.nl\/wp-content\/uploads\/2025\/03\/C51STO_14-scaled.jpg","datePublished":"2025-03-10T15:27:33+00:00","dateModified":"2026-03-02T11:02:38+00:00","description":"MUCHO GUSTO\u00ae Rock Toulouse Leopard Bunter Kreisdruck. Ist ein echter Hingucker. Bei MUCHO GUSTO\u00ae verwenden wir nur Viskose von h\u00f6chster Qualit\u00e4t.","breadcrumb":{"@id":"https:\/\/muchogusto.nl\/de\/produkt\/mucho-gusto-rock-toulouse-leopard-bunter-kreisdruck\/#breadcrumb"},"inLanguage":"de-DE","potentialAction":[{"@type":"ReadAction","target":["https:\/\/muchogusto.nl\/de\/produkt\/mucho-gusto-rock-toulouse-leopard-bunter-kreisdruck\/"]}]},{"@type":"ImageObject","inLanguage":"de-DE","@id":"https:\/\/muchogusto.nl\/de\/produkt\/mucho-gusto-rock-toulouse-leopard-bunter-kreisdruck\/#primaryimage","url":"https:\/\/muchogusto.nl\/wp-content\/uploads\/2025\/03\/C51STO_14-scaled.jpg","contentUrl":"https:\/\/muchogusto.nl\/wp-content\/uploads\/2025\/03\/C51STO_14-scaled.jpg","width":1920,"height":2560,"caption":"MUCHO GUSTO\u00ae Rock Toulouse Leopard Bunter Kreisdruck"},{"@type":"BreadcrumbList","@id":"https:\/\/muchogusto.nl\/de\/produkt\/mucho-gusto-rock-toulouse-leopard-bunter-kreisdruck\/#breadcrumb","itemListElement":[{"@type":"ListItem","position":1,"name":"Home","item":"https:\/\/muchogusto.nl\/de\/"},{"@type":"ListItem","position":2,"name":"Shop","item":"https:\/\/muchogusto.nl\/de\/shop-2\/"},{"@type":"ListItem","position":3,"name":"MUCHO GUSTO\u00ae Rock Toulouse Leopard Bunter Kreisdruck"}]},{"@type":"WebSite","@id":"https:\/\/muchogusto.nl\/#website","url":"https:\/\/muchogusto.nl\/","name":"muchogusto.nl","description":"","publisher":{"@id":"https:\/\/muchogusto.nl\/#organization"},"potentialAction":[{"@type":"SearchAction","target":{"@type":"EntryPoint","urlTemplate":"https:\/\/muchogusto.nl\/?s={search_term_string}"},"query-input":{"@type":"PropertyValueSpecification","valueRequired":true,"valueName":"search_term_string"}}],"inLanguage":"de-DE"},{"@type":"Organization","@id":"https:\/\/muchogusto.nl\/#organization","name":"Mucho Gusto","url":"https:\/\/muchogusto.nl\/","logo":{"@type":"ImageObject","inLanguage":"de-DE","@id":"https:\/\/muchogusto.nl\/#\/schema\/logo\/image\/","url":"https:\/\/muchogusto.nl\/wp-content\/uploads\/2022\/08\/logo_header.svg","contentUrl":"https:\/\/muchogusto.nl\/wp-content\/uploads\/2022\/08\/logo_header.svg","caption":"Mucho Gusto"},"image":{"@id":"https:\/\/muchogusto.nl\/#\/schema\/logo\/image\/"},"sameAs":["https:\/\/www.facebook.com\/muchogusto.nl\/","https:\/\/www.instagram.com\/muchogusto.nl\/"]}]}},"_links":{"self":[{"href":"https:\/\/muchogusto.nl\/de\/wp-json\/wp\/v2\/product\/41340","targetHints":{"allow":["GET"]}}],"collection":[{"href":"https:\/\/muchogusto.nl\/de\/wp-json\/wp\/v2\/product"}],"about":[{"href":"https:\/\/muchogusto.nl\/de\/wp-json\/wp\/v2\/types\/product"}],"replies":[{"embeddable":true,"href":"https:\/\/muchogusto.nl\/de\/wp-json\/wp\/v2\/comments?post=41340"}],"wp:featuredmedia":[{"embeddable":true,"href":"https:\/\/muchogusto.nl\/de\/wp-json\/wp\/v2\/media\/41170"}],"wp:attachment":[{"href":"https:\/\/muchogusto.nl\/de\/wp-json\/wp\/v2\/media?parent=41340"}],"wp:term":[{"taxonomy":"product_brand","embeddable":true,"href":"https:\/\/muchogusto.nl\/de\/wp-json\/wp\/v2\/product_brand?post=41340"},{"taxonomy":"product_cat","embeddable":true,"href":"https:\/\/muchogusto.nl\/de\/wp-json\/wp\/v2\/product_cat?post=41340"},{"taxonomy":"product_tag","embeddable":true,"href":"https:\/\/muchogusto.nl\/de\/wp-json\/wp\/v2\/product_tag?post=41340"}],"curies":[{"name":"wp","href":"https:\/\/api.w.org\/{rel}","templated":true}]}}