{"id":41129,"date":"2025-03-22T16:33:39","date_gmt":"2025-03-22T15:33:39","guid":{"rendered":"http:\/\/muchogusto.nl\/?post_type=product&#038;p=41129"},"modified":"2026-03-02T12:02:38","modified_gmt":"2026-03-02T11:02:38","slug":"mucho-gusto-poncho-benirras-bunt-gefaerbter-druck","status":"publish","type":"product","link":"https:\/\/muchogusto.nl\/de\/produkt\/mucho-gusto-poncho-benirras-bunt-gefaerbter-druck\/","title":{"rendered":"MUCHO GUSTO\u00ae Poncho Benirras Bunt Gef\u00e4rbter Druck"},"content":{"rendered":"<h3>DETAILS ZUM PRODUKT<\/h3>\n<div class=\"flex max-w-full flex-col flex-grow\">\n<div class=\"min-h-8 text-message flex w-full flex-col items-end gap-2 whitespace-normal break-words [.text-message+&amp;]:mt-5\" dir=\"auto\" data-message-author-role=\"assistant\" data-message-id=\"d20d2942-b542-4d02-952d-1098fd050c21\" data-message-model-slug=\"gpt-4o\">\n<div class=\"flex w-full flex-col gap-1 empty:hidden first:pt-[3px]\">\n<div class=\"markdown prose w-full break-words dark:prose-invert light\">\n<div class=\"flex max-w-full flex-col flex-grow\">\n<div class=\"min-h-8 text-message flex w-full flex-col items-end gap-2 whitespace-normal break-words [.text-message+&amp;]:mt-5\" dir=\"auto\" data-message-author-role=\"assistant\" data-message-id=\"a71b404f-c0b7-4a6e-8b03-c700fed3d052\" data-message-model-slug=\"gpt-4o\">\n<div class=\"flex w-full flex-col gap-1 empty:hidden first:pt-[3px]\">\n<div class=\"markdown prose w-full break-words dark:prose-invert light\">\n<p data-start=\"0\" data-end=\"54\"><strong>MUCHO GUSTO\u00ae Poncho Benirras Bunt Gef\u00e4rbter Druck<\/strong><\/p>\n<p>Der <strong>MUCHO GUSTO\u00ae Poncho Benirras Bunt Gef\u00e4rbter Druck<\/strong> ist ein luxuri\u00f6ses Einzelst\u00fcck aus 100 % Seide, das sich leicht und flie\u00dfend anf\u00fchlt und einen weichen und raffinierten Griff hat. Dieser Poncho wurde f\u00fcr die moderne Frau entworfen, die sowohl Eleganz als auch Individualit\u00e4t sch\u00e4tzt, und ist eine wahre Verk\u00f6rperung des niederl\u00e4ndischen Designs und der handwerklichen Kunstfertigkeit.<\/p>\n<p>Der lebendige Druck ist eine Explosion von kr\u00e4ftigen Farben und abstrakten k\u00fcnstlerischen Elementen, die Schattierungen von Rosa, Orange, Gelb, Gr\u00fcn und Blau zu einer visuell auff\u00e4lligen Komposition verschmelzen. Das Design weist ausdrucksstarke handgemalte Details, organische Formen und grafische Akzente auf, die an die Natur und abstrakte Kunst erinnern und eine dynamische und anspruchsvolle \u00c4sthetik schaffen. Die pinkfarbene Umrandung umrahmt das St\u00fcck und unterstreicht seinen lebendigen und verspielten Reiz.<\/p>\n<p>Dieser Poncho ist in One Size erh\u00e4ltlich und zeichnet sich durch Vielseitigkeit und m\u00fcheloses Styling aus. Ob \u00fcber ein l\u00e4ssiges Tagesoutfit drapiert oder elegant zu einem Abendoutfit kombiniert, der MUCHO GUSTO\u00ae Poncho Benirras ist eine zeitlose Erg\u00e4nzung f\u00fcr jede Garderobe.<\/p>\n<p><strong>Holl\u00e4ndisches Design<\/strong><br \/>\n<strong>Material:<\/strong> 100% Seide<br \/>\n<strong>Passform:<\/strong> Locker und flie\u00dfend, One Size<br \/>\n<strong>Druck:<\/strong> Abstrakt, bunt und k\u00fcnstlerisch<br \/>\n<strong>Detail:<\/strong> Kontrastierender Rand in leuchtendem Pink<\/p>\n<div class=\"summary\">\n<div class=\"tccContent\">\n<h3>PASSENDE ARTIKEL<\/h3>\n<p class=\"p2\"><span class=\"s1\">Vervollst\u00e4ndigen Sie Ihren Look mit einem passenden\u00a0<a href=\"https:\/\/muchogusto.nl\/de\/schals\/\"><span class=\"s2\">Schal<\/span><\/a>.<br \/>\n<\/span><span class=\"s1\">M\u00f6chten Sie mehr Blusen sehen? Dann schauen Sie sich unsere\u00a0<a href=\"https:\/\/muchogusto.nl\/de\/blusen\/\"><span class=\"s2\">Bekleidungsseite<\/span><\/a>\u00a0an.<br \/>\n<\/span><span class=\"s1\">M\u00f6chten Sie mehr Inspiration? Besuchen Sie unsere\u00a0<a href=\"https:\/\/www.instagram.com\/muchogusto.nl\/\"><span class=\"s2\">Instagram<\/span><\/a>-Seite.\u00a0<\/span><\/p>\n<h3>BRAUCHEN SIE HILFE?<\/h3>\n<p>Wenn Sie Fragen zu diesem Artikel oder der Gr\u00f6\u00dfe haben, senden Sie eine E-Mail an unseren Kundenservice unter<a href=\"http:\/\/muchogusto.nl\/de\/\"><span class=\"s2\">web@muchogusto.nl.<\/span><\/a><\/p>\n<h3>GR\u00d6SSENTABELLEN<\/h3>\n<p>Unsere Gr\u00f6\u00dfen sind in europ\u00e4ischen Gr\u00f6\u00dfen angegeben. Sie k\u00f6nnen diese Gr\u00f6\u00dfen anhand der Tabellen\u00a0<a href=\"https:\/\/muchogusto.nl\/de\/grossentabellen\/\">auf dieser Seite<\/a>\u00a0leicht umrechnen. Die Passform kann je nach Stil oder pers\u00f6nlicher Vorliebe variieren.<\/p>\n<\/div>\n<\/div>\n<\/div>\n<\/div>\n<\/div>\n<\/div>\n<\/div>\n<\/div>\n<\/div>\n<\/div>\n","protected":false},"excerpt":{"rendered":"<p>This is a variable product.<\/p>\n","protected":false},"featured_media":41124,"comment_status":"open","ping_status":"closed","template":"","meta":{"_acf_changed":false,"inline_featured_image":false,"navigation_state":false,"_genesis_hide_title":false,"_genesis_hide_breadcrumbs":false,"_genesis_hide_singular_image":false,"_genesis_hide_footer_widgets":false,"_genesis_custom_body_class":"","_genesis_custom_post_class":"","_genesis_layout":""},"product_brand":[],"product_cat":[69,3296],"product_tag":[],"class_list":{"0":"post-41129","1":"product","2":"type-product","3":"status-publish","4":"has-post-thumbnail","6":"product_cat-kleidung","7":"product_cat-ponchos-de","8":"entry","10":"first","11":"instock","12":"sale","13":"featured","14":"taxable","15":"shipping-taxable","16":"purchasable","17":"product-type-simple"},"acf":[],"yoast_head":"<!-- This site is optimized with the Yoast SEO Premium plugin v27.2 (Yoast SEO v27.2) - https:\/\/yoast.com\/product\/yoast-seo-premium-wordpress\/ -->\n<title>MUCHO GUSTO\u00ae Poncho Benirras Bunt Gef\u00e4rbter Druck<\/title>\n<meta name=\"description\" content=\"MUCHO GUSTO\u00ae Poncho Benirras Bunt Gef\u00e4rbter Druck. Genie\u00dfen Sie schicke Eleganz mit dem Poncho von MUCHO GUSTO\u00ae aus feinstem Material.\" \/>\n<meta name=\"robots\" content=\"index, follow, max-snippet:-1, max-image-preview:large, max-video-preview:-1\" \/>\n<link rel=\"canonical\" href=\"https:\/\/muchogusto.nl\/de\/produkt\/mucho-gusto-poncho-benirras-bunt-gefaerbter-druck\/\" \/>\n<meta property=\"og:locale\" content=\"de_DE\" \/>\n<meta property=\"og:type\" content=\"article\" \/>\n<meta property=\"og:title\" content=\"MUCHO GUSTO\u00ae Poncho Benirras Bunt Gef\u00e4rbter Druck\" \/>\n<meta property=\"og:description\" content=\"MUCHO GUSTO\u00ae Poncho Benirras Bunt Gef\u00e4rbter Druck. Genie\u00dfen Sie schicke Eleganz mit dem Poncho von MUCHO GUSTO\u00ae aus feinstem Material.\" \/>\n<meta property=\"og:url\" content=\"https:\/\/muchogusto.nl\/de\/produkt\/mucho-gusto-poncho-benirras-bunt-gefaerbter-druck\/\" \/>\n<meta property=\"og:site_name\" content=\"Mucho Gusto\" \/>\n<meta property=\"article:publisher\" content=\"https:\/\/www.facebook.com\/muchogusto.nl\/\" \/>\n<meta property=\"article:modified_time\" content=\"2026-03-02T11:02:38+00:00\" \/>\n<meta property=\"og:image\" content=\"http:\/\/muchogusto.nl\/wp-content\/uploads\/2025\/03\/NGC51BEN105-scaled.jpg\" \/>\n\t<meta property=\"og:image:width\" content=\"1920\" \/>\n\t<meta property=\"og:image:height\" content=\"2560\" \/>\n\t<meta property=\"og:image:type\" content=\"image\/jpeg\" \/>\n<meta name=\"twitter:card\" content=\"summary_large_image\" \/>\n<meta name=\"twitter:label1\" content=\"Est. reading time\" \/>\n\t<meta name=\"twitter:data1\" content=\"2 minutes\" \/>\n<script type=\"application\/ld+json\" class=\"yoast-schema-graph\">{\"@context\":\"https:\/\/schema.org\",\"@graph\":[{\"@type\":\"WebPage\",\"@id\":\"https:\/\/muchogusto.nl\/de\/produkt\/mucho-gusto-poncho-benirras-bunt-gefaerbter-druck\/\",\"url\":\"https:\/\/muchogusto.nl\/de\/produkt\/mucho-gusto-poncho-benirras-bunt-gefaerbter-druck\/\",\"name\":\"MUCHO GUSTO\u00ae Poncho Benirras Bunt Gef\u00e4rbter Druck\",\"isPartOf\":{\"@id\":\"https:\/\/muchogusto.nl\/#website\"},\"primaryImageOfPage\":{\"@id\":\"https:\/\/muchogusto.nl\/de\/produkt\/mucho-gusto-poncho-benirras-bunt-gefaerbter-druck\/#primaryimage\"},\"image\":{\"@id\":\"https:\/\/muchogusto.nl\/de\/produkt\/mucho-gusto-poncho-benirras-bunt-gefaerbter-druck\/#primaryimage\"},\"thumbnailUrl\":\"https:\/\/muchogusto.nl\/wp-content\/uploads\/2025\/03\/NGC51BEN105-scaled.jpg\",\"datePublished\":\"2025-03-22T15:33:39+00:00\",\"dateModified\":\"2026-03-02T11:02:38+00:00\",\"description\":\"MUCHO GUSTO\u00ae Poncho Benirras Bunt Gef\u00e4rbter Druck. Genie\u00dfen Sie schicke Eleganz mit dem Poncho von MUCHO GUSTO\u00ae aus feinstem Material.\",\"breadcrumb\":{\"@id\":\"https:\/\/muchogusto.nl\/de\/produkt\/mucho-gusto-poncho-benirras-bunt-gefaerbter-druck\/#breadcrumb\"},\"inLanguage\":\"de-DE\",\"potentialAction\":[{\"@type\":\"ReadAction\",\"target\":[\"https:\/\/muchogusto.nl\/de\/produkt\/mucho-gusto-poncho-benirras-bunt-gefaerbter-druck\/\"]}]},{\"@type\":\"ImageObject\",\"inLanguage\":\"de-DE\",\"@id\":\"https:\/\/muchogusto.nl\/de\/produkt\/mucho-gusto-poncho-benirras-bunt-gefaerbter-druck\/#primaryimage\",\"url\":\"https:\/\/muchogusto.nl\/wp-content\/uploads\/2025\/03\/NGC51BEN105-scaled.jpg\",\"contentUrl\":\"https:\/\/muchogusto.nl\/wp-content\/uploads\/2025\/03\/NGC51BEN105-scaled.jpg\",\"width\":1920,\"height\":2560,\"caption\":\"MUCHO GUSTO\u00ae Poncho Benirras Bunt Gef\u00e4rbter Druck\"},{\"@type\":\"BreadcrumbList\",\"@id\":\"https:\/\/muchogusto.nl\/de\/produkt\/mucho-gusto-poncho-benirras-bunt-gefaerbter-druck\/#breadcrumb\",\"itemListElement\":[{\"@type\":\"ListItem\",\"position\":1,\"name\":\"Home\",\"item\":\"https:\/\/muchogusto.nl\/de\/\"},{\"@type\":\"ListItem\",\"position\":2,\"name\":\"Shop\",\"item\":\"https:\/\/muchogusto.nl\/de\/shop-2\/\"},{\"@type\":\"ListItem\",\"position\":3,\"name\":\"MUCHO GUSTO\u00ae Poncho Benirras Bunt Gef\u00e4rbter Druck\"}]},{\"@type\":\"WebSite\",\"@id\":\"https:\/\/muchogusto.nl\/#website\",\"url\":\"https:\/\/muchogusto.nl\/\",\"name\":\"muchogusto.nl\",\"description\":\"\",\"publisher\":{\"@id\":\"https:\/\/muchogusto.nl\/#organization\"},\"potentialAction\":[{\"@type\":\"SearchAction\",\"target\":{\"@type\":\"EntryPoint\",\"urlTemplate\":\"https:\/\/muchogusto.nl\/?s={search_term_string}\"},\"query-input\":{\"@type\":\"PropertyValueSpecification\",\"valueRequired\":true,\"valueName\":\"search_term_string\"}}],\"inLanguage\":\"de-DE\"},{\"@type\":\"Organization\",\"@id\":\"https:\/\/muchogusto.nl\/#organization\",\"name\":\"Mucho Gusto\",\"url\":\"https:\/\/muchogusto.nl\/\",\"logo\":{\"@type\":\"ImageObject\",\"inLanguage\":\"de-DE\",\"@id\":\"https:\/\/muchogusto.nl\/#\/schema\/logo\/image\/\",\"url\":\"https:\/\/muchogusto.nl\/wp-content\/uploads\/2022\/08\/logo_header.svg\",\"contentUrl\":\"https:\/\/muchogusto.nl\/wp-content\/uploads\/2022\/08\/logo_header.svg\",\"caption\":\"Mucho Gusto\"},\"image\":{\"@id\":\"https:\/\/muchogusto.nl\/#\/schema\/logo\/image\/\"},\"sameAs\":[\"https:\/\/www.facebook.com\/muchogusto.nl\/\",\"https:\/\/www.instagram.com\/muchogusto.nl\/\"]}]}<\/script>\n<!-- \/ Yoast SEO Premium plugin. -->","yoast_head_json":{"title":"MUCHO GUSTO\u00ae Poncho Benirras Bunt Gef\u00e4rbter Druck","description":"MUCHO GUSTO\u00ae Poncho Benirras Bunt Gef\u00e4rbter Druck. Genie\u00dfen Sie schicke Eleganz mit dem Poncho von MUCHO GUSTO\u00ae aus feinstem Material.","robots":{"index":"index","follow":"follow","max-snippet":"max-snippet:-1","max-image-preview":"max-image-preview:large","max-video-preview":"max-video-preview:-1"},"canonical":"https:\/\/muchogusto.nl\/de\/produkt\/mucho-gusto-poncho-benirras-bunt-gefaerbter-druck\/","og_locale":"de_DE","og_type":"article","og_title":"MUCHO GUSTO\u00ae Poncho Benirras Bunt Gef\u00e4rbter Druck","og_description":"MUCHO GUSTO\u00ae Poncho Benirras Bunt Gef\u00e4rbter Druck. Genie\u00dfen Sie schicke Eleganz mit dem Poncho von MUCHO GUSTO\u00ae aus feinstem Material.","og_url":"https:\/\/muchogusto.nl\/de\/produkt\/mucho-gusto-poncho-benirras-bunt-gefaerbter-druck\/","og_site_name":"Mucho Gusto","article_publisher":"https:\/\/www.facebook.com\/muchogusto.nl\/","article_modified_time":"2026-03-02T11:02:38+00:00","og_image":[{"width":1920,"height":2560,"url":"http:\/\/muchogusto.nl\/wp-content\/uploads\/2025\/03\/NGC51BEN105-scaled.jpg","type":"image\/jpeg"}],"twitter_card":"summary_large_image","twitter_misc":{"Est. reading time":"2 minutes"},"schema":{"@context":"https:\/\/schema.org","@graph":[{"@type":"WebPage","@id":"https:\/\/muchogusto.nl\/de\/produkt\/mucho-gusto-poncho-benirras-bunt-gefaerbter-druck\/","url":"https:\/\/muchogusto.nl\/de\/produkt\/mucho-gusto-poncho-benirras-bunt-gefaerbter-druck\/","name":"MUCHO GUSTO\u00ae Poncho Benirras Bunt Gef\u00e4rbter Druck","isPartOf":{"@id":"https:\/\/muchogusto.nl\/#website"},"primaryImageOfPage":{"@id":"https:\/\/muchogusto.nl\/de\/produkt\/mucho-gusto-poncho-benirras-bunt-gefaerbter-druck\/#primaryimage"},"image":{"@id":"https:\/\/muchogusto.nl\/de\/produkt\/mucho-gusto-poncho-benirras-bunt-gefaerbter-druck\/#primaryimage"},"thumbnailUrl":"https:\/\/muchogusto.nl\/wp-content\/uploads\/2025\/03\/NGC51BEN105-scaled.jpg","datePublished":"2025-03-22T15:33:39+00:00","dateModified":"2026-03-02T11:02:38+00:00","description":"MUCHO GUSTO\u00ae Poncho Benirras Bunt Gef\u00e4rbter Druck. Genie\u00dfen Sie schicke Eleganz mit dem Poncho von MUCHO GUSTO\u00ae aus feinstem Material.","breadcrumb":{"@id":"https:\/\/muchogusto.nl\/de\/produkt\/mucho-gusto-poncho-benirras-bunt-gefaerbter-druck\/#breadcrumb"},"inLanguage":"de-DE","potentialAction":[{"@type":"ReadAction","target":["https:\/\/muchogusto.nl\/de\/produkt\/mucho-gusto-poncho-benirras-bunt-gefaerbter-druck\/"]}]},{"@type":"ImageObject","inLanguage":"de-DE","@id":"https:\/\/muchogusto.nl\/de\/produkt\/mucho-gusto-poncho-benirras-bunt-gefaerbter-druck\/#primaryimage","url":"https:\/\/muchogusto.nl\/wp-content\/uploads\/2025\/03\/NGC51BEN105-scaled.jpg","contentUrl":"https:\/\/muchogusto.nl\/wp-content\/uploads\/2025\/03\/NGC51BEN105-scaled.jpg","width":1920,"height":2560,"caption":"MUCHO GUSTO\u00ae Poncho Benirras Bunt Gef\u00e4rbter Druck"},{"@type":"BreadcrumbList","@id":"https:\/\/muchogusto.nl\/de\/produkt\/mucho-gusto-poncho-benirras-bunt-gefaerbter-druck\/#breadcrumb","itemListElement":[{"@type":"ListItem","position":1,"name":"Home","item":"https:\/\/muchogusto.nl\/de\/"},{"@type":"ListItem","position":2,"name":"Shop","item":"https:\/\/muchogusto.nl\/de\/shop-2\/"},{"@type":"ListItem","position":3,"name":"MUCHO GUSTO\u00ae Poncho Benirras Bunt Gef\u00e4rbter Druck"}]},{"@type":"WebSite","@id":"https:\/\/muchogusto.nl\/#website","url":"https:\/\/muchogusto.nl\/","name":"muchogusto.nl","description":"","publisher":{"@id":"https:\/\/muchogusto.nl\/#organization"},"potentialAction":[{"@type":"SearchAction","target":{"@type":"EntryPoint","urlTemplate":"https:\/\/muchogusto.nl\/?s={search_term_string}"},"query-input":{"@type":"PropertyValueSpecification","valueRequired":true,"valueName":"search_term_string"}}],"inLanguage":"de-DE"},{"@type":"Organization","@id":"https:\/\/muchogusto.nl\/#organization","name":"Mucho Gusto","url":"https:\/\/muchogusto.nl\/","logo":{"@type":"ImageObject","inLanguage":"de-DE","@id":"https:\/\/muchogusto.nl\/#\/schema\/logo\/image\/","url":"https:\/\/muchogusto.nl\/wp-content\/uploads\/2022\/08\/logo_header.svg","contentUrl":"https:\/\/muchogusto.nl\/wp-content\/uploads\/2022\/08\/logo_header.svg","caption":"Mucho Gusto"},"image":{"@id":"https:\/\/muchogusto.nl\/#\/schema\/logo\/image\/"},"sameAs":["https:\/\/www.facebook.com\/muchogusto.nl\/","https:\/\/www.instagram.com\/muchogusto.nl\/"]}]}},"_links":{"self":[{"href":"https:\/\/muchogusto.nl\/de\/wp-json\/wp\/v2\/product\/41129","targetHints":{"allow":["GET"]}}],"collection":[{"href":"https:\/\/muchogusto.nl\/de\/wp-json\/wp\/v2\/product"}],"about":[{"href":"https:\/\/muchogusto.nl\/de\/wp-json\/wp\/v2\/types\/product"}],"replies":[{"embeddable":true,"href":"https:\/\/muchogusto.nl\/de\/wp-json\/wp\/v2\/comments?post=41129"}],"wp:featuredmedia":[{"embeddable":true,"href":"https:\/\/muchogusto.nl\/de\/wp-json\/wp\/v2\/media\/41124"}],"wp:attachment":[{"href":"https:\/\/muchogusto.nl\/de\/wp-json\/wp\/v2\/media?parent=41129"}],"wp:term":[{"taxonomy":"product_brand","embeddable":true,"href":"https:\/\/muchogusto.nl\/de\/wp-json\/wp\/v2\/product_brand?post=41129"},{"taxonomy":"product_cat","embeddable":true,"href":"https:\/\/muchogusto.nl\/de\/wp-json\/wp\/v2\/product_cat?post=41129"},{"taxonomy":"product_tag","embeddable":true,"href":"https:\/\/muchogusto.nl\/de\/wp-json\/wp\/v2\/product_tag?post=41129"}],"curies":[{"name":"wp","href":"https:\/\/api.w.org\/{rel}","templated":true}]}}