{"id":40818,"date":"2025-03-22T16:34:36","date_gmt":"2025-03-22T15:34:36","guid":{"rendered":"http:\/\/muchogusto.nl\/?post_type=product&#038;p=40818"},"modified":"2026-03-02T12:02:38","modified_gmt":"2026-03-02T11:02:38","slug":"mucho-gusto-pareo-dress-procida-rotes-herz-eleganz","status":"publish","type":"product","link":"https:\/\/muchogusto.nl\/de\/produkt\/mucho-gusto-pareo-dress-procida-rotes-herz-eleganz\/","title":{"rendered":"MUCHO GUSTO\u00ae Pareo Dress Procida Rotes Herz Eleganz"},"content":{"rendered":"<h3>DETAILS ZUM PRODUKT<\/h3>\n<div class=\"flex max-w-full flex-col flex-grow\">\n<div class=\"min-h-8 text-message flex w-full flex-col items-end gap-2 whitespace-normal break-words [.text-message+&amp;]:mt-5\" dir=\"auto\" data-message-author-role=\"assistant\" data-message-id=\"5e40b6e0-497d-4ed9-b227-2bfb5007ae1a\" data-message-model-slug=\"gpt-4o\">\n<div class=\"flex w-full flex-col gap-1 empty:hidden first:pt-[3px]\">\n<div class=\"markdown prose w-full break-words dark:prose-invert light\">\n<div class=\"flex max-w-full flex-col flex-grow\">\n<div class=\"min-h-8 text-message flex w-full flex-col items-end gap-2 whitespace-normal break-words text-start [.text-message+&amp;]:mt-5\" dir=\"auto\" data-message-author-role=\"assistant\" data-message-id=\"c300ad90-d83a-41b0-abe8-2d9b76d70c95\" data-message-model-slug=\"gpt-4o-mini\">\n<div class=\"flex w-full flex-col gap-1 empty:hidden first:pt-[3px]\">\n<div class=\"markdown prose w-full break-words dark:prose-invert light\">\n<p><strong>MUCHO GUSTO\u00ae Pareo Dress Procida Rotes Herz Eleganz<\/strong><\/p>\n<p>Das <strong>MUCHO GUSTO\u00ae Pareo Dress Procida Rotes Herz Eleganz<\/strong>\u00a0ist eine exquisite und verspielte Kreation, die auff\u00e4llige Muster und leuchtende Farben f\u00fcr einen m\u00fchelos einzigartigen Look kombiniert. Dieses elegante St\u00fcck Stoff ist so konzipiert, dass es wie ein Pareo um den K\u00f6rper gewickelt werden kann. Es bietet ein wundersch\u00f6n verarbeitetes Textil, das zu Ihrem eigenen Pareo geformt werden kann. Der Stoff ist mit einem verschlungenen roten Herzmotiv verziert, das in ein kettenartiges Design eingewebt ist, und zeigt eine harmonische Mischung aus Leopardendruck, floralen Akzenten und Patchwork-Elementen, was zu einer eklektischen und doch raffinierten \u00c4sthetik f\u00fchrt.<\/p>\n<p>Das Procida Red Heart Elegance ist aus einer luxuri\u00f6sen und dehnbaren Mischung aus 83% Polyamid und 17% Elastan gefertigt und sorgt f\u00fcr eine schmeichelhafte und bequeme Passform bei gleichzeitig hoher Bewegungsfreiheit. Durch sein vielseitiges Design ist es sowohl f\u00fcr den Tag als auch f\u00fcr den Abend geeignet und erm\u00f6glicht es Ihnen, Ihren individuellen Stil mit Selbstvertrauen und Anmut zu pr\u00e4sentieren.<\/p>\n<p>Das Procida Red Heart Elegance ist perfekt f\u00fcr die anspruchsvolle Frau. Es l\u00e4sst sich sowohl mit Absatzschuhen f\u00fcr einen gehobenen, raffinierten Look als auch mit Sneakers f\u00fcr ein l\u00e4ssiges, schickes Ensemble kombinieren. Dieses St\u00fcck verk\u00f6rpert das Engagement von MUCHO GUSTO\u00ae f\u00fcr hochwertige, einzigartige Kreationen, die einen bleibenden Eindruck hinterlassen.<\/p>\n<p><strong>Holl\u00e4ndisches Design<\/strong><br \/>\n<strong>Material:<\/strong> 83% Polyamid, 17% Elasthan<br \/>\n<strong>Verf\u00fcgbare Gr\u00f6\u00dfen:<\/strong> Einheitsgr\u00f6\u00dfe<br \/>\n<strong>Farbe:<\/strong> Rot mit Herz, Leopardendruck und floralen Patchwork-Details<\/p>\n<div class=\"summary\">\n<div class=\"tccContent\">\n<h3>PASSENDE ARTIKEL<\/h3>\n<p class=\"p2\"><span class=\"s1\">Vervollst\u00e4ndigen Sie Ihren Look mit einem passenden\u00a0<a href=\"https:\/\/muchogusto.nl\/de\/schals\/\"><span class=\"s2\">Schal<\/span><\/a>.<br \/>\n<\/span><span class=\"s1\">M\u00f6chten Sie mehr Blusen sehen? Dann schauen Sie sich unsere\u00a0<a href=\"https:\/\/muchogusto.nl\/de\/blusen\/\"><span class=\"s2\">Bekleidungsseite<\/span><\/a>\u00a0an.<br \/>\n<\/span><span class=\"s1\">M\u00f6chten Sie mehr Inspiration? Besuchen Sie unsere\u00a0<a href=\"https:\/\/www.instagram.com\/muchogusto.nl\/\"><span class=\"s2\">Instagram<\/span><\/a>-Seite.\u00a0<\/span><\/p>\n<h3>BRAUCHEN SIE HILFE?<\/h3>\n<p>Wenn Sie Fragen zu diesem Artikel oder der Gr\u00f6\u00dfe haben, senden Sie eine E-Mail an unseren Kundenservice unter<a href=\"http:\/\/muchogusto.nl\/de\/\"><span class=\"s2\">web@muchogusto.nl.<\/span><\/a><\/p>\n<h3>GR\u00d6SSENTABELLEN<\/h3>\n<p>Unsere Gr\u00f6\u00dfen sind in europ\u00e4ischen Gr\u00f6\u00dfen angegeben. Sie k\u00f6nnen diese Gr\u00f6\u00dfen anhand der Tabellen\u00a0<a href=\"https:\/\/muchogusto.nl\/de\/grossentabellen\/\">auf dieser Seite<\/a>\u00a0leicht umrechnen. Die Passform kann je nach Stil oder pers\u00f6nlicher Vorliebe variieren.<\/p>\n<\/div>\n<\/div>\n<\/div>\n<\/div>\n<\/div>\n<\/div>\n<\/div>\n<\/div>\n<\/div>\n<\/div>\n","protected":false},"excerpt":{"rendered":"<p>This is a variable product.<\/p>\n","protected":false},"featured_media":40160,"comment_status":"open","ping_status":"closed","template":"","meta":{"_acf_changed":false,"inline_featured_image":false,"navigation_state":false,"_genesis_hide_title":false,"_genesis_hide_breadcrumbs":false,"_genesis_hide_singular_image":false,"_genesis_hide_footer_widgets":false,"_genesis_custom_body_class":"","_genesis_custom_post_class":"","_genesis_layout":""},"product_brand":[],"product_cat":[73,69],"product_tag":[],"class_list":{"0":"post-40818","1":"product","2":"type-product","3":"status-publish","4":"has-post-thumbnail","6":"product_cat-kleider","7":"product_cat-kleidung","8":"entry","10":"first","11":"instock","12":"sale","13":"featured","14":"taxable","15":"shipping-taxable","16":"purchasable","17":"product-type-simple"},"acf":[],"yoast_head":"<!-- This site is optimized with the Yoast SEO Premium plugin v27.2 (Yoast SEO v27.2) - https:\/\/yoast.com\/product\/yoast-seo-premium-wordpress\/ -->\n<title>MUCHO GUSTO\u00ae Pareo Dress Procida Rotes Herz Eleganz<\/title>\n<meta name=\"description\" content=\"Dieses atemberaubende MUCHO GUSTO\u00ae Pareo Dress Procida Rotes Herz Eleganz. ist ein echter Blickfang. Bei MUCHO GUSTO\u00ae verwenden wir nur die hochwertigsten Materialien.\" \/>\n<meta name=\"robots\" content=\"index, follow, max-snippet:-1, max-image-preview:large, max-video-preview:-1\" \/>\n<link rel=\"canonical\" href=\"https:\/\/muchogusto.nl\/de\/produkt\/mucho-gusto-pareo-dress-procida-rotes-herz-eleganz\/\" \/>\n<meta property=\"og:locale\" content=\"de_DE\" \/>\n<meta property=\"og:type\" content=\"article\" \/>\n<meta property=\"og:title\" content=\"MUCHO GUSTO\u00ae Pareo Dress Procida Rotes Herz Eleganz\" \/>\n<meta property=\"og:description\" content=\"Dieses atemberaubende MUCHO GUSTO\u00ae Pareo Dress Procida Rotes Herz Eleganz. ist ein echter Blickfang. Bei MUCHO GUSTO\u00ae verwenden wir nur die hochwertigsten Materialien.\" \/>\n<meta property=\"og:url\" content=\"https:\/\/muchogusto.nl\/de\/produkt\/mucho-gusto-pareo-dress-procida-rotes-herz-eleganz\/\" \/>\n<meta property=\"og:site_name\" content=\"Mucho Gusto\" \/>\n<meta property=\"article:publisher\" content=\"https:\/\/www.facebook.com\/muchogusto.nl\/\" \/>\n<meta property=\"article:modified_time\" content=\"2026-03-02T11:02:38+00:00\" \/>\n<meta property=\"og:image\" content=\"https:\/\/muchogusto.nl\/wp-content\/uploads\/2025\/02\/NGC51PRO133SPEC-scaled.jpg\" \/>\n\t<meta property=\"og:image:width\" content=\"1920\" \/>\n\t<meta property=\"og:image:height\" content=\"2560\" \/>\n\t<meta property=\"og:image:type\" content=\"image\/jpeg\" \/>\n<meta name=\"twitter:card\" content=\"summary_large_image\" \/>\n<meta name=\"twitter:label1\" content=\"Est. reading time\" \/>\n\t<meta name=\"twitter:data1\" content=\"2 minutes\" \/>\n<script type=\"application\/ld+json\" class=\"yoast-schema-graph\">{\"@context\":\"https:\/\/schema.org\",\"@graph\":[{\"@type\":\"WebPage\",\"@id\":\"https:\/\/muchogusto.nl\/de\/produkt\/mucho-gusto-pareo-dress-procida-rotes-herz-eleganz\/\",\"url\":\"https:\/\/muchogusto.nl\/de\/produkt\/mucho-gusto-pareo-dress-procida-rotes-herz-eleganz\/\",\"name\":\"MUCHO GUSTO\u00ae Pareo Dress Procida Rotes Herz Eleganz\",\"isPartOf\":{\"@id\":\"https:\/\/muchogusto.nl\/#website\"},\"primaryImageOfPage\":{\"@id\":\"https:\/\/muchogusto.nl\/de\/produkt\/mucho-gusto-pareo-dress-procida-rotes-herz-eleganz\/#primaryimage\"},\"image\":{\"@id\":\"https:\/\/muchogusto.nl\/de\/produkt\/mucho-gusto-pareo-dress-procida-rotes-herz-eleganz\/#primaryimage\"},\"thumbnailUrl\":\"https:\/\/muchogusto.nl\/wp-content\/uploads\/2025\/02\/NGC51PRO133SPEC-scaled.jpg\",\"datePublished\":\"2025-03-22T15:34:36+00:00\",\"dateModified\":\"2026-03-02T11:02:38+00:00\",\"description\":\"Dieses atemberaubende MUCHO GUSTO\u00ae Pareo Dress Procida Rotes Herz Eleganz. ist ein echter Blickfang. Bei MUCHO GUSTO\u00ae verwenden wir nur die hochwertigsten Materialien.\",\"breadcrumb\":{\"@id\":\"https:\/\/muchogusto.nl\/de\/produkt\/mucho-gusto-pareo-dress-procida-rotes-herz-eleganz\/#breadcrumb\"},\"inLanguage\":\"de-DE\",\"potentialAction\":[{\"@type\":\"ReadAction\",\"target\":[\"https:\/\/muchogusto.nl\/de\/produkt\/mucho-gusto-pareo-dress-procida-rotes-herz-eleganz\/\"]}]},{\"@type\":\"ImageObject\",\"inLanguage\":\"de-DE\",\"@id\":\"https:\/\/muchogusto.nl\/de\/produkt\/mucho-gusto-pareo-dress-procida-rotes-herz-eleganz\/#primaryimage\",\"url\":\"https:\/\/muchogusto.nl\/wp-content\/uploads\/2025\/02\/NGC51PRO133SPEC-scaled.jpg\",\"contentUrl\":\"https:\/\/muchogusto.nl\/wp-content\/uploads\/2025\/02\/NGC51PRO133SPEC-scaled.jpg\",\"width\":1920,\"height\":2560,\"caption\":\"MUCHO GUSTO\u00ae Pareo Dress Procida Rotes Herz Eleganz\"},{\"@type\":\"BreadcrumbList\",\"@id\":\"https:\/\/muchogusto.nl\/de\/produkt\/mucho-gusto-pareo-dress-procida-rotes-herz-eleganz\/#breadcrumb\",\"itemListElement\":[{\"@type\":\"ListItem\",\"position\":1,\"name\":\"Home\",\"item\":\"https:\/\/muchogusto.nl\/de\/\"},{\"@type\":\"ListItem\",\"position\":2,\"name\":\"Shop\",\"item\":\"https:\/\/muchogusto.nl\/de\/shop-2\/\"},{\"@type\":\"ListItem\",\"position\":3,\"name\":\"MUCHO GUSTO\u00ae Pareo Dress Procida Rotes Herz Eleganz\"}]},{\"@type\":\"WebSite\",\"@id\":\"https:\/\/muchogusto.nl\/#website\",\"url\":\"https:\/\/muchogusto.nl\/\",\"name\":\"muchogusto.nl\",\"description\":\"\",\"publisher\":{\"@id\":\"https:\/\/muchogusto.nl\/#organization\"},\"potentialAction\":[{\"@type\":\"SearchAction\",\"target\":{\"@type\":\"EntryPoint\",\"urlTemplate\":\"https:\/\/muchogusto.nl\/?s={search_term_string}\"},\"query-input\":{\"@type\":\"PropertyValueSpecification\",\"valueRequired\":true,\"valueName\":\"search_term_string\"}}],\"inLanguage\":\"de-DE\"},{\"@type\":\"Organization\",\"@id\":\"https:\/\/muchogusto.nl\/#organization\",\"name\":\"Mucho Gusto\",\"url\":\"https:\/\/muchogusto.nl\/\",\"logo\":{\"@type\":\"ImageObject\",\"inLanguage\":\"de-DE\",\"@id\":\"https:\/\/muchogusto.nl\/#\/schema\/logo\/image\/\",\"url\":\"https:\/\/muchogusto.nl\/wp-content\/uploads\/2022\/08\/logo_header.svg\",\"contentUrl\":\"https:\/\/muchogusto.nl\/wp-content\/uploads\/2022\/08\/logo_header.svg\",\"caption\":\"Mucho Gusto\"},\"image\":{\"@id\":\"https:\/\/muchogusto.nl\/#\/schema\/logo\/image\/\"},\"sameAs\":[\"https:\/\/www.facebook.com\/muchogusto.nl\/\",\"https:\/\/www.instagram.com\/muchogusto.nl\/\"]}]}<\/script>\n<!-- \/ Yoast SEO Premium plugin. -->","yoast_head_json":{"title":"MUCHO GUSTO\u00ae Pareo Dress Procida Rotes Herz Eleganz","description":"Dieses atemberaubende MUCHO GUSTO\u00ae Pareo Dress Procida Rotes Herz Eleganz. ist ein echter Blickfang. Bei MUCHO GUSTO\u00ae verwenden wir nur die hochwertigsten Materialien.","robots":{"index":"index","follow":"follow","max-snippet":"max-snippet:-1","max-image-preview":"max-image-preview:large","max-video-preview":"max-video-preview:-1"},"canonical":"https:\/\/muchogusto.nl\/de\/produkt\/mucho-gusto-pareo-dress-procida-rotes-herz-eleganz\/","og_locale":"de_DE","og_type":"article","og_title":"MUCHO GUSTO\u00ae Pareo Dress Procida Rotes Herz Eleganz","og_description":"Dieses atemberaubende MUCHO GUSTO\u00ae Pareo Dress Procida Rotes Herz Eleganz. ist ein echter Blickfang. Bei MUCHO GUSTO\u00ae verwenden wir nur die hochwertigsten Materialien.","og_url":"https:\/\/muchogusto.nl\/de\/produkt\/mucho-gusto-pareo-dress-procida-rotes-herz-eleganz\/","og_site_name":"Mucho Gusto","article_publisher":"https:\/\/www.facebook.com\/muchogusto.nl\/","article_modified_time":"2026-03-02T11:02:38+00:00","og_image":[{"width":1920,"height":2560,"url":"https:\/\/muchogusto.nl\/wp-content\/uploads\/2025\/02\/NGC51PRO133SPEC-scaled.jpg","type":"image\/jpeg"}],"twitter_card":"summary_large_image","twitter_misc":{"Est. reading time":"2 minutes"},"schema":{"@context":"https:\/\/schema.org","@graph":[{"@type":"WebPage","@id":"https:\/\/muchogusto.nl\/de\/produkt\/mucho-gusto-pareo-dress-procida-rotes-herz-eleganz\/","url":"https:\/\/muchogusto.nl\/de\/produkt\/mucho-gusto-pareo-dress-procida-rotes-herz-eleganz\/","name":"MUCHO GUSTO\u00ae Pareo Dress Procida Rotes Herz Eleganz","isPartOf":{"@id":"https:\/\/muchogusto.nl\/#website"},"primaryImageOfPage":{"@id":"https:\/\/muchogusto.nl\/de\/produkt\/mucho-gusto-pareo-dress-procida-rotes-herz-eleganz\/#primaryimage"},"image":{"@id":"https:\/\/muchogusto.nl\/de\/produkt\/mucho-gusto-pareo-dress-procida-rotes-herz-eleganz\/#primaryimage"},"thumbnailUrl":"https:\/\/muchogusto.nl\/wp-content\/uploads\/2025\/02\/NGC51PRO133SPEC-scaled.jpg","datePublished":"2025-03-22T15:34:36+00:00","dateModified":"2026-03-02T11:02:38+00:00","description":"Dieses atemberaubende MUCHO GUSTO\u00ae Pareo Dress Procida Rotes Herz Eleganz. ist ein echter Blickfang. Bei MUCHO GUSTO\u00ae verwenden wir nur die hochwertigsten Materialien.","breadcrumb":{"@id":"https:\/\/muchogusto.nl\/de\/produkt\/mucho-gusto-pareo-dress-procida-rotes-herz-eleganz\/#breadcrumb"},"inLanguage":"de-DE","potentialAction":[{"@type":"ReadAction","target":["https:\/\/muchogusto.nl\/de\/produkt\/mucho-gusto-pareo-dress-procida-rotes-herz-eleganz\/"]}]},{"@type":"ImageObject","inLanguage":"de-DE","@id":"https:\/\/muchogusto.nl\/de\/produkt\/mucho-gusto-pareo-dress-procida-rotes-herz-eleganz\/#primaryimage","url":"https:\/\/muchogusto.nl\/wp-content\/uploads\/2025\/02\/NGC51PRO133SPEC-scaled.jpg","contentUrl":"https:\/\/muchogusto.nl\/wp-content\/uploads\/2025\/02\/NGC51PRO133SPEC-scaled.jpg","width":1920,"height":2560,"caption":"MUCHO GUSTO\u00ae Pareo Dress Procida Rotes Herz Eleganz"},{"@type":"BreadcrumbList","@id":"https:\/\/muchogusto.nl\/de\/produkt\/mucho-gusto-pareo-dress-procida-rotes-herz-eleganz\/#breadcrumb","itemListElement":[{"@type":"ListItem","position":1,"name":"Home","item":"https:\/\/muchogusto.nl\/de\/"},{"@type":"ListItem","position":2,"name":"Shop","item":"https:\/\/muchogusto.nl\/de\/shop-2\/"},{"@type":"ListItem","position":3,"name":"MUCHO GUSTO\u00ae Pareo Dress Procida Rotes Herz Eleganz"}]},{"@type":"WebSite","@id":"https:\/\/muchogusto.nl\/#website","url":"https:\/\/muchogusto.nl\/","name":"muchogusto.nl","description":"","publisher":{"@id":"https:\/\/muchogusto.nl\/#organization"},"potentialAction":[{"@type":"SearchAction","target":{"@type":"EntryPoint","urlTemplate":"https:\/\/muchogusto.nl\/?s={search_term_string}"},"query-input":{"@type":"PropertyValueSpecification","valueRequired":true,"valueName":"search_term_string"}}],"inLanguage":"de-DE"},{"@type":"Organization","@id":"https:\/\/muchogusto.nl\/#organization","name":"Mucho Gusto","url":"https:\/\/muchogusto.nl\/","logo":{"@type":"ImageObject","inLanguage":"de-DE","@id":"https:\/\/muchogusto.nl\/#\/schema\/logo\/image\/","url":"https:\/\/muchogusto.nl\/wp-content\/uploads\/2022\/08\/logo_header.svg","contentUrl":"https:\/\/muchogusto.nl\/wp-content\/uploads\/2022\/08\/logo_header.svg","caption":"Mucho Gusto"},"image":{"@id":"https:\/\/muchogusto.nl\/#\/schema\/logo\/image\/"},"sameAs":["https:\/\/www.facebook.com\/muchogusto.nl\/","https:\/\/www.instagram.com\/muchogusto.nl\/"]}]}},"_links":{"self":[{"href":"https:\/\/muchogusto.nl\/de\/wp-json\/wp\/v2\/product\/40818","targetHints":{"allow":["GET"]}}],"collection":[{"href":"https:\/\/muchogusto.nl\/de\/wp-json\/wp\/v2\/product"}],"about":[{"href":"https:\/\/muchogusto.nl\/de\/wp-json\/wp\/v2\/types\/product"}],"replies":[{"embeddable":true,"href":"https:\/\/muchogusto.nl\/de\/wp-json\/wp\/v2\/comments?post=40818"}],"wp:featuredmedia":[{"embeddable":true,"href":"https:\/\/muchogusto.nl\/de\/wp-json\/wp\/v2\/media\/40160"}],"wp:attachment":[{"href":"https:\/\/muchogusto.nl\/de\/wp-json\/wp\/v2\/media?parent=40818"}],"wp:term":[{"taxonomy":"product_brand","embeddable":true,"href":"https:\/\/muchogusto.nl\/de\/wp-json\/wp\/v2\/product_brand?post=40818"},{"taxonomy":"product_cat","embeddable":true,"href":"https:\/\/muchogusto.nl\/de\/wp-json\/wp\/v2\/product_cat?post=40818"},{"taxonomy":"product_tag","embeddable":true,"href":"https:\/\/muchogusto.nl\/de\/wp-json\/wp\/v2\/product_tag?post=40818"}],"curies":[{"name":"wp","href":"https:\/\/api.w.org\/{rel}","templated":true}]}}