{"id":37956,"date":"2025-01-15T13:52:01","date_gmt":"2025-01-15T12:52:01","guid":{"rendered":"http:\/\/muchogusto.nl\/?post_type=product&#038;p=37956"},"modified":"2026-03-02T12:02:38","modified_gmt":"2026-03-02T11:02:38","slug":"mucho-gusto-halstuch-zuerich-gruen-ketten-und-paisley","status":"publish","type":"product","link":"https:\/\/muchogusto.nl\/de\/produkt\/mucho-gusto-halstuch-zuerich-gruen-ketten-und-paisley\/","title":{"rendered":"MUCHO GUSTO\u00ae Halstuch Z\u00fcrich Gr\u00fcn Ketten und Paisley"},"content":{"rendered":"<h3>DETAILS ZUM PRODUKT<\/h3>\n<p><strong>MUCHO GUSTO\u00ae Halstuch Z\u00fcrich Gr\u00fcn Ketten und Paisley<\/strong><\/p>\n<p>Werten Sie Ihre Wintergarderobe mit dem luxuri\u00f6sen MUC<strong>HO GUSTO\u00ae Halstuch Z\u00fcrich Gr\u00fcn Ketten und Paisley<\/strong> auf. Dieser atemberaubende Wollschal hat einen sattgr\u00fcnen Grundton, der mit einem symmetrischen Muster aus Paisleys und Ketten verziert ist, was ihm eine elegante und zeitlose \u00c4sthetik verleiht. Die zarten Fransen verleihen dem Schal einen Hauch von Raffinesse und Bewegung.<\/p>\n<p>Dieser Schal aus 100 % Wolle wird mit viel Liebe und Sorgfalt in den Niederlanden handgefertigt und sorgt f\u00fcr W\u00e4rme und Komfort, w\u00e4hrend er gleichzeitig ein gewagtes Modestatement setzt. Ob in Kombination mit einem klassischen Mantel oder \u00fcber l\u00e4ssige Outfits gelegt, der Z\u00fcrich Green Chains and Paisley Schal ist das perfekte Accessoire, um Ihren Look zu vervollst\u00e4ndigen. Bleiben Sie warm und stilvoll mit diesem unverzichtbaren Winteraccessoire!<\/p>\n<p><strong>Holl\u00e4ndische Handarbeit<\/strong><br \/>\n<strong>Gr\u00f6\u00dfe:<\/strong> Einheitsgr\u00f6\u00dfe<br \/>\n<strong>Abmessungen:<\/strong> ca. 160 x 160 cm<br \/>\n<strong>Form:<\/strong> Viereckig<br \/>\n<strong>Material:<\/strong> 100% Wolle<br \/>\n<strong>Farbe:<\/strong> Gr\u00fcn mit Paisleys und Kettchen Druck<\/p>\n<div id=\"product-14517\" class=\"post-14517 product type-product status-publish has-post-thumbnail product_cat-outlet-schals entry first instock sale featured taxable shipping-taxable purchasable product-type-simple\">\n<div class=\"summary\">\n<div class=\"tccContent\">\n<h3>PASSENDE ARTIKEL<\/h3>\n<p class=\"p1\"><span class=\"s1\">Vervollst\u00e4ndigen Sie Ihren Look mit einer passenden\u00a0<a href=\"https:\/\/muchogusto.nl\/de\/blusen\/\"><span class=\"s2\">Bluse.<\/span><\/a><br \/>\n<\/span><span class=\"s1\">M\u00f6chten Sie mehr Schals sehen? Dann schauen Sie sich unsere\u00a0<\/span><a href=\"https:\/\/muchogusto.nl\/de\/schals\/\">Schals und Seidentucher<\/a>\u00a0<span class=\"s1\">an.<br \/>\n<\/span><span class=\"s1\">M\u00f6chten Sie mehr Inspiration? Dann besuchen Sie unsere\u00a0<a href=\"http:\/\/instagram.com\/muchogusto.nl\"><span class=\"s2\">Instagram-Seite<\/span><\/a>.\u00a0<\/span><\/p>\n<h3>BRAUCHEN SIE HILFE?<\/h3>\n<p>Wenn Sie Fragen zu diesem Artikel oder der Gr\u00f6\u00dfe haben, senden Sie eine E-Mail an unseren Kundenservice unter\u00a0<a href=\"mailto:web@muchogusto.nl\"><span class=\"s2\">web@muchogusto.nl<\/span><\/a>.<\/p>\n<\/div>\n<\/div>\n<\/div>\n","protected":false},"excerpt":{"rendered":"<p>DETAILS ZUM PRODUKT MUCHO GUSTO\u00ae Halstuch Z\u00fcrich Gr\u00fcn Ketten und Paisley Werten Sie Ihre Wintergarderobe mit dem luxuri\u00f6sen MUCHO GUSTO\u00ae Halstuch Z\u00fcrich Gr\u00fcn Ketten und Paisley auf. Dieser atemberaubende Wollschal hat einen sattgr\u00fcnen Grundton, der mit einem symmetrischen Muster aus Paisleys und Ketten verziert ist, was ihm eine elegante und zeitlose \u00c4sthetik verleiht. Die zarten [&hellip;]<\/p>\n","protected":false},"featured_media":37947,"comment_status":"open","ping_status":"closed","template":"","meta":{"_acf_changed":false,"inline_featured_image":false,"navigation_state":false,"_genesis_hide_title":false,"_genesis_hide_breadcrumbs":false,"_genesis_hide_singular_image":false,"_genesis_hide_footer_widgets":false,"_genesis_custom_body_class":"","_genesis_custom_post_class":"","_genesis_layout":""},"product_brand":[],"product_cat":[87],"product_tag":[],"class_list":{"0":"post-37956","1":"product","2":"type-product","3":"status-publish","4":"has-post-thumbnail","6":"product_cat-schals","7":"entry","9":"first","10":"instock","11":"sale","12":"taxable","13":"shipping-taxable","14":"purchasable","15":"product-type-simple"},"acf":[],"yoast_head":"<!-- This site is optimized with the Yoast SEO Premium plugin v27.2 (Yoast SEO v27.2) - https:\/\/yoast.com\/product\/yoast-seo-premium-wordpress\/ -->\n<title>MUCHO GUSTO\u00ae Halstuch Z\u00fcrich Gr\u00fcn Ketten und Paisley<\/title>\n<meta name=\"description\" content=\"MUCHO GUSTO\u00ae Halstuch Z\u00fcrich Gr\u00fcn Ketten und Paisley. Dieser Blickfang bei MUCHO GUSTO\u00ae, Wir machen Schals so luxuri\u00f6s wie m\u00f6glich mit den besten Materialien.\" \/>\n<meta name=\"robots\" content=\"index, follow, max-snippet:-1, max-image-preview:large, max-video-preview:-1\" \/>\n<link rel=\"canonical\" href=\"https:\/\/muchogusto.nl\/de\/produkt\/mucho-gusto-halstuch-zuerich-gruen-ketten-und-paisley\/\" \/>\n<meta property=\"og:locale\" content=\"de_DE\" \/>\n<meta property=\"og:type\" content=\"article\" \/>\n<meta property=\"og:title\" content=\"MUCHO GUSTO\u00ae Halstuch Z\u00fcrich Gr\u00fcn Ketten und Paisley\" \/>\n<meta property=\"og:description\" content=\"MUCHO GUSTO\u00ae Halstuch Z\u00fcrich Gr\u00fcn Ketten und Paisley. Dieser Blickfang bei MUCHO GUSTO\u00ae, Wir machen Schals so luxuri\u00f6s wie m\u00f6glich mit den besten Materialien.\" \/>\n<meta property=\"og:url\" content=\"https:\/\/muchogusto.nl\/de\/produkt\/mucho-gusto-halstuch-zuerich-gruen-ketten-und-paisley\/\" \/>\n<meta property=\"og:site_name\" content=\"Mucho Gusto\" \/>\n<meta property=\"article:publisher\" content=\"https:\/\/www.facebook.com\/muchogusto.nl\/\" \/>\n<meta property=\"article:modified_time\" content=\"2026-03-02T11:02:38+00:00\" \/>\n<meta property=\"og:image\" content=\"https:\/\/muchogusto.nl\/wp-content\/uploads\/2025\/01\/S72LOC221-scaled.jpg\" \/>\n\t<meta property=\"og:image:width\" content=\"1920\" \/>\n\t<meta property=\"og:image:height\" content=\"2560\" \/>\n\t<meta property=\"og:image:type\" content=\"image\/jpeg\" \/>\n<meta name=\"twitter:card\" content=\"summary_large_image\" \/>\n<meta name=\"twitter:label1\" content=\"Est. reading time\" \/>\n\t<meta name=\"twitter:data1\" content=\"2 minutes\" \/>\n<script type=\"application\/ld+json\" class=\"yoast-schema-graph\">{\"@context\":\"https:\/\/schema.org\",\"@graph\":[{\"@type\":\"WebPage\",\"@id\":\"https:\/\/muchogusto.nl\/de\/produkt\/mucho-gusto-halstuch-zuerich-gruen-ketten-und-paisley\/\",\"url\":\"https:\/\/muchogusto.nl\/de\/produkt\/mucho-gusto-halstuch-zuerich-gruen-ketten-und-paisley\/\",\"name\":\"MUCHO GUSTO\u00ae Halstuch Z\u00fcrich Gr\u00fcn Ketten und Paisley\",\"isPartOf\":{\"@id\":\"https:\/\/muchogusto.nl\/#website\"},\"primaryImageOfPage\":{\"@id\":\"https:\/\/muchogusto.nl\/de\/produkt\/mucho-gusto-halstuch-zuerich-gruen-ketten-und-paisley\/#primaryimage\"},\"image\":{\"@id\":\"https:\/\/muchogusto.nl\/de\/produkt\/mucho-gusto-halstuch-zuerich-gruen-ketten-und-paisley\/#primaryimage\"},\"thumbnailUrl\":\"https:\/\/muchogusto.nl\/wp-content\/uploads\/2025\/01\/S72LOC221-scaled.jpg\",\"datePublished\":\"2025-01-15T12:52:01+00:00\",\"dateModified\":\"2026-03-02T11:02:38+00:00\",\"description\":\"MUCHO GUSTO\u00ae Halstuch Z\u00fcrich Gr\u00fcn Ketten und Paisley. Dieser Blickfang bei MUCHO GUSTO\u00ae, Wir machen Schals so luxuri\u00f6s wie m\u00f6glich mit den besten Materialien.\",\"breadcrumb\":{\"@id\":\"https:\/\/muchogusto.nl\/de\/produkt\/mucho-gusto-halstuch-zuerich-gruen-ketten-und-paisley\/#breadcrumb\"},\"inLanguage\":\"de-DE\",\"potentialAction\":[{\"@type\":\"ReadAction\",\"target\":[\"https:\/\/muchogusto.nl\/de\/produkt\/mucho-gusto-halstuch-zuerich-gruen-ketten-und-paisley\/\"]}]},{\"@type\":\"ImageObject\",\"inLanguage\":\"de-DE\",\"@id\":\"https:\/\/muchogusto.nl\/de\/produkt\/mucho-gusto-halstuch-zuerich-gruen-ketten-und-paisley\/#primaryimage\",\"url\":\"https:\/\/muchogusto.nl\/wp-content\/uploads\/2025\/01\/S72LOC221-scaled.jpg\",\"contentUrl\":\"https:\/\/muchogusto.nl\/wp-content\/uploads\/2025\/01\/S72LOC221-scaled.jpg\",\"width\":1920,\"height\":2560,\"caption\":\"MUCHO GUSTO\u00ae Halstuch Z\u00fcrich Gr\u00fcn Ketten und Paisley\"},{\"@type\":\"BreadcrumbList\",\"@id\":\"https:\/\/muchogusto.nl\/de\/produkt\/mucho-gusto-halstuch-zuerich-gruen-ketten-und-paisley\/#breadcrumb\",\"itemListElement\":[{\"@type\":\"ListItem\",\"position\":1,\"name\":\"Home\",\"item\":\"https:\/\/muchogusto.nl\/de\/\"},{\"@type\":\"ListItem\",\"position\":2,\"name\":\"Shop\",\"item\":\"https:\/\/muchogusto.nl\/de\/shop-2\/\"},{\"@type\":\"ListItem\",\"position\":3,\"name\":\"MUCHO GUSTO\u00ae Halstuch Z\u00fcrich Gr\u00fcn Ketten und Paisley\"}]},{\"@type\":\"WebSite\",\"@id\":\"https:\/\/muchogusto.nl\/#website\",\"url\":\"https:\/\/muchogusto.nl\/\",\"name\":\"muchogusto.nl\",\"description\":\"\",\"publisher\":{\"@id\":\"https:\/\/muchogusto.nl\/#organization\"},\"potentialAction\":[{\"@type\":\"SearchAction\",\"target\":{\"@type\":\"EntryPoint\",\"urlTemplate\":\"https:\/\/muchogusto.nl\/?s={search_term_string}\"},\"query-input\":{\"@type\":\"PropertyValueSpecification\",\"valueRequired\":true,\"valueName\":\"search_term_string\"}}],\"inLanguage\":\"de-DE\"},{\"@type\":\"Organization\",\"@id\":\"https:\/\/muchogusto.nl\/#organization\",\"name\":\"Mucho Gusto\",\"url\":\"https:\/\/muchogusto.nl\/\",\"logo\":{\"@type\":\"ImageObject\",\"inLanguage\":\"de-DE\",\"@id\":\"https:\/\/muchogusto.nl\/#\/schema\/logo\/image\/\",\"url\":\"https:\/\/muchogusto.nl\/wp-content\/uploads\/2022\/08\/logo_header.svg\",\"contentUrl\":\"https:\/\/muchogusto.nl\/wp-content\/uploads\/2022\/08\/logo_header.svg\",\"caption\":\"Mucho Gusto\"},\"image\":{\"@id\":\"https:\/\/muchogusto.nl\/#\/schema\/logo\/image\/\"},\"sameAs\":[\"https:\/\/www.facebook.com\/muchogusto.nl\/\",\"https:\/\/www.instagram.com\/muchogusto.nl\/\"]}]}<\/script>\n<!-- \/ Yoast SEO Premium plugin. -->","yoast_head_json":{"title":"MUCHO GUSTO\u00ae Halstuch Z\u00fcrich Gr\u00fcn Ketten und Paisley","description":"MUCHO GUSTO\u00ae Halstuch Z\u00fcrich Gr\u00fcn Ketten und Paisley. Dieser Blickfang bei MUCHO GUSTO\u00ae, Wir machen Schals so luxuri\u00f6s wie m\u00f6glich mit den besten Materialien.","robots":{"index":"index","follow":"follow","max-snippet":"max-snippet:-1","max-image-preview":"max-image-preview:large","max-video-preview":"max-video-preview:-1"},"canonical":"https:\/\/muchogusto.nl\/de\/produkt\/mucho-gusto-halstuch-zuerich-gruen-ketten-und-paisley\/","og_locale":"de_DE","og_type":"article","og_title":"MUCHO GUSTO\u00ae Halstuch Z\u00fcrich Gr\u00fcn Ketten und Paisley","og_description":"MUCHO GUSTO\u00ae Halstuch Z\u00fcrich Gr\u00fcn Ketten und Paisley. Dieser Blickfang bei MUCHO GUSTO\u00ae, Wir machen Schals so luxuri\u00f6s wie m\u00f6glich mit den besten Materialien.","og_url":"https:\/\/muchogusto.nl\/de\/produkt\/mucho-gusto-halstuch-zuerich-gruen-ketten-und-paisley\/","og_site_name":"Mucho Gusto","article_publisher":"https:\/\/www.facebook.com\/muchogusto.nl\/","article_modified_time":"2026-03-02T11:02:38+00:00","og_image":[{"width":1920,"height":2560,"url":"https:\/\/muchogusto.nl\/wp-content\/uploads\/2025\/01\/S72LOC221-scaled.jpg","type":"image\/jpeg"}],"twitter_card":"summary_large_image","twitter_misc":{"Est. reading time":"2 minutes"},"schema":{"@context":"https:\/\/schema.org","@graph":[{"@type":"WebPage","@id":"https:\/\/muchogusto.nl\/de\/produkt\/mucho-gusto-halstuch-zuerich-gruen-ketten-und-paisley\/","url":"https:\/\/muchogusto.nl\/de\/produkt\/mucho-gusto-halstuch-zuerich-gruen-ketten-und-paisley\/","name":"MUCHO GUSTO\u00ae Halstuch Z\u00fcrich Gr\u00fcn Ketten und Paisley","isPartOf":{"@id":"https:\/\/muchogusto.nl\/#website"},"primaryImageOfPage":{"@id":"https:\/\/muchogusto.nl\/de\/produkt\/mucho-gusto-halstuch-zuerich-gruen-ketten-und-paisley\/#primaryimage"},"image":{"@id":"https:\/\/muchogusto.nl\/de\/produkt\/mucho-gusto-halstuch-zuerich-gruen-ketten-und-paisley\/#primaryimage"},"thumbnailUrl":"https:\/\/muchogusto.nl\/wp-content\/uploads\/2025\/01\/S72LOC221-scaled.jpg","datePublished":"2025-01-15T12:52:01+00:00","dateModified":"2026-03-02T11:02:38+00:00","description":"MUCHO GUSTO\u00ae Halstuch Z\u00fcrich Gr\u00fcn Ketten und Paisley. Dieser Blickfang bei MUCHO GUSTO\u00ae, Wir machen Schals so luxuri\u00f6s wie m\u00f6glich mit den besten Materialien.","breadcrumb":{"@id":"https:\/\/muchogusto.nl\/de\/produkt\/mucho-gusto-halstuch-zuerich-gruen-ketten-und-paisley\/#breadcrumb"},"inLanguage":"de-DE","potentialAction":[{"@type":"ReadAction","target":["https:\/\/muchogusto.nl\/de\/produkt\/mucho-gusto-halstuch-zuerich-gruen-ketten-und-paisley\/"]}]},{"@type":"ImageObject","inLanguage":"de-DE","@id":"https:\/\/muchogusto.nl\/de\/produkt\/mucho-gusto-halstuch-zuerich-gruen-ketten-und-paisley\/#primaryimage","url":"https:\/\/muchogusto.nl\/wp-content\/uploads\/2025\/01\/S72LOC221-scaled.jpg","contentUrl":"https:\/\/muchogusto.nl\/wp-content\/uploads\/2025\/01\/S72LOC221-scaled.jpg","width":1920,"height":2560,"caption":"MUCHO GUSTO\u00ae Halstuch Z\u00fcrich Gr\u00fcn Ketten und Paisley"},{"@type":"BreadcrumbList","@id":"https:\/\/muchogusto.nl\/de\/produkt\/mucho-gusto-halstuch-zuerich-gruen-ketten-und-paisley\/#breadcrumb","itemListElement":[{"@type":"ListItem","position":1,"name":"Home","item":"https:\/\/muchogusto.nl\/de\/"},{"@type":"ListItem","position":2,"name":"Shop","item":"https:\/\/muchogusto.nl\/de\/shop-2\/"},{"@type":"ListItem","position":3,"name":"MUCHO GUSTO\u00ae Halstuch Z\u00fcrich Gr\u00fcn Ketten und Paisley"}]},{"@type":"WebSite","@id":"https:\/\/muchogusto.nl\/#website","url":"https:\/\/muchogusto.nl\/","name":"muchogusto.nl","description":"","publisher":{"@id":"https:\/\/muchogusto.nl\/#organization"},"potentialAction":[{"@type":"SearchAction","target":{"@type":"EntryPoint","urlTemplate":"https:\/\/muchogusto.nl\/?s={search_term_string}"},"query-input":{"@type":"PropertyValueSpecification","valueRequired":true,"valueName":"search_term_string"}}],"inLanguage":"de-DE"},{"@type":"Organization","@id":"https:\/\/muchogusto.nl\/#organization","name":"Mucho Gusto","url":"https:\/\/muchogusto.nl\/","logo":{"@type":"ImageObject","inLanguage":"de-DE","@id":"https:\/\/muchogusto.nl\/#\/schema\/logo\/image\/","url":"https:\/\/muchogusto.nl\/wp-content\/uploads\/2022\/08\/logo_header.svg","contentUrl":"https:\/\/muchogusto.nl\/wp-content\/uploads\/2022\/08\/logo_header.svg","caption":"Mucho Gusto"},"image":{"@id":"https:\/\/muchogusto.nl\/#\/schema\/logo\/image\/"},"sameAs":["https:\/\/www.facebook.com\/muchogusto.nl\/","https:\/\/www.instagram.com\/muchogusto.nl\/"]}]}},"_links":{"self":[{"href":"https:\/\/muchogusto.nl\/de\/wp-json\/wp\/v2\/product\/37956","targetHints":{"allow":["GET"]}}],"collection":[{"href":"https:\/\/muchogusto.nl\/de\/wp-json\/wp\/v2\/product"}],"about":[{"href":"https:\/\/muchogusto.nl\/de\/wp-json\/wp\/v2\/types\/product"}],"replies":[{"embeddable":true,"href":"https:\/\/muchogusto.nl\/de\/wp-json\/wp\/v2\/comments?post=37956"}],"wp:featuredmedia":[{"embeddable":true,"href":"https:\/\/muchogusto.nl\/de\/wp-json\/wp\/v2\/media\/37947"}],"wp:attachment":[{"href":"https:\/\/muchogusto.nl\/de\/wp-json\/wp\/v2\/media?parent=37956"}],"wp:term":[{"taxonomy":"product_brand","embeddable":true,"href":"https:\/\/muchogusto.nl\/de\/wp-json\/wp\/v2\/product_brand?post=37956"},{"taxonomy":"product_cat","embeddable":true,"href":"https:\/\/muchogusto.nl\/de\/wp-json\/wp\/v2\/product_cat?post=37956"},{"taxonomy":"product_tag","embeddable":true,"href":"https:\/\/muchogusto.nl\/de\/wp-json\/wp\/v2\/product_tag?post=37956"}],"curies":[{"name":"wp","href":"https:\/\/api.w.org\/{rel}","templated":true}]}}