{"id":37054,"date":"2025-03-22T16:34:00","date_gmt":"2025-03-22T15:34:00","guid":{"rendered":"http:\/\/muchogusto.nl\/?post_type=product&#038;p=37054"},"modified":"2026-03-02T12:02:38","modified_gmt":"2026-03-02T11:02:38","slug":"mucho-gusto-top-dubai-creme-muschel-druck","status":"publish","type":"product","link":"https:\/\/muchogusto.nl\/de\/produkt\/mucho-gusto-top-dubai-creme-muschel-druck\/","title":{"rendered":"MUCHO GUSTO\u00ae Top Dubai Creme Muschel Druck"},"content":{"rendered":"<h3>DETAILS ZUM PRODUKT<\/h3>\n<p><strong>MUCHO GUSTO\u00ae Top Dubai Creme Muschel Druck<\/strong><\/p>\n<p>Das <strong>MUCHO GUSTO\u00ae Top Dubai Creme Muschel Druck<\/strong>\u00a0ist ein Fest der zeitlosen Eleganz und des K\u00fcstencharakters. Dieses raffinierte Oberteil hat einen weichen cremefarbenen Hintergrund, der mit einem zarten Muscheldruck in verschiedenen Formen und Gr\u00f6\u00dfen verziert ist. F\u00fcr einen Hauch von Luxus sind d\u00fcnne goldene Streifen durch das Design gewebt, die einen raffinierten Schimmer erzeugen, der die Gesamt\u00e4sthetik aufwertet.<\/p>\n<p>Aus einer hochwertigen Mischung aus 97 % Viskose und 3 % Elastan gefertigt, bietet dieses Oberteil eine leichte und seidige Textur mit genau dem richtigen Ma\u00df an Stretch f\u00fcr eine bequeme und schmeichelhafte Passform. Dank seiner vielseitigen Silhouette eignet es sich sowohl f\u00fcr legere als auch f\u00fcr formelle Anl\u00e4sse und l\u00e4sst sich problemlos von tags\u00fcber bis abends tragen.<\/p>\n<p>Das MUCHO GUSTO\u00ae Top Dubai wurde f\u00fcr die moderne Frau entworfen, die einzigartige Muster und tadellose Handwerkskunst sch\u00e4tzt und ist eine stilvolle Erg\u00e4nzung f\u00fcr jede Garderobe. Kombinieren Sie es mit ma\u00dfgeschneiderten Hosen, R\u00f6cken oder Ihrer Lieblingsjeans, um m\u00fchelos schicke Ensembles zu kreieren, die unaufdringlichen Luxus ausstrahlen.<\/p>\n<p><strong>Niederl\u00e4ndisches Design<\/strong><br \/>\n<strong>Material<\/strong>: 97% Viskose, 3% Elasthan<br \/>\n<strong>Verf\u00fcgbare<\/strong> <strong>Gr\u00f6\u00dfen<\/strong>: XS, S, M, L, XL, XXL, 3XL<br \/>\n<strong>Farbe<\/strong>: Creme mit Muschelprint und dezenten goldenen Streifen<\/p>\n<div class=\"summary\">\n<div class=\"tccContent\">\n<h3>PASSENDE ARTIKEL<\/h3>\n<p class=\"p2\"><span class=\"s1\">Vervollst\u00e4ndigen Sie Ihren Look mit einem passenden\u00a0<a href=\"https:\/\/muchogusto.nl\/de\/schals\/\"><span class=\"s2\">Schal<\/span><\/a>.<br \/>\n<\/span><span class=\"s1\">M\u00f6chten Sie mehr Kleidung sehen? Dann schauen Sie sich unsere\u00a0<a href=\"https:\/\/muchogusto.nl\/de\/blusen\/\"><span class=\"s2\">Bekleidungsseite<\/span><\/a>\u00a0an.<br \/>\n<\/span><span class=\"s1\">M\u00f6chten Sie mehr Inspiration? Besuchen Sie unsere\u00a0<a href=\"https:\/\/www.instagram.com\/muchogusto.nl\/\"><span class=\"s2\">Instagram<\/span><\/a>-Seite.\u00a0<\/span><\/p>\n<h3>BRAUCHEN SIE HILFE?<\/h3>\n<p>Wenn Sie Fragen zu diesem Artikel oder der Gr\u00f6\u00dfe haben, senden Sie eine E-Mail an unseren Kundenservice unter <a href=\"mailto:web@muchogusto.nl\"><span class=\"s2\">web@muchogusto.nl.<\/span><\/a><\/p>\n<h3>GR\u00d6SSENTABELLEN<\/h3>\n<p>Unsere Gr\u00f6\u00dfen sind in europ\u00e4ischen Gr\u00f6\u00dfen angegeben. Sie k\u00f6nnen diese Gr\u00f6\u00dfen anhand der Tabellen\u00a0<a href=\"https:\/\/muchogusto.nl\/de\/grossentabellen\/\">auf dieser Seite<\/a> leicht umrechnen. Die Passform kann je nach Stil oder pers\u00f6nlicher Vorliebe variieren.<\/p>\n<\/div>\n<\/div>\n<section class=\"related products\"><\/section>\n","protected":false},"excerpt":{"rendered":"<p>This is a variable product.<\/p>\n","protected":false},"featured_media":39305,"comment_status":"open","ping_status":"closed","template":"","meta":{"_acf_changed":false,"inline_featured_image":false,"navigation_state":false,"_genesis_hide_title":false,"_genesis_hide_breadcrumbs":false,"_genesis_hide_singular_image":false,"_genesis_hide_footer_widgets":false,"_genesis_custom_body_class":"","_genesis_custom_post_class":"","_genesis_layout":""},"product_brand":[],"product_cat":[69,3339],"product_tag":[],"class_list":{"0":"post-37054","1":"product","2":"type-product","3":"status-publish","4":"has-post-thumbnail","6":"product_cat-kleidung","7":"product_cat-tops-de","8":"entry","10":"first","11":"instock","12":"sale","13":"featured","14":"taxable","15":"shipping-taxable","16":"purchasable","17":"product-type-variable"},"acf":[],"yoast_head":"<!-- This site is optimized with the Yoast SEO Premium plugin v27.2 (Yoast SEO v27.2) - https:\/\/yoast.com\/product\/yoast-seo-premium-wordpress\/ -->\n<title>MUCHO GUSTO\u00ae Top Dubai Creme Muschel Druck<\/title>\n<meta name=\"description\" content=\"MUCHO GUSTO\u00ae Top Dubai Creme Muschel Druck . Dieser Blickfang von MUCHO GUSTO\u00ae verf\u00fcgt \u00fcber verstellbare Tr\u00e4ger f\u00fcr eine individuelle Passform und einen schicken Spitzenbesatz.\" \/>\n<meta name=\"robots\" content=\"index, follow, max-snippet:-1, max-image-preview:large, max-video-preview:-1\" \/>\n<link rel=\"canonical\" href=\"https:\/\/muchogusto.nl\/de\/produkt\/mucho-gusto-top-dubai-creme-muschel-druck\/\" \/>\n<meta property=\"og:locale\" content=\"de_DE\" \/>\n<meta property=\"og:type\" content=\"article\" \/>\n<meta property=\"og:title\" content=\"MUCHO GUSTO\u00ae Top Dubai Creme Muschel Druck\" \/>\n<meta property=\"og:description\" content=\"MUCHO GUSTO\u00ae Top Dubai Creme Muschel Druck . Dieser Blickfang von MUCHO GUSTO\u00ae verf\u00fcgt \u00fcber verstellbare Tr\u00e4ger f\u00fcr eine individuelle Passform und einen schicken Spitzenbesatz.\" \/>\n<meta property=\"og:url\" content=\"https:\/\/muchogusto.nl\/de\/produkt\/mucho-gusto-top-dubai-creme-muschel-druck\/\" \/>\n<meta property=\"og:site_name\" content=\"Mucho Gusto\" \/>\n<meta property=\"article:publisher\" content=\"https:\/\/www.facebook.com\/muchogusto.nl\/\" \/>\n<meta property=\"article:modified_time\" content=\"2026-03-02T11:02:38+00:00\" \/>\n<meta property=\"og:image\" content=\"http:\/\/muchogusto.nl\/wp-content\/uploads\/2025\/02\/C51DUB094_8-scaled.jpg\" \/>\n\t<meta property=\"og:image:width\" content=\"1920\" \/>\n\t<meta property=\"og:image:height\" content=\"2560\" \/>\n\t<meta property=\"og:image:type\" content=\"image\/jpeg\" \/>\n<meta name=\"twitter:card\" content=\"summary_large_image\" \/>\n<meta name=\"twitter:label1\" content=\"Est. reading time\" \/>\n\t<meta name=\"twitter:data1\" content=\"2 minutes\" \/>\n<script type=\"application\/ld+json\" class=\"yoast-schema-graph\">{\"@context\":\"https:\/\/schema.org\",\"@graph\":[{\"@type\":\"WebPage\",\"@id\":\"https:\/\/muchogusto.nl\/de\/produkt\/mucho-gusto-top-dubai-creme-muschel-druck\/\",\"url\":\"https:\/\/muchogusto.nl\/de\/produkt\/mucho-gusto-top-dubai-creme-muschel-druck\/\",\"name\":\"MUCHO GUSTO\u00ae Top Dubai Creme Muschel Druck\",\"isPartOf\":{\"@id\":\"https:\/\/muchogusto.nl\/#website\"},\"primaryImageOfPage\":{\"@id\":\"https:\/\/muchogusto.nl\/de\/produkt\/mucho-gusto-top-dubai-creme-muschel-druck\/#primaryimage\"},\"image\":{\"@id\":\"https:\/\/muchogusto.nl\/de\/produkt\/mucho-gusto-top-dubai-creme-muschel-druck\/#primaryimage\"},\"thumbnailUrl\":\"https:\/\/muchogusto.nl\/wp-content\/uploads\/2025\/02\/C51DUB094_8-scaled.jpg\",\"datePublished\":\"2025-03-22T15:34:00+00:00\",\"dateModified\":\"2026-03-02T11:02:38+00:00\",\"description\":\"MUCHO GUSTO\u00ae Top Dubai Creme Muschel Druck . Dieser Blickfang von MUCHO GUSTO\u00ae verf\u00fcgt \u00fcber verstellbare Tr\u00e4ger f\u00fcr eine individuelle Passform und einen schicken Spitzenbesatz.\",\"breadcrumb\":{\"@id\":\"https:\/\/muchogusto.nl\/de\/produkt\/mucho-gusto-top-dubai-creme-muschel-druck\/#breadcrumb\"},\"inLanguage\":\"de-DE\",\"potentialAction\":[{\"@type\":\"ReadAction\",\"target\":[\"https:\/\/muchogusto.nl\/de\/produkt\/mucho-gusto-top-dubai-creme-muschel-druck\/\"]}]},{\"@type\":\"ImageObject\",\"inLanguage\":\"de-DE\",\"@id\":\"https:\/\/muchogusto.nl\/de\/produkt\/mucho-gusto-top-dubai-creme-muschel-druck\/#primaryimage\",\"url\":\"https:\/\/muchogusto.nl\/wp-content\/uploads\/2025\/02\/C51DUB094_8-scaled.jpg\",\"contentUrl\":\"https:\/\/muchogusto.nl\/wp-content\/uploads\/2025\/02\/C51DUB094_8-scaled.jpg\",\"width\":1920,\"height\":2560,\"caption\":\"MUCHO GUSTO\u00ae Top Dubai Creme Seashell Print\"},{\"@type\":\"BreadcrumbList\",\"@id\":\"https:\/\/muchogusto.nl\/de\/produkt\/mucho-gusto-top-dubai-creme-muschel-druck\/#breadcrumb\",\"itemListElement\":[{\"@type\":\"ListItem\",\"position\":1,\"name\":\"Home\",\"item\":\"https:\/\/muchogusto.nl\/de\/\"},{\"@type\":\"ListItem\",\"position\":2,\"name\":\"Shop\",\"item\":\"https:\/\/muchogusto.nl\/de\/shop-2\/\"},{\"@type\":\"ListItem\",\"position\":3,\"name\":\"MUCHO GUSTO\u00ae Top Dubai Creme Muschel Druck\"}]},{\"@type\":\"WebSite\",\"@id\":\"https:\/\/muchogusto.nl\/#website\",\"url\":\"https:\/\/muchogusto.nl\/\",\"name\":\"muchogusto.nl\",\"description\":\"\",\"publisher\":{\"@id\":\"https:\/\/muchogusto.nl\/#organization\"},\"potentialAction\":[{\"@type\":\"SearchAction\",\"target\":{\"@type\":\"EntryPoint\",\"urlTemplate\":\"https:\/\/muchogusto.nl\/?s={search_term_string}\"},\"query-input\":{\"@type\":\"PropertyValueSpecification\",\"valueRequired\":true,\"valueName\":\"search_term_string\"}}],\"inLanguage\":\"de-DE\"},{\"@type\":\"Organization\",\"@id\":\"https:\/\/muchogusto.nl\/#organization\",\"name\":\"Mucho Gusto\",\"url\":\"https:\/\/muchogusto.nl\/\",\"logo\":{\"@type\":\"ImageObject\",\"inLanguage\":\"de-DE\",\"@id\":\"https:\/\/muchogusto.nl\/#\/schema\/logo\/image\/\",\"url\":\"https:\/\/muchogusto.nl\/wp-content\/uploads\/2022\/08\/logo_header.svg\",\"contentUrl\":\"https:\/\/muchogusto.nl\/wp-content\/uploads\/2022\/08\/logo_header.svg\",\"caption\":\"Mucho Gusto\"},\"image\":{\"@id\":\"https:\/\/muchogusto.nl\/#\/schema\/logo\/image\/\"},\"sameAs\":[\"https:\/\/www.facebook.com\/muchogusto.nl\/\",\"https:\/\/www.instagram.com\/muchogusto.nl\/\"]}]}<\/script>\n<!-- \/ Yoast SEO Premium plugin. -->","yoast_head_json":{"title":"MUCHO GUSTO\u00ae Top Dubai Creme Muschel Druck","description":"MUCHO GUSTO\u00ae Top Dubai Creme Muschel Druck . Dieser Blickfang von MUCHO GUSTO\u00ae verf\u00fcgt \u00fcber verstellbare Tr\u00e4ger f\u00fcr eine individuelle Passform und einen schicken Spitzenbesatz.","robots":{"index":"index","follow":"follow","max-snippet":"max-snippet:-1","max-image-preview":"max-image-preview:large","max-video-preview":"max-video-preview:-1"},"canonical":"https:\/\/muchogusto.nl\/de\/produkt\/mucho-gusto-top-dubai-creme-muschel-druck\/","og_locale":"de_DE","og_type":"article","og_title":"MUCHO GUSTO\u00ae Top Dubai Creme Muschel Druck","og_description":"MUCHO GUSTO\u00ae Top Dubai Creme Muschel Druck . Dieser Blickfang von MUCHO GUSTO\u00ae verf\u00fcgt \u00fcber verstellbare Tr\u00e4ger f\u00fcr eine individuelle Passform und einen schicken Spitzenbesatz.","og_url":"https:\/\/muchogusto.nl\/de\/produkt\/mucho-gusto-top-dubai-creme-muschel-druck\/","og_site_name":"Mucho Gusto","article_publisher":"https:\/\/www.facebook.com\/muchogusto.nl\/","article_modified_time":"2026-03-02T11:02:38+00:00","og_image":[{"width":1920,"height":2560,"url":"http:\/\/muchogusto.nl\/wp-content\/uploads\/2025\/02\/C51DUB094_8-scaled.jpg","type":"image\/jpeg"}],"twitter_card":"summary_large_image","twitter_misc":{"Est. reading time":"2 minutes"},"schema":{"@context":"https:\/\/schema.org","@graph":[{"@type":"WebPage","@id":"https:\/\/muchogusto.nl\/de\/produkt\/mucho-gusto-top-dubai-creme-muschel-druck\/","url":"https:\/\/muchogusto.nl\/de\/produkt\/mucho-gusto-top-dubai-creme-muschel-druck\/","name":"MUCHO GUSTO\u00ae Top Dubai Creme Muschel Druck","isPartOf":{"@id":"https:\/\/muchogusto.nl\/#website"},"primaryImageOfPage":{"@id":"https:\/\/muchogusto.nl\/de\/produkt\/mucho-gusto-top-dubai-creme-muschel-druck\/#primaryimage"},"image":{"@id":"https:\/\/muchogusto.nl\/de\/produkt\/mucho-gusto-top-dubai-creme-muschel-druck\/#primaryimage"},"thumbnailUrl":"https:\/\/muchogusto.nl\/wp-content\/uploads\/2025\/02\/C51DUB094_8-scaled.jpg","datePublished":"2025-03-22T15:34:00+00:00","dateModified":"2026-03-02T11:02:38+00:00","description":"MUCHO GUSTO\u00ae Top Dubai Creme Muschel Druck . Dieser Blickfang von MUCHO GUSTO\u00ae verf\u00fcgt \u00fcber verstellbare Tr\u00e4ger f\u00fcr eine individuelle Passform und einen schicken Spitzenbesatz.","breadcrumb":{"@id":"https:\/\/muchogusto.nl\/de\/produkt\/mucho-gusto-top-dubai-creme-muschel-druck\/#breadcrumb"},"inLanguage":"de-DE","potentialAction":[{"@type":"ReadAction","target":["https:\/\/muchogusto.nl\/de\/produkt\/mucho-gusto-top-dubai-creme-muschel-druck\/"]}]},{"@type":"ImageObject","inLanguage":"de-DE","@id":"https:\/\/muchogusto.nl\/de\/produkt\/mucho-gusto-top-dubai-creme-muschel-druck\/#primaryimage","url":"https:\/\/muchogusto.nl\/wp-content\/uploads\/2025\/02\/C51DUB094_8-scaled.jpg","contentUrl":"https:\/\/muchogusto.nl\/wp-content\/uploads\/2025\/02\/C51DUB094_8-scaled.jpg","width":1920,"height":2560,"caption":"MUCHO GUSTO\u00ae Top Dubai Creme Seashell Print"},{"@type":"BreadcrumbList","@id":"https:\/\/muchogusto.nl\/de\/produkt\/mucho-gusto-top-dubai-creme-muschel-druck\/#breadcrumb","itemListElement":[{"@type":"ListItem","position":1,"name":"Home","item":"https:\/\/muchogusto.nl\/de\/"},{"@type":"ListItem","position":2,"name":"Shop","item":"https:\/\/muchogusto.nl\/de\/shop-2\/"},{"@type":"ListItem","position":3,"name":"MUCHO GUSTO\u00ae Top Dubai Creme Muschel Druck"}]},{"@type":"WebSite","@id":"https:\/\/muchogusto.nl\/#website","url":"https:\/\/muchogusto.nl\/","name":"muchogusto.nl","description":"","publisher":{"@id":"https:\/\/muchogusto.nl\/#organization"},"potentialAction":[{"@type":"SearchAction","target":{"@type":"EntryPoint","urlTemplate":"https:\/\/muchogusto.nl\/?s={search_term_string}"},"query-input":{"@type":"PropertyValueSpecification","valueRequired":true,"valueName":"search_term_string"}}],"inLanguage":"de-DE"},{"@type":"Organization","@id":"https:\/\/muchogusto.nl\/#organization","name":"Mucho Gusto","url":"https:\/\/muchogusto.nl\/","logo":{"@type":"ImageObject","inLanguage":"de-DE","@id":"https:\/\/muchogusto.nl\/#\/schema\/logo\/image\/","url":"https:\/\/muchogusto.nl\/wp-content\/uploads\/2022\/08\/logo_header.svg","contentUrl":"https:\/\/muchogusto.nl\/wp-content\/uploads\/2022\/08\/logo_header.svg","caption":"Mucho Gusto"},"image":{"@id":"https:\/\/muchogusto.nl\/#\/schema\/logo\/image\/"},"sameAs":["https:\/\/www.facebook.com\/muchogusto.nl\/","https:\/\/www.instagram.com\/muchogusto.nl\/"]}]}},"_links":{"self":[{"href":"https:\/\/muchogusto.nl\/de\/wp-json\/wp\/v2\/product\/37054","targetHints":{"allow":["GET"]}}],"collection":[{"href":"https:\/\/muchogusto.nl\/de\/wp-json\/wp\/v2\/product"}],"about":[{"href":"https:\/\/muchogusto.nl\/de\/wp-json\/wp\/v2\/types\/product"}],"replies":[{"embeddable":true,"href":"https:\/\/muchogusto.nl\/de\/wp-json\/wp\/v2\/comments?post=37054"}],"wp:featuredmedia":[{"embeddable":true,"href":"https:\/\/muchogusto.nl\/de\/wp-json\/wp\/v2\/media\/39305"}],"wp:attachment":[{"href":"https:\/\/muchogusto.nl\/de\/wp-json\/wp\/v2\/media?parent=37054"}],"wp:term":[{"taxonomy":"product_brand","embeddable":true,"href":"https:\/\/muchogusto.nl\/de\/wp-json\/wp\/v2\/product_brand?post=37054"},{"taxonomy":"product_cat","embeddable":true,"href":"https:\/\/muchogusto.nl\/de\/wp-json\/wp\/v2\/product_cat?post=37054"},{"taxonomy":"product_tag","embeddable":true,"href":"https:\/\/muchogusto.nl\/de\/wp-json\/wp\/v2\/product_tag?post=37054"}],"curies":[{"name":"wp","href":"https:\/\/api.w.org\/{rel}","templated":true}]}}