{"id":36294,"date":"2025-01-02T13:21:31","date_gmt":"2025-01-02T12:21:31","guid":{"rendered":"http:\/\/muchogusto.nl\/?post_type=product&#038;p=36294"},"modified":"2026-03-02T12:02:38","modified_gmt":"2026-03-02T11:02:38","slug":"mucho-gusto-gilet-zane-weiss-klima-patchwork","status":"publish","type":"product","link":"https:\/\/muchogusto.nl\/de\/produkt\/mucho-gusto-gilet-zane-weiss-klima-patchwork\/","title":{"rendered":"MUCHO GUSTO\u00ae Gilet Zan\u00e8 Wei\u00df Klima Patchwork"},"content":{"rendered":"<h3>DETAILS ZUM PRODUKT<\/h3>\n<p><strong>MUCHO GUSTO\u00ae Gilet Zan\u00e8 Wei\u00df Klima Patchwork<\/strong><\/p>\n<p>Das <strong>MUCHO GUSTO\u00ae Gilet Zan\u00e8 Wei\u00df Klima Patchwork<\/strong>\u00a0ist ein lebendiges Fest des modernen Designs und des botanischen Charmes. Dieses bezaubernde Gilet besticht durch einen strahlend wei\u00dfen Hintergrund, der mit einem kunstvollen Patchwork aus Pflanzen und Pflanzent\u00f6pfen verziert ist und so eine einzigartige und erfrischende visuelle \u00c4sthetik schafft. Der wundersch\u00f6n geschnittene V-Ausschnitt verleiht dem Gilet einen Hauch von Eleganz und macht es zu einem vielseitigen und stilvollen Kleidungsst\u00fcck zum \u00dcberziehen.<\/p>\n<p>Als verspieltes und doch raffiniertes Detail hat die Weste eine schmeichelhafte und bequeme Passform, perfekt f\u00fcr einen m\u00fchelosen Stil. Die luxuri\u00f6se Stoffmischung aus 86% Polyester und 14% Elastan sorgt f\u00fcr eine weiche Textur mit genau dem richtigen Ma\u00df an Stretch f\u00fcr optimalen Komfort und eine makellose Silhouette.<\/p>\n<p>Das MUCHO GUSTO\u00ae Gilet Zan\u00e8 ist eine Kombination aus praktischem Nutzen und kreativem Flair und eignet sich sowohl f\u00fcr legere als auch f\u00fcr formelle Anl\u00e4sse. Tragen Sie es \u00fcber einer knackigen Bluse f\u00fcr einen eleganten Look oder kombinieren Sie es mit einem einfachen Oberteil f\u00fcr ein schickes, entspanntes Outfit. Als atemberaubendes Beispiel f\u00fcr holl\u00e4ndisches Design verk\u00f6rpert es die Hingabe von MUCHO GUSTO zu handwerklicher Qualit\u00e4t und Innovation.<\/p>\n<p><strong>Niederl\u00e4ndisches Design<\/strong><br \/>\n<strong>Material<\/strong>: 86% Polyester, 14% Elasthan<br \/>\n<strong>Verf\u00fcgbare<\/strong> <strong>Gr\u00f6\u00dfen<\/strong>: XS, S, M, L, XL, XXL, 3XL<br \/>\n<strong>Farbe<\/strong>: Wei\u00df mit einem verspielten Pflanzen- und Blumentopf-Patchwork-Print<br \/>\n<strong>Detail<\/strong>: V-Ausschnitt mit einer lebendigen und modernen \u00c4sthetik<\/p>\n<div class=\"summary\">\n<div class=\"tccContent\">\n<h3>PASSENDE ARTIKEL<\/h3>\n<p class=\"p2\"><span class=\"s1\">Vervollst\u00e4ndigen Sie Ihren Look mit einem passenden\u00a0<a href=\"https:\/\/muchogusto.nl\/de\/schals\/\"><span class=\"s2\">Schal<\/span><\/a>.<br \/>\n<\/span><span class=\"s1\">M\u00f6chten Sie mehr Kleidung sehen? Dann schauen Sie sich unsere\u00a0<a href=\"https:\/\/muchogusto.nl\/de\/blusen\/\"><span class=\"s2\">Bekleidungsseite<\/span><\/a>\u00a0an.<br \/>\n<\/span><span class=\"s1\">M\u00f6chten Sie mehr Inspiration? Besuchen Sie unsere\u00a0<a href=\"https:\/\/www.instagram.com\/muchogusto.nl\/\"><span class=\"s2\">Instagram<\/span><\/a>-Seite.\u00a0<\/span><\/p>\n<h3>BRAUCHEN SIE HILFE?<\/h3>\n<p>Wenn Sie Fragen zu diesem Artikel oder der Gr\u00f6\u00dfe haben, senden Sie eine E-Mail an unseren Kundenservice unter <a href=\"mailto:web@muchogusto.nl\"><span class=\"s2\">web@muchogusto.nl.<\/span><\/a><\/p>\n<h3>GR\u00d6SSENTABELLEN<\/h3>\n<p>Unsere Gr\u00f6\u00dfen sind in europ\u00e4ischen Gr\u00f6\u00dfen angegeben. Sie k\u00f6nnen diese Gr\u00f6\u00dfen anhand der Tabellen\u00a0<a href=\"https:\/\/muchogusto.nl\/de\/grossentabellen\/\">auf dieser Seite<\/a> leicht umrechnen. Die Passform kann je nach Stil oder pers\u00f6nlicher Vorliebe variieren.<\/p>\n<\/div>\n<\/div>\n<section class=\"related products\"><\/section>\n","protected":false},"excerpt":{"rendered":"<p>This is a variable product.<\/p>\n","protected":false},"featured_media":39470,"comment_status":"open","ping_status":"closed","template":"","meta":{"_acf_changed":false,"inline_featured_image":false,"navigation_state":false,"_genesis_hide_title":false,"_genesis_hide_breadcrumbs":false,"_genesis_hide_singular_image":false,"_genesis_hide_footer_widgets":false,"_genesis_custom_body_class":"","_genesis_custom_post_class":"","_genesis_layout":""},"product_brand":[],"product_cat":[69,3326],"product_tag":[],"class_list":{"0":"post-36294","1":"product","2":"type-product","3":"status-publish","4":"has-post-thumbnail","6":"product_cat-kleidung","7":"product_cat-westen","8":"entry","10":"first","11":"instock","12":"sale","13":"featured","14":"taxable","15":"shipping-taxable","16":"purchasable","17":"product-type-variable"},"acf":[],"yoast_head":"<!-- This site is optimized with the Yoast SEO Premium plugin v27.2 (Yoast SEO v27.2) - https:\/\/yoast.com\/product\/yoast-seo-premium-wordpress\/ -->\n<title>MUCHO GUSTO\u00ae Gilet Zan\u00e8 Wei\u00df Klima Patchwork<\/title>\n<meta name=\"description\" content=\"MUCHO GUSTO\u00ae Gilet Zan\u00e8 Wei\u00df Klima Patchwork. Bei MUCHO GUSTO\u00ae verwenden wir die besten Materialien. Erh\u00f6hen Sie also Ihre Garderobe mit MUCHO GUSTO\u00ae.\" \/>\n<meta name=\"robots\" content=\"index, follow, max-snippet:-1, max-image-preview:large, max-video-preview:-1\" \/>\n<link rel=\"canonical\" href=\"https:\/\/muchogusto.nl\/de\/produkt\/mucho-gusto-gilet-zane-weiss-klima-patchwork\/\" \/>\n<meta property=\"og:locale\" content=\"de_DE\" \/>\n<meta property=\"og:type\" content=\"article\" \/>\n<meta property=\"og:title\" content=\"MUCHO GUSTO\u00ae Gilet Zan\u00e8 Wei\u00df Klima Patchwork\" \/>\n<meta property=\"og:description\" content=\"MUCHO GUSTO\u00ae Gilet Zan\u00e8 Wei\u00df Klima Patchwork. Bei MUCHO GUSTO\u00ae verwenden wir die besten Materialien. Erh\u00f6hen Sie also Ihre Garderobe mit MUCHO GUSTO\u00ae.\" \/>\n<meta property=\"og:url\" content=\"https:\/\/muchogusto.nl\/de\/produkt\/mucho-gusto-gilet-zane-weiss-klima-patchwork\/\" \/>\n<meta property=\"og:site_name\" content=\"Mucho Gusto\" \/>\n<meta property=\"article:publisher\" content=\"https:\/\/www.facebook.com\/muchogusto.nl\/\" \/>\n<meta property=\"article:modified_time\" content=\"2026-03-02T11:02:38+00:00\" \/>\n<meta property=\"og:image\" content=\"https:\/\/muchogusto.nl\/wp-content\/uploads\/2025\/02\/C51ZAG943_5-scaled.jpg\" \/>\n\t<meta property=\"og:image:width\" content=\"1920\" \/>\n\t<meta property=\"og:image:height\" content=\"2560\" \/>\n\t<meta property=\"og:image:type\" content=\"image\/jpeg\" \/>\n<meta name=\"twitter:card\" content=\"summary_large_image\" \/>\n<meta name=\"twitter:label1\" content=\"Est. reading time\" \/>\n\t<meta name=\"twitter:data1\" content=\"2 minutes\" \/>\n<script type=\"application\/ld+json\" class=\"yoast-schema-graph\">{\"@context\":\"https:\/\/schema.org\",\"@graph\":[{\"@type\":\"WebPage\",\"@id\":\"https:\/\/muchogusto.nl\/de\/produkt\/mucho-gusto-gilet-zane-weiss-klima-patchwork\/\",\"url\":\"https:\/\/muchogusto.nl\/de\/produkt\/mucho-gusto-gilet-zane-weiss-klima-patchwork\/\",\"name\":\"MUCHO GUSTO\u00ae Gilet Zan\u00e8 Wei\u00df Klima Patchwork\",\"isPartOf\":{\"@id\":\"https:\/\/muchogusto.nl\/#website\"},\"primaryImageOfPage\":{\"@id\":\"https:\/\/muchogusto.nl\/de\/produkt\/mucho-gusto-gilet-zane-weiss-klima-patchwork\/#primaryimage\"},\"image\":{\"@id\":\"https:\/\/muchogusto.nl\/de\/produkt\/mucho-gusto-gilet-zane-weiss-klima-patchwork\/#primaryimage\"},\"thumbnailUrl\":\"https:\/\/muchogusto.nl\/wp-content\/uploads\/2025\/02\/C51ZAG943_5-scaled.jpg\",\"datePublished\":\"2025-01-02T12:21:31+00:00\",\"dateModified\":\"2026-03-02T11:02:38+00:00\",\"description\":\"MUCHO GUSTO\u00ae Gilet Zan\u00e8 Wei\u00df Klima Patchwork. Bei MUCHO GUSTO\u00ae verwenden wir die besten Materialien. Erh\u00f6hen Sie also Ihre Garderobe mit MUCHO GUSTO\u00ae.\",\"breadcrumb\":{\"@id\":\"https:\/\/muchogusto.nl\/de\/produkt\/mucho-gusto-gilet-zane-weiss-klima-patchwork\/#breadcrumb\"},\"inLanguage\":\"de-DE\",\"potentialAction\":[{\"@type\":\"ReadAction\",\"target\":[\"https:\/\/muchogusto.nl\/de\/produkt\/mucho-gusto-gilet-zane-weiss-klima-patchwork\/\"]}]},{\"@type\":\"ImageObject\",\"inLanguage\":\"de-DE\",\"@id\":\"https:\/\/muchogusto.nl\/de\/produkt\/mucho-gusto-gilet-zane-weiss-klima-patchwork\/#primaryimage\",\"url\":\"https:\/\/muchogusto.nl\/wp-content\/uploads\/2025\/02\/C51ZAG943_5-scaled.jpg\",\"contentUrl\":\"https:\/\/muchogusto.nl\/wp-content\/uploads\/2025\/02\/C51ZAG943_5-scaled.jpg\",\"width\":1920,\"height\":2560,\"caption\":\"MUCHO GUSTO\u00ae Gilet Zan\u00e8 White Climate Patchwork\"},{\"@type\":\"BreadcrumbList\",\"@id\":\"https:\/\/muchogusto.nl\/de\/produkt\/mucho-gusto-gilet-zane-weiss-klima-patchwork\/#breadcrumb\",\"itemListElement\":[{\"@type\":\"ListItem\",\"position\":1,\"name\":\"Home\",\"item\":\"https:\/\/muchogusto.nl\/de\/\"},{\"@type\":\"ListItem\",\"position\":2,\"name\":\"Shop\",\"item\":\"https:\/\/muchogusto.nl\/de\/shop-2\/\"},{\"@type\":\"ListItem\",\"position\":3,\"name\":\"MUCHO GUSTO\u00ae Gilet Zan\u00e8 Wei\u00df Klima Patchwork\"}]},{\"@type\":\"WebSite\",\"@id\":\"https:\/\/muchogusto.nl\/#website\",\"url\":\"https:\/\/muchogusto.nl\/\",\"name\":\"muchogusto.nl\",\"description\":\"\",\"publisher\":{\"@id\":\"https:\/\/muchogusto.nl\/#organization\"},\"potentialAction\":[{\"@type\":\"SearchAction\",\"target\":{\"@type\":\"EntryPoint\",\"urlTemplate\":\"https:\/\/muchogusto.nl\/?s={search_term_string}\"},\"query-input\":{\"@type\":\"PropertyValueSpecification\",\"valueRequired\":true,\"valueName\":\"search_term_string\"}}],\"inLanguage\":\"de-DE\"},{\"@type\":\"Organization\",\"@id\":\"https:\/\/muchogusto.nl\/#organization\",\"name\":\"Mucho Gusto\",\"url\":\"https:\/\/muchogusto.nl\/\",\"logo\":{\"@type\":\"ImageObject\",\"inLanguage\":\"de-DE\",\"@id\":\"https:\/\/muchogusto.nl\/#\/schema\/logo\/image\/\",\"url\":\"https:\/\/muchogusto.nl\/wp-content\/uploads\/2022\/08\/logo_header.svg\",\"contentUrl\":\"https:\/\/muchogusto.nl\/wp-content\/uploads\/2022\/08\/logo_header.svg\",\"caption\":\"Mucho Gusto\"},\"image\":{\"@id\":\"https:\/\/muchogusto.nl\/#\/schema\/logo\/image\/\"},\"sameAs\":[\"https:\/\/www.facebook.com\/muchogusto.nl\/\",\"https:\/\/www.instagram.com\/muchogusto.nl\/\"]}]}<\/script>\n<!-- \/ Yoast SEO Premium plugin. -->","yoast_head_json":{"title":"MUCHO GUSTO\u00ae Gilet Zan\u00e8 Wei\u00df Klima Patchwork","description":"MUCHO GUSTO\u00ae Gilet Zan\u00e8 Wei\u00df Klima Patchwork. Bei MUCHO GUSTO\u00ae verwenden wir die besten Materialien. Erh\u00f6hen Sie also Ihre Garderobe mit MUCHO GUSTO\u00ae.","robots":{"index":"index","follow":"follow","max-snippet":"max-snippet:-1","max-image-preview":"max-image-preview:large","max-video-preview":"max-video-preview:-1"},"canonical":"https:\/\/muchogusto.nl\/de\/produkt\/mucho-gusto-gilet-zane-weiss-klima-patchwork\/","og_locale":"de_DE","og_type":"article","og_title":"MUCHO GUSTO\u00ae Gilet Zan\u00e8 Wei\u00df Klima Patchwork","og_description":"MUCHO GUSTO\u00ae Gilet Zan\u00e8 Wei\u00df Klima Patchwork. Bei MUCHO GUSTO\u00ae verwenden wir die besten Materialien. Erh\u00f6hen Sie also Ihre Garderobe mit MUCHO GUSTO\u00ae.","og_url":"https:\/\/muchogusto.nl\/de\/produkt\/mucho-gusto-gilet-zane-weiss-klima-patchwork\/","og_site_name":"Mucho Gusto","article_publisher":"https:\/\/www.facebook.com\/muchogusto.nl\/","article_modified_time":"2026-03-02T11:02:38+00:00","og_image":[{"width":1920,"height":2560,"url":"https:\/\/muchogusto.nl\/wp-content\/uploads\/2025\/02\/C51ZAG943_5-scaled.jpg","type":"image\/jpeg"}],"twitter_card":"summary_large_image","twitter_misc":{"Est. reading time":"2 minutes"},"schema":{"@context":"https:\/\/schema.org","@graph":[{"@type":"WebPage","@id":"https:\/\/muchogusto.nl\/de\/produkt\/mucho-gusto-gilet-zane-weiss-klima-patchwork\/","url":"https:\/\/muchogusto.nl\/de\/produkt\/mucho-gusto-gilet-zane-weiss-klima-patchwork\/","name":"MUCHO GUSTO\u00ae Gilet Zan\u00e8 Wei\u00df Klima Patchwork","isPartOf":{"@id":"https:\/\/muchogusto.nl\/#website"},"primaryImageOfPage":{"@id":"https:\/\/muchogusto.nl\/de\/produkt\/mucho-gusto-gilet-zane-weiss-klima-patchwork\/#primaryimage"},"image":{"@id":"https:\/\/muchogusto.nl\/de\/produkt\/mucho-gusto-gilet-zane-weiss-klima-patchwork\/#primaryimage"},"thumbnailUrl":"https:\/\/muchogusto.nl\/wp-content\/uploads\/2025\/02\/C51ZAG943_5-scaled.jpg","datePublished":"2025-01-02T12:21:31+00:00","dateModified":"2026-03-02T11:02:38+00:00","description":"MUCHO GUSTO\u00ae Gilet Zan\u00e8 Wei\u00df Klima Patchwork. Bei MUCHO GUSTO\u00ae verwenden wir die besten Materialien. Erh\u00f6hen Sie also Ihre Garderobe mit MUCHO GUSTO\u00ae.","breadcrumb":{"@id":"https:\/\/muchogusto.nl\/de\/produkt\/mucho-gusto-gilet-zane-weiss-klima-patchwork\/#breadcrumb"},"inLanguage":"de-DE","potentialAction":[{"@type":"ReadAction","target":["https:\/\/muchogusto.nl\/de\/produkt\/mucho-gusto-gilet-zane-weiss-klima-patchwork\/"]}]},{"@type":"ImageObject","inLanguage":"de-DE","@id":"https:\/\/muchogusto.nl\/de\/produkt\/mucho-gusto-gilet-zane-weiss-klima-patchwork\/#primaryimage","url":"https:\/\/muchogusto.nl\/wp-content\/uploads\/2025\/02\/C51ZAG943_5-scaled.jpg","contentUrl":"https:\/\/muchogusto.nl\/wp-content\/uploads\/2025\/02\/C51ZAG943_5-scaled.jpg","width":1920,"height":2560,"caption":"MUCHO GUSTO\u00ae Gilet Zan\u00e8 White Climate Patchwork"},{"@type":"BreadcrumbList","@id":"https:\/\/muchogusto.nl\/de\/produkt\/mucho-gusto-gilet-zane-weiss-klima-patchwork\/#breadcrumb","itemListElement":[{"@type":"ListItem","position":1,"name":"Home","item":"https:\/\/muchogusto.nl\/de\/"},{"@type":"ListItem","position":2,"name":"Shop","item":"https:\/\/muchogusto.nl\/de\/shop-2\/"},{"@type":"ListItem","position":3,"name":"MUCHO GUSTO\u00ae Gilet Zan\u00e8 Wei\u00df Klima Patchwork"}]},{"@type":"WebSite","@id":"https:\/\/muchogusto.nl\/#website","url":"https:\/\/muchogusto.nl\/","name":"muchogusto.nl","description":"","publisher":{"@id":"https:\/\/muchogusto.nl\/#organization"},"potentialAction":[{"@type":"SearchAction","target":{"@type":"EntryPoint","urlTemplate":"https:\/\/muchogusto.nl\/?s={search_term_string}"},"query-input":{"@type":"PropertyValueSpecification","valueRequired":true,"valueName":"search_term_string"}}],"inLanguage":"de-DE"},{"@type":"Organization","@id":"https:\/\/muchogusto.nl\/#organization","name":"Mucho Gusto","url":"https:\/\/muchogusto.nl\/","logo":{"@type":"ImageObject","inLanguage":"de-DE","@id":"https:\/\/muchogusto.nl\/#\/schema\/logo\/image\/","url":"https:\/\/muchogusto.nl\/wp-content\/uploads\/2022\/08\/logo_header.svg","contentUrl":"https:\/\/muchogusto.nl\/wp-content\/uploads\/2022\/08\/logo_header.svg","caption":"Mucho Gusto"},"image":{"@id":"https:\/\/muchogusto.nl\/#\/schema\/logo\/image\/"},"sameAs":["https:\/\/www.facebook.com\/muchogusto.nl\/","https:\/\/www.instagram.com\/muchogusto.nl\/"]}]}},"_links":{"self":[{"href":"https:\/\/muchogusto.nl\/de\/wp-json\/wp\/v2\/product\/36294","targetHints":{"allow":["GET"]}}],"collection":[{"href":"https:\/\/muchogusto.nl\/de\/wp-json\/wp\/v2\/product"}],"about":[{"href":"https:\/\/muchogusto.nl\/de\/wp-json\/wp\/v2\/types\/product"}],"replies":[{"embeddable":true,"href":"https:\/\/muchogusto.nl\/de\/wp-json\/wp\/v2\/comments?post=36294"}],"wp:featuredmedia":[{"embeddable":true,"href":"https:\/\/muchogusto.nl\/de\/wp-json\/wp\/v2\/media\/39470"}],"wp:attachment":[{"href":"https:\/\/muchogusto.nl\/de\/wp-json\/wp\/v2\/media?parent=36294"}],"wp:term":[{"taxonomy":"product_brand","embeddable":true,"href":"https:\/\/muchogusto.nl\/de\/wp-json\/wp\/v2\/product_brand?post=36294"},{"taxonomy":"product_cat","embeddable":true,"href":"https:\/\/muchogusto.nl\/de\/wp-json\/wp\/v2\/product_cat?post=36294"},{"taxonomy":"product_tag","embeddable":true,"href":"https:\/\/muchogusto.nl\/de\/wp-json\/wp\/v2\/product_tag?post=36294"}],"curies":[{"name":"wp","href":"https:\/\/api.w.org\/{rel}","templated":true}]}}