{"id":35533,"date":"2025-03-14T12:51:24","date_gmt":"2025-03-14T11:51:24","guid":{"rendered":"http:\/\/muchogusto.nl\/?post_type=product&#038;p=35533"},"modified":"2026-03-02T12:02:38","modified_gmt":"2026-03-02T11:02:38","slug":"mucho-gusto-kleid-lago-maggiore-klassisch-mehrfarbig","status":"publish","type":"product","link":"https:\/\/muchogusto.nl\/de\/produkt\/mucho-gusto-kleid-lago-maggiore-klassisch-mehrfarbig\/","title":{"rendered":"MUCHO GUSTO\u00ae Kleid Lago Maggiore Klassisch Mehrfarbig"},"content":{"rendered":"<h3>DETAILS ZUM PRODUKT<\/h3>\n<p><strong>MUCHO GUSTO\u00ae Kleid Lago Maggiore Klassisch Mehrfarbig<\/strong><\/p>\n<p>Das <strong>MUCHO GUSTO\u00ae Kleid Lago Maggiore Klassisch Mehrfarbig<\/strong> ist ein lebhaftes und elegantes Kleidungsst\u00fcck, das zeitloses Design zum Leben erweckt. Das lange Kleid, das anmutig \u00fcber die Knie f\u00e4llt, hat einen wei\u00dfen Grundton, der mit kr\u00e4ftigen, mehrfarbigen Streifen und Prints in Rot, Blau, Gr\u00fcn und Gelb verziert ist. Die flie\u00dfende Silhouette unterstreicht seinen femininen Charme und macht es zu einer idealen Wahl f\u00fcr jeden Anlass.<\/p>\n<p>Das Kleid aus 97 % Viskose und 3 % Elasthan f\u00fchlt sich unglaublich weich auf der Haut an und bietet einen angenehmen Tragekomfort und eine schmeichelhafte Passform, die verschiedene K\u00f6rpertypen erg\u00e4nzt. Der V-Ausschnitt und die lockere Passform sorgen f\u00fcr eine raffinierte und doch entspannte Ausstrahlung, w\u00e4hrend die dezenten Seitenschlitze f\u00fcr ein Gef\u00fchl von m\u00fcheloser Bewegung und Stil sorgen.<\/p>\n<p>Ob mit schicken Accessoires f\u00fcr den Abend oder leger mit Sandalen f\u00fcr den Tag, das Kleid ist vielseitig genug, um zu jeder Stimmung und Situation zu passen. Zelebrieren Sie mutige Prints und tadelloses Design mit diesem Must-have f\u00fcr Ihre Garderobe.<\/p>\n<p><strong>Holl\u00e4ndisches Design<\/strong><br \/>\n<strong>Material<\/strong>: 97% Viskose, 3% Elasthan<br \/>\n<strong>Lockere Passform<\/strong><br \/>\n<strong>Mehrfarbig gestreift und bedruckt<\/strong><br \/>\n<strong>Verf\u00fcgbare Gr\u00f6\u00dfen<\/strong>: XS, S, M, L, XL, XXL, 3XL<\/p>\n<div class=\"summary\">\n<div class=\"tccContent\">\n<h3>PASSENDE ARTIKEL<\/h3>\n<p class=\"p2\"><span class=\"s1\">Vervollst\u00e4ndigen Sie Ihren Look mit einem passenden\u00a0<a href=\"https:\/\/muchogusto.nl\/de\/schals\/\"><span class=\"s2\">Schal<\/span><\/a>.<br \/>\n<\/span><span class=\"s1\">M\u00f6chten Sie mehr Blusen sehen? Dann schauen Sie sich unsere\u00a0<a href=\"https:\/\/muchogusto.nl\/de\/blusen\/\"><span class=\"s2\">Bekleidungsseite<\/span><\/a>\u00a0an.<br \/>\n<\/span><span class=\"s1\">M\u00f6chten Sie mehr Inspiration? Besuchen Sie unsere\u00a0<a href=\"https:\/\/www.instagram.com\/muchogusto.nl\/\"><span class=\"s2\">Instagram<\/span><\/a>-Seite.\u00a0<\/span><\/p>\n<h3>BRAUCHEN SIE HILFE?<\/h3>\n<p>Wenn Sie Fragen zu diesem Artikel oder der Gr\u00f6\u00dfe haben, senden Sie eine E-Mail an unseren Kundenservice unter <a href=\"mailto:web@muchogusto.nl\"><span class=\"s2\">web@muchogusto.nl.<\/span><\/a><\/p>\n<h3>GR\u00d6SSENTABELLEN<\/h3>\n<p>Unsere Gr\u00f6\u00dfen sind in europ\u00e4ischen Gr\u00f6\u00dfen angegeben. Sie k\u00f6nnen diese Gr\u00f6\u00dfen anhand der Tabellen\u00a0<a href=\"https:\/\/muchogusto.nl\/de\/grossentabellen\/\">auf dieser Seite<\/a> leicht umrechnen. Die Passform kann je nach Stil oder pers\u00f6nlicher Vorliebe variieren.<\/p>\n<\/div>\n<\/div>\n<section class=\"related products\"><\/section>\n","protected":false},"excerpt":{"rendered":"<p>This is a variable product.<\/p>\n","protected":false},"featured_media":35304,"comment_status":"open","ping_status":"closed","template":"","meta":{"_acf_changed":false,"inline_featured_image":false,"navigation_state":false,"_genesis_hide_title":false,"_genesis_hide_breadcrumbs":false,"_genesis_hide_singular_image":false,"_genesis_hide_footer_widgets":false,"_genesis_custom_body_class":"","_genesis_custom_post_class":"","_genesis_layout":""},"product_brand":[],"product_cat":[73,69,74],"product_tag":[],"class_list":{"0":"post-35533","1":"product","2":"type-product","3":"status-publish","4":"has-post-thumbnail","6":"product_cat-kleider","7":"product_cat-kleidung","8":"product_cat-lange-kleider","9":"entry","11":"first","12":"instock","13":"sale","14":"featured","15":"taxable","16":"shipping-taxable","17":"purchasable","18":"product-type-variable"},"acf":[],"yoast_head":"<!-- This site is optimized with the Yoast SEO Premium plugin v27.2 (Yoast SEO v27.2) - https:\/\/yoast.com\/product\/yoast-seo-premium-wordpress\/ -->\n<title>MUCHO GUSTO\u00ae Kleid Lago Maggiore Klassisch Mehrfarbig<\/title>\n<meta name=\"description\" content=\"MUCHO GUSTO\u00ae Kleid Lago Maggiore Klassisch Mehrfarbig. Das pastellfarbene Leopardenkleid Lago Maggiore von MUCHO GUSTO\u00ae ist ein echter Hingucker.\" \/>\n<meta name=\"robots\" content=\"index, follow, max-snippet:-1, max-image-preview:large, max-video-preview:-1\" \/>\n<link rel=\"canonical\" href=\"https:\/\/muchogusto.nl\/de\/produkt\/mucho-gusto-kleid-lago-maggiore-klassisch-mehrfarbig\/\" \/>\n<meta property=\"og:locale\" content=\"de_DE\" \/>\n<meta property=\"og:type\" content=\"article\" \/>\n<meta property=\"og:title\" content=\"MUCHO GUSTO\u00ae Kleid Lago Maggiore Klassisch Mehrfarbig\" \/>\n<meta property=\"og:description\" content=\"MUCHO GUSTO\u00ae Kleid Lago Maggiore Klassisch Mehrfarbig. Das pastellfarbene Leopardenkleid Lago Maggiore von MUCHO GUSTO\u00ae ist ein echter Hingucker.\" \/>\n<meta property=\"og:url\" content=\"https:\/\/muchogusto.nl\/de\/produkt\/mucho-gusto-kleid-lago-maggiore-klassisch-mehrfarbig\/\" \/>\n<meta property=\"og:site_name\" content=\"Mucho Gusto\" \/>\n<meta property=\"article:publisher\" content=\"https:\/\/www.facebook.com\/muchogusto.nl\/\" \/>\n<meta property=\"article:modified_time\" content=\"2026-03-02T11:02:38+00:00\" \/>\n<meta property=\"og:image\" content=\"https:\/\/muchogusto.nl\/wp-content\/uploads\/2024\/12\/NGC41LAG015-scaled.jpg\" \/>\n\t<meta property=\"og:image:width\" content=\"1920\" \/>\n\t<meta property=\"og:image:height\" content=\"2560\" \/>\n\t<meta property=\"og:image:type\" content=\"image\/jpeg\" \/>\n<meta name=\"twitter:card\" content=\"summary_large_image\" \/>\n<meta name=\"twitter:label1\" content=\"Est. reading time\" \/>\n\t<meta name=\"twitter:data1\" content=\"2 minutes\" \/>\n<script type=\"application\/ld+json\" class=\"yoast-schema-graph\">{\"@context\":\"https:\/\/schema.org\",\"@graph\":[{\"@type\":\"WebPage\",\"@id\":\"https:\/\/muchogusto.nl\/de\/produkt\/mucho-gusto-kleid-lago-maggiore-klassisch-mehrfarbig\/\",\"url\":\"https:\/\/muchogusto.nl\/de\/produkt\/mucho-gusto-kleid-lago-maggiore-klassisch-mehrfarbig\/\",\"name\":\"MUCHO GUSTO\u00ae Kleid Lago Maggiore Klassisch Mehrfarbig\",\"isPartOf\":{\"@id\":\"https:\/\/muchogusto.nl\/#website\"},\"primaryImageOfPage\":{\"@id\":\"https:\/\/muchogusto.nl\/de\/produkt\/mucho-gusto-kleid-lago-maggiore-klassisch-mehrfarbig\/#primaryimage\"},\"image\":{\"@id\":\"https:\/\/muchogusto.nl\/de\/produkt\/mucho-gusto-kleid-lago-maggiore-klassisch-mehrfarbig\/#primaryimage\"},\"thumbnailUrl\":\"https:\/\/muchogusto.nl\/wp-content\/uploads\/2024\/12\/NGC41LAG015-scaled.jpg\",\"datePublished\":\"2025-03-14T11:51:24+00:00\",\"dateModified\":\"2026-03-02T11:02:38+00:00\",\"description\":\"MUCHO GUSTO\u00ae Kleid Lago Maggiore Klassisch Mehrfarbig. Das pastellfarbene Leopardenkleid Lago Maggiore von MUCHO GUSTO\u00ae ist ein echter Hingucker.\",\"breadcrumb\":{\"@id\":\"https:\/\/muchogusto.nl\/de\/produkt\/mucho-gusto-kleid-lago-maggiore-klassisch-mehrfarbig\/#breadcrumb\"},\"inLanguage\":\"de-DE\",\"potentialAction\":[{\"@type\":\"ReadAction\",\"target\":[\"https:\/\/muchogusto.nl\/de\/produkt\/mucho-gusto-kleid-lago-maggiore-klassisch-mehrfarbig\/\"]}]},{\"@type\":\"ImageObject\",\"inLanguage\":\"de-DE\",\"@id\":\"https:\/\/muchogusto.nl\/de\/produkt\/mucho-gusto-kleid-lago-maggiore-klassisch-mehrfarbig\/#primaryimage\",\"url\":\"https:\/\/muchogusto.nl\/wp-content\/uploads\/2024\/12\/NGC41LAG015-scaled.jpg\",\"contentUrl\":\"https:\/\/muchogusto.nl\/wp-content\/uploads\/2024\/12\/NGC41LAG015-scaled.jpg\",\"width\":1920,\"height\":2560,\"caption\":\"MUCHO GUSTO\u00ae Kleid Lago Maggiore Klassisch Mehrfarbig\"},{\"@type\":\"BreadcrumbList\",\"@id\":\"https:\/\/muchogusto.nl\/de\/produkt\/mucho-gusto-kleid-lago-maggiore-klassisch-mehrfarbig\/#breadcrumb\",\"itemListElement\":[{\"@type\":\"ListItem\",\"position\":1,\"name\":\"Home\",\"item\":\"https:\/\/muchogusto.nl\/de\/\"},{\"@type\":\"ListItem\",\"position\":2,\"name\":\"Shop\",\"item\":\"https:\/\/muchogusto.nl\/de\/shop-2\/\"},{\"@type\":\"ListItem\",\"position\":3,\"name\":\"MUCHO GUSTO\u00ae Kleid Lago Maggiore Klassisch Mehrfarbig\"}]},{\"@type\":\"WebSite\",\"@id\":\"https:\/\/muchogusto.nl\/#website\",\"url\":\"https:\/\/muchogusto.nl\/\",\"name\":\"muchogusto.nl\",\"description\":\"\",\"publisher\":{\"@id\":\"https:\/\/muchogusto.nl\/#organization\"},\"potentialAction\":[{\"@type\":\"SearchAction\",\"target\":{\"@type\":\"EntryPoint\",\"urlTemplate\":\"https:\/\/muchogusto.nl\/?s={search_term_string}\"},\"query-input\":{\"@type\":\"PropertyValueSpecification\",\"valueRequired\":true,\"valueName\":\"search_term_string\"}}],\"inLanguage\":\"de-DE\"},{\"@type\":\"Organization\",\"@id\":\"https:\/\/muchogusto.nl\/#organization\",\"name\":\"Mucho Gusto\",\"url\":\"https:\/\/muchogusto.nl\/\",\"logo\":{\"@type\":\"ImageObject\",\"inLanguage\":\"de-DE\",\"@id\":\"https:\/\/muchogusto.nl\/#\/schema\/logo\/image\/\",\"url\":\"https:\/\/muchogusto.nl\/wp-content\/uploads\/2022\/08\/logo_header.svg\",\"contentUrl\":\"https:\/\/muchogusto.nl\/wp-content\/uploads\/2022\/08\/logo_header.svg\",\"caption\":\"Mucho Gusto\"},\"image\":{\"@id\":\"https:\/\/muchogusto.nl\/#\/schema\/logo\/image\/\"},\"sameAs\":[\"https:\/\/www.facebook.com\/muchogusto.nl\/\",\"https:\/\/www.instagram.com\/muchogusto.nl\/\"]}]}<\/script>\n<!-- \/ Yoast SEO Premium plugin. -->","yoast_head_json":{"title":"MUCHO GUSTO\u00ae Kleid Lago Maggiore Klassisch Mehrfarbig","description":"MUCHO GUSTO\u00ae Kleid Lago Maggiore Klassisch Mehrfarbig. Das pastellfarbene Leopardenkleid Lago Maggiore von MUCHO GUSTO\u00ae ist ein echter Hingucker.","robots":{"index":"index","follow":"follow","max-snippet":"max-snippet:-1","max-image-preview":"max-image-preview:large","max-video-preview":"max-video-preview:-1"},"canonical":"https:\/\/muchogusto.nl\/de\/produkt\/mucho-gusto-kleid-lago-maggiore-klassisch-mehrfarbig\/","og_locale":"de_DE","og_type":"article","og_title":"MUCHO GUSTO\u00ae Kleid Lago Maggiore Klassisch Mehrfarbig","og_description":"MUCHO GUSTO\u00ae Kleid Lago Maggiore Klassisch Mehrfarbig. Das pastellfarbene Leopardenkleid Lago Maggiore von MUCHO GUSTO\u00ae ist ein echter Hingucker.","og_url":"https:\/\/muchogusto.nl\/de\/produkt\/mucho-gusto-kleid-lago-maggiore-klassisch-mehrfarbig\/","og_site_name":"Mucho Gusto","article_publisher":"https:\/\/www.facebook.com\/muchogusto.nl\/","article_modified_time":"2026-03-02T11:02:38+00:00","og_image":[{"width":1920,"height":2560,"url":"https:\/\/muchogusto.nl\/wp-content\/uploads\/2024\/12\/NGC41LAG015-scaled.jpg","type":"image\/jpeg"}],"twitter_card":"summary_large_image","twitter_misc":{"Est. reading time":"2 minutes"},"schema":{"@context":"https:\/\/schema.org","@graph":[{"@type":"WebPage","@id":"https:\/\/muchogusto.nl\/de\/produkt\/mucho-gusto-kleid-lago-maggiore-klassisch-mehrfarbig\/","url":"https:\/\/muchogusto.nl\/de\/produkt\/mucho-gusto-kleid-lago-maggiore-klassisch-mehrfarbig\/","name":"MUCHO GUSTO\u00ae Kleid Lago Maggiore Klassisch Mehrfarbig","isPartOf":{"@id":"https:\/\/muchogusto.nl\/#website"},"primaryImageOfPage":{"@id":"https:\/\/muchogusto.nl\/de\/produkt\/mucho-gusto-kleid-lago-maggiore-klassisch-mehrfarbig\/#primaryimage"},"image":{"@id":"https:\/\/muchogusto.nl\/de\/produkt\/mucho-gusto-kleid-lago-maggiore-klassisch-mehrfarbig\/#primaryimage"},"thumbnailUrl":"https:\/\/muchogusto.nl\/wp-content\/uploads\/2024\/12\/NGC41LAG015-scaled.jpg","datePublished":"2025-03-14T11:51:24+00:00","dateModified":"2026-03-02T11:02:38+00:00","description":"MUCHO GUSTO\u00ae Kleid Lago Maggiore Klassisch Mehrfarbig. Das pastellfarbene Leopardenkleid Lago Maggiore von MUCHO GUSTO\u00ae ist ein echter Hingucker.","breadcrumb":{"@id":"https:\/\/muchogusto.nl\/de\/produkt\/mucho-gusto-kleid-lago-maggiore-klassisch-mehrfarbig\/#breadcrumb"},"inLanguage":"de-DE","potentialAction":[{"@type":"ReadAction","target":["https:\/\/muchogusto.nl\/de\/produkt\/mucho-gusto-kleid-lago-maggiore-klassisch-mehrfarbig\/"]}]},{"@type":"ImageObject","inLanguage":"de-DE","@id":"https:\/\/muchogusto.nl\/de\/produkt\/mucho-gusto-kleid-lago-maggiore-klassisch-mehrfarbig\/#primaryimage","url":"https:\/\/muchogusto.nl\/wp-content\/uploads\/2024\/12\/NGC41LAG015-scaled.jpg","contentUrl":"https:\/\/muchogusto.nl\/wp-content\/uploads\/2024\/12\/NGC41LAG015-scaled.jpg","width":1920,"height":2560,"caption":"MUCHO GUSTO\u00ae Kleid Lago Maggiore Klassisch Mehrfarbig"},{"@type":"BreadcrumbList","@id":"https:\/\/muchogusto.nl\/de\/produkt\/mucho-gusto-kleid-lago-maggiore-klassisch-mehrfarbig\/#breadcrumb","itemListElement":[{"@type":"ListItem","position":1,"name":"Home","item":"https:\/\/muchogusto.nl\/de\/"},{"@type":"ListItem","position":2,"name":"Shop","item":"https:\/\/muchogusto.nl\/de\/shop-2\/"},{"@type":"ListItem","position":3,"name":"MUCHO GUSTO\u00ae Kleid Lago Maggiore Klassisch Mehrfarbig"}]},{"@type":"WebSite","@id":"https:\/\/muchogusto.nl\/#website","url":"https:\/\/muchogusto.nl\/","name":"muchogusto.nl","description":"","publisher":{"@id":"https:\/\/muchogusto.nl\/#organization"},"potentialAction":[{"@type":"SearchAction","target":{"@type":"EntryPoint","urlTemplate":"https:\/\/muchogusto.nl\/?s={search_term_string}"},"query-input":{"@type":"PropertyValueSpecification","valueRequired":true,"valueName":"search_term_string"}}],"inLanguage":"de-DE"},{"@type":"Organization","@id":"https:\/\/muchogusto.nl\/#organization","name":"Mucho Gusto","url":"https:\/\/muchogusto.nl\/","logo":{"@type":"ImageObject","inLanguage":"de-DE","@id":"https:\/\/muchogusto.nl\/#\/schema\/logo\/image\/","url":"https:\/\/muchogusto.nl\/wp-content\/uploads\/2022\/08\/logo_header.svg","contentUrl":"https:\/\/muchogusto.nl\/wp-content\/uploads\/2022\/08\/logo_header.svg","caption":"Mucho Gusto"},"image":{"@id":"https:\/\/muchogusto.nl\/#\/schema\/logo\/image\/"},"sameAs":["https:\/\/www.facebook.com\/muchogusto.nl\/","https:\/\/www.instagram.com\/muchogusto.nl\/"]}]}},"_links":{"self":[{"href":"https:\/\/muchogusto.nl\/de\/wp-json\/wp\/v2\/product\/35533","targetHints":{"allow":["GET"]}}],"collection":[{"href":"https:\/\/muchogusto.nl\/de\/wp-json\/wp\/v2\/product"}],"about":[{"href":"https:\/\/muchogusto.nl\/de\/wp-json\/wp\/v2\/types\/product"}],"replies":[{"embeddable":true,"href":"https:\/\/muchogusto.nl\/de\/wp-json\/wp\/v2\/comments?post=35533"}],"wp:featuredmedia":[{"embeddable":true,"href":"https:\/\/muchogusto.nl\/de\/wp-json\/wp\/v2\/media\/35304"}],"wp:attachment":[{"href":"https:\/\/muchogusto.nl\/de\/wp-json\/wp\/v2\/media?parent=35533"}],"wp:term":[{"taxonomy":"product_brand","embeddable":true,"href":"https:\/\/muchogusto.nl\/de\/wp-json\/wp\/v2\/product_brand?post=35533"},{"taxonomy":"product_cat","embeddable":true,"href":"https:\/\/muchogusto.nl\/de\/wp-json\/wp\/v2\/product_cat?post=35533"},{"taxonomy":"product_tag","embeddable":true,"href":"https:\/\/muchogusto.nl\/de\/wp-json\/wp\/v2\/product_tag?post=35533"}],"curies":[{"name":"wp","href":"https:\/\/api.w.org\/{rel}","templated":true}]}}