{"id":33724,"date":"2024-11-29T14:29:54","date_gmt":"2024-11-29T13:29:54","guid":{"rendered":"http:\/\/muchogusto.nl\/?post_type=product&#038;p=33724"},"modified":"2026-03-02T12:02:38","modified_gmt":"2026-03-02T11:02:38","slug":"schal-st-tropez-viskose-tiger-leopard-mg-print","status":"publish","type":"product","link":"https:\/\/muchogusto.nl\/de\/produkt\/schal-st-tropez-viskose-tiger-leopard-mg-print\/","title":{"rendered":"Schal St. Tropez Viskose Tiger Leopard MG Print"},"content":{"rendered":"<h3>DETAILS ZUM PRODUKT<\/h3>\n<p><strong>Schal St. Tropez Viskose Tiger Leopard MG Print<\/strong><\/p>\n<p>Verleihen Sie Ihrer Garderobe einen k\u00fchnen und fesselnden Touch mit dem <strong>MUCHO GUSTO\u00ae Schal St. Tropez Viskose Tiger Leopard MG Print<\/strong>. Dieser atemberaubende Schal zeigt den gleichen faszinierenden Tiger-Print wie die kultige Francis Bay-Bluse, erg\u00e4nzt durch verspielte orangefarbene Monde und subtile, kunstvoll im Design versteckte W\u00f6rter. Die auff\u00e4llige Farbpalette &#8211; Braun, Orange, Schwarz und Beige &#8211; sorgt f\u00fcr einen satten und dynamischen Look und macht diesen Schal zu einem auff\u00e4lligen Accessoire f\u00fcr jedes Outfit.<\/p>\n<p>Der Schal St. Tropez ist aus hochwertiger Viskose gefertigt und bietet ein weiches, leichtes und atmungsaktives Gef\u00fchl, das den ganzen Tag \u00fcber f\u00fcr Komfort sorgt. Dank seiner vielseitigen Gr\u00f6\u00dfe eignet er sich perfekt als schickes Halstuch, als Kopftuch oder als pers\u00f6nliches Accessoire, das Sie um Ihre Lieblingstasche binden k\u00f6nnen. Ganz gleich, ob Sie sich f\u00fcr ein besonderes Ereignis herausputzen oder einen Freizeitlook aufpeppen m\u00f6chten, dieser Schal verbindet m\u00fchelos Eleganz mit gewagter Raffinesse.<\/p>\n<p>Zelebrieren Sie die Magie des MUCHO GUSTO\u00ae Designs mit diesem luxuri\u00f6sen Schal &#8211; ein Muss f\u00fcr alle, die einzigartige, auff\u00e4llige Accessoires lieben.<\/p>\n<p><strong>Holl\u00e4ndisches Design<\/strong><br \/>\n<strong>Gr\u00f6\u00dfe<\/strong>: Einheitsgr\u00f6\u00dfe<br \/>\n<strong>Abmessungen<\/strong>: ca. 220 x 140 x 140 cm<br \/>\n<strong>Form<\/strong>: Dreieck<br \/>\n<strong>Material<\/strong>: 100% Viskose<\/p>\n<div class=\"summary\">\n<div class=\"tccContent\">\n<h3>PASSENDE ARTIKEL<\/h3>\n<p class=\"p1\"><span class=\"s1\">Vervollst\u00e4ndigen Sie Ihren Look mit einer passenden\u00a0<a href=\"https:\/\/muchogusto.nl\/de\/blusen\/\"><span class=\"s2\">Bluse.<\/span><\/a><br \/>\n<\/span><span class=\"s1\">M\u00f6chten Sie mehr Schals sehen? Dann schauen Sie sich unsere\u00a0<\/span><a href=\"https:\/\/muchogusto.nl\/de\/schals\/\">Schals und Seidentucher<\/a>\u00a0<span class=\"s1\">an.<br \/>\n<\/span><span class=\"s1\">M\u00f6chten Sie mehr Inspiration? Dann besuchen Sie unsere\u00a0<a href=\"http:\/\/instagram.com\/muchogusto.nl\"><span class=\"s2\">Instagram-Seite<\/span><\/a>.\u00a0<\/span><\/p>\n<h3>BRAUCHEN SIE HILFE?<\/h3>\n<p>Wenn Sie Fragen zu diesem Artikel oder der Gr\u00f6\u00dfe haben, senden Sie eine E-Mail an unseren Kundenservice unter\u00a0<a href=\"mailto:web@muchogusto.nl\"><span class=\"s2\">web@muchogusto.nl<\/span><\/a>.<\/p>\n<\/div>\n<\/div>\n<section class=\"related products\"><\/section>\n","protected":false},"excerpt":{"rendered":"<p>This is a variable product.<\/p>\n","protected":false},"featured_media":33576,"comment_status":"open","ping_status":"closed","template":"","meta":{"_acf_changed":false,"inline_featured_image":false,"navigation_state":false,"_genesis_hide_title":false,"_genesis_hide_breadcrumbs":false,"_genesis_hide_singular_image":false,"_genesis_hide_footer_widgets":false,"_genesis_custom_body_class":"","_genesis_custom_post_class":"","_genesis_layout":""},"product_brand":[],"product_cat":[87],"product_tag":[],"class_list":{"0":"post-33724","1":"product","2":"type-product","3":"status-publish","4":"has-post-thumbnail","6":"product_cat-schals","7":"entry","9":"first","10":"instock","11":"sale","12":"featured","13":"taxable","14":"shipping-taxable","15":"purchasable","16":"product-type-simple"},"acf":[],"yoast_head":"<!-- This site is optimized with the Yoast SEO Premium plugin v27.2 (Yoast SEO v27.2) - https:\/\/yoast.com\/product\/yoast-seo-premium-wordpress\/ -->\n<title>Schal St. Tropez Viskose Tiger Leopard MG Print<\/title>\n<meta name=\"description\" content=\"Schal St. Tropez Viskose Tiger Leopard MG Print. Schwelgen Sie in schicker Eleganz mit dem St. Tropez Viskoseschal von MUCHO GUSTO\u00ae.\" \/>\n<meta name=\"robots\" content=\"index, follow, max-snippet:-1, max-image-preview:large, max-video-preview:-1\" \/>\n<link rel=\"canonical\" href=\"https:\/\/muchogusto.nl\/de\/produkt\/schal-st-tropez-viskose-tiger-leopard-mg-print\/\" \/>\n<meta property=\"og:locale\" content=\"de_DE\" \/>\n<meta property=\"og:type\" content=\"article\" \/>\n<meta property=\"og:title\" content=\"Schal St. Tropez Viskose Tiger Leopard MG Print\" \/>\n<meta property=\"og:description\" content=\"Schal St. Tropez Viskose Tiger Leopard MG Print. Schwelgen Sie in schicker Eleganz mit dem St. Tropez Viskoseschal von MUCHO GUSTO\u00ae.\" \/>\n<meta property=\"og:url\" content=\"https:\/\/muchogusto.nl\/de\/produkt\/schal-st-tropez-viskose-tiger-leopard-mg-print\/\" \/>\n<meta property=\"og:site_name\" content=\"Mucho Gusto\" \/>\n<meta property=\"article:publisher\" content=\"https:\/\/www.facebook.com\/muchogusto.nl\/\" \/>\n<meta property=\"article:modified_time\" content=\"2026-03-02T11:02:38+00:00\" \/>\n<meta property=\"og:image\" content=\"https:\/\/muchogusto.nl\/wp-content\/uploads\/2024\/11\/S42STV190-scaled.jpg\" \/>\n\t<meta property=\"og:image:width\" content=\"1920\" \/>\n\t<meta property=\"og:image:height\" content=\"2560\" \/>\n\t<meta property=\"og:image:type\" content=\"image\/jpeg\" \/>\n<meta name=\"twitter:card\" content=\"summary_large_image\" \/>\n<meta name=\"twitter:label1\" content=\"Est. reading time\" \/>\n\t<meta name=\"twitter:data1\" content=\"2 minutes\" \/>\n<script type=\"application\/ld+json\" class=\"yoast-schema-graph\">{\"@context\":\"https:\/\/schema.org\",\"@graph\":[{\"@type\":\"WebPage\",\"@id\":\"https:\/\/muchogusto.nl\/de\/produkt\/schal-st-tropez-viskose-tiger-leopard-mg-print\/\",\"url\":\"https:\/\/muchogusto.nl\/de\/produkt\/schal-st-tropez-viskose-tiger-leopard-mg-print\/\",\"name\":\"Schal St. Tropez Viskose Tiger Leopard MG Print\",\"isPartOf\":{\"@id\":\"https:\/\/muchogusto.nl\/#website\"},\"primaryImageOfPage\":{\"@id\":\"https:\/\/muchogusto.nl\/de\/produkt\/schal-st-tropez-viskose-tiger-leopard-mg-print\/#primaryimage\"},\"image\":{\"@id\":\"https:\/\/muchogusto.nl\/de\/produkt\/schal-st-tropez-viskose-tiger-leopard-mg-print\/#primaryimage\"},\"thumbnailUrl\":\"https:\/\/muchogusto.nl\/wp-content\/uploads\/2024\/11\/S42STV190-scaled.jpg\",\"datePublished\":\"2024-11-29T13:29:54+00:00\",\"dateModified\":\"2026-03-02T11:02:38+00:00\",\"description\":\"Schal St. Tropez Viskose Tiger Leopard MG Print. Schwelgen Sie in schicker Eleganz mit dem St. Tropez Viskoseschal von MUCHO GUSTO\u00ae.\",\"breadcrumb\":{\"@id\":\"https:\/\/muchogusto.nl\/de\/produkt\/schal-st-tropez-viskose-tiger-leopard-mg-print\/#breadcrumb\"},\"inLanguage\":\"de-DE\",\"potentialAction\":[{\"@type\":\"ReadAction\",\"target\":[\"https:\/\/muchogusto.nl\/de\/produkt\/schal-st-tropez-viskose-tiger-leopard-mg-print\/\"]}]},{\"@type\":\"ImageObject\",\"inLanguage\":\"de-DE\",\"@id\":\"https:\/\/muchogusto.nl\/de\/produkt\/schal-st-tropez-viskose-tiger-leopard-mg-print\/#primaryimage\",\"url\":\"https:\/\/muchogusto.nl\/wp-content\/uploads\/2024\/11\/S42STV190-scaled.jpg\",\"contentUrl\":\"https:\/\/muchogusto.nl\/wp-content\/uploads\/2024\/11\/S42STV190-scaled.jpg\",\"width\":1920,\"height\":2560,\"caption\":\"Scarf St. Tropez Viscose Tiger Leopard MG Print\"},{\"@type\":\"BreadcrumbList\",\"@id\":\"https:\/\/muchogusto.nl\/de\/produkt\/schal-st-tropez-viskose-tiger-leopard-mg-print\/#breadcrumb\",\"itemListElement\":[{\"@type\":\"ListItem\",\"position\":1,\"name\":\"Home\",\"item\":\"https:\/\/muchogusto.nl\/de\/\"},{\"@type\":\"ListItem\",\"position\":2,\"name\":\"Shop\",\"item\":\"https:\/\/muchogusto.nl\/de\/shop-2\/\"},{\"@type\":\"ListItem\",\"position\":3,\"name\":\"Schal St. Tropez Viskose Tiger Leopard MG Print\"}]},{\"@type\":\"WebSite\",\"@id\":\"https:\/\/muchogusto.nl\/#website\",\"url\":\"https:\/\/muchogusto.nl\/\",\"name\":\"muchogusto.nl\",\"description\":\"\",\"publisher\":{\"@id\":\"https:\/\/muchogusto.nl\/#organization\"},\"potentialAction\":[{\"@type\":\"SearchAction\",\"target\":{\"@type\":\"EntryPoint\",\"urlTemplate\":\"https:\/\/muchogusto.nl\/?s={search_term_string}\"},\"query-input\":{\"@type\":\"PropertyValueSpecification\",\"valueRequired\":true,\"valueName\":\"search_term_string\"}}],\"inLanguage\":\"de-DE\"},{\"@type\":\"Organization\",\"@id\":\"https:\/\/muchogusto.nl\/#organization\",\"name\":\"Mucho Gusto\",\"url\":\"https:\/\/muchogusto.nl\/\",\"logo\":{\"@type\":\"ImageObject\",\"inLanguage\":\"de-DE\",\"@id\":\"https:\/\/muchogusto.nl\/#\/schema\/logo\/image\/\",\"url\":\"https:\/\/muchogusto.nl\/wp-content\/uploads\/2022\/08\/logo_header.svg\",\"contentUrl\":\"https:\/\/muchogusto.nl\/wp-content\/uploads\/2022\/08\/logo_header.svg\",\"caption\":\"Mucho Gusto\"},\"image\":{\"@id\":\"https:\/\/muchogusto.nl\/#\/schema\/logo\/image\/\"},\"sameAs\":[\"https:\/\/www.facebook.com\/muchogusto.nl\/\",\"https:\/\/www.instagram.com\/muchogusto.nl\/\"]}]}<\/script>\n<!-- \/ Yoast SEO Premium plugin. -->","yoast_head_json":{"title":"Schal St. Tropez Viskose Tiger Leopard MG Print","description":"Schal St. Tropez Viskose Tiger Leopard MG Print. Schwelgen Sie in schicker Eleganz mit dem St. Tropez Viskoseschal von MUCHO GUSTO\u00ae.","robots":{"index":"index","follow":"follow","max-snippet":"max-snippet:-1","max-image-preview":"max-image-preview:large","max-video-preview":"max-video-preview:-1"},"canonical":"https:\/\/muchogusto.nl\/de\/produkt\/schal-st-tropez-viskose-tiger-leopard-mg-print\/","og_locale":"de_DE","og_type":"article","og_title":"Schal St. Tropez Viskose Tiger Leopard MG Print","og_description":"Schal St. Tropez Viskose Tiger Leopard MG Print. Schwelgen Sie in schicker Eleganz mit dem St. Tropez Viskoseschal von MUCHO GUSTO\u00ae.","og_url":"https:\/\/muchogusto.nl\/de\/produkt\/schal-st-tropez-viskose-tiger-leopard-mg-print\/","og_site_name":"Mucho Gusto","article_publisher":"https:\/\/www.facebook.com\/muchogusto.nl\/","article_modified_time":"2026-03-02T11:02:38+00:00","og_image":[{"width":1920,"height":2560,"url":"https:\/\/muchogusto.nl\/wp-content\/uploads\/2024\/11\/S42STV190-scaled.jpg","type":"image\/jpeg"}],"twitter_card":"summary_large_image","twitter_misc":{"Est. reading time":"2 minutes"},"schema":{"@context":"https:\/\/schema.org","@graph":[{"@type":"WebPage","@id":"https:\/\/muchogusto.nl\/de\/produkt\/schal-st-tropez-viskose-tiger-leopard-mg-print\/","url":"https:\/\/muchogusto.nl\/de\/produkt\/schal-st-tropez-viskose-tiger-leopard-mg-print\/","name":"Schal St. Tropez Viskose Tiger Leopard MG Print","isPartOf":{"@id":"https:\/\/muchogusto.nl\/#website"},"primaryImageOfPage":{"@id":"https:\/\/muchogusto.nl\/de\/produkt\/schal-st-tropez-viskose-tiger-leopard-mg-print\/#primaryimage"},"image":{"@id":"https:\/\/muchogusto.nl\/de\/produkt\/schal-st-tropez-viskose-tiger-leopard-mg-print\/#primaryimage"},"thumbnailUrl":"https:\/\/muchogusto.nl\/wp-content\/uploads\/2024\/11\/S42STV190-scaled.jpg","datePublished":"2024-11-29T13:29:54+00:00","dateModified":"2026-03-02T11:02:38+00:00","description":"Schal St. Tropez Viskose Tiger Leopard MG Print. Schwelgen Sie in schicker Eleganz mit dem St. Tropez Viskoseschal von MUCHO GUSTO\u00ae.","breadcrumb":{"@id":"https:\/\/muchogusto.nl\/de\/produkt\/schal-st-tropez-viskose-tiger-leopard-mg-print\/#breadcrumb"},"inLanguage":"de-DE","potentialAction":[{"@type":"ReadAction","target":["https:\/\/muchogusto.nl\/de\/produkt\/schal-st-tropez-viskose-tiger-leopard-mg-print\/"]}]},{"@type":"ImageObject","inLanguage":"de-DE","@id":"https:\/\/muchogusto.nl\/de\/produkt\/schal-st-tropez-viskose-tiger-leopard-mg-print\/#primaryimage","url":"https:\/\/muchogusto.nl\/wp-content\/uploads\/2024\/11\/S42STV190-scaled.jpg","contentUrl":"https:\/\/muchogusto.nl\/wp-content\/uploads\/2024\/11\/S42STV190-scaled.jpg","width":1920,"height":2560,"caption":"Scarf St. Tropez Viscose Tiger Leopard MG Print"},{"@type":"BreadcrumbList","@id":"https:\/\/muchogusto.nl\/de\/produkt\/schal-st-tropez-viskose-tiger-leopard-mg-print\/#breadcrumb","itemListElement":[{"@type":"ListItem","position":1,"name":"Home","item":"https:\/\/muchogusto.nl\/de\/"},{"@type":"ListItem","position":2,"name":"Shop","item":"https:\/\/muchogusto.nl\/de\/shop-2\/"},{"@type":"ListItem","position":3,"name":"Schal St. Tropez Viskose Tiger Leopard MG Print"}]},{"@type":"WebSite","@id":"https:\/\/muchogusto.nl\/#website","url":"https:\/\/muchogusto.nl\/","name":"muchogusto.nl","description":"","publisher":{"@id":"https:\/\/muchogusto.nl\/#organization"},"potentialAction":[{"@type":"SearchAction","target":{"@type":"EntryPoint","urlTemplate":"https:\/\/muchogusto.nl\/?s={search_term_string}"},"query-input":{"@type":"PropertyValueSpecification","valueRequired":true,"valueName":"search_term_string"}}],"inLanguage":"de-DE"},{"@type":"Organization","@id":"https:\/\/muchogusto.nl\/#organization","name":"Mucho Gusto","url":"https:\/\/muchogusto.nl\/","logo":{"@type":"ImageObject","inLanguage":"de-DE","@id":"https:\/\/muchogusto.nl\/#\/schema\/logo\/image\/","url":"https:\/\/muchogusto.nl\/wp-content\/uploads\/2022\/08\/logo_header.svg","contentUrl":"https:\/\/muchogusto.nl\/wp-content\/uploads\/2022\/08\/logo_header.svg","caption":"Mucho Gusto"},"image":{"@id":"https:\/\/muchogusto.nl\/#\/schema\/logo\/image\/"},"sameAs":["https:\/\/www.facebook.com\/muchogusto.nl\/","https:\/\/www.instagram.com\/muchogusto.nl\/"]}]}},"_links":{"self":[{"href":"https:\/\/muchogusto.nl\/de\/wp-json\/wp\/v2\/product\/33724","targetHints":{"allow":["GET"]}}],"collection":[{"href":"https:\/\/muchogusto.nl\/de\/wp-json\/wp\/v2\/product"}],"about":[{"href":"https:\/\/muchogusto.nl\/de\/wp-json\/wp\/v2\/types\/product"}],"replies":[{"embeddable":true,"href":"https:\/\/muchogusto.nl\/de\/wp-json\/wp\/v2\/comments?post=33724"}],"wp:featuredmedia":[{"embeddable":true,"href":"https:\/\/muchogusto.nl\/de\/wp-json\/wp\/v2\/media\/33576"}],"wp:attachment":[{"href":"https:\/\/muchogusto.nl\/de\/wp-json\/wp\/v2\/media?parent=33724"}],"wp:term":[{"taxonomy":"product_brand","embeddable":true,"href":"https:\/\/muchogusto.nl\/de\/wp-json\/wp\/v2\/product_brand?post=33724"},{"taxonomy":"product_cat","embeddable":true,"href":"https:\/\/muchogusto.nl\/de\/wp-json\/wp\/v2\/product_cat?post=33724"},{"taxonomy":"product_tag","embeddable":true,"href":"https:\/\/muchogusto.nl\/de\/wp-json\/wp\/v2\/product_tag?post=33724"}],"curies":[{"name":"wp","href":"https:\/\/api.w.org\/{rel}","templated":true}]}}