{"id":33309,"date":"2024-11-25T12:56:31","date_gmt":"2024-11-25T11:56:31","guid":{"rendered":"http:\/\/muchogusto.nl\/?post_type=product&#038;p=33309"},"modified":"2026-03-02T12:02:38","modified_gmt":"2026-03-02T11:02:38","slug":"mucho-gusto-bluse-santa-monica-leopard-orange-mit-gratis-schal","status":"publish","type":"product","link":"https:\/\/muchogusto.nl\/de\/produkt\/mucho-gusto-bluse-santa-monica-leopard-orange-mit-gratis-schal\/","title":{"rendered":"MUCHO GUSTO\u00ae Bluse Santa Monica Leopard Orange mit Gratis-Schal"},"content":{"rendered":"<h3>DETAILS ZUM PRODUKT<\/h3>\n<div class=\"flex max-w-full flex-col flex-grow\">\n<div class=\"min-h-8 text-message flex w-full flex-col items-end gap-2 whitespace-normal break-words [.text-message+&amp;]:mt-5\" dir=\"auto\" data-message-author-role=\"assistant\" data-message-id=\"5e40b6e0-497d-4ed9-b227-2bfb5007ae1a\" data-message-model-slug=\"gpt-4o\">\n<div class=\"flex w-full flex-col gap-1 empty:hidden first:pt-[3px]\">\n<div class=\"markdown prose w-full break-words dark:prose-invert light\">\n<div class=\"flex max-w-full flex-col flex-grow\">\n<div class=\"min-h-8 text-message flex w-full flex-col items-end gap-2 whitespace-normal break-words [.text-message+&amp;]:mt-5\" dir=\"auto\" data-message-author-role=\"assistant\" data-message-id=\"08e1c441-88d1-44d0-bda7-269078a74924\" data-message-model-slug=\"gpt-4o\">\n<div class=\"flex w-full flex-col gap-1 empty:hidden first:pt-[3px]\">\n<div class=\"markdown prose w-full break-words dark:prose-invert light\">\n<p><strong>MUCHO GUSTO\u00ae Bluse Santa Monica Leopard Orange mit Gratis-Schal<\/strong><\/p>\n<p>Erleben Sie den raffinierten Luxus der MUCHO GUSTO\u00ae Bluse Santa Monica Leopard Orange mit Gratis-Schal, ein Meisterwerk der Eleganz und des gewagten Designs. Diese Bluse aus 100 % hochwertiger Seide bietet eine ultraweiche Textur und einen anmutigen Faltenwurf und garantiert unvergleichlichen Komfort und Raffinesse. Die Bluse ist in den Gr\u00f6\u00dfen XS, S, M, L, XL, XXL und 3XL erh\u00e4ltlich und garantiert eine makellose Passform f\u00fcr jede Stilliebhaberin.<\/p>\n<p>Die Bluse ist mit einem auff\u00e4lligen orangefarbenen Leopardenmuster bedruckt, das sich perfekt eignet, um ein lebhaftes Statement abzugeben. Als zus\u00e4tzlichen Bonus gibt es zu diesem exklusiven St\u00fcck einen passenden Schal mit demselben auff\u00e4lligen Print gratis dazu, der noch mehr Stylingvielfalt bietet. Ob zusammen oder einzeln getragen, dieses Duo schafft einen stimmigen und schicken Look, der jedes Outfit m\u00fchelos aufwertet.<\/p>\n<p>Mit ihrem zeitlosen Design, den luxuri\u00f6sen Materialien und der niederl\u00e4ndischen Handwerkskunst ist die Santa Monica Bluse ein Muss f\u00fcr alle, die hochwertige und einzigartige Mode zu sch\u00e4tzen wissen.<\/p>\n<p><strong>Niederl\u00e4ndisches Design<\/strong><br \/>\n<strong>Gr\u00f6\u00dfen<\/strong>: XS &#8211; 3XL<br \/>\n<strong>Material<\/strong>: 100% Seide<br \/>\n<strong>Farbe\/Druck<\/strong>: Orange Leopardendruck mit einem kostenlosen passenden Schal<\/p>\n<div class=\"summary\">\n<div class=\"tccContent\">\n<h3>PASSENDE ARTIKEL<\/h3>\n<p class=\"p2\"><span class=\"s1\">Vervollst\u00e4ndigen Sie Ihren Look mit einem passenden\u00a0<a href=\"https:\/\/muchogusto.nl\/de\/schals\/\"><span class=\"s2\">Schal<\/span><\/a>.<br \/>\n<\/span><span class=\"s1\">M\u00f6chten Sie mehr Blusen sehen? Dann schauen Sie sich unsere\u00a0<a href=\"https:\/\/muchogusto.nl\/de\/blusen\/\"><span class=\"s2\">Bekleidungsseite<\/span><\/a>\u00a0an.<br \/>\n<\/span><span class=\"s1\">M\u00f6chten Sie mehr Inspiration? Besuchen Sie unsere\u00a0<a href=\"https:\/\/www.instagram.com\/muchogusto.nl\/\"><span class=\"s2\">Instagram<\/span><\/a>-Seite.\u00a0<\/span><\/p>\n<h3>BRAUCHEN SIE HILFE?<\/h3>\n<p>Wenn Sie Fragen zu diesem Artikel oder der Gr\u00f6\u00dfe haben, senden Sie eine E-Mail an unseren Kundenservice unter <a href=\"mailto:web@muchogusto.nl\"><span class=\"s2\">web@muchogusto.nl.<\/span><\/a><\/p>\n<h3>GR\u00d6SSENTABELLEN<\/h3>\n<p>Unsere Gr\u00f6\u00dfen sind in europ\u00e4ischen Gr\u00f6\u00dfen angegeben. Sie k\u00f6nnen diese Gr\u00f6\u00dfen anhand der Tabellen\u00a0<a href=\"https:\/\/muchogusto.nl\/de\/grossentabellen\/\">auf dieser Seite<\/a> leicht umrechnen. Die Passform kann je nach Stil oder pers\u00f6nlicher Vorliebe variieren.<\/p>\n<\/div>\n<\/div>\n<section class=\"related products\"><\/section>\n<\/div>\n<\/div>\n<\/div>\n<\/div>\n<\/div>\n<\/div>\n<\/div>\n<\/div>\n","protected":false},"excerpt":{"rendered":"<p>This is a variable product.<\/p>\n","protected":false},"featured_media":33327,"comment_status":"open","ping_status":"closed","template":"","meta":{"_acf_changed":false,"inline_featured_image":false,"navigation_state":false,"_genesis_hide_title":false,"_genesis_hide_breadcrumbs":false,"_genesis_hide_singular_image":false,"_genesis_hide_footer_widgets":false,"_genesis_custom_body_class":"","_genesis_custom_post_class":"","_genesis_layout":""},"product_brand":[],"product_cat":[71,69],"product_tag":[],"class_list":{"0":"post-33309","1":"product","2":"type-product","3":"status-publish","4":"has-post-thumbnail","6":"product_cat-blusen","7":"product_cat-kleidung","8":"entry","10":"first","11":"instock","12":"sale","13":"featured","14":"taxable","15":"shipping-taxable","16":"purchasable","17":"product-type-variable"},"acf":[],"yoast_head":"<!-- This site is optimized with the Yoast SEO Premium plugin v27.2 (Yoast SEO v27.2) - https:\/\/yoast.com\/product\/yoast-seo-premium-wordpress\/ -->\n<title>MUCHO GUSTO\u00ae Bluse Santa Monica Leopard Orange mit Gratis-Schal<\/title>\n<meta name=\"description\" content=\"Diese umwerfende MUCHO GUSTO\u00ae Bluse Santa Monica Leopard Orange mit Gratis-Schal. ist ein echter Blickfang. Bei MUCHO GUSTO\u00ae verwenden wir nur die hochwertigste Seide.\" \/>\n<meta name=\"robots\" content=\"index, follow, max-snippet:-1, max-image-preview:large, max-video-preview:-1\" \/>\n<link rel=\"canonical\" href=\"https:\/\/muchogusto.nl\/de\/produkt\/mucho-gusto-bluse-santa-monica-leopard-orange-mit-gratis-schal\/\" \/>\n<meta property=\"og:locale\" content=\"de_DE\" \/>\n<meta property=\"og:type\" content=\"article\" \/>\n<meta property=\"og:title\" content=\"MUCHO GUSTO\u00ae Bluse Santa Monica Leopard Orange mit Gratis-Schal\" \/>\n<meta property=\"og:description\" content=\"Diese umwerfende MUCHO GUSTO\u00ae Bluse Santa Monica Leopard Orange mit Gratis-Schal. ist ein echter Blickfang. Bei MUCHO GUSTO\u00ae verwenden wir nur die hochwertigste Seide.\" \/>\n<meta property=\"og:url\" content=\"https:\/\/muchogusto.nl\/de\/produkt\/mucho-gusto-bluse-santa-monica-leopard-orange-mit-gratis-schal\/\" \/>\n<meta property=\"og:site_name\" content=\"Mucho Gusto\" \/>\n<meta property=\"article:publisher\" content=\"https:\/\/www.facebook.com\/muchogusto.nl\/\" \/>\n<meta property=\"article:modified_time\" content=\"2026-03-02T11:02:38+00:00\" \/>\n<meta property=\"og:image\" content=\"http:\/\/muchogusto.nl\/wp-content\/uploads\/2024\/11\/C42SAM015-scaled.jpg\" \/>\n\t<meta property=\"og:image:width\" content=\"1920\" \/>\n\t<meta property=\"og:image:height\" content=\"2560\" \/>\n\t<meta property=\"og:image:type\" content=\"image\/jpeg\" \/>\n<meta name=\"twitter:card\" content=\"summary_large_image\" \/>\n<meta name=\"twitter:label1\" content=\"Est. reading time\" \/>\n\t<meta name=\"twitter:data1\" content=\"2 minutes\" \/>\n<script type=\"application\/ld+json\" class=\"yoast-schema-graph\">{\"@context\":\"https:\/\/schema.org\",\"@graph\":[{\"@type\":\"WebPage\",\"@id\":\"https:\/\/muchogusto.nl\/de\/produkt\/mucho-gusto-bluse-santa-monica-leopard-orange-mit-gratis-schal\/\",\"url\":\"https:\/\/muchogusto.nl\/de\/produkt\/mucho-gusto-bluse-santa-monica-leopard-orange-mit-gratis-schal\/\",\"name\":\"MUCHO GUSTO\u00ae Bluse Santa Monica Leopard Orange mit Gratis-Schal\",\"isPartOf\":{\"@id\":\"https:\/\/muchogusto.nl\/#website\"},\"primaryImageOfPage\":{\"@id\":\"https:\/\/muchogusto.nl\/de\/produkt\/mucho-gusto-bluse-santa-monica-leopard-orange-mit-gratis-schal\/#primaryimage\"},\"image\":{\"@id\":\"https:\/\/muchogusto.nl\/de\/produkt\/mucho-gusto-bluse-santa-monica-leopard-orange-mit-gratis-schal\/#primaryimage\"},\"thumbnailUrl\":\"https:\/\/muchogusto.nl\/wp-content\/uploads\/2024\/11\/C42SAM015-scaled.jpg\",\"datePublished\":\"2024-11-25T11:56:31+00:00\",\"dateModified\":\"2026-03-02T11:02:38+00:00\",\"description\":\"Diese umwerfende MUCHO GUSTO\u00ae Bluse Santa Monica Leopard Orange mit Gratis-Schal. ist ein echter Blickfang. Bei MUCHO GUSTO\u00ae verwenden wir nur die hochwertigste Seide.\",\"breadcrumb\":{\"@id\":\"https:\/\/muchogusto.nl\/de\/produkt\/mucho-gusto-bluse-santa-monica-leopard-orange-mit-gratis-schal\/#breadcrumb\"},\"inLanguage\":\"de-DE\",\"potentialAction\":[{\"@type\":\"ReadAction\",\"target\":[\"https:\/\/muchogusto.nl\/de\/produkt\/mucho-gusto-bluse-santa-monica-leopard-orange-mit-gratis-schal\/\"]}]},{\"@type\":\"ImageObject\",\"inLanguage\":\"de-DE\",\"@id\":\"https:\/\/muchogusto.nl\/de\/produkt\/mucho-gusto-bluse-santa-monica-leopard-orange-mit-gratis-schal\/#primaryimage\",\"url\":\"https:\/\/muchogusto.nl\/wp-content\/uploads\/2024\/11\/C42SAM015-scaled.jpg\",\"contentUrl\":\"https:\/\/muchogusto.nl\/wp-content\/uploads\/2024\/11\/C42SAM015-scaled.jpg\",\"width\":1920,\"height\":2560,\"caption\":\"MUCHO GUSTO\u00ae Blouse Santa Monica Leopard Orange With Free Scarf\"},{\"@type\":\"BreadcrumbList\",\"@id\":\"https:\/\/muchogusto.nl\/de\/produkt\/mucho-gusto-bluse-santa-monica-leopard-orange-mit-gratis-schal\/#breadcrumb\",\"itemListElement\":[{\"@type\":\"ListItem\",\"position\":1,\"name\":\"Home\",\"item\":\"https:\/\/muchogusto.nl\/de\/\"},{\"@type\":\"ListItem\",\"position\":2,\"name\":\"Shop\",\"item\":\"https:\/\/muchogusto.nl\/de\/shop-2\/\"},{\"@type\":\"ListItem\",\"position\":3,\"name\":\"MUCHO GUSTO\u00ae Bluse Santa Monica Leopard Orange mit Gratis-Schal\"}]},{\"@type\":\"WebSite\",\"@id\":\"https:\/\/muchogusto.nl\/#website\",\"url\":\"https:\/\/muchogusto.nl\/\",\"name\":\"muchogusto.nl\",\"description\":\"\",\"publisher\":{\"@id\":\"https:\/\/muchogusto.nl\/#organization\"},\"potentialAction\":[{\"@type\":\"SearchAction\",\"target\":{\"@type\":\"EntryPoint\",\"urlTemplate\":\"https:\/\/muchogusto.nl\/?s={search_term_string}\"},\"query-input\":{\"@type\":\"PropertyValueSpecification\",\"valueRequired\":true,\"valueName\":\"search_term_string\"}}],\"inLanguage\":\"de-DE\"},{\"@type\":\"Organization\",\"@id\":\"https:\/\/muchogusto.nl\/#organization\",\"name\":\"Mucho Gusto\",\"url\":\"https:\/\/muchogusto.nl\/\",\"logo\":{\"@type\":\"ImageObject\",\"inLanguage\":\"de-DE\",\"@id\":\"https:\/\/muchogusto.nl\/#\/schema\/logo\/image\/\",\"url\":\"https:\/\/muchogusto.nl\/wp-content\/uploads\/2022\/08\/logo_header.svg\",\"contentUrl\":\"https:\/\/muchogusto.nl\/wp-content\/uploads\/2022\/08\/logo_header.svg\",\"caption\":\"Mucho Gusto\"},\"image\":{\"@id\":\"https:\/\/muchogusto.nl\/#\/schema\/logo\/image\/\"},\"sameAs\":[\"https:\/\/www.facebook.com\/muchogusto.nl\/\",\"https:\/\/www.instagram.com\/muchogusto.nl\/\"]}]}<\/script>\n<!-- \/ Yoast SEO Premium plugin. -->","yoast_head_json":{"title":"MUCHO GUSTO\u00ae Bluse Santa Monica Leopard Orange mit Gratis-Schal","description":"Diese umwerfende MUCHO GUSTO\u00ae Bluse Santa Monica Leopard Orange mit Gratis-Schal. ist ein echter Blickfang. Bei MUCHO GUSTO\u00ae verwenden wir nur die hochwertigste Seide.","robots":{"index":"index","follow":"follow","max-snippet":"max-snippet:-1","max-image-preview":"max-image-preview:large","max-video-preview":"max-video-preview:-1"},"canonical":"https:\/\/muchogusto.nl\/de\/produkt\/mucho-gusto-bluse-santa-monica-leopard-orange-mit-gratis-schal\/","og_locale":"de_DE","og_type":"article","og_title":"MUCHO GUSTO\u00ae Bluse Santa Monica Leopard Orange mit Gratis-Schal","og_description":"Diese umwerfende MUCHO GUSTO\u00ae Bluse Santa Monica Leopard Orange mit Gratis-Schal. ist ein echter Blickfang. Bei MUCHO GUSTO\u00ae verwenden wir nur die hochwertigste Seide.","og_url":"https:\/\/muchogusto.nl\/de\/produkt\/mucho-gusto-bluse-santa-monica-leopard-orange-mit-gratis-schal\/","og_site_name":"Mucho Gusto","article_publisher":"https:\/\/www.facebook.com\/muchogusto.nl\/","article_modified_time":"2026-03-02T11:02:38+00:00","og_image":[{"width":1920,"height":2560,"url":"http:\/\/muchogusto.nl\/wp-content\/uploads\/2024\/11\/C42SAM015-scaled.jpg","type":"image\/jpeg"}],"twitter_card":"summary_large_image","twitter_misc":{"Est. reading time":"2 minutes"},"schema":{"@context":"https:\/\/schema.org","@graph":[{"@type":"WebPage","@id":"https:\/\/muchogusto.nl\/de\/produkt\/mucho-gusto-bluse-santa-monica-leopard-orange-mit-gratis-schal\/","url":"https:\/\/muchogusto.nl\/de\/produkt\/mucho-gusto-bluse-santa-monica-leopard-orange-mit-gratis-schal\/","name":"MUCHO GUSTO\u00ae Bluse Santa Monica Leopard Orange mit Gratis-Schal","isPartOf":{"@id":"https:\/\/muchogusto.nl\/#website"},"primaryImageOfPage":{"@id":"https:\/\/muchogusto.nl\/de\/produkt\/mucho-gusto-bluse-santa-monica-leopard-orange-mit-gratis-schal\/#primaryimage"},"image":{"@id":"https:\/\/muchogusto.nl\/de\/produkt\/mucho-gusto-bluse-santa-monica-leopard-orange-mit-gratis-schal\/#primaryimage"},"thumbnailUrl":"https:\/\/muchogusto.nl\/wp-content\/uploads\/2024\/11\/C42SAM015-scaled.jpg","datePublished":"2024-11-25T11:56:31+00:00","dateModified":"2026-03-02T11:02:38+00:00","description":"Diese umwerfende MUCHO GUSTO\u00ae Bluse Santa Monica Leopard Orange mit Gratis-Schal. ist ein echter Blickfang. Bei MUCHO GUSTO\u00ae verwenden wir nur die hochwertigste Seide.","breadcrumb":{"@id":"https:\/\/muchogusto.nl\/de\/produkt\/mucho-gusto-bluse-santa-monica-leopard-orange-mit-gratis-schal\/#breadcrumb"},"inLanguage":"de-DE","potentialAction":[{"@type":"ReadAction","target":["https:\/\/muchogusto.nl\/de\/produkt\/mucho-gusto-bluse-santa-monica-leopard-orange-mit-gratis-schal\/"]}]},{"@type":"ImageObject","inLanguage":"de-DE","@id":"https:\/\/muchogusto.nl\/de\/produkt\/mucho-gusto-bluse-santa-monica-leopard-orange-mit-gratis-schal\/#primaryimage","url":"https:\/\/muchogusto.nl\/wp-content\/uploads\/2024\/11\/C42SAM015-scaled.jpg","contentUrl":"https:\/\/muchogusto.nl\/wp-content\/uploads\/2024\/11\/C42SAM015-scaled.jpg","width":1920,"height":2560,"caption":"MUCHO GUSTO\u00ae Blouse Santa Monica Leopard Orange With Free Scarf"},{"@type":"BreadcrumbList","@id":"https:\/\/muchogusto.nl\/de\/produkt\/mucho-gusto-bluse-santa-monica-leopard-orange-mit-gratis-schal\/#breadcrumb","itemListElement":[{"@type":"ListItem","position":1,"name":"Home","item":"https:\/\/muchogusto.nl\/de\/"},{"@type":"ListItem","position":2,"name":"Shop","item":"https:\/\/muchogusto.nl\/de\/shop-2\/"},{"@type":"ListItem","position":3,"name":"MUCHO GUSTO\u00ae Bluse Santa Monica Leopard Orange mit Gratis-Schal"}]},{"@type":"WebSite","@id":"https:\/\/muchogusto.nl\/#website","url":"https:\/\/muchogusto.nl\/","name":"muchogusto.nl","description":"","publisher":{"@id":"https:\/\/muchogusto.nl\/#organization"},"potentialAction":[{"@type":"SearchAction","target":{"@type":"EntryPoint","urlTemplate":"https:\/\/muchogusto.nl\/?s={search_term_string}"},"query-input":{"@type":"PropertyValueSpecification","valueRequired":true,"valueName":"search_term_string"}}],"inLanguage":"de-DE"},{"@type":"Organization","@id":"https:\/\/muchogusto.nl\/#organization","name":"Mucho Gusto","url":"https:\/\/muchogusto.nl\/","logo":{"@type":"ImageObject","inLanguage":"de-DE","@id":"https:\/\/muchogusto.nl\/#\/schema\/logo\/image\/","url":"https:\/\/muchogusto.nl\/wp-content\/uploads\/2022\/08\/logo_header.svg","contentUrl":"https:\/\/muchogusto.nl\/wp-content\/uploads\/2022\/08\/logo_header.svg","caption":"Mucho Gusto"},"image":{"@id":"https:\/\/muchogusto.nl\/#\/schema\/logo\/image\/"},"sameAs":["https:\/\/www.facebook.com\/muchogusto.nl\/","https:\/\/www.instagram.com\/muchogusto.nl\/"]}]}},"_links":{"self":[{"href":"https:\/\/muchogusto.nl\/de\/wp-json\/wp\/v2\/product\/33309","targetHints":{"allow":["GET"]}}],"collection":[{"href":"https:\/\/muchogusto.nl\/de\/wp-json\/wp\/v2\/product"}],"about":[{"href":"https:\/\/muchogusto.nl\/de\/wp-json\/wp\/v2\/types\/product"}],"replies":[{"embeddable":true,"href":"https:\/\/muchogusto.nl\/de\/wp-json\/wp\/v2\/comments?post=33309"}],"wp:featuredmedia":[{"embeddable":true,"href":"https:\/\/muchogusto.nl\/de\/wp-json\/wp\/v2\/media\/33327"}],"wp:attachment":[{"href":"https:\/\/muchogusto.nl\/de\/wp-json\/wp\/v2\/media?parent=33309"}],"wp:term":[{"taxonomy":"product_brand","embeddable":true,"href":"https:\/\/muchogusto.nl\/de\/wp-json\/wp\/v2\/product_brand?post=33309"},{"taxonomy":"product_cat","embeddable":true,"href":"https:\/\/muchogusto.nl\/de\/wp-json\/wp\/v2\/product_cat?post=33309"},{"taxonomy":"product_tag","embeddable":true,"href":"https:\/\/muchogusto.nl\/de\/wp-json\/wp\/v2\/product_tag?post=33309"}],"curies":[{"name":"wp","href":"https:\/\/api.w.org\/{rel}","templated":true}]}}