{"id":32322,"date":"2024-11-13T14:42:41","date_gmt":"2024-11-13T13:42:41","guid":{"rendered":"http:\/\/muchogusto.nl\/?post_type=product&#038;p=32322"},"modified":"2026-03-02T12:02:38","modified_gmt":"2026-03-02T11:02:38","slug":"mucho-gusto-schal-genova-blue-bandana-mit-tuellfransen","status":"publish","type":"product","link":"https:\/\/muchogusto.nl\/de\/produkt\/mucho-gusto-schal-genova-blue-bandana-mit-tuellfransen\/","title":{"rendered":"MUCHO GUSTO\u00ae Schal Genova Blue Bandana mit T\u00fcllfransen"},"content":{"rendered":"<h3>DETAILS ZUM PRODUKT<\/h3>\n<div class=\"flex max-w-full flex-col flex-grow\">\n<div class=\"min-h-8 text-message flex w-full flex-col items-end gap-2 whitespace-normal break-words [.text-message+&amp;]:mt-5\" dir=\"auto\" data-message-author-role=\"assistant\" data-message-id=\"7fc90b2b-6737-4540-9cf2-c45416fd2b5d\" data-message-model-slug=\"gpt-4o\">\n<div class=\"flex w-full flex-col gap-1 empty:hidden first:pt-[3px]\">\n<div class=\"markdown prose w-full break-words dark:prose-invert light\">\n<p>Der <strong>MUCHO GUSTO\u00ae Schal Genova Blue Bandana mit T\u00fcllfransen<\/strong> ist meisterhaft aus 100% Polyester gefertigt und bietet mit einer gro\u00dfz\u00fcgigen Gr\u00f6\u00dfe (ca. 220 x 140 x 140 cm) die perfekte Kombination aus Komfort und Stil. Das auff\u00e4llige Design macht diesen Schal zu einem herausragenden Accessoire, das jedem Outfit eine moderne Note verleiht.<\/p>\n<p>Mit einem markanten blauen Bandana-Druck bringt dieser Schal ein verspieltes, aber dennoch elegantes Element in Ihre Garderobe. Das filigrane Muster wird durch die zarten T\u00fcllfransen, die die Kanten geschmackvoll umrahmen, erg\u00e4nzt und verleiht dem Schal zus\u00e4tzliche Textur und Bewegung f\u00fcr einen noch auff\u00e4lligeren Effekt.<\/p>\n<p>Egal, ob Sie sich f\u00fcr einen besonderen Anlass kleiden oder Ihren allt\u00e4glichen Stil aufwerten m\u00f6chten, der <strong>MUCHO GUSTO\u00ae Schal<\/strong> ist eine vielseitige und luxuri\u00f6se Wahl. Mit seinem modernen Charme und zeitlosen Handwerk ist dieser Schal ein Statement-Piece, das nie aus der Mode kommt.<\/p>\n<p><strong>MUCHO GUSTO\u00ae<\/strong> steht f\u00fcr moderne Eleganz und au\u00dfergew\u00f6hnliches Handwerk. Verpassen Sie nicht die Gelegenheit, Ihre Garderobe mit diesem exklusiven Design zu bereichern. G\u00f6nnen Sie sich noch heute den Luxus des <strong>MUCHO GUSTO\u00ae Schals Genova Blue Bandana mit T\u00fcllfransen<\/strong>.<\/p>\n<div class=\"flex max-w-full flex-col flex-grow\">\n<div class=\"min-h-8 text-message flex w-full flex-col items-end gap-2 whitespace-normal break-words [.text-message+&amp;]:mt-5\" dir=\"auto\" data-message-author-role=\"assistant\" data-message-id=\"de627db2-097a-45bc-b842-b76778d2bc51\" data-message-model-slug=\"gpt-4o\">\n<div class=\"flex w-full flex-col gap-1 empty:hidden first:pt-[3px]\">\n<div class=\"markdown prose w-full break-words dark:prose-invert light\">\n<div class=\"flex max-w-full flex-col flex-grow\">\n<div class=\"min-h-8 text-message flex w-full flex-col items-end gap-2 whitespace-normal break-words [.text-message+&amp;]:mt-5\" dir=\"auto\" data-message-author-role=\"assistant\" data-message-id=\"72815f1d-733f-4a81-8121-2689966d9324\" data-message-model-slug=\"gpt-4o-mini\">\n<div class=\"flex w-full flex-col gap-1 empty:hidden first:pt-[3px]\">\n<div class=\"markdown prose w-full break-words dark:prose-invert light\">\n<div class=\"flex max-w-full flex-col flex-grow\">\n<div class=\"min-h-8 text-message flex w-full flex-col items-end gap-2 whitespace-normal break-words [.text-message+&amp;]:mt-5\" dir=\"auto\" data-message-author-role=\"assistant\" data-message-id=\"adbecf84-e902-4012-8e86-0ec8ba3036df\" data-message-model-slug=\"gpt-4o\">\n<div class=\"flex w-full flex-col gap-1 empty:hidden first:pt-[3px]\">\n<div class=\"markdown prose w-full break-words dark:prose-invert light\">\n<p><strong>Niederl\u00e4ndisches Design<\/strong><br \/>\n<strong>Gr\u00f6\u00dfe<\/strong>: One Size<br \/>\n<strong>Abmessungen<\/strong>: Ca. 220 x 140 x 140 cm<br \/>\n<strong>Material<\/strong>: 100% Polyester<br \/>\n<strong>Farbe\/Druck<\/strong>: Schwarz, Creme, Blau, Rot Logomania<\/p>\n<h3>PASSENDE ARTIKEL<\/h3>\n<p class=\"p2\"><span class=\"s1\">Vervollst\u00e4ndigen Sie Ihren Look mit einem passenden\u00a0<a href=\"https:\/\/muchogusto.nl\/de\/schals\/\"><span class=\"s2\">Schal<\/span><\/a>.<br \/>\n<\/span><span class=\"s1\">M\u00f6chten Sie mehr Blusen sehen? Dann schauen Sie sich unsere\u00a0<a href=\"https:\/\/muchogusto.nl\/de\/blusen\/\"><span class=\"s2\">Bekleidungsseite<\/span><\/a>\u00a0an.<br \/>\n<\/span><span class=\"s1\">M\u00f6chten Sie mehr Inspiration? Besuchen Sie unsere\u00a0<a href=\"https:\/\/www.instagram.com\/muchogusto.nl\/\"><span class=\"s2\">Instagram<\/span><\/a>-Seite.\u00a0<\/span><\/p>\n<h3>BRAUCHEN SIE HILFE?<\/h3>\n<p>Wenn Sie Fragen zu diesem Artikel oder der Gr\u00f6\u00dfe haben, senden Sie eine E-Mail an unseren Kundenservice unter <a href=\"mailto:web@muchogusto.nl\"><span class=\"s2\">web@muchogusto.nl.<\/span><\/a><\/p>\n<\/div>\n<\/div>\n<\/div>\n<\/div>\n<\/div>\n<\/div>\n<\/div>\n<\/div>\n<\/div>\n<\/div>\n<\/div>\n<\/div>\n<\/div>\n<\/div>\n<\/div>\n<\/div>\n","protected":false},"excerpt":{"rendered":"<p>This is a variable product.<\/p>\n","protected":false},"featured_media":32326,"comment_status":"open","ping_status":"closed","template":"","meta":{"_acf_changed":false,"inline_featured_image":false,"navigation_state":false,"_genesis_hide_title":false,"_genesis_hide_breadcrumbs":false,"_genesis_hide_singular_image":false,"_genesis_hide_footer_widgets":false,"_genesis_custom_body_class":"","_genesis_custom_post_class":"","_genesis_layout":""},"product_brand":[],"product_cat":[87],"product_tag":[],"class_list":{"0":"post-32322","1":"product","2":"type-product","3":"status-publish","4":"has-post-thumbnail","6":"product_cat-schals","7":"entry","9":"first","10":"instock","11":"sale","12":"featured","13":"taxable","14":"shipping-taxable","15":"purchasable","16":"product-type-simple"},"acf":[],"yoast_head":"<!-- This site is optimized with the Yoast SEO Premium plugin v27.2 (Yoast SEO v27.2) - https:\/\/yoast.com\/product\/yoast-seo-premium-wordpress\/ -->\n<title>MUCHO GUSTO\u00ae Schal Genova Blue Bandana mit T\u00fcllfransen<\/title>\n<meta name=\"description\" content=\"MUCHO GUSTO\u00ae Schal Genova Blue Bandana mit T\u00fcllfransen. Entdecken Sie unsere luxuri\u00f6se Eleganz mit den Schals von MUCHO GUSTO\u00ae aus den besten Materialien.\" \/>\n<meta name=\"robots\" content=\"index, follow, max-snippet:-1, max-image-preview:large, max-video-preview:-1\" \/>\n<link rel=\"canonical\" href=\"https:\/\/muchogusto.nl\/produkt\/mucho-gusto-scarf-genova-blue-bandana-with-tule-fringes\/\" \/>\n<meta property=\"og:locale\" content=\"de_DE\" \/>\n<meta property=\"og:type\" content=\"article\" \/>\n<meta property=\"og:title\" content=\"MUCHO GUSTO\u00ae Schal Genova Blue Bandana mit T\u00fcllfransen\" \/>\n<meta property=\"og:description\" content=\"MUCHO GUSTO\u00ae Schal Genova Blue Bandana mit T\u00fcllfransen. Entdecken Sie unsere luxuri\u00f6se Eleganz mit den Schals von MUCHO GUSTO\u00ae aus den besten Materialien.\" \/>\n<meta property=\"og:url\" content=\"https:\/\/muchogusto.nl\/produkt\/mucho-gusto-scarf-genova-blue-bandana-with-tule-fringes\/\" \/>\n<meta property=\"og:site_name\" content=\"Mucho Gusto\" \/>\n<meta property=\"article:publisher\" content=\"https:\/\/www.facebook.com\/muchogusto.nl\/\" \/>\n<meta property=\"article:modified_time\" content=\"2026-03-02T11:02:38+00:00\" \/>\n<meta property=\"og:image\" content=\"http:\/\/muchogusto.nl\/wp-content\/uploads\/2024\/11\/S42BFD037-scaled.jpg\" \/>\n\t<meta property=\"og:image:width\" content=\"1920\" \/>\n\t<meta property=\"og:image:height\" content=\"2560\" \/>\n\t<meta property=\"og:image:type\" content=\"image\/jpeg\" \/>\n<meta name=\"twitter:card\" content=\"summary_large_image\" \/>\n<meta name=\"twitter:label1\" content=\"Est. reading time\" \/>\n\t<meta name=\"twitter:data1\" content=\"2 minutes\" \/>\n<script type=\"application\/ld+json\" class=\"yoast-schema-graph\">{\"@context\":\"https:\/\/schema.org\",\"@graph\":[{\"@type\":\"WebPage\",\"@id\":\"https:\/\/muchogusto.nl\/produkt\/mucho-gusto-scarf-genova-blue-bandana-with-tule-fringes\/\",\"url\":\"https:\/\/muchogusto.nl\/produkt\/mucho-gusto-scarf-genova-blue-bandana-with-tule-fringes\/\",\"name\":\"MUCHO GUSTO\u00ae Schal Genova Blue Bandana mit T\u00fcllfransen\",\"isPartOf\":{\"@id\":\"https:\/\/muchogusto.nl\/#website\"},\"primaryImageOfPage\":{\"@id\":\"https:\/\/muchogusto.nl\/produkt\/mucho-gusto-scarf-genova-blue-bandana-with-tule-fringes\/#primaryimage\"},\"image\":{\"@id\":\"https:\/\/muchogusto.nl\/produkt\/mucho-gusto-scarf-genova-blue-bandana-with-tule-fringes\/#primaryimage\"},\"thumbnailUrl\":\"https:\/\/muchogusto.nl\/wp-content\/uploads\/2024\/11\/S42BFD037-scaled.jpg\",\"datePublished\":\"2024-11-13T13:42:41+00:00\",\"dateModified\":\"2026-03-02T11:02:38+00:00\",\"description\":\"MUCHO GUSTO\u00ae Schal Genova Blue Bandana mit T\u00fcllfransen. Entdecken Sie unsere luxuri\u00f6se Eleganz mit den Schals von MUCHO GUSTO\u00ae aus den besten Materialien.\",\"breadcrumb\":{\"@id\":\"https:\/\/muchogusto.nl\/produkt\/mucho-gusto-scarf-genova-blue-bandana-with-tule-fringes\/#breadcrumb\"},\"inLanguage\":\"de-DE\",\"potentialAction\":[{\"@type\":\"ReadAction\",\"target\":[\"https:\/\/muchogusto.nl\/produkt\/mucho-gusto-scarf-genova-blue-bandana-with-tule-fringes\/\"]}]},{\"@type\":\"ImageObject\",\"inLanguage\":\"de-DE\",\"@id\":\"https:\/\/muchogusto.nl\/produkt\/mucho-gusto-scarf-genova-blue-bandana-with-tule-fringes\/#primaryimage\",\"url\":\"https:\/\/muchogusto.nl\/wp-content\/uploads\/2024\/11\/S42BFD037-scaled.jpg\",\"contentUrl\":\"https:\/\/muchogusto.nl\/wp-content\/uploads\/2024\/11\/S42BFD037-scaled.jpg\",\"width\":1920,\"height\":2560,\"caption\":\"MUCHO GUSTO\u00ae Schal Genova Blue Bandana mit T\u00fcllfransen\"},{\"@type\":\"BreadcrumbList\",\"@id\":\"https:\/\/muchogusto.nl\/produkt\/mucho-gusto-scarf-genova-blue-bandana-with-tule-fringes\/#breadcrumb\",\"itemListElement\":[{\"@type\":\"ListItem\",\"position\":1,\"name\":\"Home\",\"item\":\"https:\/\/muchogusto.nl\/de\/\"},{\"@type\":\"ListItem\",\"position\":2,\"name\":\"Shop\",\"item\":\"https:\/\/muchogusto.nl\/de\/shop-2\/\"},{\"@type\":\"ListItem\",\"position\":3,\"name\":\"MUCHO GUSTO\u00ae Schal Genova Blue Bandana mit T\u00fcllfransen\"}]},{\"@type\":\"WebSite\",\"@id\":\"https:\/\/muchogusto.nl\/#website\",\"url\":\"https:\/\/muchogusto.nl\/\",\"name\":\"muchogusto.nl\",\"description\":\"\",\"publisher\":{\"@id\":\"https:\/\/muchogusto.nl\/#organization\"},\"potentialAction\":[{\"@type\":\"SearchAction\",\"target\":{\"@type\":\"EntryPoint\",\"urlTemplate\":\"https:\/\/muchogusto.nl\/?s={search_term_string}\"},\"query-input\":{\"@type\":\"PropertyValueSpecification\",\"valueRequired\":true,\"valueName\":\"search_term_string\"}}],\"inLanguage\":\"de-DE\"},{\"@type\":\"Organization\",\"@id\":\"https:\/\/muchogusto.nl\/#organization\",\"name\":\"Mucho Gusto\",\"url\":\"https:\/\/muchogusto.nl\/\",\"logo\":{\"@type\":\"ImageObject\",\"inLanguage\":\"de-DE\",\"@id\":\"https:\/\/muchogusto.nl\/#\/schema\/logo\/image\/\",\"url\":\"https:\/\/muchogusto.nl\/wp-content\/uploads\/2022\/08\/logo_header.svg\",\"contentUrl\":\"https:\/\/muchogusto.nl\/wp-content\/uploads\/2022\/08\/logo_header.svg\",\"caption\":\"Mucho Gusto\"},\"image\":{\"@id\":\"https:\/\/muchogusto.nl\/#\/schema\/logo\/image\/\"},\"sameAs\":[\"https:\/\/www.facebook.com\/muchogusto.nl\/\",\"https:\/\/www.instagram.com\/muchogusto.nl\/\"]}]}<\/script>\n<!-- \/ Yoast SEO Premium plugin. -->","yoast_head_json":{"title":"MUCHO GUSTO\u00ae Schal Genova Blue Bandana mit T\u00fcllfransen","description":"MUCHO GUSTO\u00ae Schal Genova Blue Bandana mit T\u00fcllfransen. Entdecken Sie unsere luxuri\u00f6se Eleganz mit den Schals von MUCHO GUSTO\u00ae aus den besten Materialien.","robots":{"index":"index","follow":"follow","max-snippet":"max-snippet:-1","max-image-preview":"max-image-preview:large","max-video-preview":"max-video-preview:-1"},"canonical":"https:\/\/muchogusto.nl\/produkt\/mucho-gusto-scarf-genova-blue-bandana-with-tule-fringes\/","og_locale":"de_DE","og_type":"article","og_title":"MUCHO GUSTO\u00ae Schal Genova Blue Bandana mit T\u00fcllfransen","og_description":"MUCHO GUSTO\u00ae Schal Genova Blue Bandana mit T\u00fcllfransen. Entdecken Sie unsere luxuri\u00f6se Eleganz mit den Schals von MUCHO GUSTO\u00ae aus den besten Materialien.","og_url":"https:\/\/muchogusto.nl\/produkt\/mucho-gusto-scarf-genova-blue-bandana-with-tule-fringes\/","og_site_name":"Mucho Gusto","article_publisher":"https:\/\/www.facebook.com\/muchogusto.nl\/","article_modified_time":"2026-03-02T11:02:38+00:00","og_image":[{"width":1920,"height":2560,"url":"http:\/\/muchogusto.nl\/wp-content\/uploads\/2024\/11\/S42BFD037-scaled.jpg","type":"image\/jpeg"}],"twitter_card":"summary_large_image","twitter_misc":{"Est. reading time":"2 minutes"},"schema":{"@context":"https:\/\/schema.org","@graph":[{"@type":"WebPage","@id":"https:\/\/muchogusto.nl\/produkt\/mucho-gusto-scarf-genova-blue-bandana-with-tule-fringes\/","url":"https:\/\/muchogusto.nl\/produkt\/mucho-gusto-scarf-genova-blue-bandana-with-tule-fringes\/","name":"MUCHO GUSTO\u00ae Schal Genova Blue Bandana mit T\u00fcllfransen","isPartOf":{"@id":"https:\/\/muchogusto.nl\/#website"},"primaryImageOfPage":{"@id":"https:\/\/muchogusto.nl\/produkt\/mucho-gusto-scarf-genova-blue-bandana-with-tule-fringes\/#primaryimage"},"image":{"@id":"https:\/\/muchogusto.nl\/produkt\/mucho-gusto-scarf-genova-blue-bandana-with-tule-fringes\/#primaryimage"},"thumbnailUrl":"https:\/\/muchogusto.nl\/wp-content\/uploads\/2024\/11\/S42BFD037-scaled.jpg","datePublished":"2024-11-13T13:42:41+00:00","dateModified":"2026-03-02T11:02:38+00:00","description":"MUCHO GUSTO\u00ae Schal Genova Blue Bandana mit T\u00fcllfransen. Entdecken Sie unsere luxuri\u00f6se Eleganz mit den Schals von MUCHO GUSTO\u00ae aus den besten Materialien.","breadcrumb":{"@id":"https:\/\/muchogusto.nl\/produkt\/mucho-gusto-scarf-genova-blue-bandana-with-tule-fringes\/#breadcrumb"},"inLanguage":"de-DE","potentialAction":[{"@type":"ReadAction","target":["https:\/\/muchogusto.nl\/produkt\/mucho-gusto-scarf-genova-blue-bandana-with-tule-fringes\/"]}]},{"@type":"ImageObject","inLanguage":"de-DE","@id":"https:\/\/muchogusto.nl\/produkt\/mucho-gusto-scarf-genova-blue-bandana-with-tule-fringes\/#primaryimage","url":"https:\/\/muchogusto.nl\/wp-content\/uploads\/2024\/11\/S42BFD037-scaled.jpg","contentUrl":"https:\/\/muchogusto.nl\/wp-content\/uploads\/2024\/11\/S42BFD037-scaled.jpg","width":1920,"height":2560,"caption":"MUCHO GUSTO\u00ae Schal Genova Blue Bandana mit T\u00fcllfransen"},{"@type":"BreadcrumbList","@id":"https:\/\/muchogusto.nl\/produkt\/mucho-gusto-scarf-genova-blue-bandana-with-tule-fringes\/#breadcrumb","itemListElement":[{"@type":"ListItem","position":1,"name":"Home","item":"https:\/\/muchogusto.nl\/de\/"},{"@type":"ListItem","position":2,"name":"Shop","item":"https:\/\/muchogusto.nl\/de\/shop-2\/"},{"@type":"ListItem","position":3,"name":"MUCHO GUSTO\u00ae Schal Genova Blue Bandana mit T\u00fcllfransen"}]},{"@type":"WebSite","@id":"https:\/\/muchogusto.nl\/#website","url":"https:\/\/muchogusto.nl\/","name":"muchogusto.nl","description":"","publisher":{"@id":"https:\/\/muchogusto.nl\/#organization"},"potentialAction":[{"@type":"SearchAction","target":{"@type":"EntryPoint","urlTemplate":"https:\/\/muchogusto.nl\/?s={search_term_string}"},"query-input":{"@type":"PropertyValueSpecification","valueRequired":true,"valueName":"search_term_string"}}],"inLanguage":"de-DE"},{"@type":"Organization","@id":"https:\/\/muchogusto.nl\/#organization","name":"Mucho Gusto","url":"https:\/\/muchogusto.nl\/","logo":{"@type":"ImageObject","inLanguage":"de-DE","@id":"https:\/\/muchogusto.nl\/#\/schema\/logo\/image\/","url":"https:\/\/muchogusto.nl\/wp-content\/uploads\/2022\/08\/logo_header.svg","contentUrl":"https:\/\/muchogusto.nl\/wp-content\/uploads\/2022\/08\/logo_header.svg","caption":"Mucho Gusto"},"image":{"@id":"https:\/\/muchogusto.nl\/#\/schema\/logo\/image\/"},"sameAs":["https:\/\/www.facebook.com\/muchogusto.nl\/","https:\/\/www.instagram.com\/muchogusto.nl\/"]}]}},"_links":{"self":[{"href":"https:\/\/muchogusto.nl\/de\/wp-json\/wp\/v2\/product\/32322","targetHints":{"allow":["GET"]}}],"collection":[{"href":"https:\/\/muchogusto.nl\/de\/wp-json\/wp\/v2\/product"}],"about":[{"href":"https:\/\/muchogusto.nl\/de\/wp-json\/wp\/v2\/types\/product"}],"replies":[{"embeddable":true,"href":"https:\/\/muchogusto.nl\/de\/wp-json\/wp\/v2\/comments?post=32322"}],"wp:featuredmedia":[{"embeddable":true,"href":"https:\/\/muchogusto.nl\/de\/wp-json\/wp\/v2\/media\/32326"}],"wp:attachment":[{"href":"https:\/\/muchogusto.nl\/de\/wp-json\/wp\/v2\/media?parent=32322"}],"wp:term":[{"taxonomy":"product_brand","embeddable":true,"href":"https:\/\/muchogusto.nl\/de\/wp-json\/wp\/v2\/product_brand?post=32322"},{"taxonomy":"product_cat","embeddable":true,"href":"https:\/\/muchogusto.nl\/de\/wp-json\/wp\/v2\/product_cat?post=32322"},{"taxonomy":"product_tag","embeddable":true,"href":"https:\/\/muchogusto.nl\/de\/wp-json\/wp\/v2\/product_tag?post=32322"}],"curies":[{"name":"wp","href":"https:\/\/api.w.org\/{rel}","templated":true}]}}