{"id":31723,"date":"2024-11-05T14:42:09","date_gmt":"2024-11-05T13:42:09","guid":{"rendered":"http:\/\/muchogusto.nl\/?post_type=product&#038;p=31723"},"modified":"2026-03-02T12:02:38","modified_gmt":"2026-03-02T11:02:38","slug":"mucho-gusto-schal-st-tropez-bunte-seesterne-patchwork","status":"publish","type":"product","link":"https:\/\/muchogusto.nl\/de\/produkt\/mucho-gusto-schal-st-tropez-bunte-seesterne-patchwork\/","title":{"rendered":"MUCHO GUSTO\u00ae Schal St. Tropez Bunte Seesterne Patchwork"},"content":{"rendered":"<h3>DETAILS ZUM PRODUKT<\/h3>\n<p><strong>MUCHO GUSTO\u00ae Schal St. Tropez Bunte Seesterne Patchwork<\/strong><\/p>\n<div class=\"flex max-w-full flex-col flex-grow\">\n<div class=\"min-h-8 text-message flex w-full flex-col items-end gap-2 whitespace-normal break-words [.text-message+&amp;]:mt-5\" dir=\"auto\" data-message-author-role=\"assistant\" data-message-id=\"7fc90b2b-6737-4540-9cf2-c45416fd2b5d\" data-message-model-slug=\"gpt-4o\">\n<div class=\"flex w-full flex-col gap-1 empty:hidden first:pt-[3px]\">\n<div class=\"markdown prose w-full break-words dark:prose-invert light\">\n<div class=\"flex max-w-full flex-col flex-grow\">\n<div class=\"min-h-8 text-message flex w-full flex-col items-end gap-2 whitespace-normal break-words [.text-message+&amp;]:mt-5\" dir=\"auto\" data-message-author-role=\"assistant\" data-message-id=\"085e9001-37c7-41bc-a195-ca210d34d232\" data-message-model-slug=\"gpt-4o-mini\">\n<div class=\"flex w-full flex-col gap-1 empty:hidden first:pt-[3px]\">\n<div class=\"markdown prose w-full break-words dark:prose-invert light\">\n<div class=\"flex max-w-full flex-col flex-grow\">\n<div class=\"min-h-8 text-message flex w-full flex-col items-end gap-2 whitespace-normal break-words [.text-message+&amp;]:mt-5\" dir=\"auto\" data-message-author-role=\"assistant\" data-message-id=\"b9ce4b41-8ce1-49ea-b324-19de7c02fd2d\" data-message-model-slug=\"gpt-4o-mini\">\n<div class=\"flex w-full flex-col gap-1 empty:hidden first:pt-[3px]\">\n<div class=\"markdown prose w-full break-words dark:prose-invert light\">\n<div class=\"flex max-w-full flex-col flex-grow\">\n<div class=\"min-h-8 text-message flex w-full flex-col items-end gap-2 whitespace-normal break-words [.text-message+&amp;]:mt-5\" dir=\"auto\" data-message-author-role=\"assistant\" data-message-id=\"fb8f62a9-cb32-45d9-af03-893212fa6e6e\" data-message-model-slug=\"gpt-4o-mini\">\n<div class=\"flex w-full flex-col gap-1 empty:hidden first:pt-[3px]\">\n<div class=\"markdown prose w-full break-words dark:prose-invert light\">\n<div class=\"flex max-w-full flex-col flex-grow\">\n<div class=\"min-h-8 text-message flex w-full flex-col items-end gap-2 whitespace-normal break-words [.text-message+&amp;]:mt-5\" dir=\"auto\" data-message-author-role=\"assistant\" data-message-id=\"ae65181f-6304-4e3c-b5ea-ae8eb20620a6\" data-message-model-slug=\"gpt-4o\">\n<div class=\"flex w-full flex-col gap-1 empty:hidden first:pt-[3px]\">\n<div class=\"markdown prose w-full break-words dark:prose-invert light\">\n<div class=\"flex max-w-full flex-col flex-grow\">\n<div class=\"min-h-8 text-message flex w-full flex-col items-end gap-2 whitespace-normal break-words [.text-message+&amp;]:mt-5\" dir=\"auto\" data-message-author-role=\"assistant\" data-message-id=\"2ff317ed-4b6c-415b-88d7-2a56f6c3c819\" data-message-model-slug=\"gpt-4o\">\n<div class=\"flex w-full flex-col gap-1 empty:hidden first:pt-[3px]\">\n<div class=\"markdown prose w-full break-words dark:prose-invert light\">\n<div class=\"flex max-w-full flex-col flex-grow\">\n<div class=\"min-h-8 text-message flex w-full flex-col items-end gap-2 whitespace-normal break-words [.text-message+&amp;]:mt-5\" dir=\"auto\" data-message-author-role=\"assistant\" data-message-id=\"dec1f2b6-c31d-4cd7-8efc-33284bf555bc\" data-message-model-slug=\"gpt-4o\">\n<div class=\"flex w-full flex-col gap-1 empty:hidden first:pt-[3px]\">\n<div class=\"markdown prose w-full break-words dark:prose-invert light\">\n<div class=\"flex max-w-full flex-col flex-grow\">\n<div class=\"min-h-8 text-message flex w-full flex-col items-end gap-2 whitespace-normal break-words [.text-message+&amp;]:mt-5\" dir=\"auto\" data-message-author-role=\"assistant\" data-message-id=\"70a22d71-f183-479f-bce6-def022c493d0\" data-message-model-slug=\"gpt-4o\">\n<div class=\"flex w-full flex-col gap-1 empty:hidden first:pt-[3px]\">\n<div class=\"markdown prose w-full break-words dark:prose-invert light\">\n<div class=\"flex max-w-full flex-col flex-grow\">\n<div class=\"min-h-8 text-message flex w-full flex-col items-end gap-2 whitespace-normal break-words [.text-message+&amp;]:mt-5\" dir=\"auto\" data-message-author-role=\"assistant\" data-message-id=\"49eaab46-391e-4b98-b2d6-c381933eed29\" data-message-model-slug=\"gpt-4o\">\n<div class=\"flex w-full flex-col gap-1 empty:hidden first:pt-[3px]\">\n<div class=\"markdown prose w-full break-words dark:prose-invert light\">\n<div class=\"flex max-w-full flex-col flex-grow\">\n<div class=\"min-h-8 text-message flex w-full flex-col items-end gap-2 whitespace-normal break-words [.text-message+&amp;]:mt-5\" dir=\"auto\" data-message-author-role=\"assistant\" data-message-id=\"41e858ce-333b-4daa-b06f-17f334b2191d\" data-message-model-slug=\"gpt-4o\">\n<div class=\"flex w-full flex-col gap-1 empty:hidden first:pt-[3px]\">\n<div class=\"markdown prose w-full break-words dark:prose-invert light\">\n<div class=\"flex max-w-full flex-col flex-grow\">\n<div class=\"min-h-8 text-message flex w-full flex-col items-end gap-2 whitespace-normal break-words [.text-message+&amp;]:mt-5\" dir=\"auto\" data-message-author-role=\"assistant\" data-message-id=\"6fc526a1-9dcc-4c2c-84c1-3c97a55606d4\" data-message-model-slug=\"gpt-4o\">\n<div class=\"flex w-full flex-col gap-1 empty:hidden first:pt-[3px]\">\n<div class=\"markdown prose w-full break-words dark:prose-invert light\">\n<p>Entdecken Sie Luxus mit dem <strong>MUCHO GUSTO\u00ae Schal St. Tropez Bunte Seesterne Patchwork<\/strong>. Dieser auff\u00e4llige Schal aus 100 % Seide ist ein echter Hingucker, der Eleganz mit einem lebendigen Touch verbindet. Mit seinen gro\u00dfz\u00fcgigen Ma\u00dfen von 220 x 140 x 140 cm ist er perfekt geeignet, um ein mutiges Stil-Statement zu setzen. Das Design des Schals zeigt eine lebendige Mischung aus Blau, Gr\u00fcn, Pink, Orange und Gelb, akzentuiert durch einen sch\u00f6nen Seestern-Print und eine farbenfrohe Bord\u00fcre, die einen Kontrastpunkt setzt.<\/p>\n<p>G\u00f6nnen Sie sich diesen Black Friday die unverwechselbare Handwerkskunst von <strong>MUCHO GUSTO\u00ae<\/strong> zu einem exklusiven Angebot. H\u00fcllen Sie sich in das luxuri\u00f6se Gef\u00fchl von Seide und bringen Sie mit diesem einzigartigen St\u00fcck einen Hauch von Farbe und Eleganz in Ihre Garderobe.<\/p>\n<p><strong>Niederl\u00e4ndisches Design<\/strong><br \/>\n<strong>Gr\u00f6\u00dfe<\/strong>: One Size<br \/>\n<strong>Abmessungen<\/strong>: 220 x 140 x 140 cm<br \/>\n<strong>Material<\/strong>: 100% Seide<br \/>\n<strong>Farbe\/Druck<\/strong>: Blau, Gr\u00fcn, Rosa, Orange, Gelb mit Seesterndruck und bunter Bord\u00fcre<\/p>\n<h3>PASSENDE ARTIKEL<\/h3>\n<p class=\"p2\"><span class=\"s1\">Vervollst\u00e4ndigen Sie Ihren Look mit einem passenden\u00a0<a href=\"https:\/\/muchogusto.nl\/de\/schals\/\"><span class=\"s2\">Schal<\/span><\/a>.<br \/>\n<\/span><span class=\"s1\">M\u00f6chten Sie mehr Blusen sehen? Dann schauen Sie sich unsere\u00a0<a href=\"https:\/\/muchogusto.nl\/de\/blusen\/\"><span class=\"s2\">Bekleidungsseite<\/span><\/a>\u00a0an.<br \/>\n<\/span><span class=\"s1\">M\u00f6chten Sie mehr Inspiration? Besuchen Sie unsere\u00a0<a href=\"https:\/\/www.instagram.com\/muchogusto.nl\/\"><span class=\"s2\">Instagram<\/span><\/a>-Seite.\u00a0<\/span><\/p>\n<h3>BRAUCHEN SIE HILFE?<\/h3>\n<p>Wenn Sie Fragen zu diesem Artikel oder der Gr\u00f6\u00dfe haben, senden Sie eine E-Mail an unseren Kundenservice unter\u00a0<a href=\"http:\/\/muchogusto.nl\/\"><span class=\"s2\">web@muchogusto.nl.<\/span><\/a><\/p>\n<\/div>\n<\/div>\n<\/div>\n<\/div>\n<\/div>\n<\/div>\n<\/div>\n<\/div>\n<section class=\"related products\"><\/section>\n<section class=\"related products\"><\/section>\n<\/div>\n<\/div>\n<\/div>\n<\/div>\n<\/div>\n<\/div>\n<\/div>\n<\/div>\n<\/div>\n<\/div>\n<\/div>\n<\/div>\n<\/div>\n<\/div>\n<\/div>\n<\/div>\n<\/div>\n<\/div>\n<\/div>\n<\/div>\n<\/div>\n<\/div>\n<\/div>\n<\/div>\n<\/div>\n<\/div>\n<\/div>\n<\/div>\n<\/div>\n<\/div>\n<\/div>\n<\/div>\n<\/div>\n<\/div>\n<\/div>\n<\/div>\n","protected":false},"excerpt":{"rendered":"<p>This is a variable product.<\/p>\n","protected":false},"featured_media":31579,"comment_status":"open","ping_status":"closed","template":"","meta":{"_acf_changed":false,"inline_featured_image":false,"navigation_state":false,"_genesis_hide_title":false,"_genesis_hide_breadcrumbs":false,"_genesis_hide_singular_image":false,"_genesis_hide_footer_widgets":false,"_genesis_custom_body_class":"","_genesis_custom_post_class":"","_genesis_layout":""},"product_brand":[],"product_cat":[87],"product_tag":[],"class_list":{"0":"post-31723","1":"product","2":"type-product","3":"status-publish","4":"has-post-thumbnail","6":"product_cat-schals","7":"entry","9":"first","10":"instock","11":"sale","12":"featured","13":"taxable","14":"shipping-taxable","15":"purchasable","16":"product-type-simple"},"acf":[],"yoast_head":"<!-- This site is optimized with the Yoast SEO Premium plugin v27.2 (Yoast SEO v27.2) - https:\/\/yoast.com\/product\/yoast-seo-premium-wordpress\/ -->\n<title>MUCHO GUSTO\u00ae Schal St. Tropez Bunte Seesterne Patchwork<\/title>\n<meta name=\"description\" content=\"MUCHO GUSTO\u00ae Schal St. Tropez Bunte Seesterne Patchwork. Entdecken Sie unsere luxuri\u00f6se Eleganz mit MUCHO GUSTO\u00ae Schals aus den besten Materialien.\" \/>\n<meta name=\"robots\" content=\"index, follow, max-snippet:-1, max-image-preview:large, max-video-preview:-1\" \/>\n<link rel=\"canonical\" href=\"https:\/\/muchogusto.nl\/produkt\/mucho-gusto-scarf-st-tropez-colorful-starfish-patchwork\/\" \/>\n<meta property=\"og:locale\" content=\"de_DE\" \/>\n<meta property=\"og:type\" content=\"article\" \/>\n<meta property=\"og:title\" content=\"MUCHO GUSTO\u00ae Schal St. Tropez Bunte Seesterne Patchwork\" \/>\n<meta property=\"og:description\" content=\"MUCHO GUSTO\u00ae Schal St. Tropez Bunte Seesterne Patchwork. Entdecken Sie unsere luxuri\u00f6se Eleganz mit MUCHO GUSTO\u00ae Schals aus den besten Materialien.\" \/>\n<meta property=\"og:url\" content=\"https:\/\/muchogusto.nl\/produkt\/mucho-gusto-scarf-st-tropez-colorful-starfish-patchwork\/\" \/>\n<meta property=\"og:site_name\" content=\"Mucho Gusto\" \/>\n<meta property=\"article:publisher\" content=\"https:\/\/www.facebook.com\/muchogusto.nl\/\" \/>\n<meta property=\"article:modified_time\" content=\"2026-03-02T11:02:38+00:00\" \/>\n<meta property=\"og:image\" content=\"http:\/\/muchogusto.nl\/wp-content\/uploads\/2024\/10\/S42BFD021-scaled.jpg\" \/>\n\t<meta property=\"og:image:width\" content=\"1920\" \/>\n\t<meta property=\"og:image:height\" content=\"2560\" \/>\n\t<meta property=\"og:image:type\" content=\"image\/jpeg\" \/>\n<meta name=\"twitter:card\" content=\"summary_large_image\" \/>\n<meta name=\"twitter:label1\" content=\"Est. reading time\" \/>\n\t<meta name=\"twitter:data1\" content=\"2 minutes\" \/>\n<script type=\"application\/ld+json\" class=\"yoast-schema-graph\">{\"@context\":\"https:\/\/schema.org\",\"@graph\":[{\"@type\":\"WebPage\",\"@id\":\"https:\/\/muchogusto.nl\/produkt\/mucho-gusto-scarf-st-tropez-colorful-starfish-patchwork\/\",\"url\":\"https:\/\/muchogusto.nl\/produkt\/mucho-gusto-scarf-st-tropez-colorful-starfish-patchwork\/\",\"name\":\"MUCHO GUSTO\u00ae Schal St. Tropez Bunte Seesterne Patchwork\",\"isPartOf\":{\"@id\":\"https:\/\/muchogusto.nl\/#website\"},\"primaryImageOfPage\":{\"@id\":\"https:\/\/muchogusto.nl\/produkt\/mucho-gusto-scarf-st-tropez-colorful-starfish-patchwork\/#primaryimage\"},\"image\":{\"@id\":\"https:\/\/muchogusto.nl\/produkt\/mucho-gusto-scarf-st-tropez-colorful-starfish-patchwork\/#primaryimage\"},\"thumbnailUrl\":\"https:\/\/muchogusto.nl\/wp-content\/uploads\/2024\/10\/S42BFD021-scaled.jpg\",\"datePublished\":\"2024-11-05T13:42:09+00:00\",\"dateModified\":\"2026-03-02T11:02:38+00:00\",\"description\":\"MUCHO GUSTO\u00ae Schal St. Tropez Bunte Seesterne Patchwork. Entdecken Sie unsere luxuri\u00f6se Eleganz mit MUCHO GUSTO\u00ae Schals aus den besten Materialien.\",\"breadcrumb\":{\"@id\":\"https:\/\/muchogusto.nl\/produkt\/mucho-gusto-scarf-st-tropez-colorful-starfish-patchwork\/#breadcrumb\"},\"inLanguage\":\"de-DE\",\"potentialAction\":[{\"@type\":\"ReadAction\",\"target\":[\"https:\/\/muchogusto.nl\/produkt\/mucho-gusto-scarf-st-tropez-colorful-starfish-patchwork\/\"]}]},{\"@type\":\"ImageObject\",\"inLanguage\":\"de-DE\",\"@id\":\"https:\/\/muchogusto.nl\/produkt\/mucho-gusto-scarf-st-tropez-colorful-starfish-patchwork\/#primaryimage\",\"url\":\"https:\/\/muchogusto.nl\/wp-content\/uploads\/2024\/10\/S42BFD021-scaled.jpg\",\"contentUrl\":\"https:\/\/muchogusto.nl\/wp-content\/uploads\/2024\/10\/S42BFD021-scaled.jpg\",\"width\":1920,\"height\":2560,\"caption\":\"MUCHO GUSTO\u00ae Schal St. Tropez Bunte Seesterne Patchwork\"},{\"@type\":\"BreadcrumbList\",\"@id\":\"https:\/\/muchogusto.nl\/produkt\/mucho-gusto-scarf-st-tropez-colorful-starfish-patchwork\/#breadcrumb\",\"itemListElement\":[{\"@type\":\"ListItem\",\"position\":1,\"name\":\"Home\",\"item\":\"https:\/\/muchogusto.nl\/de\/\"},{\"@type\":\"ListItem\",\"position\":2,\"name\":\"Shop\",\"item\":\"https:\/\/muchogusto.nl\/de\/shop-2\/\"},{\"@type\":\"ListItem\",\"position\":3,\"name\":\"MUCHO GUSTO\u00ae Schal St. Tropez Bunte Seesterne Patchwork\"}]},{\"@type\":\"WebSite\",\"@id\":\"https:\/\/muchogusto.nl\/#website\",\"url\":\"https:\/\/muchogusto.nl\/\",\"name\":\"muchogusto.nl\",\"description\":\"\",\"publisher\":{\"@id\":\"https:\/\/muchogusto.nl\/#organization\"},\"potentialAction\":[{\"@type\":\"SearchAction\",\"target\":{\"@type\":\"EntryPoint\",\"urlTemplate\":\"https:\/\/muchogusto.nl\/?s={search_term_string}\"},\"query-input\":{\"@type\":\"PropertyValueSpecification\",\"valueRequired\":true,\"valueName\":\"search_term_string\"}}],\"inLanguage\":\"de-DE\"},{\"@type\":\"Organization\",\"@id\":\"https:\/\/muchogusto.nl\/#organization\",\"name\":\"Mucho Gusto\",\"url\":\"https:\/\/muchogusto.nl\/\",\"logo\":{\"@type\":\"ImageObject\",\"inLanguage\":\"de-DE\",\"@id\":\"https:\/\/muchogusto.nl\/#\/schema\/logo\/image\/\",\"url\":\"https:\/\/muchogusto.nl\/wp-content\/uploads\/2022\/08\/logo_header.svg\",\"contentUrl\":\"https:\/\/muchogusto.nl\/wp-content\/uploads\/2022\/08\/logo_header.svg\",\"caption\":\"Mucho Gusto\"},\"image\":{\"@id\":\"https:\/\/muchogusto.nl\/#\/schema\/logo\/image\/\"},\"sameAs\":[\"https:\/\/www.facebook.com\/muchogusto.nl\/\",\"https:\/\/www.instagram.com\/muchogusto.nl\/\"]}]}<\/script>\n<!-- \/ Yoast SEO Premium plugin. -->","yoast_head_json":{"title":"MUCHO GUSTO\u00ae Schal St. Tropez Bunte Seesterne Patchwork","description":"MUCHO GUSTO\u00ae Schal St. Tropez Bunte Seesterne Patchwork. Entdecken Sie unsere luxuri\u00f6se Eleganz mit MUCHO GUSTO\u00ae Schals aus den besten Materialien.","robots":{"index":"index","follow":"follow","max-snippet":"max-snippet:-1","max-image-preview":"max-image-preview:large","max-video-preview":"max-video-preview:-1"},"canonical":"https:\/\/muchogusto.nl\/produkt\/mucho-gusto-scarf-st-tropez-colorful-starfish-patchwork\/","og_locale":"de_DE","og_type":"article","og_title":"MUCHO GUSTO\u00ae Schal St. Tropez Bunte Seesterne Patchwork","og_description":"MUCHO GUSTO\u00ae Schal St. Tropez Bunte Seesterne Patchwork. Entdecken Sie unsere luxuri\u00f6se Eleganz mit MUCHO GUSTO\u00ae Schals aus den besten Materialien.","og_url":"https:\/\/muchogusto.nl\/produkt\/mucho-gusto-scarf-st-tropez-colorful-starfish-patchwork\/","og_site_name":"Mucho Gusto","article_publisher":"https:\/\/www.facebook.com\/muchogusto.nl\/","article_modified_time":"2026-03-02T11:02:38+00:00","og_image":[{"width":1920,"height":2560,"url":"http:\/\/muchogusto.nl\/wp-content\/uploads\/2024\/10\/S42BFD021-scaled.jpg","type":"image\/jpeg"}],"twitter_card":"summary_large_image","twitter_misc":{"Est. reading time":"2 minutes"},"schema":{"@context":"https:\/\/schema.org","@graph":[{"@type":"WebPage","@id":"https:\/\/muchogusto.nl\/produkt\/mucho-gusto-scarf-st-tropez-colorful-starfish-patchwork\/","url":"https:\/\/muchogusto.nl\/produkt\/mucho-gusto-scarf-st-tropez-colorful-starfish-patchwork\/","name":"MUCHO GUSTO\u00ae Schal St. Tropez Bunte Seesterne Patchwork","isPartOf":{"@id":"https:\/\/muchogusto.nl\/#website"},"primaryImageOfPage":{"@id":"https:\/\/muchogusto.nl\/produkt\/mucho-gusto-scarf-st-tropez-colorful-starfish-patchwork\/#primaryimage"},"image":{"@id":"https:\/\/muchogusto.nl\/produkt\/mucho-gusto-scarf-st-tropez-colorful-starfish-patchwork\/#primaryimage"},"thumbnailUrl":"https:\/\/muchogusto.nl\/wp-content\/uploads\/2024\/10\/S42BFD021-scaled.jpg","datePublished":"2024-11-05T13:42:09+00:00","dateModified":"2026-03-02T11:02:38+00:00","description":"MUCHO GUSTO\u00ae Schal St. Tropez Bunte Seesterne Patchwork. Entdecken Sie unsere luxuri\u00f6se Eleganz mit MUCHO GUSTO\u00ae Schals aus den besten Materialien.","breadcrumb":{"@id":"https:\/\/muchogusto.nl\/produkt\/mucho-gusto-scarf-st-tropez-colorful-starfish-patchwork\/#breadcrumb"},"inLanguage":"de-DE","potentialAction":[{"@type":"ReadAction","target":["https:\/\/muchogusto.nl\/produkt\/mucho-gusto-scarf-st-tropez-colorful-starfish-patchwork\/"]}]},{"@type":"ImageObject","inLanguage":"de-DE","@id":"https:\/\/muchogusto.nl\/produkt\/mucho-gusto-scarf-st-tropez-colorful-starfish-patchwork\/#primaryimage","url":"https:\/\/muchogusto.nl\/wp-content\/uploads\/2024\/10\/S42BFD021-scaled.jpg","contentUrl":"https:\/\/muchogusto.nl\/wp-content\/uploads\/2024\/10\/S42BFD021-scaled.jpg","width":1920,"height":2560,"caption":"MUCHO GUSTO\u00ae Schal St. Tropez Bunte Seesterne Patchwork"},{"@type":"BreadcrumbList","@id":"https:\/\/muchogusto.nl\/produkt\/mucho-gusto-scarf-st-tropez-colorful-starfish-patchwork\/#breadcrumb","itemListElement":[{"@type":"ListItem","position":1,"name":"Home","item":"https:\/\/muchogusto.nl\/de\/"},{"@type":"ListItem","position":2,"name":"Shop","item":"https:\/\/muchogusto.nl\/de\/shop-2\/"},{"@type":"ListItem","position":3,"name":"MUCHO GUSTO\u00ae Schal St. Tropez Bunte Seesterne Patchwork"}]},{"@type":"WebSite","@id":"https:\/\/muchogusto.nl\/#website","url":"https:\/\/muchogusto.nl\/","name":"muchogusto.nl","description":"","publisher":{"@id":"https:\/\/muchogusto.nl\/#organization"},"potentialAction":[{"@type":"SearchAction","target":{"@type":"EntryPoint","urlTemplate":"https:\/\/muchogusto.nl\/?s={search_term_string}"},"query-input":{"@type":"PropertyValueSpecification","valueRequired":true,"valueName":"search_term_string"}}],"inLanguage":"de-DE"},{"@type":"Organization","@id":"https:\/\/muchogusto.nl\/#organization","name":"Mucho Gusto","url":"https:\/\/muchogusto.nl\/","logo":{"@type":"ImageObject","inLanguage":"de-DE","@id":"https:\/\/muchogusto.nl\/#\/schema\/logo\/image\/","url":"https:\/\/muchogusto.nl\/wp-content\/uploads\/2022\/08\/logo_header.svg","contentUrl":"https:\/\/muchogusto.nl\/wp-content\/uploads\/2022\/08\/logo_header.svg","caption":"Mucho Gusto"},"image":{"@id":"https:\/\/muchogusto.nl\/#\/schema\/logo\/image\/"},"sameAs":["https:\/\/www.facebook.com\/muchogusto.nl\/","https:\/\/www.instagram.com\/muchogusto.nl\/"]}]}},"_links":{"self":[{"href":"https:\/\/muchogusto.nl\/de\/wp-json\/wp\/v2\/product\/31723","targetHints":{"allow":["GET"]}}],"collection":[{"href":"https:\/\/muchogusto.nl\/de\/wp-json\/wp\/v2\/product"}],"about":[{"href":"https:\/\/muchogusto.nl\/de\/wp-json\/wp\/v2\/types\/product"}],"replies":[{"embeddable":true,"href":"https:\/\/muchogusto.nl\/de\/wp-json\/wp\/v2\/comments?post=31723"}],"wp:featuredmedia":[{"embeddable":true,"href":"https:\/\/muchogusto.nl\/de\/wp-json\/wp\/v2\/media\/31579"}],"wp:attachment":[{"href":"https:\/\/muchogusto.nl\/de\/wp-json\/wp\/v2\/media?parent=31723"}],"wp:term":[{"taxonomy":"product_brand","embeddable":true,"href":"https:\/\/muchogusto.nl\/de\/wp-json\/wp\/v2\/product_brand?post=31723"},{"taxonomy":"product_cat","embeddable":true,"href":"https:\/\/muchogusto.nl\/de\/wp-json\/wp\/v2\/product_cat?post=31723"},{"taxonomy":"product_tag","embeddable":true,"href":"https:\/\/muchogusto.nl\/de\/wp-json\/wp\/v2\/product_tag?post=31723"}],"curies":[{"name":"wp","href":"https:\/\/api.w.org\/{rel}","templated":true}]}}