{"id":31304,"date":"2024-10-28T11:28:03","date_gmt":"2024-10-28T10:28:03","guid":{"rendered":"http:\/\/muchogusto.nl\/?post_type=product&#038;p=31304"},"modified":"2026-03-02T12:02:38","modified_gmt":"2026-03-02T11:02:38","slug":"mucho-gusto-viskose-kissen-gruener-sternenprint-medium","status":"publish","type":"product","link":"https:\/\/muchogusto.nl\/de\/produkt\/mucho-gusto-viskose-kissen-gruener-sternenprint-medium\/","title":{"rendered":"MUCHO GUSTO\u00ae Viskose Kissen Gr\u00fcner Sternenprint Medium"},"content":{"rendered":"<h3>DETAILS ZUM PRODUKT<\/h3>\n<p><strong>MUCHO GUSTO\u00ae Viskose Kissen Gr\u00fcner Sternenprint Medium<\/strong><\/p>\n<div class=\"flex max-w-full flex-col flex-grow\">\n<div class=\"min-h-8 text-message flex w-full flex-col items-end gap-2 whitespace-normal break-words [.text-message+&amp;]:mt-5\" dir=\"auto\" data-message-author-role=\"assistant\" data-message-id=\"13c3c93e-6947-480b-92b2-df9f76e291ca\" data-message-model-slug=\"gpt-4o\">\n<div class=\"flex w-full flex-col gap-1 empty:hidden first:pt-[3px]\">\n<div class=\"markdown prose w-full break-words dark:prose-invert light\">\n<div class=\"flex max-w-full flex-col flex-grow\">\n<div class=\"min-h-8 text-message flex w-full flex-col items-end gap-2 whitespace-normal break-words [.text-message+&amp;]:mt-5\" dir=\"auto\" data-message-author-role=\"assistant\" data-message-id=\"2cc6cbde-dd66-47af-a656-d5b2e85bb82e\" data-message-model-slug=\"gpt-4o\">\n<div class=\"flex w-full flex-col gap-1 empty:hidden first:pt-[3px]\">\n<div class=\"markdown prose w-full break-words dark:prose-invert light\">\n<p>Entdecken Sie Luxus mit dem <strong>MUCHO GUSTO\u00ae Viskose Kissen Gr\u00fcner Sternenprint Medium<\/strong>. Gefertigt aus der feinsten Mischung von 97% Viskose und 3% Elasthan, bietet dieses mittelgro\u00dfe Kissen (45 x 45 cm) sowohl Komfort als auch Stil, komplett mit einer weichen F\u00fcllung und einem eleganten Rei\u00dfverschluss an der Seite f\u00fcr einfache Handhabung.<\/p>\n<p>Das Design des Kissens besticht durch einen auff\u00e4lligen gr\u00fcnen Hintergrund mit einem zarten Sternenmuster, kombiniert mit kr\u00e4ftigen Streifen in Rot, Rosa, Beige und Lila an der Oberseite. Diese Farben bilden zusammen einen spielerischen, aber eleganten Kontrast, der dieses Kissen zu einer perfekten Erg\u00e4nzung f\u00fcr jedes Interieur macht.<\/p>\n<p><strong>MUCHO GUSTO\u00ae<\/strong> vereint mutige Muster mit handwerklichem K\u00f6nnen und schafft Wohnaccessoires, die ebenso luxuri\u00f6s wie auff\u00e4llig sind. Verleihen Sie Ihrem Zuhause mit diesem einzigartigen Kissen einen stilvollen Akzent, der in jedem Raum hervorsticht.<\/p>\n<p><strong>Dutch Design<\/strong><br \/>\n<strong>Gr\u00f6\u00dfe<\/strong>: Mittel<br \/>\n<strong>Ma\u00dfe<\/strong>: 45 x 45 cm<br \/>\n<strong>Material<\/strong>: 97% Viskose, 3% Elasthan<br \/>\n<strong>Farbe\/Muster<\/strong>: Gr\u00fcner Sternenprint mit roten, rosa, beigen und lila Streifen<br \/>\n<strong>Details<\/strong>: Inklusive F\u00fcllung, Rei\u00dfverschluss<\/p>\n<\/div>\n<\/div>\n<\/div>\n<\/div>\n<h3>PASSENDE ARTIKEL<\/h3>\n<p class=\"p2\"><span class=\"s1\">Vervollst\u00e4ndigen Sie Ihren Look mit einem passenden\u00a0<a href=\"https:\/\/muchogusto.nl\/de\/schals\/\"><span class=\"s2\">Schal<\/span><\/a>.<br \/>\n<\/span><span class=\"s1\">M\u00f6chten Sie mehr Blusen sehen? Dann schauen Sie sich unsere\u00a0<a href=\"https:\/\/muchogusto.nl\/de\/blusen\/\"><span class=\"s2\">Bekleidungsseite<\/span><\/a>\u00a0an.<br \/>\n<\/span><span class=\"s1\">M\u00f6chten Sie mehr Inspiration? Besuchen Sie unsere\u00a0<a href=\"https:\/\/www.instagram.com\/muchogusto.nl\/\"><span class=\"s2\">Instagram<\/span><\/a>-Seite.\u00a0<\/span><\/p>\n<h3>BRAUCHEN SIE HILFE?<\/h3>\n<p>Wenn Sie Fragen zu diesem Artikel oder der Gr\u00f6\u00dfe haben, senden Sie eine E-Mail an unseren Kundenservice unter <a href=\"mailto:web@muchogusto.nl\"><span class=\"s2\">web@muchogusto.nl.<\/span><\/a><\/p>\n<\/div>\n<\/div>\n<\/div>\n<\/div>\n","protected":false},"excerpt":{"rendered":"<p>This is a variable product.<\/p>\n","protected":false},"featured_media":31308,"comment_status":"open","ping_status":"closed","template":"","meta":{"_acf_changed":false,"inline_featured_image":false,"navigation_state":false,"_genesis_hide_title":false,"_genesis_hide_breadcrumbs":false,"_genesis_hide_singular_image":false,"_genesis_hide_footer_widgets":false,"_genesis_custom_body_class":"","_genesis_custom_post_class":"","_genesis_layout":""},"product_brand":[],"product_cat":[5426],"product_tag":[],"class_list":{"0":"post-31304","1":"product","2":"type-product","3":"status-publish","4":"has-post-thumbnail","6":"product_cat-lifestyle-de-2","7":"entry","9":"first","10":"instock","11":"featured","12":"taxable","13":"shipping-taxable","14":"purchasable","15":"product-type-simple"},"acf":[],"yoast_head":"<!-- This site is optimized with the Yoast SEO Premium plugin v27.2 (Yoast SEO v27.2) - https:\/\/yoast.com\/product\/yoast-seo-premium-wordpress\/ -->\n<title>MUCHO GUSTO\u00ae Viskose Kissen Gr\u00fcner Sternenprint Medium<\/title>\n<meta name=\"description\" content=\"MUCHO GUSTO\u00ae Viskose Kissen Gr\u00fcner Sternenprint Medium. Entdecken Sie unsere luxuri\u00f6se Eleganz mit den Kissen von MUCHO GUSTO\u00ae.\" \/>\n<meta name=\"robots\" content=\"index, follow, max-snippet:-1, max-image-preview:large, max-video-preview:-1\" \/>\n<link rel=\"canonical\" href=\"https:\/\/muchogusto.nl\/de\/produkt\/mucho-gusto-viskose-kissen-gruener-sternenprint-medium\/\" \/>\n<meta property=\"og:locale\" content=\"de_DE\" \/>\n<meta property=\"og:type\" content=\"article\" \/>\n<meta property=\"og:title\" content=\"MUCHO GUSTO\u00ae Viskose Kissen Gr\u00fcner Sternenprint Medium\" \/>\n<meta property=\"og:description\" content=\"MUCHO GUSTO\u00ae Viskose Kissen Gr\u00fcner Sternenprint Medium. Entdecken Sie unsere luxuri\u00f6se Eleganz mit den Kissen von MUCHO GUSTO\u00ae.\" \/>\n<meta property=\"og:url\" content=\"https:\/\/muchogusto.nl\/de\/produkt\/mucho-gusto-viskose-kissen-gruener-sternenprint-medium\/\" \/>\n<meta property=\"og:site_name\" content=\"Mucho Gusto\" \/>\n<meta property=\"article:publisher\" content=\"https:\/\/www.facebook.com\/muchogusto.nl\/\" \/>\n<meta property=\"article:modified_time\" content=\"2026-03-02T11:02:38+00:00\" \/>\n<meta property=\"og:image\" content=\"https:\/\/muchogusto.nl\/wp-content\/uploads\/2024\/10\/A42PAL036-scaled.jpg\" \/>\n\t<meta property=\"og:image:width\" content=\"1920\" \/>\n\t<meta property=\"og:image:height\" content=\"2560\" \/>\n\t<meta property=\"og:image:type\" content=\"image\/jpeg\" \/>\n<meta name=\"twitter:card\" content=\"summary_large_image\" \/>\n<meta name=\"twitter:label1\" content=\"Est. reading time\" \/>\n\t<meta name=\"twitter:data1\" content=\"2 minutes\" \/>\n<script type=\"application\/ld+json\" class=\"yoast-schema-graph\">{\"@context\":\"https:\/\/schema.org\",\"@graph\":[{\"@type\":\"WebPage\",\"@id\":\"https:\/\/muchogusto.nl\/de\/produkt\/mucho-gusto-viskose-kissen-gruener-sternenprint-medium\/\",\"url\":\"https:\/\/muchogusto.nl\/de\/produkt\/mucho-gusto-viskose-kissen-gruener-sternenprint-medium\/\",\"name\":\"MUCHO GUSTO\u00ae Viskose Kissen Gr\u00fcner Sternenprint Medium\",\"isPartOf\":{\"@id\":\"https:\/\/muchogusto.nl\/#website\"},\"primaryImageOfPage\":{\"@id\":\"https:\/\/muchogusto.nl\/de\/produkt\/mucho-gusto-viskose-kissen-gruener-sternenprint-medium\/#primaryimage\"},\"image\":{\"@id\":\"https:\/\/muchogusto.nl\/de\/produkt\/mucho-gusto-viskose-kissen-gruener-sternenprint-medium\/#primaryimage\"},\"thumbnailUrl\":\"https:\/\/muchogusto.nl\/wp-content\/uploads\/2024\/10\/A42PAL036-scaled.jpg\",\"datePublished\":\"2024-10-28T10:28:03+00:00\",\"dateModified\":\"2026-03-02T11:02:38+00:00\",\"description\":\"MUCHO GUSTO\u00ae Viskose Kissen Gr\u00fcner Sternenprint Medium. Entdecken Sie unsere luxuri\u00f6se Eleganz mit den Kissen von MUCHO GUSTO\u00ae.\",\"breadcrumb\":{\"@id\":\"https:\/\/muchogusto.nl\/de\/produkt\/mucho-gusto-viskose-kissen-gruener-sternenprint-medium\/#breadcrumb\"},\"inLanguage\":\"de-DE\",\"potentialAction\":[{\"@type\":\"ReadAction\",\"target\":[\"https:\/\/muchogusto.nl\/de\/produkt\/mucho-gusto-viskose-kissen-gruener-sternenprint-medium\/\"]}]},{\"@type\":\"ImageObject\",\"inLanguage\":\"de-DE\",\"@id\":\"https:\/\/muchogusto.nl\/de\/produkt\/mucho-gusto-viskose-kissen-gruener-sternenprint-medium\/#primaryimage\",\"url\":\"https:\/\/muchogusto.nl\/wp-content\/uploads\/2024\/10\/A42PAL036-scaled.jpg\",\"contentUrl\":\"https:\/\/muchogusto.nl\/wp-content\/uploads\/2024\/10\/A42PAL036-scaled.jpg\",\"width\":1920,\"height\":2560,\"caption\":\"MUCHO GUSTO\u00ae Viskose Kissen Gr\u00fcner Sternenprint Medium\"},{\"@type\":\"BreadcrumbList\",\"@id\":\"https:\/\/muchogusto.nl\/de\/produkt\/mucho-gusto-viskose-kissen-gruener-sternenprint-medium\/#breadcrumb\",\"itemListElement\":[{\"@type\":\"ListItem\",\"position\":1,\"name\":\"Home\",\"item\":\"https:\/\/muchogusto.nl\/de\/\"},{\"@type\":\"ListItem\",\"position\":2,\"name\":\"Shop\",\"item\":\"https:\/\/muchogusto.nl\/de\/shop-2\/\"},{\"@type\":\"ListItem\",\"position\":3,\"name\":\"MUCHO GUSTO\u00ae Viskose Kissen Gr\u00fcner Sternenprint Medium\"}]},{\"@type\":\"WebSite\",\"@id\":\"https:\/\/muchogusto.nl\/#website\",\"url\":\"https:\/\/muchogusto.nl\/\",\"name\":\"muchogusto.nl\",\"description\":\"\",\"publisher\":{\"@id\":\"https:\/\/muchogusto.nl\/#organization\"},\"potentialAction\":[{\"@type\":\"SearchAction\",\"target\":{\"@type\":\"EntryPoint\",\"urlTemplate\":\"https:\/\/muchogusto.nl\/?s={search_term_string}\"},\"query-input\":{\"@type\":\"PropertyValueSpecification\",\"valueRequired\":true,\"valueName\":\"search_term_string\"}}],\"inLanguage\":\"de-DE\"},{\"@type\":\"Organization\",\"@id\":\"https:\/\/muchogusto.nl\/#organization\",\"name\":\"Mucho Gusto\",\"url\":\"https:\/\/muchogusto.nl\/\",\"logo\":{\"@type\":\"ImageObject\",\"inLanguage\":\"de-DE\",\"@id\":\"https:\/\/muchogusto.nl\/#\/schema\/logo\/image\/\",\"url\":\"https:\/\/muchogusto.nl\/wp-content\/uploads\/2022\/08\/logo_header.svg\",\"contentUrl\":\"https:\/\/muchogusto.nl\/wp-content\/uploads\/2022\/08\/logo_header.svg\",\"caption\":\"Mucho Gusto\"},\"image\":{\"@id\":\"https:\/\/muchogusto.nl\/#\/schema\/logo\/image\/\"},\"sameAs\":[\"https:\/\/www.facebook.com\/muchogusto.nl\/\",\"https:\/\/www.instagram.com\/muchogusto.nl\/\"]}]}<\/script>\n<!-- \/ Yoast SEO Premium plugin. -->","yoast_head_json":{"title":"MUCHO GUSTO\u00ae Viskose Kissen Gr\u00fcner Sternenprint Medium","description":"MUCHO GUSTO\u00ae Viskose Kissen Gr\u00fcner Sternenprint Medium. Entdecken Sie unsere luxuri\u00f6se Eleganz mit den Kissen von MUCHO GUSTO\u00ae.","robots":{"index":"index","follow":"follow","max-snippet":"max-snippet:-1","max-image-preview":"max-image-preview:large","max-video-preview":"max-video-preview:-1"},"canonical":"https:\/\/muchogusto.nl\/de\/produkt\/mucho-gusto-viskose-kissen-gruener-sternenprint-medium\/","og_locale":"de_DE","og_type":"article","og_title":"MUCHO GUSTO\u00ae Viskose Kissen Gr\u00fcner Sternenprint Medium","og_description":"MUCHO GUSTO\u00ae Viskose Kissen Gr\u00fcner Sternenprint Medium. Entdecken Sie unsere luxuri\u00f6se Eleganz mit den Kissen von MUCHO GUSTO\u00ae.","og_url":"https:\/\/muchogusto.nl\/de\/produkt\/mucho-gusto-viskose-kissen-gruener-sternenprint-medium\/","og_site_name":"Mucho Gusto","article_publisher":"https:\/\/www.facebook.com\/muchogusto.nl\/","article_modified_time":"2026-03-02T11:02:38+00:00","og_image":[{"width":1920,"height":2560,"url":"https:\/\/muchogusto.nl\/wp-content\/uploads\/2024\/10\/A42PAL036-scaled.jpg","type":"image\/jpeg"}],"twitter_card":"summary_large_image","twitter_misc":{"Est. reading time":"2 minutes"},"schema":{"@context":"https:\/\/schema.org","@graph":[{"@type":"WebPage","@id":"https:\/\/muchogusto.nl\/de\/produkt\/mucho-gusto-viskose-kissen-gruener-sternenprint-medium\/","url":"https:\/\/muchogusto.nl\/de\/produkt\/mucho-gusto-viskose-kissen-gruener-sternenprint-medium\/","name":"MUCHO GUSTO\u00ae Viskose Kissen Gr\u00fcner Sternenprint Medium","isPartOf":{"@id":"https:\/\/muchogusto.nl\/#website"},"primaryImageOfPage":{"@id":"https:\/\/muchogusto.nl\/de\/produkt\/mucho-gusto-viskose-kissen-gruener-sternenprint-medium\/#primaryimage"},"image":{"@id":"https:\/\/muchogusto.nl\/de\/produkt\/mucho-gusto-viskose-kissen-gruener-sternenprint-medium\/#primaryimage"},"thumbnailUrl":"https:\/\/muchogusto.nl\/wp-content\/uploads\/2024\/10\/A42PAL036-scaled.jpg","datePublished":"2024-10-28T10:28:03+00:00","dateModified":"2026-03-02T11:02:38+00:00","description":"MUCHO GUSTO\u00ae Viskose Kissen Gr\u00fcner Sternenprint Medium. Entdecken Sie unsere luxuri\u00f6se Eleganz mit den Kissen von MUCHO GUSTO\u00ae.","breadcrumb":{"@id":"https:\/\/muchogusto.nl\/de\/produkt\/mucho-gusto-viskose-kissen-gruener-sternenprint-medium\/#breadcrumb"},"inLanguage":"de-DE","potentialAction":[{"@type":"ReadAction","target":["https:\/\/muchogusto.nl\/de\/produkt\/mucho-gusto-viskose-kissen-gruener-sternenprint-medium\/"]}]},{"@type":"ImageObject","inLanguage":"de-DE","@id":"https:\/\/muchogusto.nl\/de\/produkt\/mucho-gusto-viskose-kissen-gruener-sternenprint-medium\/#primaryimage","url":"https:\/\/muchogusto.nl\/wp-content\/uploads\/2024\/10\/A42PAL036-scaled.jpg","contentUrl":"https:\/\/muchogusto.nl\/wp-content\/uploads\/2024\/10\/A42PAL036-scaled.jpg","width":1920,"height":2560,"caption":"MUCHO GUSTO\u00ae Viskose Kissen Gr\u00fcner Sternenprint Medium"},{"@type":"BreadcrumbList","@id":"https:\/\/muchogusto.nl\/de\/produkt\/mucho-gusto-viskose-kissen-gruener-sternenprint-medium\/#breadcrumb","itemListElement":[{"@type":"ListItem","position":1,"name":"Home","item":"https:\/\/muchogusto.nl\/de\/"},{"@type":"ListItem","position":2,"name":"Shop","item":"https:\/\/muchogusto.nl\/de\/shop-2\/"},{"@type":"ListItem","position":3,"name":"MUCHO GUSTO\u00ae Viskose Kissen Gr\u00fcner Sternenprint Medium"}]},{"@type":"WebSite","@id":"https:\/\/muchogusto.nl\/#website","url":"https:\/\/muchogusto.nl\/","name":"muchogusto.nl","description":"","publisher":{"@id":"https:\/\/muchogusto.nl\/#organization"},"potentialAction":[{"@type":"SearchAction","target":{"@type":"EntryPoint","urlTemplate":"https:\/\/muchogusto.nl\/?s={search_term_string}"},"query-input":{"@type":"PropertyValueSpecification","valueRequired":true,"valueName":"search_term_string"}}],"inLanguage":"de-DE"},{"@type":"Organization","@id":"https:\/\/muchogusto.nl\/#organization","name":"Mucho Gusto","url":"https:\/\/muchogusto.nl\/","logo":{"@type":"ImageObject","inLanguage":"de-DE","@id":"https:\/\/muchogusto.nl\/#\/schema\/logo\/image\/","url":"https:\/\/muchogusto.nl\/wp-content\/uploads\/2022\/08\/logo_header.svg","contentUrl":"https:\/\/muchogusto.nl\/wp-content\/uploads\/2022\/08\/logo_header.svg","caption":"Mucho Gusto"},"image":{"@id":"https:\/\/muchogusto.nl\/#\/schema\/logo\/image\/"},"sameAs":["https:\/\/www.facebook.com\/muchogusto.nl\/","https:\/\/www.instagram.com\/muchogusto.nl\/"]}]}},"_links":{"self":[{"href":"https:\/\/muchogusto.nl\/de\/wp-json\/wp\/v2\/product\/31304","targetHints":{"allow":["GET"]}}],"collection":[{"href":"https:\/\/muchogusto.nl\/de\/wp-json\/wp\/v2\/product"}],"about":[{"href":"https:\/\/muchogusto.nl\/de\/wp-json\/wp\/v2\/types\/product"}],"replies":[{"embeddable":true,"href":"https:\/\/muchogusto.nl\/de\/wp-json\/wp\/v2\/comments?post=31304"}],"wp:featuredmedia":[{"embeddable":true,"href":"https:\/\/muchogusto.nl\/de\/wp-json\/wp\/v2\/media\/31308"}],"wp:attachment":[{"href":"https:\/\/muchogusto.nl\/de\/wp-json\/wp\/v2\/media?parent=31304"}],"wp:term":[{"taxonomy":"product_brand","embeddable":true,"href":"https:\/\/muchogusto.nl\/de\/wp-json\/wp\/v2\/product_brand?post=31304"},{"taxonomy":"product_cat","embeddable":true,"href":"https:\/\/muchogusto.nl\/de\/wp-json\/wp\/v2\/product_cat?post=31304"},{"taxonomy":"product_tag","embeddable":true,"href":"https:\/\/muchogusto.nl\/de\/wp-json\/wp\/v2\/product_tag?post=31304"}],"curies":[{"name":"wp","href":"https:\/\/api.w.org\/{rel}","templated":true}]}}