{"id":30096,"date":"2025-03-23T18:00:08","date_gmt":"2025-03-23T17:00:08","guid":{"rendered":"http:\/\/muchogusto.nl\/?post_type=product&#038;p=30096"},"modified":"2026-03-02T12:02:38","modified_gmt":"2026-03-02T11:02:38","slug":"wollschal-weiche-eleganz-mit-wollfransen","status":"publish","type":"product","link":"https:\/\/muchogusto.nl\/de\/produkt\/wollschal-weiche-eleganz-mit-wollfransen\/","title":{"rendered":"Wollschal Weiche Eleganz mit Wollfransen"},"content":{"rendered":"<h3><strong>DETAILS ZUM PRODUCT<\/strong><\/h3>\n<p>Entdecken Sie den <strong>MUCHO GUSTO\u00ae Wollschal Weiche Eleganz mit Wollfransen<\/strong>, eine perfekte Kombination aus Stil, W\u00e4rme und Komfort. Dieser wundersch\u00f6ne Schal besticht durch seine sanften, hellen Farben, die jedem Outfit eine elegante Note verleihen. Gefertigt aus luxuri\u00f6ser Wolle, bietet er ein angenehmes, warmes Tragegef\u00fchl und ist ideal f\u00fcr k\u00e4ltere Tage.<\/p>\n<p>Der Schal ist mit stilvollen grauen Wollfransen verziert, die dem Design ein dezentes, aber schickes Detail hinzuf\u00fcgen. <strong>Ob Sie sich<\/strong> f\u00fcr einen besonderen Anlass kleiden oder ein gem\u00fctliches Accessoire f\u00fcr den Alltag suchen, der MUCHO GUSTO\u00ae Wollschal ist vielseitig genug, um jeden Look zu erg\u00e4nzen.<\/p>\n<p><strong>Wichtige Merkmale:<\/strong><\/p>\n<ul>\n<li><strong>Sanftes Farbschema:<\/strong> Helle, neutrale T\u00f6ne, die perfekt zu jeder Garderobe passen.<\/li>\n<li><strong>Warme Wolltextur:<\/strong> Bietet angenehme W\u00e4rme und ein komfortables Tragegef\u00fchl.<\/li>\n<li><strong>Graue Wollfransen:<\/strong> F\u00fcgen dem Design des Schals ein raffiniertes, stilvolles Detail hinzu.<\/li>\n<li><strong>Vielseitiges Design:<\/strong> Ideal f\u00fcr sowohl legere als auch formelle Anl\u00e4sse.<\/li>\n<\/ul>\n<p>Erg\u00e4nzen Sie Ihre Wintergarderobe mit dem <strong>MUCHO GUSTO\u00ae Wollschal Weiche Eleganz mit Wollfransen<\/strong>\u2014ein zeitloses Accessoire, das Eleganz und Funktionalit\u00e4t m\u00fchelos vereint.<\/p>\n<p><strong>Holl\u00e4ndisches Design<br \/>\nGr\u00f6\u00dfe:<\/strong> Einheitsgr\u00f6\u00dfe<strong><br \/>\nAbmessungen: <\/strong>Ca.220 x 140 x 140 cm<strong><br \/>\nForm: <\/strong>Platz<strong><br \/>\nMaterial: <\/strong>100% Wolle<strong><br \/>\nFarben:<\/strong> Pastel<\/p>\n<p><strong>PASSENDE ARTIKEL<br \/>\n<\/strong>Vervollst\u00e4ndigen Sie Ihren Look mit einem passenden\u00a0<a href=\"https:\/\/muchogusto.nl\/de\/schals\/\">Schal<\/a>.<br \/>\nM\u00f6chten Sie mehr Blusen sehen? Dann schauen Sie sich unsere\u00a0<a href=\"https:\/\/muchogusto.nl\/de\/blusen\/\">Bekleidungsseite<\/a>\u00a0an.<br \/>\nM\u00f6chten Sie mehr Inspiration? Besuchen Sie unsere\u00a0<a href=\"https:\/\/www.instagram.com\/muchogusto.nl\/\">Instagram<\/a>-Seite.<\/p>\n<p><strong>BRAUCHEN SIE HILFE?<br \/>\n<\/strong>Wenn Sie Fragen zu diesem Artikel oder der Gr\u00f6\u00dfe haben, senden Sie eine E-Mail an unseren Kundenservice unter <a href=\"mailto:web@muchogusto.nl.\">web@muchogusto.nl.<\/a><\/p>\n","protected":false},"excerpt":{"rendered":"<p>This is a variable product.<\/p>\n","protected":false},"featured_media":30105,"comment_status":"open","ping_status":"closed","template":"","meta":{"_acf_changed":false,"inline_featured_image":false,"navigation_state":false,"_genesis_hide_title":false,"_genesis_hide_breadcrumbs":false,"_genesis_hide_singular_image":false,"_genesis_hide_footer_widgets":false,"_genesis_custom_body_class":"","_genesis_custom_post_class":"","_genesis_layout":""},"product_brand":[],"product_cat":[87],"product_tag":[],"class_list":{"0":"post-30096","1":"product","2":"type-product","3":"status-publish","4":"has-post-thumbnail","6":"product_cat-schals","7":"entry","9":"first","10":"instock","11":"sale","12":"featured","13":"taxable","14":"shipping-taxable","15":"purchasable","16":"product-type-simple"},"acf":[],"yoast_head":"<!-- This site is optimized with the Yoast SEO Premium plugin v27.2 (Yoast SEO v27.2) - https:\/\/yoast.com\/product\/yoast-seo-premium-wordpress\/ -->\n<title>Wollschal Weiche Eleganz mit Wollfransen<\/title>\n<meta name=\"description\" content=\"MUCHO GUSTO\u00ae Wollschal Weiche Eleganz mit Wollfransen. Entdecken Sie unsere luxuri\u00f6se Eleganz mit dem Wollschal von MUCHO GUSTO.\" \/>\n<meta name=\"robots\" content=\"index, follow, max-snippet:-1, max-image-preview:large, max-video-preview:-1\" \/>\n<link rel=\"canonical\" href=\"https:\/\/muchogusto.nl\/de\/produkt\/wollschal-weiche-eleganz-mit-wollfransen\/\" \/>\n<meta property=\"og:locale\" content=\"de_DE\" \/>\n<meta property=\"og:type\" content=\"article\" \/>\n<meta property=\"og:title\" content=\"Wollschal Weiche Eleganz mit Wollfransen\" \/>\n<meta property=\"og:description\" content=\"MUCHO GUSTO\u00ae Wollschal Weiche Eleganz mit Wollfransen. Entdecken Sie unsere luxuri\u00f6se Eleganz mit dem Wollschal von MUCHO GUSTO.\" \/>\n<meta property=\"og:url\" content=\"https:\/\/muchogusto.nl\/de\/produkt\/wollschal-weiche-eleganz-mit-wollfransen\/\" \/>\n<meta property=\"og:site_name\" content=\"Mucho Gusto\" \/>\n<meta property=\"article:publisher\" content=\"https:\/\/www.facebook.com\/muchogusto.nl\/\" \/>\n<meta property=\"article:modified_time\" content=\"2026-03-02T11:02:38+00:00\" \/>\n<meta property=\"og:image\" content=\"http:\/\/muchogusto.nl\/wp-content\/uploads\/2024\/10\/NGS42WOO999-scaled.jpg\" \/>\n\t<meta property=\"og:image:width\" content=\"1920\" \/>\n\t<meta property=\"og:image:height\" content=\"2560\" \/>\n\t<meta property=\"og:image:type\" content=\"image\/jpeg\" \/>\n<meta name=\"twitter:card\" content=\"summary_large_image\" \/>\n<meta name=\"twitter:label1\" content=\"Est. reading time\" \/>\n\t<meta name=\"twitter:data1\" content=\"2 minutes\" \/>\n<script type=\"application\/ld+json\" class=\"yoast-schema-graph\">{\"@context\":\"https:\/\/schema.org\",\"@graph\":[{\"@type\":\"WebPage\",\"@id\":\"https:\/\/muchogusto.nl\/de\/produkt\/wollschal-weiche-eleganz-mit-wollfransen\/\",\"url\":\"https:\/\/muchogusto.nl\/de\/produkt\/wollschal-weiche-eleganz-mit-wollfransen\/\",\"name\":\"Wollschal Weiche Eleganz mit Wollfransen\",\"isPartOf\":{\"@id\":\"https:\/\/muchogusto.nl\/#website\"},\"primaryImageOfPage\":{\"@id\":\"https:\/\/muchogusto.nl\/de\/produkt\/wollschal-weiche-eleganz-mit-wollfransen\/#primaryimage\"},\"image\":{\"@id\":\"https:\/\/muchogusto.nl\/de\/produkt\/wollschal-weiche-eleganz-mit-wollfransen\/#primaryimage\"},\"thumbnailUrl\":\"https:\/\/muchogusto.nl\/wp-content\/uploads\/2024\/10\/NGS42WOO999-scaled.jpg\",\"datePublished\":\"2025-03-23T17:00:08+00:00\",\"dateModified\":\"2026-03-02T11:02:38+00:00\",\"description\":\"MUCHO GUSTO\u00ae Wollschal Weiche Eleganz mit Wollfransen. Entdecken Sie unsere luxuri\u00f6se Eleganz mit dem Wollschal von MUCHO GUSTO.\",\"breadcrumb\":{\"@id\":\"https:\/\/muchogusto.nl\/de\/produkt\/wollschal-weiche-eleganz-mit-wollfransen\/#breadcrumb\"},\"inLanguage\":\"de-DE\",\"potentialAction\":[{\"@type\":\"ReadAction\",\"target\":[\"https:\/\/muchogusto.nl\/de\/produkt\/wollschal-weiche-eleganz-mit-wollfransen\/\"]}]},{\"@type\":\"ImageObject\",\"inLanguage\":\"de-DE\",\"@id\":\"https:\/\/muchogusto.nl\/de\/produkt\/wollschal-weiche-eleganz-mit-wollfransen\/#primaryimage\",\"url\":\"https:\/\/muchogusto.nl\/wp-content\/uploads\/2024\/10\/NGS42WOO999-scaled.jpg\",\"contentUrl\":\"https:\/\/muchogusto.nl\/wp-content\/uploads\/2024\/10\/NGS42WOO999-scaled.jpg\",\"width\":1920,\"height\":2560,\"caption\":\"Wool Scarf Soft Elegance with Wool Fringes\"},{\"@type\":\"BreadcrumbList\",\"@id\":\"https:\/\/muchogusto.nl\/de\/produkt\/wollschal-weiche-eleganz-mit-wollfransen\/#breadcrumb\",\"itemListElement\":[{\"@type\":\"ListItem\",\"position\":1,\"name\":\"Home\",\"item\":\"https:\/\/muchogusto.nl\/de\/\"},{\"@type\":\"ListItem\",\"position\":2,\"name\":\"Shop\",\"item\":\"https:\/\/muchogusto.nl\/de\/shop-2\/\"},{\"@type\":\"ListItem\",\"position\":3,\"name\":\"Wollschal Weiche Eleganz mit Wollfransen\"}]},{\"@type\":\"WebSite\",\"@id\":\"https:\/\/muchogusto.nl\/#website\",\"url\":\"https:\/\/muchogusto.nl\/\",\"name\":\"muchogusto.nl\",\"description\":\"\",\"publisher\":{\"@id\":\"https:\/\/muchogusto.nl\/#organization\"},\"potentialAction\":[{\"@type\":\"SearchAction\",\"target\":{\"@type\":\"EntryPoint\",\"urlTemplate\":\"https:\/\/muchogusto.nl\/?s={search_term_string}\"},\"query-input\":{\"@type\":\"PropertyValueSpecification\",\"valueRequired\":true,\"valueName\":\"search_term_string\"}}],\"inLanguage\":\"de-DE\"},{\"@type\":\"Organization\",\"@id\":\"https:\/\/muchogusto.nl\/#organization\",\"name\":\"Mucho Gusto\",\"url\":\"https:\/\/muchogusto.nl\/\",\"logo\":{\"@type\":\"ImageObject\",\"inLanguage\":\"de-DE\",\"@id\":\"https:\/\/muchogusto.nl\/#\/schema\/logo\/image\/\",\"url\":\"https:\/\/muchogusto.nl\/wp-content\/uploads\/2022\/08\/logo_header.svg\",\"contentUrl\":\"https:\/\/muchogusto.nl\/wp-content\/uploads\/2022\/08\/logo_header.svg\",\"caption\":\"Mucho Gusto\"},\"image\":{\"@id\":\"https:\/\/muchogusto.nl\/#\/schema\/logo\/image\/\"},\"sameAs\":[\"https:\/\/www.facebook.com\/muchogusto.nl\/\",\"https:\/\/www.instagram.com\/muchogusto.nl\/\"]}]}<\/script>\n<!-- \/ Yoast SEO Premium plugin. -->","yoast_head_json":{"title":"Wollschal Weiche Eleganz mit Wollfransen","description":"MUCHO GUSTO\u00ae Wollschal Weiche Eleganz mit Wollfransen. Entdecken Sie unsere luxuri\u00f6se Eleganz mit dem Wollschal von MUCHO GUSTO.","robots":{"index":"index","follow":"follow","max-snippet":"max-snippet:-1","max-image-preview":"max-image-preview:large","max-video-preview":"max-video-preview:-1"},"canonical":"https:\/\/muchogusto.nl\/de\/produkt\/wollschal-weiche-eleganz-mit-wollfransen\/","og_locale":"de_DE","og_type":"article","og_title":"Wollschal Weiche Eleganz mit Wollfransen","og_description":"MUCHO GUSTO\u00ae Wollschal Weiche Eleganz mit Wollfransen. Entdecken Sie unsere luxuri\u00f6se Eleganz mit dem Wollschal von MUCHO GUSTO.","og_url":"https:\/\/muchogusto.nl\/de\/produkt\/wollschal-weiche-eleganz-mit-wollfransen\/","og_site_name":"Mucho Gusto","article_publisher":"https:\/\/www.facebook.com\/muchogusto.nl\/","article_modified_time":"2026-03-02T11:02:38+00:00","og_image":[{"width":1920,"height":2560,"url":"http:\/\/muchogusto.nl\/wp-content\/uploads\/2024\/10\/NGS42WOO999-scaled.jpg","type":"image\/jpeg"}],"twitter_card":"summary_large_image","twitter_misc":{"Est. reading time":"2 minutes"},"schema":{"@context":"https:\/\/schema.org","@graph":[{"@type":"WebPage","@id":"https:\/\/muchogusto.nl\/de\/produkt\/wollschal-weiche-eleganz-mit-wollfransen\/","url":"https:\/\/muchogusto.nl\/de\/produkt\/wollschal-weiche-eleganz-mit-wollfransen\/","name":"Wollschal Weiche Eleganz mit Wollfransen","isPartOf":{"@id":"https:\/\/muchogusto.nl\/#website"},"primaryImageOfPage":{"@id":"https:\/\/muchogusto.nl\/de\/produkt\/wollschal-weiche-eleganz-mit-wollfransen\/#primaryimage"},"image":{"@id":"https:\/\/muchogusto.nl\/de\/produkt\/wollschal-weiche-eleganz-mit-wollfransen\/#primaryimage"},"thumbnailUrl":"https:\/\/muchogusto.nl\/wp-content\/uploads\/2024\/10\/NGS42WOO999-scaled.jpg","datePublished":"2025-03-23T17:00:08+00:00","dateModified":"2026-03-02T11:02:38+00:00","description":"MUCHO GUSTO\u00ae Wollschal Weiche Eleganz mit Wollfransen. Entdecken Sie unsere luxuri\u00f6se Eleganz mit dem Wollschal von MUCHO GUSTO.","breadcrumb":{"@id":"https:\/\/muchogusto.nl\/de\/produkt\/wollschal-weiche-eleganz-mit-wollfransen\/#breadcrumb"},"inLanguage":"de-DE","potentialAction":[{"@type":"ReadAction","target":["https:\/\/muchogusto.nl\/de\/produkt\/wollschal-weiche-eleganz-mit-wollfransen\/"]}]},{"@type":"ImageObject","inLanguage":"de-DE","@id":"https:\/\/muchogusto.nl\/de\/produkt\/wollschal-weiche-eleganz-mit-wollfransen\/#primaryimage","url":"https:\/\/muchogusto.nl\/wp-content\/uploads\/2024\/10\/NGS42WOO999-scaled.jpg","contentUrl":"https:\/\/muchogusto.nl\/wp-content\/uploads\/2024\/10\/NGS42WOO999-scaled.jpg","width":1920,"height":2560,"caption":"Wool Scarf Soft Elegance with Wool Fringes"},{"@type":"BreadcrumbList","@id":"https:\/\/muchogusto.nl\/de\/produkt\/wollschal-weiche-eleganz-mit-wollfransen\/#breadcrumb","itemListElement":[{"@type":"ListItem","position":1,"name":"Home","item":"https:\/\/muchogusto.nl\/de\/"},{"@type":"ListItem","position":2,"name":"Shop","item":"https:\/\/muchogusto.nl\/de\/shop-2\/"},{"@type":"ListItem","position":3,"name":"Wollschal Weiche Eleganz mit Wollfransen"}]},{"@type":"WebSite","@id":"https:\/\/muchogusto.nl\/#website","url":"https:\/\/muchogusto.nl\/","name":"muchogusto.nl","description":"","publisher":{"@id":"https:\/\/muchogusto.nl\/#organization"},"potentialAction":[{"@type":"SearchAction","target":{"@type":"EntryPoint","urlTemplate":"https:\/\/muchogusto.nl\/?s={search_term_string}"},"query-input":{"@type":"PropertyValueSpecification","valueRequired":true,"valueName":"search_term_string"}}],"inLanguage":"de-DE"},{"@type":"Organization","@id":"https:\/\/muchogusto.nl\/#organization","name":"Mucho Gusto","url":"https:\/\/muchogusto.nl\/","logo":{"@type":"ImageObject","inLanguage":"de-DE","@id":"https:\/\/muchogusto.nl\/#\/schema\/logo\/image\/","url":"https:\/\/muchogusto.nl\/wp-content\/uploads\/2022\/08\/logo_header.svg","contentUrl":"https:\/\/muchogusto.nl\/wp-content\/uploads\/2022\/08\/logo_header.svg","caption":"Mucho Gusto"},"image":{"@id":"https:\/\/muchogusto.nl\/#\/schema\/logo\/image\/"},"sameAs":["https:\/\/www.facebook.com\/muchogusto.nl\/","https:\/\/www.instagram.com\/muchogusto.nl\/"]}]}},"_links":{"self":[{"href":"https:\/\/muchogusto.nl\/de\/wp-json\/wp\/v2\/product\/30096","targetHints":{"allow":["GET"]}}],"collection":[{"href":"https:\/\/muchogusto.nl\/de\/wp-json\/wp\/v2\/product"}],"about":[{"href":"https:\/\/muchogusto.nl\/de\/wp-json\/wp\/v2\/types\/product"}],"replies":[{"embeddable":true,"href":"https:\/\/muchogusto.nl\/de\/wp-json\/wp\/v2\/comments?post=30096"}],"wp:featuredmedia":[{"embeddable":true,"href":"https:\/\/muchogusto.nl\/de\/wp-json\/wp\/v2\/media\/30105"}],"wp:attachment":[{"href":"https:\/\/muchogusto.nl\/de\/wp-json\/wp\/v2\/media?parent=30096"}],"wp:term":[{"taxonomy":"product_brand","embeddable":true,"href":"https:\/\/muchogusto.nl\/de\/wp-json\/wp\/v2\/product_brand?post=30096"},{"taxonomy":"product_cat","embeddable":true,"href":"https:\/\/muchogusto.nl\/de\/wp-json\/wp\/v2\/product_cat?post=30096"},{"taxonomy":"product_tag","embeddable":true,"href":"https:\/\/muchogusto.nl\/de\/wp-json\/wp\/v2\/product_tag?post=30096"}],"curies":[{"name":"wp","href":"https:\/\/api.w.org\/{rel}","templated":true}]}}