{"id":28648,"date":"2025-03-23T17:59:46","date_gmt":"2025-03-23T16:59:46","guid":{"rendered":"http:\/\/muchogusto.nl\/?post_type=product&#038;p=28648"},"modified":"2026-03-02T12:02:38","modified_gmt":"2026-03-02T11:02:38","slug":"mucho-gusto-seidenschal-st-tropez-luxe-leopard-elegance","status":"publish","type":"product","link":"https:\/\/muchogusto.nl\/de\/produkt\/mucho-gusto-seidenschal-st-tropez-luxe-leopard-elegance\/","title":{"rendered":"MUCHO GUSTO\u00ae Seidenschal St. Tropez Luxe Leopard &#038; Metallic Eleganz"},"content":{"rendered":"<h3><strong>DETAILS ZUM PRODUCT<\/strong><\/h3>\n<div class=\"flex max-w-full flex-col flex-grow\">\n<div class=\"min-h-[20px] text-message flex w-full flex-col items-end gap-2 whitespace-normal break-words [.text-message+&amp;]:mt-5\" dir=\"auto\" data-message-author-role=\"assistant\" data-message-id=\"465d0248-7c7c-4eaa-94b0-7d4b63108ef5\">\n<div class=\"flex w-full flex-col gap-1 empty:hidden first:pt-[3px]\">\n<div class=\"markdown prose w-full break-words dark:prose-invert light\">\n<p><strong>MUCHO GUSTO\u00ae Seidenschal St. Tropez Luxe Leopard Elegance<\/strong><\/p>\n<p>Entdecken Sie die Faszination des exquisiten <strong>MUCHO GUSTO\u00ae Seidenschal St. Tropez Luxe Leopard Elegance<\/strong> von <strong>MUCHO GUSTO\u00ae GOLD LABEL<\/strong>. Wenn wir sagen, dass wir nur die hochwertigste Seide verwenden, die es auf dem Markt gibt, dann meinen wir das auch so: <strong>MUCHO GUSTO\u00ae<\/strong> <strong>Gold Silk<\/strong>. Dieses vielseitige Accessoire mit seinem opulenten Patchwork-Design l\u00e4sst sich m\u00fchelos von leger bis formell tragen und ist ein echtes Statement f\u00fcr Ihre Garderobe. Der Schal ist mit vier raffinierten Prints versehen: einem auff\u00e4lligen Leopardenmuster, einem luxuri\u00f6sen Metallic-Patchwork in Wei\u00df, Gold, Silber und Bronze, einem mit verschlungenen Ketten verzierten Teil und einem lebhaften Mockup in Rot, Pink, Gelb und Wei\u00df mit Tiermotiven. Mit einem gerollten Saum und einer Einfassung in satten Braun-, Wei\u00df-, Beige- und Rosat\u00f6nen verleiht es jedem Outfit einen raffinierten, eleganten Touch.<\/p>\n<p><strong>Holl\u00e4ndisches Design<br \/>\nGr\u00f6\u00dfe:<\/strong> Einheitsgr\u00f6\u00dfe<strong><br \/>\nAbmessungen: <\/strong>Ca. 220 x 140 x 140 cm<strong><br \/>\nForm: <\/strong>Dreieck<strong><br \/>\nMaterial: <\/strong>100% Seide<strong><br \/>\nFarben: <\/strong>Braun, Wei\u00df, Beige, Rosa, Gold, Silber, Rot, Gelb<\/p>\n<p><strong>PASSENDE ARTIKEL<br \/>\n<\/strong>Vervollst\u00e4ndigen Sie Ihren Look mit einem passenden\u00a0<a href=\"https:\/\/muchogusto.nl\/de\/schals\/\">Schal<\/a>.<br \/>\nM\u00f6chten Sie mehr Blusen sehen? Dann schauen Sie sich unsere\u00a0<a href=\"https:\/\/muchogusto.nl\/de\/blusen\/\">Bekleidungsseite<\/a>\u00a0an.<br \/>\nM\u00f6chten Sie mehr Inspiration? Besuchen Sie unsere\u00a0<a href=\"https:\/\/www.instagram.com\/muchogusto.nl\/\">Instagram<\/a>-Seite.<\/p>\n<p><strong>BRAUCHEN SIE HILFE?<\/strong><br \/>\nWenn Sie Fragen zu diesem Artikel oder der Gr\u00f6\u00dfe haben, senden Sie eine E-Mail an unseren Kundenservice unter <a href=\"mailto:web@muchogusto.nl.\">web@muchogusto.nl.<\/a><\/p>\n<\/div>\n<\/div>\n<\/div>\n<\/div>\n","protected":false},"excerpt":{"rendered":"<p>This is a variable product.<\/p>\n","protected":false},"featured_media":28652,"comment_status":"open","ping_status":"closed","template":"","meta":{"_acf_changed":false,"inline_featured_image":false,"navigation_state":false,"_genesis_hide_title":false,"_genesis_hide_breadcrumbs":false,"_genesis_hide_singular_image":false,"_genesis_hide_footer_widgets":false,"_genesis_custom_body_class":"","_genesis_custom_post_class":"","_genesis_layout":""},"product_brand":[],"product_cat":[87],"product_tag":[],"class_list":{"0":"post-28648","1":"product","2":"type-product","3":"status-publish","4":"has-post-thumbnail","6":"product_cat-schals","7":"entry","9":"first","10":"instock","11":"sale","12":"featured","13":"taxable","14":"shipping-taxable","15":"purchasable","16":"product-type-simple"},"acf":[],"yoast_head":"<!-- This site is optimized with the Yoast SEO Premium plugin v27.2 (Yoast SEO v27.2) - https:\/\/yoast.com\/product\/yoast-seo-premium-wordpress\/ -->\n<title>MUCHO GUSTO\u00ae Seidenschal St. Tropez Luxe Leopard Elegance<\/title>\n<meta name=\"description\" content=\"MUCHO GUSTO\u00ae Seidenschal St. Tropez Luxe Leopard Elegance. Entdecken Sie unsere luxuri\u00f6se Eleganz mit dem Seidenschal von MUCHO GUSTO\u00ae GOLD LABEL.\" \/>\n<meta name=\"robots\" content=\"index, follow, max-snippet:-1, max-image-preview:large, max-video-preview:-1\" \/>\n<link rel=\"canonical\" href=\"https:\/\/muchogusto.nl\/de\/produkt\/mucho-gusto-seidenschal-st-tropez-luxe-leopard-elegance\/\" \/>\n<meta property=\"og:locale\" content=\"de_DE\" \/>\n<meta property=\"og:type\" content=\"article\" \/>\n<meta property=\"og:title\" content=\"MUCHO GUSTO\u00ae Seidenschal St. Tropez Luxe Leopard &amp; Metallic Eleganz\" \/>\n<meta property=\"og:description\" content=\"MUCHO GUSTO\u00ae Seidenschal St. Tropez Luxe Leopard Elegance. Entdecken Sie unsere luxuri\u00f6se Eleganz mit dem Seidenschal von MUCHO GUSTO\u00ae GOLD LABEL.\" \/>\n<meta property=\"og:url\" content=\"https:\/\/muchogusto.nl\/de\/produkt\/mucho-gusto-seidenschal-st-tropez-luxe-leopard-elegance\/\" \/>\n<meta property=\"og:site_name\" content=\"Mucho Gusto\" \/>\n<meta property=\"article:publisher\" content=\"https:\/\/www.facebook.com\/muchogusto.nl\/\" \/>\n<meta property=\"article:modified_time\" content=\"2026-03-02T11:02:38+00:00\" \/>\n<meta property=\"og:image\" content=\"https:\/\/muchogusto.nl\/wp-content\/uploads\/2024\/09\/NGS42STZ021-scaled.jpg\" \/>\n\t<meta property=\"og:image:width\" content=\"1920\" \/>\n\t<meta property=\"og:image:height\" content=\"2560\" \/>\n\t<meta property=\"og:image:type\" content=\"image\/jpeg\" \/>\n<meta name=\"twitter:card\" content=\"summary_large_image\" \/>\n<meta name=\"twitter:label1\" content=\"Est. reading time\" \/>\n\t<meta name=\"twitter:data1\" content=\"2 minutes\" \/>\n<script type=\"application\/ld+json\" class=\"yoast-schema-graph\">{\"@context\":\"https:\/\/schema.org\",\"@graph\":[{\"@type\":\"WebPage\",\"@id\":\"https:\/\/muchogusto.nl\/de\/produkt\/mucho-gusto-seidenschal-st-tropez-luxe-leopard-elegance\/\",\"url\":\"https:\/\/muchogusto.nl\/de\/produkt\/mucho-gusto-seidenschal-st-tropez-luxe-leopard-elegance\/\",\"name\":\"MUCHO GUSTO\u00ae Seidenschal St. Tropez Luxe Leopard Elegance\",\"isPartOf\":{\"@id\":\"https:\/\/muchogusto.nl\/#website\"},\"primaryImageOfPage\":{\"@id\":\"https:\/\/muchogusto.nl\/de\/produkt\/mucho-gusto-seidenschal-st-tropez-luxe-leopard-elegance\/#primaryimage\"},\"image\":{\"@id\":\"https:\/\/muchogusto.nl\/de\/produkt\/mucho-gusto-seidenschal-st-tropez-luxe-leopard-elegance\/#primaryimage\"},\"thumbnailUrl\":\"https:\/\/muchogusto.nl\/wp-content\/uploads\/2024\/09\/NGS42STZ021-scaled.jpg\",\"datePublished\":\"2025-03-23T16:59:46+00:00\",\"dateModified\":\"2026-03-02T11:02:38+00:00\",\"description\":\"MUCHO GUSTO\u00ae Seidenschal St. Tropez Luxe Leopard Elegance. Entdecken Sie unsere luxuri\u00f6se Eleganz mit dem Seidenschal von MUCHO GUSTO\u00ae GOLD LABEL.\",\"breadcrumb\":{\"@id\":\"https:\/\/muchogusto.nl\/de\/produkt\/mucho-gusto-seidenschal-st-tropez-luxe-leopard-elegance\/#breadcrumb\"},\"inLanguage\":\"de-DE\",\"potentialAction\":[{\"@type\":\"ReadAction\",\"target\":[\"https:\/\/muchogusto.nl\/de\/produkt\/mucho-gusto-seidenschal-st-tropez-luxe-leopard-elegance\/\"]}]},{\"@type\":\"ImageObject\",\"inLanguage\":\"de-DE\",\"@id\":\"https:\/\/muchogusto.nl\/de\/produkt\/mucho-gusto-seidenschal-st-tropez-luxe-leopard-elegance\/#primaryimage\",\"url\":\"https:\/\/muchogusto.nl\/wp-content\/uploads\/2024\/09\/NGS42STZ021-scaled.jpg\",\"contentUrl\":\"https:\/\/muchogusto.nl\/wp-content\/uploads\/2024\/09\/NGS42STZ021-scaled.jpg\",\"width\":1920,\"height\":2560,\"caption\":\"MUCHO GUSTO\u00ae Seidenschal St. Tropez Luxe Leopard & Metallic Eleganz\"},{\"@type\":\"BreadcrumbList\",\"@id\":\"https:\/\/muchogusto.nl\/de\/produkt\/mucho-gusto-seidenschal-st-tropez-luxe-leopard-elegance\/#breadcrumb\",\"itemListElement\":[{\"@type\":\"ListItem\",\"position\":1,\"name\":\"Home\",\"item\":\"https:\/\/muchogusto.nl\/de\/\"},{\"@type\":\"ListItem\",\"position\":2,\"name\":\"Shop\",\"item\":\"https:\/\/muchogusto.nl\/de\/shop-2\/\"},{\"@type\":\"ListItem\",\"position\":3,\"name\":\"MUCHO GUSTO\u00ae Seidenschal St. Tropez Luxe Leopard &#038; Metallic Eleganz\"}]},{\"@type\":\"WebSite\",\"@id\":\"https:\/\/muchogusto.nl\/#website\",\"url\":\"https:\/\/muchogusto.nl\/\",\"name\":\"muchogusto.nl\",\"description\":\"\",\"publisher\":{\"@id\":\"https:\/\/muchogusto.nl\/#organization\"},\"potentialAction\":[{\"@type\":\"SearchAction\",\"target\":{\"@type\":\"EntryPoint\",\"urlTemplate\":\"https:\/\/muchogusto.nl\/?s={search_term_string}\"},\"query-input\":{\"@type\":\"PropertyValueSpecification\",\"valueRequired\":true,\"valueName\":\"search_term_string\"}}],\"inLanguage\":\"de-DE\"},{\"@type\":\"Organization\",\"@id\":\"https:\/\/muchogusto.nl\/#organization\",\"name\":\"Mucho Gusto\",\"url\":\"https:\/\/muchogusto.nl\/\",\"logo\":{\"@type\":\"ImageObject\",\"inLanguage\":\"de-DE\",\"@id\":\"https:\/\/muchogusto.nl\/#\/schema\/logo\/image\/\",\"url\":\"https:\/\/muchogusto.nl\/wp-content\/uploads\/2022\/08\/logo_header.svg\",\"contentUrl\":\"https:\/\/muchogusto.nl\/wp-content\/uploads\/2022\/08\/logo_header.svg\",\"caption\":\"Mucho Gusto\"},\"image\":{\"@id\":\"https:\/\/muchogusto.nl\/#\/schema\/logo\/image\/\"},\"sameAs\":[\"https:\/\/www.facebook.com\/muchogusto.nl\/\",\"https:\/\/www.instagram.com\/muchogusto.nl\/\"]}]}<\/script>\n<!-- \/ Yoast SEO Premium plugin. -->","yoast_head_json":{"title":"MUCHO GUSTO\u00ae Seidenschal St. Tropez Luxe Leopard Elegance","description":"MUCHO GUSTO\u00ae Seidenschal St. Tropez Luxe Leopard Elegance. Entdecken Sie unsere luxuri\u00f6se Eleganz mit dem Seidenschal von MUCHO GUSTO\u00ae GOLD LABEL.","robots":{"index":"index","follow":"follow","max-snippet":"max-snippet:-1","max-image-preview":"max-image-preview:large","max-video-preview":"max-video-preview:-1"},"canonical":"https:\/\/muchogusto.nl\/de\/produkt\/mucho-gusto-seidenschal-st-tropez-luxe-leopard-elegance\/","og_locale":"de_DE","og_type":"article","og_title":"MUCHO GUSTO\u00ae Seidenschal St. Tropez Luxe Leopard & Metallic Eleganz","og_description":"MUCHO GUSTO\u00ae Seidenschal St. Tropez Luxe Leopard Elegance. Entdecken Sie unsere luxuri\u00f6se Eleganz mit dem Seidenschal von MUCHO GUSTO\u00ae GOLD LABEL.","og_url":"https:\/\/muchogusto.nl\/de\/produkt\/mucho-gusto-seidenschal-st-tropez-luxe-leopard-elegance\/","og_site_name":"Mucho Gusto","article_publisher":"https:\/\/www.facebook.com\/muchogusto.nl\/","article_modified_time":"2026-03-02T11:02:38+00:00","og_image":[{"width":1920,"height":2560,"url":"https:\/\/muchogusto.nl\/wp-content\/uploads\/2024\/09\/NGS42STZ021-scaled.jpg","type":"image\/jpeg"}],"twitter_card":"summary_large_image","twitter_misc":{"Est. reading time":"2 minutes"},"schema":{"@context":"https:\/\/schema.org","@graph":[{"@type":"WebPage","@id":"https:\/\/muchogusto.nl\/de\/produkt\/mucho-gusto-seidenschal-st-tropez-luxe-leopard-elegance\/","url":"https:\/\/muchogusto.nl\/de\/produkt\/mucho-gusto-seidenschal-st-tropez-luxe-leopard-elegance\/","name":"MUCHO GUSTO\u00ae Seidenschal St. Tropez Luxe Leopard Elegance","isPartOf":{"@id":"https:\/\/muchogusto.nl\/#website"},"primaryImageOfPage":{"@id":"https:\/\/muchogusto.nl\/de\/produkt\/mucho-gusto-seidenschal-st-tropez-luxe-leopard-elegance\/#primaryimage"},"image":{"@id":"https:\/\/muchogusto.nl\/de\/produkt\/mucho-gusto-seidenschal-st-tropez-luxe-leopard-elegance\/#primaryimage"},"thumbnailUrl":"https:\/\/muchogusto.nl\/wp-content\/uploads\/2024\/09\/NGS42STZ021-scaled.jpg","datePublished":"2025-03-23T16:59:46+00:00","dateModified":"2026-03-02T11:02:38+00:00","description":"MUCHO GUSTO\u00ae Seidenschal St. Tropez Luxe Leopard Elegance. Entdecken Sie unsere luxuri\u00f6se Eleganz mit dem Seidenschal von MUCHO GUSTO\u00ae GOLD LABEL.","breadcrumb":{"@id":"https:\/\/muchogusto.nl\/de\/produkt\/mucho-gusto-seidenschal-st-tropez-luxe-leopard-elegance\/#breadcrumb"},"inLanguage":"de-DE","potentialAction":[{"@type":"ReadAction","target":["https:\/\/muchogusto.nl\/de\/produkt\/mucho-gusto-seidenschal-st-tropez-luxe-leopard-elegance\/"]}]},{"@type":"ImageObject","inLanguage":"de-DE","@id":"https:\/\/muchogusto.nl\/de\/produkt\/mucho-gusto-seidenschal-st-tropez-luxe-leopard-elegance\/#primaryimage","url":"https:\/\/muchogusto.nl\/wp-content\/uploads\/2024\/09\/NGS42STZ021-scaled.jpg","contentUrl":"https:\/\/muchogusto.nl\/wp-content\/uploads\/2024\/09\/NGS42STZ021-scaled.jpg","width":1920,"height":2560,"caption":"MUCHO GUSTO\u00ae Seidenschal St. Tropez Luxe Leopard & Metallic Eleganz"},{"@type":"BreadcrumbList","@id":"https:\/\/muchogusto.nl\/de\/produkt\/mucho-gusto-seidenschal-st-tropez-luxe-leopard-elegance\/#breadcrumb","itemListElement":[{"@type":"ListItem","position":1,"name":"Home","item":"https:\/\/muchogusto.nl\/de\/"},{"@type":"ListItem","position":2,"name":"Shop","item":"https:\/\/muchogusto.nl\/de\/shop-2\/"},{"@type":"ListItem","position":3,"name":"MUCHO GUSTO\u00ae Seidenschal St. Tropez Luxe Leopard &#038; Metallic Eleganz"}]},{"@type":"WebSite","@id":"https:\/\/muchogusto.nl\/#website","url":"https:\/\/muchogusto.nl\/","name":"muchogusto.nl","description":"","publisher":{"@id":"https:\/\/muchogusto.nl\/#organization"},"potentialAction":[{"@type":"SearchAction","target":{"@type":"EntryPoint","urlTemplate":"https:\/\/muchogusto.nl\/?s={search_term_string}"},"query-input":{"@type":"PropertyValueSpecification","valueRequired":true,"valueName":"search_term_string"}}],"inLanguage":"de-DE"},{"@type":"Organization","@id":"https:\/\/muchogusto.nl\/#organization","name":"Mucho Gusto","url":"https:\/\/muchogusto.nl\/","logo":{"@type":"ImageObject","inLanguage":"de-DE","@id":"https:\/\/muchogusto.nl\/#\/schema\/logo\/image\/","url":"https:\/\/muchogusto.nl\/wp-content\/uploads\/2022\/08\/logo_header.svg","contentUrl":"https:\/\/muchogusto.nl\/wp-content\/uploads\/2022\/08\/logo_header.svg","caption":"Mucho Gusto"},"image":{"@id":"https:\/\/muchogusto.nl\/#\/schema\/logo\/image\/"},"sameAs":["https:\/\/www.facebook.com\/muchogusto.nl\/","https:\/\/www.instagram.com\/muchogusto.nl\/"]}]}},"_links":{"self":[{"href":"https:\/\/muchogusto.nl\/de\/wp-json\/wp\/v2\/product\/28648","targetHints":{"allow":["GET"]}}],"collection":[{"href":"https:\/\/muchogusto.nl\/de\/wp-json\/wp\/v2\/product"}],"about":[{"href":"https:\/\/muchogusto.nl\/de\/wp-json\/wp\/v2\/types\/product"}],"replies":[{"embeddable":true,"href":"https:\/\/muchogusto.nl\/de\/wp-json\/wp\/v2\/comments?post=28648"}],"wp:featuredmedia":[{"embeddable":true,"href":"https:\/\/muchogusto.nl\/de\/wp-json\/wp\/v2\/media\/28652"}],"wp:attachment":[{"href":"https:\/\/muchogusto.nl\/de\/wp-json\/wp\/v2\/media?parent=28648"}],"wp:term":[{"taxonomy":"product_brand","embeddable":true,"href":"https:\/\/muchogusto.nl\/de\/wp-json\/wp\/v2\/product_brand?post=28648"},{"taxonomy":"product_cat","embeddable":true,"href":"https:\/\/muchogusto.nl\/de\/wp-json\/wp\/v2\/product_cat?post=28648"},{"taxonomy":"product_tag","embeddable":true,"href":"https:\/\/muchogusto.nl\/de\/wp-json\/wp\/v2\/product_tag?post=28648"}],"curies":[{"name":"wp","href":"https:\/\/api.w.org\/{rel}","templated":true}]}}