{"id":28393,"date":"2025-06-18T12:31:10","date_gmt":"2025-06-18T10:31:10","guid":{"rendered":"http:\/\/muchogusto.nl\/?post_type=product&#038;p=28393"},"modified":"2026-03-02T12:02:38","modified_gmt":"2026-03-02T11:02:38","slug":"rock-sardinie-degrade-leopardenmuster-in-fuchsia-bis-rot","status":"publish","type":"product","link":"https:\/\/muchogusto.nl\/de\/produkt\/rock-sardinie-degrade-leopardenmuster-in-fuchsia-bis-rot\/","title":{"rendered":"Rock Sardinie Degrad\u00e9-Leopardenmuster in Fuchsia bis Rot"},"content":{"rendered":"<h3>DETAILS ZUM PRODUKT<\/h3>\n<p>Lernen Sie den MUCHO GUSTO\u00ae Rock Sardinie kennen, ein mutiges und zugleich elegantes Kleidungsst\u00fcck, das entwickelt wurde, um ein beeindruckendes Statement zu setzen. Dieser Rock besticht durch einen dramatischen schwarzen Unterton mit einem wundersch\u00f6nen Degrad\u00e9-Leopardenmuster, das von lebhaftem Fuchsia zu tiefem Rot \u00fcbergeht und so f\u00fcr einen dynamischen und auff\u00e4lligen Effekt sorgt.<\/p>\n<p>Der Sardinie-Rock ist perfekt geschnitten und bietet eine schmeichelhafte Silhouette, die sich bei jedem Schritt elegant bewegt. Ob kombiniert mit der passenden Bluse f\u00fcr einen abgestimmten Look oder mit einem einfarbigen Oberteil, dieser Rock bietet endlose Vielseitigkeit.<\/p>\n<p>Sowohl elegant als auch raffiniert, ist der Rock Sardinie ideal f\u00fcr alle, die mit selbstbewusstem und zeitlosem Stil auffallen m\u00f6chten.<\/p>\n<p>&nbsp;<\/p>\n<ul>\n<li>Dutch Design<\/li>\n<li>Material: 97% Viskose, 3% Elastan f\u00fcr Komfort und Stretch<\/li>\n<li>Lockere Passform<\/li>\n<li>Degrad\u00e9-Leopardenprint mit rosa und fuchsia Akzenten<\/li>\n<\/ul>\n<p>&nbsp;<\/p>\n<h3>PASSENDE ARTIKEL<\/h3>\n<p class=\"p2\"><span class=\"s1\">Vervollst\u00e4ndigen Sie Ihren Look mit einem passenden\u00a0<a href=\"https:\/\/muchogusto.nl\/de\/schals\/\"><span class=\"s2\">Schal<\/span><\/a>.<\/span><\/p>\n<p class=\"p2\"><span class=\"s1\">M\u00f6chten Sie mehr Blusen sehen? Dann schauen Sie sich unsere\u00a0<a href=\"https:\/\/muchogusto.nl\/de\/blusen\/\"><span class=\"s2\">Bekleidungsseite<\/span><\/a>\u00a0an.\u00a0<\/span><\/p>\n<p class=\"p2\"><span class=\"s1\">M\u00f6chten Sie mehr Inspiration? Besuchen Sie unsere\u00a0<a href=\"https:\/\/www.instagram.com\/muchogusto.nl\/\"><span class=\"s2\">Instagram<\/span><\/a>-Seite.\u00a0<\/span><\/p>\n<h3>BRAUCHEN SIE HILFE?<\/h3>\n<p>Wenn Sie Fragen zu diesem Artikel oder der Gr\u00f6\u00dfe haben, senden Sie eine E-Mail an unseren Kundenservice unter<a href=\"http:\/\/muchogusto.nl\/de\/\"><span class=\"s2\">web@muchogusto.nl.<\/span><\/a><\/p>\n<h3>GR\u00d6SSENTABELLEN<\/h3>\n<p>Unsere Gr\u00f6\u00dfen sind in europ\u00e4ischen Gr\u00f6\u00dfen angegeben. Sie k\u00f6nnen diese Gr\u00f6\u00dfen anhand der Tabellen <a href=\"https:\/\/muchogusto.nl\/de\/grossentabellen\/\">auf dieser Seite<\/a> leicht umrechnen. Die Passform kann je nach Stil oder pers\u00f6nlicher Vorliebe variieren.<\/p>\n","protected":false},"excerpt":{"rendered":"<p>This is a variable product.<\/p>\n","protected":false},"featured_media":28428,"comment_status":"open","ping_status":"closed","template":"","meta":{"_acf_changed":false,"inline_featured_image":false,"navigation_state":false,"_genesis_hide_title":false,"_genesis_hide_breadcrumbs":false,"_genesis_hide_singular_image":false,"_genesis_hide_footer_widgets":false,"_genesis_custom_body_class":"","_genesis_custom_post_class":"","_genesis_layout":""},"product_brand":[],"product_cat":[69,81],"product_tag":[],"class_list":{"0":"post-28393","1":"product","2":"type-product","3":"status-publish","4":"has-post-thumbnail","6":"product_cat-kleidung","7":"product_cat-rocke","8":"entry","10":"first","11":"instock","12":"sale","13":"featured","14":"taxable","15":"shipping-taxable","16":"purchasable","17":"product-type-variable"},"acf":[],"yoast_head":"<!-- This site is optimized with the Yoast SEO Premium plugin v27.2 (Yoast SEO v27.2) - https:\/\/yoast.com\/product\/yoast-seo-premium-wordpress\/ -->\n<title>MUCHO GUSTO\u00ae Rock Sardinie Degrad\u00e9-Leopardenmuster in Fuchsia bis Rot<\/title>\n<meta name=\"description\" content=\"Diese umwerfende Sardinie-Rock aus dem MUCHO GUSTO\u00ae ist ein echter Blickfang. Bei MUCHO GUSTO\u00ae verwenden wir nur die hochwertigste Stoffe.\" \/>\n<meta name=\"robots\" content=\"index, follow, max-snippet:-1, max-image-preview:large, max-video-preview:-1\" \/>\n<link rel=\"canonical\" href=\"https:\/\/muchogusto.nl\/de\/produkt\/rock-sardinie-degrade-leopardenmuster-in-fuchsia-bis-rot\/\" \/>\n<meta property=\"og:locale\" content=\"de_DE\" \/>\n<meta property=\"og:type\" content=\"article\" \/>\n<meta property=\"og:title\" content=\"Rock Sardinie Degrad\u00e9-Leopardenmuster in Fuchsia bis Rot\" \/>\n<meta property=\"og:description\" content=\"Diese umwerfende Sardinie-Rock aus dem MUCHO GUSTO\u00ae ist ein echter Blickfang. Bei MUCHO GUSTO\u00ae verwenden wir nur die hochwertigste Stoffe.\" \/>\n<meta property=\"og:url\" content=\"https:\/\/muchogusto.nl\/de\/produkt\/rock-sardinie-degrade-leopardenmuster-in-fuchsia-bis-rot\/\" \/>\n<meta property=\"og:site_name\" content=\"Mucho Gusto\" \/>\n<meta property=\"article:publisher\" content=\"https:\/\/www.facebook.com\/muchogusto.nl\/\" \/>\n<meta property=\"article:modified_time\" content=\"2026-03-02T11:02:38+00:00\" \/>\n<meta property=\"og:image\" content=\"https:\/\/muchogusto.nl\/wp-content\/uploads\/2024\/09\/NGC42SAR069-scaled.jpg\" \/>\n\t<meta property=\"og:image:width\" content=\"1920\" \/>\n\t<meta property=\"og:image:height\" content=\"2560\" \/>\n\t<meta property=\"og:image:type\" content=\"image\/jpeg\" \/>\n<meta name=\"twitter:card\" content=\"summary_large_image\" \/>\n<meta name=\"twitter:label1\" content=\"Est. reading time\" \/>\n\t<meta name=\"twitter:data1\" content=\"2 minutes\" \/>\n<script type=\"application\/ld+json\" class=\"yoast-schema-graph\">{\"@context\":\"https:\/\/schema.org\",\"@graph\":[{\"@type\":\"WebPage\",\"@id\":\"https:\/\/muchogusto.nl\/de\/produkt\/rock-sardinie-degrade-leopardenmuster-in-fuchsia-bis-rot\/\",\"url\":\"https:\/\/muchogusto.nl\/de\/produkt\/rock-sardinie-degrade-leopardenmuster-in-fuchsia-bis-rot\/\",\"name\":\"MUCHO GUSTO\u00ae Rock Sardinie Degrad\u00e9-Leopardenmuster in Fuchsia bis Rot\",\"isPartOf\":{\"@id\":\"https:\/\/muchogusto.nl\/#website\"},\"primaryImageOfPage\":{\"@id\":\"https:\/\/muchogusto.nl\/de\/produkt\/rock-sardinie-degrade-leopardenmuster-in-fuchsia-bis-rot\/#primaryimage\"},\"image\":{\"@id\":\"https:\/\/muchogusto.nl\/de\/produkt\/rock-sardinie-degrade-leopardenmuster-in-fuchsia-bis-rot\/#primaryimage\"},\"thumbnailUrl\":\"https:\/\/muchogusto.nl\/wp-content\/uploads\/2024\/09\/NGC42SAR069-scaled.jpg\",\"datePublished\":\"2025-06-18T10:31:10+00:00\",\"dateModified\":\"2026-03-02T11:02:38+00:00\",\"description\":\"Diese umwerfende Sardinie-Rock aus dem MUCHO GUSTO\u00ae ist ein echter Blickfang. Bei MUCHO GUSTO\u00ae verwenden wir nur die hochwertigste Stoffe.\",\"breadcrumb\":{\"@id\":\"https:\/\/muchogusto.nl\/de\/produkt\/rock-sardinie-degrade-leopardenmuster-in-fuchsia-bis-rot\/#breadcrumb\"},\"inLanguage\":\"de-DE\",\"potentialAction\":[{\"@type\":\"ReadAction\",\"target\":[\"https:\/\/muchogusto.nl\/de\/produkt\/rock-sardinie-degrade-leopardenmuster-in-fuchsia-bis-rot\/\"]}]},{\"@type\":\"ImageObject\",\"inLanguage\":\"de-DE\",\"@id\":\"https:\/\/muchogusto.nl\/de\/produkt\/rock-sardinie-degrade-leopardenmuster-in-fuchsia-bis-rot\/#primaryimage\",\"url\":\"https:\/\/muchogusto.nl\/wp-content\/uploads\/2024\/09\/NGC42SAR069-scaled.jpg\",\"contentUrl\":\"https:\/\/muchogusto.nl\/wp-content\/uploads\/2024\/09\/NGC42SAR069-scaled.jpg\",\"width\":1920,\"height\":2560,\"caption\":\"Skirt Sardinie Degrad\u00e9 Leopard Print in Fuchsia to Red\"},{\"@type\":\"BreadcrumbList\",\"@id\":\"https:\/\/muchogusto.nl\/de\/produkt\/rock-sardinie-degrade-leopardenmuster-in-fuchsia-bis-rot\/#breadcrumb\",\"itemListElement\":[{\"@type\":\"ListItem\",\"position\":1,\"name\":\"Home\",\"item\":\"https:\/\/muchogusto.nl\/de\/\"},{\"@type\":\"ListItem\",\"position\":2,\"name\":\"Shop\",\"item\":\"https:\/\/muchogusto.nl\/de\/shop-2\/\"},{\"@type\":\"ListItem\",\"position\":3,\"name\":\"Rock Sardinie Degrad\u00e9-Leopardenmuster in Fuchsia bis Rot\"}]},{\"@type\":\"WebSite\",\"@id\":\"https:\/\/muchogusto.nl\/#website\",\"url\":\"https:\/\/muchogusto.nl\/\",\"name\":\"muchogusto.nl\",\"description\":\"\",\"publisher\":{\"@id\":\"https:\/\/muchogusto.nl\/#organization\"},\"potentialAction\":[{\"@type\":\"SearchAction\",\"target\":{\"@type\":\"EntryPoint\",\"urlTemplate\":\"https:\/\/muchogusto.nl\/?s={search_term_string}\"},\"query-input\":{\"@type\":\"PropertyValueSpecification\",\"valueRequired\":true,\"valueName\":\"search_term_string\"}}],\"inLanguage\":\"de-DE\"},{\"@type\":\"Organization\",\"@id\":\"https:\/\/muchogusto.nl\/#organization\",\"name\":\"Mucho Gusto\",\"url\":\"https:\/\/muchogusto.nl\/\",\"logo\":{\"@type\":\"ImageObject\",\"inLanguage\":\"de-DE\",\"@id\":\"https:\/\/muchogusto.nl\/#\/schema\/logo\/image\/\",\"url\":\"https:\/\/muchogusto.nl\/wp-content\/uploads\/2022\/08\/logo_header.svg\",\"contentUrl\":\"https:\/\/muchogusto.nl\/wp-content\/uploads\/2022\/08\/logo_header.svg\",\"caption\":\"Mucho Gusto\"},\"image\":{\"@id\":\"https:\/\/muchogusto.nl\/#\/schema\/logo\/image\/\"},\"sameAs\":[\"https:\/\/www.facebook.com\/muchogusto.nl\/\",\"https:\/\/www.instagram.com\/muchogusto.nl\/\"]}]}<\/script>\n<!-- \/ Yoast SEO Premium plugin. -->","yoast_head_json":{"title":"MUCHO GUSTO\u00ae Rock Sardinie Degrad\u00e9-Leopardenmuster in Fuchsia bis Rot","description":"Diese umwerfende Sardinie-Rock aus dem MUCHO GUSTO\u00ae ist ein echter Blickfang. Bei MUCHO GUSTO\u00ae verwenden wir nur die hochwertigste Stoffe.","robots":{"index":"index","follow":"follow","max-snippet":"max-snippet:-1","max-image-preview":"max-image-preview:large","max-video-preview":"max-video-preview:-1"},"canonical":"https:\/\/muchogusto.nl\/de\/produkt\/rock-sardinie-degrade-leopardenmuster-in-fuchsia-bis-rot\/","og_locale":"de_DE","og_type":"article","og_title":"Rock Sardinie Degrad\u00e9-Leopardenmuster in Fuchsia bis Rot","og_description":"Diese umwerfende Sardinie-Rock aus dem MUCHO GUSTO\u00ae ist ein echter Blickfang. Bei MUCHO GUSTO\u00ae verwenden wir nur die hochwertigste Stoffe.","og_url":"https:\/\/muchogusto.nl\/de\/produkt\/rock-sardinie-degrade-leopardenmuster-in-fuchsia-bis-rot\/","og_site_name":"Mucho Gusto","article_publisher":"https:\/\/www.facebook.com\/muchogusto.nl\/","article_modified_time":"2026-03-02T11:02:38+00:00","og_image":[{"width":1920,"height":2560,"url":"https:\/\/muchogusto.nl\/wp-content\/uploads\/2024\/09\/NGC42SAR069-scaled.jpg","type":"image\/jpeg"}],"twitter_card":"summary_large_image","twitter_misc":{"Est. reading time":"2 minutes"},"schema":{"@context":"https:\/\/schema.org","@graph":[{"@type":"WebPage","@id":"https:\/\/muchogusto.nl\/de\/produkt\/rock-sardinie-degrade-leopardenmuster-in-fuchsia-bis-rot\/","url":"https:\/\/muchogusto.nl\/de\/produkt\/rock-sardinie-degrade-leopardenmuster-in-fuchsia-bis-rot\/","name":"MUCHO GUSTO\u00ae Rock Sardinie Degrad\u00e9-Leopardenmuster in Fuchsia bis Rot","isPartOf":{"@id":"https:\/\/muchogusto.nl\/#website"},"primaryImageOfPage":{"@id":"https:\/\/muchogusto.nl\/de\/produkt\/rock-sardinie-degrade-leopardenmuster-in-fuchsia-bis-rot\/#primaryimage"},"image":{"@id":"https:\/\/muchogusto.nl\/de\/produkt\/rock-sardinie-degrade-leopardenmuster-in-fuchsia-bis-rot\/#primaryimage"},"thumbnailUrl":"https:\/\/muchogusto.nl\/wp-content\/uploads\/2024\/09\/NGC42SAR069-scaled.jpg","datePublished":"2025-06-18T10:31:10+00:00","dateModified":"2026-03-02T11:02:38+00:00","description":"Diese umwerfende Sardinie-Rock aus dem MUCHO GUSTO\u00ae ist ein echter Blickfang. Bei MUCHO GUSTO\u00ae verwenden wir nur die hochwertigste Stoffe.","breadcrumb":{"@id":"https:\/\/muchogusto.nl\/de\/produkt\/rock-sardinie-degrade-leopardenmuster-in-fuchsia-bis-rot\/#breadcrumb"},"inLanguage":"de-DE","potentialAction":[{"@type":"ReadAction","target":["https:\/\/muchogusto.nl\/de\/produkt\/rock-sardinie-degrade-leopardenmuster-in-fuchsia-bis-rot\/"]}]},{"@type":"ImageObject","inLanguage":"de-DE","@id":"https:\/\/muchogusto.nl\/de\/produkt\/rock-sardinie-degrade-leopardenmuster-in-fuchsia-bis-rot\/#primaryimage","url":"https:\/\/muchogusto.nl\/wp-content\/uploads\/2024\/09\/NGC42SAR069-scaled.jpg","contentUrl":"https:\/\/muchogusto.nl\/wp-content\/uploads\/2024\/09\/NGC42SAR069-scaled.jpg","width":1920,"height":2560,"caption":"Skirt Sardinie Degrad\u00e9 Leopard Print in Fuchsia to Red"},{"@type":"BreadcrumbList","@id":"https:\/\/muchogusto.nl\/de\/produkt\/rock-sardinie-degrade-leopardenmuster-in-fuchsia-bis-rot\/#breadcrumb","itemListElement":[{"@type":"ListItem","position":1,"name":"Home","item":"https:\/\/muchogusto.nl\/de\/"},{"@type":"ListItem","position":2,"name":"Shop","item":"https:\/\/muchogusto.nl\/de\/shop-2\/"},{"@type":"ListItem","position":3,"name":"Rock Sardinie Degrad\u00e9-Leopardenmuster in Fuchsia bis Rot"}]},{"@type":"WebSite","@id":"https:\/\/muchogusto.nl\/#website","url":"https:\/\/muchogusto.nl\/","name":"muchogusto.nl","description":"","publisher":{"@id":"https:\/\/muchogusto.nl\/#organization"},"potentialAction":[{"@type":"SearchAction","target":{"@type":"EntryPoint","urlTemplate":"https:\/\/muchogusto.nl\/?s={search_term_string}"},"query-input":{"@type":"PropertyValueSpecification","valueRequired":true,"valueName":"search_term_string"}}],"inLanguage":"de-DE"},{"@type":"Organization","@id":"https:\/\/muchogusto.nl\/#organization","name":"Mucho Gusto","url":"https:\/\/muchogusto.nl\/","logo":{"@type":"ImageObject","inLanguage":"de-DE","@id":"https:\/\/muchogusto.nl\/#\/schema\/logo\/image\/","url":"https:\/\/muchogusto.nl\/wp-content\/uploads\/2022\/08\/logo_header.svg","contentUrl":"https:\/\/muchogusto.nl\/wp-content\/uploads\/2022\/08\/logo_header.svg","caption":"Mucho Gusto"},"image":{"@id":"https:\/\/muchogusto.nl\/#\/schema\/logo\/image\/"},"sameAs":["https:\/\/www.facebook.com\/muchogusto.nl\/","https:\/\/www.instagram.com\/muchogusto.nl\/"]}]}},"_links":{"self":[{"href":"https:\/\/muchogusto.nl\/de\/wp-json\/wp\/v2\/product\/28393","targetHints":{"allow":["GET"]}}],"collection":[{"href":"https:\/\/muchogusto.nl\/de\/wp-json\/wp\/v2\/product"}],"about":[{"href":"https:\/\/muchogusto.nl\/de\/wp-json\/wp\/v2\/types\/product"}],"replies":[{"embeddable":true,"href":"https:\/\/muchogusto.nl\/de\/wp-json\/wp\/v2\/comments?post=28393"}],"wp:featuredmedia":[{"embeddable":true,"href":"https:\/\/muchogusto.nl\/de\/wp-json\/wp\/v2\/media\/28428"}],"wp:attachment":[{"href":"https:\/\/muchogusto.nl\/de\/wp-json\/wp\/v2\/media?parent=28393"}],"wp:term":[{"taxonomy":"product_brand","embeddable":true,"href":"https:\/\/muchogusto.nl\/de\/wp-json\/wp\/v2\/product_brand?post=28393"},{"taxonomy":"product_cat","embeddable":true,"href":"https:\/\/muchogusto.nl\/de\/wp-json\/wp\/v2\/product_cat?post=28393"},{"taxonomy":"product_tag","embeddable":true,"href":"https:\/\/muchogusto.nl\/de\/wp-json\/wp\/v2\/product_tag?post=28393"}],"curies":[{"name":"wp","href":"https:\/\/api.w.org\/{rel}","templated":true}]}}