{"id":26317,"date":"2025-06-18T12:37:01","date_gmt":"2025-06-18T10:37:01","guid":{"rendered":"http:\/\/muchogusto.nl\/?post_type=product&#038;p=26317"},"modified":"2026-03-02T12:02:38","modified_gmt":"2026-03-02T11:02:38","slug":"bluse-antwerpen-mit-schwarz-beige-thank-you-for-the-music-print","status":"publish","type":"product","link":"https:\/\/muchogusto.nl\/de\/produkt\/bluse-antwerpen-mit-schwarz-beige-thank-you-for-the-music-print\/","title":{"rendered":"Bluse Antwerpen mit Schwarz-Beige &#8216;Thank You for the Music&#8217; Print"},"content":{"rendered":"<h3>DETAILS ZUM PRODUKT<\/h3>\n<p>MUCHO GUSTO\u00ae Bluse Antwerpen mit Schwarz-Beige &#8216;Thank You for the Music&#8217; Print<strong>. <\/strong>Die MUCHO GUSTO\u00ae Antwerpen Bluse ist ein zeitloser Favorit, der f\u00fcr seine Mischung aus schicker Raffinesse und sportlicher Vielseitigkeit gesch\u00e4tzt wird. Dieses beeindruckende St\u00fcck pr\u00e4sentiert einen eleganten Schwarz-Beige-Druck mit dem Thema &#8216;Thank You for the Music&#8217;, der einen klassischen und edlen Look schafft.<\/p>\n<p>Gefertigt aus 100% hochwertiger Viskose, bietet die Antwerpen Bluse ein luxuri\u00f6ses Gef\u00fchl mit einer weichen, atmungsaktiven Textur. Die Bluse ist mit einer Knopfleiste an der Vorderseite gestaltet, die eine gepflegte Ausstrahlung verleiht, die sowohl f\u00fcr formelle als auch f\u00fcr l\u00e4ssige Anl\u00e4sse geeignet ist. Das auff\u00e4llige Detail ist die gro\u00dfe Schleife am unteren Vorderteil, die dem Design eine verspielte und feminine Note verleiht.<\/p>\n<p>Neben dem klassischen Druck verf\u00fcgt die Bluse \u00fcber lebendige, Musik-inspirierte Illustrationen, die einen Fr\u00f6hlichkeit hinzuf\u00fcgen. Diese einzigartige Kombination aus Eleganz und verspielten Elementen macht die Antwerpen Bluse \u00e4u\u00dferst vielseitig, perfekt zum Kombinieren mit Hosen oder R\u00f6cken.<\/p>\n<p>Wir freuen uns, dieses beliebte Modell erneut in unserer Kollektion zu haben. Die Antwerpen Bluse bleibt ein herausragendes St\u00fcck f\u00fcr die modebewusste Frau, die Raffinesse mit einem Hauch von Spa\u00df verbinden m\u00f6chte.<\/p>\n<ul>\n<li>Holl\u00e4ndisches Design<\/li>\n<li>Material: 97% Viskose 3% EL<\/li>\n<li>Lockere Passform<\/li>\n<li>Schwarz-Beige<\/li>\n<\/ul>\n<h3>PASSENDE ARTIKEL<\/h3>\n<p class=\"p2\"><span class=\"s1\">Vervollst\u00e4ndigen Sie Ihren Look mit einem passenden\u00a0<a href=\"https:\/\/muchogusto.nl\/de\/schals\/\"><span class=\"s2\">Schal<\/span><\/a>.<\/span><\/p>\n<p class=\"p2\"><span class=\"s1\">M\u00f6chten Sie mehr Blusen sehen? Dann schauen Sie sich unsere\u00a0<a href=\"https:\/\/muchogusto.nl\/de\/blusen\/\"><span class=\"s2\">Bekleidungsseite<\/span><\/a>\u00a0an.\u00a0<\/span><\/p>\n<p class=\"p2\"><span class=\"s1\">M\u00f6chten Sie mehr Inspiration? Besuchen Sie unsere\u00a0<a href=\"https:\/\/www.instagram.com\/muchogusto.nl\/\"><span class=\"s2\">Instagram<\/span><\/a>-Seite.\u00a0<\/span><\/p>\n<h3>BRAUCHEN SIE HILFE?<\/h3>\n<p>Wenn Sie Fragen zu diesem Artikel oder der Gr\u00f6\u00dfe haben, senden Sie eine E-Mail an unseren Kundenservice unter <a href=\"mailto:web@muchogusto.nl\"><span class=\"s2\">web@muchogusto.nl.<\/span><\/a><\/p>\n<h3>GR\u00d6SSENTABELLEN<\/h3>\n<p>Unsere Gr\u00f6\u00dfen sind in europ\u00e4ischen Gr\u00f6\u00dfen angegeben. Sie k\u00f6nnen diese Gr\u00f6\u00dfen anhand der Tabellen <a href=\"https:\/\/muchogusto.nl\/de\/grossentabellen\/\">auf dieser Seite<\/a> leicht umrechnen. Die Passform kann je nach Stil oder pers\u00f6nlicher Vorliebe variieren.<\/p>\n","protected":false},"excerpt":{"rendered":"<p>This is a variable product.<\/p>\n","protected":false},"featured_media":26344,"comment_status":"open","ping_status":"closed","template":"","meta":{"_acf_changed":false,"inline_featured_image":false,"navigation_state":false,"_genesis_hide_title":false,"_genesis_hide_breadcrumbs":false,"_genesis_hide_singular_image":false,"_genesis_hide_footer_widgets":false,"_genesis_custom_body_class":"","_genesis_custom_post_class":"","_genesis_layout":""},"product_brand":[],"product_cat":[71,69],"product_tag":[],"class_list":{"0":"post-26317","1":"product","2":"type-product","3":"status-publish","4":"has-post-thumbnail","6":"product_cat-blusen","7":"product_cat-kleidung","8":"entry","10":"first","11":"instock","12":"sale","13":"featured","14":"taxable","15":"shipping-taxable","16":"purchasable","17":"product-type-variable"},"acf":[],"yoast_head":"<!-- This site is optimized with the Yoast SEO Premium plugin v27.2 (Yoast SEO v27.2) - https:\/\/yoast.com\/product\/yoast-seo-premium-wordpress\/ -->\n<title>MUCHO GUSTO\u00ae Bluse Antwerpen mit Schwarz-Beige Music Print<\/title>\n<meta name=\"description\" content=\"MUCHO GUSTO\u00ae Bluse Antwerpen mit Schwarz-Beige &#039;Thank You for the Music&#039; Print. Die MUCHO GUSTO\u00ae Antwerpen Bluse ist ein zeitloser Favorit\" \/>\n<meta name=\"robots\" content=\"index, follow, max-snippet:-1, max-image-preview:large, max-video-preview:-1\" \/>\n<link rel=\"canonical\" href=\"https:\/\/muchogusto.nl\/de\/produkt\/bluse-antwerpen-mit-schwarz-beige-thank-you-for-the-music-print\/\" \/>\n<meta property=\"og:locale\" content=\"de_DE\" \/>\n<meta property=\"og:type\" content=\"article\" \/>\n<meta property=\"og:title\" content=\"Bluse Antwerpen mit Schwarz-Beige &#039;Thank You for the Music&#039; Print\" \/>\n<meta property=\"og:description\" content=\"MUCHO GUSTO\u00ae Bluse Antwerpen mit Schwarz-Beige &#039;Thank You for the Music&#039; Print. Die MUCHO GUSTO\u00ae Antwerpen Bluse ist ein zeitloser Favorit\" \/>\n<meta property=\"og:url\" content=\"https:\/\/muchogusto.nl\/de\/produkt\/bluse-antwerpen-mit-schwarz-beige-thank-you-for-the-music-print\/\" \/>\n<meta property=\"og:site_name\" content=\"Mucho Gusto\" \/>\n<meta property=\"article:publisher\" content=\"https:\/\/www.facebook.com\/muchogusto.nl\/\" \/>\n<meta property=\"article:modified_time\" content=\"2026-03-02T11:02:38+00:00\" \/>\n<meta property=\"og:image\" content=\"https:\/\/muchogusto.nl\/wp-content\/uploads\/2024\/08\/NGC42ANT068.jpg\" \/>\n\t<meta property=\"og:image:width\" content=\"1920\" \/>\n\t<meta property=\"og:image:height\" content=\"2560\" \/>\n\t<meta property=\"og:image:type\" content=\"image\/jpeg\" \/>\n<meta name=\"twitter:card\" content=\"summary_large_image\" \/>\n<meta name=\"twitter:label1\" content=\"Est. reading time\" \/>\n\t<meta name=\"twitter:data1\" content=\"2 minutes\" \/>\n<script type=\"application\/ld+json\" class=\"yoast-schema-graph\">{\"@context\":\"https:\/\/schema.org\",\"@graph\":[{\"@type\":\"WebPage\",\"@id\":\"https:\/\/muchogusto.nl\/de\/produkt\/bluse-antwerpen-mit-schwarz-beige-thank-you-for-the-music-print\/\",\"url\":\"https:\/\/muchogusto.nl\/de\/produkt\/bluse-antwerpen-mit-schwarz-beige-thank-you-for-the-music-print\/\",\"name\":\"MUCHO GUSTO\u00ae Bluse Antwerpen mit Schwarz-Beige Music Print\",\"isPartOf\":{\"@id\":\"https:\/\/muchogusto.nl\/#website\"},\"primaryImageOfPage\":{\"@id\":\"https:\/\/muchogusto.nl\/de\/produkt\/bluse-antwerpen-mit-schwarz-beige-thank-you-for-the-music-print\/#primaryimage\"},\"image\":{\"@id\":\"https:\/\/muchogusto.nl\/de\/produkt\/bluse-antwerpen-mit-schwarz-beige-thank-you-for-the-music-print\/#primaryimage\"},\"thumbnailUrl\":\"https:\/\/muchogusto.nl\/wp-content\/uploads\/2024\/08\/NGC42ANT068.jpg\",\"datePublished\":\"2025-06-18T10:37:01+00:00\",\"dateModified\":\"2026-03-02T11:02:38+00:00\",\"description\":\"MUCHO GUSTO\u00ae Bluse Antwerpen mit Schwarz-Beige 'Thank You for the Music' Print. Die MUCHO GUSTO\u00ae Antwerpen Bluse ist ein zeitloser Favorit\",\"breadcrumb\":{\"@id\":\"https:\/\/muchogusto.nl\/de\/produkt\/bluse-antwerpen-mit-schwarz-beige-thank-you-for-the-music-print\/#breadcrumb\"},\"inLanguage\":\"de-DE\",\"potentialAction\":[{\"@type\":\"ReadAction\",\"target\":[\"https:\/\/muchogusto.nl\/de\/produkt\/bluse-antwerpen-mit-schwarz-beige-thank-you-for-the-music-print\/\"]}]},{\"@type\":\"ImageObject\",\"inLanguage\":\"de-DE\",\"@id\":\"https:\/\/muchogusto.nl\/de\/produkt\/bluse-antwerpen-mit-schwarz-beige-thank-you-for-the-music-print\/#primaryimage\",\"url\":\"https:\/\/muchogusto.nl\/wp-content\/uploads\/2024\/08\/NGC42ANT068.jpg\",\"contentUrl\":\"https:\/\/muchogusto.nl\/wp-content\/uploads\/2024\/08\/NGC42ANT068.jpg\",\"width\":1920,\"height\":2560,\"caption\":\"MUCHO GUSTO\u00ae Bluse Antwerpen mit Schwarz-Beige 'Thank You for the Music' Print\"},{\"@type\":\"BreadcrumbList\",\"@id\":\"https:\/\/muchogusto.nl\/de\/produkt\/bluse-antwerpen-mit-schwarz-beige-thank-you-for-the-music-print\/#breadcrumb\",\"itemListElement\":[{\"@type\":\"ListItem\",\"position\":1,\"name\":\"Home\",\"item\":\"https:\/\/muchogusto.nl\/de\/\"},{\"@type\":\"ListItem\",\"position\":2,\"name\":\"Shop\",\"item\":\"https:\/\/muchogusto.nl\/de\/shop-2\/\"},{\"@type\":\"ListItem\",\"position\":3,\"name\":\"Bluse Antwerpen mit Schwarz-Beige &#8216;Thank You for the Music&#8217; Print\"}]},{\"@type\":\"WebSite\",\"@id\":\"https:\/\/muchogusto.nl\/#website\",\"url\":\"https:\/\/muchogusto.nl\/\",\"name\":\"muchogusto.nl\",\"description\":\"\",\"publisher\":{\"@id\":\"https:\/\/muchogusto.nl\/#organization\"},\"potentialAction\":[{\"@type\":\"SearchAction\",\"target\":{\"@type\":\"EntryPoint\",\"urlTemplate\":\"https:\/\/muchogusto.nl\/?s={search_term_string}\"},\"query-input\":{\"@type\":\"PropertyValueSpecification\",\"valueRequired\":true,\"valueName\":\"search_term_string\"}}],\"inLanguage\":\"de-DE\"},{\"@type\":\"Organization\",\"@id\":\"https:\/\/muchogusto.nl\/#organization\",\"name\":\"Mucho Gusto\",\"url\":\"https:\/\/muchogusto.nl\/\",\"logo\":{\"@type\":\"ImageObject\",\"inLanguage\":\"de-DE\",\"@id\":\"https:\/\/muchogusto.nl\/#\/schema\/logo\/image\/\",\"url\":\"https:\/\/muchogusto.nl\/wp-content\/uploads\/2022\/08\/logo_header.svg\",\"contentUrl\":\"https:\/\/muchogusto.nl\/wp-content\/uploads\/2022\/08\/logo_header.svg\",\"caption\":\"Mucho Gusto\"},\"image\":{\"@id\":\"https:\/\/muchogusto.nl\/#\/schema\/logo\/image\/\"},\"sameAs\":[\"https:\/\/www.facebook.com\/muchogusto.nl\/\",\"https:\/\/www.instagram.com\/muchogusto.nl\/\"]}]}<\/script>\n<!-- \/ Yoast SEO Premium plugin. -->","yoast_head_json":{"title":"MUCHO GUSTO\u00ae Bluse Antwerpen mit Schwarz-Beige Music Print","description":"MUCHO GUSTO\u00ae Bluse Antwerpen mit Schwarz-Beige 'Thank You for the Music' Print. Die MUCHO GUSTO\u00ae Antwerpen Bluse ist ein zeitloser Favorit","robots":{"index":"index","follow":"follow","max-snippet":"max-snippet:-1","max-image-preview":"max-image-preview:large","max-video-preview":"max-video-preview:-1"},"canonical":"https:\/\/muchogusto.nl\/de\/produkt\/bluse-antwerpen-mit-schwarz-beige-thank-you-for-the-music-print\/","og_locale":"de_DE","og_type":"article","og_title":"Bluse Antwerpen mit Schwarz-Beige 'Thank You for the Music' Print","og_description":"MUCHO GUSTO\u00ae Bluse Antwerpen mit Schwarz-Beige 'Thank You for the Music' Print. Die MUCHO GUSTO\u00ae Antwerpen Bluse ist ein zeitloser Favorit","og_url":"https:\/\/muchogusto.nl\/de\/produkt\/bluse-antwerpen-mit-schwarz-beige-thank-you-for-the-music-print\/","og_site_name":"Mucho Gusto","article_publisher":"https:\/\/www.facebook.com\/muchogusto.nl\/","article_modified_time":"2026-03-02T11:02:38+00:00","og_image":[{"width":1920,"height":2560,"url":"https:\/\/muchogusto.nl\/wp-content\/uploads\/2024\/08\/NGC42ANT068.jpg","type":"image\/jpeg"}],"twitter_card":"summary_large_image","twitter_misc":{"Est. reading time":"2 minutes"},"schema":{"@context":"https:\/\/schema.org","@graph":[{"@type":"WebPage","@id":"https:\/\/muchogusto.nl\/de\/produkt\/bluse-antwerpen-mit-schwarz-beige-thank-you-for-the-music-print\/","url":"https:\/\/muchogusto.nl\/de\/produkt\/bluse-antwerpen-mit-schwarz-beige-thank-you-for-the-music-print\/","name":"MUCHO GUSTO\u00ae Bluse Antwerpen mit Schwarz-Beige Music Print","isPartOf":{"@id":"https:\/\/muchogusto.nl\/#website"},"primaryImageOfPage":{"@id":"https:\/\/muchogusto.nl\/de\/produkt\/bluse-antwerpen-mit-schwarz-beige-thank-you-for-the-music-print\/#primaryimage"},"image":{"@id":"https:\/\/muchogusto.nl\/de\/produkt\/bluse-antwerpen-mit-schwarz-beige-thank-you-for-the-music-print\/#primaryimage"},"thumbnailUrl":"https:\/\/muchogusto.nl\/wp-content\/uploads\/2024\/08\/NGC42ANT068.jpg","datePublished":"2025-06-18T10:37:01+00:00","dateModified":"2026-03-02T11:02:38+00:00","description":"MUCHO GUSTO\u00ae Bluse Antwerpen mit Schwarz-Beige 'Thank You for the Music' Print. Die MUCHO GUSTO\u00ae Antwerpen Bluse ist ein zeitloser Favorit","breadcrumb":{"@id":"https:\/\/muchogusto.nl\/de\/produkt\/bluse-antwerpen-mit-schwarz-beige-thank-you-for-the-music-print\/#breadcrumb"},"inLanguage":"de-DE","potentialAction":[{"@type":"ReadAction","target":["https:\/\/muchogusto.nl\/de\/produkt\/bluse-antwerpen-mit-schwarz-beige-thank-you-for-the-music-print\/"]}]},{"@type":"ImageObject","inLanguage":"de-DE","@id":"https:\/\/muchogusto.nl\/de\/produkt\/bluse-antwerpen-mit-schwarz-beige-thank-you-for-the-music-print\/#primaryimage","url":"https:\/\/muchogusto.nl\/wp-content\/uploads\/2024\/08\/NGC42ANT068.jpg","contentUrl":"https:\/\/muchogusto.nl\/wp-content\/uploads\/2024\/08\/NGC42ANT068.jpg","width":1920,"height":2560,"caption":"MUCHO GUSTO\u00ae Bluse Antwerpen mit Schwarz-Beige 'Thank You for the Music' Print"},{"@type":"BreadcrumbList","@id":"https:\/\/muchogusto.nl\/de\/produkt\/bluse-antwerpen-mit-schwarz-beige-thank-you-for-the-music-print\/#breadcrumb","itemListElement":[{"@type":"ListItem","position":1,"name":"Home","item":"https:\/\/muchogusto.nl\/de\/"},{"@type":"ListItem","position":2,"name":"Shop","item":"https:\/\/muchogusto.nl\/de\/shop-2\/"},{"@type":"ListItem","position":3,"name":"Bluse Antwerpen mit Schwarz-Beige &#8216;Thank You for the Music&#8217; Print"}]},{"@type":"WebSite","@id":"https:\/\/muchogusto.nl\/#website","url":"https:\/\/muchogusto.nl\/","name":"muchogusto.nl","description":"","publisher":{"@id":"https:\/\/muchogusto.nl\/#organization"},"potentialAction":[{"@type":"SearchAction","target":{"@type":"EntryPoint","urlTemplate":"https:\/\/muchogusto.nl\/?s={search_term_string}"},"query-input":{"@type":"PropertyValueSpecification","valueRequired":true,"valueName":"search_term_string"}}],"inLanguage":"de-DE"},{"@type":"Organization","@id":"https:\/\/muchogusto.nl\/#organization","name":"Mucho Gusto","url":"https:\/\/muchogusto.nl\/","logo":{"@type":"ImageObject","inLanguage":"de-DE","@id":"https:\/\/muchogusto.nl\/#\/schema\/logo\/image\/","url":"https:\/\/muchogusto.nl\/wp-content\/uploads\/2022\/08\/logo_header.svg","contentUrl":"https:\/\/muchogusto.nl\/wp-content\/uploads\/2022\/08\/logo_header.svg","caption":"Mucho Gusto"},"image":{"@id":"https:\/\/muchogusto.nl\/#\/schema\/logo\/image\/"},"sameAs":["https:\/\/www.facebook.com\/muchogusto.nl\/","https:\/\/www.instagram.com\/muchogusto.nl\/"]}]}},"_links":{"self":[{"href":"https:\/\/muchogusto.nl\/de\/wp-json\/wp\/v2\/product\/26317","targetHints":{"allow":["GET"]}}],"collection":[{"href":"https:\/\/muchogusto.nl\/de\/wp-json\/wp\/v2\/product"}],"about":[{"href":"https:\/\/muchogusto.nl\/de\/wp-json\/wp\/v2\/types\/product"}],"replies":[{"embeddable":true,"href":"https:\/\/muchogusto.nl\/de\/wp-json\/wp\/v2\/comments?post=26317"}],"wp:featuredmedia":[{"embeddable":true,"href":"https:\/\/muchogusto.nl\/de\/wp-json\/wp\/v2\/media\/26344"}],"wp:attachment":[{"href":"https:\/\/muchogusto.nl\/de\/wp-json\/wp\/v2\/media?parent=26317"}],"wp:term":[{"taxonomy":"product_brand","embeddable":true,"href":"https:\/\/muchogusto.nl\/de\/wp-json\/wp\/v2\/product_brand?post=26317"},{"taxonomy":"product_cat","embeddable":true,"href":"https:\/\/muchogusto.nl\/de\/wp-json\/wp\/v2\/product_cat?post=26317"},{"taxonomy":"product_tag","embeddable":true,"href":"https:\/\/muchogusto.nl\/de\/wp-json\/wp\/v2\/product_tag?post=26317"}],"curies":[{"name":"wp","href":"https:\/\/api.w.org\/{rel}","templated":true}]}}