{"id":25862,"date":"2024-08-08T12:23:31","date_gmt":"2024-08-08T10:23:31","guid":{"rendered":"http:\/\/muchogusto.nl\/?post_type=product&#038;p=25862"},"modified":"2026-03-02T12:02:38","modified_gmt":"2026-03-02T11:02:38","slug":"bluse-vinci-mit-pantherdruck-und-kunstvoll-gedruckten-taschen","status":"publish","type":"product","link":"https:\/\/muchogusto.nl\/de\/produkt\/bluse-vinci-mit-pantherdruck-und-kunstvoll-gedruckten-taschen\/","title":{"rendered":"Bluse Vinci mit Pantherdruck und Kunstvoll Gedruckten Taschen"},"content":{"rendered":"<h3>DETAILS ZUM PRODUKT<\/h3>\n<p>MUCHO GUSTO\u00ae Bluse Vinci mit Pantherdruck und Kunstvoll Gedruckten Taschen. Die MUCHO GUSTO\u00ae Vinci Bluse ist eine bezaubernde Mischung aus schicker Raffinesse und verspielter Kunstfertigkeit. Dieses auff\u00e4llige St\u00fcck pr\u00e4sentiert einen markanten Pantherdruck, der mit eigensinnigen Illustrationen von Taschen verziert ist, die von Hand gezeichnet und direkt auf den Stoff gedruckt wurden.<\/p>\n<p>Gefertigt aus einer luxuri\u00f6sen Mischung aus 77% Rayon, 21% Viskose und 2% Elastan, f\u00fchlt sich die Vinci Bluse unglaublich weich an und hat eine dickere Textur als unsere anderen Stoffe. Die gl\u00e4nzende Oberfl\u00e4che verleiht der Bluse eine zus\u00e4tzliche Schicht Eleganz und sorgt f\u00fcr ein luxuri\u00f6ses Gef\u00fchl, das sowohl bequem als auch raffiniert ist.<\/p>\n<p>Ein zus\u00e4tzliches charmantes Detail der Vinci Bluse ist die Schleife am Ausschnitt. Sie k\u00f6nnen die Schleife elegant zu einem Bogen binden, um einen edlen Look zu erzielen, oder sie einfach locker binden f\u00fcr eine entspannte, legere Ausstrahlung. Dieses Detail erh\u00f6ht die Vielseitigkeit der Bluse und macht sie perfekt f\u00fcr sowohl formelle Anl\u00e4sse als auch entspannte Tage.<\/p>\n<p>Die Vinci Bluse bietet eine entspannte Passform, die sie f\u00fcr verschiedene Anl\u00e4sse ideal macht. Der markante Pantherdruck, kombiniert mit den bunten, handgezeichneten Taschen, f\u00fcgt dem eleganten Kleidungsst\u00fcck eine verspielte und k\u00fcnstlerische Note hinzu. Ideal f\u00fcr die modebewusste Frau, die Raffinesse m\u00fchelos mit einer verspielten Note kombiniert.<\/p>\n<ul>\n<li>Holl\u00e4ndisches Design<\/li>\n<li>Material: 77% Rayon, 21% Viskose und 2% Elastan<\/li>\n<li>Lockere Passform<\/li>\n<li>Beige, Mehrfarbig<\/li>\n<\/ul>\n<h3>PASSENDE ARTIKEL<\/h3>\n<p class=\"p2\"><span class=\"s1\">Vervollst\u00e4ndigen Sie Ihren Look mit einem passenden\u00a0<a href=\"https:\/\/muchogusto.nl\/de\/schals\/\"><span class=\"s2\">Schal<\/span><\/a>.<\/span><\/p>\n<p class=\"p2\"><span class=\"s1\">M\u00f6chten Sie mehr Blusen sehen? Dann schauen Sie sich unsere\u00a0<a href=\"https:\/\/muchogusto.nl\/de\/blusen\/\"><span class=\"s2\">Bekleidungsseite<\/span><\/a>\u00a0an.\u00a0<\/span><\/p>\n<p class=\"p2\"><span class=\"s1\">M\u00f6chten Sie mehr Inspiration? Besuchen Sie unsere\u00a0<a href=\"https:\/\/www.instagram.com\/muchogusto.nl\/\"><span class=\"s2\">Instagram<\/span><\/a>-Seite.\u00a0<\/span><\/p>\n<h3>BRAUCHEN SIE HILFE?<\/h3>\n<p>Wenn Sie Fragen zu diesem Artikel oder der Gr\u00f6\u00dfe haben, senden Sie eine E-Mail an unseren Kundenservice unter <a href=\"mailto:web@muchogusto.nl\"><span class=\"s2\">web@muchogusto.nl.<\/span><\/a><\/p>\n<h3>GR\u00d6SSENTABELLEN<\/h3>\n<p>Unsere Gr\u00f6\u00dfen sind in europ\u00e4ischen Gr\u00f6\u00dfen angegeben. Sie k\u00f6nnen diese Gr\u00f6\u00dfen anhand der Tabellen <a href=\"https:\/\/muchogusto.nl\/de\/grossentabellen\/\">auf dieser Seite<\/a> leicht umrechnen. Die Passform kann je nach Stil oder pers\u00f6nlicher Vorliebe variieren.<\/p>\n","protected":false},"excerpt":{"rendered":"<p>This is a variable product.<\/p>\n","protected":false},"featured_media":25889,"comment_status":"open","ping_status":"closed","template":"","meta":{"_acf_changed":false,"inline_featured_image":false,"navigation_state":false,"_genesis_hide_title":false,"_genesis_hide_breadcrumbs":false,"_genesis_hide_singular_image":false,"_genesis_hide_footer_widgets":false,"_genesis_custom_body_class":"","_genesis_custom_post_class":"","_genesis_layout":""},"product_brand":[],"product_cat":[71,69],"product_tag":[],"class_list":{"0":"post-25862","1":"product","2":"type-product","3":"status-publish","4":"has-post-thumbnail","6":"product_cat-blusen","7":"product_cat-kleidung","8":"entry","10":"first","11":"instock","12":"sale","13":"featured","14":"taxable","15":"shipping-taxable","16":"purchasable","17":"product-type-variable"},"acf":[],"yoast_head":"<!-- This site is optimized with the Yoast SEO Premium plugin v27.2 (Yoast SEO v27.2) - https:\/\/yoast.com\/product\/yoast-seo-premium-wordpress\/ -->\n<title>MUCHO GUSTO\u00ae Bluse Vinci mit Pantherdruck und Kunstvoll Gedruckten Taschen<\/title>\n<meta name=\"description\" content=\"MUCHO GUSTO\u00ae Bluse Vinci mit Pantherdruck und Kunstvoll Gedruckten Taschen. Ein zus\u00e4tzliches charmantes Detail der Vinci Bluse ist die Schleife.\" \/>\n<meta name=\"robots\" content=\"index, follow, max-snippet:-1, max-image-preview:large, max-video-preview:-1\" \/>\n<link rel=\"canonical\" href=\"https:\/\/muchogusto.nl\/de\/produkt\/bluse-vinci-mit-pantherdruck-und-kunstvoll-gedruckten-taschen\/\" \/>\n<meta property=\"og:locale\" content=\"de_DE\" \/>\n<meta property=\"og:type\" content=\"article\" \/>\n<meta property=\"og:title\" content=\"Bluse Vinci mit Pantherdruck und Kunstvoll Gedruckten Taschen\" \/>\n<meta property=\"og:description\" content=\"MUCHO GUSTO\u00ae Bluse Vinci mit Pantherdruck und Kunstvoll Gedruckten Taschen. Ein zus\u00e4tzliches charmantes Detail der Vinci Bluse ist die Schleife.\" \/>\n<meta property=\"og:url\" content=\"https:\/\/muchogusto.nl\/de\/produkt\/bluse-vinci-mit-pantherdruck-und-kunstvoll-gedruckten-taschen\/\" \/>\n<meta property=\"og:site_name\" content=\"Mucho Gusto\" \/>\n<meta property=\"article:publisher\" content=\"https:\/\/www.facebook.com\/muchogusto.nl\/\" \/>\n<meta property=\"article:modified_time\" content=\"2026-03-02T11:02:38+00:00\" \/>\n<meta property=\"og:image\" content=\"https:\/\/muchogusto.nl\/wp-content\/uploads\/2024\/08\/C42VIN179.jpg\" \/>\n\t<meta property=\"og:image:width\" content=\"1920\" \/>\n\t<meta property=\"og:image:height\" content=\"2560\" \/>\n\t<meta property=\"og:image:type\" content=\"image\/jpeg\" \/>\n<meta name=\"twitter:card\" content=\"summary_large_image\" \/>\n<meta name=\"twitter:label1\" content=\"Est. reading time\" \/>\n\t<meta name=\"twitter:data1\" content=\"2 minutes\" \/>\n<script type=\"application\/ld+json\" class=\"yoast-schema-graph\">{\"@context\":\"https:\/\/schema.org\",\"@graph\":[{\"@type\":\"WebPage\",\"@id\":\"https:\/\/muchogusto.nl\/de\/produkt\/bluse-vinci-mit-pantherdruck-und-kunstvoll-gedruckten-taschen\/\",\"url\":\"https:\/\/muchogusto.nl\/de\/produkt\/bluse-vinci-mit-pantherdruck-und-kunstvoll-gedruckten-taschen\/\",\"name\":\"MUCHO GUSTO\u00ae Bluse Vinci mit Pantherdruck und Kunstvoll Gedruckten Taschen\",\"isPartOf\":{\"@id\":\"https:\/\/muchogusto.nl\/#website\"},\"primaryImageOfPage\":{\"@id\":\"https:\/\/muchogusto.nl\/de\/produkt\/bluse-vinci-mit-pantherdruck-und-kunstvoll-gedruckten-taschen\/#primaryimage\"},\"image\":{\"@id\":\"https:\/\/muchogusto.nl\/de\/produkt\/bluse-vinci-mit-pantherdruck-und-kunstvoll-gedruckten-taschen\/#primaryimage\"},\"thumbnailUrl\":\"https:\/\/muchogusto.nl\/wp-content\/uploads\/2024\/08\/C42VIN179.jpg\",\"datePublished\":\"2024-08-08T10:23:31+00:00\",\"dateModified\":\"2026-03-02T11:02:38+00:00\",\"description\":\"MUCHO GUSTO\u00ae Bluse Vinci mit Pantherdruck und Kunstvoll Gedruckten Taschen. Ein zus\u00e4tzliches charmantes Detail der Vinci Bluse ist die Schleife.\",\"breadcrumb\":{\"@id\":\"https:\/\/muchogusto.nl\/de\/produkt\/bluse-vinci-mit-pantherdruck-und-kunstvoll-gedruckten-taschen\/#breadcrumb\"},\"inLanguage\":\"de-DE\",\"potentialAction\":[{\"@type\":\"ReadAction\",\"target\":[\"https:\/\/muchogusto.nl\/de\/produkt\/bluse-vinci-mit-pantherdruck-und-kunstvoll-gedruckten-taschen\/\"]}]},{\"@type\":\"ImageObject\",\"inLanguage\":\"de-DE\",\"@id\":\"https:\/\/muchogusto.nl\/de\/produkt\/bluse-vinci-mit-pantherdruck-und-kunstvoll-gedruckten-taschen\/#primaryimage\",\"url\":\"https:\/\/muchogusto.nl\/wp-content\/uploads\/2024\/08\/C42VIN179.jpg\",\"contentUrl\":\"https:\/\/muchogusto.nl\/wp-content\/uploads\/2024\/08\/C42VIN179.jpg\",\"width\":1920,\"height\":2560,\"caption\":\"MUCHO GUSTO\u00ae Bluse Vinci mit Pantherdruck und Kunstvoll Gedruckten Taschen\"},{\"@type\":\"BreadcrumbList\",\"@id\":\"https:\/\/muchogusto.nl\/de\/produkt\/bluse-vinci-mit-pantherdruck-und-kunstvoll-gedruckten-taschen\/#breadcrumb\",\"itemListElement\":[{\"@type\":\"ListItem\",\"position\":1,\"name\":\"Home\",\"item\":\"https:\/\/muchogusto.nl\/de\/\"},{\"@type\":\"ListItem\",\"position\":2,\"name\":\"Shop\",\"item\":\"https:\/\/muchogusto.nl\/de\/shop-2\/\"},{\"@type\":\"ListItem\",\"position\":3,\"name\":\"Bluse Vinci mit Pantherdruck und Kunstvoll Gedruckten Taschen\"}]},{\"@type\":\"WebSite\",\"@id\":\"https:\/\/muchogusto.nl\/#website\",\"url\":\"https:\/\/muchogusto.nl\/\",\"name\":\"muchogusto.nl\",\"description\":\"\",\"publisher\":{\"@id\":\"https:\/\/muchogusto.nl\/#organization\"},\"potentialAction\":[{\"@type\":\"SearchAction\",\"target\":{\"@type\":\"EntryPoint\",\"urlTemplate\":\"https:\/\/muchogusto.nl\/?s={search_term_string}\"},\"query-input\":{\"@type\":\"PropertyValueSpecification\",\"valueRequired\":true,\"valueName\":\"search_term_string\"}}],\"inLanguage\":\"de-DE\"},{\"@type\":\"Organization\",\"@id\":\"https:\/\/muchogusto.nl\/#organization\",\"name\":\"Mucho Gusto\",\"url\":\"https:\/\/muchogusto.nl\/\",\"logo\":{\"@type\":\"ImageObject\",\"inLanguage\":\"de-DE\",\"@id\":\"https:\/\/muchogusto.nl\/#\/schema\/logo\/image\/\",\"url\":\"https:\/\/muchogusto.nl\/wp-content\/uploads\/2022\/08\/logo_header.svg\",\"contentUrl\":\"https:\/\/muchogusto.nl\/wp-content\/uploads\/2022\/08\/logo_header.svg\",\"caption\":\"Mucho Gusto\"},\"image\":{\"@id\":\"https:\/\/muchogusto.nl\/#\/schema\/logo\/image\/\"},\"sameAs\":[\"https:\/\/www.facebook.com\/muchogusto.nl\/\",\"https:\/\/www.instagram.com\/muchogusto.nl\/\"]}]}<\/script>\n<!-- \/ Yoast SEO Premium plugin. -->","yoast_head_json":{"title":"MUCHO GUSTO\u00ae Bluse Vinci mit Pantherdruck und Kunstvoll Gedruckten Taschen","description":"MUCHO GUSTO\u00ae Bluse Vinci mit Pantherdruck und Kunstvoll Gedruckten Taschen. Ein zus\u00e4tzliches charmantes Detail der Vinci Bluse ist die Schleife.","robots":{"index":"index","follow":"follow","max-snippet":"max-snippet:-1","max-image-preview":"max-image-preview:large","max-video-preview":"max-video-preview:-1"},"canonical":"https:\/\/muchogusto.nl\/de\/produkt\/bluse-vinci-mit-pantherdruck-und-kunstvoll-gedruckten-taschen\/","og_locale":"de_DE","og_type":"article","og_title":"Bluse Vinci mit Pantherdruck und Kunstvoll Gedruckten Taschen","og_description":"MUCHO GUSTO\u00ae Bluse Vinci mit Pantherdruck und Kunstvoll Gedruckten Taschen. Ein zus\u00e4tzliches charmantes Detail der Vinci Bluse ist die Schleife.","og_url":"https:\/\/muchogusto.nl\/de\/produkt\/bluse-vinci-mit-pantherdruck-und-kunstvoll-gedruckten-taschen\/","og_site_name":"Mucho Gusto","article_publisher":"https:\/\/www.facebook.com\/muchogusto.nl\/","article_modified_time":"2026-03-02T11:02:38+00:00","og_image":[{"width":1920,"height":2560,"url":"https:\/\/muchogusto.nl\/wp-content\/uploads\/2024\/08\/C42VIN179.jpg","type":"image\/jpeg"}],"twitter_card":"summary_large_image","twitter_misc":{"Est. reading time":"2 minutes"},"schema":{"@context":"https:\/\/schema.org","@graph":[{"@type":"WebPage","@id":"https:\/\/muchogusto.nl\/de\/produkt\/bluse-vinci-mit-pantherdruck-und-kunstvoll-gedruckten-taschen\/","url":"https:\/\/muchogusto.nl\/de\/produkt\/bluse-vinci-mit-pantherdruck-und-kunstvoll-gedruckten-taschen\/","name":"MUCHO GUSTO\u00ae Bluse Vinci mit Pantherdruck und Kunstvoll Gedruckten Taschen","isPartOf":{"@id":"https:\/\/muchogusto.nl\/#website"},"primaryImageOfPage":{"@id":"https:\/\/muchogusto.nl\/de\/produkt\/bluse-vinci-mit-pantherdruck-und-kunstvoll-gedruckten-taschen\/#primaryimage"},"image":{"@id":"https:\/\/muchogusto.nl\/de\/produkt\/bluse-vinci-mit-pantherdruck-und-kunstvoll-gedruckten-taschen\/#primaryimage"},"thumbnailUrl":"https:\/\/muchogusto.nl\/wp-content\/uploads\/2024\/08\/C42VIN179.jpg","datePublished":"2024-08-08T10:23:31+00:00","dateModified":"2026-03-02T11:02:38+00:00","description":"MUCHO GUSTO\u00ae Bluse Vinci mit Pantherdruck und Kunstvoll Gedruckten Taschen. Ein zus\u00e4tzliches charmantes Detail der Vinci Bluse ist die Schleife.","breadcrumb":{"@id":"https:\/\/muchogusto.nl\/de\/produkt\/bluse-vinci-mit-pantherdruck-und-kunstvoll-gedruckten-taschen\/#breadcrumb"},"inLanguage":"de-DE","potentialAction":[{"@type":"ReadAction","target":["https:\/\/muchogusto.nl\/de\/produkt\/bluse-vinci-mit-pantherdruck-und-kunstvoll-gedruckten-taschen\/"]}]},{"@type":"ImageObject","inLanguage":"de-DE","@id":"https:\/\/muchogusto.nl\/de\/produkt\/bluse-vinci-mit-pantherdruck-und-kunstvoll-gedruckten-taschen\/#primaryimage","url":"https:\/\/muchogusto.nl\/wp-content\/uploads\/2024\/08\/C42VIN179.jpg","contentUrl":"https:\/\/muchogusto.nl\/wp-content\/uploads\/2024\/08\/C42VIN179.jpg","width":1920,"height":2560,"caption":"MUCHO GUSTO\u00ae Bluse Vinci mit Pantherdruck und Kunstvoll Gedruckten Taschen"},{"@type":"BreadcrumbList","@id":"https:\/\/muchogusto.nl\/de\/produkt\/bluse-vinci-mit-pantherdruck-und-kunstvoll-gedruckten-taschen\/#breadcrumb","itemListElement":[{"@type":"ListItem","position":1,"name":"Home","item":"https:\/\/muchogusto.nl\/de\/"},{"@type":"ListItem","position":2,"name":"Shop","item":"https:\/\/muchogusto.nl\/de\/shop-2\/"},{"@type":"ListItem","position":3,"name":"Bluse Vinci mit Pantherdruck und Kunstvoll Gedruckten Taschen"}]},{"@type":"WebSite","@id":"https:\/\/muchogusto.nl\/#website","url":"https:\/\/muchogusto.nl\/","name":"muchogusto.nl","description":"","publisher":{"@id":"https:\/\/muchogusto.nl\/#organization"},"potentialAction":[{"@type":"SearchAction","target":{"@type":"EntryPoint","urlTemplate":"https:\/\/muchogusto.nl\/?s={search_term_string}"},"query-input":{"@type":"PropertyValueSpecification","valueRequired":true,"valueName":"search_term_string"}}],"inLanguage":"de-DE"},{"@type":"Organization","@id":"https:\/\/muchogusto.nl\/#organization","name":"Mucho Gusto","url":"https:\/\/muchogusto.nl\/","logo":{"@type":"ImageObject","inLanguage":"de-DE","@id":"https:\/\/muchogusto.nl\/#\/schema\/logo\/image\/","url":"https:\/\/muchogusto.nl\/wp-content\/uploads\/2022\/08\/logo_header.svg","contentUrl":"https:\/\/muchogusto.nl\/wp-content\/uploads\/2022\/08\/logo_header.svg","caption":"Mucho Gusto"},"image":{"@id":"https:\/\/muchogusto.nl\/#\/schema\/logo\/image\/"},"sameAs":["https:\/\/www.facebook.com\/muchogusto.nl\/","https:\/\/www.instagram.com\/muchogusto.nl\/"]}]}},"_links":{"self":[{"href":"https:\/\/muchogusto.nl\/de\/wp-json\/wp\/v2\/product\/25862","targetHints":{"allow":["GET"]}}],"collection":[{"href":"https:\/\/muchogusto.nl\/de\/wp-json\/wp\/v2\/product"}],"about":[{"href":"https:\/\/muchogusto.nl\/de\/wp-json\/wp\/v2\/types\/product"}],"replies":[{"embeddable":true,"href":"https:\/\/muchogusto.nl\/de\/wp-json\/wp\/v2\/comments?post=25862"}],"wp:featuredmedia":[{"embeddable":true,"href":"https:\/\/muchogusto.nl\/de\/wp-json\/wp\/v2\/media\/25889"}],"wp:attachment":[{"href":"https:\/\/muchogusto.nl\/de\/wp-json\/wp\/v2\/media?parent=25862"}],"wp:term":[{"taxonomy":"product_brand","embeddable":true,"href":"https:\/\/muchogusto.nl\/de\/wp-json\/wp\/v2\/product_brand?post=25862"},{"taxonomy":"product_cat","embeddable":true,"href":"https:\/\/muchogusto.nl\/de\/wp-json\/wp\/v2\/product_cat?post=25862"},{"taxonomy":"product_tag","embeddable":true,"href":"https:\/\/muchogusto.nl\/de\/wp-json\/wp\/v2\/product_tag?post=25862"}],"curies":[{"name":"wp","href":"https:\/\/api.w.org\/{rel}","templated":true}]}}