{"id":25646,"date":"2024-08-07T14:21:22","date_gmt":"2024-08-07T12:21:22","guid":{"rendered":"http:\/\/muchogusto.nl\/?post_type=product&#038;p=25646"},"modified":"2026-03-02T12:02:38","modified_gmt":"2026-03-02T11:02:38","slug":"mucho-gusto-blazer-moon-mit-beiger-schlangenprint-und-kunstvoll-gedruckten-patches","status":"publish","type":"product","link":"https:\/\/muchogusto.nl\/de\/produkt\/mucho-gusto-blazer-moon-mit-beiger-schlangenprint-und-kunstvoll-gedruckten-patches\/","title":{"rendered":"Blazer Moon mit Beiger Schlangenprint und Kunstvoll Gedruckten Patches"},"content":{"rendered":"<h3>DETAILS ZUM PRODUKT<\/h3>\n<p>MUCHO GUSTO\u00ae Blazer Moon mit Beiger Schlangenprint und Kunstvoll Gedruckten Patches. Dieser beigefarbene Tailored Blazer mit Schlangenprint von MUCHO GUSTO\u00ae ist ein echter Hingucker. Der einreihige Blazer Moon hat ein gekerbtes Revers, Pattentaschen und ein Vollfutter. Vervollst\u00e4ndigen Sie Ihren Look mit der passenden Hose.<\/p>\n<ul>\n<li>Dutch handmade<\/li>\n<li>Material: 70% VI 25% PL 5% EL<\/li>\n<li>Taillierte Passform<\/li>\n<li>Beige<\/li>\n<\/ul>\n<h3>PASSENDE ARTIKEL<\/h3>\n<p class=\"p2\"><span class=\"s1\">Vervollst\u00e4ndigen Sie Ihren Look mit einem passenden\u00a0<a href=\"https:\/\/muchogusto.nl\/de\/schals\/\"><span class=\"s2\">Schal<\/span><\/a>.<\/span><\/p>\n<p class=\"p2\"><span class=\"s1\">M\u00f6chten Sie mehr Kleidung sehen? Dann schauen Sie sich unsere <a href=\"https:\/\/muchogusto.nl\/de\/blusen\/\"><span class=\"s2\">Bekleidungsseite<\/span><\/a>\u00a0an.\u00a0<\/span><\/p>\n<p class=\"p2\"><span class=\"s1\">M\u00f6chten Sie mehr Inspiration? Besuchen Sie unsere\u00a0<a href=\"https:\/\/www.instagram.com\/muchogusto.nl\/\"><span class=\"s2\">Instagram<\/span><\/a>-Seite.\u00a0<\/span><\/p>\n<h3>BRAUCHEN SIE HILFE?<\/h3>\n<p>Wenn Sie Fragen zu diesem Artikel oder der Gr\u00f6\u00dfe haben, senden Sie eine E-Mail an unseren Kundenservice unter <a href=\"mailto:web@muchogusto.nl\"><span class=\"s2\">web@muchogusto.nl.<\/span><\/a><\/p>\n<h3>GR\u00d6SSENTABELLEN<\/h3>\n<p>Unsere Gr\u00f6\u00dfen sind in europ\u00e4ischen Gr\u00f6\u00dfen angegeben. Sie k\u00f6nnen diese Gr\u00f6\u00dfen anhand der Tabellen <a href=\"https:\/\/muchogusto.nl\/de\/grossentabellen\/\">auf dieser Seite<\/a> leicht umrechnen. Die Passform kann je nach Stil oder pers\u00f6nlicher Vorliebe variieren.<\/p>\n","protected":false},"excerpt":{"rendered":"<p>This is a variable product.<\/p>\n","protected":false},"featured_media":25683,"comment_status":"open","ping_status":"closed","template":"","meta":{"_acf_changed":false,"inline_featured_image":false,"navigation_state":false,"_genesis_hide_title":false,"_genesis_hide_breadcrumbs":false,"_genesis_hide_singular_image":false,"_genesis_hide_footer_widgets":false,"_genesis_custom_body_class":"","_genesis_custom_post_class":"","_genesis_layout":""},"product_brand":[],"product_cat":[3350,69],"product_tag":[],"class_list":{"0":"post-25646","1":"product","2":"type-product","3":"status-publish","4":"has-post-thumbnail","6":"product_cat-blazers-de","7":"product_cat-kleidung","8":"entry","10":"first","11":"instock","12":"sale","13":"featured","14":"taxable","15":"shipping-taxable","16":"purchasable","17":"product-type-variable"},"acf":[],"yoast_head":"<!-- This site is optimized with the Yoast SEO Premium plugin v27.2 (Yoast SEO v27.2) - https:\/\/yoast.com\/product\/yoast-seo-premium-wordpress\/ -->\n<title>MUCHO GUSTO\u00ae Blazer Moon mit Beiger Schlangenprint<\/title>\n<meta name=\"description\" content=\"MUCHO GUSTO\u00ae Blazer Moon mit Beiger Schlangenprint und Kunstvoll Gedruckten Patches. Dieser beigefarbene Tailored Blazer mit Schlangenprint von MUCHO GUSTO\u00ae\" \/>\n<meta name=\"robots\" content=\"index, follow, max-snippet:-1, max-image-preview:large, max-video-preview:-1\" \/>\n<link rel=\"canonical\" href=\"https:\/\/muchogusto.nl\/de\/produkt\/mucho-gusto-blazer-moon-mit-beiger-schlangenprint-und-kunstvoll-gedruckten-patches\/\" \/>\n<meta property=\"og:locale\" content=\"de_DE\" \/>\n<meta property=\"og:type\" content=\"article\" \/>\n<meta property=\"og:title\" content=\"Blazer Moon mit Beiger Schlangenprint und Kunstvoll Gedruckten Patches\" \/>\n<meta property=\"og:description\" content=\"MUCHO GUSTO\u00ae Blazer Moon mit Beiger Schlangenprint und Kunstvoll Gedruckten Patches. Dieser beigefarbene Tailored Blazer mit Schlangenprint von MUCHO GUSTO\u00ae\" \/>\n<meta property=\"og:url\" content=\"https:\/\/muchogusto.nl\/de\/produkt\/mucho-gusto-blazer-moon-mit-beiger-schlangenprint-und-kunstvoll-gedruckten-patches\/\" \/>\n<meta property=\"og:site_name\" content=\"Mucho Gusto\" \/>\n<meta property=\"article:publisher\" content=\"https:\/\/www.facebook.com\/muchogusto.nl\/\" \/>\n<meta property=\"article:modified_time\" content=\"2026-03-02T11:02:38+00:00\" \/>\n<meta property=\"og:image\" content=\"https:\/\/muchogusto.nl\/wp-content\/uploads\/2024\/08\/photostique-mg-1012606-scaled.jpg\" \/>\n\t<meta property=\"og:image:width\" content=\"1920\" \/>\n\t<meta property=\"og:image:height\" content=\"2560\" \/>\n\t<meta property=\"og:image:type\" content=\"image\/jpeg\" \/>\n<meta name=\"twitter:card\" content=\"summary_large_image\" \/>\n<meta name=\"twitter:label1\" content=\"Est. reading time\" \/>\n\t<meta name=\"twitter:data1\" content=\"1 minute\" \/>\n<script type=\"application\/ld+json\" class=\"yoast-schema-graph\">{\"@context\":\"https:\/\/schema.org\",\"@graph\":[{\"@type\":\"WebPage\",\"@id\":\"https:\/\/muchogusto.nl\/de\/produkt\/mucho-gusto-blazer-moon-mit-beiger-schlangenprint-und-kunstvoll-gedruckten-patches\/\",\"url\":\"https:\/\/muchogusto.nl\/de\/produkt\/mucho-gusto-blazer-moon-mit-beiger-schlangenprint-und-kunstvoll-gedruckten-patches\/\",\"name\":\"MUCHO GUSTO\u00ae Blazer Moon mit Beiger Schlangenprint\",\"isPartOf\":{\"@id\":\"https:\/\/muchogusto.nl\/#website\"},\"primaryImageOfPage\":{\"@id\":\"https:\/\/muchogusto.nl\/de\/produkt\/mucho-gusto-blazer-moon-mit-beiger-schlangenprint-und-kunstvoll-gedruckten-patches\/#primaryimage\"},\"image\":{\"@id\":\"https:\/\/muchogusto.nl\/de\/produkt\/mucho-gusto-blazer-moon-mit-beiger-schlangenprint-und-kunstvoll-gedruckten-patches\/#primaryimage\"},\"thumbnailUrl\":\"https:\/\/muchogusto.nl\/wp-content\/uploads\/2024\/08\/photostique-mg-1012606-scaled.jpg\",\"datePublished\":\"2024-08-07T12:21:22+00:00\",\"dateModified\":\"2026-03-02T11:02:38+00:00\",\"description\":\"MUCHO GUSTO\u00ae Blazer Moon mit Beiger Schlangenprint und Kunstvoll Gedruckten Patches. Dieser beigefarbene Tailored Blazer mit Schlangenprint von MUCHO GUSTO\u00ae\",\"breadcrumb\":{\"@id\":\"https:\/\/muchogusto.nl\/de\/produkt\/mucho-gusto-blazer-moon-mit-beiger-schlangenprint-und-kunstvoll-gedruckten-patches\/#breadcrumb\"},\"inLanguage\":\"de-DE\",\"potentialAction\":[{\"@type\":\"ReadAction\",\"target\":[\"https:\/\/muchogusto.nl\/de\/produkt\/mucho-gusto-blazer-moon-mit-beiger-schlangenprint-und-kunstvoll-gedruckten-patches\/\"]}]},{\"@type\":\"ImageObject\",\"inLanguage\":\"de-DE\",\"@id\":\"https:\/\/muchogusto.nl\/de\/produkt\/mucho-gusto-blazer-moon-mit-beiger-schlangenprint-und-kunstvoll-gedruckten-patches\/#primaryimage\",\"url\":\"https:\/\/muchogusto.nl\/wp-content\/uploads\/2024\/08\/photostique-mg-1012606-scaled.jpg\",\"contentUrl\":\"https:\/\/muchogusto.nl\/wp-content\/uploads\/2024\/08\/photostique-mg-1012606-scaled.jpg\",\"width\":1920,\"height\":2560,\"caption\":\"MUCHO GUSTO\u00ae Blazer Moon mit Beiger Schlangenprint und Kunstvoll Gedruckten Patches.\"},{\"@type\":\"BreadcrumbList\",\"@id\":\"https:\/\/muchogusto.nl\/de\/produkt\/mucho-gusto-blazer-moon-mit-beiger-schlangenprint-und-kunstvoll-gedruckten-patches\/#breadcrumb\",\"itemListElement\":[{\"@type\":\"ListItem\",\"position\":1,\"name\":\"Home\",\"item\":\"https:\/\/muchogusto.nl\/de\/\"},{\"@type\":\"ListItem\",\"position\":2,\"name\":\"Shop\",\"item\":\"https:\/\/muchogusto.nl\/de\/shop-2\/\"},{\"@type\":\"ListItem\",\"position\":3,\"name\":\"Blazer Moon mit Beiger Schlangenprint und Kunstvoll Gedruckten Patches\"}]},{\"@type\":\"WebSite\",\"@id\":\"https:\/\/muchogusto.nl\/#website\",\"url\":\"https:\/\/muchogusto.nl\/\",\"name\":\"muchogusto.nl\",\"description\":\"\",\"publisher\":{\"@id\":\"https:\/\/muchogusto.nl\/#organization\"},\"potentialAction\":[{\"@type\":\"SearchAction\",\"target\":{\"@type\":\"EntryPoint\",\"urlTemplate\":\"https:\/\/muchogusto.nl\/?s={search_term_string}\"},\"query-input\":{\"@type\":\"PropertyValueSpecification\",\"valueRequired\":true,\"valueName\":\"search_term_string\"}}],\"inLanguage\":\"de-DE\"},{\"@type\":\"Organization\",\"@id\":\"https:\/\/muchogusto.nl\/#organization\",\"name\":\"Mucho Gusto\",\"url\":\"https:\/\/muchogusto.nl\/\",\"logo\":{\"@type\":\"ImageObject\",\"inLanguage\":\"de-DE\",\"@id\":\"https:\/\/muchogusto.nl\/#\/schema\/logo\/image\/\",\"url\":\"https:\/\/muchogusto.nl\/wp-content\/uploads\/2022\/08\/logo_header.svg\",\"contentUrl\":\"https:\/\/muchogusto.nl\/wp-content\/uploads\/2022\/08\/logo_header.svg\",\"caption\":\"Mucho Gusto\"},\"image\":{\"@id\":\"https:\/\/muchogusto.nl\/#\/schema\/logo\/image\/\"},\"sameAs\":[\"https:\/\/www.facebook.com\/muchogusto.nl\/\",\"https:\/\/www.instagram.com\/muchogusto.nl\/\"]}]}<\/script>\n<!-- \/ Yoast SEO Premium plugin. -->","yoast_head_json":{"title":"MUCHO GUSTO\u00ae Blazer Moon mit Beiger Schlangenprint","description":"MUCHO GUSTO\u00ae Blazer Moon mit Beiger Schlangenprint und Kunstvoll Gedruckten Patches. Dieser beigefarbene Tailored Blazer mit Schlangenprint von MUCHO GUSTO\u00ae","robots":{"index":"index","follow":"follow","max-snippet":"max-snippet:-1","max-image-preview":"max-image-preview:large","max-video-preview":"max-video-preview:-1"},"canonical":"https:\/\/muchogusto.nl\/de\/produkt\/mucho-gusto-blazer-moon-mit-beiger-schlangenprint-und-kunstvoll-gedruckten-patches\/","og_locale":"de_DE","og_type":"article","og_title":"Blazer Moon mit Beiger Schlangenprint und Kunstvoll Gedruckten Patches","og_description":"MUCHO GUSTO\u00ae Blazer Moon mit Beiger Schlangenprint und Kunstvoll Gedruckten Patches. Dieser beigefarbene Tailored Blazer mit Schlangenprint von MUCHO GUSTO\u00ae","og_url":"https:\/\/muchogusto.nl\/de\/produkt\/mucho-gusto-blazer-moon-mit-beiger-schlangenprint-und-kunstvoll-gedruckten-patches\/","og_site_name":"Mucho Gusto","article_publisher":"https:\/\/www.facebook.com\/muchogusto.nl\/","article_modified_time":"2026-03-02T11:02:38+00:00","og_image":[{"width":1920,"height":2560,"url":"https:\/\/muchogusto.nl\/wp-content\/uploads\/2024\/08\/photostique-mg-1012606-scaled.jpg","type":"image\/jpeg"}],"twitter_card":"summary_large_image","twitter_misc":{"Est. reading time":"1 minute"},"schema":{"@context":"https:\/\/schema.org","@graph":[{"@type":"WebPage","@id":"https:\/\/muchogusto.nl\/de\/produkt\/mucho-gusto-blazer-moon-mit-beiger-schlangenprint-und-kunstvoll-gedruckten-patches\/","url":"https:\/\/muchogusto.nl\/de\/produkt\/mucho-gusto-blazer-moon-mit-beiger-schlangenprint-und-kunstvoll-gedruckten-patches\/","name":"MUCHO GUSTO\u00ae Blazer Moon mit Beiger Schlangenprint","isPartOf":{"@id":"https:\/\/muchogusto.nl\/#website"},"primaryImageOfPage":{"@id":"https:\/\/muchogusto.nl\/de\/produkt\/mucho-gusto-blazer-moon-mit-beiger-schlangenprint-und-kunstvoll-gedruckten-patches\/#primaryimage"},"image":{"@id":"https:\/\/muchogusto.nl\/de\/produkt\/mucho-gusto-blazer-moon-mit-beiger-schlangenprint-und-kunstvoll-gedruckten-patches\/#primaryimage"},"thumbnailUrl":"https:\/\/muchogusto.nl\/wp-content\/uploads\/2024\/08\/photostique-mg-1012606-scaled.jpg","datePublished":"2024-08-07T12:21:22+00:00","dateModified":"2026-03-02T11:02:38+00:00","description":"MUCHO GUSTO\u00ae Blazer Moon mit Beiger Schlangenprint und Kunstvoll Gedruckten Patches. Dieser beigefarbene Tailored Blazer mit Schlangenprint von MUCHO GUSTO\u00ae","breadcrumb":{"@id":"https:\/\/muchogusto.nl\/de\/produkt\/mucho-gusto-blazer-moon-mit-beiger-schlangenprint-und-kunstvoll-gedruckten-patches\/#breadcrumb"},"inLanguage":"de-DE","potentialAction":[{"@type":"ReadAction","target":["https:\/\/muchogusto.nl\/de\/produkt\/mucho-gusto-blazer-moon-mit-beiger-schlangenprint-und-kunstvoll-gedruckten-patches\/"]}]},{"@type":"ImageObject","inLanguage":"de-DE","@id":"https:\/\/muchogusto.nl\/de\/produkt\/mucho-gusto-blazer-moon-mit-beiger-schlangenprint-und-kunstvoll-gedruckten-patches\/#primaryimage","url":"https:\/\/muchogusto.nl\/wp-content\/uploads\/2024\/08\/photostique-mg-1012606-scaled.jpg","contentUrl":"https:\/\/muchogusto.nl\/wp-content\/uploads\/2024\/08\/photostique-mg-1012606-scaled.jpg","width":1920,"height":2560,"caption":"MUCHO GUSTO\u00ae Blazer Moon mit Beiger Schlangenprint und Kunstvoll Gedruckten Patches."},{"@type":"BreadcrumbList","@id":"https:\/\/muchogusto.nl\/de\/produkt\/mucho-gusto-blazer-moon-mit-beiger-schlangenprint-und-kunstvoll-gedruckten-patches\/#breadcrumb","itemListElement":[{"@type":"ListItem","position":1,"name":"Home","item":"https:\/\/muchogusto.nl\/de\/"},{"@type":"ListItem","position":2,"name":"Shop","item":"https:\/\/muchogusto.nl\/de\/shop-2\/"},{"@type":"ListItem","position":3,"name":"Blazer Moon mit Beiger Schlangenprint und Kunstvoll Gedruckten Patches"}]},{"@type":"WebSite","@id":"https:\/\/muchogusto.nl\/#website","url":"https:\/\/muchogusto.nl\/","name":"muchogusto.nl","description":"","publisher":{"@id":"https:\/\/muchogusto.nl\/#organization"},"potentialAction":[{"@type":"SearchAction","target":{"@type":"EntryPoint","urlTemplate":"https:\/\/muchogusto.nl\/?s={search_term_string}"},"query-input":{"@type":"PropertyValueSpecification","valueRequired":true,"valueName":"search_term_string"}}],"inLanguage":"de-DE"},{"@type":"Organization","@id":"https:\/\/muchogusto.nl\/#organization","name":"Mucho Gusto","url":"https:\/\/muchogusto.nl\/","logo":{"@type":"ImageObject","inLanguage":"de-DE","@id":"https:\/\/muchogusto.nl\/#\/schema\/logo\/image\/","url":"https:\/\/muchogusto.nl\/wp-content\/uploads\/2022\/08\/logo_header.svg","contentUrl":"https:\/\/muchogusto.nl\/wp-content\/uploads\/2022\/08\/logo_header.svg","caption":"Mucho Gusto"},"image":{"@id":"https:\/\/muchogusto.nl\/#\/schema\/logo\/image\/"},"sameAs":["https:\/\/www.facebook.com\/muchogusto.nl\/","https:\/\/www.instagram.com\/muchogusto.nl\/"]}]}},"_links":{"self":[{"href":"https:\/\/muchogusto.nl\/de\/wp-json\/wp\/v2\/product\/25646","targetHints":{"allow":["GET"]}}],"collection":[{"href":"https:\/\/muchogusto.nl\/de\/wp-json\/wp\/v2\/product"}],"about":[{"href":"https:\/\/muchogusto.nl\/de\/wp-json\/wp\/v2\/types\/product"}],"replies":[{"embeddable":true,"href":"https:\/\/muchogusto.nl\/de\/wp-json\/wp\/v2\/comments?post=25646"}],"wp:featuredmedia":[{"embeddable":true,"href":"https:\/\/muchogusto.nl\/de\/wp-json\/wp\/v2\/media\/25683"}],"wp:attachment":[{"href":"https:\/\/muchogusto.nl\/de\/wp-json\/wp\/v2\/media?parent=25646"}],"wp:term":[{"taxonomy":"product_brand","embeddable":true,"href":"https:\/\/muchogusto.nl\/de\/wp-json\/wp\/v2\/product_brand?post=25646"},{"taxonomy":"product_cat","embeddable":true,"href":"https:\/\/muchogusto.nl\/de\/wp-json\/wp\/v2\/product_cat?post=25646"},{"taxonomy":"product_tag","embeddable":true,"href":"https:\/\/muchogusto.nl\/de\/wp-json\/wp\/v2\/product_tag?post=25646"}],"curies":[{"name":"wp","href":"https:\/\/api.w.org\/{rel}","templated":true}]}}