{"id":13896,"date":"2023-10-18T11:58:47","date_gmt":"2023-10-18T09:58:47","guid":{"rendered":"http:\/\/muchogusto.nl\/?post_type=product&#038;p=13896"},"modified":"2026-03-02T12:02:38","modified_gmt":"2026-03-02T11:02:38","slug":"wollschal-zuerich-leoparden-und-schlangenmuster-mit-guerteldetails","status":"publish","type":"product","link":"https:\/\/muchogusto.nl\/de\/produkt\/wollschal-zuerich-leoparden-und-schlangenmuster-mit-guerteldetails\/","title":{"rendered":"Wollschal Z\u00fcrich Leoparden- und Schlangenmuster mit G\u00fcrteldetails"},"content":{"rendered":"<h3>DETAILS ZUM PRODUKT<\/h3>\n<p>MUCHO GUSTO\u00ae Wollschal Z\u00fcrich Leoparden- und Schlangenmuster mit G\u00fcrteldetails. Machen Sie Ihre Garderobe winterfest mit einem unserer warmen Wollschals Z\u00fcrich. Dieser Wollschal Z\u00fcrich mit Leoparden- und Schlangenmuster wird mit viel Liebe und Sorgfalt in den Niederlanden handgefertigt. Vervollst\u00e4ndigen Sie Ihren Look mit diesem wilden Design von MUCHO GUSTO\u00ae, denn der Schal ist ein echter Blickfang. Machen Sie es sich gem\u00fctlich mit diesem wirklich warmen Musthave!<\/p>\n<ul>\n<li>Dutch handmade<\/li>\n<li>Gr\u00f6\u00dfe: On size<\/li>\n<li>Abmessungen ca. 180 x 180 cm<\/li>\n<li>Form: Quadratisch<\/li>\n<li>100% Wolle<\/li>\n<li>Pastell Leopard mit G\u00fcrtel und Ketten<\/li>\n<\/ul>\n<h3>PASSENDE ARTIKEL<\/h3>\n<p class=\"p1\"><span class=\"s1\">Vervollst\u00e4ndigen Sie Ihren Look mit einer passenden <a href=\"https:\/\/muchogusto.nl\/de\/blusen\/\"><span class=\"s2\">Bluse.<\/span><\/a><\/span><\/p>\n<p class=\"p1\"><span class=\"s1\">M\u00f6chten Sie mehr Schals sehen? Dann schauen Sie sich unsere <\/span><a href=\"https:\/\/muchogusto.nl\/de\/schals\/\">Schals und Seidentucher<\/a> <span class=\"s1\">an.\u00a0<\/span><\/p>\n<p class=\"p1\"><span class=\"s1\">M\u00f6chten Sie mehr Inspiration? Dann besuchen Sie unsere <a href=\"http:\/\/instagram.com\/muchogusto.nl\"><span class=\"s2\">Instagram-Seite<\/span><\/a>.\u00a0<\/span><\/p>\n<h3>BRAUCHEN SIE HILFE?<\/h3>\n<p>Wenn Sie Fragen zu diesem Artikel oder der Gr\u00f6\u00dfe haben, senden Sie eine E-Mail an unseren Kundenservice unter <a href=\"mailto:web@muchogusto.nl\"><span class=\"s2\">web@muchogusto.nl<\/span><\/a>.<\/p>\n","protected":false},"excerpt":{"rendered":"<p>This is a variable product.<\/p>\n","protected":false},"featured_media":17784,"comment_status":"open","ping_status":"closed","template":"","meta":{"_acf_changed":false,"inline_featured_image":false,"navigation_state":false,"_genesis_hide_title":false,"_genesis_hide_breadcrumbs":false,"_genesis_hide_singular_image":false,"_genesis_hide_footer_widgets":false,"_genesis_custom_body_class":"","_genesis_custom_post_class":"","_genesis_layout":""},"product_brand":[],"product_cat":[105],"product_tag":[],"class_list":{"0":"post-13896","1":"product","2":"type-product","3":"status-publish","4":"has-post-thumbnail","6":"product_cat-unkategorisiert","7":"entry","9":"first","10":"outofstock","11":"sale","12":"featured","13":"taxable","14":"shipping-taxable","15":"purchasable","16":"product-type-simple"},"acf":[],"yoast_head":"<!-- This site is optimized with the Yoast SEO Premium plugin v27.2 (Yoast SEO v27.2) - https:\/\/yoast.com\/product\/yoast-seo-premium-wordpress\/ -->\n<title>Wollschal Z\u00fcrich Leoparden- und Schlangenmuster<\/title>\n<meta name=\"description\" content=\"Wollschal Z\u00fcrich Leoparden- und Schlangenmuster mit G\u00fcrteldetails. Machen Sie Ihre Garderobe winterfest mit einem unserer warmen Wollschals Z\u00fcrich.\" \/>\n<meta name=\"robots\" content=\"index, follow, max-snippet:-1, max-image-preview:large, max-video-preview:-1\" \/>\n<link rel=\"canonical\" href=\"https:\/\/muchogusto.nl\/de\/produkt\/wollschal-zuerich-leoparden-und-schlangenmuster-mit-guerteldetails\/\" \/>\n<meta property=\"og:locale\" content=\"de_DE\" \/>\n<meta property=\"og:type\" content=\"article\" \/>\n<meta property=\"og:title\" content=\"Wollschal Z\u00fcrich Leoparden- und Schlangenmuster mit G\u00fcrteldetails\" \/>\n<meta property=\"og:description\" content=\"Wollschal Z\u00fcrich Leoparden- und Schlangenmuster mit G\u00fcrteldetails. Machen Sie Ihre Garderobe winterfest mit einem unserer warmen Wollschals Z\u00fcrich.\" \/>\n<meta property=\"og:url\" content=\"https:\/\/muchogusto.nl\/de\/produkt\/wollschal-zuerich-leoparden-und-schlangenmuster-mit-guerteldetails\/\" \/>\n<meta property=\"og:site_name\" content=\"Mucho Gusto\" \/>\n<meta property=\"article:publisher\" content=\"https:\/\/www.facebook.com\/muchogusto.nl\/\" \/>\n<meta property=\"article:modified_time\" content=\"2026-03-02T11:02:38+00:00\" \/>\n<meta property=\"og:image\" content=\"https:\/\/muchogusto.nl\/wp-content\/uploads\/2023\/10\/S32ZUR073-1-scaled.jpg\" \/>\n\t<meta property=\"og:image:width\" content=\"1920\" \/>\n\t<meta property=\"og:image:height\" content=\"2560\" \/>\n\t<meta property=\"og:image:type\" content=\"image\/jpeg\" \/>\n<meta name=\"twitter:card\" content=\"summary_large_image\" \/>\n<meta name=\"twitter:label1\" content=\"Est. reading time\" \/>\n\t<meta name=\"twitter:data1\" content=\"1 minute\" \/>\n<script type=\"application\/ld+json\" class=\"yoast-schema-graph\">{\"@context\":\"https:\/\/schema.org\",\"@graph\":[{\"@type\":\"WebPage\",\"@id\":\"https:\/\/muchogusto.nl\/de\/produkt\/wollschal-zuerich-leoparden-und-schlangenmuster-mit-guerteldetails\/\",\"url\":\"https:\/\/muchogusto.nl\/de\/produkt\/wollschal-zuerich-leoparden-und-schlangenmuster-mit-guerteldetails\/\",\"name\":\"Wollschal Z\u00fcrich Leoparden- und Schlangenmuster\",\"isPartOf\":{\"@id\":\"https:\/\/muchogusto.nl\/#website\"},\"primaryImageOfPage\":{\"@id\":\"https:\/\/muchogusto.nl\/de\/produkt\/wollschal-zuerich-leoparden-und-schlangenmuster-mit-guerteldetails\/#primaryimage\"},\"image\":{\"@id\":\"https:\/\/muchogusto.nl\/de\/produkt\/wollschal-zuerich-leoparden-und-schlangenmuster-mit-guerteldetails\/#primaryimage\"},\"thumbnailUrl\":\"https:\/\/muchogusto.nl\/wp-content\/uploads\/2023\/10\/S32ZUR073-1-scaled.jpg\",\"datePublished\":\"2023-10-18T09:58:47+00:00\",\"dateModified\":\"2026-03-02T11:02:38+00:00\",\"description\":\"Wollschal Z\u00fcrich Leoparden- und Schlangenmuster mit G\u00fcrteldetails. Machen Sie Ihre Garderobe winterfest mit einem unserer warmen Wollschals Z\u00fcrich.\",\"breadcrumb\":{\"@id\":\"https:\/\/muchogusto.nl\/de\/produkt\/wollschal-zuerich-leoparden-und-schlangenmuster-mit-guerteldetails\/#breadcrumb\"},\"inLanguage\":\"de-DE\",\"potentialAction\":[{\"@type\":\"ReadAction\",\"target\":[\"https:\/\/muchogusto.nl\/de\/produkt\/wollschal-zuerich-leoparden-und-schlangenmuster-mit-guerteldetails\/\"]}]},{\"@type\":\"ImageObject\",\"inLanguage\":\"de-DE\",\"@id\":\"https:\/\/muchogusto.nl\/de\/produkt\/wollschal-zuerich-leoparden-und-schlangenmuster-mit-guerteldetails\/#primaryimage\",\"url\":\"https:\/\/muchogusto.nl\/wp-content\/uploads\/2023\/10\/S32ZUR073-1-scaled.jpg\",\"contentUrl\":\"https:\/\/muchogusto.nl\/wp-content\/uploads\/2023\/10\/S32ZUR073-1-scaled.jpg\",\"width\":1920,\"height\":2560,\"caption\":\"MUCHO GUSTO\u00ae Wollschal Z\u00fcrich Leoparden- und Schlangenmuster mit G\u00fcrteldetails.\"},{\"@type\":\"BreadcrumbList\",\"@id\":\"https:\/\/muchogusto.nl\/de\/produkt\/wollschal-zuerich-leoparden-und-schlangenmuster-mit-guerteldetails\/#breadcrumb\",\"itemListElement\":[{\"@type\":\"ListItem\",\"position\":1,\"name\":\"Home\",\"item\":\"https:\/\/muchogusto.nl\/de\/\"},{\"@type\":\"ListItem\",\"position\":2,\"name\":\"Shop\",\"item\":\"https:\/\/muchogusto.nl\/de\/shop-2\/\"},{\"@type\":\"ListItem\",\"position\":3,\"name\":\"Wollschal Z\u00fcrich Leoparden- und Schlangenmuster mit G\u00fcrteldetails\"}]},{\"@type\":\"WebSite\",\"@id\":\"https:\/\/muchogusto.nl\/#website\",\"url\":\"https:\/\/muchogusto.nl\/\",\"name\":\"muchogusto.nl\",\"description\":\"\",\"publisher\":{\"@id\":\"https:\/\/muchogusto.nl\/#organization\"},\"potentialAction\":[{\"@type\":\"SearchAction\",\"target\":{\"@type\":\"EntryPoint\",\"urlTemplate\":\"https:\/\/muchogusto.nl\/?s={search_term_string}\"},\"query-input\":{\"@type\":\"PropertyValueSpecification\",\"valueRequired\":true,\"valueName\":\"search_term_string\"}}],\"inLanguage\":\"de-DE\"},{\"@type\":\"Organization\",\"@id\":\"https:\/\/muchogusto.nl\/#organization\",\"name\":\"Mucho Gusto\",\"url\":\"https:\/\/muchogusto.nl\/\",\"logo\":{\"@type\":\"ImageObject\",\"inLanguage\":\"de-DE\",\"@id\":\"https:\/\/muchogusto.nl\/#\/schema\/logo\/image\/\",\"url\":\"https:\/\/muchogusto.nl\/wp-content\/uploads\/2022\/08\/logo_header.svg\",\"contentUrl\":\"https:\/\/muchogusto.nl\/wp-content\/uploads\/2022\/08\/logo_header.svg\",\"caption\":\"Mucho Gusto\"},\"image\":{\"@id\":\"https:\/\/muchogusto.nl\/#\/schema\/logo\/image\/\"},\"sameAs\":[\"https:\/\/www.facebook.com\/muchogusto.nl\/\",\"https:\/\/www.instagram.com\/muchogusto.nl\/\"]}]}<\/script>\n<!-- \/ Yoast SEO Premium plugin. -->","yoast_head_json":{"title":"Wollschal Z\u00fcrich Leoparden- und Schlangenmuster","description":"Wollschal Z\u00fcrich Leoparden- und Schlangenmuster mit G\u00fcrteldetails. Machen Sie Ihre Garderobe winterfest mit einem unserer warmen Wollschals Z\u00fcrich.","robots":{"index":"index","follow":"follow","max-snippet":"max-snippet:-1","max-image-preview":"max-image-preview:large","max-video-preview":"max-video-preview:-1"},"canonical":"https:\/\/muchogusto.nl\/de\/produkt\/wollschal-zuerich-leoparden-und-schlangenmuster-mit-guerteldetails\/","og_locale":"de_DE","og_type":"article","og_title":"Wollschal Z\u00fcrich Leoparden- und Schlangenmuster mit G\u00fcrteldetails","og_description":"Wollschal Z\u00fcrich Leoparden- und Schlangenmuster mit G\u00fcrteldetails. Machen Sie Ihre Garderobe winterfest mit einem unserer warmen Wollschals Z\u00fcrich.","og_url":"https:\/\/muchogusto.nl\/de\/produkt\/wollschal-zuerich-leoparden-und-schlangenmuster-mit-guerteldetails\/","og_site_name":"Mucho Gusto","article_publisher":"https:\/\/www.facebook.com\/muchogusto.nl\/","article_modified_time":"2026-03-02T11:02:38+00:00","og_image":[{"width":1920,"height":2560,"url":"https:\/\/muchogusto.nl\/wp-content\/uploads\/2023\/10\/S32ZUR073-1-scaled.jpg","type":"image\/jpeg"}],"twitter_card":"summary_large_image","twitter_misc":{"Est. reading time":"1 minute"},"schema":{"@context":"https:\/\/schema.org","@graph":[{"@type":"WebPage","@id":"https:\/\/muchogusto.nl\/de\/produkt\/wollschal-zuerich-leoparden-und-schlangenmuster-mit-guerteldetails\/","url":"https:\/\/muchogusto.nl\/de\/produkt\/wollschal-zuerich-leoparden-und-schlangenmuster-mit-guerteldetails\/","name":"Wollschal Z\u00fcrich Leoparden- und Schlangenmuster","isPartOf":{"@id":"https:\/\/muchogusto.nl\/#website"},"primaryImageOfPage":{"@id":"https:\/\/muchogusto.nl\/de\/produkt\/wollschal-zuerich-leoparden-und-schlangenmuster-mit-guerteldetails\/#primaryimage"},"image":{"@id":"https:\/\/muchogusto.nl\/de\/produkt\/wollschal-zuerich-leoparden-und-schlangenmuster-mit-guerteldetails\/#primaryimage"},"thumbnailUrl":"https:\/\/muchogusto.nl\/wp-content\/uploads\/2023\/10\/S32ZUR073-1-scaled.jpg","datePublished":"2023-10-18T09:58:47+00:00","dateModified":"2026-03-02T11:02:38+00:00","description":"Wollschal Z\u00fcrich Leoparden- und Schlangenmuster mit G\u00fcrteldetails. Machen Sie Ihre Garderobe winterfest mit einem unserer warmen Wollschals Z\u00fcrich.","breadcrumb":{"@id":"https:\/\/muchogusto.nl\/de\/produkt\/wollschal-zuerich-leoparden-und-schlangenmuster-mit-guerteldetails\/#breadcrumb"},"inLanguage":"de-DE","potentialAction":[{"@type":"ReadAction","target":["https:\/\/muchogusto.nl\/de\/produkt\/wollschal-zuerich-leoparden-und-schlangenmuster-mit-guerteldetails\/"]}]},{"@type":"ImageObject","inLanguage":"de-DE","@id":"https:\/\/muchogusto.nl\/de\/produkt\/wollschal-zuerich-leoparden-und-schlangenmuster-mit-guerteldetails\/#primaryimage","url":"https:\/\/muchogusto.nl\/wp-content\/uploads\/2023\/10\/S32ZUR073-1-scaled.jpg","contentUrl":"https:\/\/muchogusto.nl\/wp-content\/uploads\/2023\/10\/S32ZUR073-1-scaled.jpg","width":1920,"height":2560,"caption":"MUCHO GUSTO\u00ae Wollschal Z\u00fcrich Leoparden- und Schlangenmuster mit G\u00fcrteldetails."},{"@type":"BreadcrumbList","@id":"https:\/\/muchogusto.nl\/de\/produkt\/wollschal-zuerich-leoparden-und-schlangenmuster-mit-guerteldetails\/#breadcrumb","itemListElement":[{"@type":"ListItem","position":1,"name":"Home","item":"https:\/\/muchogusto.nl\/de\/"},{"@type":"ListItem","position":2,"name":"Shop","item":"https:\/\/muchogusto.nl\/de\/shop-2\/"},{"@type":"ListItem","position":3,"name":"Wollschal Z\u00fcrich Leoparden- und Schlangenmuster mit G\u00fcrteldetails"}]},{"@type":"WebSite","@id":"https:\/\/muchogusto.nl\/#website","url":"https:\/\/muchogusto.nl\/","name":"muchogusto.nl","description":"","publisher":{"@id":"https:\/\/muchogusto.nl\/#organization"},"potentialAction":[{"@type":"SearchAction","target":{"@type":"EntryPoint","urlTemplate":"https:\/\/muchogusto.nl\/?s={search_term_string}"},"query-input":{"@type":"PropertyValueSpecification","valueRequired":true,"valueName":"search_term_string"}}],"inLanguage":"de-DE"},{"@type":"Organization","@id":"https:\/\/muchogusto.nl\/#organization","name":"Mucho Gusto","url":"https:\/\/muchogusto.nl\/","logo":{"@type":"ImageObject","inLanguage":"de-DE","@id":"https:\/\/muchogusto.nl\/#\/schema\/logo\/image\/","url":"https:\/\/muchogusto.nl\/wp-content\/uploads\/2022\/08\/logo_header.svg","contentUrl":"https:\/\/muchogusto.nl\/wp-content\/uploads\/2022\/08\/logo_header.svg","caption":"Mucho Gusto"},"image":{"@id":"https:\/\/muchogusto.nl\/#\/schema\/logo\/image\/"},"sameAs":["https:\/\/www.facebook.com\/muchogusto.nl\/","https:\/\/www.instagram.com\/muchogusto.nl\/"]}]}},"_links":{"self":[{"href":"https:\/\/muchogusto.nl\/de\/wp-json\/wp\/v2\/product\/13896","targetHints":{"allow":["GET"]}}],"collection":[{"href":"https:\/\/muchogusto.nl\/de\/wp-json\/wp\/v2\/product"}],"about":[{"href":"https:\/\/muchogusto.nl\/de\/wp-json\/wp\/v2\/types\/product"}],"replies":[{"embeddable":true,"href":"https:\/\/muchogusto.nl\/de\/wp-json\/wp\/v2\/comments?post=13896"}],"wp:featuredmedia":[{"embeddable":true,"href":"https:\/\/muchogusto.nl\/de\/wp-json\/wp\/v2\/media\/17784"}],"wp:attachment":[{"href":"https:\/\/muchogusto.nl\/de\/wp-json\/wp\/v2\/media?parent=13896"}],"wp:term":[{"taxonomy":"product_brand","embeddable":true,"href":"https:\/\/muchogusto.nl\/de\/wp-json\/wp\/v2\/product_brand?post=13896"},{"taxonomy":"product_cat","embeddable":true,"href":"https:\/\/muchogusto.nl\/de\/wp-json\/wp\/v2\/product_cat?post=13896"},{"taxonomy":"product_tag","embeddable":true,"href":"https:\/\/muchogusto.nl\/de\/wp-json\/wp\/v2\/product_tag?post=13896"}],"curies":[{"name":"wp","href":"https:\/\/api.w.org\/{rel}","templated":true}]}}