{"id":31448,"date":"2024-10-31T12:49:20","date_gmt":"2024-10-31T11:49:20","guid":{"rendered":"http:\/\/muchogusto.nl\/black-friday\/"},"modified":"2026-03-02T12:02:38","modified_gmt":"2026-03-02T11:02:38","slug":"black-friday","status":"publish","type":"page","link":"https:\/\/muchogusto.nl\/de\/black-friday\/","title":{"rendered":"BLACK FRIDAY"},"content":{"rendered":"\n<div class=\"wp-block-group alignfull has-padding-small\"><div class=\"wp-block-group__inner-container is-layout-constrained wp-block-group-is-layout-constrained\">\n<h1 class=\"wp-block-heading\" id=\"h-black-friday-angebote-bei-mucho-gusto-kleidung\">Black Friday Angebote bei MUCHO GUSTO\u00ae Kleidung<\/h1>\n\n\n\n<p>BBei MUCHO GUSTO\u00ae Black Friday Angeboten findest du die exklusivsten Angebote, die speziell f\u00fcr die moderne Frau entworfen wurden, die Eleganz und Stil sch\u00e4tzt. Unsere Luxusmodekollektionen, die seit 2003 mit Leidenschaft entwickelt wurden, bieten einzigartige und zeitlose Drucke, die perfekt f\u00fcr jeden Anlass geeignet sind\u2014ob bei einem Gesch\u00e4ftstreffen, einer Feier oder einem informellen Treffen.<\/p>\n\n\n\n<p><strong>Exklusive Rabatte auf Luxusmode<\/strong><br>In dieser Black Friday-Saison haben wir au\u00dfergew\u00f6hnliche Rabatte auf unsere ikonischen MUCHO GUSTO\u00ae Artikel.\u00a0Entdecke eine breite Palette an Produkten, von raffinierten Blusen bis hin zu atemberaubenden Kleidern, die alle handgefertigt in unserer eigenen Werkstatt in den Niederlanden sind. Jedes St\u00fcck wird mit Liebe zum Detail und hoher Qualit\u00e4t hergestellt, sodass du die Luxus- und Exklusivit\u00e4t von MUCHO GUSTO\u00ae erleben kannst.<\/p>\n\n\n<div class=\"woocommerce columns-4 \"><\/div>\n\n\n\n<p><\/p>\n\n\n\n<h2 class=\"wp-block-heading\" id=\"h-besondere-artikel-diesen-monat\">Besondere Artikel diesen Monat<\/h2>\n\n\n\n<p>Neben unserer regul\u00e4ren Kollektion bieten wir auch exklusive Artikel an, die nur diesen Monat sichtbar sind! Diese einzigartigen St\u00fccke wurden speziell f\u00fcr die Black Friday-Periode entworfen und sind perfekt f\u00fcr diejenigen, die nach etwas Au\u00dfergew\u00f6hnlichem suchen. Verpasse nicht diese einmaligen Gelegenheiten\u2014sie sind nur f\u00fcr kurze Zeit verf\u00fcgbar!<\/p>\n\n\n\n<p><strong>Zeitlose Drucke und hochwertige Materialien<\/strong><br>Unsere Kleidung besteht aus den besten Materialien, wie luxuri\u00f6ser Seide und hochwertiger Viskose, die von den besten europ\u00e4ischen Lieferanten bezogen werden. Das garantiert nicht nur eine unerreichte Qualit\u00e4t, sondern auch ein ultimatives Trageerlebnis. W\u00e4hrend der Black Friday Angebote kannst du nun diesen Luxus zu attraktiven Preisen genie\u00dfen.<\/p>\n\n\n\n<p><strong>Entdecke unsere exklusiven Angebote<\/strong><br>Besuche unseren offiziellen Webshop, um die aktuellste MUCHO GUSTO\u00ae Kollektion zu entdecken. Profitiere von kostenloser Lieferung auf alle Bestellungen und lass dir deine Artikel pers\u00f6nlich in unserer exklusiven Verpackung von den besten Kurierdiensten liefern. Egal, ob du nach einem auff\u00e4lligen Outfit oder zeitlosen Basics suchst, unsere Modeexperten stehen bereit, um dir bei Fragen zu helfen.<\/p>\n\n\n\n<p><strong>Warum MUCHO GUSTO\u00ae w\u00e4hlen?<\/strong><\/p>\n\n\n\n<ul class=\"wp-block-list\">\n<li class=\"has-normal-font-size\"><strong>Einzigartige und zeitlose Designs:<\/strong>\u00a0Unsere Kleidung wurde entworfen, um den individuellen Stil jeder Frau zu feiern.<\/li>\n\n\n\n<li class=\"has-normal-font-size\"><strong>Hochwertige Verarbeitung:<\/strong>\u00a0Jedes St\u00fcck wird mit Liebe und Pr\u00e4zision gefertigt, sodass der Luxus von MUCHO GUSTO\u00ae zur Geltung kommt.<\/li>\n\n\n\n<li class=\"has-normal-font-size\"><strong>Exklusiver Kundenservice:<\/strong>\u00a0Wir bieten den besten Service, um dein Einkaufserlebnis so angenehm wie m\u00f6glich zu gestalten.<\/li>\n<\/ul>\n\n\n\n<p>Verpasse nicht die Gelegenheit, deine Garderobe mit Luxusmode w\u00e4hrend unserer Black Friday Angebote zu erfrischen. Erlebe die Eleganz und Exklusivit\u00e4t von MUCHO GUSTO\u00ae Clothing\u2014es ist die perfekte Zeit, um dich mit Mode zu verw\u00f6hnen, die dein Selbstvertrauen st\u00e4rkt. Besuche unseren Webshop und entdecke noch heute die Magie von MUCHO GUSTO\u00ae!<\/p>\n<\/div><\/div>\n","protected":false},"excerpt":{"rendered":"<p>Black Friday Angebote bei MUCHO GUSTO\u00ae Kleidung BBei MUCHO GUSTO\u00ae Black Friday Angeboten findest du die exklusivsten Angebote, die speziell f\u00fcr die moderne Frau entworfen wurden, die Eleganz und Stil sch\u00e4tzt. Unsere Luxusmodekollektionen, die seit 2003 mit Leidenschaft entwickelt wurden, bieten einzigartige und zeitlose Drucke, die perfekt f\u00fcr jeden Anlass geeignet sind\u2014ob bei einem Gesch\u00e4ftstreffen, [&hellip;]<\/p>\n","protected":false},"author":2,"featured_media":0,"parent":0,"menu_order":0,"comment_status":"closed","ping_status":"closed","template":"","meta":{"_acf_changed":false,"inline_featured_image":false,"navigation_state":false,"_genesis_hide_title":false,"_genesis_hide_breadcrumbs":false,"_genesis_hide_singular_image":false,"_genesis_hide_footer_widgets":false,"_genesis_custom_body_class":"","_genesis_custom_post_class":"","_genesis_layout":"","footnotes":""},"class_list":{"0":"post-31448","1":"page","2":"type-page","3":"status-publish","5":"entry"},"acf":[],"yoast_head":"<!-- This site is optimized with the Yoast SEO Premium plugin v27.2 (Yoast SEO v27.2) - https:\/\/yoast.com\/product\/yoast-seo-premium-wordpress\/ -->\n<title>MUCHO GUSTO\u00ae | Black Friday<\/title>\n<meta name=\"description\" content=\"Zus\u00e4tzlich zu unserer regul\u00e4ren Kollektion bieten wir auch exklusive Artikel an, die nur diesen Monat erh\u00e4ltlich sind!\" \/>\n<meta name=\"robots\" content=\"index, follow, max-snippet:-1, max-image-preview:large, max-video-preview:-1\" \/>\n<link rel=\"canonical\" href=\"https:\/\/muchogusto.nl\/black-friday\/\" \/>\n<meta property=\"og:locale\" content=\"de_DE\" \/>\n<meta property=\"og:type\" content=\"article\" \/>\n<meta property=\"og:title\" content=\"BLACK FRIDAY\" \/>\n<meta property=\"og:description\" content=\"Zus\u00e4tzlich zu unserer regul\u00e4ren Kollektion bieten wir auch exklusive Artikel an, die nur diesen Monat erh\u00e4ltlich sind!\" \/>\n<meta property=\"og:url\" content=\"https:\/\/muchogusto.nl\/black-friday\/\" \/>\n<meta property=\"og:site_name\" content=\"Mucho Gusto\" \/>\n<meta property=\"article:publisher\" content=\"https:\/\/www.facebook.com\/muchogusto.nl\/\" \/>\n<meta property=\"article:modified_time\" content=\"2026-03-02T11:02:38+00:00\" \/>\n<meta name=\"twitter:card\" content=\"summary_large_image\" \/>\n<meta name=\"twitter:label1\" content=\"Est. reading time\" \/>\n\t<meta name=\"twitter:data1\" content=\"2 minutes\" \/>\n<script type=\"application\/ld+json\" class=\"yoast-schema-graph\">{\"@context\":\"https:\/\/schema.org\",\"@graph\":[{\"@type\":\"WebPage\",\"@id\":\"https:\/\/muchogusto.nl\/black-friday\/\",\"url\":\"https:\/\/muchogusto.nl\/black-friday\/\",\"name\":\"MUCHO GUSTO\u00ae | Black Friday\",\"isPartOf\":{\"@id\":\"https:\/\/muchogusto.nl\/#website\"},\"datePublished\":\"2024-10-31T11:49:20+00:00\",\"dateModified\":\"2026-03-02T11:02:38+00:00\",\"description\":\"Zus\u00e4tzlich zu unserer regul\u00e4ren Kollektion bieten wir auch exklusive Artikel an, die nur diesen Monat erh\u00e4ltlich sind!\",\"breadcrumb\":{\"@id\":\"https:\/\/muchogusto.nl\/black-friday\/#breadcrumb\"},\"inLanguage\":\"de-DE\",\"potentialAction\":[{\"@type\":\"ReadAction\",\"target\":[\"https:\/\/muchogusto.nl\/black-friday\/\"]}]},{\"@type\":\"BreadcrumbList\",\"@id\":\"https:\/\/muchogusto.nl\/black-friday\/#breadcrumb\",\"itemListElement\":[{\"@type\":\"ListItem\",\"position\":1,\"name\":\"Home\",\"item\":\"https:\/\/muchogusto.nl\/de\/\"},{\"@type\":\"ListItem\",\"position\":2,\"name\":\"BLACK FRIDAY\"}]},{\"@type\":\"WebSite\",\"@id\":\"https:\/\/muchogusto.nl\/#website\",\"url\":\"https:\/\/muchogusto.nl\/\",\"name\":\"muchogusto.nl\",\"description\":\"\",\"publisher\":{\"@id\":\"https:\/\/muchogusto.nl\/#organization\"},\"potentialAction\":[{\"@type\":\"SearchAction\",\"target\":{\"@type\":\"EntryPoint\",\"urlTemplate\":\"https:\/\/muchogusto.nl\/?s={search_term_string}\"},\"query-input\":{\"@type\":\"PropertyValueSpecification\",\"valueRequired\":true,\"valueName\":\"search_term_string\"}}],\"inLanguage\":\"de-DE\"},{\"@type\":\"Organization\",\"@id\":\"https:\/\/muchogusto.nl\/#organization\",\"name\":\"Mucho Gusto\",\"url\":\"https:\/\/muchogusto.nl\/\",\"logo\":{\"@type\":\"ImageObject\",\"inLanguage\":\"de-DE\",\"@id\":\"https:\/\/muchogusto.nl\/#\/schema\/logo\/image\/\",\"url\":\"https:\/\/muchogusto.nl\/wp-content\/uploads\/2022\/08\/logo_header.svg\",\"contentUrl\":\"https:\/\/muchogusto.nl\/wp-content\/uploads\/2022\/08\/logo_header.svg\",\"caption\":\"Mucho Gusto\"},\"image\":{\"@id\":\"https:\/\/muchogusto.nl\/#\/schema\/logo\/image\/\"},\"sameAs\":[\"https:\/\/www.facebook.com\/muchogusto.nl\/\",\"https:\/\/www.instagram.com\/muchogusto.nl\/\"]}]}<\/script>\n<!-- \/ Yoast SEO Premium plugin. -->","yoast_head_json":{"title":"MUCHO GUSTO\u00ae | Black Friday","description":"Zus\u00e4tzlich zu unserer regul\u00e4ren Kollektion bieten wir auch exklusive Artikel an, die nur diesen Monat erh\u00e4ltlich sind!","robots":{"index":"index","follow":"follow","max-snippet":"max-snippet:-1","max-image-preview":"max-image-preview:large","max-video-preview":"max-video-preview:-1"},"canonical":"https:\/\/muchogusto.nl\/black-friday\/","og_locale":"de_DE","og_type":"article","og_title":"BLACK FRIDAY","og_description":"Zus\u00e4tzlich zu unserer regul\u00e4ren Kollektion bieten wir auch exklusive Artikel an, die nur diesen Monat erh\u00e4ltlich sind!","og_url":"https:\/\/muchogusto.nl\/black-friday\/","og_site_name":"Mucho Gusto","article_publisher":"https:\/\/www.facebook.com\/muchogusto.nl\/","article_modified_time":"2026-03-02T11:02:38+00:00","twitter_card":"summary_large_image","twitter_misc":{"Est. reading time":"2 minutes"},"schema":{"@context":"https:\/\/schema.org","@graph":[{"@type":"WebPage","@id":"https:\/\/muchogusto.nl\/black-friday\/","url":"https:\/\/muchogusto.nl\/black-friday\/","name":"MUCHO GUSTO\u00ae | Black Friday","isPartOf":{"@id":"https:\/\/muchogusto.nl\/#website"},"datePublished":"2024-10-31T11:49:20+00:00","dateModified":"2026-03-02T11:02:38+00:00","description":"Zus\u00e4tzlich zu unserer regul\u00e4ren Kollektion bieten wir auch exklusive Artikel an, die nur diesen Monat erh\u00e4ltlich sind!","breadcrumb":{"@id":"https:\/\/muchogusto.nl\/black-friday\/#breadcrumb"},"inLanguage":"de-DE","potentialAction":[{"@type":"ReadAction","target":["https:\/\/muchogusto.nl\/black-friday\/"]}]},{"@type":"BreadcrumbList","@id":"https:\/\/muchogusto.nl\/black-friday\/#breadcrumb","itemListElement":[{"@type":"ListItem","position":1,"name":"Home","item":"https:\/\/muchogusto.nl\/de\/"},{"@type":"ListItem","position":2,"name":"BLACK FRIDAY"}]},{"@type":"WebSite","@id":"https:\/\/muchogusto.nl\/#website","url":"https:\/\/muchogusto.nl\/","name":"muchogusto.nl","description":"","publisher":{"@id":"https:\/\/muchogusto.nl\/#organization"},"potentialAction":[{"@type":"SearchAction","target":{"@type":"EntryPoint","urlTemplate":"https:\/\/muchogusto.nl\/?s={search_term_string}"},"query-input":{"@type":"PropertyValueSpecification","valueRequired":true,"valueName":"search_term_string"}}],"inLanguage":"de-DE"},{"@type":"Organization","@id":"https:\/\/muchogusto.nl\/#organization","name":"Mucho Gusto","url":"https:\/\/muchogusto.nl\/","logo":{"@type":"ImageObject","inLanguage":"de-DE","@id":"https:\/\/muchogusto.nl\/#\/schema\/logo\/image\/","url":"https:\/\/muchogusto.nl\/wp-content\/uploads\/2022\/08\/logo_header.svg","contentUrl":"https:\/\/muchogusto.nl\/wp-content\/uploads\/2022\/08\/logo_header.svg","caption":"Mucho Gusto"},"image":{"@id":"https:\/\/muchogusto.nl\/#\/schema\/logo\/image\/"},"sameAs":["https:\/\/www.facebook.com\/muchogusto.nl\/","https:\/\/www.instagram.com\/muchogusto.nl\/"]}]}},"_links":{"self":[{"href":"https:\/\/muchogusto.nl\/de\/wp-json\/wp\/v2\/pages\/31448","targetHints":{"allow":["GET"]}}],"collection":[{"href":"https:\/\/muchogusto.nl\/de\/wp-json\/wp\/v2\/pages"}],"about":[{"href":"https:\/\/muchogusto.nl\/de\/wp-json\/wp\/v2\/types\/page"}],"author":[{"embeddable":true,"href":"https:\/\/muchogusto.nl\/de\/wp-json\/wp\/v2\/users\/2"}],"replies":[{"embeddable":true,"href":"https:\/\/muchogusto.nl\/de\/wp-json\/wp\/v2\/comments?post=31448"}],"version-history":[{"count":0,"href":"https:\/\/muchogusto.nl\/de\/wp-json\/wp\/v2\/pages\/31448\/revisions"}],"wp:attachment":[{"href":"https:\/\/muchogusto.nl\/de\/wp-json\/wp\/v2\/media?parent=31448"}],"curies":[{"name":"wp","href":"https:\/\/api.w.org\/{rel}","templated":true}]}}