{"id":30842,"date":"2024-10-18T15:18:37","date_gmt":"2024-10-18T13:18:37","guid":{"rendered":"http:\/\/muchogusto.nl\/jackets\/"},"modified":"2026-03-02T12:02:38","modified_gmt":"2026-03-02T11:02:38","slug":"jacken","status":"publish","type":"page","link":"https:\/\/muchogusto.nl\/de\/jacken\/","title":{"rendered":"Jacken"},"content":{"rendered":"\n<div class=\"wp-block-group alignfull has-padding-small\"><div class=\"wp-block-group__inner-container is-layout-constrained wp-block-group-is-layout-constrained\">\n<h1 class=\"wp-block-heading\" id=\"h-mucho-gusto-jacken\">MUCHO GUSTO<sup>\u00ae<\/sup> Jacken<\/h1>\n\n\n\n<p>A MUCHO GUSTO<sup>\u00ae<\/sup> jacket<\/p>\n\n\n<div class=\"woocommerce columns-4 \"><ul class=\"products columns-4\">\n<li class=\"entry product type-product post-48946 status-publish first instock product_cat-jackets-de product_cat-kleidung has-post-thumbnail sale taxable shipping-taxable purchasable product-type-variable\">\n\t<a href=\"https:\/\/muchogusto.nl\/de\/produkt\/mucho-gusto-jacke-courchevel-leopard\/\" class=\"woocommerce-LoopProduct-link woocommerce-loop-product__link\"><div class=\"tccNote\"><p>Sale<\/p><\/div>\n\t<span class=\"onsale\">Sale!<\/span>\n\t<div class=\"tccImgWrapper\"><img decoding=\"async\" width=\"1920\" height=\"2560\" src=\"https:\/\/muchogusto.nl\/wp-content\/uploads\/2025\/09\/C52COJ999-scaled.jpg\" class=\"attachment-48946 size-48946 wp-post-image\" alt=\"MUCHO GUSTO\u00ae Jacke Courchevel Leopard\" large=\"\" srcset=\"https:\/\/muchogusto.nl\/wp-content\/uploads\/2025\/09\/C52COJ999-scaled.jpg 1920w, https:\/\/muchogusto.nl\/wp-content\/uploads\/2025\/09\/C52COJ999-225x300.jpg 225w, https:\/\/muchogusto.nl\/wp-content\/uploads\/2025\/09\/C52COJ999-768x1024.jpg 768w, https:\/\/muchogusto.nl\/wp-content\/uploads\/2025\/09\/C52COJ999-1152x1536.jpg 1152w, https:\/\/muchogusto.nl\/wp-content\/uploads\/2025\/09\/C52COJ999-1536x2048.jpg 1536w, https:\/\/muchogusto.nl\/wp-content\/uploads\/2025\/09\/C52COJ999-655x873.jpg 655w\" sizes=\"(max-width: 1920px) 100vw, 1920px\" \/><img decoding=\"async\" class=\"tccOverImage\" src=\"https:\/\/muchogusto.nl\/wp-content\/uploads\/2025\/09\/C52COJ999_1-scaled.jpg\" alt=\"MUCHO GUSTO\u00ae Jacke Courchevel Leopard\" \/><div class=\"tccProdCTA\"><h3>SHOP SIZE<\/h3><div class=\"prodSizes\"><span class=\"size\">Variations<\/span><span class=\"size\">XS<\/span><span class=\"size\">S<\/span><span class=\"size\">M<\/span><span class=\"size\">L<\/span><span class=\"size\">XL<\/span><span class=\"size\">XXL<\/span><span class=\"size\">XXXL<\/span><\/div><\/div><\/div><h2 class=\"woocommerce-loop-product__title\">MUCHO GUSTO\u00ae Jacke Courchevel Leopard<\/h2>\n\t<span class=\"price\"><del aria-hidden=\"true\"><span class=\"woocommerce-Price-amount amount\"><bdi><span class=\"woocommerce-Price-currencySymbol\">&euro;<\/span>&nbsp;299,00<\/bdi><\/span><\/del> <ins class=\"tccSaleText\">  <span class=\"woocommerce-Price-amount amount\"><bdi><span class=\"woocommerce-Price-currencySymbol\">&euro;<\/span>&nbsp;208,85<\/bdi><\/span><\/ins><\/span>\n<\/a><div class=\"tccSalePercent\"><p class=\"tccPercent\">30% Rabbatt<\/p><\/div><a href=\"https:\/\/muchogusto.nl\/de\/produkt\/mucho-gusto-jacke-courchevel-leopard\/\" aria-describedby=\"woocommerce_loop_add_to_cart_link_describedby_48946\" data-quantity=\"1\" class=\"button product_type_variable add_to_cart_button\" data-product_id=\"48946\" data-product_sku=\"C52COJ999\" aria-label=\"Select options for &ldquo;MUCHO GUSTO\u00ae Jacke Courchevel Leopard&rdquo;\" rel=\"nofollow\">Gr\u00f6\u00dfe w\u00e4hlen<\/a>\t<span id=\"woocommerce_loop_add_to_cart_link_describedby_48946\" class=\"screen-reader-text\">\n\t\tThis product has multiple variants. The options may be chosen on the product page\t<\/span>\n<span class=\"gtm4wp_productdata\" style=\"display:none; visibility:hidden;\" data-gtm4wp_product_data=\"{&quot;internal_id&quot;:48946,&quot;item_id&quot;:48946,&quot;item_name&quot;:&quot;MUCHO GUSTO\\u00ae Jacke Courchevel Leopard&quot;,&quot;sku&quot;:&quot;C52COJ999&quot;,&quot;price&quot;:208.85,&quot;stocklevel&quot;:null,&quot;stockstatus&quot;:&quot;instock&quot;,&quot;google_business_vertical&quot;:&quot;retail&quot;,&quot;item_category&quot;:&quot;Jackets&quot;,&quot;id&quot;:48946,&quot;productlink&quot;:&quot;https:\\\/\\\/muchogusto.nl\\\/de\\\/produkt\\\/mucho-gusto-jacke-courchevel-leopard\\\/&quot;,&quot;item_list_name&quot;:&quot;General Product List&quot;,&quot;index&quot;:1,&quot;product_type&quot;:&quot;variable&quot;,&quot;item_brand&quot;:&quot;&quot;}\"><\/span><\/li>\n<li class=\"entry product type-product post-49164 status-publish instock product_cat-jackets-de product_cat-kleidung has-post-thumbnail sale taxable shipping-taxable purchasable product-type-variable\">\n\t<a href=\"https:\/\/muchogusto.nl\/de\/produkt\/mucho-gusto-jacket-sankt-moritz\/\" class=\"woocommerce-LoopProduct-link woocommerce-loop-product__link\"><div class=\"tccNote\"><p>Sale<\/p><\/div>\n\t<span class=\"onsale\">Sale!<\/span>\n\t<div class=\"tccImgWrapper\"><img decoding=\"async\" width=\"1920\" height=\"2560\" src=\"https:\/\/muchogusto.nl\/wp-content\/uploads\/2025\/09\/C52SMJ999-1-scaled.jpg\" class=\"attachment-49164 size-49164 wp-post-image\" alt=\"MUCHO GUSTO\u00ae Jacket Sankt Moritz\" large=\"\" srcset=\"https:\/\/muchogusto.nl\/wp-content\/uploads\/2025\/09\/C52SMJ999-1-scaled.jpg 1920w, https:\/\/muchogusto.nl\/wp-content\/uploads\/2025\/09\/C52SMJ999-1-225x300.jpg 225w, https:\/\/muchogusto.nl\/wp-content\/uploads\/2025\/09\/C52SMJ999-1-768x1024.jpg 768w, https:\/\/muchogusto.nl\/wp-content\/uploads\/2025\/09\/C52SMJ999-1-1152x1536.jpg 1152w, https:\/\/muchogusto.nl\/wp-content\/uploads\/2025\/09\/C52SMJ999-1-1536x2048.jpg 1536w, https:\/\/muchogusto.nl\/wp-content\/uploads\/2025\/09\/C52SMJ999-1-655x873.jpg 655w\" sizes=\"(max-width: 1920px) 100vw, 1920px\" \/><img decoding=\"async\" class=\"tccOverImage\" src=\"https:\/\/muchogusto.nl\/wp-content\/uploads\/2025\/09\/C52SMJ999_1-scaled.jpg\" alt=\"MUCHO GUSTO\u00ae Jacket Sankt Moritz\" \/><div class=\"tccProdCTA\"><h3>SHOP SIZE<\/h3><div class=\"prodSizes\"><span class=\"size\">XS<\/span><span class=\"size\">S<\/span><span class=\"size\">M<\/span><span class=\"size\">L<\/span><span class=\"size\">XL<\/span><span class=\"size\">XXL<\/span><span class=\"size\">XXXL<\/span><\/div><\/div><\/div><h2 class=\"woocommerce-loop-product__title\">MUCHO GUSTO\u00ae Jacket Sankt Moritz<\/h2>\n\t<span class=\"price\"><del aria-hidden=\"true\"><span class=\"woocommerce-Price-amount amount\"><bdi><span class=\"woocommerce-Price-currencySymbol\">&euro;<\/span>&nbsp;199,00<\/bdi><\/span><\/del> <ins class=\"tccSaleText\">  <span class=\"woocommerce-Price-amount amount\"><bdi><span class=\"woocommerce-Price-currencySymbol\">&euro;<\/span>&nbsp;138,85<\/bdi><\/span><\/ins><\/span>\n<\/a><div class=\"tccSalePercent\"><p class=\"tccPercent\">30% Rabbatt<\/p><\/div><a href=\"https:\/\/muchogusto.nl\/de\/produkt\/mucho-gusto-jacket-sankt-moritz\/\" aria-describedby=\"woocommerce_loop_add_to_cart_link_describedby_49164\" data-quantity=\"1\" class=\"button product_type_variable add_to_cart_button\" data-product_id=\"49164\" data-product_sku=\"C52SMJ999\" aria-label=\"Select options for &ldquo;MUCHO GUSTO\u00ae Jacket Sankt Moritz&rdquo;\" rel=\"nofollow\">Gr\u00f6\u00dfe w\u00e4hlen<\/a>\t<span id=\"woocommerce_loop_add_to_cart_link_describedby_49164\" class=\"screen-reader-text\">\n\t\tThis product has multiple variants. The options may be chosen on the product page\t<\/span>\n<span class=\"gtm4wp_productdata\" style=\"display:none; visibility:hidden;\" data-gtm4wp_product_data=\"{&quot;internal_id&quot;:49164,&quot;item_id&quot;:49164,&quot;item_name&quot;:&quot;MUCHO GUSTO\\u00ae Jacket Sankt Moritz&quot;,&quot;sku&quot;:&quot;C52SMJ999&quot;,&quot;price&quot;:138.85,&quot;stocklevel&quot;:null,&quot;stockstatus&quot;:&quot;instock&quot;,&quot;google_business_vertical&quot;:&quot;retail&quot;,&quot;item_category&quot;:&quot;Jackets&quot;,&quot;id&quot;:49164,&quot;productlink&quot;:&quot;https:\\\/\\\/muchogusto.nl\\\/de\\\/produkt\\\/mucho-gusto-jacket-sankt-moritz\\\/&quot;,&quot;item_list_name&quot;:&quot;General Product List&quot;,&quot;index&quot;:2,&quot;product_type&quot;:&quot;variable&quot;,&quot;item_brand&quot;:&quot;&quot;}\"><\/span><\/li>\n<li class=\"entry product type-product post-49216 status-publish instock product_cat-jackets-de product_cat-kleidung has-post-thumbnail sale taxable shipping-taxable purchasable product-type-variable\">\n\t<a href=\"https:\/\/muchogusto.nl\/de\/produkt\/mucho-gusto-jacke-tweed-zeitlose-eleganz\/\" class=\"woocommerce-LoopProduct-link woocommerce-loop-product__link\"><div class=\"tccNote\"><p>Sale<\/p><\/div>\n\t<span class=\"onsale\">Sale!<\/span>\n\t<div class=\"tccImgWrapper\"><img decoding=\"async\" width=\"1920\" height=\"2560\" src=\"https:\/\/muchogusto.nl\/wp-content\/uploads\/2025\/09\/C52TWE999-scaled.jpg\" class=\"attachment-49216 size-49216 wp-post-image\" alt=\"MUCHO GUSTO\u00ae Jacke Tweed Zeitlose Eleganz\" large=\"\" srcset=\"https:\/\/muchogusto.nl\/wp-content\/uploads\/2025\/09\/C52TWE999-scaled.jpg 1920w, https:\/\/muchogusto.nl\/wp-content\/uploads\/2025\/09\/C52TWE999-225x300.jpg 225w, https:\/\/muchogusto.nl\/wp-content\/uploads\/2025\/09\/C52TWE999-768x1024.jpg 768w, https:\/\/muchogusto.nl\/wp-content\/uploads\/2025\/09\/C52TWE999-1152x1536.jpg 1152w, https:\/\/muchogusto.nl\/wp-content\/uploads\/2025\/09\/C52TWE999-1536x2048.jpg 1536w, https:\/\/muchogusto.nl\/wp-content\/uploads\/2025\/09\/C52TWE999-655x873.jpg 655w\" sizes=\"(max-width: 1920px) 100vw, 1920px\" \/><img decoding=\"async\" class=\"tccOverImage\" src=\"https:\/\/muchogusto.nl\/wp-content\/uploads\/2025\/09\/C52TWE999_1-scaled.jpg\" alt=\"MUCHO GUSTO\u00ae Jacke Tweed Zeitlose Eleganz\" \/><div class=\"tccProdCTA\"><h3>SHOP SIZE<\/h3><div class=\"prodSizes\"><span class=\"size\">XS<\/span><span class=\"size\">S<\/span><span class=\"size\">M<\/span><span class=\"size\">L<\/span><span class=\"size\">XL<\/span><span class=\"size\">XXL<\/span><span class=\"size\">XXXL<\/span><\/div><\/div><\/div><h2 class=\"woocommerce-loop-product__title\">MUCHO GUSTO\u00ae Jacke Tweed Zeitlose Eleganz<\/h2>\n\t<span class=\"price\"><del aria-hidden=\"true\"><span class=\"woocommerce-Price-amount amount\"><bdi><span class=\"woocommerce-Price-currencySymbol\">&euro;<\/span>&nbsp;159,00<\/bdi><\/span><\/del> <ins class=\"tccSaleText\">  <span class=\"woocommerce-Price-amount amount\"><bdi><span class=\"woocommerce-Price-currencySymbol\">&euro;<\/span>&nbsp;110,85<\/bdi><\/span><\/ins><\/span>\n<\/a><div class=\"tccSalePercent\"><p class=\"tccPercent\">30% Rabbatt<\/p><\/div><a href=\"https:\/\/muchogusto.nl\/de\/produkt\/mucho-gusto-jacke-tweed-zeitlose-eleganz\/\" aria-describedby=\"woocommerce_loop_add_to_cart_link_describedby_49216\" data-quantity=\"1\" class=\"button product_type_variable add_to_cart_button\" data-product_id=\"49216\" data-product_sku=\"C52TWE999\" aria-label=\"Select options for &ldquo;MUCHO GUSTO\u00ae Jacke Tweed Zeitlose Eleganz&rdquo;\" rel=\"nofollow\">Gr\u00f6\u00dfe w\u00e4hlen<\/a>\t<span id=\"woocommerce_loop_add_to_cart_link_describedby_49216\" class=\"screen-reader-text\">\n\t\tThis product has multiple variants. The options may be chosen on the product page\t<\/span>\n<span class=\"gtm4wp_productdata\" style=\"display:none; visibility:hidden;\" data-gtm4wp_product_data=\"{&quot;internal_id&quot;:49216,&quot;item_id&quot;:49216,&quot;item_name&quot;:&quot;MUCHO GUSTO\\u00ae Jacke Tweed Zeitlose Eleganz&quot;,&quot;sku&quot;:&quot;C52TWE999&quot;,&quot;price&quot;:110.85,&quot;stocklevel&quot;:null,&quot;stockstatus&quot;:&quot;instock&quot;,&quot;google_business_vertical&quot;:&quot;retail&quot;,&quot;item_category&quot;:&quot;Jackets&quot;,&quot;id&quot;:49216,&quot;productlink&quot;:&quot;https:\\\/\\\/muchogusto.nl\\\/de\\\/produkt\\\/mucho-gusto-jacke-tweed-zeitlose-eleganz\\\/&quot;,&quot;item_list_name&quot;:&quot;General Product List&quot;,&quot;index&quot;:3,&quot;product_type&quot;:&quot;variable&quot;,&quot;item_brand&quot;:&quot;&quot;}\"><\/span><\/li>\n<\/ul>\n<\/div>\n\n\n\n<p><\/p>\n\n\n\n<h2 class=\"wp-block-heading\" id=\"h-mucho-gusto-jacken-fur-frauen\">MUCHO GUSTO<sup>\u00ae<\/sup> Jacken f\u00fcr Frauen<\/h2>\n\n\n\n<p>Eine MUCHO GUSTO<sup>\u00ae<\/sup>-Jacke wird aus den hochwertigsten Materialien wie Viskose und sehr exklusiver Seide hergestellt. Wir arbeiten ausschlie\u00dflich mit den besten in Europa verf\u00fcgbaren Materialien. Dies f\u00fchrt zu einem unvergleichlichen Qualit\u00e4tserlebnis, das sich auch in der hochwertigen Verarbeitung widerspiegelt. Erlebe selbst das exklusive Gef\u00fchl, das dir nur eine MUCHO GUSTO<sup>\u00ae<\/sup>-Jacke bieten kann. Vervollst\u00e4ndige dieses Gef\u00fchl, indem du dein Outfit mit einem passenden und exklusiven\u00a0<a href=\"https:\/\/muchogusto.nl\/de\/schals\/\">MUCHO GUSTO<sup>\u00ae<\/sup>-Schal<\/a>,\u00a0<a href=\"https:\/\/muchogusto.nl\/de\/blusen\/\">Blusen<\/a>,\u00a0<a href=\"https:\/\/muchogusto.nl\/de\/kleider\/\">Kleidern<\/a>\u00a0oder\u00a0<a href=\"https:\/\/muchogusto.nl\/de\/hosen\/\">Hosen<\/a>\u00a0abrundest.<\/p>\n\n\n\n<p>Bestelle deine MUCHO GUSTO<sup>\u00ae<\/sup>-Jacken in unserem offiziellen Online-Shop. Wir bieten nur den besten Service. In unserem Online-Shop findest du nicht nur das aktuellste und vollst\u00e4ndigste Sortiment an MUCHO GUSTO<sup>\u00ae<\/sup>-Jacken, wir bieten auch kostenlosen Versand f\u00fcr alle Produkte an. Deine Jacke wird in unserer exklusiven Verpackung pers\u00f6nlich f\u00fcr dich verpackt. Auch eine Geschenkverpackung ist m\u00f6glich. So ist eine MUCHO GUSTO<sup>\u00ae<\/sup>-Jacke auch das ideale Geschenk f\u00fcr dich selbst oder jemand anderen. Lass dich von unserer neuen Kollektion begeistern und bestelle direkt online. Wenn du Fragen zu einer unserer Jacken hast, helfen wir dir gerne weiter.&nbsp;<a href=\"https:\/\/muchogusto.nl\/de\/kontakt\/\">Kontaktiere<\/a>&nbsp;uns einfach. Unsere Modeexperten sind f\u00fcr dich da.<\/p>\n\n\n\n<p><\/p>\n<\/div><\/div>\n\n\n\n<p><\/p>\n","protected":false},"excerpt":{"rendered":"<p>MUCHO GUSTO\u00ae Jacken A MUCHO GUSTO\u00ae jacket MUCHO GUSTO\u00ae Jacken f\u00fcr Frauen Eine MUCHO GUSTO\u00ae-Jacke wird aus den hochwertigsten Materialien wie Viskose und sehr exklusiver Seide hergestellt. Wir arbeiten ausschlie\u00dflich mit den besten in Europa verf\u00fcgbaren Materialien. Dies f\u00fchrt zu einem unvergleichlichen Qualit\u00e4tserlebnis, das sich auch in der hochwertigen Verarbeitung widerspiegelt. Erlebe selbst das exklusive [&hellip;]<\/p>\n","protected":false},"author":2,"featured_media":0,"parent":0,"menu_order":0,"comment_status":"closed","ping_status":"closed","template":"","meta":{"_acf_changed":false,"inline_featured_image":false,"navigation_state":false,"_genesis_hide_title":false,"_genesis_hide_breadcrumbs":false,"_genesis_hide_singular_image":false,"_genesis_hide_footer_widgets":false,"_genesis_custom_body_class":"","_genesis_custom_post_class":"","_genesis_layout":"","footnotes":""},"class_list":{"0":"post-30842","1":"page","2":"type-page","3":"status-publish","5":"entry"},"acf":[],"yoast_head":"<!-- This site is optimized with the Yoast SEO Premium plugin v27.2 (Yoast SEO v27.2) - https:\/\/yoast.com\/product\/yoast-seo-premium-wordpress\/ -->\n<title>MUCHO GUSTO\u00ae | Jacken<\/title>\n<meta name=\"description\" content=\"MUCHO GUSTO\u00ae-Jacken. Handgefertigt in Europa. Entdecke unsere neueste Kollektion an Jacken f\u00fcr Frauen. Jetzt versandkostenfrei einkaufen.\" \/>\n<meta name=\"robots\" content=\"index, follow, max-snippet:-1, max-image-preview:large, max-video-preview:-1\" \/>\n<link rel=\"canonical\" href=\"https:\/\/muchogusto.nl\/de\/jacken\/\" \/>\n<meta property=\"og:locale\" content=\"de_DE\" \/>\n<meta property=\"og:type\" content=\"article\" \/>\n<meta property=\"og:title\" content=\"Jacken\" \/>\n<meta property=\"og:description\" content=\"MUCHO GUSTO\u00ae-Jacken. Handgefertigt in Europa. Entdecke unsere neueste Kollektion an Jacken f\u00fcr Frauen. Jetzt versandkostenfrei einkaufen.\" \/>\n<meta property=\"og:url\" content=\"https:\/\/muchogusto.nl\/de\/jacken\/\" \/>\n<meta property=\"og:site_name\" content=\"Mucho Gusto\" \/>\n<meta property=\"article:publisher\" content=\"https:\/\/www.facebook.com\/muchogusto.nl\/\" \/>\n<meta property=\"article:modified_time\" content=\"2026-03-02T11:02:38+00:00\" \/>\n<meta name=\"twitter:card\" content=\"summary_large_image\" \/>\n<meta name=\"twitter:label1\" content=\"Est. reading time\" \/>\n\t<meta name=\"twitter:data1\" content=\"1 minute\" \/>\n<script type=\"application\/ld+json\" class=\"yoast-schema-graph\">{\"@context\":\"https:\/\/schema.org\",\"@graph\":[{\"@type\":\"WebPage\",\"@id\":\"https:\/\/muchogusto.nl\/de\/jacken\/\",\"url\":\"https:\/\/muchogusto.nl\/de\/jacken\/\",\"name\":\"MUCHO GUSTO\u00ae | Jacken\",\"isPartOf\":{\"@id\":\"https:\/\/muchogusto.nl\/#website\"},\"datePublished\":\"2024-10-18T13:18:37+00:00\",\"dateModified\":\"2026-03-02T11:02:38+00:00\",\"description\":\"MUCHO GUSTO\u00ae-Jacken. Handgefertigt in Europa. Entdecke unsere neueste Kollektion an Jacken f\u00fcr Frauen. Jetzt versandkostenfrei einkaufen.\",\"breadcrumb\":{\"@id\":\"https:\/\/muchogusto.nl\/de\/jacken\/#breadcrumb\"},\"inLanguage\":\"de-DE\",\"potentialAction\":[{\"@type\":\"ReadAction\",\"target\":[\"https:\/\/muchogusto.nl\/de\/jacken\/\"]}]},{\"@type\":\"BreadcrumbList\",\"@id\":\"https:\/\/muchogusto.nl\/de\/jacken\/#breadcrumb\",\"itemListElement\":[{\"@type\":\"ListItem\",\"position\":1,\"name\":\"Home\",\"item\":\"https:\/\/muchogusto.nl\/de\/\"},{\"@type\":\"ListItem\",\"position\":2,\"name\":\"Jacken\"}]},{\"@type\":\"WebSite\",\"@id\":\"https:\/\/muchogusto.nl\/#website\",\"url\":\"https:\/\/muchogusto.nl\/\",\"name\":\"muchogusto.nl\",\"description\":\"\",\"publisher\":{\"@id\":\"https:\/\/muchogusto.nl\/#organization\"},\"potentialAction\":[{\"@type\":\"SearchAction\",\"target\":{\"@type\":\"EntryPoint\",\"urlTemplate\":\"https:\/\/muchogusto.nl\/?s={search_term_string}\"},\"query-input\":{\"@type\":\"PropertyValueSpecification\",\"valueRequired\":true,\"valueName\":\"search_term_string\"}}],\"inLanguage\":\"de-DE\"},{\"@type\":\"Organization\",\"@id\":\"https:\/\/muchogusto.nl\/#organization\",\"name\":\"Mucho Gusto\",\"url\":\"https:\/\/muchogusto.nl\/\",\"logo\":{\"@type\":\"ImageObject\",\"inLanguage\":\"de-DE\",\"@id\":\"https:\/\/muchogusto.nl\/#\/schema\/logo\/image\/\",\"url\":\"https:\/\/muchogusto.nl\/wp-content\/uploads\/2022\/08\/logo_header.svg\",\"contentUrl\":\"https:\/\/muchogusto.nl\/wp-content\/uploads\/2022\/08\/logo_header.svg\",\"caption\":\"Mucho Gusto\"},\"image\":{\"@id\":\"https:\/\/muchogusto.nl\/#\/schema\/logo\/image\/\"},\"sameAs\":[\"https:\/\/www.facebook.com\/muchogusto.nl\/\",\"https:\/\/www.instagram.com\/muchogusto.nl\/\"]}]}<\/script>\n<!-- \/ Yoast SEO Premium plugin. -->","yoast_head_json":{"title":"MUCHO GUSTO\u00ae | Jacken","description":"MUCHO GUSTO\u00ae-Jacken. Handgefertigt in Europa. Entdecke unsere neueste Kollektion an Jacken f\u00fcr Frauen. Jetzt versandkostenfrei einkaufen.","robots":{"index":"index","follow":"follow","max-snippet":"max-snippet:-1","max-image-preview":"max-image-preview:large","max-video-preview":"max-video-preview:-1"},"canonical":"https:\/\/muchogusto.nl\/de\/jacken\/","og_locale":"de_DE","og_type":"article","og_title":"Jacken","og_description":"MUCHO GUSTO\u00ae-Jacken. Handgefertigt in Europa. Entdecke unsere neueste Kollektion an Jacken f\u00fcr Frauen. Jetzt versandkostenfrei einkaufen.","og_url":"https:\/\/muchogusto.nl\/de\/jacken\/","og_site_name":"Mucho Gusto","article_publisher":"https:\/\/www.facebook.com\/muchogusto.nl\/","article_modified_time":"2026-03-02T11:02:38+00:00","twitter_card":"summary_large_image","twitter_misc":{"Est. reading time":"1 minute"},"schema":{"@context":"https:\/\/schema.org","@graph":[{"@type":"WebPage","@id":"https:\/\/muchogusto.nl\/de\/jacken\/","url":"https:\/\/muchogusto.nl\/de\/jacken\/","name":"MUCHO GUSTO\u00ae | Jacken","isPartOf":{"@id":"https:\/\/muchogusto.nl\/#website"},"datePublished":"2024-10-18T13:18:37+00:00","dateModified":"2026-03-02T11:02:38+00:00","description":"MUCHO GUSTO\u00ae-Jacken. Handgefertigt in Europa. Entdecke unsere neueste Kollektion an Jacken f\u00fcr Frauen. Jetzt versandkostenfrei einkaufen.","breadcrumb":{"@id":"https:\/\/muchogusto.nl\/de\/jacken\/#breadcrumb"},"inLanguage":"de-DE","potentialAction":[{"@type":"ReadAction","target":["https:\/\/muchogusto.nl\/de\/jacken\/"]}]},{"@type":"BreadcrumbList","@id":"https:\/\/muchogusto.nl\/de\/jacken\/#breadcrumb","itemListElement":[{"@type":"ListItem","position":1,"name":"Home","item":"https:\/\/muchogusto.nl\/de\/"},{"@type":"ListItem","position":2,"name":"Jacken"}]},{"@type":"WebSite","@id":"https:\/\/muchogusto.nl\/#website","url":"https:\/\/muchogusto.nl\/","name":"muchogusto.nl","description":"","publisher":{"@id":"https:\/\/muchogusto.nl\/#organization"},"potentialAction":[{"@type":"SearchAction","target":{"@type":"EntryPoint","urlTemplate":"https:\/\/muchogusto.nl\/?s={search_term_string}"},"query-input":{"@type":"PropertyValueSpecification","valueRequired":true,"valueName":"search_term_string"}}],"inLanguage":"de-DE"},{"@type":"Organization","@id":"https:\/\/muchogusto.nl\/#organization","name":"Mucho Gusto","url":"https:\/\/muchogusto.nl\/","logo":{"@type":"ImageObject","inLanguage":"de-DE","@id":"https:\/\/muchogusto.nl\/#\/schema\/logo\/image\/","url":"https:\/\/muchogusto.nl\/wp-content\/uploads\/2022\/08\/logo_header.svg","contentUrl":"https:\/\/muchogusto.nl\/wp-content\/uploads\/2022\/08\/logo_header.svg","caption":"Mucho Gusto"},"image":{"@id":"https:\/\/muchogusto.nl\/#\/schema\/logo\/image\/"},"sameAs":["https:\/\/www.facebook.com\/muchogusto.nl\/","https:\/\/www.instagram.com\/muchogusto.nl\/"]}]}},"_links":{"self":[{"href":"https:\/\/muchogusto.nl\/de\/wp-json\/wp\/v2\/pages\/30842","targetHints":{"allow":["GET"]}}],"collection":[{"href":"https:\/\/muchogusto.nl\/de\/wp-json\/wp\/v2\/pages"}],"about":[{"href":"https:\/\/muchogusto.nl\/de\/wp-json\/wp\/v2\/types\/page"}],"author":[{"embeddable":true,"href":"https:\/\/muchogusto.nl\/de\/wp-json\/wp\/v2\/users\/2"}],"replies":[{"embeddable":true,"href":"https:\/\/muchogusto.nl\/de\/wp-json\/wp\/v2\/comments?post=30842"}],"version-history":[{"count":4,"href":"https:\/\/muchogusto.nl\/de\/wp-json\/wp\/v2\/pages\/30842\/revisions"}],"predecessor-version":[{"id":54513,"href":"https:\/\/muchogusto.nl\/de\/wp-json\/wp\/v2\/pages\/30842\/revisions\/54513"}],"wp:attachment":[{"href":"https:\/\/muchogusto.nl\/de\/wp-json\/wp\/v2\/media?parent=30842"}],"curies":[{"name":"wp","href":"https:\/\/api.w.org\/{rel}","templated":true}]}}